{"id":2902,"date":"2021-08-17T19:21:41","date_gmt":"2021-08-17T18:21:41","guid":{"rendered":"https:\/\/folliamala.ch\/?page_id=2902"},"modified":"2024-12-17T01:42:35","modified_gmt":"2024-12-16T23:42:35","slug":"agb","status":"publish","type":"page","link":"https:\/\/folliamala.ch\/en\/agb\/","title":{"rendered":"AGB"},"content":{"rendered":"<div data-elementor-type=\"wp-page\" data-elementor-id=\"2902\" class=\"elementor elementor-2902\" data-elementor-post-type=\"page\">\n\t\t\t\t\t\t<section class=\"elementor-section elementor-top-section elementor-element elementor-element-2a4dcc2 elementor-section-boxed elementor-section-height-default elementor-section-height-default\" data-id=\"2a4dcc2\" data-element_type=\"section\" data-e-type=\"section\" data-settings=\"{&quot;background_background&quot;:&quot;classic&quot;}\">\n\t\t\t\t\t\t<div class=\"elementor-container elementor-column-gap-default\">\n\t\t\t\t\t<div class=\"elementor-column elementor-col-100 elementor-top-column elementor-element elementor-element-649aa97\" data-id=\"649aa97\" data-element_type=\"column\" data-e-type=\"column\">\n\t\t\t<div class=\"elementor-widget-wrap elementor-element-populated\">\n\t\t\t\t\t\t<div class=\"elementor-element elementor-element-ba1253e elementor-widget elementor-widget-spacer\" data-id=\"ba1253e\" data-element_type=\"widget\" data-e-type=\"widget\" data-widget_type=\"spacer.default\">\n\t\t\t\t<div class=\"elementor-widget-container\">\n\t\t\t\t\t\t\t<div class=\"elementor-spacer\">\n\t\t\t<div class=\"elementor-spacer-inner\"><\/div>\n\t\t<\/div>\n\t\t\t\t\t\t<\/div>\n\t\t\t\t<\/div>\n\t\t\t\t\t<\/div>\n\t\t<\/div>\n\t\t\t\t\t<\/div>\n\t\t<\/section>\n\t\t\t\t<section class=\"elementor-section elementor-top-section elementor-element elementor-element-387dc03 elementor-section-boxed elementor-section-height-default elementor-section-height-default\" data-id=\"387dc03\" data-element_type=\"section\" data-e-type=\"section\">\n\t\t\t\t\t\t<div class=\"elementor-container elementor-column-gap-default\">\n\t\t\t\t\t<div class=\"elementor-column elementor-col-100 elementor-top-column elementor-element elementor-element-3b120c5\" data-id=\"3b120c5\" data-element_type=\"column\" data-e-type=\"column\">\n\t\t\t<div class=\"elementor-widget-wrap elementor-element-populated\">\n\t\t\t\t\t\t<div class=\"elementor-element elementor-element-1e80e49 elementor-widget elementor-widget-heading\" data-id=\"1e80e49\" data-element_type=\"widget\" data-e-type=\"widget\" data-widget_type=\"heading.default\">\n\t\t\t\t<div class=\"elementor-widget-container\">\n\t\t\t\t\t<h3 class=\"elementor-heading-title elementor-size-default\">General Terms and Conditions<\/h3>\t\t\t\t<\/div>\n\t\t\t\t<\/div>\n\t\t\t\t<div class=\"elementor-element elementor-element-8cd24f1 elementor-widget elementor-widget-text-editor\" data-id=\"8cd24f1\" data-element_type=\"widget\" data-e-type=\"widget\" data-widget_type=\"text-editor.default\">\n\t\t\t\t<div class=\"elementor-widget-container\">\n\t\t\t\t\t\t\t\t\t<p><strong>1. general information<\/strong><br \/>The following GTC apply to all contracts, deliveries and other services. Folliamala hereby expressly rejects all deviating provisions of the contractual partners. Deviations from the general terms and conditions shall only be valid if Folliamala agrees to them in writing.<\/p><p>\u00a0<\/p><p><strong>2. conclusion of contract<br \/><\/strong>The offer from Folliamala is non-binding. Minor deviations and technical changes to the images (colour, dimensions etc.) or descriptions displayed in the shop are possible. By clicking on the \u201eBuy\u201c button at the end of the ordering process, a binding order is placed for the goods in the shopping basket. Folliamala will immediately inform you of the receipt of the order by means of an automated e-mail. This automated e-mail confirms that the purchase contract has been concluded.<\/p><p>\u00a0<\/p><p><strong>3. prices<\/strong><br \/>All prices shown are retail prices in Switzerland. The purchase price is payable in advance by bank transfer upon conclusion of the contract.<\/p><p>\u00a0<\/p><p><strong>4. payment<\/strong><br \/>Each order will only be dispatched with advance payment. Exceptions are direct agreements with Folliamala.<\/p><p>\u00a0<\/p><p><strong>5. shipping costs<\/strong><br \/>We dispatch ordered articles exclusively with A Mail, according to the listed shipping costs. Free delivery within Switzerland.<br \/>Please note: When shipping to other countries, customs clearance costs are not included in the shipping costs. Customs duties, taxes and other fees may be incurred for deliveries abroad. These costs are to be borne by the buyer. Folliamala does not assume any customs duties, taxes and other fees. In the event of any customs clearance in the recipient's country, all details must be provided by the recipient.<\/p><p>\u00a0<\/p><p><strong>6. payment in Switzerland<\/strong><br \/>Payment for orders can be made in the following ways: Prepayment (Twint, credit card) or bank transfer to the Folliamala business account.<\/p><p>\u00a0<\/p><p><strong>7. payment from abroad<br \/><\/strong>Payments from abroad are only possible with advance payment.<\/p><p>\u00a0<\/p><p><strong>8. delivery<\/strong><br \/>The goods you have ordered will be dispatched to you as quickly as possible. If delivery is delayed, please be patient. We will inform you in the event of longer waiting times.<\/p><p>\u00a0<\/p><p><strong>9. right of return<\/strong><br \/>A right of return exists only for goods from the shop within 5 days. There is no right of return for jewellery made according to individual wishes and specifications. As the stones are a natural product, there may be slight variations in colour, texture and colour. This does not constitute grounds for complaint. All costs incurred in connection with the return of goods to Folliamala will not be borne by Folliamala.<\/p><p>\u00a0<\/p><p><strong>10 Warranty\/liability<br \/><\/strong>If the items ordered from us have serious material or manufacturing defects, please make a complaint immediately upon receipt.\u00a0<\/p><p>\u00a0<\/p><p><strong>11. conditions to the contrary<br \/><\/strong>In the event of any conflict between these GTC and any existing terms and conditions of purchase of the Buyer, recourse shall be made to the statutory provisions. Non-contradictory parts of these GTC shall remain unaffected by this.<\/p><p>\u00a0<\/p><p><strong>12. copyright<br \/><\/strong>Changes to these General Terms and Conditions (GTC) are possible at any time. Therefore, the GTC valid at the time of the order apply to all contracts. All images and texts are protected by copyright and may not be used without the consent of Folliamala.<\/p><p>\u00a0<\/p><p><strong>13. place of fulfilment &amp; jurisdiction<br \/><\/strong>The place of fulfilment and jurisdiction for all mutual legal relationships is Zurich\/Switzerland.<\/p>\t\t\t\t\t\t\t\t<\/div>\n\t\t\t\t<\/div>\n\t\t\t\t\t<\/div>\n\t\t<\/div>\n\t\t\t\t\t<\/div>\n\t\t<\/section>\n\t\t\t\t<section class=\"elementor-section elementor-top-section elementor-element elementor-element-4079dbf elementor-section-boxed elementor-section-height-default elementor-section-height-default\" data-id=\"4079dbf\" data-element_type=\"section\" data-e-type=\"section\" data-settings=\"{&quot;background_background&quot;:&quot;classic&quot;}\">\n\t\t\t\t\t\t<div class=\"elementor-container elementor-column-gap-default\">\n\t\t\t\t\t<div class=\"elementor-column elementor-col-100 elementor-top-column elementor-element elementor-element-562f9d0\" data-id=\"562f9d0\" data-element_type=\"column\" data-e-type=\"column\">\n\t\t\t<div class=\"elementor-widget-wrap elementor-element-populated\">\n\t\t\t\t\t\t<div class=\"elementor-element elementor-element-7726cac elementor-widget elementor-widget-spacer\" data-id=\"7726cac\" data-element_type=\"widget\" data-e-type=\"widget\" data-widget_type=\"spacer.default\">\n\t\t\t\t<div class=\"elementor-widget-container\">\n\t\t\t\t\t\t\t<div class=\"elementor-spacer\">\n\t\t\t<div class=\"elementor-spacer-inner\"><\/div>\n\t\t<\/div>\n\t\t\t\t\t\t<\/div>\n\t\t\t\t<\/div>\n\t\t\t\t\t<\/div>\n\t\t<\/div>\n\t\t\t\t\t<\/div>\n\t\t<\/section>\n\t\t\t\t<\/div>","protected":false},"excerpt":{"rendered":"<p>Allgemeine Gesch\u00e4ftsbedingungen 1. AllgemeinesDie nachstehenden AGB gelten f\u00fcr alle Vertr\u00e4ge, Lieferungen und sonstigen Leistungen. Alle abweichenden Vorschriften der Vertragspartner widerspricht Folliamala hiermit ausdr\u00fccklich. Abweichungen zu den allgemeinen Gesch\u00e4ftsbedingungen bekommen nur G\u00fcltigkeit, wenn Folliamala diesen schriftlich zustimmt. \u00a0 2. VertragsabschlussDas Angebot von Folliamala ist unverbindlich. Kleine Abweichungen und technische \u00c4nderungen der im Shop angezeigten Abbildungen (Farbe, [&hellip;]<\/p>\n","protected":false},"author":1,"featured_media":0,"parent":0,"menu_order":0,"comment_status":"closed","ping_status":"closed","template":"","meta":{"site-sidebar-layout":"no-sidebar","site-content-layout":"page-builder","ast-site-content-layout":"default","site-content-style":"default","site-sidebar-style":"default","ast-global-header-display":"","ast-banner-title-visibility":"","ast-main-header-display":"","ast-hfb-above-header-display":"","ast-hfb-below-header-display":"","ast-hfb-mobile-header-display":"","site-post-title":"disabled","ast-breadcrumbs-content":"","ast-featured-img":"disabled","footer-sml-layout":"","ast-disable-related-posts":"","theme-transparent-header-meta":"default","adv-header-id-meta":"","stick-header-meta":"","header-above-stick-meta":"","header-main-stick-meta":"","header-below-stick-meta":"","astra-migrate-meta-layouts":"default","ast-page-background-enabled":"default","ast-page-background-meta":{"desktop":{"background-color":"","background-image":"","background-repeat":"repeat","background-position":"center center","background-size":"auto","background-attachment":"scroll","background-type":"","background-media":"","overlay-type":"","overlay-color":"","overlay-opacity":"","overlay-gradient":""},"tablet":{"background-color":"","background-image":"","background-repeat":"repeat","background-position":"center center","background-size":"auto","background-attachment":"scroll","background-type":"","background-media":"","overlay-type":"","overlay-color":"","overlay-opacity":"","overlay-gradient":""},"mobile":{"background-color":"","background-image":"","background-repeat":"repeat","background-position":"center center","background-size":"auto","background-attachment":"scroll","background-type":"","background-media":"","overlay-type":"","overlay-color":"","overlay-opacity":"","overlay-gradient":""}},"ast-content-background-meta":{"desktop":{"background-color":"var(--ast-global-color-5)","background-image":"","background-repeat":"repeat","background-position":"center center","background-size":"auto","background-attachment":"scroll","background-type":"","background-media":"","overlay-type":"","overlay-color":"","overlay-opacity":"","overlay-gradient":""},"tablet":{"background-color":"var(--ast-global-color-5)","background-image":"","background-repeat":"repeat","background-position":"center center","background-size":"auto","background-attachment":"scroll","background-type":"","background-media":"","overlay-type":"","overlay-color":"","overlay-opacity":"","overlay-gradient":""},"mobile":{"background-color":"var(--ast-global-color-5)","background-image":"","background-repeat":"repeat","background-position":"center center","background-size":"auto","background-attachment":"scroll","background-type":"","background-media":"","overlay-type":"","overlay-color":"","overlay-opacity":"","overlay-gradient":""}},"_glsr_average":0,"_glsr_ranking":0,"_glsr_reviews":0,"footnotes":""},"class_list":["post-2902","page","type-page","status-publish","hentry"],"yoast_head":"<!-- This site is optimized with the Yoast SEO plugin v27.4 - https:\/\/yoast.com\/product\/yoast-seo-wordpress\/ -->\n<title>AGB &#8211; Folliamala<\/title>\n<meta name=\"description\" content=\"Allgemeine Gesch\u00e4ftsbedingungen von Folliamala\" \/>\n<meta name=\"robots\" content=\"index, follow, max-snippet:-1, max-image-preview:large, max-video-preview:-1\" \/>\n<link rel=\"canonical\" href=\"https:\/\/folliamala.ch\/en\/agb\/\" \/>\n<meta property=\"og:locale\" content=\"en_GB\" \/>\n<meta property=\"og:type\" content=\"article\" \/>\n<meta property=\"og:title\" content=\"AGB &#8211; Folliamala\" \/>\n<meta property=\"og:description\" content=\"Allgemeine Gesch\u00e4ftsbedingungen von Folliamala\" \/>\n<meta property=\"og:url\" content=\"https:\/\/folliamala.ch\/en\/agb\/\" \/>\n<meta property=\"og:site_name\" content=\"Folliamala\" \/>\n<meta property=\"article:publisher\" content=\"https:\/\/www.facebook.com\/folliamala\/\" \/>\n<meta property=\"article:modified_time\" content=\"2024-12-16T23:42:35+00:00\" \/>\n<meta property=\"og:image\" content=\"https:\/\/folliamala.ch\/wp-content\/uploads\/2022\/01\/Meditation_mit_Malakette.jpg\" \/>\n\t<meta property=\"og:image:width\" content=\"1200\" \/>\n\t<meta property=\"og:image:height\" content=\"900\" \/>\n\t<meta property=\"og:image:type\" content=\"image\/jpeg\" \/>\n<meta name=\"twitter:card\" content=\"summary_large_image\" \/>\n<meta name=\"twitter:label1\" content=\"Estimated reading time\" \/>\n\t<meta name=\"twitter:data1\" content=\"3 minutes\" \/>\n<script type=\"application\/ld+json\" class=\"yoast-schema-graph\">{\"@context\":\"https:\\\/\\\/schema.org\",\"@graph\":[{\"@type\":\"WebPage\",\"@id\":\"https:\\\/\\\/folliamala.ch\\\/agb\\\/\",\"url\":\"https:\\\/\\\/folliamala.ch\\\/agb\\\/\",\"name\":\"AGB &#8211; Folliamala\",\"isPartOf\":{\"@id\":\"https:\\\/\\\/folliamala.ch\\\/#website\"},\"datePublished\":\"2021-08-17T18:21:41+00:00\",\"dateModified\":\"2024-12-16T23:42:35+00:00\",\"description\":\"Allgemeine Gesch\u00e4ftsbedingungen von Folliamala\",\"breadcrumb\":{\"@id\":\"https:\\\/\\\/folliamala.ch\\\/agb\\\/#breadcrumb\"},\"inLanguage\":\"en-GB\",\"potentialAction\":[{\"@type\":\"ReadAction\",\"target\":[\"https:\\\/\\\/folliamala.ch\\\/agb\\\/\"]}]},{\"@type\":\"BreadcrumbList\",\"@id\":\"https:\\\/\\\/folliamala.ch\\\/agb\\\/#breadcrumb\",\"itemListElement\":[{\"@type\":\"ListItem\",\"position\":1,\"name\":\"Startseite\",\"item\":\"https:\\\/\\\/folliamala.ch\\\/\"},{\"@type\":\"ListItem\",\"position\":2,\"name\":\"AGB\"}]},{\"@type\":\"WebSite\",\"@id\":\"https:\\\/\\\/folliamala.ch\\\/#website\",\"url\":\"https:\\\/\\\/folliamala.ch\\\/\",\"name\":\"Folliamala\",\"description\":\"Mala Ketten &amp; Armb\u00e4nder\",\"publisher\":{\"@id\":\"https:\\\/\\\/folliamala.ch\\\/#organization\"},\"potentialAction\":[{\"@type\":\"SearchAction\",\"target\":{\"@type\":\"EntryPoint\",\"urlTemplate\":\"https:\\\/\\\/folliamala.ch\\\/?s={search_term_string}\"},\"query-input\":{\"@type\":\"PropertyValueSpecification\",\"valueRequired\":true,\"valueName\":\"search_term_string\"}}],\"inLanguage\":\"en-GB\"},{\"@type\":\"Organization\",\"@id\":\"https:\\\/\\\/folliamala.ch\\\/#organization\",\"name\":\"Folliamala\",\"url\":\"https:\\\/\\\/folliamala.ch\\\/\",\"logo\":{\"@type\":\"ImageObject\",\"inLanguage\":\"en-GB\",\"@id\":\"https:\\\/\\\/folliamala.ch\\\/#\\\/schema\\\/logo\\\/image\\\/\",\"url\":\"https:\\\/\\\/folliamala.ch\\\/wp-content\\\/uploads\\\/2021\\\/08\\\/folliamala_logo.png\",\"contentUrl\":\"https:\\\/\\\/folliamala.ch\\\/wp-content\\\/uploads\\\/2021\\\/08\\\/folliamala_logo.png\",\"width\":529,\"height\":109,\"caption\":\"Folliamala\"},\"image\":{\"@id\":\"https:\\\/\\\/folliamala.ch\\\/#\\\/schema\\\/logo\\\/image\\\/\"},\"sameAs\":[\"https:\\\/\\\/www.facebook.com\\\/folliamala\\\/\",\"https:\\\/\\\/www.instagram.com\\\/folliamala\\\/\",\"https:\\\/\\\/www.pinterest.de\\\/folliamala\\\/\"]}]}<\/script>\n<!-- \/ Yoast SEO plugin. -->","yoast_head_json":{"title":"AGB - Folliamala","description":"General Terms and Conditions of Folliamala","robots":{"index":"index","follow":"follow","max-snippet":"max-snippet:-1","max-image-preview":"max-image-preview:large","max-video-preview":"max-video-preview:-1"},"canonical":"https:\/\/folliamala.ch\/en\/agb\/","og_locale":"en_GB","og_type":"article","og_title":"AGB &#8211; Folliamala","og_description":"Allgemeine Gesch\u00e4ftsbedingungen von Folliamala","og_url":"https:\/\/folliamala.ch\/en\/agb\/","og_site_name":"Folliamala","article_publisher":"https:\/\/www.facebook.com\/folliamala\/","article_modified_time":"2024-12-16T23:42:35+00:00","og_image":[{"width":1200,"height":900,"url":"https:\/\/folliamala.ch\/wp-content\/uploads\/2022\/01\/Meditation_mit_Malakette.jpg","type":"image\/jpeg"}],"twitter_card":"summary_large_image","twitter_misc":{"Estimated reading time":"3 minutes"},"schema":{"@context":"https:\/\/schema.org","@graph":[{"@type":"WebPage","@id":"https:\/\/folliamala.ch\/agb\/","url":"https:\/\/folliamala.ch\/agb\/","name":"AGB - Folliamala","isPartOf":{"@id":"https:\/\/folliamala.ch\/#website"},"datePublished":"2021-08-17T18:21:41+00:00","dateModified":"2024-12-16T23:42:35+00:00","description":"General Terms and Conditions of Folliamala","breadcrumb":{"@id":"https:\/\/folliamala.ch\/agb\/#breadcrumb"},"inLanguage":"en-GB","potentialAction":[{"@type":"ReadAction","target":["https:\/\/folliamala.ch\/agb\/"]}]},{"@type":"BreadcrumbList","@id":"https:\/\/folliamala.ch\/agb\/#breadcrumb","itemListElement":[{"@type":"ListItem","position":1,"name":"Startseite","item":"https:\/\/folliamala.ch\/"},{"@type":"ListItem","position":2,"name":"AGB"}]},{"@type":"WebSite","@id":"https:\/\/folliamala.ch\/#website","url":"https:\/\/folliamala.ch\/","name":"Folliamala","description":"Mala necklaces &amp; bracelets","publisher":{"@id":"https:\/\/folliamala.ch\/#organization"},"potentialAction":[{"@type":"SearchAction","target":{"@type":"EntryPoint","urlTemplate":"https:\/\/folliamala.ch\/?s={search_term_string}"},"query-input":{"@type":"PropertyValueSpecification","valueRequired":true,"valueName":"search_term_string"}}],"inLanguage":"en-GB"},{"@type":"Organization","@id":"https:\/\/folliamala.ch\/#organization","name":"Folliamala","url":"https:\/\/folliamala.ch\/","logo":{"@type":"ImageObject","inLanguage":"en-GB","@id":"https:\/\/folliamala.ch\/#\/schema\/logo\/image\/","url":"https:\/\/folliamala.ch\/wp-content\/uploads\/2021\/08\/folliamala_logo.png","contentUrl":"https:\/\/folliamala.ch\/wp-content\/uploads\/2021\/08\/folliamala_logo.png","width":529,"height":109,"caption":"Folliamala"},"image":{"@id":"https:\/\/folliamala.ch\/#\/schema\/logo\/image\/"},"sameAs":["https:\/\/www.facebook.com\/folliamala\/","https:\/\/www.instagram.com\/folliamala\/","https:\/\/www.pinterest.de\/folliamala\/"]}]}},"_links":{"self":[{"href":"https:\/\/folliamala.ch\/en\/wp-json\/wp\/v2\/pages\/2902","targetHints":{"allow":["GET"]}}],"collection":[{"href":"https:\/\/folliamala.ch\/en\/wp-json\/wp\/v2\/pages"}],"about":[{"href":"https:\/\/folliamala.ch\/en\/wp-json\/wp\/v2\/types\/page"}],"author":[{"embeddable":true,"href":"https:\/\/folliamala.ch\/en\/wp-json\/wp\/v2\/users\/1"}],"replies":[{"embeddable":true,"href":"https:\/\/folliamala.ch\/en\/wp-json\/wp\/v2\/comments?post=2902"}],"version-history":[{"count":33,"href":"https:\/\/folliamala.ch\/en\/wp-json\/wp\/v2\/pages\/2902\/revisions"}],"predecessor-version":[{"id":11646,"href":"https:\/\/folliamala.ch\/en\/wp-json\/wp\/v2\/pages\/2902\/revisions\/11646"}],"wp:attachment":[{"href":"https:\/\/folliamala.ch\/en\/wp-json\/wp\/v2\/media?parent=2902"}],"curies":[{"name":"wp","href":"https:\/\/api.w.org\/{rel}","templated":true}]}}