{"id":10325,"date":"2023-12-05T21:05:06","date_gmt":"2023-12-05T19:05:06","guid":{"rendered":"https:\/\/folliamala.ch\/?post_type=product&#038;p=10325"},"modified":"2025-08-23T17:51:51","modified_gmt":"2025-08-23T15:51:51","slug":"die-klare","status":"publish","type":"product","link":"https:\/\/folliamala.ch\/en\/product\/die-klare\/","title":{"rendered":"The clear"},"content":{"rendered":"<p><b>Bracelet rock crystal\u00a0<\/b><\/p>\n<p>Of all gemstones, rock crystal is the one that amplifies energies most powerfully. It is one of the most central stones of light. It is correspondingly favourable to high, light-filled energies, while it tends to repel deep, dark energies. Thanks to the help of rock crystal, it is much easier to fulfil inner needs.<\/p>\n<ul>\n<li>Beads: rock crystal, \u00f8 6 mm<\/li>\n<li>Silver intermediate elements<\/li>\n<li>Elasticated stretch rubber band<\/li>\n<li>For wrist circumferences up to and including 17 cm, customisable to desired size<\/li>\n<\/ul>","protected":false},"excerpt":{"rendered":"<p>Bracelet rock crystal<\/p>","protected":false},"featured_media":10306,"template":"","meta":{"site-sidebar-layout":"default","site-content-layout":"","ast-site-content-layout":"default","site-content-style":"default","site-sidebar-style":"default","ast-global-header-display":"","ast-banner-title-visibility":"","ast-main-header-display":"","ast-hfb-above-header-display":"","ast-hfb-below-header-display":"","ast-hfb-mobile-header-display":"","site-post-title":"","ast-breadcrumbs-content":"","ast-featured-img":"","footer-sml-layout":"","ast-disable-related-posts":"","theme-transparent-header-meta":"default","adv-header-id-meta":"","stick-header-meta":"","header-above-stick-meta":"","header-main-stick-meta":"","header-below-stick-meta":"","astra-migrate-meta-layouts":"set","ast-page-background-enabled":"default","ast-page-background-meta":{"desktop":{"background-color":"","background-image":"","background-repeat":"repeat","background-position":"center center","background-size":"auto","background-attachment":"scroll","background-type":"","background-media":"","overlay-type":"","overlay-color":"","overlay-opacity":"","overlay-gradient":""},"tablet":{"background-color":"","background-image":"","background-repeat":"repeat","background-position":"center center","background-size":"auto","background-attachment":"scroll","background-type":"","background-media":"","overlay-type":"","overlay-color":"","overlay-opacity":"","overlay-gradient":""},"mobile":{"background-color":"","background-image":"","background-repeat":"repeat","background-position":"center center","background-size":"auto","background-attachment":"scroll","background-type":"","background-media":"","overlay-type":"","overlay-color":"","overlay-opacity":"","overlay-gradient":""}},"ast-content-background-meta":{"desktop":{"background-color":"var(--ast-global-color-5)","background-image":"","background-repeat":"repeat","background-position":"center center","background-size":"auto","background-attachment":"scroll","background-type":"","background-media":"","overlay-type":"","overlay-color":"","overlay-opacity":"","overlay-gradient":""},"tablet":{"background-color":"var(--ast-global-color-5)","background-image":"","background-repeat":"repeat","background-position":"center center","background-size":"auto","background-attachment":"scroll","background-type":"","background-media":"","overlay-type":"","overlay-color":"","overlay-opacity":"","overlay-gradient":""},"mobile":{"background-color":"var(--ast-global-color-5)","background-image":"","background-repeat":"repeat","background-position":"center center","background-size":"auto","background-attachment":"scroll","background-type":"","background-media":"","overlay-type":"","overlay-color":"","overlay-opacity":"","overlay-gradient":""}},"_glsr_average":0,"_glsr_ranking":0,"_glsr_reviews":0},"product_brand":[224],"product_cat":[127],"product_tag":[107],"class_list":{"0":"post-10325","1":"product","2":"type-product","3":"status-publish","4":"has-post-thumbnail","6":"product_brand-folliamala","7":"product_cat-armband","8":"product_tag-bergkristall","9":"desktop-align-center","10":"tablet-align-left","11":"mobile-align-left","13":"first","14":"instock","15":"shipping-taxable","16":"purchasable","17":"product-type-simple","18":"wpzoom-wc-spi-has-enabled"},"yoast_head":"<!-- This site is optimized with the Yoast SEO plugin v27.4 - https:\/\/yoast.com\/product\/yoast-seo-wordpress\/ -->\n<title>Armband Bergkristall\u00a0&#8211; Folliamala<\/title>\n<meta name=\"description\" content=\"Armband Bergkristall gibt dir Kraft und Sicherheit. Bergkristall verst\u00e4rkt die Energien am kr\u00e4ftigsten. Weitere Malaketten &amp; Mala-Armb\u00e4nder in unserem Shop.\" \/>\n<meta name=\"robots\" content=\"index, follow, max-snippet:-1, max-image-preview:large, max-video-preview:-1\" \/>\n<link rel=\"canonical\" href=\"https:\/\/folliamala.ch\/en\/product\/die-klare\/\" \/>\n<meta property=\"og:locale\" content=\"en_GB\" \/>\n<meta property=\"og:type\" content=\"article\" \/>\n<meta property=\"og:title\" content=\"Armband Bergkristall\u00a0&#8211; Folliamala\" \/>\n<meta property=\"og:description\" content=\"Armband Bergkristall gibt dir Kraft und Sicherheit. Bergkristall verst\u00e4rkt die Energien am kr\u00e4ftigsten. Weitere Malaketten &amp; Mala-Armb\u00e4nder in unserem Shop.\" \/>\n<meta property=\"og:url\" content=\"https:\/\/folliamala.ch\/en\/product\/die-klare\/\" \/>\n<meta property=\"og:site_name\" content=\"Folliamala\" \/>\n<meta property=\"article:publisher\" content=\"https:\/\/www.facebook.com\/folliamala\/\" \/>\n<meta property=\"article:modified_time\" content=\"2025-08-23T15:51:51+00:00\" \/>\n<meta property=\"og:image\" content=\"https:\/\/folliamala.ch\/wp-content\/uploads\/2023\/12\/Pugno_Bergkristal_oo.webp\" \/>\n\t<meta property=\"og:image:width\" content=\"1000\" \/>\n\t<meta property=\"og:image:height\" content=\"1000\" \/>\n\t<meta property=\"og:image:type\" content=\"image\/webp\" \/>\n<meta name=\"twitter:card\" content=\"summary_large_image\" \/>\n<script type=\"application\/ld+json\" class=\"yoast-schema-graph\">{\"@context\":\"https:\\\/\\\/schema.org\",\"@graph\":[{\"@type\":\"WebPage\",\"@id\":\"https:\\\/\\\/folliamala.ch\\\/product\\\/die-klare\\\/\",\"url\":\"https:\\\/\\\/folliamala.ch\\\/product\\\/die-klare\\\/\",\"name\":\"Armband Bergkristall\u00a0&#8211; Folliamala\",\"isPartOf\":{\"@id\":\"https:\\\/\\\/folliamala.ch\\\/#website\"},\"primaryImageOfPage\":{\"@id\":\"https:\\\/\\\/folliamala.ch\\\/product\\\/die-klare\\\/#primaryimage\"},\"image\":{\"@id\":\"https:\\\/\\\/folliamala.ch\\\/product\\\/die-klare\\\/#primaryimage\"},\"thumbnailUrl\":\"https:\\\/\\\/folliamala.ch\\\/wp-content\\\/uploads\\\/2023\\\/12\\\/Pugno_Bergkristal_oo.webp\",\"datePublished\":\"2023-12-05T19:05:06+00:00\",\"dateModified\":\"2025-08-23T15:51:51+00:00\",\"description\":\"Armband Bergkristall gibt dir Kraft und Sicherheit. Bergkristall verst\u00e4rkt die Energien am kr\u00e4ftigsten. Weitere Malaketten & Mala-Armb\u00e4nder in unserem Shop.\",\"breadcrumb\":{\"@id\":\"https:\\\/\\\/folliamala.ch\\\/product\\\/die-klare\\\/#breadcrumb\"},\"inLanguage\":\"en-GB\",\"potentialAction\":[{\"@type\":\"ReadAction\",\"target\":[\"https:\\\/\\\/folliamala.ch\\\/product\\\/die-klare\\\/\"]}]},{\"@type\":\"ImageObject\",\"inLanguage\":\"en-GB\",\"@id\":\"https:\\\/\\\/folliamala.ch\\\/product\\\/die-klare\\\/#primaryimage\",\"url\":\"https:\\\/\\\/folliamala.ch\\\/wp-content\\\/uploads\\\/2023\\\/12\\\/Pugno_Bergkristal_oo.webp\",\"contentUrl\":\"https:\\\/\\\/folliamala.ch\\\/wp-content\\\/uploads\\\/2023\\\/12\\\/Pugno_Bergkristal_oo.webp\",\"width\":1000,\"height\":1000,\"caption\":\"Armband Bergkristall\"},{\"@type\":\"BreadcrumbList\",\"@id\":\"https:\\\/\\\/folliamala.ch\\\/product\\\/die-klare\\\/#breadcrumb\",\"itemListElement\":[{\"@type\":\"ListItem\",\"position\":1,\"name\":\"Startseite\",\"item\":\"https:\\\/\\\/folliamala.ch\\\/\"},{\"@type\":\"ListItem\",\"position\":2,\"name\":\"Shop\",\"item\":\"https:\\\/\\\/folliamala.ch\\\/store\\\/\"},{\"@type\":\"ListItem\",\"position\":3,\"name\":\"Die Klare\"}]},{\"@type\":\"WebSite\",\"@id\":\"https:\\\/\\\/folliamala.ch\\\/#website\",\"url\":\"https:\\\/\\\/folliamala.ch\\\/\",\"name\":\"Folliamala\",\"description\":\"Mala Ketten &amp; Armb\u00e4nder\",\"publisher\":{\"@id\":\"https:\\\/\\\/folliamala.ch\\\/#organization\"},\"potentialAction\":[{\"@type\":\"SearchAction\",\"target\":{\"@type\":\"EntryPoint\",\"urlTemplate\":\"https:\\\/\\\/folliamala.ch\\\/?s={search_term_string}\"},\"query-input\":{\"@type\":\"PropertyValueSpecification\",\"valueRequired\":true,\"valueName\":\"search_term_string\"}}],\"inLanguage\":\"en-GB\"},{\"@type\":\"Organization\",\"@id\":\"https:\\\/\\\/folliamala.ch\\\/#organization\",\"name\":\"Folliamala\",\"url\":\"https:\\\/\\\/folliamala.ch\\\/\",\"logo\":{\"@type\":\"ImageObject\",\"inLanguage\":\"en-GB\",\"@id\":\"https:\\\/\\\/folliamala.ch\\\/#\\\/schema\\\/logo\\\/image\\\/\",\"url\":\"https:\\\/\\\/folliamala.ch\\\/wp-content\\\/uploads\\\/2021\\\/08\\\/folliamala_logo.png\",\"contentUrl\":\"https:\\\/\\\/folliamala.ch\\\/wp-content\\\/uploads\\\/2021\\\/08\\\/folliamala_logo.png\",\"width\":529,\"height\":109,\"caption\":\"Folliamala\"},\"image\":{\"@id\":\"https:\\\/\\\/folliamala.ch\\\/#\\\/schema\\\/logo\\\/image\\\/\"},\"sameAs\":[\"https:\\\/\\\/www.facebook.com\\\/folliamala\\\/\",\"https:\\\/\\\/www.instagram.com\\\/folliamala\\\/\",\"https:\\\/\\\/www.pinterest.de\\\/folliamala\\\/\"]}]}<\/script>\n<!-- \/ Yoast SEO plugin. -->","yoast_head_json":{"title":"Rock crystal bracelet - Folliamala","description":"Rock crystal bracelet gives you strength and security. Rock crystal amplifies the energies most powerfully. More mala necklaces &amp; mala bracelets in our shop.","robots":{"index":"index","follow":"follow","max-snippet":"max-snippet:-1","max-image-preview":"max-image-preview:large","max-video-preview":"max-video-preview:-1"},"canonical":"https:\/\/folliamala.ch\/en\/product\/die-klare\/","og_locale":"en_GB","og_type":"article","og_title":"Armband Bergkristall\u00a0&#8211; Folliamala","og_description":"Armband Bergkristall gibt dir Kraft und Sicherheit. Bergkristall verst\u00e4rkt die Energien am kr\u00e4ftigsten. Weitere Malaketten & Mala-Armb\u00e4nder in unserem Shop.","og_url":"https:\/\/folliamala.ch\/en\/product\/die-klare\/","og_site_name":"Folliamala","article_publisher":"https:\/\/www.facebook.com\/folliamala\/","article_modified_time":"2025-08-23T15:51:51+00:00","og_image":[{"width":1000,"height":1000,"url":"https:\/\/folliamala.ch\/wp-content\/uploads\/2023\/12\/Pugno_Bergkristal_oo.webp","type":"image\/webp"}],"twitter_card":"summary_large_image","schema":{"@context":"https:\/\/schema.org","@graph":[{"@type":"WebPage","@id":"https:\/\/folliamala.ch\/product\/die-klare\/","url":"https:\/\/folliamala.ch\/product\/die-klare\/","name":"Rock crystal bracelet - Folliamala","isPartOf":{"@id":"https:\/\/folliamala.ch\/#website"},"primaryImageOfPage":{"@id":"https:\/\/folliamala.ch\/product\/die-klare\/#primaryimage"},"image":{"@id":"https:\/\/folliamala.ch\/product\/die-klare\/#primaryimage"},"thumbnailUrl":"https:\/\/folliamala.ch\/wp-content\/uploads\/2023\/12\/Pugno_Bergkristal_oo.webp","datePublished":"2023-12-05T19:05:06+00:00","dateModified":"2025-08-23T15:51:51+00:00","description":"Rock crystal bracelet gives you strength and security. Rock crystal amplifies the energies most powerfully. More mala necklaces &amp; mala bracelets in our shop.","breadcrumb":{"@id":"https:\/\/folliamala.ch\/product\/die-klare\/#breadcrumb"},"inLanguage":"en-GB","potentialAction":[{"@type":"ReadAction","target":["https:\/\/folliamala.ch\/product\/die-klare\/"]}]},{"@type":"ImageObject","inLanguage":"en-GB","@id":"https:\/\/folliamala.ch\/product\/die-klare\/#primaryimage","url":"https:\/\/folliamala.ch\/wp-content\/uploads\/2023\/12\/Pugno_Bergkristal_oo.webp","contentUrl":"https:\/\/folliamala.ch\/wp-content\/uploads\/2023\/12\/Pugno_Bergkristal_oo.webp","width":1000,"height":1000,"caption":"Armband Bergkristall"},{"@type":"BreadcrumbList","@id":"https:\/\/folliamala.ch\/product\/die-klare\/#breadcrumb","itemListElement":[{"@type":"ListItem","position":1,"name":"Startseite","item":"https:\/\/folliamala.ch\/"},{"@type":"ListItem","position":2,"name":"Shop","item":"https:\/\/folliamala.ch\/store\/"},{"@type":"ListItem","position":3,"name":"Die Klare"}]},{"@type":"WebSite","@id":"https:\/\/folliamala.ch\/#website","url":"https:\/\/folliamala.ch\/","name":"Folliamala","description":"Mala necklaces &amp; bracelets","publisher":{"@id":"https:\/\/folliamala.ch\/#organization"},"potentialAction":[{"@type":"SearchAction","target":{"@type":"EntryPoint","urlTemplate":"https:\/\/folliamala.ch\/?s={search_term_string}"},"query-input":{"@type":"PropertyValueSpecification","valueRequired":true,"valueName":"search_term_string"}}],"inLanguage":"en-GB"},{"@type":"Organization","@id":"https:\/\/folliamala.ch\/#organization","name":"Folliamala","url":"https:\/\/folliamala.ch\/","logo":{"@type":"ImageObject","inLanguage":"en-GB","@id":"https:\/\/folliamala.ch\/#\/schema\/logo\/image\/","url":"https:\/\/folliamala.ch\/wp-content\/uploads\/2021\/08\/folliamala_logo.png","contentUrl":"https:\/\/folliamala.ch\/wp-content\/uploads\/2021\/08\/folliamala_logo.png","width":529,"height":109,"caption":"Folliamala"},"image":{"@id":"https:\/\/folliamala.ch\/#\/schema\/logo\/image\/"},"sameAs":["https:\/\/www.facebook.com\/folliamala\/","https:\/\/www.instagram.com\/folliamala\/","https:\/\/www.pinterest.de\/folliamala\/"]}]}},"_links":{"self":[{"href":"https:\/\/folliamala.ch\/en\/wp-json\/wp\/v2\/product\/10325","targetHints":{"allow":["GET"]}}],"collection":[{"href":"https:\/\/folliamala.ch\/en\/wp-json\/wp\/v2\/product"}],"about":[{"href":"https:\/\/folliamala.ch\/en\/wp-json\/wp\/v2\/types\/product"}],"version-history":[{"count":1,"href":"https:\/\/folliamala.ch\/en\/wp-json\/wp\/v2\/product\/10325\/revisions"}],"predecessor-version":[{"id":10326,"href":"https:\/\/folliamala.ch\/en\/wp-json\/wp\/v2\/product\/10325\/revisions\/10326"}],"wp:featuredmedia":[{"embeddable":true,"href":"https:\/\/folliamala.ch\/en\/wp-json\/wp\/v2\/media\/10306"}],"wp:attachment":[{"href":"https:\/\/folliamala.ch\/en\/wp-json\/wp\/v2\/media?parent=10325"}],"wp:term":[{"taxonomy":"product_brand","embeddable":true,"href":"https:\/\/folliamala.ch\/en\/wp-json\/wp\/v2\/product_brand?post=10325"},{"taxonomy":"product_cat","embeddable":true,"href":"https:\/\/folliamala.ch\/en\/wp-json\/wp\/v2\/product_cat?post=10325"},{"taxonomy":"product_tag","embeddable":true,"href":"https:\/\/folliamala.ch\/en\/wp-json\/wp\/v2\/product_tag?post=10325"}],"curies":[{"name":"wp","href":"https:\/\/api.w.org\/{rel}","templated":true}]}}