{"id":11367,"date":"2024-12-02T23:22:18","date_gmt":"2024-12-02T21:22:18","guid":{"rendered":"https:\/\/folliamala.ch\/?post_type=product&#038;p=11367"},"modified":"2025-08-23T17:52:12","modified_gmt":"2025-08-23T15:52:12","slug":"die-noble","status":"publish","type":"product","link":"https:\/\/folliamala.ch\/en\/product\/die-noble\/","title":{"rendered":"The Noble"},"content":{"rendered":"<p><strong>Onyx bracelet<\/strong><\/p>\n<p>In many cultures, onyx is considered a protective stone. Onyx gives its wearer more joie de vivre and increases the ability to think.<\/p>\n<ul>\n<li class=\"li1\">Unique<\/li>\n<li>Bead size:\u00a0<span style=\"font-weight: 400;\">\u00f8 6 mm<\/span><\/li>\n<li>Elasticated stretch rubber band<\/li>\n<li style=\"font-weight: 400;\" aria-level=\"1\"><span style=\"font-weight: 400;\">For wrist circumference 16 cm (can be customised on request)<\/span><\/li>\n<\/ul>","protected":false},"excerpt":{"rendered":"<p class=\"p1\">Onyx bracelet<\/p>","protected":false},"featured_media":11347,"template":"","meta":{"site-sidebar-layout":"default","site-content-layout":"default","ast-site-content-layout":"default","site-content-style":"default","site-sidebar-style":"default","ast-global-header-display":"","ast-banner-title-visibility":"","ast-main-header-display":"","ast-hfb-above-header-display":"","ast-hfb-below-header-display":"","ast-hfb-mobile-header-display":"","site-post-title":"","ast-breadcrumbs-content":"","ast-featured-img":"","footer-sml-layout":"","ast-disable-related-posts":"","theme-transparent-header-meta":"default","adv-header-id-meta":"","stick-header-meta":"","header-above-stick-meta":"","header-main-stick-meta":"","header-below-stick-meta":"","astra-migrate-meta-layouts":"set","ast-page-background-enabled":"default","ast-page-background-meta":{"desktop":{"background-color":"","background-image":"","background-repeat":"repeat","background-position":"center center","background-size":"auto","background-attachment":"scroll","background-type":"","background-media":"","overlay-type":"","overlay-color":"","overlay-opacity":"","overlay-gradient":""},"tablet":{"background-color":"","background-image":"","background-repeat":"repeat","background-position":"center center","background-size":"auto","background-attachment":"scroll","background-type":"","background-media":"","overlay-type":"","overlay-color":"","overlay-opacity":"","overlay-gradient":""},"mobile":{"background-color":"","background-image":"","background-repeat":"repeat","background-position":"center center","background-size":"auto","background-attachment":"scroll","background-type":"","background-media":"","overlay-type":"","overlay-color":"","overlay-opacity":"","overlay-gradient":""}},"ast-content-background-meta":{"desktop":{"background-color":"var(--ast-global-color-5)","background-image":"","background-repeat":"repeat","background-position":"center center","background-size":"auto","background-attachment":"scroll","background-type":"","background-media":"","overlay-type":"","overlay-color":"","overlay-opacity":"","overlay-gradient":""},"tablet":{"background-color":"var(--ast-global-color-5)","background-image":"","background-repeat":"repeat","background-position":"center center","background-size":"auto","background-attachment":"scroll","background-type":"","background-media":"","overlay-type":"","overlay-color":"","overlay-opacity":"","overlay-gradient":""},"mobile":{"background-color":"var(--ast-global-color-5)","background-image":"","background-repeat":"repeat","background-position":"center center","background-size":"auto","background-attachment":"scroll","background-type":"","background-media":"","overlay-type":"","overlay-color":"","overlay-opacity":"","overlay-gradient":""}},"_glsr_average":0,"_glsr_ranking":0,"_glsr_reviews":0},"product_brand":[224],"product_cat":[127],"product_tag":[94],"class_list":{"0":"post-11367","1":"product","2":"type-product","3":"status-publish","4":"has-post-thumbnail","6":"product_brand-folliamala","7":"product_cat-armband","8":"product_tag-onyx","9":"desktop-align-center","10":"tablet-align-left","11":"mobile-align-left","13":"first","14":"instock","15":"sold-individually","16":"purchasable","17":"product-type-simple","18":"wpzoom-wc-spi-has-enabled"},"yoast_head":"<!-- This site is optimized with the Yoast SEO plugin v27.4 - https:\/\/yoast.com\/product\/yoast-seo-wordpress\/ -->\n<title>Onyx-Armband &#8211; Folliamala<\/title>\n<meta name=\"description\" content=\"Das Onyx-Armband\u00a0schenkt seinem Tr\u00e4ger mehr Lebensfreude und steigert das Denkverm\u00f6gen. Finde weitere Armb\u00e4nder und Mala-Ketten im Folliamala-Onlineshop.\" \/>\n<meta name=\"robots\" content=\"index, follow, max-snippet:-1, max-image-preview:large, max-video-preview:-1\" \/>\n<link rel=\"canonical\" href=\"https:\/\/folliamala.ch\/en\/product\/die-noble\/\" \/>\n<meta property=\"og:locale\" content=\"en_GB\" \/>\n<meta property=\"og:type\" content=\"article\" \/>\n<meta property=\"og:title\" content=\"Onyx-Armband &#8211; Folliamala\" \/>\n<meta property=\"og:description\" content=\"Das Onyx-Armband\u00a0schenkt seinem Tr\u00e4ger mehr Lebensfreude und steigert das Denkverm\u00f6gen. Finde weitere Armb\u00e4nder und Mala-Ketten im Folliamala-Onlineshop.\" \/>\n<meta property=\"og:url\" content=\"https:\/\/folliamala.ch\/en\/product\/die-noble\/\" \/>\n<meta property=\"og:site_name\" content=\"Folliamala\" \/>\n<meta property=\"article:publisher\" content=\"https:\/\/www.facebook.com\/folliamala\/\" \/>\n<meta property=\"article:modified_time\" content=\"2025-08-23T15:52:12+00:00\" \/>\n<meta property=\"og:image\" content=\"https:\/\/folliamala.ch\/wp-content\/uploads\/2024\/12\/Pugno_Onyx_Stein_o.webp\" \/>\n\t<meta property=\"og:image:width\" content=\"1000\" \/>\n\t<meta property=\"og:image:height\" content=\"1000\" \/>\n\t<meta property=\"og:image:type\" content=\"image\/webp\" \/>\n<meta name=\"twitter:card\" content=\"summary_large_image\" \/>\n<meta name=\"twitter:label1\" content=\"Estimated reading time\" \/>\n\t<meta name=\"twitter:data1\" content=\"1 minute\" \/>\n<script type=\"application\/ld+json\" class=\"yoast-schema-graph\">{\"@context\":\"https:\\\/\\\/schema.org\",\"@graph\":[{\"@type\":\"WebPage\",\"@id\":\"https:\\\/\\\/folliamala.ch\\\/product\\\/die-noble\\\/\",\"url\":\"https:\\\/\\\/folliamala.ch\\\/product\\\/die-noble\\\/\",\"name\":\"Onyx-Armband &#8211; Folliamala\",\"isPartOf\":{\"@id\":\"https:\\\/\\\/folliamala.ch\\\/#website\"},\"primaryImageOfPage\":{\"@id\":\"https:\\\/\\\/folliamala.ch\\\/product\\\/die-noble\\\/#primaryimage\"},\"image\":{\"@id\":\"https:\\\/\\\/folliamala.ch\\\/product\\\/die-noble\\\/#primaryimage\"},\"thumbnailUrl\":\"https:\\\/\\\/folliamala.ch\\\/wp-content\\\/uploads\\\/2024\\\/12\\\/Pugno_Onyx_Stein_o.webp\",\"datePublished\":\"2024-12-02T21:22:18+00:00\",\"dateModified\":\"2025-08-23T15:52:12+00:00\",\"description\":\"Das Onyx-Armband\u00a0schenkt seinem Tr\u00e4ger mehr Lebensfreude und steigert das Denkverm\u00f6gen. Finde weitere Armb\u00e4nder und Mala-Ketten im Folliamala-Onlineshop.\",\"breadcrumb\":{\"@id\":\"https:\\\/\\\/folliamala.ch\\\/product\\\/die-noble\\\/#breadcrumb\"},\"inLanguage\":\"en-GB\",\"potentialAction\":[{\"@type\":\"ReadAction\",\"target\":[\"https:\\\/\\\/folliamala.ch\\\/product\\\/die-noble\\\/\"]}]},{\"@type\":\"ImageObject\",\"inLanguage\":\"en-GB\",\"@id\":\"https:\\\/\\\/folliamala.ch\\\/product\\\/die-noble\\\/#primaryimage\",\"url\":\"https:\\\/\\\/folliamala.ch\\\/wp-content\\\/uploads\\\/2024\\\/12\\\/Pugno_Onyx_Stein_o.webp\",\"contentUrl\":\"https:\\\/\\\/folliamala.ch\\\/wp-content\\\/uploads\\\/2024\\\/12\\\/Pugno_Onyx_Stein_o.webp\",\"width\":1000,\"height\":1000,\"caption\":\"Armband Onyx\"},{\"@type\":\"BreadcrumbList\",\"@id\":\"https:\\\/\\\/folliamala.ch\\\/product\\\/die-noble\\\/#breadcrumb\",\"itemListElement\":[{\"@type\":\"ListItem\",\"position\":1,\"name\":\"Startseite\",\"item\":\"https:\\\/\\\/folliamala.ch\\\/\"},{\"@type\":\"ListItem\",\"position\":2,\"name\":\"Shop\",\"item\":\"https:\\\/\\\/folliamala.ch\\\/store\\\/\"},{\"@type\":\"ListItem\",\"position\":3,\"name\":\"Die Noble\"}]},{\"@type\":\"WebSite\",\"@id\":\"https:\\\/\\\/folliamala.ch\\\/#website\",\"url\":\"https:\\\/\\\/folliamala.ch\\\/\",\"name\":\"Folliamala\",\"description\":\"Mala Ketten &amp; Armb\u00e4nder\",\"publisher\":{\"@id\":\"https:\\\/\\\/folliamala.ch\\\/#organization\"},\"potentialAction\":[{\"@type\":\"SearchAction\",\"target\":{\"@type\":\"EntryPoint\",\"urlTemplate\":\"https:\\\/\\\/folliamala.ch\\\/?s={search_term_string}\"},\"query-input\":{\"@type\":\"PropertyValueSpecification\",\"valueRequired\":true,\"valueName\":\"search_term_string\"}}],\"inLanguage\":\"en-GB\"},{\"@type\":\"Organization\",\"@id\":\"https:\\\/\\\/folliamala.ch\\\/#organization\",\"name\":\"Folliamala\",\"url\":\"https:\\\/\\\/folliamala.ch\\\/\",\"logo\":{\"@type\":\"ImageObject\",\"inLanguage\":\"en-GB\",\"@id\":\"https:\\\/\\\/folliamala.ch\\\/#\\\/schema\\\/logo\\\/image\\\/\",\"url\":\"https:\\\/\\\/folliamala.ch\\\/wp-content\\\/uploads\\\/2021\\\/08\\\/folliamala_logo.png\",\"contentUrl\":\"https:\\\/\\\/folliamala.ch\\\/wp-content\\\/uploads\\\/2021\\\/08\\\/folliamala_logo.png\",\"width\":529,\"height\":109,\"caption\":\"Folliamala\"},\"image\":{\"@id\":\"https:\\\/\\\/folliamala.ch\\\/#\\\/schema\\\/logo\\\/image\\\/\"},\"sameAs\":[\"https:\\\/\\\/www.facebook.com\\\/folliamala\\\/\",\"https:\\\/\\\/www.instagram.com\\\/folliamala\\\/\",\"https:\\\/\\\/www.pinterest.de\\\/folliamala\\\/\"]}]}<\/script>\n<!-- \/ Yoast SEO plugin. -->","yoast_head_json":{"title":"Onyx bracelet - Folliamala","description":"The onyx bracelet gives its wearer more joie de vivre and increases the ability to think. Find more bracelets and mala necklaces in the Folliamala online shop.","robots":{"index":"index","follow":"follow","max-snippet":"max-snippet:-1","max-image-preview":"max-image-preview:large","max-video-preview":"max-video-preview:-1"},"canonical":"https:\/\/folliamala.ch\/en\/product\/die-noble\/","og_locale":"en_GB","og_type":"article","og_title":"Onyx-Armband &#8211; Folliamala","og_description":"Das Onyx-Armband\u00a0schenkt seinem Tr\u00e4ger mehr Lebensfreude und steigert das Denkverm\u00f6gen. Finde weitere Armb\u00e4nder und Mala-Ketten im Folliamala-Onlineshop.","og_url":"https:\/\/folliamala.ch\/en\/product\/die-noble\/","og_site_name":"Folliamala","article_publisher":"https:\/\/www.facebook.com\/folliamala\/","article_modified_time":"2025-08-23T15:52:12+00:00","og_image":[{"width":1000,"height":1000,"url":"https:\/\/folliamala.ch\/wp-content\/uploads\/2024\/12\/Pugno_Onyx_Stein_o.webp","type":"image\/webp"}],"twitter_card":"summary_large_image","twitter_misc":{"Estimated reading time":"1 minute"},"schema":{"@context":"https:\/\/schema.org","@graph":[{"@type":"WebPage","@id":"https:\/\/folliamala.ch\/product\/die-noble\/","url":"https:\/\/folliamala.ch\/product\/die-noble\/","name":"Onyx bracelet - Folliamala","isPartOf":{"@id":"https:\/\/folliamala.ch\/#website"},"primaryImageOfPage":{"@id":"https:\/\/folliamala.ch\/product\/die-noble\/#primaryimage"},"image":{"@id":"https:\/\/folliamala.ch\/product\/die-noble\/#primaryimage"},"thumbnailUrl":"https:\/\/folliamala.ch\/wp-content\/uploads\/2024\/12\/Pugno_Onyx_Stein_o.webp","datePublished":"2024-12-02T21:22:18+00:00","dateModified":"2025-08-23T15:52:12+00:00","description":"The onyx bracelet gives its wearer more joie de vivre and increases the ability to think. Find more bracelets and mala necklaces in the Folliamala online shop.","breadcrumb":{"@id":"https:\/\/folliamala.ch\/product\/die-noble\/#breadcrumb"},"inLanguage":"en-GB","potentialAction":[{"@type":"ReadAction","target":["https:\/\/folliamala.ch\/product\/die-noble\/"]}]},{"@type":"ImageObject","inLanguage":"en-GB","@id":"https:\/\/folliamala.ch\/product\/die-noble\/#primaryimage","url":"https:\/\/folliamala.ch\/wp-content\/uploads\/2024\/12\/Pugno_Onyx_Stein_o.webp","contentUrl":"https:\/\/folliamala.ch\/wp-content\/uploads\/2024\/12\/Pugno_Onyx_Stein_o.webp","width":1000,"height":1000,"caption":"Armband Onyx"},{"@type":"BreadcrumbList","@id":"https:\/\/folliamala.ch\/product\/die-noble\/#breadcrumb","itemListElement":[{"@type":"ListItem","position":1,"name":"Startseite","item":"https:\/\/folliamala.ch\/"},{"@type":"ListItem","position":2,"name":"Shop","item":"https:\/\/folliamala.ch\/store\/"},{"@type":"ListItem","position":3,"name":"Die Noble"}]},{"@type":"WebSite","@id":"https:\/\/folliamala.ch\/#website","url":"https:\/\/folliamala.ch\/","name":"Folliamala","description":"Mala necklaces &amp; bracelets","publisher":{"@id":"https:\/\/folliamala.ch\/#organization"},"potentialAction":[{"@type":"SearchAction","target":{"@type":"EntryPoint","urlTemplate":"https:\/\/folliamala.ch\/?s={search_term_string}"},"query-input":{"@type":"PropertyValueSpecification","valueRequired":true,"valueName":"search_term_string"}}],"inLanguage":"en-GB"},{"@type":"Organization","@id":"https:\/\/folliamala.ch\/#organization","name":"Folliamala","url":"https:\/\/folliamala.ch\/","logo":{"@type":"ImageObject","inLanguage":"en-GB","@id":"https:\/\/folliamala.ch\/#\/schema\/logo\/image\/","url":"https:\/\/folliamala.ch\/wp-content\/uploads\/2021\/08\/folliamala_logo.png","contentUrl":"https:\/\/folliamala.ch\/wp-content\/uploads\/2021\/08\/folliamala_logo.png","width":529,"height":109,"caption":"Folliamala"},"image":{"@id":"https:\/\/folliamala.ch\/#\/schema\/logo\/image\/"},"sameAs":["https:\/\/www.facebook.com\/folliamala\/","https:\/\/www.instagram.com\/folliamala\/","https:\/\/www.pinterest.de\/folliamala\/"]}]}},"_links":{"self":[{"href":"https:\/\/folliamala.ch\/en\/wp-json\/wp\/v2\/product\/11367","targetHints":{"allow":["GET"]}}],"collection":[{"href":"https:\/\/folliamala.ch\/en\/wp-json\/wp\/v2\/product"}],"about":[{"href":"https:\/\/folliamala.ch\/en\/wp-json\/wp\/v2\/types\/product"}],"version-history":[{"count":1,"href":"https:\/\/folliamala.ch\/en\/wp-json\/wp\/v2\/product\/11367\/revisions"}],"predecessor-version":[{"id":11368,"href":"https:\/\/folliamala.ch\/en\/wp-json\/wp\/v2\/product\/11367\/revisions\/11368"}],"wp:featuredmedia":[{"embeddable":true,"href":"https:\/\/folliamala.ch\/en\/wp-json\/wp\/v2\/media\/11347"}],"wp:attachment":[{"href":"https:\/\/folliamala.ch\/en\/wp-json\/wp\/v2\/media?parent=11367"}],"wp:term":[{"taxonomy":"product_brand","embeddable":true,"href":"https:\/\/folliamala.ch\/en\/wp-json\/wp\/v2\/product_brand?post=11367"},{"taxonomy":"product_cat","embeddable":true,"href":"https:\/\/folliamala.ch\/en\/wp-json\/wp\/v2\/product_cat?post=11367"},{"taxonomy":"product_tag","embeddable":true,"href":"https:\/\/folliamala.ch\/en\/wp-json\/wp\/v2\/product_tag?post=11367"}],"curies":[{"name":"wp","href":"https:\/\/api.w.org\/{rel}","templated":true}]}}