{"id":3085,"date":"2021-08-18T22:19:55","date_gmt":"2021-08-18T21:19:55","guid":{"rendered":"https:\/\/folliamala.ch\/?post_type=product&#038;p=3085"},"modified":"2025-12-07T15:40:27","modified_gmt":"2025-12-07T13:40:27","slug":"oranger-aventurin","status":"publish","type":"product","link":"https:\/\/folliamala.ch\/en\/product\/oranger-aventurin\/","title":{"rendered":"The Satisfied"},"content":{"rendered":"<p><strong>Malakette oranger &amp; gr\u00fcner Aventurin<\/strong><\/p>\n<p>Die antiken Griechen glaubten, dass der Aventurin seinem Tr\u00e4ger Mut und frischen Optimismus, Ehrgeiz und Zielstrebigkeit brachte. Er ermutigt die Lust an etwas Neuem.<\/p>\n<p>Der orange Aventurin galt schon im alten China und in Indien als feuriger Energiestein. Der Sonnenstein bes\u00e4nftigt das Gem\u00fct und besitzt eine ausgleichende Wirkung auf die Psyche. Er soll helfen, Wut und J\u00e4hzorn zu vertreiben. Der orange Aventurin schenkt Zuversicht und erm\u00f6glicht die angenehmen Dinge des Lebens zu sehen und Sorgen zu \u00fcberwinden.<\/p>\n<p>Der gr\u00fcne Aventurin bringt Mut und Optimismus, Ruhe, innere Gelassenheit und Ausgewogenheit. Der Edelstein wirkt beruhigend vor dem Einschlafen, st\u00e4rkt den Humor und verhilft zu einer positiven Lebenseinstellung. Der blattgr\u00fcne Edelstein hilft, wahre Freunde zu finden und diese Freundschaft auch zu bewahren.<\/p>\n<ul>\n<li>Unique<\/li>\n<li>Traditionally hand knotted<\/li>\n<li>Number of beads: 72 pieces<\/li>\n<li>Perlen: 44 x oranger Aventurin, 8 x gr\u00fcner Aventurin, \u00f8 8 mm<\/li>\n<li>Silver intermediate elements<\/li>\n<li>Lotusblumen-Anh\u00e4nger<\/li>\n<li>Umfang: 74 cm<\/li>\n<\/ul>","protected":false},"excerpt":{"rendered":"<p>Aventurine mala necklace<\/p>","protected":false},"featured_media":13911,"template":"","meta":{"site-sidebar-layout":"default","site-content-layout":"default","ast-site-content-layout":"default","site-content-style":"default","site-sidebar-style":"default","ast-global-header-display":"","ast-banner-title-visibility":"","ast-main-header-display":"","ast-hfb-above-header-display":"","ast-hfb-below-header-display":"","ast-hfb-mobile-header-display":"","site-post-title":"","ast-breadcrumbs-content":"","ast-featured-img":"","footer-sml-layout":"","ast-disable-related-posts":"","theme-transparent-header-meta":"default","adv-header-id-meta":"","stick-header-meta":"","header-above-stick-meta":"","header-main-stick-meta":"","header-below-stick-meta":"","astra-migrate-meta-layouts":"set","ast-page-background-enabled":"default","ast-page-background-meta":{"desktop":{"background-color":"","background-image":"","background-repeat":"repeat","background-position":"center center","background-size":"auto","background-attachment":"scroll","background-type":"","background-media":"","overlay-type":"","overlay-color":"","overlay-opacity":"","overlay-gradient":""},"tablet":{"background-color":"","background-image":"","background-repeat":"repeat","background-position":"center center","background-size":"auto","background-attachment":"scroll","background-type":"","background-media":"","overlay-type":"","overlay-color":"","overlay-opacity":"","overlay-gradient":""},"mobile":{"background-color":"","background-image":"","background-repeat":"repeat","background-position":"center center","background-size":"auto","background-attachment":"scroll","background-type":"","background-media":"","overlay-type":"","overlay-color":"","overlay-opacity":"","overlay-gradient":""}},"ast-content-background-meta":{"desktop":{"background-color":"var(--ast-global-color-5)","background-image":"","background-repeat":"repeat","background-position":"center center","background-size":"auto","background-attachment":"scroll","background-type":"","background-media":"","overlay-type":"","overlay-color":"","overlay-opacity":"","overlay-gradient":""},"tablet":{"background-color":"var(--ast-global-color-5)","background-image":"","background-repeat":"repeat","background-position":"center center","background-size":"auto","background-attachment":"scroll","background-type":"","background-media":"","overlay-type":"","overlay-color":"","overlay-opacity":"","overlay-gradient":""},"mobile":{"background-color":"var(--ast-global-color-5)","background-image":"","background-repeat":"repeat","background-position":"center center","background-size":"auto","background-attachment":"scroll","background-type":"","background-media":"","overlay-type":"","overlay-color":"","overlay-opacity":"","overlay-gradient":""}},"_glsr_average":0,"_glsr_ranking":0,"_glsr_reviews":0},"product_brand":[224],"product_cat":[26],"product_tag":[101],"class_list":{"0":"post-3085","1":"product","2":"type-product","3":"status-publish","4":"has-post-thumbnail","6":"product_brand-folliamala","7":"product_cat-kuerzere-malaketten","8":"product_tag-aventurin","9":"desktop-align-center","10":"tablet-align-left","11":"mobile-align-left","13":"first","14":"instock","15":"sold-individually","16":"shipping-taxable","17":"purchasable","18":"product-type-simple","19":"wpzoom-wc-spi-has-enabled"},"yoast_head":"<!-- This site is optimized with the Yoast SEO plugin v27.4 - https:\/\/yoast.com\/product\/yoast-seo-wordpress\/ -->\n<title>Malakette Aventurin &#8211; Folliamala<\/title>\n<meta name=\"description\" content=\"Malakette Aventurin f\u00fcr Mut, Optimismus, Ehrgeiz und Zielstrebigkeit. Er ermutigt die Lust an etwas Neuem. Weitere Malaketten in unserem Onlineshop.\" \/>\n<meta name=\"robots\" content=\"index, follow, max-snippet:-1, max-image-preview:large, max-video-preview:-1\" \/>\n<link rel=\"canonical\" href=\"https:\/\/folliamala.ch\/en\/product\/oranger-aventurin\/\" \/>\n<meta property=\"og:locale\" content=\"en_GB\" \/>\n<meta property=\"og:type\" content=\"article\" \/>\n<meta property=\"og:title\" content=\"Malakette Aventurin &#8211; Folliamala\" \/>\n<meta property=\"og:description\" content=\"Malakette Aventurin f\u00fcr Mut, Optimismus, Ehrgeiz und Zielstrebigkeit. Er ermutigt die Lust an etwas Neuem. Weitere Malaketten in unserem Onlineshop.\" \/>\n<meta property=\"og:url\" content=\"https:\/\/folliamala.ch\/en\/product\/oranger-aventurin\/\" \/>\n<meta property=\"og:site_name\" content=\"Folliamala\" \/>\n<meta property=\"article:publisher\" content=\"https:\/\/www.facebook.com\/folliamala\/\" \/>\n<meta property=\"article:modified_time\" content=\"2025-12-07T13:40:27+00:00\" \/>\n<meta property=\"og:image\" content=\"https:\/\/folliamala.ch\/wp-content\/uploads\/2021\/08\/Giorno_Aventurin_o.jpg\" \/>\n\t<meta property=\"og:image:width\" content=\"1000\" \/>\n\t<meta property=\"og:image:height\" content=\"1000\" \/>\n\t<meta property=\"og:image:type\" content=\"image\/jpeg\" \/>\n<meta name=\"twitter:card\" content=\"summary_large_image\" \/>\n<meta name=\"twitter:label1\" content=\"Estimated reading time\" \/>\n\t<meta name=\"twitter:data1\" content=\"1 minute\" \/>\n<script type=\"application\/ld+json\" class=\"yoast-schema-graph\">{\"@context\":\"https:\\\/\\\/schema.org\",\"@graph\":[{\"@type\":\"WebPage\",\"@id\":\"https:\\\/\\\/folliamala.ch\\\/product\\\/oranger-aventurin\\\/\",\"url\":\"https:\\\/\\\/folliamala.ch\\\/product\\\/oranger-aventurin\\\/\",\"name\":\"Malakette Aventurin &#8211; Folliamala\",\"isPartOf\":{\"@id\":\"https:\\\/\\\/folliamala.ch\\\/#website\"},\"primaryImageOfPage\":{\"@id\":\"https:\\\/\\\/folliamala.ch\\\/product\\\/oranger-aventurin\\\/#primaryimage\"},\"image\":{\"@id\":\"https:\\\/\\\/folliamala.ch\\\/product\\\/oranger-aventurin\\\/#primaryimage\"},\"thumbnailUrl\":\"https:\\\/\\\/folliamala.ch\\\/wp-content\\\/uploads\\\/2021\\\/08\\\/Giorno_Aventurin_o.jpg\",\"datePublished\":\"2021-08-18T21:19:55+00:00\",\"dateModified\":\"2025-12-07T13:40:27+00:00\",\"description\":\"Malakette Aventurin f\u00fcr Mut, Optimismus, Ehrgeiz und Zielstrebigkeit. Er ermutigt die Lust an etwas Neuem. Weitere Malaketten in unserem Onlineshop.\",\"breadcrumb\":{\"@id\":\"https:\\\/\\\/folliamala.ch\\\/product\\\/oranger-aventurin\\\/#breadcrumb\"},\"inLanguage\":\"en-GB\",\"potentialAction\":[{\"@type\":\"ReadAction\",\"target\":[\"https:\\\/\\\/folliamala.ch\\\/product\\\/oranger-aventurin\\\/\"]}]},{\"@type\":\"ImageObject\",\"inLanguage\":\"en-GB\",\"@id\":\"https:\\\/\\\/folliamala.ch\\\/product\\\/oranger-aventurin\\\/#primaryimage\",\"url\":\"https:\\\/\\\/folliamala.ch\\\/wp-content\\\/uploads\\\/2021\\\/08\\\/Giorno_Aventurin_o.jpg\",\"contentUrl\":\"https:\\\/\\\/folliamala.ch\\\/wp-content\\\/uploads\\\/2021\\\/08\\\/Giorno_Aventurin_o.jpg\",\"width\":1000,\"height\":1000,\"caption\":\"Malakette Aventurin\"},{\"@type\":\"BreadcrumbList\",\"@id\":\"https:\\\/\\\/folliamala.ch\\\/product\\\/oranger-aventurin\\\/#breadcrumb\",\"itemListElement\":[{\"@type\":\"ListItem\",\"position\":1,\"name\":\"Startseite\",\"item\":\"https:\\\/\\\/folliamala.ch\\\/\"},{\"@type\":\"ListItem\",\"position\":2,\"name\":\"Shop\",\"item\":\"https:\\\/\\\/folliamala.ch\\\/store\\\/\"},{\"@type\":\"ListItem\",\"position\":3,\"name\":\"Die Zufriedene\"}]},{\"@type\":\"WebSite\",\"@id\":\"https:\\\/\\\/folliamala.ch\\\/#website\",\"url\":\"https:\\\/\\\/folliamala.ch\\\/\",\"name\":\"Folliamala\",\"description\":\"Mala Ketten &amp; Armb\u00e4nder\",\"publisher\":{\"@id\":\"https:\\\/\\\/folliamala.ch\\\/#organization\"},\"potentialAction\":[{\"@type\":\"SearchAction\",\"target\":{\"@type\":\"EntryPoint\",\"urlTemplate\":\"https:\\\/\\\/folliamala.ch\\\/?s={search_term_string}\"},\"query-input\":{\"@type\":\"PropertyValueSpecification\",\"valueRequired\":true,\"valueName\":\"search_term_string\"}}],\"inLanguage\":\"en-GB\"},{\"@type\":\"Organization\",\"@id\":\"https:\\\/\\\/folliamala.ch\\\/#organization\",\"name\":\"Folliamala\",\"url\":\"https:\\\/\\\/folliamala.ch\\\/\",\"logo\":{\"@type\":\"ImageObject\",\"inLanguage\":\"en-GB\",\"@id\":\"https:\\\/\\\/folliamala.ch\\\/#\\\/schema\\\/logo\\\/image\\\/\",\"url\":\"https:\\\/\\\/folliamala.ch\\\/wp-content\\\/uploads\\\/2021\\\/08\\\/folliamala_logo.png\",\"contentUrl\":\"https:\\\/\\\/folliamala.ch\\\/wp-content\\\/uploads\\\/2021\\\/08\\\/folliamala_logo.png\",\"width\":529,\"height\":109,\"caption\":\"Folliamala\"},\"image\":{\"@id\":\"https:\\\/\\\/folliamala.ch\\\/#\\\/schema\\\/logo\\\/image\\\/\"},\"sameAs\":[\"https:\\\/\\\/www.facebook.com\\\/folliamala\\\/\",\"https:\\\/\\\/www.instagram.com\\\/folliamala\\\/\",\"https:\\\/\\\/www.pinterest.de\\\/folliamala\\\/\"]}]}<\/script>\n<!-- \/ Yoast SEO plugin. -->","yoast_head_json":{"title":"Malakette Aventurin &#8211; Folliamala","description":"Malakette Aventurin f\u00fcr Mut, Optimismus, Ehrgeiz und Zielstrebigkeit. Er ermutigt die Lust an etwas Neuem. Weitere Malaketten in unserem Onlineshop.","robots":{"index":"index","follow":"follow","max-snippet":"max-snippet:-1","max-image-preview":"max-image-preview:large","max-video-preview":"max-video-preview:-1"},"canonical":"https:\/\/folliamala.ch\/en\/product\/oranger-aventurin\/","og_locale":"en_GB","og_type":"article","og_title":"Malakette Aventurin &#8211; Folliamala","og_description":"Malakette Aventurin f\u00fcr Mut, Optimismus, Ehrgeiz und Zielstrebigkeit. Er ermutigt die Lust an etwas Neuem. Weitere Malaketten in unserem Onlineshop.","og_url":"https:\/\/folliamala.ch\/en\/product\/oranger-aventurin\/","og_site_name":"Folliamala","article_publisher":"https:\/\/www.facebook.com\/folliamala\/","article_modified_time":"2025-12-07T13:40:27+00:00","og_image":[{"width":1000,"height":1000,"url":"https:\/\/folliamala.ch\/wp-content\/uploads\/2021\/08\/Giorno_Aventurin_o.jpg","type":"image\/jpeg"}],"twitter_card":"summary_large_image","twitter_misc":{"Estimated reading time":"1 minute"},"schema":{"@context":"https:\/\/schema.org","@graph":[{"@type":"WebPage","@id":"https:\/\/folliamala.ch\/product\/oranger-aventurin\/","url":"https:\/\/folliamala.ch\/product\/oranger-aventurin\/","name":"Malakette Aventurin &#8211; Folliamala","isPartOf":{"@id":"https:\/\/folliamala.ch\/#website"},"primaryImageOfPage":{"@id":"https:\/\/folliamala.ch\/product\/oranger-aventurin\/#primaryimage"},"image":{"@id":"https:\/\/folliamala.ch\/product\/oranger-aventurin\/#primaryimage"},"thumbnailUrl":"https:\/\/folliamala.ch\/wp-content\/uploads\/2021\/08\/Giorno_Aventurin_o.jpg","datePublished":"2021-08-18T21:19:55+00:00","dateModified":"2025-12-07T13:40:27+00:00","description":"Malakette Aventurin f\u00fcr Mut, Optimismus, Ehrgeiz und Zielstrebigkeit. Er ermutigt die Lust an etwas Neuem. Weitere Malaketten in unserem Onlineshop.","breadcrumb":{"@id":"https:\/\/folliamala.ch\/product\/oranger-aventurin\/#breadcrumb"},"inLanguage":"en-GB","potentialAction":[{"@type":"ReadAction","target":["https:\/\/folliamala.ch\/product\/oranger-aventurin\/"]}]},{"@type":"ImageObject","inLanguage":"en-GB","@id":"https:\/\/folliamala.ch\/product\/oranger-aventurin\/#primaryimage","url":"https:\/\/folliamala.ch\/wp-content\/uploads\/2021\/08\/Giorno_Aventurin_o.jpg","contentUrl":"https:\/\/folliamala.ch\/wp-content\/uploads\/2021\/08\/Giorno_Aventurin_o.jpg","width":1000,"height":1000,"caption":"Malakette Aventurin"},{"@type":"BreadcrumbList","@id":"https:\/\/folliamala.ch\/product\/oranger-aventurin\/#breadcrumb","itemListElement":[{"@type":"ListItem","position":1,"name":"Startseite","item":"https:\/\/folliamala.ch\/"},{"@type":"ListItem","position":2,"name":"Shop","item":"https:\/\/folliamala.ch\/store\/"},{"@type":"ListItem","position":3,"name":"Die Zufriedene"}]},{"@type":"WebSite","@id":"https:\/\/folliamala.ch\/#website","url":"https:\/\/folliamala.ch\/","name":"Folliamala","description":"Mala necklaces &amp; bracelets","publisher":{"@id":"https:\/\/folliamala.ch\/#organization"},"potentialAction":[{"@type":"SearchAction","target":{"@type":"EntryPoint","urlTemplate":"https:\/\/folliamala.ch\/?s={search_term_string}"},"query-input":{"@type":"PropertyValueSpecification","valueRequired":true,"valueName":"search_term_string"}}],"inLanguage":"en-GB"},{"@type":"Organization","@id":"https:\/\/folliamala.ch\/#organization","name":"Folliamala","url":"https:\/\/folliamala.ch\/","logo":{"@type":"ImageObject","inLanguage":"en-GB","@id":"https:\/\/folliamala.ch\/#\/schema\/logo\/image\/","url":"https:\/\/folliamala.ch\/wp-content\/uploads\/2021\/08\/folliamala_logo.png","contentUrl":"https:\/\/folliamala.ch\/wp-content\/uploads\/2021\/08\/folliamala_logo.png","width":529,"height":109,"caption":"Folliamala"},"image":{"@id":"https:\/\/folliamala.ch\/#\/schema\/logo\/image\/"},"sameAs":["https:\/\/www.facebook.com\/folliamala\/","https:\/\/www.instagram.com\/folliamala\/","https:\/\/www.pinterest.de\/folliamala\/"]}]}},"_links":{"self":[{"href":"https:\/\/folliamala.ch\/en\/wp-json\/wp\/v2\/product\/3085","targetHints":{"allow":["GET"]}}],"collection":[{"href":"https:\/\/folliamala.ch\/en\/wp-json\/wp\/v2\/product"}],"about":[{"href":"https:\/\/folliamala.ch\/en\/wp-json\/wp\/v2\/types\/product"}],"version-history":[{"count":14,"href":"https:\/\/folliamala.ch\/en\/wp-json\/wp\/v2\/product\/3085\/revisions"}],"predecessor-version":[{"id":9229,"href":"https:\/\/folliamala.ch\/en\/wp-json\/wp\/v2\/product\/3085\/revisions\/9229"}],"wp:featuredmedia":[{"embeddable":true,"href":"https:\/\/folliamala.ch\/en\/wp-json\/wp\/v2\/media\/13911"}],"wp:attachment":[{"href":"https:\/\/folliamala.ch\/en\/wp-json\/wp\/v2\/media?parent=3085"}],"wp:term":[{"taxonomy":"product_brand","embeddable":true,"href":"https:\/\/folliamala.ch\/en\/wp-json\/wp\/v2\/product_brand?post=3085"},{"taxonomy":"product_cat","embeddable":true,"href":"https:\/\/folliamala.ch\/en\/wp-json\/wp\/v2\/product_cat?post=3085"},{"taxonomy":"product_tag","embeddable":true,"href":"https:\/\/folliamala.ch\/en\/wp-json\/wp\/v2\/product_tag?post=3085"}],"curies":[{"name":"wp","href":"https:\/\/api.w.org\/{rel}","templated":true}]}}