{"id":6520,"date":"2023-02-01T23:25:36","date_gmt":"2023-02-01T21:25:36","guid":{"rendered":"https:\/\/folliamala.ch\/?post_type=product&#038;p=6520"},"modified":"2025-08-23T17:51:07","modified_gmt":"2025-08-23T15:51:07","slug":"die-zurueckhaltende","status":"publish","type":"product","link":"https:\/\/folliamala.ch\/en\/product\/die-zurueckhaltende\/","title":{"rendered":"The reserved one"},"content":{"rendered":"<p><strong>Armband Amethyst (facettiert)<\/strong><\/p>\n<p><span style=\"font-weight: 400;\">Der Amethyst reinigt K\u00f6rper und Seele und schenkt inneren Frieden. Er lindert Schlafst\u00f6rungen und hilft den Zappelphilippen, weil er Hyperaktivit\u00e4t in Effektivit\u00e4t und Kreativit\u00e4t umwandelt. Die violette Farbe des Amethysts befl\u00fcgelt die Fantasie und l\u00f6st Blockaden und Hemmungen, was besonders im Schlaf die Verarbeitung von Konflikten durch Tr\u00e4ume f\u00f6rdert.<\/span><\/p>\n<ul>\n<li class=\"li1\">Unique<\/li>\n<li class=\"li1\">Anzahl Perlen: 30 St\u00fcck<\/li>\n<li>Bead size:\u00a0<span style=\"font-weight: 400;\">\u00f8 6 mm<\/span><\/li>\n<li>Perlen: Amethyste facettiert<\/li>\n<li style=\"font-weight: 400;\" aria-level=\"1\"><span style=\"font-weight: 400;\">Silber-vergoldete Zwischenteile<\/span><\/li>\n<li><span style=\"font-weight: 400;\">Elasticated stretch rubber band<\/span><\/li>\n<li>For wrist circumference 16 cm, customisable to desired size<\/li>\n<\/ul>","protected":false},"excerpt":{"rendered":"<p>Amethyst bracelet<\/p>","protected":false},"featured_media":6528,"template":"","meta":{"site-sidebar-layout":"default","site-content-layout":"default","ast-site-content-layout":"default","site-content-style":"default","site-sidebar-style":"default","ast-global-header-display":"","ast-banner-title-visibility":"","ast-main-header-display":"","ast-hfb-above-header-display":"","ast-hfb-below-header-display":"","ast-hfb-mobile-header-display":"","site-post-title":"","ast-breadcrumbs-content":"","ast-featured-img":"","footer-sml-layout":"","ast-disable-related-posts":"","theme-transparent-header-meta":"default","adv-header-id-meta":"","stick-header-meta":"","header-above-stick-meta":"","header-main-stick-meta":"","header-below-stick-meta":"","astra-migrate-meta-layouts":"default","ast-page-background-enabled":"default","ast-page-background-meta":{"desktop":{"background-color":"","background-image":"","background-repeat":"repeat","background-position":"center center","background-size":"auto","background-attachment":"scroll","background-type":"","background-media":"","overlay-type":"","overlay-color":"","overlay-opacity":"","overlay-gradient":""},"tablet":{"background-color":"","background-image":"","background-repeat":"repeat","background-position":"center center","background-size":"auto","background-attachment":"scroll","background-type":"","background-media":"","overlay-type":"","overlay-color":"","overlay-opacity":"","overlay-gradient":""},"mobile":{"background-color":"","background-image":"","background-repeat":"repeat","background-position":"center center","background-size":"auto","background-attachment":"scroll","background-type":"","background-media":"","overlay-type":"","overlay-color":"","overlay-opacity":"","overlay-gradient":""}},"ast-content-background-meta":{"desktop":{"background-color":"var(--ast-global-color-5)","background-image":"","background-repeat":"repeat","background-position":"center center","background-size":"auto","background-attachment":"scroll","background-type":"","background-media":"","overlay-type":"","overlay-color":"","overlay-opacity":"","overlay-gradient":""},"tablet":{"background-color":"var(--ast-global-color-5)","background-image":"","background-repeat":"repeat","background-position":"center center","background-size":"auto","background-attachment":"scroll","background-type":"","background-media":"","overlay-type":"","overlay-color":"","overlay-opacity":"","overlay-gradient":""},"mobile":{"background-color":"var(--ast-global-color-5)","background-image":"","background-repeat":"repeat","background-position":"center center","background-size":"auto","background-attachment":"scroll","background-type":"","background-media":"","overlay-type":"","overlay-color":"","overlay-opacity":"","overlay-gradient":""}},"_glsr_average":0,"_glsr_ranking":0,"_glsr_reviews":0},"product_brand":[224],"product_cat":[127],"product_tag":[123],"class_list":{"0":"post-6520","1":"product","2":"type-product","3":"status-publish","4":"has-post-thumbnail","6":"product_brand-folliamala","7":"product_cat-armband","8":"product_tag-amethyst","9":"desktop-align-center","10":"tablet-align-left","11":"mobile-align-left","13":"first","14":"instock","15":"sold-individually","16":"purchasable","17":"product-type-simple","18":"wpzoom-wc-spi-has-enabled"},"yoast_head":"<!-- This site is optimized with the Yoast SEO plugin v27.4 - https:\/\/yoast.com\/product\/yoast-seo-wordpress\/ -->\n<title>Mala Armband Amethyst &#8211; Folliamala<\/title>\n<meta name=\"description\" content=\"Mala Armband Amethyst (facettiert). Finde dieses und weitere handgemachte Mala Ketten &amp; Mala Armb\u00e4nder in unserem Onlineshop.\" \/>\n<meta name=\"robots\" content=\"index, follow, max-snippet:-1, max-image-preview:large, max-video-preview:-1\" \/>\n<link rel=\"canonical\" href=\"https:\/\/folliamala.ch\/en\/product\/die-zurueckhaltende\/\" \/>\n<meta property=\"og:locale\" content=\"en_GB\" \/>\n<meta property=\"og:type\" content=\"article\" \/>\n<meta property=\"og:title\" content=\"Mala Armband Amethyst &#8211; Folliamala\" \/>\n<meta property=\"og:description\" content=\"Mala Armband Amethyst (facettiert). Finde dieses und weitere handgemachte Mala Ketten &amp; Mala Armb\u00e4nder in unserem Onlineshop.\" \/>\n<meta property=\"og:url\" content=\"https:\/\/folliamala.ch\/en\/product\/die-zurueckhaltende\/\" \/>\n<meta property=\"og:site_name\" content=\"Folliamala\" \/>\n<meta property=\"article:publisher\" content=\"https:\/\/www.facebook.com\/folliamala\/\" \/>\n<meta property=\"article:modified_time\" content=\"2025-08-23T15:51:07+00:00\" \/>\n<meta property=\"og:image\" content=\"https:\/\/folliamala.ch\/wp-content\/uploads\/2022\/08\/Pugno_Amethist_facettiert_o.jpg\" \/>\n\t<meta property=\"og:image:width\" content=\"1000\" \/>\n\t<meta property=\"og:image:height\" content=\"1000\" \/>\n\t<meta property=\"og:image:type\" content=\"image\/jpeg\" \/>\n<meta name=\"twitter:card\" content=\"summary_large_image\" \/>\n<meta name=\"twitter:label1\" content=\"Estimated reading time\" \/>\n\t<meta name=\"twitter:data1\" content=\"1 minute\" \/>\n<script type=\"application\/ld+json\" class=\"yoast-schema-graph\">{\"@context\":\"https:\\\/\\\/schema.org\",\"@graph\":[{\"@type\":\"WebPage\",\"@id\":\"https:\\\/\\\/folliamala.ch\\\/product\\\/die-zurueckhaltende\\\/\",\"url\":\"https:\\\/\\\/folliamala.ch\\\/product\\\/die-zurueckhaltende\\\/\",\"name\":\"Mala Armband Amethyst &#8211; Folliamala\",\"isPartOf\":{\"@id\":\"https:\\\/\\\/folliamala.ch\\\/#website\"},\"primaryImageOfPage\":{\"@id\":\"https:\\\/\\\/folliamala.ch\\\/product\\\/die-zurueckhaltende\\\/#primaryimage\"},\"image\":{\"@id\":\"https:\\\/\\\/folliamala.ch\\\/product\\\/die-zurueckhaltende\\\/#primaryimage\"},\"thumbnailUrl\":\"https:\\\/\\\/folliamala.ch\\\/wp-content\\\/uploads\\\/2022\\\/08\\\/Pugno_Amethist_facettiert_o.jpg\",\"datePublished\":\"2023-02-01T21:25:36+00:00\",\"dateModified\":\"2025-08-23T15:51:07+00:00\",\"description\":\"Mala Armband Amethyst (facettiert). Finde dieses und weitere handgemachte Mala Ketten & Mala Armb\u00e4nder in unserem Onlineshop.\",\"breadcrumb\":{\"@id\":\"https:\\\/\\\/folliamala.ch\\\/product\\\/die-zurueckhaltende\\\/#breadcrumb\"},\"inLanguage\":\"en-GB\",\"potentialAction\":[{\"@type\":\"ReadAction\",\"target\":[\"https:\\\/\\\/folliamala.ch\\\/product\\\/die-zurueckhaltende\\\/\"]}]},{\"@type\":\"ImageObject\",\"inLanguage\":\"en-GB\",\"@id\":\"https:\\\/\\\/folliamala.ch\\\/product\\\/die-zurueckhaltende\\\/#primaryimage\",\"url\":\"https:\\\/\\\/folliamala.ch\\\/wp-content\\\/uploads\\\/2022\\\/08\\\/Pugno_Amethist_facettiert_o.jpg\",\"contentUrl\":\"https:\\\/\\\/folliamala.ch\\\/wp-content\\\/uploads\\\/2022\\\/08\\\/Pugno_Amethist_facettiert_o.jpg\",\"width\":1000,\"height\":1000,\"caption\":\"Mala Armband Amethyst\"},{\"@type\":\"BreadcrumbList\",\"@id\":\"https:\\\/\\\/folliamala.ch\\\/product\\\/die-zurueckhaltende\\\/#breadcrumb\",\"itemListElement\":[{\"@type\":\"ListItem\",\"position\":1,\"name\":\"Startseite\",\"item\":\"https:\\\/\\\/folliamala.ch\\\/\"},{\"@type\":\"ListItem\",\"position\":2,\"name\":\"Shop\",\"item\":\"https:\\\/\\\/folliamala.ch\\\/store\\\/\"},{\"@type\":\"ListItem\",\"position\":3,\"name\":\"Die Zur\u00fcckhaltende\"}]},{\"@type\":\"WebSite\",\"@id\":\"https:\\\/\\\/folliamala.ch\\\/#website\",\"url\":\"https:\\\/\\\/folliamala.ch\\\/\",\"name\":\"Folliamala\",\"description\":\"Mala Ketten &amp; Armb\u00e4nder\",\"publisher\":{\"@id\":\"https:\\\/\\\/folliamala.ch\\\/#organization\"},\"potentialAction\":[{\"@type\":\"SearchAction\",\"target\":{\"@type\":\"EntryPoint\",\"urlTemplate\":\"https:\\\/\\\/folliamala.ch\\\/?s={search_term_string}\"},\"query-input\":{\"@type\":\"PropertyValueSpecification\",\"valueRequired\":true,\"valueName\":\"search_term_string\"}}],\"inLanguage\":\"en-GB\"},{\"@type\":\"Organization\",\"@id\":\"https:\\\/\\\/folliamala.ch\\\/#organization\",\"name\":\"Folliamala\",\"url\":\"https:\\\/\\\/folliamala.ch\\\/\",\"logo\":{\"@type\":\"ImageObject\",\"inLanguage\":\"en-GB\",\"@id\":\"https:\\\/\\\/folliamala.ch\\\/#\\\/schema\\\/logo\\\/image\\\/\",\"url\":\"https:\\\/\\\/folliamala.ch\\\/wp-content\\\/uploads\\\/2021\\\/08\\\/folliamala_logo.png\",\"contentUrl\":\"https:\\\/\\\/folliamala.ch\\\/wp-content\\\/uploads\\\/2021\\\/08\\\/folliamala_logo.png\",\"width\":529,\"height\":109,\"caption\":\"Folliamala\"},\"image\":{\"@id\":\"https:\\\/\\\/folliamala.ch\\\/#\\\/schema\\\/logo\\\/image\\\/\"},\"sameAs\":[\"https:\\\/\\\/www.facebook.com\\\/folliamala\\\/\",\"https:\\\/\\\/www.instagram.com\\\/folliamala\\\/\",\"https:\\\/\\\/www.pinterest.de\\\/folliamala\\\/\"]}]}<\/script>\n<!-- \/ Yoast SEO plugin. -->","yoast_head_json":{"title":"Mala Armband Amethyst &#8211; Folliamala","description":"Mala Armband Amethyst (facettiert). Finde dieses und weitere handgemachte Mala Ketten & Mala Armb\u00e4nder in unserem Onlineshop.","robots":{"index":"index","follow":"follow","max-snippet":"max-snippet:-1","max-image-preview":"max-image-preview:large","max-video-preview":"max-video-preview:-1"},"canonical":"https:\/\/folliamala.ch\/en\/product\/die-zurueckhaltende\/","og_locale":"en_GB","og_type":"article","og_title":"Mala Armband Amethyst &#8211; Folliamala","og_description":"Mala Armband Amethyst (facettiert). Finde dieses und weitere handgemachte Mala Ketten & Mala Armb\u00e4nder in unserem Onlineshop.","og_url":"https:\/\/folliamala.ch\/en\/product\/die-zurueckhaltende\/","og_site_name":"Folliamala","article_publisher":"https:\/\/www.facebook.com\/folliamala\/","article_modified_time":"2025-08-23T15:51:07+00:00","og_image":[{"width":1000,"height":1000,"url":"https:\/\/folliamala.ch\/wp-content\/uploads\/2022\/08\/Pugno_Amethist_facettiert_o.jpg","type":"image\/jpeg"}],"twitter_card":"summary_large_image","twitter_misc":{"Estimated reading time":"1 minute"},"schema":{"@context":"https:\/\/schema.org","@graph":[{"@type":"WebPage","@id":"https:\/\/folliamala.ch\/product\/die-zurueckhaltende\/","url":"https:\/\/folliamala.ch\/product\/die-zurueckhaltende\/","name":"Mala Armband Amethyst &#8211; Folliamala","isPartOf":{"@id":"https:\/\/folliamala.ch\/#website"},"primaryImageOfPage":{"@id":"https:\/\/folliamala.ch\/product\/die-zurueckhaltende\/#primaryimage"},"image":{"@id":"https:\/\/folliamala.ch\/product\/die-zurueckhaltende\/#primaryimage"},"thumbnailUrl":"https:\/\/folliamala.ch\/wp-content\/uploads\/2022\/08\/Pugno_Amethist_facettiert_o.jpg","datePublished":"2023-02-01T21:25:36+00:00","dateModified":"2025-08-23T15:51:07+00:00","description":"Mala Armband Amethyst (facettiert). Finde dieses und weitere handgemachte Mala Ketten & Mala Armb\u00e4nder in unserem Onlineshop.","breadcrumb":{"@id":"https:\/\/folliamala.ch\/product\/die-zurueckhaltende\/#breadcrumb"},"inLanguage":"en-GB","potentialAction":[{"@type":"ReadAction","target":["https:\/\/folliamala.ch\/product\/die-zurueckhaltende\/"]}]},{"@type":"ImageObject","inLanguage":"en-GB","@id":"https:\/\/folliamala.ch\/product\/die-zurueckhaltende\/#primaryimage","url":"https:\/\/folliamala.ch\/wp-content\/uploads\/2022\/08\/Pugno_Amethist_facettiert_o.jpg","contentUrl":"https:\/\/folliamala.ch\/wp-content\/uploads\/2022\/08\/Pugno_Amethist_facettiert_o.jpg","width":1000,"height":1000,"caption":"Mala Armband Amethyst"},{"@type":"BreadcrumbList","@id":"https:\/\/folliamala.ch\/product\/die-zurueckhaltende\/#breadcrumb","itemListElement":[{"@type":"ListItem","position":1,"name":"Startseite","item":"https:\/\/folliamala.ch\/"},{"@type":"ListItem","position":2,"name":"Shop","item":"https:\/\/folliamala.ch\/store\/"},{"@type":"ListItem","position":3,"name":"Die Zur\u00fcckhaltende"}]},{"@type":"WebSite","@id":"https:\/\/folliamala.ch\/#website","url":"https:\/\/folliamala.ch\/","name":"Folliamala","description":"Mala necklaces &amp; bracelets","publisher":{"@id":"https:\/\/folliamala.ch\/#organization"},"potentialAction":[{"@type":"SearchAction","target":{"@type":"EntryPoint","urlTemplate":"https:\/\/folliamala.ch\/?s={search_term_string}"},"query-input":{"@type":"PropertyValueSpecification","valueRequired":true,"valueName":"search_term_string"}}],"inLanguage":"en-GB"},{"@type":"Organization","@id":"https:\/\/folliamala.ch\/#organization","name":"Folliamala","url":"https:\/\/folliamala.ch\/","logo":{"@type":"ImageObject","inLanguage":"en-GB","@id":"https:\/\/folliamala.ch\/#\/schema\/logo\/image\/","url":"https:\/\/folliamala.ch\/wp-content\/uploads\/2021\/08\/folliamala_logo.png","contentUrl":"https:\/\/folliamala.ch\/wp-content\/uploads\/2021\/08\/folliamala_logo.png","width":529,"height":109,"caption":"Folliamala"},"image":{"@id":"https:\/\/folliamala.ch\/#\/schema\/logo\/image\/"},"sameAs":["https:\/\/www.facebook.com\/folliamala\/","https:\/\/www.instagram.com\/folliamala\/","https:\/\/www.pinterest.de\/folliamala\/"]}]}},"_links":{"self":[{"href":"https:\/\/folliamala.ch\/en\/wp-json\/wp\/v2\/product\/6520","targetHints":{"allow":["GET"]}}],"collection":[{"href":"https:\/\/folliamala.ch\/en\/wp-json\/wp\/v2\/product"}],"about":[{"href":"https:\/\/folliamala.ch\/en\/wp-json\/wp\/v2\/types\/product"}],"version-history":[{"count":9,"href":"https:\/\/folliamala.ch\/en\/wp-json\/wp\/v2\/product\/6520\/revisions"}],"predecessor-version":[{"id":9249,"href":"https:\/\/folliamala.ch\/en\/wp-json\/wp\/v2\/product\/6520\/revisions\/9249"}],"wp:featuredmedia":[{"embeddable":true,"href":"https:\/\/folliamala.ch\/en\/wp-json\/wp\/v2\/media\/6528"}],"wp:attachment":[{"href":"https:\/\/folliamala.ch\/en\/wp-json\/wp\/v2\/media?parent=6520"}],"wp:term":[{"taxonomy":"product_brand","embeddable":true,"href":"https:\/\/folliamala.ch\/en\/wp-json\/wp\/v2\/product_brand?post=6520"},{"taxonomy":"product_cat","embeddable":true,"href":"https:\/\/folliamala.ch\/en\/wp-json\/wp\/v2\/product_cat?post=6520"},{"taxonomy":"product_tag","embeddable":true,"href":"https:\/\/folliamala.ch\/en\/wp-json\/wp\/v2\/product_tag?post=6520"}],"curies":[{"name":"wp","href":"https:\/\/api.w.org\/{rel}","templated":true}]}}