{"id":6785,"date":"2022-09-03T23:25:50","date_gmt":"2022-09-03T21:25:50","guid":{"rendered":"https:\/\/folliamala.ch\/?post_type=product&#038;p=6785"},"modified":"2025-08-23T17:51:06","modified_gmt":"2025-08-23T15:51:06","slug":"loewe-mala","status":"publish","type":"product","link":"https:\/\/folliamala.ch\/en\/product\/loewe-mala\/","title":{"rendered":"Leo-Mala"},"content":{"rendered":"<h6><strong>Malakette f\u00fcr das Sternzeichen L\u00f6we<\/strong><\/h6>\n<p>Bist du zwischen dem 23. Juli und dem 23. August geboren \u2013 oder hast du den L\u00f6wen im Aszendent? Dann ist diese L\u00f6we-Mala wie f\u00fcr dich gemacht.<\/p>\n<p>Das Sternzeichen L\u00f6we steht f\u00fcr St\u00e4rke, Ego und eine ausgepr\u00e4gte Identit\u00e4t. Du handelst gern im grossen Stil und zeigst echte Grossz\u00fcgigkeit. Ob Zeit, Talente oder Ressourcen \u2013 du teilst sie mit deinen Liebsten.\u00a0Als L\u00f6we bist du ein warmherziger, kreativer und liebevoller Mensch. Dein Element ist das Feuer \u2013 du besitzt nat\u00fcrliche F\u00fchrungsqualit\u00e4ten. Menschen sch\u00e4tzen deine Aufgeschlossenheit und suchen deinen Rat.\u00a0Ethik und Ehrlichkeit sind dir wichtig. Du \u00fcberzeugst durch Loyalit\u00e4t, Zuverl\u00e4ssigkeit und Integrit\u00e4t. Gleichzeitig bist du kreativ und voller Lebensfreude. Wo du bist, ist B\u00fchne \u2013 du ziehst Aufmerksamkeit magisch an.\u00a0Mit der Sonne als deinem herrschenden Planeten strahlst du Selbstbewusstsein und Vitalit\u00e4t aus. Du bist der Star des Tierkreises!<\/p>\n<div><\/div>\n<h6><strong>Eigenschaften des L\u00f6wen<\/strong><\/h6>\n<ul>\n<li>Liebevoll<\/li>\n<li>Enthusiastisch<\/li>\n<li>F\u00fchrend<\/li>\n<li>Romantisch<\/li>\n<li>Dramatisch<\/li>\n<li>Warmherzig<\/li>\n<li>Kreativ<\/li>\n<li>Loyal<\/li>\n<li>Stur<\/li>\n<li>Grossz\u00fcgig<\/li>\n<li>Aufgeschlossen<\/li>\n<\/ul>\n<div><\/div>\n<h6><strong>Edelsteine f\u00fcr das Sternzeichen L\u00f6we<\/strong><\/h6>\n<p><strong>Tigerauge:<\/strong> Dieser Stein st\u00e4rkt deine geistige Kraft und f\u00f6rdert deine innere Ausrichtung. Er zeigt dir, dass wahres Wohlbefinden aus pers\u00f6nlicher Entwicklung entsteht \u2013 nicht aus \u00e4usseren Erfolgen. Zudem schenkt er dir geistige Flexibilit\u00e4t.<\/p>\n<p><strong>Rock crystal:<\/strong> Der Bergkristall hilft dir, selbst gesetzte Grenzen zu \u00fcberwinden. Er bringt Klarheit und unterst\u00fctzt deine energetische Balance.<\/p>\n<div><\/div>\n<h6><strong>Du bist kein L\u00f6we?<\/strong><\/h6>\n<p>Kein Problem \u2013 diese Steine haben auch f\u00fcr dich Kraft:<\/p>\n<p><strong>Tiger eye<\/strong> Der Tigerauge verleiht Mut, Sicherheit und Schutz. Er sch\u00e4rft deine Sinne, steigert die Konzentration und hilft bei wichtigen Entscheidungen. Bei Stress und innerer Unruhe wirkt er ausgleichend.<\/p>\n<p><strong>Rock crystal<\/strong> Der Bergkristall verst\u00e4rkt Energien wie kein anderer Edelstein. Als Stein des Lichts sch\u00fctzt er vor negativen Einfl\u00fcssen und f\u00f6rdert dein inneres Leuchten. Mit seiner Hilfe kannst du deine wahren Bed\u00fcrfnisse besser leben.<\/p>\n<p>&nbsp;<\/p>\n<h6><strong>Mala details<\/strong><\/h6>\n<ul>\n<li style=\"font-weight: 400;\" aria-level=\"1\"><span style=\"font-weight: 400;\">108 Perlen: 12 Tigerauge, 24 Bergkristall, 72 Ebenholzperlen<\/span><\/li>\n<li style=\"font-weight: 400;\" aria-level=\"1\"><span style=\"font-weight: 400;\">Bead size: 8 mm<\/span><\/li>\n<li style=\"font-weight: 400;\" aria-level=\"1\"><span style=\"font-weight: 400;\">Guru pearl: Rock crystal - of all the stones, it is the one that amplifies energies most powerfully.\u00a0<\/span><\/li>\n<li style=\"font-weight: 400;\" aria-level=\"1\"><span style=\"font-weight: 400;\">Knotted with professional silk thread to ensure durability and longevity<\/span><\/li>\n<li style=\"font-weight: 400;\" aria-level=\"1\"><span style=\"font-weight: 400;\">Size: 106 cm circumference<\/span><\/li>\n<li>Pendant: tassel (silver or gold-coloured flower of life pendant available on request)<\/li>\n<\/ul>","protected":false},"excerpt":{"rendered":"<p>Rock crystal &amp; tiger's eye<\/p>","protected":false},"featured_media":6755,"template":"","meta":{"site-sidebar-layout":"default","site-content-layout":"default","ast-site-content-layout":"default","site-content-style":"default","site-sidebar-style":"default","ast-global-header-display":"","ast-banner-title-visibility":"","ast-main-header-display":"","ast-hfb-above-header-display":"","ast-hfb-below-header-display":"","ast-hfb-mobile-header-display":"","site-post-title":"","ast-breadcrumbs-content":"","ast-featured-img":"","footer-sml-layout":"","ast-disable-related-posts":"","theme-transparent-header-meta":"default","adv-header-id-meta":"","stick-header-meta":"","header-above-stick-meta":"","header-main-stick-meta":"","header-below-stick-meta":"","astra-migrate-meta-layouts":"set","ast-page-background-enabled":"default","ast-page-background-meta":{"desktop":{"background-color":"","background-image":"","background-repeat":"repeat","background-position":"center center","background-size":"auto","background-attachment":"scroll","background-type":"","background-media":"","overlay-type":"","overlay-color":"","overlay-opacity":"","overlay-gradient":""},"tablet":{"background-color":"","background-image":"","background-repeat":"repeat","background-position":"center center","background-size":"auto","background-attachment":"scroll","background-type":"","background-media":"","overlay-type":"","overlay-color":"","overlay-opacity":"","overlay-gradient":""},"mobile":{"background-color":"","background-image":"","background-repeat":"repeat","background-position":"center center","background-size":"auto","background-attachment":"scroll","background-type":"","background-media":"","overlay-type":"","overlay-color":"","overlay-opacity":"","overlay-gradient":""}},"ast-content-background-meta":{"desktop":{"background-color":"var(--ast-global-color-5)","background-image":"","background-repeat":"repeat","background-position":"center center","background-size":"auto","background-attachment":"scroll","background-type":"","background-media":"","overlay-type":"","overlay-color":"","overlay-opacity":"","overlay-gradient":""},"tablet":{"background-color":"var(--ast-global-color-5)","background-image":"","background-repeat":"repeat","background-position":"center center","background-size":"auto","background-attachment":"scroll","background-type":"","background-media":"","overlay-type":"","overlay-color":"","overlay-opacity":"","overlay-gradient":""},"mobile":{"background-color":"var(--ast-global-color-5)","background-image":"","background-repeat":"repeat","background-position":"center center","background-size":"auto","background-attachment":"scroll","background-type":"","background-media":"","overlay-type":"","overlay-color":"","overlay-opacity":"","overlay-gradient":""}},"_glsr_average":0,"_glsr_ranking":0,"_glsr_reviews":0},"product_brand":[224],"product_cat":[172,27],"product_tag":[107,184,177],"class_list":{"0":"post-6785","1":"product","2":"type-product","3":"status-publish","4":"has-post-thumbnail","6":"product_brand-folliamala","7":"product_cat-zodiaco","8":"product_cat-traditionelle-malaketten","9":"product_tag-bergkristall","10":"product_tag-holz","11":"product_tag-tigerauge","12":"desktop-align-center","13":"tablet-align-left","14":"mobile-align-left","16":"first","17":"instock","18":"sold-individually","19":"shipping-taxable","20":"purchasable","21":"product-type-simple","22":"wpzoom-wc-spi-has-enabled"},"yoast_head":"<!-- This site is optimized with the Yoast SEO plugin v27.4 - https:\/\/yoast.com\/product\/yoast-seo-wordpress\/ -->\n<title>L\u00f6we-Mala &#8211; Folliamala<\/title>\n<meta name=\"description\" content=\"L\u00f6we-Mala, Sternzeichen L\u00f6we. Bist du zwischen dem 21. Juli und dem 22. August geboren oder hast den L\u00f6wen im Aszendent? Diese Mala ist f\u00fcr dich.\u00a0\" \/>\n<meta name=\"robots\" content=\"index, follow, max-snippet:-1, max-image-preview:large, max-video-preview:-1\" \/>\n<link rel=\"canonical\" href=\"https:\/\/folliamala.ch\/en\/product\/loewe-mala\/\" \/>\n<meta property=\"og:locale\" content=\"en_GB\" \/>\n<meta property=\"og:type\" content=\"article\" \/>\n<meta property=\"og:title\" content=\"L\u00f6we-Mala &#8211; Folliamala\" \/>\n<meta property=\"og:description\" content=\"L\u00f6we-Mala, Sternzeichen L\u00f6we. Bist du zwischen dem 21. Juli und dem 22. August geboren oder hast den L\u00f6wen im Aszendent? Diese Mala ist f\u00fcr dich.\u00a0\" \/>\n<meta property=\"og:url\" content=\"https:\/\/folliamala.ch\/en\/product\/loewe-mala\/\" \/>\n<meta property=\"og:site_name\" content=\"Folliamala\" \/>\n<meta property=\"article:publisher\" content=\"https:\/\/www.facebook.com\/folliamala\/\" \/>\n<meta property=\"article:modified_time\" content=\"2025-08-23T15:51:06+00:00\" \/>\n<meta property=\"og:image\" content=\"https:\/\/folliamala.ch\/wp-content\/uploads\/2022\/09\/Loewe_o.jpg\" \/>\n\t<meta property=\"og:image:width\" content=\"1000\" \/>\n\t<meta property=\"og:image:height\" content=\"1000\" \/>\n\t<meta property=\"og:image:type\" content=\"image\/jpeg\" \/>\n<meta name=\"twitter:card\" content=\"summary_large_image\" \/>\n<meta name=\"twitter:label1\" content=\"Estimated reading time\" \/>\n\t<meta name=\"twitter:data1\" content=\"1 minute\" \/>\n<script type=\"application\/ld+json\" class=\"yoast-schema-graph\">{\"@context\":\"https:\\\/\\\/schema.org\",\"@graph\":[{\"@type\":\"WebPage\",\"@id\":\"https:\\\/\\\/folliamala.ch\\\/product\\\/loewe-mala\\\/\",\"url\":\"https:\\\/\\\/folliamala.ch\\\/product\\\/loewe-mala\\\/\",\"name\":\"L\u00f6we-Mala &#8211; Folliamala\",\"isPartOf\":{\"@id\":\"https:\\\/\\\/folliamala.ch\\\/#website\"},\"primaryImageOfPage\":{\"@id\":\"https:\\\/\\\/folliamala.ch\\\/product\\\/loewe-mala\\\/#primaryimage\"},\"image\":{\"@id\":\"https:\\\/\\\/folliamala.ch\\\/product\\\/loewe-mala\\\/#primaryimage\"},\"thumbnailUrl\":\"https:\\\/\\\/folliamala.ch\\\/wp-content\\\/uploads\\\/2022\\\/09\\\/Loewe_o.jpg\",\"datePublished\":\"2022-09-03T21:25:50+00:00\",\"dateModified\":\"2025-08-23T15:51:06+00:00\",\"description\":\"L\u00f6we-Mala, Sternzeichen L\u00f6we. Bist du zwischen dem 21. Juli und dem 22. August geboren oder hast den L\u00f6wen im Aszendent? Diese Mala ist f\u00fcr dich.\u00a0\",\"breadcrumb\":{\"@id\":\"https:\\\/\\\/folliamala.ch\\\/product\\\/loewe-mala\\\/#breadcrumb\"},\"inLanguage\":\"en-GB\",\"potentialAction\":[{\"@type\":\"ReadAction\",\"target\":[\"https:\\\/\\\/folliamala.ch\\\/product\\\/loewe-mala\\\/\"]}]},{\"@type\":\"ImageObject\",\"inLanguage\":\"en-GB\",\"@id\":\"https:\\\/\\\/folliamala.ch\\\/product\\\/loewe-mala\\\/#primaryimage\",\"url\":\"https:\\\/\\\/folliamala.ch\\\/wp-content\\\/uploads\\\/2022\\\/09\\\/Loewe_o.jpg\",\"contentUrl\":\"https:\\\/\\\/folliamala.ch\\\/wp-content\\\/uploads\\\/2022\\\/09\\\/Loewe_o.jpg\",\"width\":1000,\"height\":1000,\"caption\":\"Sternzeichen-Mala Kette L\u00f6we\"},{\"@type\":\"BreadcrumbList\",\"@id\":\"https:\\\/\\\/folliamala.ch\\\/product\\\/loewe-mala\\\/#breadcrumb\",\"itemListElement\":[{\"@type\":\"ListItem\",\"position\":1,\"name\":\"Startseite\",\"item\":\"https:\\\/\\\/folliamala.ch\\\/\"},{\"@type\":\"ListItem\",\"position\":2,\"name\":\"Shop\",\"item\":\"https:\\\/\\\/folliamala.ch\\\/store\\\/\"},{\"@type\":\"ListItem\",\"position\":3,\"name\":\"L\u00f6we-Mala\"}]},{\"@type\":\"WebSite\",\"@id\":\"https:\\\/\\\/folliamala.ch\\\/#website\",\"url\":\"https:\\\/\\\/folliamala.ch\\\/\",\"name\":\"Folliamala\",\"description\":\"Mala Ketten &amp; Armb\u00e4nder\",\"publisher\":{\"@id\":\"https:\\\/\\\/folliamala.ch\\\/#organization\"},\"potentialAction\":[{\"@type\":\"SearchAction\",\"target\":{\"@type\":\"EntryPoint\",\"urlTemplate\":\"https:\\\/\\\/folliamala.ch\\\/?s={search_term_string}\"},\"query-input\":{\"@type\":\"PropertyValueSpecification\",\"valueRequired\":true,\"valueName\":\"search_term_string\"}}],\"inLanguage\":\"en-GB\"},{\"@type\":\"Organization\",\"@id\":\"https:\\\/\\\/folliamala.ch\\\/#organization\",\"name\":\"Folliamala\",\"url\":\"https:\\\/\\\/folliamala.ch\\\/\",\"logo\":{\"@type\":\"ImageObject\",\"inLanguage\":\"en-GB\",\"@id\":\"https:\\\/\\\/folliamala.ch\\\/#\\\/schema\\\/logo\\\/image\\\/\",\"url\":\"https:\\\/\\\/folliamala.ch\\\/wp-content\\\/uploads\\\/2021\\\/08\\\/folliamala_logo.png\",\"contentUrl\":\"https:\\\/\\\/folliamala.ch\\\/wp-content\\\/uploads\\\/2021\\\/08\\\/folliamala_logo.png\",\"width\":529,\"height\":109,\"caption\":\"Folliamala\"},\"image\":{\"@id\":\"https:\\\/\\\/folliamala.ch\\\/#\\\/schema\\\/logo\\\/image\\\/\"},\"sameAs\":[\"https:\\\/\\\/www.facebook.com\\\/folliamala\\\/\",\"https:\\\/\\\/www.instagram.com\\\/folliamala\\\/\",\"https:\\\/\\\/www.pinterest.de\\\/folliamala\\\/\"]}]}<\/script>\n<!-- \/ Yoast SEO plugin. -->","yoast_head_json":{"title":"L\u00f6we-Mala &#8211; Folliamala","description":"L\u00f6we-Mala, Sternzeichen L\u00f6we. Bist du zwischen dem 21. Juli und dem 22. August geboren oder hast den L\u00f6wen im Aszendent? Diese Mala ist f\u00fcr dich.\u00a0","robots":{"index":"index","follow":"follow","max-snippet":"max-snippet:-1","max-image-preview":"max-image-preview:large","max-video-preview":"max-video-preview:-1"},"canonical":"https:\/\/folliamala.ch\/en\/product\/loewe-mala\/","og_locale":"en_GB","og_type":"article","og_title":"L\u00f6we-Mala &#8211; Folliamala","og_description":"L\u00f6we-Mala, Sternzeichen L\u00f6we. Bist du zwischen dem 21. Juli und dem 22. August geboren oder hast den L\u00f6wen im Aszendent? Diese Mala ist f\u00fcr dich.\u00a0","og_url":"https:\/\/folliamala.ch\/en\/product\/loewe-mala\/","og_site_name":"Folliamala","article_publisher":"https:\/\/www.facebook.com\/folliamala\/","article_modified_time":"2025-08-23T15:51:06+00:00","og_image":[{"width":1000,"height":1000,"url":"https:\/\/folliamala.ch\/wp-content\/uploads\/2022\/09\/Loewe_o.jpg","type":"image\/jpeg"}],"twitter_card":"summary_large_image","twitter_misc":{"Estimated reading time":"1 minute"},"schema":{"@context":"https:\/\/schema.org","@graph":[{"@type":"WebPage","@id":"https:\/\/folliamala.ch\/product\/loewe-mala\/","url":"https:\/\/folliamala.ch\/product\/loewe-mala\/","name":"L\u00f6we-Mala &#8211; Folliamala","isPartOf":{"@id":"https:\/\/folliamala.ch\/#website"},"primaryImageOfPage":{"@id":"https:\/\/folliamala.ch\/product\/loewe-mala\/#primaryimage"},"image":{"@id":"https:\/\/folliamala.ch\/product\/loewe-mala\/#primaryimage"},"thumbnailUrl":"https:\/\/folliamala.ch\/wp-content\/uploads\/2022\/09\/Loewe_o.jpg","datePublished":"2022-09-03T21:25:50+00:00","dateModified":"2025-08-23T15:51:06+00:00","description":"L\u00f6we-Mala, Sternzeichen L\u00f6we. Bist du zwischen dem 21. Juli und dem 22. August geboren oder hast den L\u00f6wen im Aszendent? Diese Mala ist f\u00fcr dich.\u00a0","breadcrumb":{"@id":"https:\/\/folliamala.ch\/product\/loewe-mala\/#breadcrumb"},"inLanguage":"en-GB","potentialAction":[{"@type":"ReadAction","target":["https:\/\/folliamala.ch\/product\/loewe-mala\/"]}]},{"@type":"ImageObject","inLanguage":"en-GB","@id":"https:\/\/folliamala.ch\/product\/loewe-mala\/#primaryimage","url":"https:\/\/folliamala.ch\/wp-content\/uploads\/2022\/09\/Loewe_o.jpg","contentUrl":"https:\/\/folliamala.ch\/wp-content\/uploads\/2022\/09\/Loewe_o.jpg","width":1000,"height":1000,"caption":"Sternzeichen-Mala Kette L\u00f6we"},{"@type":"BreadcrumbList","@id":"https:\/\/folliamala.ch\/product\/loewe-mala\/#breadcrumb","itemListElement":[{"@type":"ListItem","position":1,"name":"Startseite","item":"https:\/\/folliamala.ch\/"},{"@type":"ListItem","position":2,"name":"Shop","item":"https:\/\/folliamala.ch\/store\/"},{"@type":"ListItem","position":3,"name":"L\u00f6we-Mala"}]},{"@type":"WebSite","@id":"https:\/\/folliamala.ch\/#website","url":"https:\/\/folliamala.ch\/","name":"Folliamala","description":"Mala necklaces &amp; bracelets","publisher":{"@id":"https:\/\/folliamala.ch\/#organization"},"potentialAction":[{"@type":"SearchAction","target":{"@type":"EntryPoint","urlTemplate":"https:\/\/folliamala.ch\/?s={search_term_string}"},"query-input":{"@type":"PropertyValueSpecification","valueRequired":true,"valueName":"search_term_string"}}],"inLanguage":"en-GB"},{"@type":"Organization","@id":"https:\/\/folliamala.ch\/#organization","name":"Folliamala","url":"https:\/\/folliamala.ch\/","logo":{"@type":"ImageObject","inLanguage":"en-GB","@id":"https:\/\/folliamala.ch\/#\/schema\/logo\/image\/","url":"https:\/\/folliamala.ch\/wp-content\/uploads\/2021\/08\/folliamala_logo.png","contentUrl":"https:\/\/folliamala.ch\/wp-content\/uploads\/2021\/08\/folliamala_logo.png","width":529,"height":109,"caption":"Folliamala"},"image":{"@id":"https:\/\/folliamala.ch\/#\/schema\/logo\/image\/"},"sameAs":["https:\/\/www.facebook.com\/folliamala\/","https:\/\/www.instagram.com\/folliamala\/","https:\/\/www.pinterest.de\/folliamala\/"]}]}},"_links":{"self":[{"href":"https:\/\/folliamala.ch\/en\/wp-json\/wp\/v2\/product\/6785","targetHints":{"allow":["GET"]}}],"collection":[{"href":"https:\/\/folliamala.ch\/en\/wp-json\/wp\/v2\/product"}],"about":[{"href":"https:\/\/folliamala.ch\/en\/wp-json\/wp\/v2\/types\/product"}],"version-history":[{"count":13,"href":"https:\/\/folliamala.ch\/en\/wp-json\/wp\/v2\/product\/6785\/revisions"}],"predecessor-version":[{"id":12577,"href":"https:\/\/folliamala.ch\/en\/wp-json\/wp\/v2\/product\/6785\/revisions\/12577"}],"wp:featuredmedia":[{"embeddable":true,"href":"https:\/\/folliamala.ch\/en\/wp-json\/wp\/v2\/media\/6755"}],"wp:attachment":[{"href":"https:\/\/folliamala.ch\/en\/wp-json\/wp\/v2\/media?parent=6785"}],"wp:term":[{"taxonomy":"product_brand","embeddable":true,"href":"https:\/\/folliamala.ch\/en\/wp-json\/wp\/v2\/product_brand?post=6785"},{"taxonomy":"product_cat","embeddable":true,"href":"https:\/\/folliamala.ch\/en\/wp-json\/wp\/v2\/product_cat?post=6785"},{"taxonomy":"product_tag","embeddable":true,"href":"https:\/\/folliamala.ch\/en\/wp-json\/wp\/v2\/product_tag?post=6785"}],"curies":[{"name":"wp","href":"https:\/\/api.w.org\/{rel}","templated":true}]}}