{"id":9097,"date":"2023-04-16T18:05:13","date_gmt":"2023-04-16T16:05:13","guid":{"rendered":"https:\/\/folliamala.ch\/?post_type=product&#038;p=9097"},"modified":"2025-10-11T20:27:05","modified_gmt":"2025-10-11T18:27:05","slug":"herz-chakra-armband","status":"publish","type":"product","link":"https:\/\/folliamala.ch\/en\/product\/herz-chakra-armband\/","title":{"rendered":"Heart chakra bracelet"},"content":{"rendered":"<p>Das vierte der 7 Chakren ist das Herz-Chakra. Das Herz-Chakra steht nat\u00fcrlich f\u00fcr die Liebe und die Freude die damit einhergeht. Es ist das Tor zu deinem Inneren und die Br\u00fccke zwischen deinem physischen K\u00f6rper und deinen Sinnen. Die Farbe des Herz-Chakras ist Gr\u00fcn. Damit du es in Balance bringen kannst, haben wir das Herz-Chakra-Armband mit gr\u00fcnem Aventurin entworfen.<\/p>\n<p><span style=\"font-weight: 400;\">Energiezentrum f\u00fcr: Liebe, Beziehungen, Mitgef\u00fchl, Annahme<br \/>\n<\/span><span style=\"font-weight: 400;\">Affirmation: Ich bin Liebe<\/span><\/p>\n<ul>\n<li>Edelstein: gr\u00fcner Aventurin<\/li>\n<li>Base: Ebony pearls<\/li>\n<li><span style=\"font-weight: 400;\">Bead size: \u00f8 6 mm<\/span><\/li>\n<li style=\"font-weight: 400;\" aria-level=\"1\"><span style=\"font-weight: 400;\">Elasticated stretch rubber band<\/span><\/li>\n<li>For wrist circumference 15-17 cm<\/li>\n<\/ul>","protected":false},"excerpt":{"rendered":"<p>Aventurine &amp; ebony bracelet<\/p>","protected":false},"featured_media":9078,"template":"","meta":{"site-sidebar-layout":"default","site-content-layout":"default","ast-site-content-layout":"default","site-content-style":"default","site-sidebar-style":"default","ast-global-header-display":"","ast-banner-title-visibility":"","ast-main-header-display":"","ast-hfb-above-header-display":"","ast-hfb-below-header-display":"","ast-hfb-mobile-header-display":"","site-post-title":"","ast-breadcrumbs-content":"","ast-featured-img":"","footer-sml-layout":"","ast-disable-related-posts":"","theme-transparent-header-meta":"default","adv-header-id-meta":"","stick-header-meta":"","header-above-stick-meta":"","header-main-stick-meta":"","header-below-stick-meta":"","astra-migrate-meta-layouts":"default","ast-page-background-enabled":"default","ast-page-background-meta":{"desktop":{"background-color":"","background-image":"","background-repeat":"repeat","background-position":"center center","background-size":"auto","background-attachment":"scroll","background-type":"","background-media":"","overlay-type":"","overlay-color":"","overlay-opacity":"","overlay-gradient":""},"tablet":{"background-color":"","background-image":"","background-repeat":"repeat","background-position":"center center","background-size":"auto","background-attachment":"scroll","background-type":"","background-media":"","overlay-type":"","overlay-color":"","overlay-opacity":"","overlay-gradient":""},"mobile":{"background-color":"","background-image":"","background-repeat":"repeat","background-position":"center center","background-size":"auto","background-attachment":"scroll","background-type":"","background-media":"","overlay-type":"","overlay-color":"","overlay-opacity":"","overlay-gradient":""}},"ast-content-background-meta":{"desktop":{"background-color":"var(--ast-global-color-5)","background-image":"","background-repeat":"repeat","background-position":"center center","background-size":"auto","background-attachment":"scroll","background-type":"","background-media":"","overlay-type":"","overlay-color":"","overlay-opacity":"","overlay-gradient":""},"tablet":{"background-color":"var(--ast-global-color-5)","background-image":"","background-repeat":"repeat","background-position":"center center","background-size":"auto","background-attachment":"scroll","background-type":"","background-media":"","overlay-type":"","overlay-color":"","overlay-opacity":"","overlay-gradient":""},"mobile":{"background-color":"var(--ast-global-color-5)","background-image":"","background-repeat":"repeat","background-position":"center center","background-size":"auto","background-attachment":"scroll","background-type":"","background-media":"","overlay-type":"","overlay-color":"","overlay-opacity":"","overlay-gradient":""}},"_glsr_average":0,"_glsr_ranking":0,"_glsr_reviews":0},"product_brand":[224],"product_cat":[127,195],"product_tag":[101,184],"class_list":{"0":"post-9097","1":"product","2":"type-product","3":"status-publish","4":"has-post-thumbnail","6":"product_brand-folliamala","7":"product_cat-armband","8":"product_cat-chakra-armbaender","9":"product_tag-aventurin","10":"product_tag-holz","11":"desktop-align-center","12":"tablet-align-left","13":"mobile-align-left","15":"first","16":"instock","17":"sold-individually","18":"purchasable","19":"product-type-simple","20":"wpzoom-wc-spi-has-enabled"},"yoast_head":"<!-- This site is optimized with the Yoast SEO plugin v27.4 - https:\/\/yoast.com\/product\/yoast-seo-wordpress\/ -->\n<title>Herz-Chakra-Armband &#8211; Folliamala<\/title>\n<meta name=\"description\" content=\"Herz-Chakra-Armband steht f\u00fcr die Liebe und die Freude die damit einhergeht. Es ist das Tor zu deinem Inneren und deinen Sinnen.\" \/>\n<meta name=\"robots\" content=\"index, follow, max-snippet:-1, max-image-preview:large, max-video-preview:-1\" \/>\n<link rel=\"canonical\" href=\"https:\/\/folliamala.ch\/en\/product\/herz-chakra-armband\/\" \/>\n<meta property=\"og:locale\" content=\"en_GB\" \/>\n<meta property=\"og:type\" content=\"article\" \/>\n<meta property=\"og:title\" content=\"Herz-Chakra-Armband &#8211; Folliamala\" \/>\n<meta property=\"og:description\" content=\"Herz-Chakra-Armband steht f\u00fcr die Liebe und die Freude die damit einhergeht. Es ist das Tor zu deinem Inneren und deinen Sinnen.\" \/>\n<meta property=\"og:url\" content=\"https:\/\/folliamala.ch\/en\/product\/herz-chakra-armband\/\" \/>\n<meta property=\"og:site_name\" content=\"Folliamala\" \/>\n<meta property=\"article:publisher\" content=\"https:\/\/www.facebook.com\/folliamala\/\" \/>\n<meta property=\"article:modified_time\" content=\"2025-10-11T18:27:05+00:00\" \/>\n<meta property=\"og:image\" content=\"https:\/\/folliamala.ch\/wp-content\/uploads\/2023\/04\/Chakra_gruener_Aventurin_o.webp\" \/>\n\t<meta property=\"og:image:width\" content=\"1000\" \/>\n\t<meta property=\"og:image:height\" content=\"1000\" \/>\n\t<meta property=\"og:image:type\" content=\"image\/webp\" \/>\n<meta name=\"twitter:card\" content=\"summary_large_image\" \/>\n<meta name=\"twitter:label1\" content=\"Estimated reading time\" \/>\n\t<meta name=\"twitter:data1\" content=\"1 minute\" \/>\n<script type=\"application\/ld+json\" class=\"yoast-schema-graph\">{\"@context\":\"https:\\\/\\\/schema.org\",\"@graph\":[{\"@type\":\"WebPage\",\"@id\":\"https:\\\/\\\/folliamala.ch\\\/product\\\/herz-chakra-armband\\\/\",\"url\":\"https:\\\/\\\/folliamala.ch\\\/product\\\/herz-chakra-armband\\\/\",\"name\":\"Herz-Chakra-Armband &#8211; Folliamala\",\"isPartOf\":{\"@id\":\"https:\\\/\\\/folliamala.ch\\\/#website\"},\"primaryImageOfPage\":{\"@id\":\"https:\\\/\\\/folliamala.ch\\\/product\\\/herz-chakra-armband\\\/#primaryimage\"},\"image\":{\"@id\":\"https:\\\/\\\/folliamala.ch\\\/product\\\/herz-chakra-armband\\\/#primaryimage\"},\"thumbnailUrl\":\"https:\\\/\\\/folliamala.ch\\\/wp-content\\\/uploads\\\/2023\\\/04\\\/Chakra_gruener_Aventurin_o.webp\",\"datePublished\":\"2023-04-16T16:05:13+00:00\",\"dateModified\":\"2025-10-11T18:27:05+00:00\",\"description\":\"Herz-Chakra-Armband steht f\u00fcr die Liebe und die Freude die damit einhergeht. Es ist das Tor zu deinem Inneren und deinen Sinnen.\",\"breadcrumb\":{\"@id\":\"https:\\\/\\\/folliamala.ch\\\/product\\\/herz-chakra-armband\\\/#breadcrumb\"},\"inLanguage\":\"en-GB\",\"potentialAction\":[{\"@type\":\"ReadAction\",\"target\":[\"https:\\\/\\\/folliamala.ch\\\/product\\\/herz-chakra-armband\\\/\"]}]},{\"@type\":\"ImageObject\",\"inLanguage\":\"en-GB\",\"@id\":\"https:\\\/\\\/folliamala.ch\\\/product\\\/herz-chakra-armband\\\/#primaryimage\",\"url\":\"https:\\\/\\\/folliamala.ch\\\/wp-content\\\/uploads\\\/2023\\\/04\\\/Chakra_gruener_Aventurin_o.webp\",\"contentUrl\":\"https:\\\/\\\/folliamala.ch\\\/wp-content\\\/uploads\\\/2023\\\/04\\\/Chakra_gruener_Aventurin_o.webp\",\"width\":1000,\"height\":1000,\"caption\":\"Chakra Armband Herz-Chakra\"},{\"@type\":\"BreadcrumbList\",\"@id\":\"https:\\\/\\\/folliamala.ch\\\/product\\\/herz-chakra-armband\\\/#breadcrumb\",\"itemListElement\":[{\"@type\":\"ListItem\",\"position\":1,\"name\":\"Startseite\",\"item\":\"https:\\\/\\\/folliamala.ch\\\/\"},{\"@type\":\"ListItem\",\"position\":2,\"name\":\"Shop\",\"item\":\"https:\\\/\\\/folliamala.ch\\\/store\\\/\"},{\"@type\":\"ListItem\",\"position\":3,\"name\":\"Herz-Chakra-Armband\"}]},{\"@type\":\"WebSite\",\"@id\":\"https:\\\/\\\/folliamala.ch\\\/#website\",\"url\":\"https:\\\/\\\/folliamala.ch\\\/\",\"name\":\"Folliamala\",\"description\":\"Mala Ketten &amp; Armb\u00e4nder\",\"publisher\":{\"@id\":\"https:\\\/\\\/folliamala.ch\\\/#organization\"},\"potentialAction\":[{\"@type\":\"SearchAction\",\"target\":{\"@type\":\"EntryPoint\",\"urlTemplate\":\"https:\\\/\\\/folliamala.ch\\\/?s={search_term_string}\"},\"query-input\":{\"@type\":\"PropertyValueSpecification\",\"valueRequired\":true,\"valueName\":\"search_term_string\"}}],\"inLanguage\":\"en-GB\"},{\"@type\":\"Organization\",\"@id\":\"https:\\\/\\\/folliamala.ch\\\/#organization\",\"name\":\"Folliamala\",\"url\":\"https:\\\/\\\/folliamala.ch\\\/\",\"logo\":{\"@type\":\"ImageObject\",\"inLanguage\":\"en-GB\",\"@id\":\"https:\\\/\\\/folliamala.ch\\\/#\\\/schema\\\/logo\\\/image\\\/\",\"url\":\"https:\\\/\\\/folliamala.ch\\\/wp-content\\\/uploads\\\/2021\\\/08\\\/folliamala_logo.png\",\"contentUrl\":\"https:\\\/\\\/folliamala.ch\\\/wp-content\\\/uploads\\\/2021\\\/08\\\/folliamala_logo.png\",\"width\":529,\"height\":109,\"caption\":\"Folliamala\"},\"image\":{\"@id\":\"https:\\\/\\\/folliamala.ch\\\/#\\\/schema\\\/logo\\\/image\\\/\"},\"sameAs\":[\"https:\\\/\\\/www.facebook.com\\\/folliamala\\\/\",\"https:\\\/\\\/www.instagram.com\\\/folliamala\\\/\",\"https:\\\/\\\/www.pinterest.de\\\/folliamala\\\/\"]}]}<\/script>\n<!-- \/ Yoast SEO plugin. -->","yoast_head_json":{"title":"Herz-Chakra-Armband &#8211; Folliamala","description":"Herz-Chakra-Armband steht f\u00fcr die Liebe und die Freude die damit einhergeht. Es ist das Tor zu deinem Inneren und deinen Sinnen.","robots":{"index":"index","follow":"follow","max-snippet":"max-snippet:-1","max-image-preview":"max-image-preview:large","max-video-preview":"max-video-preview:-1"},"canonical":"https:\/\/folliamala.ch\/en\/product\/herz-chakra-armband\/","og_locale":"en_GB","og_type":"article","og_title":"Herz-Chakra-Armband &#8211; Folliamala","og_description":"Herz-Chakra-Armband steht f\u00fcr die Liebe und die Freude die damit einhergeht. Es ist das Tor zu deinem Inneren und deinen Sinnen.","og_url":"https:\/\/folliamala.ch\/en\/product\/herz-chakra-armband\/","og_site_name":"Folliamala","article_publisher":"https:\/\/www.facebook.com\/folliamala\/","article_modified_time":"2025-10-11T18:27:05+00:00","og_image":[{"width":1000,"height":1000,"url":"https:\/\/folliamala.ch\/wp-content\/uploads\/2023\/04\/Chakra_gruener_Aventurin_o.webp","type":"image\/webp"}],"twitter_card":"summary_large_image","twitter_misc":{"Estimated reading time":"1 minute"},"schema":{"@context":"https:\/\/schema.org","@graph":[{"@type":"WebPage","@id":"https:\/\/folliamala.ch\/product\/herz-chakra-armband\/","url":"https:\/\/folliamala.ch\/product\/herz-chakra-armband\/","name":"Herz-Chakra-Armband &#8211; Folliamala","isPartOf":{"@id":"https:\/\/folliamala.ch\/#website"},"primaryImageOfPage":{"@id":"https:\/\/folliamala.ch\/product\/herz-chakra-armband\/#primaryimage"},"image":{"@id":"https:\/\/folliamala.ch\/product\/herz-chakra-armband\/#primaryimage"},"thumbnailUrl":"https:\/\/folliamala.ch\/wp-content\/uploads\/2023\/04\/Chakra_gruener_Aventurin_o.webp","datePublished":"2023-04-16T16:05:13+00:00","dateModified":"2025-10-11T18:27:05+00:00","description":"Herz-Chakra-Armband steht f\u00fcr die Liebe und die Freude die damit einhergeht. Es ist das Tor zu deinem Inneren und deinen Sinnen.","breadcrumb":{"@id":"https:\/\/folliamala.ch\/product\/herz-chakra-armband\/#breadcrumb"},"inLanguage":"en-GB","potentialAction":[{"@type":"ReadAction","target":["https:\/\/folliamala.ch\/product\/herz-chakra-armband\/"]}]},{"@type":"ImageObject","inLanguage":"en-GB","@id":"https:\/\/folliamala.ch\/product\/herz-chakra-armband\/#primaryimage","url":"https:\/\/folliamala.ch\/wp-content\/uploads\/2023\/04\/Chakra_gruener_Aventurin_o.webp","contentUrl":"https:\/\/folliamala.ch\/wp-content\/uploads\/2023\/04\/Chakra_gruener_Aventurin_o.webp","width":1000,"height":1000,"caption":"Chakra Armband Herz-Chakra"},{"@type":"BreadcrumbList","@id":"https:\/\/folliamala.ch\/product\/herz-chakra-armband\/#breadcrumb","itemListElement":[{"@type":"ListItem","position":1,"name":"Startseite","item":"https:\/\/folliamala.ch\/"},{"@type":"ListItem","position":2,"name":"Shop","item":"https:\/\/folliamala.ch\/store\/"},{"@type":"ListItem","position":3,"name":"Herz-Chakra-Armband"}]},{"@type":"WebSite","@id":"https:\/\/folliamala.ch\/#website","url":"https:\/\/folliamala.ch\/","name":"Folliamala","description":"Mala necklaces &amp; bracelets","publisher":{"@id":"https:\/\/folliamala.ch\/#organization"},"potentialAction":[{"@type":"SearchAction","target":{"@type":"EntryPoint","urlTemplate":"https:\/\/folliamala.ch\/?s={search_term_string}"},"query-input":{"@type":"PropertyValueSpecification","valueRequired":true,"valueName":"search_term_string"}}],"inLanguage":"en-GB"},{"@type":"Organization","@id":"https:\/\/folliamala.ch\/#organization","name":"Folliamala","url":"https:\/\/folliamala.ch\/","logo":{"@type":"ImageObject","inLanguage":"en-GB","@id":"https:\/\/folliamala.ch\/#\/schema\/logo\/image\/","url":"https:\/\/folliamala.ch\/wp-content\/uploads\/2021\/08\/folliamala_logo.png","contentUrl":"https:\/\/folliamala.ch\/wp-content\/uploads\/2021\/08\/folliamala_logo.png","width":529,"height":109,"caption":"Folliamala"},"image":{"@id":"https:\/\/folliamala.ch\/#\/schema\/logo\/image\/"},"sameAs":["https:\/\/www.facebook.com\/folliamala\/","https:\/\/www.instagram.com\/folliamala\/","https:\/\/www.pinterest.de\/folliamala\/"]}]}},"_links":{"self":[{"href":"https:\/\/folliamala.ch\/en\/wp-json\/wp\/v2\/product\/9097","targetHints":{"allow":["GET"]}}],"collection":[{"href":"https:\/\/folliamala.ch\/en\/wp-json\/wp\/v2\/product"}],"about":[{"href":"https:\/\/folliamala.ch\/en\/wp-json\/wp\/v2\/types\/product"}],"version-history":[{"count":2,"href":"https:\/\/folliamala.ch\/en\/wp-json\/wp\/v2\/product\/9097\/revisions"}],"predecessor-version":[{"id":9294,"href":"https:\/\/folliamala.ch\/en\/wp-json\/wp\/v2\/product\/9097\/revisions\/9294"}],"wp:featuredmedia":[{"embeddable":true,"href":"https:\/\/folliamala.ch\/en\/wp-json\/wp\/v2\/media\/9078"}],"wp:attachment":[{"href":"https:\/\/folliamala.ch\/en\/wp-json\/wp\/v2\/media?parent=9097"}],"wp:term":[{"taxonomy":"product_brand","embeddable":true,"href":"https:\/\/folliamala.ch\/en\/wp-json\/wp\/v2\/product_brand?post=9097"},{"taxonomy":"product_cat","embeddable":true,"href":"https:\/\/folliamala.ch\/en\/wp-json\/wp\/v2\/product_cat?post=9097"},{"taxonomy":"product_tag","embeddable":true,"href":"https:\/\/folliamala.ch\/en\/wp-json\/wp\/v2\/product_tag?post=9097"}],"curies":[{"name":"wp","href":"https:\/\/api.w.org\/{rel}","templated":true}]}}