{"id":9913,"date":"2023-08-28T22:23:39","date_gmt":"2023-08-28T20:23:39","guid":{"rendered":"https:\/\/folliamala.ch\/?post_type=product&#038;p=9913"},"modified":"2025-08-23T17:51:30","modified_gmt":"2025-08-23T15:51:30","slug":"die-fantastische","status":"publish","type":"product","link":"https:\/\/folliamala.ch\/en\/product\/die-fantastische\/","title":{"rendered":"The fantastic"},"content":{"rendered":"<p><strong>Wickelarmband Lakeblue Cloisonn\u00e9 &amp; Eschenholz<\/strong><\/p>\n<p>Der Seeblaue Cloisonne-Jaspis lehrt uns, die Welt aus einer anderen Perspektive zu sehen, was uns dabei hilft, uns selbst und andere besser zu verstehen.\u00a0Er ist auch als Stein der Vergebung bekannt und wird oft auch verwendet, um Ruhe und Ausgeglichenheit zu f\u00f6rdern, was ihn zu einer guten Wahl f\u00fcr Meditation und Stressabbau macht.\u00a0Lake blue Cloisonne-Jaspis ist ein grossartiger Stein f\u00fcr kreative Menschen, die Inspiration brauchen, da er ihnen hilft, ihre Visionen klarer zu visualisieren. Zudem st\u00e4rkt er das Selbstwertgef\u00fchl.<\/p>\n<ul>\n<li class=\"li1\">Bead size:<span style=\"font-weight: 400;\">\u00a0\u00f8 6 mm<\/span><\/li>\n<li>Silver intermediate elements<\/li>\n<li><span style=\"font-weight: 400;\">Elasticated stretch rubber band<\/span><\/li>\n<li style=\"font-weight: 400;\" aria-level=\"1\"><span style=\"font-weight: 400;\">For wrist circumference up to and including 16 cm (3 x wrapped), customisable to desired size<\/span><\/li>\n<li aria-level=\"1\">Can also be worn as a necklace<\/li>\n<\/ul>","protected":false},"excerpt":{"rendered":"<p>Wrap bracelet Lakeblue Cloisonn\u00e9<\/p>","protected":false},"featured_media":9880,"template":"","meta":{"site-sidebar-layout":"default","site-content-layout":"default","ast-site-content-layout":"default","site-content-style":"default","site-sidebar-style":"default","ast-global-header-display":"","ast-banner-title-visibility":"","ast-main-header-display":"","ast-hfb-above-header-display":"","ast-hfb-below-header-display":"","ast-hfb-mobile-header-display":"","site-post-title":"","ast-breadcrumbs-content":"","ast-featured-img":"","footer-sml-layout":"","ast-disable-related-posts":"","theme-transparent-header-meta":"default","adv-header-id-meta":"","stick-header-meta":"","header-above-stick-meta":"","header-main-stick-meta":"","header-below-stick-meta":"","astra-migrate-meta-layouts":"set","ast-page-background-enabled":"default","ast-page-background-meta":{"desktop":{"background-color":"","background-image":"","background-repeat":"repeat","background-position":"center center","background-size":"auto","background-attachment":"scroll","background-type":"","background-media":"","overlay-type":"","overlay-color":"","overlay-opacity":"","overlay-gradient":""},"tablet":{"background-color":"","background-image":"","background-repeat":"repeat","background-position":"center center","background-size":"auto","background-attachment":"scroll","background-type":"","background-media":"","overlay-type":"","overlay-color":"","overlay-opacity":"","overlay-gradient":""},"mobile":{"background-color":"","background-image":"","background-repeat":"repeat","background-position":"center center","background-size":"auto","background-attachment":"scroll","background-type":"","background-media":"","overlay-type":"","overlay-color":"","overlay-opacity":"","overlay-gradient":""}},"ast-content-background-meta":{"desktop":{"background-color":"var(--ast-global-color-5)","background-image":"","background-repeat":"repeat","background-position":"center center","background-size":"auto","background-attachment":"scroll","background-type":"","background-media":"","overlay-type":"","overlay-color":"","overlay-opacity":"","overlay-gradient":""},"tablet":{"background-color":"var(--ast-global-color-5)","background-image":"","background-repeat":"repeat","background-position":"center center","background-size":"auto","background-attachment":"scroll","background-type":"","background-media":"","overlay-type":"","overlay-color":"","overlay-opacity":"","overlay-gradient":""},"mobile":{"background-color":"var(--ast-global-color-5)","background-image":"","background-repeat":"repeat","background-position":"center center","background-size":"auto","background-attachment":"scroll","background-type":"","background-media":"","overlay-type":"","overlay-color":"","overlay-opacity":"","overlay-gradient":""}},"_glsr_average":0,"_glsr_ranking":0,"_glsr_reviews":0},"product_brand":[224],"product_cat":[127],"product_tag":[184,215],"class_list":{"0":"post-9913","1":"product","2":"type-product","3":"status-publish","4":"has-post-thumbnail","6":"product_brand-folliamala","7":"product_cat-armband","8":"product_tag-holz","9":"product_tag-lakeblue-cloisonne","10":"desktop-align-center","11":"tablet-align-left","12":"mobile-align-left","14":"first","15":"instock","16":"sold-individually","17":"purchasable","18":"product-type-simple","19":"wpzoom-wc-spi-has-enabled"},"yoast_head":"<!-- This site is optimized with the Yoast SEO plugin v27.4 - https:\/\/yoast.com\/product\/yoast-seo-wordpress\/ -->\n<title>Wickelarmband Lake blue Cloisonne &amp; Eschenholz &#8211; Folliamala<\/title>\n<meta name=\"description\" content=\"Wickelarmband Lake blue Cloisonne &amp; Eschenholz ist eine gute Wahl f\u00fcr Meditation und Stressabbau. Weitere Mala-Armb\u00e4nder in unserem Onlineshop.\" \/>\n<meta name=\"robots\" content=\"index, follow, max-snippet:-1, max-image-preview:large, max-video-preview:-1\" \/>\n<link rel=\"canonical\" href=\"https:\/\/folliamala.ch\/en\/product\/die-fantastische\/\" \/>\n<meta property=\"og:locale\" content=\"en_GB\" \/>\n<meta property=\"og:type\" content=\"article\" \/>\n<meta property=\"og:title\" content=\"Wickelarmband Lake blue Cloisonne &amp; Eschenholz &#8211; Folliamala\" \/>\n<meta property=\"og:description\" content=\"Wickelarmband Lake blue Cloisonne &amp; Eschenholz ist eine gute Wahl f\u00fcr Meditation und Stressabbau. Weitere Mala-Armb\u00e4nder in unserem Onlineshop.\" \/>\n<meta property=\"og:url\" content=\"https:\/\/folliamala.ch\/en\/product\/die-fantastische\/\" \/>\n<meta property=\"og:site_name\" content=\"Folliamala\" \/>\n<meta property=\"article:publisher\" content=\"https:\/\/www.facebook.com\/folliamala\/\" \/>\n<meta property=\"article:modified_time\" content=\"2025-08-23T15:51:30+00:00\" \/>\n<meta property=\"og:image\" content=\"https:\/\/folliamala.ch\/wp-content\/uploads\/2023\/08\/Wickelarmband_Lade_Side_Stone_Eschenholz_o.webp\" \/>\n\t<meta property=\"og:image:width\" content=\"1000\" \/>\n\t<meta property=\"og:image:height\" content=\"1000\" \/>\n\t<meta property=\"og:image:type\" content=\"image\/webp\" \/>\n<meta name=\"twitter:card\" content=\"summary_large_image\" \/>\n<meta name=\"twitter:label1\" content=\"Estimated reading time\" \/>\n\t<meta name=\"twitter:data1\" content=\"1 minute\" \/>\n<script type=\"application\/ld+json\" class=\"yoast-schema-graph\">{\"@context\":\"https:\\\/\\\/schema.org\",\"@graph\":[{\"@type\":\"WebPage\",\"@id\":\"https:\\\/\\\/folliamala.ch\\\/product\\\/die-fantastische\\\/\",\"url\":\"https:\\\/\\\/folliamala.ch\\\/product\\\/die-fantastische\\\/\",\"name\":\"Wickelarmband Lake blue Cloisonne & Eschenholz &#8211; Folliamala\",\"isPartOf\":{\"@id\":\"https:\\\/\\\/folliamala.ch\\\/#website\"},\"primaryImageOfPage\":{\"@id\":\"https:\\\/\\\/folliamala.ch\\\/product\\\/die-fantastische\\\/#primaryimage\"},\"image\":{\"@id\":\"https:\\\/\\\/folliamala.ch\\\/product\\\/die-fantastische\\\/#primaryimage\"},\"thumbnailUrl\":\"https:\\\/\\\/folliamala.ch\\\/wp-content\\\/uploads\\\/2023\\\/08\\\/Wickelarmband_Lade_Side_Stone_Eschenholz_o.webp\",\"datePublished\":\"2023-08-28T20:23:39+00:00\",\"dateModified\":\"2025-08-23T15:51:30+00:00\",\"description\":\"Wickelarmband Lake blue Cloisonne & Eschenholz ist eine gute Wahl f\u00fcr Meditation und Stressabbau. Weitere Mala-Armb\u00e4nder in unserem Onlineshop.\",\"breadcrumb\":{\"@id\":\"https:\\\/\\\/folliamala.ch\\\/product\\\/die-fantastische\\\/#breadcrumb\"},\"inLanguage\":\"en-GB\",\"potentialAction\":[{\"@type\":\"ReadAction\",\"target\":[\"https:\\\/\\\/folliamala.ch\\\/product\\\/die-fantastische\\\/\"]}]},{\"@type\":\"ImageObject\",\"inLanguage\":\"en-GB\",\"@id\":\"https:\\\/\\\/folliamala.ch\\\/product\\\/die-fantastische\\\/#primaryimage\",\"url\":\"https:\\\/\\\/folliamala.ch\\\/wp-content\\\/uploads\\\/2023\\\/08\\\/Wickelarmband_Lade_Side_Stone_Eschenholz_o.webp\",\"contentUrl\":\"https:\\\/\\\/folliamala.ch\\\/wp-content\\\/uploads\\\/2023\\\/08\\\/Wickelarmband_Lade_Side_Stone_Eschenholz_o.webp\",\"width\":1000,\"height\":1000,\"caption\":\"Wickelarmband Lake blue Cloisonne & Eschenholz\"},{\"@type\":\"BreadcrumbList\",\"@id\":\"https:\\\/\\\/folliamala.ch\\\/product\\\/die-fantastische\\\/#breadcrumb\",\"itemListElement\":[{\"@type\":\"ListItem\",\"position\":1,\"name\":\"Startseite\",\"item\":\"https:\\\/\\\/folliamala.ch\\\/\"},{\"@type\":\"ListItem\",\"position\":2,\"name\":\"Shop\",\"item\":\"https:\\\/\\\/folliamala.ch\\\/store\\\/\"},{\"@type\":\"ListItem\",\"position\":3,\"name\":\"Die Fantastische\"}]},{\"@type\":\"WebSite\",\"@id\":\"https:\\\/\\\/folliamala.ch\\\/#website\",\"url\":\"https:\\\/\\\/folliamala.ch\\\/\",\"name\":\"Folliamala\",\"description\":\"Mala Ketten &amp; Armb\u00e4nder\",\"publisher\":{\"@id\":\"https:\\\/\\\/folliamala.ch\\\/#organization\"},\"potentialAction\":[{\"@type\":\"SearchAction\",\"target\":{\"@type\":\"EntryPoint\",\"urlTemplate\":\"https:\\\/\\\/folliamala.ch\\\/?s={search_term_string}\"},\"query-input\":{\"@type\":\"PropertyValueSpecification\",\"valueRequired\":true,\"valueName\":\"search_term_string\"}}],\"inLanguage\":\"en-GB\"},{\"@type\":\"Organization\",\"@id\":\"https:\\\/\\\/folliamala.ch\\\/#organization\",\"name\":\"Folliamala\",\"url\":\"https:\\\/\\\/folliamala.ch\\\/\",\"logo\":{\"@type\":\"ImageObject\",\"inLanguage\":\"en-GB\",\"@id\":\"https:\\\/\\\/folliamala.ch\\\/#\\\/schema\\\/logo\\\/image\\\/\",\"url\":\"https:\\\/\\\/folliamala.ch\\\/wp-content\\\/uploads\\\/2021\\\/08\\\/folliamala_logo.png\",\"contentUrl\":\"https:\\\/\\\/folliamala.ch\\\/wp-content\\\/uploads\\\/2021\\\/08\\\/folliamala_logo.png\",\"width\":529,\"height\":109,\"caption\":\"Folliamala\"},\"image\":{\"@id\":\"https:\\\/\\\/folliamala.ch\\\/#\\\/schema\\\/logo\\\/image\\\/\"},\"sameAs\":[\"https:\\\/\\\/www.facebook.com\\\/folliamala\\\/\",\"https:\\\/\\\/www.instagram.com\\\/folliamala\\\/\",\"https:\\\/\\\/www.pinterest.de\\\/folliamala\\\/\"]}]}<\/script>\n<!-- \/ Yoast SEO plugin. -->","yoast_head_json":{"title":"Wickelarmband Lake blue Cloisonne & Eschenholz &#8211; Folliamala","description":"Wickelarmband Lake blue Cloisonne & Eschenholz ist eine gute Wahl f\u00fcr Meditation und Stressabbau. Weitere Mala-Armb\u00e4nder in unserem Onlineshop.","robots":{"index":"index","follow":"follow","max-snippet":"max-snippet:-1","max-image-preview":"max-image-preview:large","max-video-preview":"max-video-preview:-1"},"canonical":"https:\/\/folliamala.ch\/en\/product\/die-fantastische\/","og_locale":"en_GB","og_type":"article","og_title":"Wickelarmband Lake blue Cloisonne & Eschenholz &#8211; Folliamala","og_description":"Wickelarmband Lake blue Cloisonne & Eschenholz ist eine gute Wahl f\u00fcr Meditation und Stressabbau. Weitere Mala-Armb\u00e4nder in unserem Onlineshop.","og_url":"https:\/\/folliamala.ch\/en\/product\/die-fantastische\/","og_site_name":"Folliamala","article_publisher":"https:\/\/www.facebook.com\/folliamala\/","article_modified_time":"2025-08-23T15:51:30+00:00","og_image":[{"width":1000,"height":1000,"url":"https:\/\/folliamala.ch\/wp-content\/uploads\/2023\/08\/Wickelarmband_Lade_Side_Stone_Eschenholz_o.webp","type":"image\/webp"}],"twitter_card":"summary_large_image","twitter_misc":{"Estimated reading time":"1 minute"},"schema":{"@context":"https:\/\/schema.org","@graph":[{"@type":"WebPage","@id":"https:\/\/folliamala.ch\/product\/die-fantastische\/","url":"https:\/\/folliamala.ch\/product\/die-fantastische\/","name":"Wickelarmband Lake blue Cloisonne & Eschenholz &#8211; Folliamala","isPartOf":{"@id":"https:\/\/folliamala.ch\/#website"},"primaryImageOfPage":{"@id":"https:\/\/folliamala.ch\/product\/die-fantastische\/#primaryimage"},"image":{"@id":"https:\/\/folliamala.ch\/product\/die-fantastische\/#primaryimage"},"thumbnailUrl":"https:\/\/folliamala.ch\/wp-content\/uploads\/2023\/08\/Wickelarmband_Lade_Side_Stone_Eschenholz_o.webp","datePublished":"2023-08-28T20:23:39+00:00","dateModified":"2025-08-23T15:51:30+00:00","description":"Wickelarmband Lake blue Cloisonne & Eschenholz ist eine gute Wahl f\u00fcr Meditation und Stressabbau. Weitere Mala-Armb\u00e4nder in unserem Onlineshop.","breadcrumb":{"@id":"https:\/\/folliamala.ch\/product\/die-fantastische\/#breadcrumb"},"inLanguage":"en-GB","potentialAction":[{"@type":"ReadAction","target":["https:\/\/folliamala.ch\/product\/die-fantastische\/"]}]},{"@type":"ImageObject","inLanguage":"en-GB","@id":"https:\/\/folliamala.ch\/product\/die-fantastische\/#primaryimage","url":"https:\/\/folliamala.ch\/wp-content\/uploads\/2023\/08\/Wickelarmband_Lade_Side_Stone_Eschenholz_o.webp","contentUrl":"https:\/\/folliamala.ch\/wp-content\/uploads\/2023\/08\/Wickelarmband_Lade_Side_Stone_Eschenholz_o.webp","width":1000,"height":1000,"caption":"Wickelarmband Lake blue Cloisonne & Eschenholz"},{"@type":"BreadcrumbList","@id":"https:\/\/folliamala.ch\/product\/die-fantastische\/#breadcrumb","itemListElement":[{"@type":"ListItem","position":1,"name":"Startseite","item":"https:\/\/folliamala.ch\/"},{"@type":"ListItem","position":2,"name":"Shop","item":"https:\/\/folliamala.ch\/store\/"},{"@type":"ListItem","position":3,"name":"Die Fantastische"}]},{"@type":"WebSite","@id":"https:\/\/folliamala.ch\/#website","url":"https:\/\/folliamala.ch\/","name":"Folliamala","description":"Mala necklaces &amp; bracelets","publisher":{"@id":"https:\/\/folliamala.ch\/#organization"},"potentialAction":[{"@type":"SearchAction","target":{"@type":"EntryPoint","urlTemplate":"https:\/\/folliamala.ch\/?s={search_term_string}"},"query-input":{"@type":"PropertyValueSpecification","valueRequired":true,"valueName":"search_term_string"}}],"inLanguage":"en-GB"},{"@type":"Organization","@id":"https:\/\/folliamala.ch\/#organization","name":"Folliamala","url":"https:\/\/folliamala.ch\/","logo":{"@type":"ImageObject","inLanguage":"en-GB","@id":"https:\/\/folliamala.ch\/#\/schema\/logo\/image\/","url":"https:\/\/folliamala.ch\/wp-content\/uploads\/2021\/08\/folliamala_logo.png","contentUrl":"https:\/\/folliamala.ch\/wp-content\/uploads\/2021\/08\/folliamala_logo.png","width":529,"height":109,"caption":"Folliamala"},"image":{"@id":"https:\/\/folliamala.ch\/#\/schema\/logo\/image\/"},"sameAs":["https:\/\/www.facebook.com\/folliamala\/","https:\/\/www.instagram.com\/folliamala\/","https:\/\/www.pinterest.de\/folliamala\/"]}]}},"_links":{"self":[{"href":"https:\/\/folliamala.ch\/en\/wp-json\/wp\/v2\/product\/9913","targetHints":{"allow":["GET"]}}],"collection":[{"href":"https:\/\/folliamala.ch\/en\/wp-json\/wp\/v2\/product"}],"about":[{"href":"https:\/\/folliamala.ch\/en\/wp-json\/wp\/v2\/types\/product"}],"version-history":[{"count":4,"href":"https:\/\/folliamala.ch\/en\/wp-json\/wp\/v2\/product\/9913\/revisions"}],"predecessor-version":[{"id":11153,"href":"https:\/\/folliamala.ch\/en\/wp-json\/wp\/v2\/product\/9913\/revisions\/11153"}],"wp:featuredmedia":[{"embeddable":true,"href":"https:\/\/folliamala.ch\/en\/wp-json\/wp\/v2\/media\/9880"}],"wp:attachment":[{"href":"https:\/\/folliamala.ch\/en\/wp-json\/wp\/v2\/media?parent=9913"}],"wp:term":[{"taxonomy":"product_brand","embeddable":true,"href":"https:\/\/folliamala.ch\/en\/wp-json\/wp\/v2\/product_brand?post=9913"},{"taxonomy":"product_cat","embeddable":true,"href":"https:\/\/folliamala.ch\/en\/wp-json\/wp\/v2\/product_cat?post=9913"},{"taxonomy":"product_tag","embeddable":true,"href":"https:\/\/folliamala.ch\/en\/wp-json\/wp\/v2\/product_tag?post=9913"}],"curies":[{"name":"wp","href":"https:\/\/api.w.org\/{rel}","templated":true}]}}