{"id":10200,"date":"2023-11-12T18:52:17","date_gmt":"2023-11-12T16:52:17","guid":{"rendered":"https:\/\/folliamala.ch\/?post_type=product&#038;p=10200"},"modified":"2025-08-23T17:51:51","modified_gmt":"2025-08-23T15:51:51","slug":"die-zarte2","status":"publish","type":"product","link":"https:\/\/folliamala.ch\/fr\/product\/die-zarte2\/","title":{"rendered":"La d\u00e9licatesse"},"content":{"rendered":"<p class=\"p1\"><b>Mala en quartz rose<\/b><\/p>\n<p>Le quartz rose est une pierre particuli\u00e8rement importante pour le c\u0153ur. Il symbolise l\u2019amour inconditionnel et apporte s\u00e9curit\u00e9, tendresse, sensibilit\u00e9, romantisme et confort. Il permet au c\u0153ur de s\u2019ouvrir. Mais cette pierre pr\u00e9cieuse procure \u00e9galement un sentiment d'attachement entre deux \u00e2mes et s\u2019utilise donc aussi dans les relations de longue dur\u00e9e. Elle aide les relations \u00e0 trouver une nouvelle harmonie. En cas de chagrin d'amour, le quartz rose emp\u00eache le c\u0153ur de se fermer et aide \u00e0 l\u00e2cher prise. L\u2019effet apaisant du quartz rose favorise l\u2019ouverture d'esprit. Ses ondes bienveillantes renforcent le sentiment d\u2019amour qui sommeille en chacun de nous. Le quartz rose apporte s\u00e9r\u00e9nit et permet  \u00e0 la personne qui le porte de se sentir aim\u00e9e.<\/p>\n<ul class=\"ul1\">\n<li class=\"li1\">Pi\u00e8ce unique<\/li>\n<li class=\"li1\">Nou\u00e9 \u00e0 la main de mani\u00e8re traditionnelle<\/li>\n<li class=\"li1\">Nombre de perles: 108<\/li>\n<li class=\"li1\">Taille des perles: \u00f8 8 mm<\/li>\n<li class=\"li1\">\u00c9l\u00e9ments interm\u00e9diaires argent\u00e9s<\/li>\n<li>Couleur du fil: vert<\/li>\n<li class=\"li1\">Perle de gourou: cristal de roche<\/li>\n<li class=\"li1\">Pendentif argent\u00e9 Fleur de vie<\/li>\n<li class=\"li1\">Longueur (pendentif inclus): 55 cm<\/li>\n<\/ul>","protected":false},"excerpt":{"rendered":"<p>Mala en quartz rose<\/p>","protected":false},"featured_media":10201,"template":"","meta":{"site-sidebar-layout":"default","site-content-layout":"default","ast-site-content-layout":"default","site-content-style":"default","site-sidebar-style":"default","ast-global-header-display":"","ast-banner-title-visibility":"","ast-main-header-display":"","ast-hfb-above-header-display":"","ast-hfb-below-header-display":"","ast-hfb-mobile-header-display":"","site-post-title":"","ast-breadcrumbs-content":"","ast-featured-img":"","footer-sml-layout":"","ast-disable-related-posts":"","theme-transparent-header-meta":"default","adv-header-id-meta":"","stick-header-meta":"","header-above-stick-meta":"","header-main-stick-meta":"","header-below-stick-meta":"","astra-migrate-meta-layouts":"set","ast-page-background-enabled":"default","ast-page-background-meta":{"desktop":{"background-color":"","background-image":"","background-repeat":"repeat","background-position":"center center","background-size":"auto","background-attachment":"scroll","background-type":"","background-media":"","overlay-type":"","overlay-color":"","overlay-opacity":"","overlay-gradient":""},"tablet":{"background-color":"","background-image":"","background-repeat":"repeat","background-position":"center center","background-size":"auto","background-attachment":"scroll","background-type":"","background-media":"","overlay-type":"","overlay-color":"","overlay-opacity":"","overlay-gradient":""},"mobile":{"background-color":"","background-image":"","background-repeat":"repeat","background-position":"center center","background-size":"auto","background-attachment":"scroll","background-type":"","background-media":"","overlay-type":"","overlay-color":"","overlay-opacity":"","overlay-gradient":""}},"ast-content-background-meta":{"desktop":{"background-color":"var(--ast-global-color-5)","background-image":"","background-repeat":"repeat","background-position":"center center","background-size":"auto","background-attachment":"scroll","background-type":"","background-media":"","overlay-type":"","overlay-color":"","overlay-opacity":"","overlay-gradient":""},"tablet":{"background-color":"var(--ast-global-color-5)","background-image":"","background-repeat":"repeat","background-position":"center center","background-size":"auto","background-attachment":"scroll","background-type":"","background-media":"","overlay-type":"","overlay-color":"","overlay-opacity":"","overlay-gradient":""},"mobile":{"background-color":"var(--ast-global-color-5)","background-image":"","background-repeat":"repeat","background-position":"center center","background-size":"auto","background-attachment":"scroll","background-type":"","background-media":"","overlay-type":"","overlay-color":"","overlay-opacity":"","overlay-gradient":""}},"_glsr_average":0,"_glsr_ranking":0,"_glsr_reviews":0},"product_brand":[224],"product_cat":[27],"product_tag":[186],"class_list":{"0":"post-10200","1":"product","2":"type-product","3":"status-publish","4":"has-post-thumbnail","6":"product_brand-folliamala","7":"product_cat-traditionelle-malaketten","8":"product_tag-rosenquarz","9":"desktop-align-center","10":"tablet-align-left","11":"mobile-align-left","13":"first","14":"instock","15":"sold-individually","16":"shipping-taxable","17":"purchasable","18":"product-type-simple","19":"wpzoom-wc-spi-has-enabled"},"yoast_head":"<!-- This site is optimized with the Yoast SEO plugin v27.4 - https:\/\/yoast.com\/product\/yoast-seo-wordpress\/ -->\n<title>Malakette Rosenquarz &#8211; Folliamala<\/title>\n<meta name=\"description\" content=\"Malakette Rosenquarz \u2013 eine zarte Mala f\u00fcr die Liebe. Rosenquarz sorgt f\u00fcr Sensibilit\u00e4t und Romantik. Weitere Malaketten &amp; Armb\u00e4nder in unserem Online-Shop.\" \/>\n<meta name=\"robots\" content=\"index, follow, max-snippet:-1, max-image-preview:large, max-video-preview:-1\" \/>\n<link rel=\"canonical\" href=\"https:\/\/folliamala.ch\/fr\/product\/die-zarte2\/\" \/>\n<meta property=\"og:locale\" content=\"fr_FR\" \/>\n<meta property=\"og:type\" content=\"article\" \/>\n<meta property=\"og:title\" content=\"Malakette Rosenquarz &#8211; Folliamala\" \/>\n<meta property=\"og:description\" content=\"Malakette Rosenquarz \u2013 eine zarte Mala f\u00fcr die Liebe. Rosenquarz sorgt f\u00fcr Sensibilit\u00e4t und Romantik. Weitere Malaketten &amp; Armb\u00e4nder in unserem Online-Shop.\" \/>\n<meta property=\"og:url\" content=\"https:\/\/folliamala.ch\/fr\/product\/die-zarte2\/\" \/>\n<meta property=\"og:site_name\" content=\"Folliamala\" \/>\n<meta property=\"article:publisher\" content=\"https:\/\/www.facebook.com\/folliamala\/\" \/>\n<meta property=\"article:modified_time\" content=\"2025-08-23T15:51:51+00:00\" \/>\n<meta property=\"og:image\" content=\"https:\/\/folliamala.ch\/wp-content\/uploads\/2023\/11\/Vita_Rosenquarz_o.webp\" \/>\n\t<meta property=\"og:image:width\" content=\"1000\" \/>\n\t<meta property=\"og:image:height\" content=\"1000\" \/>\n\t<meta property=\"og:image:type\" content=\"image\/webp\" \/>\n<meta name=\"twitter:card\" content=\"summary_large_image\" \/>\n<meta name=\"twitter:label1\" content=\"Dur\u00e9e de lecture estim\u00e9e\" \/>\n\t<meta name=\"twitter:data1\" content=\"1 minute\" \/>\n<script type=\"application\/ld+json\" class=\"yoast-schema-graph\">{\"@context\":\"https:\\\/\\\/schema.org\",\"@graph\":[{\"@type\":\"WebPage\",\"@id\":\"https:\\\/\\\/folliamala.ch\\\/product\\\/die-zarte2\\\/\",\"url\":\"https:\\\/\\\/folliamala.ch\\\/product\\\/die-zarte2\\\/\",\"name\":\"Malakette Rosenquarz &#8211; Folliamala\",\"isPartOf\":{\"@id\":\"https:\\\/\\\/folliamala.ch\\\/#website\"},\"primaryImageOfPage\":{\"@id\":\"https:\\\/\\\/folliamala.ch\\\/product\\\/die-zarte2\\\/#primaryimage\"},\"image\":{\"@id\":\"https:\\\/\\\/folliamala.ch\\\/product\\\/die-zarte2\\\/#primaryimage\"},\"thumbnailUrl\":\"https:\\\/\\\/folliamala.ch\\\/wp-content\\\/uploads\\\/2023\\\/11\\\/Vita_Rosenquarz_o.webp\",\"datePublished\":\"2023-11-12T16:52:17+00:00\",\"dateModified\":\"2025-08-23T15:51:51+00:00\",\"description\":\"Malakette Rosenquarz \u2013 eine zarte Mala f\u00fcr die Liebe. Rosenquarz sorgt f\u00fcr Sensibilit\u00e4t und Romantik. Weitere Malaketten & Armb\u00e4nder in unserem Online-Shop.\",\"breadcrumb\":{\"@id\":\"https:\\\/\\\/folliamala.ch\\\/product\\\/die-zarte2\\\/#breadcrumb\"},\"inLanguage\":\"fr-FR\",\"potentialAction\":[{\"@type\":\"ReadAction\",\"target\":[\"https:\\\/\\\/folliamala.ch\\\/product\\\/die-zarte2\\\/\"]}]},{\"@type\":\"ImageObject\",\"inLanguage\":\"fr-FR\",\"@id\":\"https:\\\/\\\/folliamala.ch\\\/product\\\/die-zarte2\\\/#primaryimage\",\"url\":\"https:\\\/\\\/folliamala.ch\\\/wp-content\\\/uploads\\\/2023\\\/11\\\/Vita_Rosenquarz_o.webp\",\"contentUrl\":\"https:\\\/\\\/folliamala.ch\\\/wp-content\\\/uploads\\\/2023\\\/11\\\/Vita_Rosenquarz_o.webp\",\"width\":1000,\"height\":1000,\"caption\":\"Malakette Rosenquarz\"},{\"@type\":\"BreadcrumbList\",\"@id\":\"https:\\\/\\\/folliamala.ch\\\/product\\\/die-zarte2\\\/#breadcrumb\",\"itemListElement\":[{\"@type\":\"ListItem\",\"position\":1,\"name\":\"Startseite\",\"item\":\"https:\\\/\\\/folliamala.ch\\\/\"},{\"@type\":\"ListItem\",\"position\":2,\"name\":\"Shop\",\"item\":\"https:\\\/\\\/folliamala.ch\\\/store\\\/\"},{\"@type\":\"ListItem\",\"position\":3,\"name\":\"Die Zarte\"}]},{\"@type\":\"WebSite\",\"@id\":\"https:\\\/\\\/folliamala.ch\\\/#website\",\"url\":\"https:\\\/\\\/folliamala.ch\\\/\",\"name\":\"Folliamala\",\"description\":\"Mala Ketten &amp; Armb\u00e4nder\",\"publisher\":{\"@id\":\"https:\\\/\\\/folliamala.ch\\\/#organization\"},\"potentialAction\":[{\"@type\":\"SearchAction\",\"target\":{\"@type\":\"EntryPoint\",\"urlTemplate\":\"https:\\\/\\\/folliamala.ch\\\/?s={search_term_string}\"},\"query-input\":{\"@type\":\"PropertyValueSpecification\",\"valueRequired\":true,\"valueName\":\"search_term_string\"}}],\"inLanguage\":\"fr-FR\"},{\"@type\":\"Organization\",\"@id\":\"https:\\\/\\\/folliamala.ch\\\/#organization\",\"name\":\"Folliamala\",\"url\":\"https:\\\/\\\/folliamala.ch\\\/\",\"logo\":{\"@type\":\"ImageObject\",\"inLanguage\":\"fr-FR\",\"@id\":\"https:\\\/\\\/folliamala.ch\\\/#\\\/schema\\\/logo\\\/image\\\/\",\"url\":\"https:\\\/\\\/folliamala.ch\\\/wp-content\\\/uploads\\\/2021\\\/08\\\/folliamala_logo.png\",\"contentUrl\":\"https:\\\/\\\/folliamala.ch\\\/wp-content\\\/uploads\\\/2021\\\/08\\\/folliamala_logo.png\",\"width\":529,\"height\":109,\"caption\":\"Folliamala\"},\"image\":{\"@id\":\"https:\\\/\\\/folliamala.ch\\\/#\\\/schema\\\/logo\\\/image\\\/\"},\"sameAs\":[\"https:\\\/\\\/www.facebook.com\\\/folliamala\\\/\",\"https:\\\/\\\/www.instagram.com\\\/folliamala\\\/\",\"https:\\\/\\\/www.pinterest.de\\\/folliamala\\\/\"]}]}<\/script>\n<!-- \/ Yoast SEO plugin. -->","yoast_head_json":{"title":"Collier de peinture quartz rose - Folliamala","description":"Collier mala quartz rose - un mala d\u00e9licat pour l'amour. Le quartz rose est synonyme de sensibilit\u00e9 et de romantisme. Autres colliers de peinture &amp; bracelets dans notre boutique en ligne.","robots":{"index":"index","follow":"follow","max-snippet":"max-snippet:-1","max-image-preview":"max-image-preview:large","max-video-preview":"max-video-preview:-1"},"canonical":"https:\/\/folliamala.ch\/fr\/product\/die-zarte2\/","og_locale":"fr_FR","og_type":"article","og_title":"Malakette Rosenquarz &#8211; Folliamala","og_description":"Malakette Rosenquarz \u2013 eine zarte Mala f\u00fcr die Liebe. Rosenquarz sorgt f\u00fcr Sensibilit\u00e4t und Romantik. Weitere Malaketten & Armb\u00e4nder in unserem Online-Shop.","og_url":"https:\/\/folliamala.ch\/fr\/product\/die-zarte2\/","og_site_name":"Folliamala","article_publisher":"https:\/\/www.facebook.com\/folliamala\/","article_modified_time":"2025-08-23T15:51:51+00:00","og_image":[{"width":1000,"height":1000,"url":"https:\/\/folliamala.ch\/wp-content\/uploads\/2023\/11\/Vita_Rosenquarz_o.webp","type":"image\/webp"}],"twitter_card":"summary_large_image","twitter_misc":{"Dur\u00e9e de lecture estim\u00e9e":"1 minute"},"schema":{"@context":"https:\/\/schema.org","@graph":[{"@type":"WebPage","@id":"https:\/\/folliamala.ch\/product\/die-zarte2\/","url":"https:\/\/folliamala.ch\/product\/die-zarte2\/","name":"Collier de peinture quartz rose - Folliamala","isPartOf":{"@id":"https:\/\/folliamala.ch\/#website"},"primaryImageOfPage":{"@id":"https:\/\/folliamala.ch\/product\/die-zarte2\/#primaryimage"},"image":{"@id":"https:\/\/folliamala.ch\/product\/die-zarte2\/#primaryimage"},"thumbnailUrl":"https:\/\/folliamala.ch\/wp-content\/uploads\/2023\/11\/Vita_Rosenquarz_o.webp","datePublished":"2023-11-12T16:52:17+00:00","dateModified":"2025-08-23T15:51:51+00:00","description":"Collier mala quartz rose - un mala d\u00e9licat pour l'amour. Le quartz rose est synonyme de sensibilit\u00e9 et de romantisme. Autres colliers de peinture &amp; bracelets dans notre boutique en ligne.","breadcrumb":{"@id":"https:\/\/folliamala.ch\/product\/die-zarte2\/#breadcrumb"},"inLanguage":"fr-FR","potentialAction":[{"@type":"ReadAction","target":["https:\/\/folliamala.ch\/product\/die-zarte2\/"]}]},{"@type":"ImageObject","inLanguage":"fr-FR","@id":"https:\/\/folliamala.ch\/product\/die-zarte2\/#primaryimage","url":"https:\/\/folliamala.ch\/wp-content\/uploads\/2023\/11\/Vita_Rosenquarz_o.webp","contentUrl":"https:\/\/folliamala.ch\/wp-content\/uploads\/2023\/11\/Vita_Rosenquarz_o.webp","width":1000,"height":1000,"caption":"Malakette Rosenquarz"},{"@type":"BreadcrumbList","@id":"https:\/\/folliamala.ch\/product\/die-zarte2\/#breadcrumb","itemListElement":[{"@type":"ListItem","position":1,"name":"Startseite","item":"https:\/\/folliamala.ch\/"},{"@type":"ListItem","position":2,"name":"Shop","item":"https:\/\/folliamala.ch\/store\/"},{"@type":"ListItem","position":3,"name":"Die Zarte"}]},{"@type":"WebSite","@id":"https:\/\/folliamala.ch\/#website","url":"https:\/\/folliamala.ch\/","name":"Folliamala","description":"Malas et bracelets","publisher":{"@id":"https:\/\/folliamala.ch\/#organization"},"potentialAction":[{"@type":"SearchAction","target":{"@type":"EntryPoint","urlTemplate":"https:\/\/folliamala.ch\/?s={search_term_string}"},"query-input":{"@type":"PropertyValueSpecification","valueRequired":true,"valueName":"search_term_string"}}],"inLanguage":"fr-FR"},{"@type":"Organization","@id":"https:\/\/folliamala.ch\/#organization","name":"Folliamala","url":"https:\/\/folliamala.ch\/","logo":{"@type":"ImageObject","inLanguage":"fr-FR","@id":"https:\/\/folliamala.ch\/#\/schema\/logo\/image\/","url":"https:\/\/folliamala.ch\/wp-content\/uploads\/2021\/08\/folliamala_logo.png","contentUrl":"https:\/\/folliamala.ch\/wp-content\/uploads\/2021\/08\/folliamala_logo.png","width":529,"height":109,"caption":"Folliamala"},"image":{"@id":"https:\/\/folliamala.ch\/#\/schema\/logo\/image\/"},"sameAs":["https:\/\/www.facebook.com\/folliamala\/","https:\/\/www.instagram.com\/folliamala\/","https:\/\/www.pinterest.de\/folliamala\/"]}]}},"_links":{"self":[{"href":"https:\/\/folliamala.ch\/fr\/wp-json\/wp\/v2\/product\/10200","targetHints":{"allow":["GET"]}}],"collection":[{"href":"https:\/\/folliamala.ch\/fr\/wp-json\/wp\/v2\/product"}],"about":[{"href":"https:\/\/folliamala.ch\/fr\/wp-json\/wp\/v2\/types\/product"}],"version-history":[{"count":1,"href":"https:\/\/folliamala.ch\/fr\/wp-json\/wp\/v2\/product\/10200\/revisions"}],"predecessor-version":[{"id":10203,"href":"https:\/\/folliamala.ch\/fr\/wp-json\/wp\/v2\/product\/10200\/revisions\/10203"}],"wp:featuredmedia":[{"embeddable":true,"href":"https:\/\/folliamala.ch\/fr\/wp-json\/wp\/v2\/media\/10201"}],"wp:attachment":[{"href":"https:\/\/folliamala.ch\/fr\/wp-json\/wp\/v2\/media?parent=10200"}],"wp:term":[{"taxonomy":"product_brand","embeddable":true,"href":"https:\/\/folliamala.ch\/fr\/wp-json\/wp\/v2\/product_brand?post=10200"},{"taxonomy":"product_cat","embeddable":true,"href":"https:\/\/folliamala.ch\/fr\/wp-json\/wp\/v2\/product_cat?post=10200"},{"taxonomy":"product_tag","embeddable":true,"href":"https:\/\/folliamala.ch\/fr\/wp-json\/wp\/v2\/product_tag?post=10200"}],"curies":[{"name":"wp","href":"https:\/\/api.w.org\/{rel}","templated":true}]}}