{"id":12990,"date":"2025-09-19T17:16:23","date_gmt":"2025-09-19T15:16:23","guid":{"rendered":"https:\/\/folliamala.ch\/?post_type=product&#038;p=12990"},"modified":"2025-09-19T17:31:10","modified_gmt":"2025-09-19T15:31:10","slug":"die-huebsche","status":"publish","type":"product","link":"https:\/\/folliamala.ch\/fr\/product\/die-huebsche\/","title":{"rendered":"La gr\u00e2ce"},"content":{"rendered":"<p><strong>Bracelet enveloppant en jade rose persan et bois de rose<\/strong><\/p>\n<p>Le jade rose persan renforce le c\u0153ur, favorise les relations d'amour et apporte l'harmonie \u00e9motionnelle. Il aide \u00e0 gu\u00e9rir les anciennes blessures, ouvre \u00e0 de nouvelles connexions et aide \u00e0 se rencontrer soi-m\u00eame avec compassion et confiance. Sa douce \u00e9nergie a un effet apaisant, \u00e9quilibrant et procure une paix int\u00e9rieure.<\/p>\n<ul>\n<li>Taille des perles: \u00f8 8 mm<\/li>\n<li>Des rondelles dor\u00e9es comme \u00e9l\u00e9ments interm\u00e9diaires<\/li>\n<li>Mont\u00e9 sur \u00e9lastique<\/li>\n<li>Pour un tour de poignet de 16 cm (enroul\u00e9 3 fois), adaptable \u00e0 la taille souhait\u00e9e<\/li>\n<li>Peut \u00e9galement \u00eatre port\u00e9 comme collier<\/li>\n<\/ul>","protected":false},"excerpt":{"rendered":"<p>Bracelet enveloppant bois de rose &amp; jade rose persan<\/p>","protected":false},"featured_media":12968,"template":"","meta":{"site-sidebar-layout":"default","site-content-layout":"default","ast-site-content-layout":"default","site-content-style":"default","site-sidebar-style":"default","ast-global-header-display":"","ast-banner-title-visibility":"","ast-main-header-display":"","ast-hfb-above-header-display":"","ast-hfb-below-header-display":"","ast-hfb-mobile-header-display":"","site-post-title":"","ast-breadcrumbs-content":"","ast-featured-img":"","footer-sml-layout":"","ast-disable-related-posts":"","theme-transparent-header-meta":"default","adv-header-id-meta":"","stick-header-meta":"","header-above-stick-meta":"","header-main-stick-meta":"","header-below-stick-meta":"","astra-migrate-meta-layouts":"set","ast-page-background-enabled":"default","ast-page-background-meta":{"desktop":{"background-color":"","background-image":"","background-repeat":"repeat","background-position":"center center","background-size":"auto","background-attachment":"scroll","background-type":"","background-media":"","overlay-type":"","overlay-color":"","overlay-opacity":"","overlay-gradient":""},"tablet":{"background-color":"","background-image":"","background-repeat":"repeat","background-position":"center center","background-size":"auto","background-attachment":"scroll","background-type":"","background-media":"","overlay-type":"","overlay-color":"","overlay-opacity":"","overlay-gradient":""},"mobile":{"background-color":"","background-image":"","background-repeat":"repeat","background-position":"center center","background-size":"auto","background-attachment":"scroll","background-type":"","background-media":"","overlay-type":"","overlay-color":"","overlay-opacity":"","overlay-gradient":""}},"ast-content-background-meta":{"desktop":{"background-color":"var(--ast-global-color-5)","background-image":"","background-repeat":"repeat","background-position":"center center","background-size":"auto","background-attachment":"scroll","background-type":"","background-media":"","overlay-type":"","overlay-color":"","overlay-opacity":"","overlay-gradient":""},"tablet":{"background-color":"var(--ast-global-color-5)","background-image":"","background-repeat":"repeat","background-position":"center center","background-size":"auto","background-attachment":"scroll","background-type":"","background-media":"","overlay-type":"","overlay-color":"","overlay-opacity":"","overlay-gradient":""},"mobile":{"background-color":"var(--ast-global-color-5)","background-image":"","background-repeat":"repeat","background-position":"center center","background-size":"auto","background-attachment":"scroll","background-type":"","background-media":"","overlay-type":"","overlay-color":"","overlay-opacity":"","overlay-gradient":""}},"_glsr_average":0,"_glsr_ranking":0,"_glsr_reviews":0},"product_brand":[224],"product_cat":[127,205],"product_tag":[184,102],"class_list":{"0":"post-12990","1":"product","2":"type-product","3":"status-publish","4":"has-post-thumbnail","6":"product_brand-folliamala","7":"product_cat-armband","8":"product_cat-halsketten","9":"product_tag-holz","10":"product_tag-jade","11":"desktop-align-center","12":"tablet-align-left","13":"mobile-align-left","15":"first","16":"instock","17":"featured","18":"sold-individually","19":"purchasable","20":"product-type-simple","21":"wpzoom-wc-spi-has-enabled"},"yoast_head":"<!-- This site is optimized with the Yoast SEO plugin v27.4 - https:\/\/yoast.com\/product\/yoast-seo-wordpress\/ -->\n<title>Wickelarmband Rosenholz &amp; Pink Persian Jade &#8211; Folliamala<\/title>\n<meta name=\"description\" content=\"Wickelarmband Rosenholz &amp; Pink Persian Jade \u2013 f\u00fcr Herz\u00f6ffnung, emotionale Balance &amp; Ruhe. Handgefertigt, auch als Halskette tragbar. Jetzt auf folliamala.ch\" \/>\n<meta name=\"robots\" content=\"index, follow, max-snippet:-1, max-image-preview:large, max-video-preview:-1\" \/>\n<link rel=\"canonical\" href=\"https:\/\/folliamala.ch\/fr\/product\/die-huebsche\/\" \/>\n<meta property=\"og:locale\" content=\"fr_FR\" \/>\n<meta property=\"og:type\" content=\"article\" \/>\n<meta property=\"og:title\" content=\"Wickelarmband Rosenholz &amp; Pink Persian Jade &#8211; Folliamala\" \/>\n<meta property=\"og:description\" content=\"Wickelarmband Rosenholz &amp; Pink Persian Jade \u2013 f\u00fcr Herz\u00f6ffnung, emotionale Balance &amp; Ruhe. Handgefertigt, auch als Halskette tragbar. Jetzt auf folliamala.ch\" \/>\n<meta property=\"og:url\" content=\"https:\/\/folliamala.ch\/fr\/product\/die-huebsche\/\" \/>\n<meta property=\"og:site_name\" content=\"Folliamala\" \/>\n<meta property=\"article:publisher\" content=\"https:\/\/www.facebook.com\/folliamala\/\" \/>\n<meta property=\"article:modified_time\" content=\"2025-09-19T15:31:10+00:00\" \/>\n<meta property=\"og:image\" content=\"https:\/\/folliamala.ch\/wp-content\/uploads\/2025\/09\/Wickelarmband_Holz_Rosa_o.webp\" \/>\n\t<meta property=\"og:image:width\" content=\"1000\" \/>\n\t<meta property=\"og:image:height\" content=\"1000\" \/>\n\t<meta property=\"og:image:type\" content=\"image\/webp\" \/>\n<meta name=\"twitter:card\" content=\"summary_large_image\" \/>\n<meta name=\"twitter:label1\" content=\"Dur\u00e9e de lecture estim\u00e9e\" \/>\n\t<meta name=\"twitter:data1\" content=\"1 minute\" \/>\n<script type=\"application\/ld+json\" class=\"yoast-schema-graph\">{\"@context\":\"https:\\\/\\\/schema.org\",\"@graph\":[{\"@type\":\"WebPage\",\"@id\":\"https:\\\/\\\/folliamala.ch\\\/product\\\/die-huebsche\\\/\",\"url\":\"https:\\\/\\\/folliamala.ch\\\/product\\\/die-huebsche\\\/\",\"name\":\"Wickelarmband Rosenholz & Pink Persian Jade &#8211; Folliamala\",\"isPartOf\":{\"@id\":\"https:\\\/\\\/folliamala.ch\\\/#website\"},\"primaryImageOfPage\":{\"@id\":\"https:\\\/\\\/folliamala.ch\\\/product\\\/die-huebsche\\\/#primaryimage\"},\"image\":{\"@id\":\"https:\\\/\\\/folliamala.ch\\\/product\\\/die-huebsche\\\/#primaryimage\"},\"thumbnailUrl\":\"https:\\\/\\\/folliamala.ch\\\/wp-content\\\/uploads\\\/2025\\\/09\\\/Wickelarmband_Holz_Rosa_o.webp\",\"datePublished\":\"2025-09-19T15:16:23+00:00\",\"dateModified\":\"2025-09-19T15:31:10+00:00\",\"description\":\"Wickelarmband Rosenholz & Pink Persian Jade \u2013 f\u00fcr Herz\u00f6ffnung, emotionale Balance & Ruhe. Handgefertigt, auch als Halskette tragbar. Jetzt auf folliamala.ch\",\"breadcrumb\":{\"@id\":\"https:\\\/\\\/folliamala.ch\\\/product\\\/die-huebsche\\\/#breadcrumb\"},\"inLanguage\":\"fr-FR\",\"potentialAction\":[{\"@type\":\"ReadAction\",\"target\":[\"https:\\\/\\\/folliamala.ch\\\/product\\\/die-huebsche\\\/\"]}]},{\"@type\":\"ImageObject\",\"inLanguage\":\"fr-FR\",\"@id\":\"https:\\\/\\\/folliamala.ch\\\/product\\\/die-huebsche\\\/#primaryimage\",\"url\":\"https:\\\/\\\/folliamala.ch\\\/wp-content\\\/uploads\\\/2025\\\/09\\\/Wickelarmband_Holz_Rosa_o.webp\",\"contentUrl\":\"https:\\\/\\\/folliamala.ch\\\/wp-content\\\/uploads\\\/2025\\\/09\\\/Wickelarmband_Holz_Rosa_o.webp\",\"width\":1000,\"height\":1000,\"caption\":\"Wickelarmband Pink Persian Jade & Rosenholz\"},{\"@type\":\"BreadcrumbList\",\"@id\":\"https:\\\/\\\/folliamala.ch\\\/product\\\/die-huebsche\\\/#breadcrumb\",\"itemListElement\":[{\"@type\":\"ListItem\",\"position\":1,\"name\":\"Startseite\",\"item\":\"https:\\\/\\\/folliamala.ch\\\/\"},{\"@type\":\"ListItem\",\"position\":2,\"name\":\"Shop\",\"item\":\"https:\\\/\\\/folliamala.ch\\\/store\\\/\"},{\"@type\":\"ListItem\",\"position\":3,\"name\":\"Die H\u00fcbsche\"}]},{\"@type\":\"WebSite\",\"@id\":\"https:\\\/\\\/folliamala.ch\\\/#website\",\"url\":\"https:\\\/\\\/folliamala.ch\\\/\",\"name\":\"Folliamala\",\"description\":\"Mala Ketten &amp; Armb\u00e4nder\",\"publisher\":{\"@id\":\"https:\\\/\\\/folliamala.ch\\\/#organization\"},\"potentialAction\":[{\"@type\":\"SearchAction\",\"target\":{\"@type\":\"EntryPoint\",\"urlTemplate\":\"https:\\\/\\\/folliamala.ch\\\/?s={search_term_string}\"},\"query-input\":{\"@type\":\"PropertyValueSpecification\",\"valueRequired\":true,\"valueName\":\"search_term_string\"}}],\"inLanguage\":\"fr-FR\"},{\"@type\":\"Organization\",\"@id\":\"https:\\\/\\\/folliamala.ch\\\/#organization\",\"name\":\"Folliamala\",\"url\":\"https:\\\/\\\/folliamala.ch\\\/\",\"logo\":{\"@type\":\"ImageObject\",\"inLanguage\":\"fr-FR\",\"@id\":\"https:\\\/\\\/folliamala.ch\\\/#\\\/schema\\\/logo\\\/image\\\/\",\"url\":\"https:\\\/\\\/folliamala.ch\\\/wp-content\\\/uploads\\\/2021\\\/08\\\/folliamala_logo.png\",\"contentUrl\":\"https:\\\/\\\/folliamala.ch\\\/wp-content\\\/uploads\\\/2021\\\/08\\\/folliamala_logo.png\",\"width\":529,\"height\":109,\"caption\":\"Folliamala\"},\"image\":{\"@id\":\"https:\\\/\\\/folliamala.ch\\\/#\\\/schema\\\/logo\\\/image\\\/\"},\"sameAs\":[\"https:\\\/\\\/www.facebook.com\\\/folliamala\\\/\",\"https:\\\/\\\/www.instagram.com\\\/folliamala\\\/\",\"https:\\\/\\\/www.pinterest.de\\\/folliamala\\\/\"]}]}<\/script>\n<!-- \/ Yoast SEO plugin. -->","yoast_head_json":{"title":"Bracelet enveloppant bois de rose &amp; jade rose persan - Folliamala","description":"Bracelet enveloppant en bois de rose &amp; jade rose persan - pour l'ouverture du c\u0153ur, l'\u00e9quilibre \u00e9motionnel &amp; le calme. Fait \u00e0 la main, peut aussi \u00eatre port\u00e9 comme collier. Maintenant sur folliamala.ch","robots":{"index":"index","follow":"follow","max-snippet":"max-snippet:-1","max-image-preview":"max-image-preview:large","max-video-preview":"max-video-preview:-1"},"canonical":"https:\/\/folliamala.ch\/fr\/product\/die-huebsche\/","og_locale":"fr_FR","og_type":"article","og_title":"Wickelarmband Rosenholz & Pink Persian Jade &#8211; Folliamala","og_description":"Wickelarmband Rosenholz & Pink Persian Jade \u2013 f\u00fcr Herz\u00f6ffnung, emotionale Balance & Ruhe. Handgefertigt, auch als Halskette tragbar. Jetzt auf folliamala.ch","og_url":"https:\/\/folliamala.ch\/fr\/product\/die-huebsche\/","og_site_name":"Folliamala","article_publisher":"https:\/\/www.facebook.com\/folliamala\/","article_modified_time":"2025-09-19T15:31:10+00:00","og_image":[{"width":1000,"height":1000,"url":"https:\/\/folliamala.ch\/wp-content\/uploads\/2025\/09\/Wickelarmband_Holz_Rosa_o.webp","type":"image\/webp"}],"twitter_card":"summary_large_image","twitter_misc":{"Dur\u00e9e de lecture estim\u00e9e":"1 minute"},"schema":{"@context":"https:\/\/schema.org","@graph":[{"@type":"WebPage","@id":"https:\/\/folliamala.ch\/product\/die-huebsche\/","url":"https:\/\/folliamala.ch\/product\/die-huebsche\/","name":"Bracelet enveloppant bois de rose &amp; jade rose persan - Folliamala","isPartOf":{"@id":"https:\/\/folliamala.ch\/#website"},"primaryImageOfPage":{"@id":"https:\/\/folliamala.ch\/product\/die-huebsche\/#primaryimage"},"image":{"@id":"https:\/\/folliamala.ch\/product\/die-huebsche\/#primaryimage"},"thumbnailUrl":"https:\/\/folliamala.ch\/wp-content\/uploads\/2025\/09\/Wickelarmband_Holz_Rosa_o.webp","datePublished":"2025-09-19T15:16:23+00:00","dateModified":"2025-09-19T15:31:10+00:00","description":"Bracelet enveloppant en bois de rose &amp; jade rose persan - pour l'ouverture du c\u0153ur, l'\u00e9quilibre \u00e9motionnel &amp; le calme. Fait \u00e0 la main, peut aussi \u00eatre port\u00e9 comme collier. Maintenant sur folliamala.ch","breadcrumb":{"@id":"https:\/\/folliamala.ch\/product\/die-huebsche\/#breadcrumb"},"inLanguage":"fr-FR","potentialAction":[{"@type":"ReadAction","target":["https:\/\/folliamala.ch\/product\/die-huebsche\/"]}]},{"@type":"ImageObject","inLanguage":"fr-FR","@id":"https:\/\/folliamala.ch\/product\/die-huebsche\/#primaryimage","url":"https:\/\/folliamala.ch\/wp-content\/uploads\/2025\/09\/Wickelarmband_Holz_Rosa_o.webp","contentUrl":"https:\/\/folliamala.ch\/wp-content\/uploads\/2025\/09\/Wickelarmband_Holz_Rosa_o.webp","width":1000,"height":1000,"caption":"Wickelarmband Pink Persian Jade & Rosenholz"},{"@type":"BreadcrumbList","@id":"https:\/\/folliamala.ch\/product\/die-huebsche\/#breadcrumb","itemListElement":[{"@type":"ListItem","position":1,"name":"Startseite","item":"https:\/\/folliamala.ch\/"},{"@type":"ListItem","position":2,"name":"Shop","item":"https:\/\/folliamala.ch\/store\/"},{"@type":"ListItem","position":3,"name":"Die H\u00fcbsche"}]},{"@type":"WebSite","@id":"https:\/\/folliamala.ch\/#website","url":"https:\/\/folliamala.ch\/","name":"Folliamala","description":"Malas et bracelets","publisher":{"@id":"https:\/\/folliamala.ch\/#organization"},"potentialAction":[{"@type":"SearchAction","target":{"@type":"EntryPoint","urlTemplate":"https:\/\/folliamala.ch\/?s={search_term_string}"},"query-input":{"@type":"PropertyValueSpecification","valueRequired":true,"valueName":"search_term_string"}}],"inLanguage":"fr-FR"},{"@type":"Organization","@id":"https:\/\/folliamala.ch\/#organization","name":"Folliamala","url":"https:\/\/folliamala.ch\/","logo":{"@type":"ImageObject","inLanguage":"fr-FR","@id":"https:\/\/folliamala.ch\/#\/schema\/logo\/image\/","url":"https:\/\/folliamala.ch\/wp-content\/uploads\/2021\/08\/folliamala_logo.png","contentUrl":"https:\/\/folliamala.ch\/wp-content\/uploads\/2021\/08\/folliamala_logo.png","width":529,"height":109,"caption":"Folliamala"},"image":{"@id":"https:\/\/folliamala.ch\/#\/schema\/logo\/image\/"},"sameAs":["https:\/\/www.facebook.com\/folliamala\/","https:\/\/www.instagram.com\/folliamala\/","https:\/\/www.pinterest.de\/folliamala\/"]}]}},"_links":{"self":[{"href":"https:\/\/folliamala.ch\/fr\/wp-json\/wp\/v2\/product\/12990","targetHints":{"allow":["GET"]}}],"collection":[{"href":"https:\/\/folliamala.ch\/fr\/wp-json\/wp\/v2\/product"}],"about":[{"href":"https:\/\/folliamala.ch\/fr\/wp-json\/wp\/v2\/types\/product"}],"version-history":[{"count":1,"href":"https:\/\/folliamala.ch\/fr\/wp-json\/wp\/v2\/product\/12990\/revisions"}],"predecessor-version":[{"id":12991,"href":"https:\/\/folliamala.ch\/fr\/wp-json\/wp\/v2\/product\/12990\/revisions\/12991"}],"wp:featuredmedia":[{"embeddable":true,"href":"https:\/\/folliamala.ch\/fr\/wp-json\/wp\/v2\/media\/12968"}],"wp:attachment":[{"href":"https:\/\/folliamala.ch\/fr\/wp-json\/wp\/v2\/media?parent=12990"}],"wp:term":[{"taxonomy":"product_brand","embeddable":true,"href":"https:\/\/folliamala.ch\/fr\/wp-json\/wp\/v2\/product_brand?post=12990"},{"taxonomy":"product_cat","embeddable":true,"href":"https:\/\/folliamala.ch\/fr\/wp-json\/wp\/v2\/product_cat?post=12990"},{"taxonomy":"product_tag","embeddable":true,"href":"https:\/\/folliamala.ch\/fr\/wp-json\/wp\/v2\/product_tag?post=12990"}],"curies":[{"name":"wp","href":"https:\/\/api.w.org\/{rel}","templated":true}]}}