{"id":14034,"date":"2025-12-21T16:53:07","date_gmt":"2025-12-21T14:53:07","guid":{"rendered":"https:\/\/folliamala.ch\/?post_type=product&#038;p=14034"},"modified":"2026-04-07T20:48:30","modified_gmt":"2026-04-07T18:48:30","slug":"die-standhafte","status":"publish","type":"product","link":"https:\/\/folliamala.ch\/fr\/product\/die-standhafte\/","title":{"rendered":"La fermet\u00e9"},"content":{"rendered":"<p data-path-to-node=\"4\"><strong>Armband Rhodonit, H\u00e4matit &amp; Onyx<\/strong><\/p>\n<p data-path-to-node=\"5\">Innere St\u00e4rke und Schutz sind die Begleiter auf deinem Weg. Wenn du dich den Herausforderungen des Alltags stellst, brauchst du eine feste Erdung und ein offenes Herz. Dieses Armband steht f\u00fcr Fokus, emotionale Balance und die Kraft, bei dir selbst zu bleiben \u2013 mit Zuversicht und Ruhe.<\/p>\n<p>Rhodonit: Hilft bei der Bew\u00e4ltigung von emotionalen Wunden und schenkt Verzeihung sowie Herzensw\u00e4rme.<br \/>\nH\u00e4matit: Spendet Vitalit\u00e4t, wirkt erdend und baut einen energetischen Schutzschild auf.<br \/>\nOnyx: F\u00f6rdert das Selbstbewusstsein, die Disziplin und hilft, Ziele fokussiert zu verfolgen.<\/p>\n<ul>\n<li>Perlengr\u00f6sse: Rhodonit: \u00f8 8 mm, H\u00e4matit &amp; Onyx \u00f8 7 mm<\/li>\n<li>Bande \u00e9lastique en caoutchouc pour un port confortable<\/li>\n<li data-path-to-node=\"7,3,0\">F\u00fcr Handgelenkumfang 18cm, auf Wunschgr\u00f6sse anpassbar<\/li>\n<li>Handgefertigt: In liebevoller Handarbeit hergestellt.<\/li>\n<\/ul>\n<p data-path-to-node=\"10\"><strong>Anpassungen nach Wunsch.<\/strong> Alle unsere Armb\u00e4nder k\u00f6nnen mit einfachen \u00c4nderungen, wie z.B. der Gr\u00f6sse, dem Entfernen oder \u00c4ndern von Akzenten oder Anh\u00e4ngern, angepasst werden. Kontaktiere uns einfach mit deinen W\u00fcnschen.<\/p>\n<p data-path-to-node=\"11\"><strong>Geschenk-Bestellungen.<\/strong> Tu souhaites faire envoyer un bijou \u00e0 une autre personne? Ajoute un message personnel dans la section \u00abRemarques\u00bb du panier et nous joindrons une carte de v\u0153ux manuscrite \u00e0 notre envoi.<\/p>","protected":false},"excerpt":{"rendered":"<p class=\"p1\">Rhodonite, h\u00e9matite &amp; onyx<\/p>","protected":false},"featured_media":14016,"template":"","meta":{"site-sidebar-layout":"default","site-content-layout":"default","ast-site-content-layout":"default","site-content-style":"default","site-sidebar-style":"default","ast-global-header-display":"","ast-banner-title-visibility":"","ast-main-header-display":"","ast-hfb-above-header-display":"","ast-hfb-below-header-display":"","ast-hfb-mobile-header-display":"","site-post-title":"","ast-breadcrumbs-content":"","ast-featured-img":"","footer-sml-layout":"","ast-disable-related-posts":"","theme-transparent-header-meta":"default","adv-header-id-meta":"","stick-header-meta":"","header-above-stick-meta":"","header-main-stick-meta":"","header-below-stick-meta":"","astra-migrate-meta-layouts":"set","ast-page-background-enabled":"default","ast-page-background-meta":{"desktop":{"background-color":"","background-image":"","background-repeat":"repeat","background-position":"center center","background-size":"auto","background-attachment":"scroll","background-type":"","background-media":"","overlay-type":"","overlay-color":"","overlay-opacity":"","overlay-gradient":""},"tablet":{"background-color":"","background-image":"","background-repeat":"repeat","background-position":"center center","background-size":"auto","background-attachment":"scroll","background-type":"","background-media":"","overlay-type":"","overlay-color":"","overlay-opacity":"","overlay-gradient":""},"mobile":{"background-color":"","background-image":"","background-repeat":"repeat","background-position":"center center","background-size":"auto","background-attachment":"scroll","background-type":"","background-media":"","overlay-type":"","overlay-color":"","overlay-opacity":"","overlay-gradient":""}},"ast-content-background-meta":{"desktop":{"background-color":"var(--ast-global-color-5)","background-image":"","background-repeat":"repeat","background-position":"center center","background-size":"auto","background-attachment":"scroll","background-type":"","background-media":"","overlay-type":"","overlay-color":"","overlay-opacity":"","overlay-gradient":""},"tablet":{"background-color":"var(--ast-global-color-5)","background-image":"","background-repeat":"repeat","background-position":"center center","background-size":"auto","background-attachment":"scroll","background-type":"","background-media":"","overlay-type":"","overlay-color":"","overlay-opacity":"","overlay-gradient":""},"mobile":{"background-color":"var(--ast-global-color-5)","background-image":"","background-repeat":"repeat","background-position":"center center","background-size":"auto","background-attachment":"scroll","background-type":"","background-media":"","overlay-type":"","overlay-color":"","overlay-opacity":"","overlay-gradient":""}},"_glsr_average":0,"_glsr_ranking":0,"_glsr_reviews":0},"product_brand":[224],"product_cat":[127],"product_tag":[191,94,83],"class_list":{"0":"post-14034","1":"product","2":"type-product","3":"status-publish","4":"has-post-thumbnail","6":"product_brand-folliamala","7":"product_cat-armband","8":"product_tag-haematit","9":"product_tag-onyx","10":"product_tag-rhodonit","11":"desktop-align-center","12":"tablet-align-left","13":"mobile-align-left","15":"first","16":"instock","17":"sold-individually","18":"purchasable","19":"product-type-simple","20":"wpzoom-wc-spi-has-enabled"},"yoast_head":"<!-- This site is optimized with the Yoast SEO plugin v27.4 - https:\/\/yoast.com\/product\/yoast-seo-wordpress\/ -->\n<title>Armband Rhodonit Haematit Onyx&#8211; Folliamala<\/title>\n<meta name=\"description\" content=\"Armband Rhodonit, Haematit &amp; Onyx \u2013 handgefertigt, f\u00fcr Fokus, emotionale Balance und Kraft.\u00a0Entdecke alle Armb\u00e4nder in unserem Onlineshop bei folliamala.ch\" \/>\n<meta name=\"robots\" content=\"index, follow, max-snippet:-1, max-image-preview:large, max-video-preview:-1\" \/>\n<link rel=\"canonical\" href=\"https:\/\/folliamala.ch\/fr\/product\/die-standhafte\/\" \/>\n<meta property=\"og:locale\" content=\"fr_FR\" \/>\n<meta property=\"og:type\" content=\"article\" \/>\n<meta property=\"og:title\" content=\"Armband Rhodonit Haematit Onyx&#8211; Folliamala\" \/>\n<meta property=\"og:description\" content=\"Armband Rhodonit, Haematit &amp; Onyx \u2013 handgefertigt, f\u00fcr Fokus, emotionale Balance und Kraft.\u00a0Entdecke alle Armb\u00e4nder in unserem Onlineshop bei folliamala.ch\" \/>\n<meta property=\"og:url\" content=\"https:\/\/folliamala.ch\/fr\/product\/die-standhafte\/\" \/>\n<meta property=\"og:site_name\" content=\"Folliamala\" \/>\n<meta property=\"article:publisher\" content=\"https:\/\/www.facebook.com\/folliamala\/\" \/>\n<meta property=\"article:modified_time\" content=\"2026-04-07T18:48:30+00:00\" \/>\n<meta property=\"og:image\" content=\"https:\/\/folliamala.ch\/wp-content\/uploads\/2025\/12\/Armband_Rhodonit_Haematit_Onyx_o.webp\" \/>\n\t<meta property=\"og:image:width\" content=\"1000\" \/>\n\t<meta property=\"og:image:height\" content=\"1000\" \/>\n\t<meta property=\"og:image:type\" content=\"image\/webp\" \/>\n<meta name=\"twitter:card\" content=\"summary_large_image\" \/>\n<meta name=\"twitter:label1\" content=\"Dur\u00e9e de lecture estim\u00e9e\" \/>\n\t<meta name=\"twitter:data1\" content=\"1 minute\" \/>\n<script type=\"application\/ld+json\" class=\"yoast-schema-graph\">{\"@context\":\"https:\\\/\\\/schema.org\",\"@graph\":[{\"@type\":\"WebPage\",\"@id\":\"https:\\\/\\\/folliamala.ch\\\/product\\\/die-standhafte\\\/\",\"url\":\"https:\\\/\\\/folliamala.ch\\\/product\\\/die-standhafte\\\/\",\"name\":\"Armband Rhodonit Haematit Onyx&#8211; Folliamala\",\"isPartOf\":{\"@id\":\"https:\\\/\\\/folliamala.ch\\\/#website\"},\"primaryImageOfPage\":{\"@id\":\"https:\\\/\\\/folliamala.ch\\\/product\\\/die-standhafte\\\/#primaryimage\"},\"image\":{\"@id\":\"https:\\\/\\\/folliamala.ch\\\/product\\\/die-standhafte\\\/#primaryimage\"},\"thumbnailUrl\":\"https:\\\/\\\/folliamala.ch\\\/wp-content\\\/uploads\\\/2025\\\/12\\\/Armband_Rhodonit_Haematit_Onyx_o.webp\",\"datePublished\":\"2025-12-21T14:53:07+00:00\",\"dateModified\":\"2026-04-07T18:48:30+00:00\",\"description\":\"Armband Rhodonit, Haematit & Onyx \u2013 handgefertigt, f\u00fcr Fokus, emotionale Balance und Kraft.\u00a0Entdecke alle Armb\u00e4nder in unserem Onlineshop bei folliamala.ch\",\"breadcrumb\":{\"@id\":\"https:\\\/\\\/folliamala.ch\\\/product\\\/die-standhafte\\\/#breadcrumb\"},\"inLanguage\":\"fr-FR\",\"potentialAction\":[{\"@type\":\"ReadAction\",\"target\":[\"https:\\\/\\\/folliamala.ch\\\/product\\\/die-standhafte\\\/\"]}]},{\"@type\":\"ImageObject\",\"inLanguage\":\"fr-FR\",\"@id\":\"https:\\\/\\\/folliamala.ch\\\/product\\\/die-standhafte\\\/#primaryimage\",\"url\":\"https:\\\/\\\/folliamala.ch\\\/wp-content\\\/uploads\\\/2025\\\/12\\\/Armband_Rhodonit_Haematit_Onyx_o.webp\",\"contentUrl\":\"https:\\\/\\\/folliamala.ch\\\/wp-content\\\/uploads\\\/2025\\\/12\\\/Armband_Rhodonit_Haematit_Onyx_o.webp\",\"width\":1000,\"height\":1000,\"caption\":\"Armband Rhodonit Haematit Onyx\"},{\"@type\":\"BreadcrumbList\",\"@id\":\"https:\\\/\\\/folliamala.ch\\\/product\\\/die-standhafte\\\/#breadcrumb\",\"itemListElement\":[{\"@type\":\"ListItem\",\"position\":1,\"name\":\"Startseite\",\"item\":\"https:\\\/\\\/folliamala.ch\\\/\"},{\"@type\":\"ListItem\",\"position\":2,\"name\":\"Shop\",\"item\":\"https:\\\/\\\/folliamala.ch\\\/store\\\/\"},{\"@type\":\"ListItem\",\"position\":3,\"name\":\"Die Standhafte\"}]},{\"@type\":\"WebSite\",\"@id\":\"https:\\\/\\\/folliamala.ch\\\/#website\",\"url\":\"https:\\\/\\\/folliamala.ch\\\/\",\"name\":\"Folliamala\",\"description\":\"Mala Ketten &amp; Armb\u00e4nder\",\"publisher\":{\"@id\":\"https:\\\/\\\/folliamala.ch\\\/#organization\"},\"potentialAction\":[{\"@type\":\"SearchAction\",\"target\":{\"@type\":\"EntryPoint\",\"urlTemplate\":\"https:\\\/\\\/folliamala.ch\\\/?s={search_term_string}\"},\"query-input\":{\"@type\":\"PropertyValueSpecification\",\"valueRequired\":true,\"valueName\":\"search_term_string\"}}],\"inLanguage\":\"fr-FR\"},{\"@type\":\"Organization\",\"@id\":\"https:\\\/\\\/folliamala.ch\\\/#organization\",\"name\":\"Folliamala\",\"url\":\"https:\\\/\\\/folliamala.ch\\\/\",\"logo\":{\"@type\":\"ImageObject\",\"inLanguage\":\"fr-FR\",\"@id\":\"https:\\\/\\\/folliamala.ch\\\/#\\\/schema\\\/logo\\\/image\\\/\",\"url\":\"https:\\\/\\\/folliamala.ch\\\/wp-content\\\/uploads\\\/2021\\\/08\\\/folliamala_logo.png\",\"contentUrl\":\"https:\\\/\\\/folliamala.ch\\\/wp-content\\\/uploads\\\/2021\\\/08\\\/folliamala_logo.png\",\"width\":529,\"height\":109,\"caption\":\"Folliamala\"},\"image\":{\"@id\":\"https:\\\/\\\/folliamala.ch\\\/#\\\/schema\\\/logo\\\/image\\\/\"},\"sameAs\":[\"https:\\\/\\\/www.facebook.com\\\/folliamala\\\/\",\"https:\\\/\\\/www.instagram.com\\\/folliamala\\\/\",\"https:\\\/\\\/www.pinterest.de\\\/folliamala\\\/\"]}]}<\/script>\n<!-- \/ Yoast SEO plugin. -->","yoast_head_json":{"title":"Armband Rhodonit Haematit Onyx&#8211; Folliamala","description":"Armband Rhodonit, Haematit & Onyx \u2013 handgefertigt, f\u00fcr Fokus, emotionale Balance und Kraft.\u00a0Entdecke alle Armb\u00e4nder in unserem Onlineshop bei folliamala.ch","robots":{"index":"index","follow":"follow","max-snippet":"max-snippet:-1","max-image-preview":"max-image-preview:large","max-video-preview":"max-video-preview:-1"},"canonical":"https:\/\/folliamala.ch\/fr\/product\/die-standhafte\/","og_locale":"fr_FR","og_type":"article","og_title":"Armband Rhodonit Haematit Onyx&#8211; Folliamala","og_description":"Armband Rhodonit, Haematit & Onyx \u2013 handgefertigt, f\u00fcr Fokus, emotionale Balance und Kraft.\u00a0Entdecke alle Armb\u00e4nder in unserem Onlineshop bei folliamala.ch","og_url":"https:\/\/folliamala.ch\/fr\/product\/die-standhafte\/","og_site_name":"Folliamala","article_publisher":"https:\/\/www.facebook.com\/folliamala\/","article_modified_time":"2026-04-07T18:48:30+00:00","og_image":[{"width":1000,"height":1000,"url":"https:\/\/folliamala.ch\/wp-content\/uploads\/2025\/12\/Armband_Rhodonit_Haematit_Onyx_o.webp","type":"image\/webp"}],"twitter_card":"summary_large_image","twitter_misc":{"Dur\u00e9e de lecture estim\u00e9e":"1 minute"},"schema":{"@context":"https:\/\/schema.org","@graph":[{"@type":"WebPage","@id":"https:\/\/folliamala.ch\/product\/die-standhafte\/","url":"https:\/\/folliamala.ch\/product\/die-standhafte\/","name":"Armband Rhodonit Haematit Onyx&#8211; Folliamala","isPartOf":{"@id":"https:\/\/folliamala.ch\/#website"},"primaryImageOfPage":{"@id":"https:\/\/folliamala.ch\/product\/die-standhafte\/#primaryimage"},"image":{"@id":"https:\/\/folliamala.ch\/product\/die-standhafte\/#primaryimage"},"thumbnailUrl":"https:\/\/folliamala.ch\/wp-content\/uploads\/2025\/12\/Armband_Rhodonit_Haematit_Onyx_o.webp","datePublished":"2025-12-21T14:53:07+00:00","dateModified":"2026-04-07T18:48:30+00:00","description":"Armband Rhodonit, Haematit & Onyx \u2013 handgefertigt, f\u00fcr Fokus, emotionale Balance und Kraft.\u00a0Entdecke alle Armb\u00e4nder in unserem Onlineshop bei folliamala.ch","breadcrumb":{"@id":"https:\/\/folliamala.ch\/product\/die-standhafte\/#breadcrumb"},"inLanguage":"fr-FR","potentialAction":[{"@type":"ReadAction","target":["https:\/\/folliamala.ch\/product\/die-standhafte\/"]}]},{"@type":"ImageObject","inLanguage":"fr-FR","@id":"https:\/\/folliamala.ch\/product\/die-standhafte\/#primaryimage","url":"https:\/\/folliamala.ch\/wp-content\/uploads\/2025\/12\/Armband_Rhodonit_Haematit_Onyx_o.webp","contentUrl":"https:\/\/folliamala.ch\/wp-content\/uploads\/2025\/12\/Armband_Rhodonit_Haematit_Onyx_o.webp","width":1000,"height":1000,"caption":"Armband Rhodonit Haematit Onyx"},{"@type":"BreadcrumbList","@id":"https:\/\/folliamala.ch\/product\/die-standhafte\/#breadcrumb","itemListElement":[{"@type":"ListItem","position":1,"name":"Startseite","item":"https:\/\/folliamala.ch\/"},{"@type":"ListItem","position":2,"name":"Shop","item":"https:\/\/folliamala.ch\/store\/"},{"@type":"ListItem","position":3,"name":"Die Standhafte"}]},{"@type":"WebSite","@id":"https:\/\/folliamala.ch\/#website","url":"https:\/\/folliamala.ch\/","name":"Folliamala","description":"Malas et bracelets","publisher":{"@id":"https:\/\/folliamala.ch\/#organization"},"potentialAction":[{"@type":"SearchAction","target":{"@type":"EntryPoint","urlTemplate":"https:\/\/folliamala.ch\/?s={search_term_string}"},"query-input":{"@type":"PropertyValueSpecification","valueRequired":true,"valueName":"search_term_string"}}],"inLanguage":"fr-FR"},{"@type":"Organization","@id":"https:\/\/folliamala.ch\/#organization","name":"Folliamala","url":"https:\/\/folliamala.ch\/","logo":{"@type":"ImageObject","inLanguage":"fr-FR","@id":"https:\/\/folliamala.ch\/#\/schema\/logo\/image\/","url":"https:\/\/folliamala.ch\/wp-content\/uploads\/2021\/08\/folliamala_logo.png","contentUrl":"https:\/\/folliamala.ch\/wp-content\/uploads\/2021\/08\/folliamala_logo.png","width":529,"height":109,"caption":"Folliamala"},"image":{"@id":"https:\/\/folliamala.ch\/#\/schema\/logo\/image\/"},"sameAs":["https:\/\/www.facebook.com\/folliamala\/","https:\/\/www.instagram.com\/folliamala\/","https:\/\/www.pinterest.de\/folliamala\/"]}]}},"_links":{"self":[{"href":"https:\/\/folliamala.ch\/fr\/wp-json\/wp\/v2\/product\/14034","targetHints":{"allow":["GET"]}}],"collection":[{"href":"https:\/\/folliamala.ch\/fr\/wp-json\/wp\/v2\/product"}],"about":[{"href":"https:\/\/folliamala.ch\/fr\/wp-json\/wp\/v2\/types\/product"}],"version-history":[{"count":2,"href":"https:\/\/folliamala.ch\/fr\/wp-json\/wp\/v2\/product\/14034\/revisions"}],"predecessor-version":[{"id":14036,"href":"https:\/\/folliamala.ch\/fr\/wp-json\/wp\/v2\/product\/14034\/revisions\/14036"}],"wp:featuredmedia":[{"embeddable":true,"href":"https:\/\/folliamala.ch\/fr\/wp-json\/wp\/v2\/media\/14016"}],"wp:attachment":[{"href":"https:\/\/folliamala.ch\/fr\/wp-json\/wp\/v2\/media?parent=14034"}],"wp:term":[{"taxonomy":"product_brand","embeddable":true,"href":"https:\/\/folliamala.ch\/fr\/wp-json\/wp\/v2\/product_brand?post=14034"},{"taxonomy":"product_cat","embeddable":true,"href":"https:\/\/folliamala.ch\/fr\/wp-json\/wp\/v2\/product_cat?post=14034"},{"taxonomy":"product_tag","embeddable":true,"href":"https:\/\/folliamala.ch\/fr\/wp-json\/wp\/v2\/product_tag?post=14034"}],"curies":[{"name":"wp","href":"https:\/\/api.w.org\/{rel}","templated":true}]}}