{"id":14041,"date":"2025-12-21T17:32:57","date_gmt":"2025-12-21T15:32:57","guid":{"rendered":"https:\/\/folliamala.ch\/?post_type=product&#038;p=14041"},"modified":"2025-12-21T17:57:27","modified_gmt":"2025-12-21T15:57:27","slug":"die-strahlende","status":"publish","type":"product","link":"https:\/\/folliamala.ch\/fr\/product\/die-strahlende\/","title":{"rendered":"La rayonnante"},"content":{"rendered":"<p><strong>Armband mit Quarz<\/strong><\/p>\n<p>Ein Schmuckst\u00fcck wie ein Moment der Stille. Es besticht durch die weiche Symbiose aus milchigem Weiss und zarten hellbraunen Quarz-Nuancen. Es ist ein Armband, das Ruhe ausstrahlt und dich sanft daran erinnert, im Hier und Jetzt zu verweilen. Dein Begleiter f\u00fcr innere Balance, sanfte Erdung und Momente voller Klarheit und Selbstf\u00fcrsorge.<br \/>\nQuarz: Als Stein der Reinheit sorgt er f\u00fcr einen klaren Blick und ordnet deine Gedanken. Er wirkt wie ein energetischer Filter, der Unruhe neutralisiert und Platz f\u00fcr neuen Fokus schafft.<\/p>\n<p><strong>D\u00e9tails du produit :<\/strong><\/p>\n<ul>\n<li>Material: Nat\u00fcrlicher Quarz in Nuancen von sanftem Hellbraun, Beige und milchigem Weiss.<\/li>\n<li>Taille des perles : 8mm<\/li>\n<li>Design: Dezent, nat\u00fcrlich und zeitlos. Durch die neutralen Erdt\u00f6ne l\u00e4sst es sich perfekt zu jedem Stil kombinieren.<\/li>\n<li>Passform: Auf ein hochwertiges, elastisches Stretch-Band aufgezogen, das sich geschmeidig an dein Handgelenk anschmiegt.<\/li>\n<li>Gr\u00f6sse: Standardm\u00e4ssig f\u00fcr ca. 16\u201317 cm Umfang (Sondergr\u00f6ssen fertigen wir gerne auf Anfrage).<\/li>\n<\/ul>\n<p><strong>Handgefertigte Harmonie:<br \/>\n<\/strong><span style=\"font-size: 16px;\">Jedes dieser Armb\u00e4nder wird von Hand gefertigt, wobei wir besonders auf den fliessenden \u00dcbergang der Farben achten. Die hellbraun-weisse Marmorierung der Quarzsteine erinnert an feinen Sand und helles Treibholz \u2013 ein St\u00fcck Natur f\u00fcr deine Haut. Jedes Exemplar ist ein Unikat mit individueller Zeichnung.<\/span><\/p>","protected":false},"excerpt":{"rendered":"<p class=\"p1\">Bracelet en quartz<\/p>","protected":false},"featured_media":14031,"template":"","meta":{"site-sidebar-layout":"default","site-content-layout":"default","ast-site-content-layout":"default","site-content-style":"default","site-sidebar-style":"default","ast-global-header-display":"","ast-banner-title-visibility":"","ast-main-header-display":"","ast-hfb-above-header-display":"","ast-hfb-below-header-display":"","ast-hfb-mobile-header-display":"","site-post-title":"","ast-breadcrumbs-content":"","ast-featured-img":"","footer-sml-layout":"","ast-disable-related-posts":"","theme-transparent-header-meta":"default","adv-header-id-meta":"","stick-header-meta":"","header-above-stick-meta":"","header-main-stick-meta":"","header-below-stick-meta":"","astra-migrate-meta-layouts":"set","ast-page-background-enabled":"default","ast-page-background-meta":{"desktop":{"background-color":"","background-image":"","background-repeat":"repeat","background-position":"center center","background-size":"auto","background-attachment":"scroll","background-type":"","background-media":"","overlay-type":"","overlay-color":"","overlay-opacity":"","overlay-gradient":""},"tablet":{"background-color":"","background-image":"","background-repeat":"repeat","background-position":"center center","background-size":"auto","background-attachment":"scroll","background-type":"","background-media":"","overlay-type":"","overlay-color":"","overlay-opacity":"","overlay-gradient":""},"mobile":{"background-color":"","background-image":"","background-repeat":"repeat","background-position":"center center","background-size":"auto","background-attachment":"scroll","background-type":"","background-media":"","overlay-type":"","overlay-color":"","overlay-opacity":"","overlay-gradient":""}},"ast-content-background-meta":{"desktop":{"background-color":"var(--ast-global-color-5)","background-image":"","background-repeat":"repeat","background-position":"center center","background-size":"auto","background-attachment":"scroll","background-type":"","background-media":"","overlay-type":"","overlay-color":"","overlay-opacity":"","overlay-gradient":""},"tablet":{"background-color":"var(--ast-global-color-5)","background-image":"","background-repeat":"repeat","background-position":"center center","background-size":"auto","background-attachment":"scroll","background-type":"","background-media":"","overlay-type":"","overlay-color":"","overlay-opacity":"","overlay-gradient":""},"mobile":{"background-color":"var(--ast-global-color-5)","background-image":"","background-repeat":"repeat","background-position":"center center","background-size":"auto","background-attachment":"scroll","background-type":"","background-media":"","overlay-type":"","overlay-color":"","overlay-opacity":"","overlay-gradient":""}},"_glsr_average":0,"_glsr_ranking":0,"_glsr_reviews":0},"product_brand":[224],"product_cat":[127],"product_tag":[263],"class_list":{"0":"post-14041","1":"product","2":"type-product","3":"status-publish","4":"has-post-thumbnail","6":"product_brand-folliamala","7":"product_cat-armband","8":"product_tag-quarz","9":"desktop-align-center","10":"tablet-align-left","11":"mobile-align-left","13":"first","14":"instock","15":"sold-individually","16":"purchasable","17":"product-type-simple","18":"wpzoom-wc-spi-has-enabled"},"yoast_head":"<!-- This site is optimized with the Yoast SEO plugin v27.4 - https:\/\/yoast.com\/product\/yoast-seo-wordpress\/ -->\n<title>Armband Quarz &#8211; Folliamala<\/title>\n<meta name=\"description\" content=\"Armband Quarz: f\u00fcr innere Balance, sanfte Erdung und Momente voller Klarheit. Finde weitere Armb\u00e4nder und Malaketten im Folliamala-Onlineshop.\" \/>\n<meta name=\"robots\" content=\"index, follow, max-snippet:-1, max-image-preview:large, max-video-preview:-1\" \/>\n<link rel=\"canonical\" href=\"https:\/\/folliamala.ch\/fr\/product\/die-strahlende\/\" \/>\n<meta property=\"og:locale\" content=\"fr_FR\" \/>\n<meta property=\"og:type\" content=\"article\" \/>\n<meta property=\"og:title\" content=\"Armband Quarz &#8211; Folliamala\" \/>\n<meta property=\"og:description\" content=\"Armband Quarz: f\u00fcr innere Balance, sanfte Erdung und Momente voller Klarheit. Finde weitere Armb\u00e4nder und Malaketten im Folliamala-Onlineshop.\" \/>\n<meta property=\"og:url\" content=\"https:\/\/folliamala.ch\/fr\/product\/die-strahlende\/\" \/>\n<meta property=\"og:site_name\" content=\"Folliamala\" \/>\n<meta property=\"article:publisher\" content=\"https:\/\/www.facebook.com\/folliamala\/\" \/>\n<meta property=\"article:modified_time\" content=\"2025-12-21T15:57:27+00:00\" \/>\n<meta property=\"og:image\" content=\"https:\/\/folliamala.ch\/wp-content\/uploads\/2025\/12\/Armband_Quarz_o.webp\" \/>\n\t<meta property=\"og:image:width\" content=\"1000\" \/>\n\t<meta property=\"og:image:height\" content=\"1000\" \/>\n\t<meta property=\"og:image:type\" content=\"image\/webp\" \/>\n<meta name=\"twitter:card\" content=\"summary_large_image\" \/>\n<meta name=\"twitter:label1\" content=\"Dur\u00e9e de lecture estim\u00e9e\" \/>\n\t<meta name=\"twitter:data1\" content=\"1 minute\" \/>\n<script type=\"application\/ld+json\" class=\"yoast-schema-graph\">{\"@context\":\"https:\\\/\\\/schema.org\",\"@graph\":[{\"@type\":\"WebPage\",\"@id\":\"https:\\\/\\\/folliamala.ch\\\/product\\\/die-strahlende\\\/\",\"url\":\"https:\\\/\\\/folliamala.ch\\\/product\\\/die-strahlende\\\/\",\"name\":\"Armband Quarz &#8211; Folliamala\",\"isPartOf\":{\"@id\":\"https:\\\/\\\/folliamala.ch\\\/#website\"},\"primaryImageOfPage\":{\"@id\":\"https:\\\/\\\/folliamala.ch\\\/product\\\/die-strahlende\\\/#primaryimage\"},\"image\":{\"@id\":\"https:\\\/\\\/folliamala.ch\\\/product\\\/die-strahlende\\\/#primaryimage\"},\"thumbnailUrl\":\"https:\\\/\\\/folliamala.ch\\\/wp-content\\\/uploads\\\/2025\\\/12\\\/Armband_Quarz_o.webp\",\"datePublished\":\"2025-12-21T15:32:57+00:00\",\"dateModified\":\"2025-12-21T15:57:27+00:00\",\"description\":\"Armband Quarz: f\u00fcr innere Balance, sanfte Erdung und Momente voller Klarheit. Finde weitere Armb\u00e4nder und Malaketten im Folliamala-Onlineshop.\",\"breadcrumb\":{\"@id\":\"https:\\\/\\\/folliamala.ch\\\/product\\\/die-strahlende\\\/#breadcrumb\"},\"inLanguage\":\"fr-FR\",\"potentialAction\":[{\"@type\":\"ReadAction\",\"target\":[\"https:\\\/\\\/folliamala.ch\\\/product\\\/die-strahlende\\\/\"]}]},{\"@type\":\"ImageObject\",\"inLanguage\":\"fr-FR\",\"@id\":\"https:\\\/\\\/folliamala.ch\\\/product\\\/die-strahlende\\\/#primaryimage\",\"url\":\"https:\\\/\\\/folliamala.ch\\\/wp-content\\\/uploads\\\/2025\\\/12\\\/Armband_Quarz_o.webp\",\"contentUrl\":\"https:\\\/\\\/folliamala.ch\\\/wp-content\\\/uploads\\\/2025\\\/12\\\/Armband_Quarz_o.webp\",\"width\":1000,\"height\":1000,\"caption\":\"Armband Quarz\"},{\"@type\":\"BreadcrumbList\",\"@id\":\"https:\\\/\\\/folliamala.ch\\\/product\\\/die-strahlende\\\/#breadcrumb\",\"itemListElement\":[{\"@type\":\"ListItem\",\"position\":1,\"name\":\"Startseite\",\"item\":\"https:\\\/\\\/folliamala.ch\\\/\"},{\"@type\":\"ListItem\",\"position\":2,\"name\":\"Shop\",\"item\":\"https:\\\/\\\/folliamala.ch\\\/store\\\/\"},{\"@type\":\"ListItem\",\"position\":3,\"name\":\"Die Strahlende\"}]},{\"@type\":\"WebSite\",\"@id\":\"https:\\\/\\\/folliamala.ch\\\/#website\",\"url\":\"https:\\\/\\\/folliamala.ch\\\/\",\"name\":\"Folliamala\",\"description\":\"Mala Ketten &amp; Armb\u00e4nder\",\"publisher\":{\"@id\":\"https:\\\/\\\/folliamala.ch\\\/#organization\"},\"potentialAction\":[{\"@type\":\"SearchAction\",\"target\":{\"@type\":\"EntryPoint\",\"urlTemplate\":\"https:\\\/\\\/folliamala.ch\\\/?s={search_term_string}\"},\"query-input\":{\"@type\":\"PropertyValueSpecification\",\"valueRequired\":true,\"valueName\":\"search_term_string\"}}],\"inLanguage\":\"fr-FR\"},{\"@type\":\"Organization\",\"@id\":\"https:\\\/\\\/folliamala.ch\\\/#organization\",\"name\":\"Folliamala\",\"url\":\"https:\\\/\\\/folliamala.ch\\\/\",\"logo\":{\"@type\":\"ImageObject\",\"inLanguage\":\"fr-FR\",\"@id\":\"https:\\\/\\\/folliamala.ch\\\/#\\\/schema\\\/logo\\\/image\\\/\",\"url\":\"https:\\\/\\\/folliamala.ch\\\/wp-content\\\/uploads\\\/2021\\\/08\\\/folliamala_logo.png\",\"contentUrl\":\"https:\\\/\\\/folliamala.ch\\\/wp-content\\\/uploads\\\/2021\\\/08\\\/folliamala_logo.png\",\"width\":529,\"height\":109,\"caption\":\"Folliamala\"},\"image\":{\"@id\":\"https:\\\/\\\/folliamala.ch\\\/#\\\/schema\\\/logo\\\/image\\\/\"},\"sameAs\":[\"https:\\\/\\\/www.facebook.com\\\/folliamala\\\/\",\"https:\\\/\\\/www.instagram.com\\\/folliamala\\\/\",\"https:\\\/\\\/www.pinterest.de\\\/folliamala\\\/\"]}]}<\/script>\n<!-- \/ Yoast SEO plugin. -->","yoast_head_json":{"title":"Armband Quarz &#8211; Folliamala","description":"Armband Quarz: f\u00fcr innere Balance, sanfte Erdung und Momente voller Klarheit. Finde weitere Armb\u00e4nder und Malaketten im Folliamala-Onlineshop.","robots":{"index":"index","follow":"follow","max-snippet":"max-snippet:-1","max-image-preview":"max-image-preview:large","max-video-preview":"max-video-preview:-1"},"canonical":"https:\/\/folliamala.ch\/fr\/product\/die-strahlende\/","og_locale":"fr_FR","og_type":"article","og_title":"Armband Quarz &#8211; Folliamala","og_description":"Armband Quarz: f\u00fcr innere Balance, sanfte Erdung und Momente voller Klarheit. Finde weitere Armb\u00e4nder und Malaketten im Folliamala-Onlineshop.","og_url":"https:\/\/folliamala.ch\/fr\/product\/die-strahlende\/","og_site_name":"Folliamala","article_publisher":"https:\/\/www.facebook.com\/folliamala\/","article_modified_time":"2025-12-21T15:57:27+00:00","og_image":[{"width":1000,"height":1000,"url":"https:\/\/folliamala.ch\/wp-content\/uploads\/2025\/12\/Armband_Quarz_o.webp","type":"image\/webp"}],"twitter_card":"summary_large_image","twitter_misc":{"Dur\u00e9e de lecture estim\u00e9e":"1 minute"},"schema":{"@context":"https:\/\/schema.org","@graph":[{"@type":"WebPage","@id":"https:\/\/folliamala.ch\/product\/die-strahlende\/","url":"https:\/\/folliamala.ch\/product\/die-strahlende\/","name":"Armband Quarz &#8211; Folliamala","isPartOf":{"@id":"https:\/\/folliamala.ch\/#website"},"primaryImageOfPage":{"@id":"https:\/\/folliamala.ch\/product\/die-strahlende\/#primaryimage"},"image":{"@id":"https:\/\/folliamala.ch\/product\/die-strahlende\/#primaryimage"},"thumbnailUrl":"https:\/\/folliamala.ch\/wp-content\/uploads\/2025\/12\/Armband_Quarz_o.webp","datePublished":"2025-12-21T15:32:57+00:00","dateModified":"2025-12-21T15:57:27+00:00","description":"Armband Quarz: f\u00fcr innere Balance, sanfte Erdung und Momente voller Klarheit. Finde weitere Armb\u00e4nder und Malaketten im Folliamala-Onlineshop.","breadcrumb":{"@id":"https:\/\/folliamala.ch\/product\/die-strahlende\/#breadcrumb"},"inLanguage":"fr-FR","potentialAction":[{"@type":"ReadAction","target":["https:\/\/folliamala.ch\/product\/die-strahlende\/"]}]},{"@type":"ImageObject","inLanguage":"fr-FR","@id":"https:\/\/folliamala.ch\/product\/die-strahlende\/#primaryimage","url":"https:\/\/folliamala.ch\/wp-content\/uploads\/2025\/12\/Armband_Quarz_o.webp","contentUrl":"https:\/\/folliamala.ch\/wp-content\/uploads\/2025\/12\/Armband_Quarz_o.webp","width":1000,"height":1000,"caption":"Armband Quarz"},{"@type":"BreadcrumbList","@id":"https:\/\/folliamala.ch\/product\/die-strahlende\/#breadcrumb","itemListElement":[{"@type":"ListItem","position":1,"name":"Startseite","item":"https:\/\/folliamala.ch\/"},{"@type":"ListItem","position":2,"name":"Shop","item":"https:\/\/folliamala.ch\/store\/"},{"@type":"ListItem","position":3,"name":"Die Strahlende"}]},{"@type":"WebSite","@id":"https:\/\/folliamala.ch\/#website","url":"https:\/\/folliamala.ch\/","name":"Folliamala","description":"Malas et bracelets","publisher":{"@id":"https:\/\/folliamala.ch\/#organization"},"potentialAction":[{"@type":"SearchAction","target":{"@type":"EntryPoint","urlTemplate":"https:\/\/folliamala.ch\/?s={search_term_string}"},"query-input":{"@type":"PropertyValueSpecification","valueRequired":true,"valueName":"search_term_string"}}],"inLanguage":"fr-FR"},{"@type":"Organization","@id":"https:\/\/folliamala.ch\/#organization","name":"Folliamala","url":"https:\/\/folliamala.ch\/","logo":{"@type":"ImageObject","inLanguage":"fr-FR","@id":"https:\/\/folliamala.ch\/#\/schema\/logo\/image\/","url":"https:\/\/folliamala.ch\/wp-content\/uploads\/2021\/08\/folliamala_logo.png","contentUrl":"https:\/\/folliamala.ch\/wp-content\/uploads\/2021\/08\/folliamala_logo.png","width":529,"height":109,"caption":"Folliamala"},"image":{"@id":"https:\/\/folliamala.ch\/#\/schema\/logo\/image\/"},"sameAs":["https:\/\/www.facebook.com\/folliamala\/","https:\/\/www.instagram.com\/folliamala\/","https:\/\/www.pinterest.de\/folliamala\/"]}]}},"_links":{"self":[{"href":"https:\/\/folliamala.ch\/fr\/wp-json\/wp\/v2\/product\/14041","targetHints":{"allow":["GET"]}}],"collection":[{"href":"https:\/\/folliamala.ch\/fr\/wp-json\/wp\/v2\/product"}],"about":[{"href":"https:\/\/folliamala.ch\/fr\/wp-json\/wp\/v2\/types\/product"}],"version-history":[{"count":3,"href":"https:\/\/folliamala.ch\/fr\/wp-json\/wp\/v2\/product\/14041\/revisions"}],"predecessor-version":[{"id":14049,"href":"https:\/\/folliamala.ch\/fr\/wp-json\/wp\/v2\/product\/14041\/revisions\/14049"}],"wp:featuredmedia":[{"embeddable":true,"href":"https:\/\/folliamala.ch\/fr\/wp-json\/wp\/v2\/media\/14031"}],"wp:attachment":[{"href":"https:\/\/folliamala.ch\/fr\/wp-json\/wp\/v2\/media?parent=14041"}],"wp:term":[{"taxonomy":"product_brand","embeddable":true,"href":"https:\/\/folliamala.ch\/fr\/wp-json\/wp\/v2\/product_brand?post=14041"},{"taxonomy":"product_cat","embeddable":true,"href":"https:\/\/folliamala.ch\/fr\/wp-json\/wp\/v2\/product_cat?post=14041"},{"taxonomy":"product_tag","embeddable":true,"href":"https:\/\/folliamala.ch\/fr\/wp-json\/wp\/v2\/product_tag?post=14041"}],"curies":[{"name":"wp","href":"https:\/\/api.w.org\/{rel}","templated":true}]}}