{"id":14050,"date":"2025-12-21T17:57:33","date_gmt":"2025-12-21T15:57:33","guid":{"rendered":"https:\/\/folliamala.ch\/?post_type=product&#038;p=14050"},"modified":"2025-12-21T18:10:03","modified_gmt":"2025-12-21T16:10:03","slug":"die-kraftvolle","status":"publish","type":"product","link":"https:\/\/folliamala.ch\/fr\/product\/die-kraftvolle\/","title":{"rendered":"La puissance"},"content":{"rendered":"<p><strong>Bracelet grenat rouge<\/strong><\/p>\n<p data-path-to-node=\"3\">Feuer, Leidenschaft und pure Lebensenergie: Die Kraftvolle ist ein Statement f\u00fcr Frauen, die ihre innere St\u00e4rke mutig nach au\u00dfen tragen. Die tiefen, fast mystischen Rott\u00f6ne des echten Granats funkeln bei jeder Bewegung und erinnern an die gl\u00fchende Glut eines Feuers. Dieses Armband ist f\u00fcr all jene Momente geschaffen, in denen du Pr\u00e4senz zeigen und dich mit deiner eigenen Urkraft verbinden m\u00f6chtest. Ein Funke Mut an deinem Arm. Die Kraftvolle ist dein t\u00e4glicher Anker, der dich daran erinnert, dass die gr\u00f6sste Kraft aus deinem Inneren kommt.<\/p>\n<p data-path-to-node=\"3\">Der Granat ist seit der Antike als Stein der Widerstandskraft und Zuversicht bekannt. Er gilt als Symbol f\u00fcr Hingabe und soll das Durchhalteverm\u00f6gen in herausfordernden Zeiten st\u00e4rken. Als Krisenmanager unter den Heilsteinen schenkt er Mut, Lebensfreude und f\u00f6rdert das kreative Feuer in dir.<\/p>\n<p data-path-to-node=\"5\"><strong>Design &amp; mat\u00e9riaux<br \/>\n<\/strong>Die intensiven, dunkelroten Granat-Perlen wirken durch ihre nat\u00fcrliche Farbtiefe besonders edel und zeitlos. Das minimalistische Design sorgt daf\u00fcr, dass die Leuchtkraft des Steins im Mittelpunkt steht. Ausgestattet mit einem robusten <b data-path-to-node=\"6\" data-index-in-node=\"235\">Fermeture \u00e0 mousqueton<\/b> und einem praktischen Verl\u00e4ngerungskettchen, passt es sich geschmeidig jedem Handgelenk an und bietet h\u00f6chsten Tragekomfort.<\/p>\n<ul>\n<li data-path-to-node=\"7,0,0\"><b data-path-to-node=\"7,0,0\" data-index-in-node=\"0\">pierre pr\u00e9cieuse :<\/b> Echter roter Granat (Naturstein), 4mm<\/li>\n<li data-path-to-node=\"7,1,0\"><b data-path-to-node=\"7,1,0\" data-index-in-node=\"0\">fermeture :<\/b> Fermeture \u00e0 mousqueton r\u00e9glable<\/li>\n<li data-path-to-node=\"7,2,0\"><b data-path-to-node=\"7,2,0\" data-index-in-node=\"0\">Le style :<\/b> Intensiv, leidenschaftlich, selbstbewusst<\/li>\n<\/ul>","protected":false},"excerpt":{"rendered":"<p class=\"p1\">Bracelet grenat rouge<\/p>","protected":false},"featured_media":14022,"template":"","meta":{"site-sidebar-layout":"default","site-content-layout":"default","ast-site-content-layout":"default","site-content-style":"default","site-sidebar-style":"default","ast-global-header-display":"","ast-banner-title-visibility":"","ast-main-header-display":"","ast-hfb-above-header-display":"","ast-hfb-below-header-display":"","ast-hfb-mobile-header-display":"","site-post-title":"","ast-breadcrumbs-content":"","ast-featured-img":"","footer-sml-layout":"","ast-disable-related-posts":"","theme-transparent-header-meta":"default","adv-header-id-meta":"","stick-header-meta":"","header-above-stick-meta":"","header-main-stick-meta":"","header-below-stick-meta":"","astra-migrate-meta-layouts":"set","ast-page-background-enabled":"default","ast-page-background-meta":{"desktop":{"background-color":"","background-image":"","background-repeat":"repeat","background-position":"center center","background-size":"auto","background-attachment":"scroll","background-type":"","background-media":"","overlay-type":"","overlay-color":"","overlay-opacity":"","overlay-gradient":""},"tablet":{"background-color":"","background-image":"","background-repeat":"repeat","background-position":"center center","background-size":"auto","background-attachment":"scroll","background-type":"","background-media":"","overlay-type":"","overlay-color":"","overlay-opacity":"","overlay-gradient":""},"mobile":{"background-color":"","background-image":"","background-repeat":"repeat","background-position":"center center","background-size":"auto","background-attachment":"scroll","background-type":"","background-media":"","overlay-type":"","overlay-color":"","overlay-opacity":"","overlay-gradient":""}},"ast-content-background-meta":{"desktop":{"background-color":"var(--ast-global-color-5)","background-image":"","background-repeat":"repeat","background-position":"center center","background-size":"auto","background-attachment":"scroll","background-type":"","background-media":"","overlay-type":"","overlay-color":"","overlay-opacity":"","overlay-gradient":""},"tablet":{"background-color":"var(--ast-global-color-5)","background-image":"","background-repeat":"repeat","background-position":"center center","background-size":"auto","background-attachment":"scroll","background-type":"","background-media":"","overlay-type":"","overlay-color":"","overlay-opacity":"","overlay-gradient":""},"mobile":{"background-color":"var(--ast-global-color-5)","background-image":"","background-repeat":"repeat","background-position":"center center","background-size":"auto","background-attachment":"scroll","background-type":"","background-media":"","overlay-type":"","overlay-color":"","overlay-opacity":"","overlay-gradient":""}},"_glsr_average":0,"_glsr_ranking":0,"_glsr_reviews":0},"product_brand":[224],"product_cat":[127],"product_tag":[173],"class_list":{"0":"post-14050","1":"product","2":"type-product","3":"status-publish","4":"has-post-thumbnail","6":"product_brand-folliamala","7":"product_cat-armband","8":"product_tag-granat","9":"desktop-align-center","10":"tablet-align-left","11":"mobile-align-left","13":"first","14":"instock","15":"sold-individually","16":"purchasable","17":"product-type-simple","18":"wpzoom-wc-spi-has-enabled"},"yoast_head":"<!-- This site is optimized with the Yoast SEO plugin v27.4 - https:\/\/yoast.com\/product\/yoast-seo-wordpress\/ -->\n<title>Armband roter Granat &#8211; Folliamala<\/title>\n<meta name=\"description\" content=\"Armband roter Granat: f\u00fcr Feuer, Leidenschaft und pure Lebensenergie. Finde weitere Armb\u00e4nder und Malaketten im Folliamala-Onlineshop.\" \/>\n<meta name=\"robots\" content=\"index, follow, max-snippet:-1, max-image-preview:large, max-video-preview:-1\" \/>\n<link rel=\"canonical\" href=\"https:\/\/folliamala.ch\/fr\/product\/die-kraftvolle\/\" \/>\n<meta property=\"og:locale\" content=\"fr_FR\" \/>\n<meta property=\"og:type\" content=\"article\" \/>\n<meta property=\"og:title\" content=\"Armband roter Granat &#8211; Folliamala\" \/>\n<meta property=\"og:description\" content=\"Armband roter Granat: f\u00fcr Feuer, Leidenschaft und pure Lebensenergie. Finde weitere Armb\u00e4nder und Malaketten im Folliamala-Onlineshop.\" \/>\n<meta property=\"og:url\" content=\"https:\/\/folliamala.ch\/fr\/product\/die-kraftvolle\/\" \/>\n<meta property=\"og:site_name\" content=\"Folliamala\" \/>\n<meta property=\"article:publisher\" content=\"https:\/\/www.facebook.com\/folliamala\/\" \/>\n<meta property=\"article:modified_time\" content=\"2025-12-21T16:10:03+00:00\" \/>\n<meta property=\"og:image\" content=\"https:\/\/folliamala.ch\/wp-content\/uploads\/2025\/12\/Armband_Granat_o.webp\" \/>\n\t<meta property=\"og:image:width\" content=\"1000\" \/>\n\t<meta property=\"og:image:height\" content=\"1000\" \/>\n\t<meta property=\"og:image:type\" content=\"image\/webp\" \/>\n<meta name=\"twitter:card\" content=\"summary_large_image\" \/>\n<meta name=\"twitter:label1\" content=\"Dur\u00e9e de lecture estim\u00e9e\" \/>\n\t<meta name=\"twitter:data1\" content=\"1 minute\" \/>\n<script type=\"application\/ld+json\" class=\"yoast-schema-graph\">{\"@context\":\"https:\\\/\\\/schema.org\",\"@graph\":[{\"@type\":\"WebPage\",\"@id\":\"https:\\\/\\\/folliamala.ch\\\/product\\\/die-kraftvolle\\\/\",\"url\":\"https:\\\/\\\/folliamala.ch\\\/product\\\/die-kraftvolle\\\/\",\"name\":\"Armband roter Granat &#8211; Folliamala\",\"isPartOf\":{\"@id\":\"https:\\\/\\\/folliamala.ch\\\/#website\"},\"primaryImageOfPage\":{\"@id\":\"https:\\\/\\\/folliamala.ch\\\/product\\\/die-kraftvolle\\\/#primaryimage\"},\"image\":{\"@id\":\"https:\\\/\\\/folliamala.ch\\\/product\\\/die-kraftvolle\\\/#primaryimage\"},\"thumbnailUrl\":\"https:\\\/\\\/folliamala.ch\\\/wp-content\\\/uploads\\\/2025\\\/12\\\/Armband_Granat_o.webp\",\"datePublished\":\"2025-12-21T15:57:33+00:00\",\"dateModified\":\"2025-12-21T16:10:03+00:00\",\"description\":\"Armband roter Granat: f\u00fcr Feuer, Leidenschaft und pure Lebensenergie. Finde weitere Armb\u00e4nder und Malaketten im Folliamala-Onlineshop.\",\"breadcrumb\":{\"@id\":\"https:\\\/\\\/folliamala.ch\\\/product\\\/die-kraftvolle\\\/#breadcrumb\"},\"inLanguage\":\"fr-FR\",\"potentialAction\":[{\"@type\":\"ReadAction\",\"target\":[\"https:\\\/\\\/folliamala.ch\\\/product\\\/die-kraftvolle\\\/\"]}]},{\"@type\":\"ImageObject\",\"inLanguage\":\"fr-FR\",\"@id\":\"https:\\\/\\\/folliamala.ch\\\/product\\\/die-kraftvolle\\\/#primaryimage\",\"url\":\"https:\\\/\\\/folliamala.ch\\\/wp-content\\\/uploads\\\/2025\\\/12\\\/Armband_Granat_o.webp\",\"contentUrl\":\"https:\\\/\\\/folliamala.ch\\\/wp-content\\\/uploads\\\/2025\\\/12\\\/Armband_Granat_o.webp\",\"width\":1000,\"height\":1000,\"caption\":\"Armband roter Granat\"},{\"@type\":\"BreadcrumbList\",\"@id\":\"https:\\\/\\\/folliamala.ch\\\/product\\\/die-kraftvolle\\\/#breadcrumb\",\"itemListElement\":[{\"@type\":\"ListItem\",\"position\":1,\"name\":\"Startseite\",\"item\":\"https:\\\/\\\/folliamala.ch\\\/\"},{\"@type\":\"ListItem\",\"position\":2,\"name\":\"Shop\",\"item\":\"https:\\\/\\\/folliamala.ch\\\/store\\\/\"},{\"@type\":\"ListItem\",\"position\":3,\"name\":\"Die Kraftvolle\"}]},{\"@type\":\"WebSite\",\"@id\":\"https:\\\/\\\/folliamala.ch\\\/#website\",\"url\":\"https:\\\/\\\/folliamala.ch\\\/\",\"name\":\"Folliamala\",\"description\":\"Mala Ketten &amp; Armb\u00e4nder\",\"publisher\":{\"@id\":\"https:\\\/\\\/folliamala.ch\\\/#organization\"},\"potentialAction\":[{\"@type\":\"SearchAction\",\"target\":{\"@type\":\"EntryPoint\",\"urlTemplate\":\"https:\\\/\\\/folliamala.ch\\\/?s={search_term_string}\"},\"query-input\":{\"@type\":\"PropertyValueSpecification\",\"valueRequired\":true,\"valueName\":\"search_term_string\"}}],\"inLanguage\":\"fr-FR\"},{\"@type\":\"Organization\",\"@id\":\"https:\\\/\\\/folliamala.ch\\\/#organization\",\"name\":\"Folliamala\",\"url\":\"https:\\\/\\\/folliamala.ch\\\/\",\"logo\":{\"@type\":\"ImageObject\",\"inLanguage\":\"fr-FR\",\"@id\":\"https:\\\/\\\/folliamala.ch\\\/#\\\/schema\\\/logo\\\/image\\\/\",\"url\":\"https:\\\/\\\/folliamala.ch\\\/wp-content\\\/uploads\\\/2021\\\/08\\\/folliamala_logo.png\",\"contentUrl\":\"https:\\\/\\\/folliamala.ch\\\/wp-content\\\/uploads\\\/2021\\\/08\\\/folliamala_logo.png\",\"width\":529,\"height\":109,\"caption\":\"Folliamala\"},\"image\":{\"@id\":\"https:\\\/\\\/folliamala.ch\\\/#\\\/schema\\\/logo\\\/image\\\/\"},\"sameAs\":[\"https:\\\/\\\/www.facebook.com\\\/folliamala\\\/\",\"https:\\\/\\\/www.instagram.com\\\/folliamala\\\/\",\"https:\\\/\\\/www.pinterest.de\\\/folliamala\\\/\"]}]}<\/script>\n<!-- \/ Yoast SEO plugin. -->","yoast_head_json":{"title":"Armband roter Granat &#8211; Folliamala","description":"Armband roter Granat: f\u00fcr Feuer, Leidenschaft und pure Lebensenergie. Finde weitere Armb\u00e4nder und Malaketten im Folliamala-Onlineshop.","robots":{"index":"index","follow":"follow","max-snippet":"max-snippet:-1","max-image-preview":"max-image-preview:large","max-video-preview":"max-video-preview:-1"},"canonical":"https:\/\/folliamala.ch\/fr\/product\/die-kraftvolle\/","og_locale":"fr_FR","og_type":"article","og_title":"Armband roter Granat &#8211; Folliamala","og_description":"Armband roter Granat: f\u00fcr Feuer, Leidenschaft und pure Lebensenergie. Finde weitere Armb\u00e4nder und Malaketten im Folliamala-Onlineshop.","og_url":"https:\/\/folliamala.ch\/fr\/product\/die-kraftvolle\/","og_site_name":"Folliamala","article_publisher":"https:\/\/www.facebook.com\/folliamala\/","article_modified_time":"2025-12-21T16:10:03+00:00","og_image":[{"width":1000,"height":1000,"url":"https:\/\/folliamala.ch\/wp-content\/uploads\/2025\/12\/Armband_Granat_o.webp","type":"image\/webp"}],"twitter_card":"summary_large_image","twitter_misc":{"Dur\u00e9e de lecture estim\u00e9e":"1 minute"},"schema":{"@context":"https:\/\/schema.org","@graph":[{"@type":"WebPage","@id":"https:\/\/folliamala.ch\/product\/die-kraftvolle\/","url":"https:\/\/folliamala.ch\/product\/die-kraftvolle\/","name":"Armband roter Granat &#8211; Folliamala","isPartOf":{"@id":"https:\/\/folliamala.ch\/#website"},"primaryImageOfPage":{"@id":"https:\/\/folliamala.ch\/product\/die-kraftvolle\/#primaryimage"},"image":{"@id":"https:\/\/folliamala.ch\/product\/die-kraftvolle\/#primaryimage"},"thumbnailUrl":"https:\/\/folliamala.ch\/wp-content\/uploads\/2025\/12\/Armband_Granat_o.webp","datePublished":"2025-12-21T15:57:33+00:00","dateModified":"2025-12-21T16:10:03+00:00","description":"Armband roter Granat: f\u00fcr Feuer, Leidenschaft und pure Lebensenergie. Finde weitere Armb\u00e4nder und Malaketten im Folliamala-Onlineshop.","breadcrumb":{"@id":"https:\/\/folliamala.ch\/product\/die-kraftvolle\/#breadcrumb"},"inLanguage":"fr-FR","potentialAction":[{"@type":"ReadAction","target":["https:\/\/folliamala.ch\/product\/die-kraftvolle\/"]}]},{"@type":"ImageObject","inLanguage":"fr-FR","@id":"https:\/\/folliamala.ch\/product\/die-kraftvolle\/#primaryimage","url":"https:\/\/folliamala.ch\/wp-content\/uploads\/2025\/12\/Armband_Granat_o.webp","contentUrl":"https:\/\/folliamala.ch\/wp-content\/uploads\/2025\/12\/Armband_Granat_o.webp","width":1000,"height":1000,"caption":"Armband roter Granat"},{"@type":"BreadcrumbList","@id":"https:\/\/folliamala.ch\/product\/die-kraftvolle\/#breadcrumb","itemListElement":[{"@type":"ListItem","position":1,"name":"Startseite","item":"https:\/\/folliamala.ch\/"},{"@type":"ListItem","position":2,"name":"Shop","item":"https:\/\/folliamala.ch\/store\/"},{"@type":"ListItem","position":3,"name":"Die Kraftvolle"}]},{"@type":"WebSite","@id":"https:\/\/folliamala.ch\/#website","url":"https:\/\/folliamala.ch\/","name":"Folliamala","description":"Malas et bracelets","publisher":{"@id":"https:\/\/folliamala.ch\/#organization"},"potentialAction":[{"@type":"SearchAction","target":{"@type":"EntryPoint","urlTemplate":"https:\/\/folliamala.ch\/?s={search_term_string}"},"query-input":{"@type":"PropertyValueSpecification","valueRequired":true,"valueName":"search_term_string"}}],"inLanguage":"fr-FR"},{"@type":"Organization","@id":"https:\/\/folliamala.ch\/#organization","name":"Folliamala","url":"https:\/\/folliamala.ch\/","logo":{"@type":"ImageObject","inLanguage":"fr-FR","@id":"https:\/\/folliamala.ch\/#\/schema\/logo\/image\/","url":"https:\/\/folliamala.ch\/wp-content\/uploads\/2021\/08\/folliamala_logo.png","contentUrl":"https:\/\/folliamala.ch\/wp-content\/uploads\/2021\/08\/folliamala_logo.png","width":529,"height":109,"caption":"Folliamala"},"image":{"@id":"https:\/\/folliamala.ch\/#\/schema\/logo\/image\/"},"sameAs":["https:\/\/www.facebook.com\/folliamala\/","https:\/\/www.instagram.com\/folliamala\/","https:\/\/www.pinterest.de\/folliamala\/"]}]}},"_links":{"self":[{"href":"https:\/\/folliamala.ch\/fr\/wp-json\/wp\/v2\/product\/14050","targetHints":{"allow":["GET"]}}],"collection":[{"href":"https:\/\/folliamala.ch\/fr\/wp-json\/wp\/v2\/product"}],"about":[{"href":"https:\/\/folliamala.ch\/fr\/wp-json\/wp\/v2\/types\/product"}],"version-history":[{"count":1,"href":"https:\/\/folliamala.ch\/fr\/wp-json\/wp\/v2\/product\/14050\/revisions"}],"predecessor-version":[{"id":14051,"href":"https:\/\/folliamala.ch\/fr\/wp-json\/wp\/v2\/product\/14050\/revisions\/14051"}],"wp:featuredmedia":[{"embeddable":true,"href":"https:\/\/folliamala.ch\/fr\/wp-json\/wp\/v2\/media\/14022"}],"wp:attachment":[{"href":"https:\/\/folliamala.ch\/fr\/wp-json\/wp\/v2\/media?parent=14050"}],"wp:term":[{"taxonomy":"product_brand","embeddable":true,"href":"https:\/\/folliamala.ch\/fr\/wp-json\/wp\/v2\/product_brand?post=14050"},{"taxonomy":"product_cat","embeddable":true,"href":"https:\/\/folliamala.ch\/fr\/wp-json\/wp\/v2\/product_cat?post=14050"},{"taxonomy":"product_tag","embeddable":true,"href":"https:\/\/folliamala.ch\/fr\/wp-json\/wp\/v2\/product_tag?post=14050"}],"curies":[{"name":"wp","href":"https:\/\/api.w.org\/{rel}","templated":true}]}}