{"id":14061,"date":"2025-12-22T12:59:45","date_gmt":"2025-12-22T10:59:45","guid":{"rendered":"https:\/\/folliamala.ch\/?post_type=product&#038;p=14061"},"modified":"2025-12-22T13:57:28","modified_gmt":"2025-12-22T11:57:28","slug":"die-charismatische","status":"publish","type":"product","link":"https:\/\/folliamala.ch\/fr\/product\/die-charismatische\/","title":{"rendered":"Le charisme"},"content":{"rendered":"<p><b>Bracelet Quartz rose, grenat rouge, \u00e9b\u00e8ne\u00a0<\/b><\/p>\n<p data-path-to-node=\"4\">Cette composition est un hommage \u00e0 l'\u00e9quilibre entre d\u00e9vouement et force int\u00e9rieure. Le bracelet allie la confiance profonde du c\u0153ur \u00e0 la fermet\u00e9 in\u00e9branlable de la terre. Un compagnon pour ceux qui sont assez courageux pour rester doux tout en poursuivant leur chemin avec passion.<\/p>\n<p data-path-to-node=\"6\"><b data-path-to-node=\"6\" data-index-in-node=\"0\">Quartz rose - Le c\u0153ur<\/b> Cette pierre rose p\u00e2le repr\u00e9sente l'amour inconditionnel - pour soi-m\u00eame et pour les autres. Elle ouvre les portes de l'empathie et de la gu\u00e9rison. Comme un baume doux, elle apaise l'esprit et te rappelle que le plus grand pouvoir r\u00e9side souvent dans la douceur.<\/p>\n<p data-path-to-node=\"7\"><b data-path-to-node=\"7\" data-index-in-node=\"0\">Grenat rouge - Le feu int\u00e9rieur<\/b> En fort contraste, le grenat donne de la vitalit\u00e9 et de la r\u00e9sistance. C'est la pierre qui permet de surmonter les crises, qui allume le feu de la passion et qui te donne le courage de r\u00e9aliser tes r\u00eaves. Il transforme la m\u00e9lancolie en envie d'agir.<\/p>\n<p data-path-to-node=\"8\"><b data-path-to-node=\"8\" data-index-in-node=\"0\">Eb\u00e8ne - La mise \u00e0 la terre<\/b> Le bois d'\u00e9b\u00e8ne noble et d'un noir profond en constitue la base. Il est consid\u00e9r\u00e9 depuis toujours comme un bois protecteur qui repousse les \u00e9nergies n\u00e9gatives et clarifie l'esprit. Il te relie aux racines de la nature et t'offre la stabilit\u00e9 n\u00e9cessaire pour rester ferme dans la temp\u00eate des sentiments.<\/p>\n<p data-path-to-node=\"9\">Ce bracelet est ton ancre quotidienne. Il t'aide \u00e0 agir par amour (quartz rose), \u00e0 avancer avec pers\u00e9v\u00e9rance (grenat) et \u00e0 garder les pieds sur terre (\u00e9b\u00e8ne).<\/p>\n<p data-path-to-node=\"13,2,0\"><b style=\"font-size: 1.1em; font-style: inherit;\">D\u00e9tails du bracelet<\/b><\/p>\n<ul>\n<li>Quartz rose de haute qualit\u00e9, grenat rouge, \u00e9b\u00e8ne naturelle<\/li>\n<li aria-level=\"1\"><span style=\"font-weight: 400;\">Taille des perles: 8 mm<\/span><\/li>\n<li style=\"font-weight: 400;\" aria-level=\"1\">Bande \u00e9lastique en caoutchouc pour un port confortable<\/li>\n<li style=\"font-weight: 400;\" aria-level=\"1\"><span style=\"font-weight: 400;\">Pour un tour de poignet de 16-17 cm, possibilit\u00e9 d\u2019ajuster \u00e0 la taille souhait\u00e9e<\/span><\/li>\n<\/ul>","protected":false},"excerpt":{"rendered":"<p><span style=\"font-weight: 400;\">Quartz rose, grenat, \u00e9b\u00e8ne<\/span><\/p>","protected":false},"featured_media":10603,"template":"","meta":{"site-sidebar-layout":"default","site-content-layout":"default","ast-site-content-layout":"default","site-content-style":"default","site-sidebar-style":"default","ast-global-header-display":"","ast-banner-title-visibility":"","ast-main-header-display":"","ast-hfb-above-header-display":"","ast-hfb-below-header-display":"","ast-hfb-mobile-header-display":"","site-post-title":"","ast-breadcrumbs-content":"","ast-featured-img":"","footer-sml-layout":"","ast-disable-related-posts":"","theme-transparent-header-meta":"default","adv-header-id-meta":"","stick-header-meta":"","header-above-stick-meta":"","header-main-stick-meta":"","header-below-stick-meta":"","astra-migrate-meta-layouts":"set","ast-page-background-enabled":"default","ast-page-background-meta":{"desktop":{"background-color":"","background-image":"","background-repeat":"repeat","background-position":"center center","background-size":"auto","background-attachment":"scroll","background-type":"","background-media":"","overlay-type":"","overlay-color":"","overlay-opacity":"","overlay-gradient":""},"tablet":{"background-color":"","background-image":"","background-repeat":"repeat","background-position":"center center","background-size":"auto","background-attachment":"scroll","background-type":"","background-media":"","overlay-type":"","overlay-color":"","overlay-opacity":"","overlay-gradient":""},"mobile":{"background-color":"","background-image":"","background-repeat":"repeat","background-position":"center center","background-size":"auto","background-attachment":"scroll","background-type":"","background-media":"","overlay-type":"","overlay-color":"","overlay-opacity":"","overlay-gradient":""}},"ast-content-background-meta":{"desktop":{"background-color":"var(--ast-global-color-5)","background-image":"","background-repeat":"repeat","background-position":"center center","background-size":"auto","background-attachment":"scroll","background-type":"","background-media":"","overlay-type":"","overlay-color":"","overlay-opacity":"","overlay-gradient":""},"tablet":{"background-color":"var(--ast-global-color-5)","background-image":"","background-repeat":"repeat","background-position":"center center","background-size":"auto","background-attachment":"scroll","background-type":"","background-media":"","overlay-type":"","overlay-color":"","overlay-opacity":"","overlay-gradient":""},"mobile":{"background-color":"var(--ast-global-color-5)","background-image":"","background-repeat":"repeat","background-position":"center center","background-size":"auto","background-attachment":"scroll","background-type":"","background-media":"","overlay-type":"","overlay-color":"","overlay-opacity":"","overlay-gradient":""}},"_glsr_average":0,"_glsr_ranking":0,"_glsr_reviews":0},"product_brand":[224],"product_cat":[127],"product_tag":[173,184,186],"class_list":{"0":"post-14061","1":"product","2":"type-product","3":"status-publish","4":"has-post-thumbnail","6":"product_brand-folliamala","7":"product_cat-armband","8":"product_tag-granat","9":"product_tag-holz","10":"product_tag-rosenquarz","11":"desktop-align-center","12":"tablet-align-left","13":"mobile-align-left","15":"first","16":"instock","17":"shipping-taxable","18":"purchasable","19":"product-type-simple","20":"wpzoom-wc-spi-has-enabled"},"yoast_head":"<!-- This site is optimized with the Yoast SEO plugin v27.4 - https:\/\/yoast.com\/product\/yoast-seo-wordpress\/ -->\n<title>Armband Rosenquarz Granat Ebenholz\u00a0 &#8211; Folliamala<\/title>\n<meta name=\"description\" content=\"Armband Rosenquarz Granat Ebenholz: f\u00fcr die Balance zwischen Hingabe und innerer St\u00e4rke. Weitere Armb\u00e4nder und Malaketten in unserem Onlineshop.\" \/>\n<meta name=\"robots\" content=\"index, follow, max-snippet:-1, max-image-preview:large, max-video-preview:-1\" \/>\n<link rel=\"canonical\" href=\"https:\/\/folliamala.ch\/fr\/product\/die-charismatische\/\" \/>\n<meta property=\"og:locale\" content=\"fr_FR\" \/>\n<meta property=\"og:type\" content=\"article\" \/>\n<meta property=\"og:title\" content=\"Armband Rosenquarz Granat Ebenholz\u00a0 &#8211; Folliamala\" \/>\n<meta property=\"og:description\" content=\"Armband Rosenquarz Granat Ebenholz: f\u00fcr die Balance zwischen Hingabe und innerer St\u00e4rke. Weitere Armb\u00e4nder und Malaketten in unserem Onlineshop.\" \/>\n<meta property=\"og:url\" content=\"https:\/\/folliamala.ch\/fr\/product\/die-charismatische\/\" \/>\n<meta property=\"og:site_name\" content=\"Folliamala\" \/>\n<meta property=\"article:publisher\" content=\"https:\/\/www.facebook.com\/folliamala\/\" \/>\n<meta property=\"article:modified_time\" content=\"2025-12-22T11:57:28+00:00\" \/>\n<meta property=\"og:image\" content=\"https:\/\/folliamala.ch\/wp-content\/uploads\/2024\/03\/Widder_Armband_o.webp\" \/>\n\t<meta property=\"og:image:width\" content=\"1000\" \/>\n\t<meta property=\"og:image:height\" content=\"1000\" \/>\n\t<meta property=\"og:image:type\" content=\"image\/webp\" \/>\n<meta name=\"twitter:card\" content=\"summary_large_image\" \/>\n<meta name=\"twitter:label1\" content=\"Dur\u00e9e de lecture estim\u00e9e\" \/>\n\t<meta name=\"twitter:data1\" content=\"1 minute\" \/>\n<script type=\"application\/ld+json\" class=\"yoast-schema-graph\">{\"@context\":\"https:\\\/\\\/schema.org\",\"@graph\":[{\"@type\":\"WebPage\",\"@id\":\"https:\\\/\\\/folliamala.ch\\\/product\\\/die-charismatische\\\/\",\"url\":\"https:\\\/\\\/folliamala.ch\\\/product\\\/die-charismatische\\\/\",\"name\":\"Armband Rosenquarz Granat Ebenholz\u00a0 &#8211; Folliamala\",\"isPartOf\":{\"@id\":\"https:\\\/\\\/folliamala.ch\\\/#website\"},\"primaryImageOfPage\":{\"@id\":\"https:\\\/\\\/folliamala.ch\\\/product\\\/die-charismatische\\\/#primaryimage\"},\"image\":{\"@id\":\"https:\\\/\\\/folliamala.ch\\\/product\\\/die-charismatische\\\/#primaryimage\"},\"thumbnailUrl\":\"https:\\\/\\\/folliamala.ch\\\/wp-content\\\/uploads\\\/2024\\\/03\\\/Widder_Armband_o.webp\",\"datePublished\":\"2025-12-22T10:59:45+00:00\",\"dateModified\":\"2025-12-22T11:57:28+00:00\",\"description\":\"Armband Rosenquarz Granat Ebenholz: f\u00fcr die Balance zwischen Hingabe und innerer St\u00e4rke. Weitere Armb\u00e4nder und Malaketten in unserem Onlineshop.\",\"breadcrumb\":{\"@id\":\"https:\\\/\\\/folliamala.ch\\\/product\\\/die-charismatische\\\/#breadcrumb\"},\"inLanguage\":\"fr-FR\",\"potentialAction\":[{\"@type\":\"ReadAction\",\"target\":[\"https:\\\/\\\/folliamala.ch\\\/product\\\/die-charismatische\\\/\"]}]},{\"@type\":\"ImageObject\",\"inLanguage\":\"fr-FR\",\"@id\":\"https:\\\/\\\/folliamala.ch\\\/product\\\/die-charismatische\\\/#primaryimage\",\"url\":\"https:\\\/\\\/folliamala.ch\\\/wp-content\\\/uploads\\\/2024\\\/03\\\/Widder_Armband_o.webp\",\"contentUrl\":\"https:\\\/\\\/folliamala.ch\\\/wp-content\\\/uploads\\\/2024\\\/03\\\/Widder_Armband_o.webp\",\"width\":1000,\"height\":1000,\"caption\":\"Mala Armband Widder-Armband\"},{\"@type\":\"BreadcrumbList\",\"@id\":\"https:\\\/\\\/folliamala.ch\\\/product\\\/die-charismatische\\\/#breadcrumb\",\"itemListElement\":[{\"@type\":\"ListItem\",\"position\":1,\"name\":\"Startseite\",\"item\":\"https:\\\/\\\/folliamala.ch\\\/\"},{\"@type\":\"ListItem\",\"position\":2,\"name\":\"Shop\",\"item\":\"https:\\\/\\\/folliamala.ch\\\/store\\\/\"},{\"@type\":\"ListItem\",\"position\":3,\"name\":\"Die Charismatische\"}]},{\"@type\":\"WebSite\",\"@id\":\"https:\\\/\\\/folliamala.ch\\\/#website\",\"url\":\"https:\\\/\\\/folliamala.ch\\\/\",\"name\":\"Folliamala\",\"description\":\"Mala Ketten &amp; Armb\u00e4nder\",\"publisher\":{\"@id\":\"https:\\\/\\\/folliamala.ch\\\/#organization\"},\"potentialAction\":[{\"@type\":\"SearchAction\",\"target\":{\"@type\":\"EntryPoint\",\"urlTemplate\":\"https:\\\/\\\/folliamala.ch\\\/?s={search_term_string}\"},\"query-input\":{\"@type\":\"PropertyValueSpecification\",\"valueRequired\":true,\"valueName\":\"search_term_string\"}}],\"inLanguage\":\"fr-FR\"},{\"@type\":\"Organization\",\"@id\":\"https:\\\/\\\/folliamala.ch\\\/#organization\",\"name\":\"Folliamala\",\"url\":\"https:\\\/\\\/folliamala.ch\\\/\",\"logo\":{\"@type\":\"ImageObject\",\"inLanguage\":\"fr-FR\",\"@id\":\"https:\\\/\\\/folliamala.ch\\\/#\\\/schema\\\/logo\\\/image\\\/\",\"url\":\"https:\\\/\\\/folliamala.ch\\\/wp-content\\\/uploads\\\/2021\\\/08\\\/folliamala_logo.png\",\"contentUrl\":\"https:\\\/\\\/folliamala.ch\\\/wp-content\\\/uploads\\\/2021\\\/08\\\/folliamala_logo.png\",\"width\":529,\"height\":109,\"caption\":\"Folliamala\"},\"image\":{\"@id\":\"https:\\\/\\\/folliamala.ch\\\/#\\\/schema\\\/logo\\\/image\\\/\"},\"sameAs\":[\"https:\\\/\\\/www.facebook.com\\\/folliamala\\\/\",\"https:\\\/\\\/www.instagram.com\\\/folliamala\\\/\",\"https:\\\/\\\/www.pinterest.de\\\/folliamala\\\/\"]}]}<\/script>\n<!-- \/ Yoast SEO plugin. -->","yoast_head_json":{"title":"Bracelet quartz rose grenat \u00e9b\u00e8ne - Folliamala","description":"Bracelet quartz rose grenat \u00e9b\u00e8ne : pour l'\u00e9quilibre entre d\u00e9vouement et force int\u00e9rieure. Autres bracelets et colliers de malte dans notre boutique en ligne.","robots":{"index":"index","follow":"follow","max-snippet":"max-snippet:-1","max-image-preview":"max-image-preview:large","max-video-preview":"max-video-preview:-1"},"canonical":"https:\/\/folliamala.ch\/fr\/product\/die-charismatische\/","og_locale":"fr_FR","og_type":"article","og_title":"Armband Rosenquarz Granat Ebenholz\u00a0 &#8211; Folliamala","og_description":"Armband Rosenquarz Granat Ebenholz: f\u00fcr die Balance zwischen Hingabe und innerer St\u00e4rke. Weitere Armb\u00e4nder und Malaketten in unserem Onlineshop.","og_url":"https:\/\/folliamala.ch\/fr\/product\/die-charismatische\/","og_site_name":"Folliamala","article_publisher":"https:\/\/www.facebook.com\/folliamala\/","article_modified_time":"2025-12-22T11:57:28+00:00","og_image":[{"width":1000,"height":1000,"url":"https:\/\/folliamala.ch\/wp-content\/uploads\/2024\/03\/Widder_Armband_o.webp","type":"image\/webp"}],"twitter_card":"summary_large_image","twitter_misc":{"Dur\u00e9e de lecture estim\u00e9e":"1 minute"},"schema":{"@context":"https:\/\/schema.org","@graph":[{"@type":"WebPage","@id":"https:\/\/folliamala.ch\/product\/die-charismatische\/","url":"https:\/\/folliamala.ch\/product\/die-charismatische\/","name":"Bracelet quartz rose grenat \u00e9b\u00e8ne - Folliamala","isPartOf":{"@id":"https:\/\/folliamala.ch\/#website"},"primaryImageOfPage":{"@id":"https:\/\/folliamala.ch\/product\/die-charismatische\/#primaryimage"},"image":{"@id":"https:\/\/folliamala.ch\/product\/die-charismatische\/#primaryimage"},"thumbnailUrl":"https:\/\/folliamala.ch\/wp-content\/uploads\/2024\/03\/Widder_Armband_o.webp","datePublished":"2025-12-22T10:59:45+00:00","dateModified":"2025-12-22T11:57:28+00:00","description":"Bracelet quartz rose grenat \u00e9b\u00e8ne : pour l'\u00e9quilibre entre d\u00e9vouement et force int\u00e9rieure. Autres bracelets et colliers de malte dans notre boutique en ligne.","breadcrumb":{"@id":"https:\/\/folliamala.ch\/product\/die-charismatische\/#breadcrumb"},"inLanguage":"fr-FR","potentialAction":[{"@type":"ReadAction","target":["https:\/\/folliamala.ch\/product\/die-charismatische\/"]}]},{"@type":"ImageObject","inLanguage":"fr-FR","@id":"https:\/\/folliamala.ch\/product\/die-charismatische\/#primaryimage","url":"https:\/\/folliamala.ch\/wp-content\/uploads\/2024\/03\/Widder_Armband_o.webp","contentUrl":"https:\/\/folliamala.ch\/wp-content\/uploads\/2024\/03\/Widder_Armband_o.webp","width":1000,"height":1000,"caption":"Mala Armband Widder-Armband"},{"@type":"BreadcrumbList","@id":"https:\/\/folliamala.ch\/product\/die-charismatische\/#breadcrumb","itemListElement":[{"@type":"ListItem","position":1,"name":"Startseite","item":"https:\/\/folliamala.ch\/"},{"@type":"ListItem","position":2,"name":"Shop","item":"https:\/\/folliamala.ch\/store\/"},{"@type":"ListItem","position":3,"name":"Die Charismatische"}]},{"@type":"WebSite","@id":"https:\/\/folliamala.ch\/#website","url":"https:\/\/folliamala.ch\/","name":"Folliamala","description":"Malas et bracelets","publisher":{"@id":"https:\/\/folliamala.ch\/#organization"},"potentialAction":[{"@type":"SearchAction","target":{"@type":"EntryPoint","urlTemplate":"https:\/\/folliamala.ch\/?s={search_term_string}"},"query-input":{"@type":"PropertyValueSpecification","valueRequired":true,"valueName":"search_term_string"}}],"inLanguage":"fr-FR"},{"@type":"Organization","@id":"https:\/\/folliamala.ch\/#organization","name":"Folliamala","url":"https:\/\/folliamala.ch\/","logo":{"@type":"ImageObject","inLanguage":"fr-FR","@id":"https:\/\/folliamala.ch\/#\/schema\/logo\/image\/","url":"https:\/\/folliamala.ch\/wp-content\/uploads\/2021\/08\/folliamala_logo.png","contentUrl":"https:\/\/folliamala.ch\/wp-content\/uploads\/2021\/08\/folliamala_logo.png","width":529,"height":109,"caption":"Folliamala"},"image":{"@id":"https:\/\/folliamala.ch\/#\/schema\/logo\/image\/"},"sameAs":["https:\/\/www.facebook.com\/folliamala\/","https:\/\/www.instagram.com\/folliamala\/","https:\/\/www.pinterest.de\/folliamala\/"]}]}},"_links":{"self":[{"href":"https:\/\/folliamala.ch\/fr\/wp-json\/wp\/v2\/product\/14061","targetHints":{"allow":["GET"]}}],"collection":[{"href":"https:\/\/folliamala.ch\/fr\/wp-json\/wp\/v2\/product"}],"about":[{"href":"https:\/\/folliamala.ch\/fr\/wp-json\/wp\/v2\/types\/product"}],"version-history":[{"count":3,"href":"https:\/\/folliamala.ch\/fr\/wp-json\/wp\/v2\/product\/14061\/revisions"}],"predecessor-version":[{"id":14119,"href":"https:\/\/folliamala.ch\/fr\/wp-json\/wp\/v2\/product\/14061\/revisions\/14119"}],"wp:featuredmedia":[{"embeddable":true,"href":"https:\/\/folliamala.ch\/fr\/wp-json\/wp\/v2\/media\/10603"}],"wp:attachment":[{"href":"https:\/\/folliamala.ch\/fr\/wp-json\/wp\/v2\/media?parent=14061"}],"wp:term":[{"taxonomy":"product_brand","embeddable":true,"href":"https:\/\/folliamala.ch\/fr\/wp-json\/wp\/v2\/product_brand?post=14061"},{"taxonomy":"product_cat","embeddable":true,"href":"https:\/\/folliamala.ch\/fr\/wp-json\/wp\/v2\/product_cat?post=14061"},{"taxonomy":"product_tag","embeddable":true,"href":"https:\/\/folliamala.ch\/fr\/wp-json\/wp\/v2\/product_tag?post=14061"}],"curies":[{"name":"wp","href":"https:\/\/api.w.org\/{rel}","templated":true}]}}