{"id":14393,"date":"2026-01-20T22:59:51","date_gmt":"2026-01-20T20:59:51","guid":{"rendered":"https:\/\/folliamala.ch\/?post_type=product&#038;p=14393"},"modified":"2026-04-07T20:48:15","modified_gmt":"2026-04-07T18:48:15","slug":"die-behutsame","status":"publish","type":"product","link":"https:\/\/folliamala.ch\/fr\/product\/die-behutsame\/","title":{"rendered":"La prudence"},"content":{"rendered":"<p class=\"p1\"><b>Mala pierre de lune<\/b><\/p>\n<div class=\"et_pb_module et_pb_text et_pb_text_3 et_pb_text_align_left et_pb_text_align_justified-phone et_pb_bg_layout_light\">\n<div class=\"et_pb_text_inner\">\n<p data-start=\"280\" data-end=\"595\">Sie vereint <strong data-start=\"370\" data-end=\"419\">weissen, apricotfarbenen und grauen Mondstein<\/strong>. Die sanften Farbt\u00f6ne und der nat\u00fcrliche Schimmer der Steine verleihen der Kette eine ruhige, ausgewogene Ausstrahlung und machen jedes St\u00fcck zu einem einzigartigen Begleiter.<\/p>\n<p data-start=\"597\" data-end=\"864\">Mondstein steht f\u00fcr <strong data-start=\"617\" data-end=\"663\">Intuition, Weiblichkeit und innere Balance<\/strong>. Die Kombination verschiedener Mondstein-Varianten unterst\u00fctzt dabei, in Verbindung mit den eigenen Gef\u00fchlen zu bleiben, \u00dcberg\u00e4nge achtsam zu begleiten und Vertrauen in den eigenen Rhythmus zu finden.<\/p>\n<p data-start=\"597\" data-end=\"864\">Eine zeitlose Kette mit stiller Kraft \u2013 klar, weich und erdend zugleich. Es wird \u00fcbrigens gesagt, dass jede Frau einen Mondstein tragen sollte.<\/p>\n<p data-start=\"866\" data-end=\"877\"><strong data-start=\"866\" data-end=\"877\">Details<\/strong><\/p>\n<ul data-start=\"878\" data-end=\"1114\">\n<li>Pi\u00e8ce unique<\/li>\n<li class=\"li1\">Nou\u00e9 \u00e0 la main<\/li>\n<li>Stein:\u00a0weisser, apricotfarbener und grauer Mondstein<\/li>\n<li>Anzahl Perlen: 47<\/li>\n<li class=\"li1\">Taille des perles: \u00f8 8 mm<\/li>\n<li>Verschluss: goldiger Jumpring<\/li>\n<li>L\u00e4nge: 37 cm, inkl. Quaste<\/li>\n<\/ul>\n<\/div>\n<\/div>","protected":false},"excerpt":{"rendered":"<p>Mala pierre de lune<\/p>","protected":false},"featured_media":14390,"template":"","meta":{"site-sidebar-layout":"default","site-content-layout":"default","ast-site-content-layout":"default","site-content-style":"default","site-sidebar-style":"default","ast-global-header-display":"","ast-banner-title-visibility":"","ast-main-header-display":"","ast-hfb-above-header-display":"","ast-hfb-below-header-display":"","ast-hfb-mobile-header-display":"","site-post-title":"","ast-breadcrumbs-content":"","ast-featured-img":"","footer-sml-layout":"","ast-disable-related-posts":"","theme-transparent-header-meta":"default","adv-header-id-meta":"","stick-header-meta":"","header-above-stick-meta":"","header-main-stick-meta":"","header-below-stick-meta":"","astra-migrate-meta-layouts":"set","ast-page-background-enabled":"default","ast-page-background-meta":{"desktop":{"background-color":"","background-image":"","background-repeat":"repeat","background-position":"center center","background-size":"auto","background-attachment":"scroll","background-type":"","background-media":"","overlay-type":"","overlay-color":"","overlay-opacity":"","overlay-gradient":""},"tablet":{"background-color":"","background-image":"","background-repeat":"repeat","background-position":"center center","background-size":"auto","background-attachment":"scroll","background-type":"","background-media":"","overlay-type":"","overlay-color":"","overlay-opacity":"","overlay-gradient":""},"mobile":{"background-color":"","background-image":"","background-repeat":"repeat","background-position":"center center","background-size":"auto","background-attachment":"scroll","background-type":"","background-media":"","overlay-type":"","overlay-color":"","overlay-opacity":"","overlay-gradient":""}},"ast-content-background-meta":{"desktop":{"background-color":"var(--ast-global-color-5)","background-image":"","background-repeat":"repeat","background-position":"center center","background-size":"auto","background-attachment":"scroll","background-type":"","background-media":"","overlay-type":"","overlay-color":"","overlay-opacity":"","overlay-gradient":""},"tablet":{"background-color":"var(--ast-global-color-5)","background-image":"","background-repeat":"repeat","background-position":"center center","background-size":"auto","background-attachment":"scroll","background-type":"","background-media":"","overlay-type":"","overlay-color":"","overlay-opacity":"","overlay-gradient":""},"mobile":{"background-color":"var(--ast-global-color-5)","background-image":"","background-repeat":"repeat","background-position":"center center","background-size":"auto","background-attachment":"scroll","background-type":"","background-media":"","overlay-type":"","overlay-color":"","overlay-opacity":"","overlay-gradient":""}},"_glsr_average":0,"_glsr_ranking":0,"_glsr_reviews":0},"product_brand":[224],"product_cat":[205,26],"product_tag":[113],"class_list":{"0":"post-14393","1":"product","2":"type-product","3":"status-publish","4":"has-post-thumbnail","6":"product_brand-folliamala","7":"product_cat-halsketten","8":"product_cat-kuerzere-malaketten","9":"product_tag-mondstein","10":"desktop-align-center","11":"tablet-align-left","12":"mobile-align-left","14":"first","15":"instock","16":"sold-individually","17":"shipping-taxable","18":"purchasable","19":"product-type-simple","20":"wpzoom-wc-spi-has-enabled"},"yoast_head":"<!-- This site is optimized with the Yoast SEO plugin v27.4 - https:\/\/yoast.com\/product\/yoast-seo-wordpress\/ -->\n<title>Malakette Mondstein &#8211; Folliamala<\/title>\n<meta name=\"description\" content=\"Malakette Mondstein: Intuition, Weiblichkeit und innere Balance \u2013zeitlos, klar, weich und erdend zugleich. Weitere Malaketten bei folliamala.ch\" \/>\n<meta name=\"robots\" content=\"index, follow, max-snippet:-1, max-image-preview:large, max-video-preview:-1\" \/>\n<link rel=\"canonical\" href=\"https:\/\/folliamala.ch\/fr\/product\/die-behutsame\/\" \/>\n<meta property=\"og:locale\" content=\"fr_FR\" \/>\n<meta property=\"og:type\" content=\"article\" \/>\n<meta property=\"og:title\" content=\"Malakette Mondstein &#8211; Folliamala\" \/>\n<meta property=\"og:description\" content=\"Malakette Mondstein: Intuition, Weiblichkeit und innere Balance \u2013zeitlos, klar, weich und erdend zugleich. Weitere Malaketten bei folliamala.ch\" \/>\n<meta property=\"og:url\" content=\"https:\/\/folliamala.ch\/fr\/product\/die-behutsame\/\" \/>\n<meta property=\"og:site_name\" content=\"Folliamala\" \/>\n<meta property=\"article:publisher\" content=\"https:\/\/www.facebook.com\/folliamala\/\" \/>\n<meta property=\"article:modified_time\" content=\"2026-04-07T18:48:15+00:00\" \/>\n<meta property=\"og:image\" content=\"https:\/\/folliamala.ch\/wp-content\/uploads\/2026\/01\/Halskette_Mondstein_o.webp\" \/>\n\t<meta property=\"og:image:width\" content=\"1000\" \/>\n\t<meta property=\"og:image:height\" content=\"1000\" \/>\n\t<meta property=\"og:image:type\" content=\"image\/webp\" \/>\n<meta name=\"twitter:card\" content=\"summary_large_image\" \/>\n<meta name=\"twitter:label1\" content=\"Dur\u00e9e de lecture estim\u00e9e\" \/>\n\t<meta name=\"twitter:data1\" content=\"1 minute\" \/>\n<script type=\"application\/ld+json\" class=\"yoast-schema-graph\">{\"@context\":\"https:\\\/\\\/schema.org\",\"@graph\":[{\"@type\":\"WebPage\",\"@id\":\"https:\\\/\\\/folliamala.ch\\\/product\\\/die-behutsame\\\/\",\"url\":\"https:\\\/\\\/folliamala.ch\\\/product\\\/die-behutsame\\\/\",\"name\":\"Malakette Mondstein &#8211; Folliamala\",\"isPartOf\":{\"@id\":\"https:\\\/\\\/folliamala.ch\\\/#website\"},\"primaryImageOfPage\":{\"@id\":\"https:\\\/\\\/folliamala.ch\\\/product\\\/die-behutsame\\\/#primaryimage\"},\"image\":{\"@id\":\"https:\\\/\\\/folliamala.ch\\\/product\\\/die-behutsame\\\/#primaryimage\"},\"thumbnailUrl\":\"https:\\\/\\\/folliamala.ch\\\/wp-content\\\/uploads\\\/2026\\\/01\\\/Halskette_Mondstein_o.webp\",\"datePublished\":\"2026-01-20T20:59:51+00:00\",\"dateModified\":\"2026-04-07T18:48:15+00:00\",\"description\":\"Malakette Mondstein: Intuition, Weiblichkeit und innere Balance \u2013zeitlos, klar, weich und erdend zugleich. Weitere Malaketten bei folliamala.ch\",\"breadcrumb\":{\"@id\":\"https:\\\/\\\/folliamala.ch\\\/product\\\/die-behutsame\\\/#breadcrumb\"},\"inLanguage\":\"fr-FR\",\"potentialAction\":[{\"@type\":\"ReadAction\",\"target\":[\"https:\\\/\\\/folliamala.ch\\\/product\\\/die-behutsame\\\/\"]}]},{\"@type\":\"ImageObject\",\"inLanguage\":\"fr-FR\",\"@id\":\"https:\\\/\\\/folliamala.ch\\\/product\\\/die-behutsame\\\/#primaryimage\",\"url\":\"https:\\\/\\\/folliamala.ch\\\/wp-content\\\/uploads\\\/2026\\\/01\\\/Halskette_Mondstein_o.webp\",\"contentUrl\":\"https:\\\/\\\/folliamala.ch\\\/wp-content\\\/uploads\\\/2026\\\/01\\\/Halskette_Mondstein_o.webp\",\"width\":1000,\"height\":1000,\"caption\":\"Malakette Mondstein\"},{\"@type\":\"BreadcrumbList\",\"@id\":\"https:\\\/\\\/folliamala.ch\\\/product\\\/die-behutsame\\\/#breadcrumb\",\"itemListElement\":[{\"@type\":\"ListItem\",\"position\":1,\"name\":\"Startseite\",\"item\":\"https:\\\/\\\/folliamala.ch\\\/\"},{\"@type\":\"ListItem\",\"position\":2,\"name\":\"Shop\",\"item\":\"https:\\\/\\\/folliamala.ch\\\/store\\\/\"},{\"@type\":\"ListItem\",\"position\":3,\"name\":\"Die Behutsame\"}]},{\"@type\":\"WebSite\",\"@id\":\"https:\\\/\\\/folliamala.ch\\\/#website\",\"url\":\"https:\\\/\\\/folliamala.ch\\\/\",\"name\":\"Folliamala\",\"description\":\"Mala Ketten &amp; Armb\u00e4nder\",\"publisher\":{\"@id\":\"https:\\\/\\\/folliamala.ch\\\/#organization\"},\"potentialAction\":[{\"@type\":\"SearchAction\",\"target\":{\"@type\":\"EntryPoint\",\"urlTemplate\":\"https:\\\/\\\/folliamala.ch\\\/?s={search_term_string}\"},\"query-input\":{\"@type\":\"PropertyValueSpecification\",\"valueRequired\":true,\"valueName\":\"search_term_string\"}}],\"inLanguage\":\"fr-FR\"},{\"@type\":\"Organization\",\"@id\":\"https:\\\/\\\/folliamala.ch\\\/#organization\",\"name\":\"Folliamala\",\"url\":\"https:\\\/\\\/folliamala.ch\\\/\",\"logo\":{\"@type\":\"ImageObject\",\"inLanguage\":\"fr-FR\",\"@id\":\"https:\\\/\\\/folliamala.ch\\\/#\\\/schema\\\/logo\\\/image\\\/\",\"url\":\"https:\\\/\\\/folliamala.ch\\\/wp-content\\\/uploads\\\/2021\\\/08\\\/folliamala_logo.png\",\"contentUrl\":\"https:\\\/\\\/folliamala.ch\\\/wp-content\\\/uploads\\\/2021\\\/08\\\/folliamala_logo.png\",\"width\":529,\"height\":109,\"caption\":\"Folliamala\"},\"image\":{\"@id\":\"https:\\\/\\\/folliamala.ch\\\/#\\\/schema\\\/logo\\\/image\\\/\"},\"sameAs\":[\"https:\\\/\\\/www.facebook.com\\\/folliamala\\\/\",\"https:\\\/\\\/www.instagram.com\\\/folliamala\\\/\",\"https:\\\/\\\/www.pinterest.de\\\/folliamala\\\/\"]}]}<\/script>\n<!-- \/ Yoast SEO plugin. -->","yoast_head_json":{"title":"Malakette Mondstein &#8211; Folliamala","description":"Malakette Mondstein: Intuition, Weiblichkeit und innere Balance \u2013zeitlos, klar, weich und erdend zugleich. Weitere Malaketten bei folliamala.ch","robots":{"index":"index","follow":"follow","max-snippet":"max-snippet:-1","max-image-preview":"max-image-preview:large","max-video-preview":"max-video-preview:-1"},"canonical":"https:\/\/folliamala.ch\/fr\/product\/die-behutsame\/","og_locale":"fr_FR","og_type":"article","og_title":"Malakette Mondstein &#8211; Folliamala","og_description":"Malakette Mondstein: Intuition, Weiblichkeit und innere Balance \u2013zeitlos, klar, weich und erdend zugleich. Weitere Malaketten bei folliamala.ch","og_url":"https:\/\/folliamala.ch\/fr\/product\/die-behutsame\/","og_site_name":"Folliamala","article_publisher":"https:\/\/www.facebook.com\/folliamala\/","article_modified_time":"2026-04-07T18:48:15+00:00","og_image":[{"width":1000,"height":1000,"url":"https:\/\/folliamala.ch\/wp-content\/uploads\/2026\/01\/Halskette_Mondstein_o.webp","type":"image\/webp"}],"twitter_card":"summary_large_image","twitter_misc":{"Dur\u00e9e de lecture estim\u00e9e":"1 minute"},"schema":{"@context":"https:\/\/schema.org","@graph":[{"@type":"WebPage","@id":"https:\/\/folliamala.ch\/product\/die-behutsame\/","url":"https:\/\/folliamala.ch\/product\/die-behutsame\/","name":"Malakette Mondstein &#8211; Folliamala","isPartOf":{"@id":"https:\/\/folliamala.ch\/#website"},"primaryImageOfPage":{"@id":"https:\/\/folliamala.ch\/product\/die-behutsame\/#primaryimage"},"image":{"@id":"https:\/\/folliamala.ch\/product\/die-behutsame\/#primaryimage"},"thumbnailUrl":"https:\/\/folliamala.ch\/wp-content\/uploads\/2026\/01\/Halskette_Mondstein_o.webp","datePublished":"2026-01-20T20:59:51+00:00","dateModified":"2026-04-07T18:48:15+00:00","description":"Malakette Mondstein: Intuition, Weiblichkeit und innere Balance \u2013zeitlos, klar, weich und erdend zugleich. Weitere Malaketten bei folliamala.ch","breadcrumb":{"@id":"https:\/\/folliamala.ch\/product\/die-behutsame\/#breadcrumb"},"inLanguage":"fr-FR","potentialAction":[{"@type":"ReadAction","target":["https:\/\/folliamala.ch\/product\/die-behutsame\/"]}]},{"@type":"ImageObject","inLanguage":"fr-FR","@id":"https:\/\/folliamala.ch\/product\/die-behutsame\/#primaryimage","url":"https:\/\/folliamala.ch\/wp-content\/uploads\/2026\/01\/Halskette_Mondstein_o.webp","contentUrl":"https:\/\/folliamala.ch\/wp-content\/uploads\/2026\/01\/Halskette_Mondstein_o.webp","width":1000,"height":1000,"caption":"Malakette Mondstein"},{"@type":"BreadcrumbList","@id":"https:\/\/folliamala.ch\/product\/die-behutsame\/#breadcrumb","itemListElement":[{"@type":"ListItem","position":1,"name":"Startseite","item":"https:\/\/folliamala.ch\/"},{"@type":"ListItem","position":2,"name":"Shop","item":"https:\/\/folliamala.ch\/store\/"},{"@type":"ListItem","position":3,"name":"Die Behutsame"}]},{"@type":"WebSite","@id":"https:\/\/folliamala.ch\/#website","url":"https:\/\/folliamala.ch\/","name":"Folliamala","description":"Malas et bracelets","publisher":{"@id":"https:\/\/folliamala.ch\/#organization"},"potentialAction":[{"@type":"SearchAction","target":{"@type":"EntryPoint","urlTemplate":"https:\/\/folliamala.ch\/?s={search_term_string}"},"query-input":{"@type":"PropertyValueSpecification","valueRequired":true,"valueName":"search_term_string"}}],"inLanguage":"fr-FR"},{"@type":"Organization","@id":"https:\/\/folliamala.ch\/#organization","name":"Folliamala","url":"https:\/\/folliamala.ch\/","logo":{"@type":"ImageObject","inLanguage":"fr-FR","@id":"https:\/\/folliamala.ch\/#\/schema\/logo\/image\/","url":"https:\/\/folliamala.ch\/wp-content\/uploads\/2021\/08\/folliamala_logo.png","contentUrl":"https:\/\/folliamala.ch\/wp-content\/uploads\/2021\/08\/folliamala_logo.png","width":529,"height":109,"caption":"Folliamala"},"image":{"@id":"https:\/\/folliamala.ch\/#\/schema\/logo\/image\/"},"sameAs":["https:\/\/www.facebook.com\/folliamala\/","https:\/\/www.instagram.com\/folliamala\/","https:\/\/www.pinterest.de\/folliamala\/"]}]}},"_links":{"self":[{"href":"https:\/\/folliamala.ch\/fr\/wp-json\/wp\/v2\/product\/14393","targetHints":{"allow":["GET"]}}],"collection":[{"href":"https:\/\/folliamala.ch\/fr\/wp-json\/wp\/v2\/product"}],"about":[{"href":"https:\/\/folliamala.ch\/fr\/wp-json\/wp\/v2\/types\/product"}],"version-history":[{"count":1,"href":"https:\/\/folliamala.ch\/fr\/wp-json\/wp\/v2\/product\/14393\/revisions"}],"predecessor-version":[{"id":14394,"href":"https:\/\/folliamala.ch\/fr\/wp-json\/wp\/v2\/product\/14393\/revisions\/14394"}],"wp:featuredmedia":[{"embeddable":true,"href":"https:\/\/folliamala.ch\/fr\/wp-json\/wp\/v2\/media\/14390"}],"wp:attachment":[{"href":"https:\/\/folliamala.ch\/fr\/wp-json\/wp\/v2\/media?parent=14393"}],"wp:term":[{"taxonomy":"product_brand","embeddable":true,"href":"https:\/\/folliamala.ch\/fr\/wp-json\/wp\/v2\/product_brand?post=14393"},{"taxonomy":"product_cat","embeddable":true,"href":"https:\/\/folliamala.ch\/fr\/wp-json\/wp\/v2\/product_cat?post=14393"},{"taxonomy":"product_tag","embeddable":true,"href":"https:\/\/folliamala.ch\/fr\/wp-json\/wp\/v2\/product_tag?post=14393"}],"curies":[{"name":"wp","href":"https:\/\/api.w.org\/{rel}","templated":true}]}}