{"id":5470,"date":"2022-03-06T01:03:00","date_gmt":"2022-03-05T23:03:00","guid":{"rendered":"https:\/\/folliamala.ch\/?post_type=product&#038;p=5470"},"modified":"2025-08-23T17:50:39","modified_gmt":"2025-08-23T15:50:39","slug":"die-energetische","status":"publish","type":"product","link":"https:\/\/folliamala.ch\/fr\/product\/die-energetische\/","title":{"rendered":"L\u2019\u00e9nergie"},"content":{"rendered":"<p class=\"p1\"><b>Bracelet en <strong>en agate de feu<\/strong><\/b><\/p>\n<p><span style=\"font-weight: 400;\">Un bracelet \u00e9nergisant agr\u00e9ment\u00e9 d\u2019un poisson argent\u00e9.\u00a0<\/span><span style=\"font-weight: 400;\">L'agate de feu a un effet positif sur l'humeur et augmente la libido.<\/span> La pierre favorise \u00e9galement l\u2019optimisme et permet de mieux \u00e9valuer l\u2019exp\u00e9rience accumul\u00e9e.<\/p>\n<ul>\n<li class=\"li1\">Pi\u00e8ce unique<\/li>\n<li class=\"li1\">Nombre de perles: 22<\/li>\n<li>Taille des perles:\u00a0<span style=\"font-weight: 400;\">\u00f8 8 mm<\/span><\/li>\n<li style=\"font-weight: 400;\" aria-level=\"1\"><span style=\"font-weight: 400;\">\u00c9l\u00e9ments interm\u00e9diaires argent\u00e9s<\/span><\/li>\n<li><span style=\"font-weight: 400;\">Mont\u00e9 sur \u00e9lastique<\/span><\/li>\n<li>Pour un tour de poignet de 18 cm; possibilit\u00e9 d\u2019ajuster \u00e0 la taille souhait\u00e9e<\/li>\n<\/ul>","protected":false},"excerpt":{"rendered":"<p>Bracelet en agate de feu<\/p>","protected":false},"featured_media":5449,"template":"","meta":{"site-sidebar-layout":"default","site-content-layout":"default","ast-site-content-layout":"default","site-content-style":"default","site-sidebar-style":"default","ast-global-header-display":"","ast-banner-title-visibility":"","ast-main-header-display":"","ast-hfb-above-header-display":"","ast-hfb-below-header-display":"","ast-hfb-mobile-header-display":"","site-post-title":"","ast-breadcrumbs-content":"","ast-featured-img":"","footer-sml-layout":"","ast-disable-related-posts":"","theme-transparent-header-meta":"default","adv-header-id-meta":"","stick-header-meta":"","header-above-stick-meta":"","header-main-stick-meta":"","header-below-stick-meta":"","astra-migrate-meta-layouts":"default","ast-page-background-enabled":"default","ast-page-background-meta":{"desktop":{"background-color":"","background-image":"","background-repeat":"repeat","background-position":"center center","background-size":"auto","background-attachment":"scroll","background-type":"","background-media":"","overlay-type":"","overlay-color":"","overlay-opacity":"","overlay-gradient":""},"tablet":{"background-color":"","background-image":"","background-repeat":"repeat","background-position":"center center","background-size":"auto","background-attachment":"scroll","background-type":"","background-media":"","overlay-type":"","overlay-color":"","overlay-opacity":"","overlay-gradient":""},"mobile":{"background-color":"","background-image":"","background-repeat":"repeat","background-position":"center center","background-size":"auto","background-attachment":"scroll","background-type":"","background-media":"","overlay-type":"","overlay-color":"","overlay-opacity":"","overlay-gradient":""}},"ast-content-background-meta":{"desktop":{"background-color":"var(--ast-global-color-5)","background-image":"","background-repeat":"repeat","background-position":"center center","background-size":"auto","background-attachment":"scroll","background-type":"","background-media":"","overlay-type":"","overlay-color":"","overlay-opacity":"","overlay-gradient":""},"tablet":{"background-color":"var(--ast-global-color-5)","background-image":"","background-repeat":"repeat","background-position":"center center","background-size":"auto","background-attachment":"scroll","background-type":"","background-media":"","overlay-type":"","overlay-color":"","overlay-opacity":"","overlay-gradient":""},"mobile":{"background-color":"var(--ast-global-color-5)","background-image":"","background-repeat":"repeat","background-position":"center center","background-size":"auto","background-attachment":"scroll","background-type":"","background-media":"","overlay-type":"","overlay-color":"","overlay-opacity":"","overlay-gradient":""}},"_glsr_average":0,"_glsr_ranking":0,"_glsr_reviews":0},"product_brand":[224],"product_cat":[127],"product_tag":[99],"class_list":{"0":"post-5470","1":"product","2":"type-product","3":"status-publish","4":"has-post-thumbnail","6":"product_brand-folliamala","7":"product_cat-armband","8":"product_tag-achat","9":"desktop-align-center","10":"tablet-align-left","11":"mobile-align-left","13":"first","14":"instock","15":"sold-individually","16":"purchasable","17":"product-type-simple","18":"wpzoom-wc-spi-has-enabled"},"yoast_head":"<!-- This site is optimized with the Yoast SEO plugin v27.4 - https:\/\/yoast.com\/product\/yoast-seo-wordpress\/ -->\n<title>Mala Armband Feuerachat &#8211; Folliamala<\/title>\n<meta name=\"description\" content=\"Mala Armband Feuerachat mit dem silbrigen Fischli. Weitere handgemachte Mala Armb\u00e4nder und Mala Ketten in unserem Onlineshop.\" \/>\n<meta name=\"robots\" content=\"index, follow, max-snippet:-1, max-image-preview:large, max-video-preview:-1\" \/>\n<link rel=\"canonical\" href=\"https:\/\/folliamala.ch\/fr\/product\/die-energetische\/\" \/>\n<meta property=\"og:locale\" content=\"fr_FR\" \/>\n<meta property=\"og:type\" content=\"article\" \/>\n<meta property=\"og:title\" content=\"Mala Armband Feuerachat &#8211; Folliamala\" \/>\n<meta property=\"og:description\" content=\"Mala Armband Feuerachat mit dem silbrigen Fischli. Weitere handgemachte Mala Armb\u00e4nder und Mala Ketten in unserem Onlineshop.\" \/>\n<meta property=\"og:url\" content=\"https:\/\/folliamala.ch\/fr\/product\/die-energetische\/\" \/>\n<meta property=\"og:site_name\" content=\"Folliamala\" \/>\n<meta property=\"article:publisher\" content=\"https:\/\/www.facebook.com\/folliamala\/\" \/>\n<meta property=\"article:modified_time\" content=\"2025-08-23T15:50:39+00:00\" \/>\n<meta property=\"og:image\" content=\"https:\/\/folliamala.ch\/wp-content\/uploads\/2022\/03\/Pugno_Feuerachat_o.jpg\" \/>\n\t<meta property=\"og:image:width\" content=\"1000\" \/>\n\t<meta property=\"og:image:height\" content=\"1000\" \/>\n\t<meta property=\"og:image:type\" content=\"image\/jpeg\" \/>\n<meta name=\"twitter:card\" content=\"summary_large_image\" \/>\n<meta name=\"twitter:label1\" content=\"Dur\u00e9e de lecture estim\u00e9e\" \/>\n\t<meta name=\"twitter:data1\" content=\"1 minute\" \/>\n<script type=\"application\/ld+json\" class=\"yoast-schema-graph\">{\"@context\":\"https:\\\/\\\/schema.org\",\"@graph\":[{\"@type\":\"WebPage\",\"@id\":\"https:\\\/\\\/folliamala.ch\\\/product\\\/die-energetische\\\/\",\"url\":\"https:\\\/\\\/folliamala.ch\\\/product\\\/die-energetische\\\/\",\"name\":\"Mala Armband Feuerachat &#8211; Folliamala\",\"isPartOf\":{\"@id\":\"https:\\\/\\\/folliamala.ch\\\/#website\"},\"primaryImageOfPage\":{\"@id\":\"https:\\\/\\\/folliamala.ch\\\/product\\\/die-energetische\\\/#primaryimage\"},\"image\":{\"@id\":\"https:\\\/\\\/folliamala.ch\\\/product\\\/die-energetische\\\/#primaryimage\"},\"thumbnailUrl\":\"https:\\\/\\\/folliamala.ch\\\/wp-content\\\/uploads\\\/2022\\\/03\\\/Pugno_Feuerachat_o.jpg\",\"datePublished\":\"2022-03-05T23:03:00+00:00\",\"dateModified\":\"2025-08-23T15:50:39+00:00\",\"description\":\"Mala Armband Feuerachat mit dem silbrigen Fischli. Weitere handgemachte Mala Armb\u00e4nder und Mala Ketten in unserem Onlineshop.\",\"breadcrumb\":{\"@id\":\"https:\\\/\\\/folliamala.ch\\\/product\\\/die-energetische\\\/#breadcrumb\"},\"inLanguage\":\"fr-FR\",\"potentialAction\":[{\"@type\":\"ReadAction\",\"target\":[\"https:\\\/\\\/folliamala.ch\\\/product\\\/die-energetische\\\/\"]}]},{\"@type\":\"ImageObject\",\"inLanguage\":\"fr-FR\",\"@id\":\"https:\\\/\\\/folliamala.ch\\\/product\\\/die-energetische\\\/#primaryimage\",\"url\":\"https:\\\/\\\/folliamala.ch\\\/wp-content\\\/uploads\\\/2022\\\/03\\\/Pugno_Feuerachat_o.jpg\",\"contentUrl\":\"https:\\\/\\\/folliamala.ch\\\/wp-content\\\/uploads\\\/2022\\\/03\\\/Pugno_Feuerachat_o.jpg\",\"width\":1000,\"height\":1000,\"caption\":\"Mala Armband Feuerachat\"},{\"@type\":\"BreadcrumbList\",\"@id\":\"https:\\\/\\\/folliamala.ch\\\/product\\\/die-energetische\\\/#breadcrumb\",\"itemListElement\":[{\"@type\":\"ListItem\",\"position\":1,\"name\":\"Startseite\",\"item\":\"https:\\\/\\\/folliamala.ch\\\/\"},{\"@type\":\"ListItem\",\"position\":2,\"name\":\"Shop\",\"item\":\"https:\\\/\\\/folliamala.ch\\\/store\\\/\"},{\"@type\":\"ListItem\",\"position\":3,\"name\":\"Die Energetische\"}]},{\"@type\":\"WebSite\",\"@id\":\"https:\\\/\\\/folliamala.ch\\\/#website\",\"url\":\"https:\\\/\\\/folliamala.ch\\\/\",\"name\":\"Folliamala\",\"description\":\"Mala Ketten &amp; Armb\u00e4nder\",\"publisher\":{\"@id\":\"https:\\\/\\\/folliamala.ch\\\/#organization\"},\"potentialAction\":[{\"@type\":\"SearchAction\",\"target\":{\"@type\":\"EntryPoint\",\"urlTemplate\":\"https:\\\/\\\/folliamala.ch\\\/?s={search_term_string}\"},\"query-input\":{\"@type\":\"PropertyValueSpecification\",\"valueRequired\":true,\"valueName\":\"search_term_string\"}}],\"inLanguage\":\"fr-FR\"},{\"@type\":\"Organization\",\"@id\":\"https:\\\/\\\/folliamala.ch\\\/#organization\",\"name\":\"Folliamala\",\"url\":\"https:\\\/\\\/folliamala.ch\\\/\",\"logo\":{\"@type\":\"ImageObject\",\"inLanguage\":\"fr-FR\",\"@id\":\"https:\\\/\\\/folliamala.ch\\\/#\\\/schema\\\/logo\\\/image\\\/\",\"url\":\"https:\\\/\\\/folliamala.ch\\\/wp-content\\\/uploads\\\/2021\\\/08\\\/folliamala_logo.png\",\"contentUrl\":\"https:\\\/\\\/folliamala.ch\\\/wp-content\\\/uploads\\\/2021\\\/08\\\/folliamala_logo.png\",\"width\":529,\"height\":109,\"caption\":\"Folliamala\"},\"image\":{\"@id\":\"https:\\\/\\\/folliamala.ch\\\/#\\\/schema\\\/logo\\\/image\\\/\"},\"sameAs\":[\"https:\\\/\\\/www.facebook.com\\\/folliamala\\\/\",\"https:\\\/\\\/www.instagram.com\\\/folliamala\\\/\",\"https:\\\/\\\/www.pinterest.de\\\/folliamala\\\/\"]}]}<\/script>\n<!-- \/ Yoast SEO plugin. -->","yoast_head_json":{"title":"Mala bracelet agate de feu - Folliamala","description":"Bracelet mala agate de feu avec le fishli argent\u00e9. Autres bracelets mala et colliers mala faits \u00e0 la main dans notre boutique en ligne.","robots":{"index":"index","follow":"follow","max-snippet":"max-snippet:-1","max-image-preview":"max-image-preview:large","max-video-preview":"max-video-preview:-1"},"canonical":"https:\/\/folliamala.ch\/fr\/product\/die-energetische\/","og_locale":"fr_FR","og_type":"article","og_title":"Mala Armband Feuerachat &#8211; Folliamala","og_description":"Mala Armband Feuerachat mit dem silbrigen Fischli. Weitere handgemachte Mala Armb\u00e4nder und Mala Ketten in unserem Onlineshop.","og_url":"https:\/\/folliamala.ch\/fr\/product\/die-energetische\/","og_site_name":"Folliamala","article_publisher":"https:\/\/www.facebook.com\/folliamala\/","article_modified_time":"2025-08-23T15:50:39+00:00","og_image":[{"width":1000,"height":1000,"url":"https:\/\/folliamala.ch\/wp-content\/uploads\/2022\/03\/Pugno_Feuerachat_o.jpg","type":"image\/jpeg"}],"twitter_card":"summary_large_image","twitter_misc":{"Dur\u00e9e de lecture estim\u00e9e":"1 minute"},"schema":{"@context":"https:\/\/schema.org","@graph":[{"@type":"WebPage","@id":"https:\/\/folliamala.ch\/product\/die-energetische\/","url":"https:\/\/folliamala.ch\/product\/die-energetische\/","name":"Mala bracelet agate de feu - Folliamala","isPartOf":{"@id":"https:\/\/folliamala.ch\/#website"},"primaryImageOfPage":{"@id":"https:\/\/folliamala.ch\/product\/die-energetische\/#primaryimage"},"image":{"@id":"https:\/\/folliamala.ch\/product\/die-energetische\/#primaryimage"},"thumbnailUrl":"https:\/\/folliamala.ch\/wp-content\/uploads\/2022\/03\/Pugno_Feuerachat_o.jpg","datePublished":"2022-03-05T23:03:00+00:00","dateModified":"2025-08-23T15:50:39+00:00","description":"Bracelet mala agate de feu avec le fishli argent\u00e9. Autres bracelets mala et colliers mala faits \u00e0 la main dans notre boutique en ligne.","breadcrumb":{"@id":"https:\/\/folliamala.ch\/product\/die-energetische\/#breadcrumb"},"inLanguage":"fr-FR","potentialAction":[{"@type":"ReadAction","target":["https:\/\/folliamala.ch\/product\/die-energetische\/"]}]},{"@type":"ImageObject","inLanguage":"fr-FR","@id":"https:\/\/folliamala.ch\/product\/die-energetische\/#primaryimage","url":"https:\/\/folliamala.ch\/wp-content\/uploads\/2022\/03\/Pugno_Feuerachat_o.jpg","contentUrl":"https:\/\/folliamala.ch\/wp-content\/uploads\/2022\/03\/Pugno_Feuerachat_o.jpg","width":1000,"height":1000,"caption":"Mala Armband Feuerachat"},{"@type":"BreadcrumbList","@id":"https:\/\/folliamala.ch\/product\/die-energetische\/#breadcrumb","itemListElement":[{"@type":"ListItem","position":1,"name":"Startseite","item":"https:\/\/folliamala.ch\/"},{"@type":"ListItem","position":2,"name":"Shop","item":"https:\/\/folliamala.ch\/store\/"},{"@type":"ListItem","position":3,"name":"Die Energetische"}]},{"@type":"WebSite","@id":"https:\/\/folliamala.ch\/#website","url":"https:\/\/folliamala.ch\/","name":"Folliamala","description":"Malas et bracelets","publisher":{"@id":"https:\/\/folliamala.ch\/#organization"},"potentialAction":[{"@type":"SearchAction","target":{"@type":"EntryPoint","urlTemplate":"https:\/\/folliamala.ch\/?s={search_term_string}"},"query-input":{"@type":"PropertyValueSpecification","valueRequired":true,"valueName":"search_term_string"}}],"inLanguage":"fr-FR"},{"@type":"Organization","@id":"https:\/\/folliamala.ch\/#organization","name":"Folliamala","url":"https:\/\/folliamala.ch\/","logo":{"@type":"ImageObject","inLanguage":"fr-FR","@id":"https:\/\/folliamala.ch\/#\/schema\/logo\/image\/","url":"https:\/\/folliamala.ch\/wp-content\/uploads\/2021\/08\/folliamala_logo.png","contentUrl":"https:\/\/folliamala.ch\/wp-content\/uploads\/2021\/08\/folliamala_logo.png","width":529,"height":109,"caption":"Folliamala"},"image":{"@id":"https:\/\/folliamala.ch\/#\/schema\/logo\/image\/"},"sameAs":["https:\/\/www.facebook.com\/folliamala\/","https:\/\/www.instagram.com\/folliamala\/","https:\/\/www.pinterest.de\/folliamala\/"]}]}},"_links":{"self":[{"href":"https:\/\/folliamala.ch\/fr\/wp-json\/wp\/v2\/product\/5470","targetHints":{"allow":["GET"]}}],"collection":[{"href":"https:\/\/folliamala.ch\/fr\/wp-json\/wp\/v2\/product"}],"about":[{"href":"https:\/\/folliamala.ch\/fr\/wp-json\/wp\/v2\/types\/product"}],"version-history":[{"count":7,"href":"https:\/\/folliamala.ch\/fr\/wp-json\/wp\/v2\/product\/5470\/revisions"}],"predecessor-version":[{"id":9283,"href":"https:\/\/folliamala.ch\/fr\/wp-json\/wp\/v2\/product\/5470\/revisions\/9283"}],"wp:featuredmedia":[{"embeddable":true,"href":"https:\/\/folliamala.ch\/fr\/wp-json\/wp\/v2\/media\/5449"}],"wp:attachment":[{"href":"https:\/\/folliamala.ch\/fr\/wp-json\/wp\/v2\/media?parent=5470"}],"wp:term":[{"taxonomy":"product_brand","embeddable":true,"href":"https:\/\/folliamala.ch\/fr\/wp-json\/wp\/v2\/product_brand?post=5470"},{"taxonomy":"product_cat","embeddable":true,"href":"https:\/\/folliamala.ch\/fr\/wp-json\/wp\/v2\/product_cat?post=5470"},{"taxonomy":"product_tag","embeddable":true,"href":"https:\/\/folliamala.ch\/fr\/wp-json\/wp\/v2\/product_tag?post=5470"}],"curies":[{"name":"wp","href":"https:\/\/api.w.org\/{rel}","templated":true}]}}