{"id":6773,"date":"2022-09-03T23:45:38","date_gmt":"2022-09-03T21:45:38","guid":{"rendered":"https:\/\/folliamala.ch\/?post_type=product&#038;p=6773"},"modified":"2025-08-23T17:51:06","modified_gmt":"2025-08-23T15:51:06","slug":"widder-mala","status":"publish","type":"product","link":"https:\/\/folliamala.ch\/fr\/product\/widder-mala\/","title":{"rendered":"Mala du B\u00e9lier"},"content":{"rendered":"<p><b>Mala li\u00e9 au signe astrologique du B\u00e9lier\u00a0<\/b><\/p>\n<p><span style=\"font-weight: 400;\">Tu es n\u00e9(e) entre le 21 mars et le 20 avril ou tu as le B\u00e9lier \u00e0 l'ascendant ? Ce mala du B\u00e9lier est fait pour toi. <\/span><\/p>\n<p><span style=\"font-weight: 400;\">Le B\u00e9lier est un leader. Il est \u00e9nergique, actif et motiv\u00e9. Il veut \u00eatre le premier et le meilleur, et y parvient souvent. Son point fort? La concentration, aussi bien dans sa vie priv\u00e9e que dans sa vie professionnelle. <\/span><span style=\"font-weight: 400;\">Qu\u2019il ait 20, 50 ou 90 ans, il est plein d'\u00e9lan et capable de commencer une toute nouvelle vie \u00e0 chaque instant. Son grand enthousiasme lui permet d\u2019atteindre ses objectifs et de mobiliser des ressources in\u00e9puisables pour y parvenir. Loyal et chaleureux, le B\u00e9lier a \u00e9galement le sens de la famille et de l\u2019amiti\u00e9.<\/span><\/p>\n<h6><b>Caract\u00e9ristiques du B\u00e9lier<\/b><\/h6>\n<p><span style=\"font-weight: 400;\">Capable de s\u2019affirmer, agressif, leader, dynamique, pionnier, s\u00fbr de lui, impatient, \u00e9nergique, aventurier.<\/span><\/p>\n<h6><b>Pierres pr\u00e9cieuses du B\u00e9lier<\/b><\/h6>\n<p class=\"translation-block\">Le\u00a0<strong>quartz rose <\/strong>est la pierre id\u00e9ale pour renforcer l\u2019empathie. Celle-ci fait souvent d\u00e9faut au B\u00e9lier lorsqu\u2019il en a trop fait. Il a alors tendance \u00e0 ne plus voir que lui et son point de vue. Le quartz rose l\u2019aide \u00e0 mieux appr\u00e9hender les int\u00e9r\u00eats de son entourage.<\/p>\n<p class=\"translation-block\">Le <b>grenat<\/b><span style=\"font-weight: 400\"> est une pierre importante pour ce signe. Elle favorise l\u2019\u00e9nergie et le dynamisme, sans rendre ce signe exub\u00e9rant. Elle lui procure endurance et r\u00e9sistance et l\u2019aide \u00e0 adopter d\u2019autres perspectives.\u00a0<\/span><\/p>\n<h6><b>Tu n\u2019es pas B\u00e9lier?<\/b><\/h6>\n<p class=\"translation-block\"><span style=\"font-weight: 400\">Le <strong>quartz rose<\/strong> est une pierre particuli\u00e8rement importante pour le c\u0153ur \u2013 elle apporte sensibilit\u00e9 et romantisme. C\u2019est la pierre des amoureux. Le c\u0153ur s\u2019ouvre. Mais cette pierre pr\u00e9cieuse procure \u00e9galement un sentiment d\u2019attachement spirituel et s\u2019utilise donc aussi dans les relations de longue dur\u00e9e. Gr\u00e2ce \u00e0 elle, une relation peut atteindre une nouvelle harmonie. En cas de chagrin d\u2019amour, le quartz rose emp\u00eache le c\u0153ur de se fermer et aide \u00e0 l\u00e2cher prise. L\u2019effet doux du quartz rose donne \u00e0 la personne qui le porte la confiance n\u00e9cessaire pour oser prendre un nouveau d\u00e9part.\u00a0<\/span><\/p>\n<p class=\"translation-block\"><span style=\"font-weight: 400\">Le <\/span><b>grenat<\/b><span style=\"font-weight: 400\"> favorise la cr\u00e9ativit\u00e9 et la soif de connaissances. Il repr\u00e9sente la v\u00e9ritable amiti\u00e9 et apporte confiance, r\u00e9confort et assurance. Cela vaut aussi pour le couple. Le grenat aide \u00e0 laisser s\u2019exprimer les sentiments et \u00e0 les montrer ouvertement.<\/span><\/p>\n<h6><b>D\u00e9tails du mala<\/b><\/h6>\n<ul>\n<li style=\"font-weight: 400;\" aria-level=\"1\"><span style=\"font-weight: 400;\">108 perles: 12 grenats, 24 quartz rose, 72 perles en \u00e9b\u00e8ne\u00a0<\/span><\/li>\n<li style=\"font-weight: 400;\" aria-level=\"1\"><span style=\"font-weight: 400;\">Taille des perles: 8 mm<\/span><\/li>\n<li style=\"font-weight: 400;\" aria-level=\"1\"><span style=\"font-weight: 400;\">Perle de gourou: cristal de roche \u2013 de toutes les pierres, c\u2019est celle qui renforce le plus les \u00e9nergies.<\/span><\/li>\n<li style=\"font-weight: 400;\" aria-level=\"1\"><span style=\"font-weight: 400;\">Nou\u00e9 avec du fil de soie pour garantir la solidit\u00e9 et la long\u00e9vit\u00e9 du collier<\/span><\/li>\n<li style=\"font-weight: 400;\" aria-level=\"1\">Taille: <span style=\"font-weight: 400;\">109 cm<\/span><span style=\"font-weight: 400;\"> de circonf\u00e9rence<\/span><\/li>\n<li>Pendentif: pompon (sur demande, possibilit\u00e9 d'un pendentif argent\u00e9 ou dor\u00e9 en forme de fleur de vie)<\/li>\n<\/ul>","protected":false},"excerpt":{"rendered":"<p>Quartz rose et grenat<\/p>","protected":false},"featured_media":10504,"template":"","meta":{"site-sidebar-layout":"default","site-content-layout":"default","ast-site-content-layout":"default","site-content-style":"default","site-sidebar-style":"default","ast-global-header-display":"","ast-banner-title-visibility":"","ast-main-header-display":"","ast-hfb-above-header-display":"","ast-hfb-below-header-display":"","ast-hfb-mobile-header-display":"","site-post-title":"","ast-breadcrumbs-content":"","ast-featured-img":"","footer-sml-layout":"","ast-disable-related-posts":"","theme-transparent-header-meta":"default","adv-header-id-meta":"","stick-header-meta":"","header-above-stick-meta":"","header-main-stick-meta":"","header-below-stick-meta":"","astra-migrate-meta-layouts":"set","ast-page-background-enabled":"default","ast-page-background-meta":{"desktop":{"background-color":"","background-image":"","background-repeat":"repeat","background-position":"center center","background-size":"auto","background-attachment":"scroll","background-type":"","background-media":"","overlay-type":"","overlay-color":"","overlay-opacity":"","overlay-gradient":""},"tablet":{"background-color":"","background-image":"","background-repeat":"repeat","background-position":"center center","background-size":"auto","background-attachment":"scroll","background-type":"","background-media":"","overlay-type":"","overlay-color":"","overlay-opacity":"","overlay-gradient":""},"mobile":{"background-color":"","background-image":"","background-repeat":"repeat","background-position":"center center","background-size":"auto","background-attachment":"scroll","background-type":"","background-media":"","overlay-type":"","overlay-color":"","overlay-opacity":"","overlay-gradient":""}},"ast-content-background-meta":{"desktop":{"background-color":"var(--ast-global-color-5)","background-image":"","background-repeat":"repeat","background-position":"center center","background-size":"auto","background-attachment":"scroll","background-type":"","background-media":"","overlay-type":"","overlay-color":"","overlay-opacity":"","overlay-gradient":""},"tablet":{"background-color":"var(--ast-global-color-5)","background-image":"","background-repeat":"repeat","background-position":"center center","background-size":"auto","background-attachment":"scroll","background-type":"","background-media":"","overlay-type":"","overlay-color":"","overlay-opacity":"","overlay-gradient":""},"mobile":{"background-color":"var(--ast-global-color-5)","background-image":"","background-repeat":"repeat","background-position":"center center","background-size":"auto","background-attachment":"scroll","background-type":"","background-media":"","overlay-type":"","overlay-color":"","overlay-opacity":"","overlay-gradient":""}},"_glsr_average":0,"_glsr_ranking":0,"_glsr_reviews":0},"product_brand":[224],"product_cat":[172,27],"product_tag":[173,184,186],"class_list":{"0":"post-6773","1":"product","2":"type-product","3":"status-publish","4":"has-post-thumbnail","6":"product_brand-folliamala","7":"product_cat-zodiaco","8":"product_cat-traditionelle-malaketten","9":"product_tag-granat","10":"product_tag-holz","11":"product_tag-rosenquarz","12":"desktop-align-center","13":"tablet-align-left","14":"mobile-align-left","16":"first","17":"instock","18":"shipping-taxable","19":"purchasable","20":"product-type-simple","21":"wpzoom-wc-spi-has-enabled"},"yoast_head":"<!-- This site is optimized with the Yoast SEO plugin v27.4 - https:\/\/yoast.com\/product\/yoast-seo-wordpress\/ -->\n<title>Widder-Mala &#8211; Folliamala<\/title>\n<meta name=\"description\" content=\"Widder-Mala f\u00fcr das Sternzeichen Widder\u00a0Bist du zwischen dem 20. M\u00e4rz und den 19. April geboren oder hast du den Widder im Aszendent? Das ist deine Mala!\" \/>\n<meta name=\"robots\" content=\"index, follow, max-snippet:-1, max-image-preview:large, max-video-preview:-1\" \/>\n<link rel=\"canonical\" href=\"https:\/\/folliamala.ch\/fr\/product\/widder-mala\/\" \/>\n<meta property=\"og:locale\" content=\"fr_FR\" \/>\n<meta property=\"og:type\" content=\"article\" \/>\n<meta property=\"og:title\" content=\"Widder-Mala &#8211; Folliamala\" \/>\n<meta property=\"og:description\" content=\"Widder-Mala f\u00fcr das Sternzeichen Widder\u00a0Bist du zwischen dem 20. M\u00e4rz und den 19. April geboren oder hast du den Widder im Aszendent? Das ist deine Mala!\" \/>\n<meta property=\"og:url\" content=\"https:\/\/folliamala.ch\/fr\/product\/widder-mala\/\" \/>\n<meta property=\"og:site_name\" content=\"Folliamala\" \/>\n<meta property=\"article:publisher\" content=\"https:\/\/www.facebook.com\/folliamala\/\" \/>\n<meta property=\"article:modified_time\" content=\"2025-08-23T15:51:06+00:00\" \/>\n<meta property=\"og:image\" content=\"https:\/\/folliamala.ch\/wp-content\/uploads\/2022\/09\/Widder_o.webp\" \/>\n\t<meta property=\"og:image:width\" content=\"1000\" \/>\n\t<meta property=\"og:image:height\" content=\"1000\" \/>\n\t<meta property=\"og:image:type\" content=\"image\/webp\" \/>\n<meta name=\"twitter:card\" content=\"summary_large_image\" \/>\n<meta name=\"twitter:label1\" content=\"Dur\u00e9e de lecture estim\u00e9e\" \/>\n\t<meta name=\"twitter:data1\" content=\"2 minutes\" \/>\n<script type=\"application\/ld+json\" class=\"yoast-schema-graph\">{\"@context\":\"https:\\\/\\\/schema.org\",\"@graph\":[{\"@type\":\"WebPage\",\"@id\":\"https:\\\/\\\/folliamala.ch\\\/product\\\/widder-mala\\\/\",\"url\":\"https:\\\/\\\/folliamala.ch\\\/product\\\/widder-mala\\\/\",\"name\":\"Widder-Mala &#8211; Folliamala\",\"isPartOf\":{\"@id\":\"https:\\\/\\\/folliamala.ch\\\/#website\"},\"primaryImageOfPage\":{\"@id\":\"https:\\\/\\\/folliamala.ch\\\/product\\\/widder-mala\\\/#primaryimage\"},\"image\":{\"@id\":\"https:\\\/\\\/folliamala.ch\\\/product\\\/widder-mala\\\/#primaryimage\"},\"thumbnailUrl\":\"https:\\\/\\\/folliamala.ch\\\/wp-content\\\/uploads\\\/2022\\\/09\\\/Widder_o.webp\",\"datePublished\":\"2022-09-03T21:45:38+00:00\",\"dateModified\":\"2025-08-23T15:51:06+00:00\",\"description\":\"Widder-Mala f\u00fcr das Sternzeichen Widder\u00a0Bist du zwischen dem 20. M\u00e4rz und den 19. April geboren oder hast du den Widder im Aszendent? Das ist deine Mala!\",\"breadcrumb\":{\"@id\":\"https:\\\/\\\/folliamala.ch\\\/product\\\/widder-mala\\\/#breadcrumb\"},\"inLanguage\":\"fr-FR\",\"potentialAction\":[{\"@type\":\"ReadAction\",\"target\":[\"https:\\\/\\\/folliamala.ch\\\/product\\\/widder-mala\\\/\"]}]},{\"@type\":\"ImageObject\",\"inLanguage\":\"fr-FR\",\"@id\":\"https:\\\/\\\/folliamala.ch\\\/product\\\/widder-mala\\\/#primaryimage\",\"url\":\"https:\\\/\\\/folliamala.ch\\\/wp-content\\\/uploads\\\/2022\\\/09\\\/Widder_o.webp\",\"contentUrl\":\"https:\\\/\\\/folliamala.ch\\\/wp-content\\\/uploads\\\/2022\\\/09\\\/Widder_o.webp\",\"width\":1000,\"height\":1000,\"caption\":\"Malakette Sternzeichen Widder\"},{\"@type\":\"BreadcrumbList\",\"@id\":\"https:\\\/\\\/folliamala.ch\\\/product\\\/widder-mala\\\/#breadcrumb\",\"itemListElement\":[{\"@type\":\"ListItem\",\"position\":1,\"name\":\"Startseite\",\"item\":\"https:\\\/\\\/folliamala.ch\\\/\"},{\"@type\":\"ListItem\",\"position\":2,\"name\":\"Shop\",\"item\":\"https:\\\/\\\/folliamala.ch\\\/store\\\/\"},{\"@type\":\"ListItem\",\"position\":3,\"name\":\"Widder-Mala\"}]},{\"@type\":\"WebSite\",\"@id\":\"https:\\\/\\\/folliamala.ch\\\/#website\",\"url\":\"https:\\\/\\\/folliamala.ch\\\/\",\"name\":\"Folliamala\",\"description\":\"Mala Ketten &amp; Armb\u00e4nder\",\"publisher\":{\"@id\":\"https:\\\/\\\/folliamala.ch\\\/#organization\"},\"potentialAction\":[{\"@type\":\"SearchAction\",\"target\":{\"@type\":\"EntryPoint\",\"urlTemplate\":\"https:\\\/\\\/folliamala.ch\\\/?s={search_term_string}\"},\"query-input\":{\"@type\":\"PropertyValueSpecification\",\"valueRequired\":true,\"valueName\":\"search_term_string\"}}],\"inLanguage\":\"fr-FR\"},{\"@type\":\"Organization\",\"@id\":\"https:\\\/\\\/folliamala.ch\\\/#organization\",\"name\":\"Folliamala\",\"url\":\"https:\\\/\\\/folliamala.ch\\\/\",\"logo\":{\"@type\":\"ImageObject\",\"inLanguage\":\"fr-FR\",\"@id\":\"https:\\\/\\\/folliamala.ch\\\/#\\\/schema\\\/logo\\\/image\\\/\",\"url\":\"https:\\\/\\\/folliamala.ch\\\/wp-content\\\/uploads\\\/2021\\\/08\\\/folliamala_logo.png\",\"contentUrl\":\"https:\\\/\\\/folliamala.ch\\\/wp-content\\\/uploads\\\/2021\\\/08\\\/folliamala_logo.png\",\"width\":529,\"height\":109,\"caption\":\"Folliamala\"},\"image\":{\"@id\":\"https:\\\/\\\/folliamala.ch\\\/#\\\/schema\\\/logo\\\/image\\\/\"},\"sameAs\":[\"https:\\\/\\\/www.facebook.com\\\/folliamala\\\/\",\"https:\\\/\\\/www.instagram.com\\\/folliamala\\\/\",\"https:\\\/\\\/www.pinterest.de\\\/folliamala\\\/\"]}]}<\/script>\n<!-- \/ Yoast SEO plugin. -->","yoast_head_json":{"title":"Mala du b\u00e9lier - Folliamala","description":"Mala du B\u00e9lier pour le signe astrologique du B\u00e9lier Es-tu n\u00e9 entre le 20 mars et le 19 avril ou as-tu le B\u00e9lier \u00e0 l'ascendant ? Voici ton mala !","robots":{"index":"index","follow":"follow","max-snippet":"max-snippet:-1","max-image-preview":"max-image-preview:large","max-video-preview":"max-video-preview:-1"},"canonical":"https:\/\/folliamala.ch\/fr\/product\/widder-mala\/","og_locale":"fr_FR","og_type":"article","og_title":"Widder-Mala &#8211; Folliamala","og_description":"Widder-Mala f\u00fcr das Sternzeichen Widder\u00a0Bist du zwischen dem 20. M\u00e4rz und den 19. April geboren oder hast du den Widder im Aszendent? Das ist deine Mala!","og_url":"https:\/\/folliamala.ch\/fr\/product\/widder-mala\/","og_site_name":"Folliamala","article_publisher":"https:\/\/www.facebook.com\/folliamala\/","article_modified_time":"2025-08-23T15:51:06+00:00","og_image":[{"width":1000,"height":1000,"url":"https:\/\/folliamala.ch\/wp-content\/uploads\/2022\/09\/Widder_o.webp","type":"image\/webp"}],"twitter_card":"summary_large_image","twitter_misc":{"Dur\u00e9e de lecture estim\u00e9e":"2 minutes"},"schema":{"@context":"https:\/\/schema.org","@graph":[{"@type":"WebPage","@id":"https:\/\/folliamala.ch\/product\/widder-mala\/","url":"https:\/\/folliamala.ch\/product\/widder-mala\/","name":"Mala du b\u00e9lier - Folliamala","isPartOf":{"@id":"https:\/\/folliamala.ch\/#website"},"primaryImageOfPage":{"@id":"https:\/\/folliamala.ch\/product\/widder-mala\/#primaryimage"},"image":{"@id":"https:\/\/folliamala.ch\/product\/widder-mala\/#primaryimage"},"thumbnailUrl":"https:\/\/folliamala.ch\/wp-content\/uploads\/2022\/09\/Widder_o.webp","datePublished":"2022-09-03T21:45:38+00:00","dateModified":"2025-08-23T15:51:06+00:00","description":"Mala du B\u00e9lier pour le signe astrologique du B\u00e9lier Es-tu n\u00e9 entre le 20 mars et le 19 avril ou as-tu le B\u00e9lier \u00e0 l'ascendant ? Voici ton mala !","breadcrumb":{"@id":"https:\/\/folliamala.ch\/product\/widder-mala\/#breadcrumb"},"inLanguage":"fr-FR","potentialAction":[{"@type":"ReadAction","target":["https:\/\/folliamala.ch\/product\/widder-mala\/"]}]},{"@type":"ImageObject","inLanguage":"fr-FR","@id":"https:\/\/folliamala.ch\/product\/widder-mala\/#primaryimage","url":"https:\/\/folliamala.ch\/wp-content\/uploads\/2022\/09\/Widder_o.webp","contentUrl":"https:\/\/folliamala.ch\/wp-content\/uploads\/2022\/09\/Widder_o.webp","width":1000,"height":1000,"caption":"Malakette Sternzeichen Widder"},{"@type":"BreadcrumbList","@id":"https:\/\/folliamala.ch\/product\/widder-mala\/#breadcrumb","itemListElement":[{"@type":"ListItem","position":1,"name":"Startseite","item":"https:\/\/folliamala.ch\/"},{"@type":"ListItem","position":2,"name":"Shop","item":"https:\/\/folliamala.ch\/store\/"},{"@type":"ListItem","position":3,"name":"Widder-Mala"}]},{"@type":"WebSite","@id":"https:\/\/folliamala.ch\/#website","url":"https:\/\/folliamala.ch\/","name":"Folliamala","description":"Malas et bracelets","publisher":{"@id":"https:\/\/folliamala.ch\/#organization"},"potentialAction":[{"@type":"SearchAction","target":{"@type":"EntryPoint","urlTemplate":"https:\/\/folliamala.ch\/?s={search_term_string}"},"query-input":{"@type":"PropertyValueSpecification","valueRequired":true,"valueName":"search_term_string"}}],"inLanguage":"fr-FR"},{"@type":"Organization","@id":"https:\/\/folliamala.ch\/#organization","name":"Folliamala","url":"https:\/\/folliamala.ch\/","logo":{"@type":"ImageObject","inLanguage":"fr-FR","@id":"https:\/\/folliamala.ch\/#\/schema\/logo\/image\/","url":"https:\/\/folliamala.ch\/wp-content\/uploads\/2021\/08\/folliamala_logo.png","contentUrl":"https:\/\/folliamala.ch\/wp-content\/uploads\/2021\/08\/folliamala_logo.png","width":529,"height":109,"caption":"Folliamala"},"image":{"@id":"https:\/\/folliamala.ch\/#\/schema\/logo\/image\/"},"sameAs":["https:\/\/www.facebook.com\/folliamala\/","https:\/\/www.instagram.com\/folliamala\/","https:\/\/www.pinterest.de\/folliamala\/"]}]}},"_links":{"self":[{"href":"https:\/\/folliamala.ch\/fr\/wp-json\/wp\/v2\/product\/6773","targetHints":{"allow":["GET"]}}],"collection":[{"href":"https:\/\/folliamala.ch\/fr\/wp-json\/wp\/v2\/product"}],"about":[{"href":"https:\/\/folliamala.ch\/fr\/wp-json\/wp\/v2\/types\/product"}],"version-history":[{"count":14,"href":"https:\/\/folliamala.ch\/fr\/wp-json\/wp\/v2\/product\/6773\/revisions"}],"predecessor-version":[{"id":9209,"href":"https:\/\/folliamala.ch\/fr\/wp-json\/wp\/v2\/product\/6773\/revisions\/9209"}],"wp:featuredmedia":[{"embeddable":true,"href":"https:\/\/folliamala.ch\/fr\/wp-json\/wp\/v2\/media\/10504"}],"wp:attachment":[{"href":"https:\/\/folliamala.ch\/fr\/wp-json\/wp\/v2\/media?parent=6773"}],"wp:term":[{"taxonomy":"product_brand","embeddable":true,"href":"https:\/\/folliamala.ch\/fr\/wp-json\/wp\/v2\/product_brand?post=6773"},{"taxonomy":"product_cat","embeddable":true,"href":"https:\/\/folliamala.ch\/fr\/wp-json\/wp\/v2\/product_cat?post=6773"},{"taxonomy":"product_tag","embeddable":true,"href":"https:\/\/folliamala.ch\/fr\/wp-json\/wp\/v2\/product_tag?post=6773"}],"curies":[{"name":"wp","href":"https:\/\/api.w.org\/{rel}","templated":true}]}}