{"id":6785,"date":"2022-09-03T23:25:50","date_gmt":"2022-09-03T21:25:50","guid":{"rendered":"https:\/\/folliamala.ch\/?post_type=product&#038;p=6785"},"modified":"2025-08-23T17:51:06","modified_gmt":"2025-08-23T15:51:06","slug":"loewe-mala","status":"publish","type":"product","link":"https:\/\/folliamala.ch\/fr\/product\/loewe-mala\/","title":{"rendered":"Mala du Lion"},"content":{"rendered":"<h6><strong>Collier de peinture pour le signe astrologique du Lion<\/strong><\/h6>\n<p>Tu es n\u00e9(e) entre le 23 juillet et le 23 ao\u00fbt - ou tu as le Lion \u00e0 l'ascendant ? Alors ce mala du Lion est fait pour toi.<\/p>\n<p>Le signe astrologique du Lion est synonyme de force, d'ego et d'identit\u00e9 marqu\u00e9e. Tu aimes agir \u00e0 grande \u00e9chelle et tu fais preuve d'une r\u00e9elle g\u00e9n\u00e9rosit\u00e9. Que ce soit du temps, des talents ou des ressources, tu les partages avec tes proches. En tant que Lion, tu es une personne chaleureuse, cr\u00e9ative et aimante. Ton \u00e9l\u00e9ment est le feu - tu poss\u00e8des des qualit\u00e9s naturelles de leader. Les gens appr\u00e9cient ton ouverture d'esprit et recherchent tes conseils. L'\u00e9thique et l'honn\u00eatet\u00e9 sont importantes pour toi. Tu convaincs par ta loyaut\u00e9, ta fiabilit\u00e9 et ton int\u00e9grit\u00e9. En m\u00eame temps, tu es cr\u00e9atif et plein de joie de vivre. L\u00e0 o\u00f9 tu es, il y a une sc\u00e8ne - tu attires l'attention comme par magie. Avec le Soleil comme plan\u00e8te dominante, tu rayonnes de confiance en toi et de vitalit\u00e9. Tu es la star du zodiaque !<\/p>\n<div><\/div>\n<h6><strong>Caract\u00e9ristiques du lion<\/strong><\/h6>\n<ul>\n<li>Affectueusement<\/li>\n<li>Enthousiaste<\/li>\n<li>Leader<\/li>\n<li>Romantique<\/li>\n<li>Dramatique<\/li>\n<li>Chaleureux<\/li>\n<li>Cr\u00e9atif<\/li>\n<li>Loyal<\/li>\n<li>T\u00eatu<\/li>\n<li>G\u00e9n\u00e9reux<\/li>\n<li>Ouvert d'esprit<\/li>\n<\/ul>\n<div><\/div>\n<h6><strong>Pierres pr\u00e9cieuses du Lion<\/strong><\/h6>\n<p><strong>Oeil de tigre :<\/strong> Cette pierre renforce ta force spirituelle et favorise ton orientation int\u00e9rieure. Elle te montre que le v\u00e9ritable bien-\u00eatre na\u00eet du d\u00e9veloppement personnel et non des succ\u00e8s ext\u00e9rieurs. De plus, elle t'offre une flexibilit\u00e9 mentale.<\/p>\n<p><strong>Cristal de roche:<\/strong> Le cristal de roche t'aide \u00e0 surmonter les limites que tu t'es fix\u00e9es. Il apporte de la clart\u00e9 et soutient ton \u00e9quilibre \u00e9nerg\u00e9tique.<\/p>\n<div><\/div>\n<h6><strong>Tu n\u2019es pas Lion?<\/strong><\/h6>\n<p>Pas de probl\u00e8me - ces pierres ont aussi du pouvoir pour toi :<\/p>\n<p><strong>Oeil de tigre<\/strong> L'\u0153il de tigre conf\u00e8re courage, s\u00e9curit\u00e9 et protection. Il aiguise tes sens, augmente ta concentration et t'aide \u00e0 prendre des d\u00e9cisions importantes. En cas de stress et d'agitation int\u00e9rieure, il a un effet \u00e9quilibrant.<\/p>\n<p><strong>Cristal de roche<\/strong> Le cristal de roche renforce les \u00e9nergies comme aucune autre pierre pr\u00e9cieuse. En tant que pierre de lumi\u00e8re, il prot\u00e8ge des influences n\u00e9gatives et favorise ton \u00e9clat int\u00e9rieur. Avec son aide, tu peux mieux vivre tes v\u00e9ritables besoins.<\/p>\n<p>&nbsp;<\/p>\n<h6><strong>D\u00e9tails du mala<\/strong><\/h6>\n<ul>\n<li style=\"font-weight: 400;\" aria-level=\"1\"><span style=\"font-weight: 400;\">108 perles: 12 en \u0153il de tigre, 24 en cristal de roche, 72 en \u00e9b\u00e8ne<\/span><\/li>\n<li style=\"font-weight: 400;\" aria-level=\"1\"><span style=\"font-weight: 400;\">Taille des perles: 8 mm<\/span><\/li>\n<li style=\"font-weight: 400;\" aria-level=\"1\"><span style=\"font-weight: 400;\">Perle de gourou: cristal de roche \u2013 de toutes les pierres, c\u2019est celle qui renforce le plus les \u00e9nergies.\u00a0<\/span><\/li>\n<li style=\"font-weight: 400;\" aria-level=\"1\"><span style=\"font-weight: 400;\">Nou\u00e9 avec du fil de soie pour garantir la solidit\u00e9 et la long\u00e9vit\u00e9 du collier<\/span><\/li>\n<li style=\"font-weight: 400;\" aria-level=\"1\"><span style=\"font-weight: 400;\">Taille: 106 cm de circonf\u00e9rence<\/span><\/li>\n<li>Pendentif: pompon (sur demande, possibilit\u00e9 d'un pendentif argent\u00e9 ou dor\u00e9 en forme de fleur de vie)<\/li>\n<\/ul>","protected":false},"excerpt":{"rendered":"<p>Cristal de roche et \u0153il de tigre<\/p>","protected":false},"featured_media":6755,"template":"","meta":{"site-sidebar-layout":"default","site-content-layout":"default","ast-site-content-layout":"default","site-content-style":"default","site-sidebar-style":"default","ast-global-header-display":"","ast-banner-title-visibility":"","ast-main-header-display":"","ast-hfb-above-header-display":"","ast-hfb-below-header-display":"","ast-hfb-mobile-header-display":"","site-post-title":"","ast-breadcrumbs-content":"","ast-featured-img":"","footer-sml-layout":"","ast-disable-related-posts":"","theme-transparent-header-meta":"default","adv-header-id-meta":"","stick-header-meta":"","header-above-stick-meta":"","header-main-stick-meta":"","header-below-stick-meta":"","astra-migrate-meta-layouts":"set","ast-page-background-enabled":"default","ast-page-background-meta":{"desktop":{"background-color":"","background-image":"","background-repeat":"repeat","background-position":"center center","background-size":"auto","background-attachment":"scroll","background-type":"","background-media":"","overlay-type":"","overlay-color":"","overlay-opacity":"","overlay-gradient":""},"tablet":{"background-color":"","background-image":"","background-repeat":"repeat","background-position":"center center","background-size":"auto","background-attachment":"scroll","background-type":"","background-media":"","overlay-type":"","overlay-color":"","overlay-opacity":"","overlay-gradient":""},"mobile":{"background-color":"","background-image":"","background-repeat":"repeat","background-position":"center center","background-size":"auto","background-attachment":"scroll","background-type":"","background-media":"","overlay-type":"","overlay-color":"","overlay-opacity":"","overlay-gradient":""}},"ast-content-background-meta":{"desktop":{"background-color":"var(--ast-global-color-5)","background-image":"","background-repeat":"repeat","background-position":"center center","background-size":"auto","background-attachment":"scroll","background-type":"","background-media":"","overlay-type":"","overlay-color":"","overlay-opacity":"","overlay-gradient":""},"tablet":{"background-color":"var(--ast-global-color-5)","background-image":"","background-repeat":"repeat","background-position":"center center","background-size":"auto","background-attachment":"scroll","background-type":"","background-media":"","overlay-type":"","overlay-color":"","overlay-opacity":"","overlay-gradient":""},"mobile":{"background-color":"var(--ast-global-color-5)","background-image":"","background-repeat":"repeat","background-position":"center center","background-size":"auto","background-attachment":"scroll","background-type":"","background-media":"","overlay-type":"","overlay-color":"","overlay-opacity":"","overlay-gradient":""}},"_glsr_average":0,"_glsr_ranking":0,"_glsr_reviews":0},"product_brand":[224],"product_cat":[172,27],"product_tag":[107,184,177],"class_list":{"0":"post-6785","1":"product","2":"type-product","3":"status-publish","4":"has-post-thumbnail","6":"product_brand-folliamala","7":"product_cat-zodiaco","8":"product_cat-traditionelle-malaketten","9":"product_tag-bergkristall","10":"product_tag-holz","11":"product_tag-tigerauge","12":"desktop-align-center","13":"tablet-align-left","14":"mobile-align-left","16":"first","17":"instock","18":"sold-individually","19":"shipping-taxable","20":"purchasable","21":"product-type-simple","22":"wpzoom-wc-spi-has-enabled"},"yoast_head":"<!-- This site is optimized with the Yoast SEO plugin v27.4 - https:\/\/yoast.com\/product\/yoast-seo-wordpress\/ -->\n<title>L\u00f6we-Mala &#8211; Folliamala<\/title>\n<meta name=\"description\" content=\"L\u00f6we-Mala, Sternzeichen L\u00f6we. Bist du zwischen dem 21. Juli und dem 22. August geboren oder hast den L\u00f6wen im Aszendent? Diese Mala ist f\u00fcr dich.\u00a0\" \/>\n<meta name=\"robots\" content=\"index, follow, max-snippet:-1, max-image-preview:large, max-video-preview:-1\" \/>\n<link rel=\"canonical\" href=\"https:\/\/folliamala.ch\/fr\/product\/loewe-mala\/\" \/>\n<meta property=\"og:locale\" content=\"fr_FR\" \/>\n<meta property=\"og:type\" content=\"article\" \/>\n<meta property=\"og:title\" content=\"L\u00f6we-Mala &#8211; Folliamala\" \/>\n<meta property=\"og:description\" content=\"L\u00f6we-Mala, Sternzeichen L\u00f6we. Bist du zwischen dem 21. Juli und dem 22. August geboren oder hast den L\u00f6wen im Aszendent? Diese Mala ist f\u00fcr dich.\u00a0\" \/>\n<meta property=\"og:url\" content=\"https:\/\/folliamala.ch\/fr\/product\/loewe-mala\/\" \/>\n<meta property=\"og:site_name\" content=\"Folliamala\" \/>\n<meta property=\"article:publisher\" content=\"https:\/\/www.facebook.com\/folliamala\/\" \/>\n<meta property=\"article:modified_time\" content=\"2025-08-23T15:51:06+00:00\" \/>\n<meta property=\"og:image\" content=\"https:\/\/folliamala.ch\/wp-content\/uploads\/2022\/09\/Loewe_o.jpg\" \/>\n\t<meta property=\"og:image:width\" content=\"1000\" \/>\n\t<meta property=\"og:image:height\" content=\"1000\" \/>\n\t<meta property=\"og:image:type\" content=\"image\/jpeg\" \/>\n<meta name=\"twitter:card\" content=\"summary_large_image\" \/>\n<meta name=\"twitter:label1\" content=\"Dur\u00e9e de lecture estim\u00e9e\" \/>\n\t<meta name=\"twitter:data1\" content=\"1 minute\" \/>\n<script type=\"application\/ld+json\" class=\"yoast-schema-graph\">{\"@context\":\"https:\\\/\\\/schema.org\",\"@graph\":[{\"@type\":\"WebPage\",\"@id\":\"https:\\\/\\\/folliamala.ch\\\/product\\\/loewe-mala\\\/\",\"url\":\"https:\\\/\\\/folliamala.ch\\\/product\\\/loewe-mala\\\/\",\"name\":\"L\u00f6we-Mala &#8211; Folliamala\",\"isPartOf\":{\"@id\":\"https:\\\/\\\/folliamala.ch\\\/#website\"},\"primaryImageOfPage\":{\"@id\":\"https:\\\/\\\/folliamala.ch\\\/product\\\/loewe-mala\\\/#primaryimage\"},\"image\":{\"@id\":\"https:\\\/\\\/folliamala.ch\\\/product\\\/loewe-mala\\\/#primaryimage\"},\"thumbnailUrl\":\"https:\\\/\\\/folliamala.ch\\\/wp-content\\\/uploads\\\/2022\\\/09\\\/Loewe_o.jpg\",\"datePublished\":\"2022-09-03T21:25:50+00:00\",\"dateModified\":\"2025-08-23T15:51:06+00:00\",\"description\":\"L\u00f6we-Mala, Sternzeichen L\u00f6we. Bist du zwischen dem 21. Juli und dem 22. August geboren oder hast den L\u00f6wen im Aszendent? Diese Mala ist f\u00fcr dich.\u00a0\",\"breadcrumb\":{\"@id\":\"https:\\\/\\\/folliamala.ch\\\/product\\\/loewe-mala\\\/#breadcrumb\"},\"inLanguage\":\"fr-FR\",\"potentialAction\":[{\"@type\":\"ReadAction\",\"target\":[\"https:\\\/\\\/folliamala.ch\\\/product\\\/loewe-mala\\\/\"]}]},{\"@type\":\"ImageObject\",\"inLanguage\":\"fr-FR\",\"@id\":\"https:\\\/\\\/folliamala.ch\\\/product\\\/loewe-mala\\\/#primaryimage\",\"url\":\"https:\\\/\\\/folliamala.ch\\\/wp-content\\\/uploads\\\/2022\\\/09\\\/Loewe_o.jpg\",\"contentUrl\":\"https:\\\/\\\/folliamala.ch\\\/wp-content\\\/uploads\\\/2022\\\/09\\\/Loewe_o.jpg\",\"width\":1000,\"height\":1000,\"caption\":\"Sternzeichen-Mala Kette L\u00f6we\"},{\"@type\":\"BreadcrumbList\",\"@id\":\"https:\\\/\\\/folliamala.ch\\\/product\\\/loewe-mala\\\/#breadcrumb\",\"itemListElement\":[{\"@type\":\"ListItem\",\"position\":1,\"name\":\"Startseite\",\"item\":\"https:\\\/\\\/folliamala.ch\\\/\"},{\"@type\":\"ListItem\",\"position\":2,\"name\":\"Shop\",\"item\":\"https:\\\/\\\/folliamala.ch\\\/store\\\/\"},{\"@type\":\"ListItem\",\"position\":3,\"name\":\"L\u00f6we-Mala\"}]},{\"@type\":\"WebSite\",\"@id\":\"https:\\\/\\\/folliamala.ch\\\/#website\",\"url\":\"https:\\\/\\\/folliamala.ch\\\/\",\"name\":\"Folliamala\",\"description\":\"Mala Ketten &amp; Armb\u00e4nder\",\"publisher\":{\"@id\":\"https:\\\/\\\/folliamala.ch\\\/#organization\"},\"potentialAction\":[{\"@type\":\"SearchAction\",\"target\":{\"@type\":\"EntryPoint\",\"urlTemplate\":\"https:\\\/\\\/folliamala.ch\\\/?s={search_term_string}\"},\"query-input\":{\"@type\":\"PropertyValueSpecification\",\"valueRequired\":true,\"valueName\":\"search_term_string\"}}],\"inLanguage\":\"fr-FR\"},{\"@type\":\"Organization\",\"@id\":\"https:\\\/\\\/folliamala.ch\\\/#organization\",\"name\":\"Folliamala\",\"url\":\"https:\\\/\\\/folliamala.ch\\\/\",\"logo\":{\"@type\":\"ImageObject\",\"inLanguage\":\"fr-FR\",\"@id\":\"https:\\\/\\\/folliamala.ch\\\/#\\\/schema\\\/logo\\\/image\\\/\",\"url\":\"https:\\\/\\\/folliamala.ch\\\/wp-content\\\/uploads\\\/2021\\\/08\\\/folliamala_logo.png\",\"contentUrl\":\"https:\\\/\\\/folliamala.ch\\\/wp-content\\\/uploads\\\/2021\\\/08\\\/folliamala_logo.png\",\"width\":529,\"height\":109,\"caption\":\"Folliamala\"},\"image\":{\"@id\":\"https:\\\/\\\/folliamala.ch\\\/#\\\/schema\\\/logo\\\/image\\\/\"},\"sameAs\":[\"https:\\\/\\\/www.facebook.com\\\/folliamala\\\/\",\"https:\\\/\\\/www.instagram.com\\\/folliamala\\\/\",\"https:\\\/\\\/www.pinterest.de\\\/folliamala\\\/\"]}]}<\/script>\n<!-- \/ Yoast SEO plugin. -->","yoast_head_json":{"title":"Mala du lion - Folliamala","description":"Mala du Lion, signe astrologique du Lion. Tu es n\u00e9 entre le 21 juillet et le 22 ao\u00fbt ou tu as le Lion \u00e0 l'ascendant ? Cette mala est pour toi.\u00a0","robots":{"index":"index","follow":"follow","max-snippet":"max-snippet:-1","max-image-preview":"max-image-preview:large","max-video-preview":"max-video-preview:-1"},"canonical":"https:\/\/folliamala.ch\/fr\/product\/loewe-mala\/","og_locale":"fr_FR","og_type":"article","og_title":"L\u00f6we-Mala &#8211; Folliamala","og_description":"L\u00f6we-Mala, Sternzeichen L\u00f6we. Bist du zwischen dem 21. Juli und dem 22. August geboren oder hast den L\u00f6wen im Aszendent? Diese Mala ist f\u00fcr dich.\u00a0","og_url":"https:\/\/folliamala.ch\/fr\/product\/loewe-mala\/","og_site_name":"Folliamala","article_publisher":"https:\/\/www.facebook.com\/folliamala\/","article_modified_time":"2025-08-23T15:51:06+00:00","og_image":[{"width":1000,"height":1000,"url":"https:\/\/folliamala.ch\/wp-content\/uploads\/2022\/09\/Loewe_o.jpg","type":"image\/jpeg"}],"twitter_card":"summary_large_image","twitter_misc":{"Dur\u00e9e de lecture estim\u00e9e":"1 minute"},"schema":{"@context":"https:\/\/schema.org","@graph":[{"@type":"WebPage","@id":"https:\/\/folliamala.ch\/product\/loewe-mala\/","url":"https:\/\/folliamala.ch\/product\/loewe-mala\/","name":"Mala du lion - Folliamala","isPartOf":{"@id":"https:\/\/folliamala.ch\/#website"},"primaryImageOfPage":{"@id":"https:\/\/folliamala.ch\/product\/loewe-mala\/#primaryimage"},"image":{"@id":"https:\/\/folliamala.ch\/product\/loewe-mala\/#primaryimage"},"thumbnailUrl":"https:\/\/folliamala.ch\/wp-content\/uploads\/2022\/09\/Loewe_o.jpg","datePublished":"2022-09-03T21:25:50+00:00","dateModified":"2025-08-23T15:51:06+00:00","description":"Mala du Lion, signe astrologique du Lion. Tu es n\u00e9 entre le 21 juillet et le 22 ao\u00fbt ou tu as le Lion \u00e0 l'ascendant ? Cette mala est pour toi.\u00a0","breadcrumb":{"@id":"https:\/\/folliamala.ch\/product\/loewe-mala\/#breadcrumb"},"inLanguage":"fr-FR","potentialAction":[{"@type":"ReadAction","target":["https:\/\/folliamala.ch\/product\/loewe-mala\/"]}]},{"@type":"ImageObject","inLanguage":"fr-FR","@id":"https:\/\/folliamala.ch\/product\/loewe-mala\/#primaryimage","url":"https:\/\/folliamala.ch\/wp-content\/uploads\/2022\/09\/Loewe_o.jpg","contentUrl":"https:\/\/folliamala.ch\/wp-content\/uploads\/2022\/09\/Loewe_o.jpg","width":1000,"height":1000,"caption":"Sternzeichen-Mala Kette L\u00f6we"},{"@type":"BreadcrumbList","@id":"https:\/\/folliamala.ch\/product\/loewe-mala\/#breadcrumb","itemListElement":[{"@type":"ListItem","position":1,"name":"Startseite","item":"https:\/\/folliamala.ch\/"},{"@type":"ListItem","position":2,"name":"Shop","item":"https:\/\/folliamala.ch\/store\/"},{"@type":"ListItem","position":3,"name":"L\u00f6we-Mala"}]},{"@type":"WebSite","@id":"https:\/\/folliamala.ch\/#website","url":"https:\/\/folliamala.ch\/","name":"Folliamala","description":"Malas et bracelets","publisher":{"@id":"https:\/\/folliamala.ch\/#organization"},"potentialAction":[{"@type":"SearchAction","target":{"@type":"EntryPoint","urlTemplate":"https:\/\/folliamala.ch\/?s={search_term_string}"},"query-input":{"@type":"PropertyValueSpecification","valueRequired":true,"valueName":"search_term_string"}}],"inLanguage":"fr-FR"},{"@type":"Organization","@id":"https:\/\/folliamala.ch\/#organization","name":"Folliamala","url":"https:\/\/folliamala.ch\/","logo":{"@type":"ImageObject","inLanguage":"fr-FR","@id":"https:\/\/folliamala.ch\/#\/schema\/logo\/image\/","url":"https:\/\/folliamala.ch\/wp-content\/uploads\/2021\/08\/folliamala_logo.png","contentUrl":"https:\/\/folliamala.ch\/wp-content\/uploads\/2021\/08\/folliamala_logo.png","width":529,"height":109,"caption":"Folliamala"},"image":{"@id":"https:\/\/folliamala.ch\/#\/schema\/logo\/image\/"},"sameAs":["https:\/\/www.facebook.com\/folliamala\/","https:\/\/www.instagram.com\/folliamala\/","https:\/\/www.pinterest.de\/folliamala\/"]}]}},"_links":{"self":[{"href":"https:\/\/folliamala.ch\/fr\/wp-json\/wp\/v2\/product\/6785","targetHints":{"allow":["GET"]}}],"collection":[{"href":"https:\/\/folliamala.ch\/fr\/wp-json\/wp\/v2\/product"}],"about":[{"href":"https:\/\/folliamala.ch\/fr\/wp-json\/wp\/v2\/types\/product"}],"version-history":[{"count":13,"href":"https:\/\/folliamala.ch\/fr\/wp-json\/wp\/v2\/product\/6785\/revisions"}],"predecessor-version":[{"id":12577,"href":"https:\/\/folliamala.ch\/fr\/wp-json\/wp\/v2\/product\/6785\/revisions\/12577"}],"wp:featuredmedia":[{"embeddable":true,"href":"https:\/\/folliamala.ch\/fr\/wp-json\/wp\/v2\/media\/6755"}],"wp:attachment":[{"href":"https:\/\/folliamala.ch\/fr\/wp-json\/wp\/v2\/media?parent=6785"}],"wp:term":[{"taxonomy":"product_brand","embeddable":true,"href":"https:\/\/folliamala.ch\/fr\/wp-json\/wp\/v2\/product_brand?post=6785"},{"taxonomy":"product_cat","embeddable":true,"href":"https:\/\/folliamala.ch\/fr\/wp-json\/wp\/v2\/product_cat?post=6785"},{"taxonomy":"product_tag","embeddable":true,"href":"https:\/\/folliamala.ch\/fr\/wp-json\/wp\/v2\/product_tag?post=6785"}],"curies":[{"name":"wp","href":"https:\/\/api.w.org\/{rel}","templated":true}]}}