{"id":6792,"date":"2022-09-03T23:15:46","date_gmt":"2022-09-03T21:15:46","guid":{"rendered":"https:\/\/folliamala.ch\/?post_type=product&#038;p=6792"},"modified":"2025-08-23T17:50:40","modified_gmt":"2025-08-23T15:50:40","slug":"waage-mala","status":"publish","type":"product","link":"https:\/\/folliamala.ch\/fr\/product\/waage-mala\/","title":{"rendered":"Mala de la Balance"},"content":{"rendered":"<p class=\"translation-block\"><strong><b>Mala li\u00e9 au signe astrologique de la <\/b>Balance<\/strong><\/p>\n<p><span style=\"font-weight: 400;\">Tu es n\u00e9(e) entre le 24 septembre et le 23 octobre ou tu as la Balance \u00e0 l'ascendant ? Ce mala de la Balance est fait pour toi.<\/span><\/p>\n<p><span style=\"font-weight: 400;\">La Balance est un signe d\u2019\u00e9quilibre, de justice ou d\u2019\u00e9quit\u00e9. Elle s\u2019efforce de cr\u00e9er un monde \u00e9quilibr\u00e9. La Vierge recherche la paix et l\u2019harmonie. Son optimisme est \u00e0 toute \u00e9preuve, m\u00eame dans les moments les plus difficiles. <\/span><span style=\"font-weight: 400;\">Sa vie est li\u00e9e aux autres, \u00e0 ses amis, \u00e0 sa famille, \u00e0 ses coll\u00e8gues et, surtout, \u00e0 son amoureux-se. Sa recherche d\u2019\u00e9quilibre implique compromis, m\u00e9ditation, \u00e9galit\u00e9, diplomatie et n\u00e9gociation. Dans ses relations avec autrui, la Balance aime donner et  recevoir. Ses comp\u00e9tences sociales sont excellentes. Aimable et d\u2019une nature distingu\u00e9e, la Balance parle et agit avec gr\u00e2ce et \u00e9l\u00e9gance.<\/span><\/p>\n<h6><b>Caract\u00e9ristiques de la Balance<\/b><\/h6>\n<p><span style=\"font-weight: 400;\">D\u00e9licate, coop\u00e9rative, romantique, aimable, sympathique, id\u00e9aliste, loyale, ind\u00e9cise, charmante, sociable<\/span><\/p>\n<h6><b>Pierres pr\u00e9cieuses de la Balance<\/b><\/h6>\n<p><span style=\"font-weight: 400;\">La <strong>Quartz fum\u00e9<\/strong> est une pierre importante de ce signe, car elle est consid\u00e9r\u00e9e comme la pierre de protection par excellence. Elle accro\u00eet l\u2019ing\u00e9niosit\u00e9 et aide \u00e0 surmonter les probl\u00e8mes. Elle peut donner naissance \u00e0 de nouvelles id\u00e9es qui contribuent \u00e0 l\u2019\u00e9quilibre et \u00e0 une image positive de soi.\u00a0<\/span><\/p>\n<p class=\"translation-block\"><span style=\"font-weight: 400\">L\u2019<strong>agate indienne<\/strong> augmente la concentration et aide \u00e0 ne pas perdre de vue le principal.\u00a0<\/span><\/p>\n<h6><b>Tu n\u2019es pas Balance?<\/b><\/h6>\n<p class=\"translation-block\"><span style=\"font-weight: 400\">Le <strong>quartz fum\u00e9<\/strong> aide \u00e0 faire face \u00e0 la vie, donne de la force et de la motivation pour relever de nouveaux d\u00e9fis.\u00a0<\/span><span style=\"font-weight: 400\">Il rend plus r\u00e9sistant et aide \u00e0 surmonter les blocages int\u00e9rieurs.<\/span><\/p>\n<p class=\"translation-block\"><span style=\"font-weight: 400\">L\u2019<strong>agate indienne<\/strong> est la pierre id\u00e9ale pour les personnes proches de la nature. Elle aide \u00e0 se lib\u00e9rer des d\u00e9pendances mentales, \u00e0 ordonner ses pens\u00e9es et \u00e0 fixer des priorit\u00e9s. En outre, elle favorise l\u2019ouverture aux nouvelles choses.<\/span><\/p>\n<h6><b>D\u00e9tails du mala<\/b><\/h6>\n<ul>\n<li style=\"font-weight: 400;\" aria-level=\"1\"><span style=\"font-weight: 400;\">108 perles: 24 en quartz fum\u00e9, 12 agates indiennes, 72 perles en bois de badamier<\/span><\/li>\n<li style=\"font-weight: 400;\" aria-level=\"1\"><span style=\"font-weight: 400;\">Taille des perles: 8 mm<\/span><\/li>\n<li style=\"font-weight: 400;\" aria-level=\"1\"><span style=\"font-weight: 400;\">Perle de gourou: cristal de roche \u2013 de toutes les pierres, c\u2019est celle qui renforce le plus les \u00e9nergies.\u00a0<\/span><\/li>\n<li style=\"font-weight: 400;\" aria-level=\"1\"><span style=\"font-weight: 400;\">Nou\u00e9 avec du fil de soie pour garantir la solidit\u00e9 et la long\u00e9vit\u00e9 du collier<\/span><\/li>\n<li style=\"font-weight: 400;\" aria-level=\"1\"><span style=\"font-weight: 400;\">Taille: 100 cm de circonf\u00e9rence\u00a0<\/span><\/li>\n<li>Pendentif: pompon (sur demande, possibilit\u00e9 d'un pendentif argent\u00e9 ou dor\u00e9 en forme de fleur de vie)<\/li>\n<\/ul>","protected":false},"excerpt":{"rendered":"<p>Agate indienne et quartz fum\u00e9<\/p>","protected":false},"featured_media":6765,"template":"","meta":{"site-sidebar-layout":"default","site-content-layout":"default","ast-site-content-layout":"default","site-content-style":"default","site-sidebar-style":"default","ast-global-header-display":"","ast-banner-title-visibility":"","ast-main-header-display":"","ast-hfb-above-header-display":"","ast-hfb-below-header-display":"","ast-hfb-mobile-header-display":"","site-post-title":"","ast-breadcrumbs-content":"","ast-featured-img":"","footer-sml-layout":"","ast-disable-related-posts":"","theme-transparent-header-meta":"default","adv-header-id-meta":"","stick-header-meta":"","header-above-stick-meta":"","header-main-stick-meta":"","header-below-stick-meta":"","astra-migrate-meta-layouts":"default","ast-page-background-enabled":"default","ast-page-background-meta":{"desktop":{"background-color":"","background-image":"","background-repeat":"repeat","background-position":"center center","background-size":"auto","background-attachment":"scroll","background-type":"","background-media":"","overlay-type":"","overlay-color":"","overlay-opacity":"","overlay-gradient":""},"tablet":{"background-color":"","background-image":"","background-repeat":"repeat","background-position":"center center","background-size":"auto","background-attachment":"scroll","background-type":"","background-media":"","overlay-type":"","overlay-color":"","overlay-opacity":"","overlay-gradient":""},"mobile":{"background-color":"","background-image":"","background-repeat":"repeat","background-position":"center center","background-size":"auto","background-attachment":"scroll","background-type":"","background-media":"","overlay-type":"","overlay-color":"","overlay-opacity":"","overlay-gradient":""}},"ast-content-background-meta":{"desktop":{"background-color":"var(--ast-global-color-5)","background-image":"","background-repeat":"repeat","background-position":"center center","background-size":"auto","background-attachment":"scroll","background-type":"","background-media":"","overlay-type":"","overlay-color":"","overlay-opacity":"","overlay-gradient":""},"tablet":{"background-color":"var(--ast-global-color-5)","background-image":"","background-repeat":"repeat","background-position":"center center","background-size":"auto","background-attachment":"scroll","background-type":"","background-media":"","overlay-type":"","overlay-color":"","overlay-opacity":"","overlay-gradient":""},"mobile":{"background-color":"var(--ast-global-color-5)","background-image":"","background-repeat":"repeat","background-position":"center center","background-size":"auto","background-attachment":"scroll","background-type":"","background-media":"","overlay-type":"","overlay-color":"","overlay-opacity":"","overlay-gradient":""}},"_glsr_average":0,"_glsr_ranking":0,"_glsr_reviews":0},"product_brand":[224],"product_cat":[172,27],"product_tag":[99,184,185],"class_list":{"0":"post-6792","1":"product","2":"type-product","3":"status-publish","4":"has-post-thumbnail","6":"product_brand-folliamala","7":"product_cat-zodiaco","8":"product_cat-traditionelle-malaketten","9":"product_tag-achat","10":"product_tag-holz","11":"product_tag-rauchquarz","12":"desktop-align-center","13":"tablet-align-left","14":"mobile-align-left","16":"first","17":"instock","18":"sold-individually","19":"shipping-taxable","20":"purchasable","21":"product-type-simple","22":"wpzoom-wc-spi-has-enabled"},"yoast_head":"<!-- This site is optimized with the Yoast SEO plugin v27.4 - https:\/\/yoast.com\/product\/yoast-seo-wordpress\/ -->\n<title>Waage-Mala &#8211; Folliamala<\/title>\n<meta name=\"description\" content=\"Waage-Mala, Sternzeichen Waage. Bist du zwischen dem 22. September und dem 22. Oktober geboren oder hast du die Waage im Aszendent? Diese Mala ist f\u00fcr dich.\u00a0\" \/>\n<meta name=\"robots\" content=\"index, follow, max-snippet:-1, max-image-preview:large, max-video-preview:-1\" \/>\n<link rel=\"canonical\" href=\"https:\/\/folliamala.ch\/fr\/product\/waage-mala\/\" \/>\n<meta property=\"og:locale\" content=\"fr_FR\" \/>\n<meta property=\"og:type\" content=\"article\" \/>\n<meta property=\"og:title\" content=\"Waage-Mala &#8211; Folliamala\" \/>\n<meta property=\"og:description\" content=\"Waage-Mala, Sternzeichen Waage. Bist du zwischen dem 22. September und dem 22. Oktober geboren oder hast du die Waage im Aszendent? Diese Mala ist f\u00fcr dich.\u00a0\" \/>\n<meta property=\"og:url\" content=\"https:\/\/folliamala.ch\/fr\/product\/waage-mala\/\" \/>\n<meta property=\"og:site_name\" content=\"Folliamala\" \/>\n<meta property=\"article:publisher\" content=\"https:\/\/www.facebook.com\/folliamala\/\" \/>\n<meta property=\"article:modified_time\" content=\"2025-08-23T15:50:40+00:00\" \/>\n<meta property=\"og:image\" content=\"https:\/\/folliamala.ch\/wp-content\/uploads\/2022\/09\/Waage_o.jpg\" \/>\n\t<meta property=\"og:image:width\" content=\"1000\" \/>\n\t<meta property=\"og:image:height\" content=\"1000\" \/>\n\t<meta property=\"og:image:type\" content=\"image\/jpeg\" \/>\n<meta name=\"twitter:card\" content=\"summary_large_image\" \/>\n<meta name=\"twitter:label1\" content=\"Dur\u00e9e de lecture estim\u00e9e\" \/>\n\t<meta name=\"twitter:data1\" content=\"1 minute\" \/>\n<script type=\"application\/ld+json\" class=\"yoast-schema-graph\">{\"@context\":\"https:\\\/\\\/schema.org\",\"@graph\":[{\"@type\":\"WebPage\",\"@id\":\"https:\\\/\\\/folliamala.ch\\\/product\\\/waage-mala\\\/\",\"url\":\"https:\\\/\\\/folliamala.ch\\\/product\\\/waage-mala\\\/\",\"name\":\"Waage-Mala &#8211; Folliamala\",\"isPartOf\":{\"@id\":\"https:\\\/\\\/folliamala.ch\\\/#website\"},\"primaryImageOfPage\":{\"@id\":\"https:\\\/\\\/folliamala.ch\\\/product\\\/waage-mala\\\/#primaryimage\"},\"image\":{\"@id\":\"https:\\\/\\\/folliamala.ch\\\/product\\\/waage-mala\\\/#primaryimage\"},\"thumbnailUrl\":\"https:\\\/\\\/folliamala.ch\\\/wp-content\\\/uploads\\\/2022\\\/09\\\/Waage_o.jpg\",\"datePublished\":\"2022-09-03T21:15:46+00:00\",\"dateModified\":\"2025-08-23T15:50:40+00:00\",\"description\":\"Waage-Mala, Sternzeichen Waage. Bist du zwischen dem 22. September und dem 22. Oktober geboren oder hast du die Waage im Aszendent? Diese Mala ist f\u00fcr dich.\u00a0\",\"breadcrumb\":{\"@id\":\"https:\\\/\\\/folliamala.ch\\\/product\\\/waage-mala\\\/#breadcrumb\"},\"inLanguage\":\"fr-FR\",\"potentialAction\":[{\"@type\":\"ReadAction\",\"target\":[\"https:\\\/\\\/folliamala.ch\\\/product\\\/waage-mala\\\/\"]}]},{\"@type\":\"ImageObject\",\"inLanguage\":\"fr-FR\",\"@id\":\"https:\\\/\\\/folliamala.ch\\\/product\\\/waage-mala\\\/#primaryimage\",\"url\":\"https:\\\/\\\/folliamala.ch\\\/wp-content\\\/uploads\\\/2022\\\/09\\\/Waage_o.jpg\",\"contentUrl\":\"https:\\\/\\\/folliamala.ch\\\/wp-content\\\/uploads\\\/2022\\\/09\\\/Waage_o.jpg\",\"width\":1000,\"height\":1000,\"caption\":\"Sternzeichen-Mala Kette Waage\"},{\"@type\":\"BreadcrumbList\",\"@id\":\"https:\\\/\\\/folliamala.ch\\\/product\\\/waage-mala\\\/#breadcrumb\",\"itemListElement\":[{\"@type\":\"ListItem\",\"position\":1,\"name\":\"Startseite\",\"item\":\"https:\\\/\\\/folliamala.ch\\\/\"},{\"@type\":\"ListItem\",\"position\":2,\"name\":\"Shop\",\"item\":\"https:\\\/\\\/folliamala.ch\\\/store\\\/\"},{\"@type\":\"ListItem\",\"position\":3,\"name\":\"Waage-Mala\"}]},{\"@type\":\"WebSite\",\"@id\":\"https:\\\/\\\/folliamala.ch\\\/#website\",\"url\":\"https:\\\/\\\/folliamala.ch\\\/\",\"name\":\"Folliamala\",\"description\":\"Mala Ketten &amp; Armb\u00e4nder\",\"publisher\":{\"@id\":\"https:\\\/\\\/folliamala.ch\\\/#organization\"},\"potentialAction\":[{\"@type\":\"SearchAction\",\"target\":{\"@type\":\"EntryPoint\",\"urlTemplate\":\"https:\\\/\\\/folliamala.ch\\\/?s={search_term_string}\"},\"query-input\":{\"@type\":\"PropertyValueSpecification\",\"valueRequired\":true,\"valueName\":\"search_term_string\"}}],\"inLanguage\":\"fr-FR\"},{\"@type\":\"Organization\",\"@id\":\"https:\\\/\\\/folliamala.ch\\\/#organization\",\"name\":\"Folliamala\",\"url\":\"https:\\\/\\\/folliamala.ch\\\/\",\"logo\":{\"@type\":\"ImageObject\",\"inLanguage\":\"fr-FR\",\"@id\":\"https:\\\/\\\/folliamala.ch\\\/#\\\/schema\\\/logo\\\/image\\\/\",\"url\":\"https:\\\/\\\/folliamala.ch\\\/wp-content\\\/uploads\\\/2021\\\/08\\\/folliamala_logo.png\",\"contentUrl\":\"https:\\\/\\\/folliamala.ch\\\/wp-content\\\/uploads\\\/2021\\\/08\\\/folliamala_logo.png\",\"width\":529,\"height\":109,\"caption\":\"Folliamala\"},\"image\":{\"@id\":\"https:\\\/\\\/folliamala.ch\\\/#\\\/schema\\\/logo\\\/image\\\/\"},\"sameAs\":[\"https:\\\/\\\/www.facebook.com\\\/folliamala\\\/\",\"https:\\\/\\\/www.instagram.com\\\/folliamala\\\/\",\"https:\\\/\\\/www.pinterest.de\\\/folliamala\\\/\"]}]}<\/script>\n<!-- \/ Yoast SEO plugin. -->","yoast_head_json":{"title":"Mala de la Balance - Folliamala","description":"Mala de la Balance, signe astrologique de la Balance. Tu es n\u00e9(e) entre le 22 septembre et le 22 octobre ou tu as la Balance \u00e0 l'ascendant ? Cette mala est pour toi.\u00a0","robots":{"index":"index","follow":"follow","max-snippet":"max-snippet:-1","max-image-preview":"max-image-preview:large","max-video-preview":"max-video-preview:-1"},"canonical":"https:\/\/folliamala.ch\/fr\/product\/waage-mala\/","og_locale":"fr_FR","og_type":"article","og_title":"Waage-Mala &#8211; Folliamala","og_description":"Waage-Mala, Sternzeichen Waage. Bist du zwischen dem 22. September und dem 22. Oktober geboren oder hast du die Waage im Aszendent? Diese Mala ist f\u00fcr dich.\u00a0","og_url":"https:\/\/folliamala.ch\/fr\/product\/waage-mala\/","og_site_name":"Folliamala","article_publisher":"https:\/\/www.facebook.com\/folliamala\/","article_modified_time":"2025-08-23T15:50:40+00:00","og_image":[{"width":1000,"height":1000,"url":"https:\/\/folliamala.ch\/wp-content\/uploads\/2022\/09\/Waage_o.jpg","type":"image\/jpeg"}],"twitter_card":"summary_large_image","twitter_misc":{"Dur\u00e9e de lecture estim\u00e9e":"1 minute"},"schema":{"@context":"https:\/\/schema.org","@graph":[{"@type":"WebPage","@id":"https:\/\/folliamala.ch\/product\/waage-mala\/","url":"https:\/\/folliamala.ch\/product\/waage-mala\/","name":"Mala de la Balance - Folliamala","isPartOf":{"@id":"https:\/\/folliamala.ch\/#website"},"primaryImageOfPage":{"@id":"https:\/\/folliamala.ch\/product\/waage-mala\/#primaryimage"},"image":{"@id":"https:\/\/folliamala.ch\/product\/waage-mala\/#primaryimage"},"thumbnailUrl":"https:\/\/folliamala.ch\/wp-content\/uploads\/2022\/09\/Waage_o.jpg","datePublished":"2022-09-03T21:15:46+00:00","dateModified":"2025-08-23T15:50:40+00:00","description":"Mala de la Balance, signe astrologique de la Balance. Tu es n\u00e9(e) entre le 22 septembre et le 22 octobre ou tu as la Balance \u00e0 l'ascendant ? Cette mala est pour toi.\u00a0","breadcrumb":{"@id":"https:\/\/folliamala.ch\/product\/waage-mala\/#breadcrumb"},"inLanguage":"fr-FR","potentialAction":[{"@type":"ReadAction","target":["https:\/\/folliamala.ch\/product\/waage-mala\/"]}]},{"@type":"ImageObject","inLanguage":"fr-FR","@id":"https:\/\/folliamala.ch\/product\/waage-mala\/#primaryimage","url":"https:\/\/folliamala.ch\/wp-content\/uploads\/2022\/09\/Waage_o.jpg","contentUrl":"https:\/\/folliamala.ch\/wp-content\/uploads\/2022\/09\/Waage_o.jpg","width":1000,"height":1000,"caption":"Sternzeichen-Mala Kette Waage"},{"@type":"BreadcrumbList","@id":"https:\/\/folliamala.ch\/product\/waage-mala\/#breadcrumb","itemListElement":[{"@type":"ListItem","position":1,"name":"Startseite","item":"https:\/\/folliamala.ch\/"},{"@type":"ListItem","position":2,"name":"Shop","item":"https:\/\/folliamala.ch\/store\/"},{"@type":"ListItem","position":3,"name":"Waage-Mala"}]},{"@type":"WebSite","@id":"https:\/\/folliamala.ch\/#website","url":"https:\/\/folliamala.ch\/","name":"Folliamala","description":"Malas et bracelets","publisher":{"@id":"https:\/\/folliamala.ch\/#organization"},"potentialAction":[{"@type":"SearchAction","target":{"@type":"EntryPoint","urlTemplate":"https:\/\/folliamala.ch\/?s={search_term_string}"},"query-input":{"@type":"PropertyValueSpecification","valueRequired":true,"valueName":"search_term_string"}}],"inLanguage":"fr-FR"},{"@type":"Organization","@id":"https:\/\/folliamala.ch\/#organization","name":"Folliamala","url":"https:\/\/folliamala.ch\/","logo":{"@type":"ImageObject","inLanguage":"fr-FR","@id":"https:\/\/folliamala.ch\/#\/schema\/logo\/image\/","url":"https:\/\/folliamala.ch\/wp-content\/uploads\/2021\/08\/folliamala_logo.png","contentUrl":"https:\/\/folliamala.ch\/wp-content\/uploads\/2021\/08\/folliamala_logo.png","width":529,"height":109,"caption":"Folliamala"},"image":{"@id":"https:\/\/folliamala.ch\/#\/schema\/logo\/image\/"},"sameAs":["https:\/\/www.facebook.com\/folliamala\/","https:\/\/www.instagram.com\/folliamala\/","https:\/\/www.pinterest.de\/folliamala\/"]}]}},"_links":{"self":[{"href":"https:\/\/folliamala.ch\/fr\/wp-json\/wp\/v2\/product\/6792","targetHints":{"allow":["GET"]}}],"collection":[{"href":"https:\/\/folliamala.ch\/fr\/wp-json\/wp\/v2\/product"}],"about":[{"href":"https:\/\/folliamala.ch\/fr\/wp-json\/wp\/v2\/types\/product"}],"version-history":[{"count":9,"href":"https:\/\/folliamala.ch\/fr\/wp-json\/wp\/v2\/product\/6792\/revisions"}],"predecessor-version":[{"id":9215,"href":"https:\/\/folliamala.ch\/fr\/wp-json\/wp\/v2\/product\/6792\/revisions\/9215"}],"wp:featuredmedia":[{"embeddable":true,"href":"https:\/\/folliamala.ch\/fr\/wp-json\/wp\/v2\/media\/6765"}],"wp:attachment":[{"href":"https:\/\/folliamala.ch\/fr\/wp-json\/wp\/v2\/media?parent=6792"}],"wp:term":[{"taxonomy":"product_brand","embeddable":true,"href":"https:\/\/folliamala.ch\/fr\/wp-json\/wp\/v2\/product_brand?post=6792"},{"taxonomy":"product_cat","embeddable":true,"href":"https:\/\/folliamala.ch\/fr\/wp-json\/wp\/v2\/product_cat?post=6792"},{"taxonomy":"product_tag","embeddable":true,"href":"https:\/\/folliamala.ch\/fr\/wp-json\/wp\/v2\/product_tag?post=6792"}],"curies":[{"name":"wp","href":"https:\/\/api.w.org\/{rel}","templated":true}]}}