{"id":6794,"date":"2022-09-03T23:10:59","date_gmt":"2022-09-03T21:10:59","guid":{"rendered":"https:\/\/folliamala.ch\/?post_type=product&#038;p=6794"},"modified":"2025-08-23T17:50:40","modified_gmt":"2025-08-23T15:50:40","slug":"skorpion-mala","status":"publish","type":"product","link":"https:\/\/folliamala.ch\/fr\/product\/skorpion-mala\/","title":{"rendered":"Mala du Scorpion"},"content":{"rendered":"<p><strong><b>Mala li\u00e9 au signe astrologique du <\/b>Scorpion<\/strong><\/p>\n<p><span style=\"font-weight: 400;\">Tu es n\u00e9(e) entre le 24 octobre et le 22 novembre ou tu es Scorpion \u00e0 l'ascendant ? Ce malaxeur Scorpion est fait pour toi.\u00a0<\/span><\/p>\n<p><span style=\"font-weight: 400;\">Le Scorpion, c\u2019est le d\u00e9tective, le chercheur,  l\u2019enqu\u00eateur. Il est d\u00e9termin\u00e9 et pers\u00e9v\u00e9rant. Il a \u00e9galement un caract\u00e8re myst\u00e9rieux et intense. Le mot \u00e9chec ne fait pas partie de son vocabulaire. Tr\u00e8s confiant, il a une haute opinion de lui-m\u00eame. Ce signe d\u2019eau a un sixi\u00e8me sens tr\u00e8s d\u00e9velopp\u00e9, ce qui le rend non seulement intuitif, mais aussi suprasensible.\u00a0<\/span><span style=\"font-weight: 400;\">Son \u00e9lan empreint de nostalgie s\u2019accompagne d\u2019une d\u00e9termination \u00e0 atteindre des objectifs, tant personnels que professionnels.<\/span><\/p>\n<h6><b>Caract\u00e9ristiques du Scorpion<\/b><\/h6>\n<p><span style=\"font-weight: 400;\">Secret, sarcastique, loyal, suspicieux, \u00e9motif, suprasensible, investigateur, d\u00e9termin\u00e9<\/span><\/p>\n<h6><b>Pierres pr\u00e9cieuses du Scorpion<\/b><\/h6>\n<p class=\"translation-block\"><span style=\"font-weight: 400\">L\u2019<strong>obsidienne<\/strong> d\u00e9tend. Elle est connue pour d\u00e9nouer les contractions au niveau des \u00e9paules et de la nuque. Car le Scorpion a une volont\u00e9 de fer qui ne lui permet pas de l\u00e2cher prise et de laisser libre cours \u00e0 ses pens\u00e9es.\u00a0<\/span><\/p>\n<p class=\"translation-block\"><span style=\"font-weight: 400\">Le <strong>rubis zo\u00efsite<\/strong> est la pierre id\u00e9ale du Scorpion. Il a un effet \u00e9quilibrant. La  zo\u00efsite, en particulier, d\u00e9ploie une \u00e9nergie particuli\u00e8re. Elle permet d\u2019accepter plus facilement ses faiblesses et favorise la r\u00e9g\u00e9n\u00e9ration, tant physique que psychique.\u00a0<\/span><\/p>\n<h6><b>Tu n\u2019es pas Scorpion?<\/b><\/h6>\n<p class=\"translation-block\"><span style=\"font-weight: 400\">L\u2019<strong>obsidienne<\/strong> est une pierre protectrice qui repousse la n\u00e9gativit\u00e9 et chasse les pens\u00e9es d\u00e9nu\u00e9es d\u2019amour. Elle permet d\u2019avoir l\u2019esprit clair en \u00e9liminant confusion et croyances limitantes. Elle relie \u00e0 la terre et absorbe les \u00e9nergies n\u00e9gatives de l\u2019environnement. L\u2019obsidienne est de la lave en fusion qui s\u2019est refroidie si rapidement qu\u2019elle n'a pas eu le temps de se cristalliser.<\/span><\/p>\n<p class=\"translation-block\"><span style=\"font-weight: 400\">Le <strong>rubis zo\u00efsite<\/strong> aide en cas de stress mental, d\u2019abattement et d\u2019agressivit\u00e9. Cette pierre m\u00e9dicinale augmente le sens des r\u00e9alit\u00e9s et pr\u00e9serve des actions irr\u00e9fl\u00e9chies. Le rubis zo\u00efsite apporte de la cr\u00e9ativit\u00e9, permet \u00e0 la personne qui le porte de partir en qu\u00eate de nouveaux besoins ou de nouvelles id\u00e9es et de reprendre sa vie en main. Il augmente \u00e9galement la sexualit\u00e9.<\/span><\/p>\n<h6><b>D\u00e9tails du mala<\/b><\/h6>\n<ul>\n<li style=\"font-weight: 400;\" aria-level=\"1\"><span style=\"font-weight: 400;\">108 perles: 12 obsidiennes, 12 rubis zo\u00efsites, 72 perles en bois de badamier<\/span><\/li>\n<li style=\"font-weight: 400;\" aria-level=\"1\"><span style=\"font-weight: 400;\">Taille des perles: 8 mm<\/span><\/li>\n<li style=\"font-weight: 400;\" aria-level=\"1\"><span style=\"font-weight: 400;\">Perle de gourou: cristal de roche \u2013 de toutes les pierres, c\u2019est celle qui renforce le plus les \u00e9nergies.\u00a0<\/span><\/li>\n<li style=\"font-weight: 400;\" aria-level=\"1\"><span style=\"font-weight: 400;\">Nou\u00e9 avec du fil de soie pour garantir la solidit\u00e9 et la long\u00e9vit\u00e9 du collier<\/span><\/li>\n<li style=\"font-weight: 400;\" aria-level=\"1\"><span style=\"font-weight: 400;\">Taille: 99 cm de circonf\u00e9rence\u00a0<\/span><\/li>\n<li>Pendentif: pompon (sur demande, possibilit\u00e9 d'un pendentif argent\u00e9 ou dor\u00e9 en forme de fleur de vie)<\/li>\n<\/ul>","protected":false},"excerpt":{"rendered":"<p><span style=\"font-weight: 400;\">Rubis-zoisite et obsidienne<\/span><\/p>","protected":false},"featured_media":6759,"template":"","meta":{"site-sidebar-layout":"default","site-content-layout":"default","ast-site-content-layout":"default","site-content-style":"default","site-sidebar-style":"default","ast-global-header-display":"","ast-banner-title-visibility":"","ast-main-header-display":"","ast-hfb-above-header-display":"","ast-hfb-below-header-display":"","ast-hfb-mobile-header-display":"","site-post-title":"","ast-breadcrumbs-content":"","ast-featured-img":"","footer-sml-layout":"","ast-disable-related-posts":"","theme-transparent-header-meta":"default","adv-header-id-meta":"","stick-header-meta":"","header-above-stick-meta":"","header-main-stick-meta":"","header-below-stick-meta":"","astra-migrate-meta-layouts":"default","ast-page-background-enabled":"default","ast-page-background-meta":{"desktop":{"background-color":"","background-image":"","background-repeat":"repeat","background-position":"center center","background-size":"auto","background-attachment":"scroll","background-type":"","background-media":"","overlay-type":"","overlay-color":"","overlay-opacity":"","overlay-gradient":""},"tablet":{"background-color":"","background-image":"","background-repeat":"repeat","background-position":"center center","background-size":"auto","background-attachment":"scroll","background-type":"","background-media":"","overlay-type":"","overlay-color":"","overlay-opacity":"","overlay-gradient":""},"mobile":{"background-color":"","background-image":"","background-repeat":"repeat","background-position":"center center","background-size":"auto","background-attachment":"scroll","background-type":"","background-media":"","overlay-type":"","overlay-color":"","overlay-opacity":"","overlay-gradient":""}},"ast-content-background-meta":{"desktop":{"background-color":"var(--ast-global-color-5)","background-image":"","background-repeat":"repeat","background-position":"center center","background-size":"auto","background-attachment":"scroll","background-type":"","background-media":"","overlay-type":"","overlay-color":"","overlay-opacity":"","overlay-gradient":""},"tablet":{"background-color":"var(--ast-global-color-5)","background-image":"","background-repeat":"repeat","background-position":"center center","background-size":"auto","background-attachment":"scroll","background-type":"","background-media":"","overlay-type":"","overlay-color":"","overlay-opacity":"","overlay-gradient":""},"mobile":{"background-color":"var(--ast-global-color-5)","background-image":"","background-repeat":"repeat","background-position":"center center","background-size":"auto","background-attachment":"scroll","background-type":"","background-media":"","overlay-type":"","overlay-color":"","overlay-opacity":"","overlay-gradient":""}},"_glsr_average":0,"_glsr_ranking":0,"_glsr_reviews":0},"product_brand":[224],"product_cat":[172,27],"product_tag":[184,179,180],"class_list":{"0":"post-6794","1":"product","2":"type-product","3":"status-publish","4":"has-post-thumbnail","6":"product_brand-folliamala","7":"product_cat-zodiaco","8":"product_cat-traditionelle-malaketten","9":"product_tag-holz","10":"product_tag-obsidian","11":"product_tag-rubin-zoisit","12":"desktop-align-center","13":"tablet-align-left","14":"mobile-align-left","16":"first","17":"instock","18":"sold-individually","19":"shipping-taxable","20":"purchasable","21":"product-type-simple","22":"wpzoom-wc-spi-has-enabled"},"yoast_head":"<!-- This site is optimized with the Yoast SEO plugin v27.4 - https:\/\/yoast.com\/product\/yoast-seo-wordpress\/ -->\n<title>Skorpion-Mala &#8211; Folliamala<\/title>\n<meta name=\"description\" content=\"Skorpion-Mala, Sternzeichen Skorpion. Bist du zwischen dem 22. Oktober und dem 22. November geboren oder bist Skorpion im Aszendent? Das ist deine Mala!\" \/>\n<meta name=\"robots\" content=\"index, follow, max-snippet:-1, max-image-preview:large, max-video-preview:-1\" \/>\n<link rel=\"canonical\" href=\"https:\/\/folliamala.ch\/fr\/product\/skorpion-mala\/\" \/>\n<meta property=\"og:locale\" content=\"fr_FR\" \/>\n<meta property=\"og:type\" content=\"article\" \/>\n<meta property=\"og:title\" content=\"Skorpion-Mala &#8211; Folliamala\" \/>\n<meta property=\"og:description\" content=\"Skorpion-Mala, Sternzeichen Skorpion. Bist du zwischen dem 22. Oktober und dem 22. November geboren oder bist Skorpion im Aszendent? Das ist deine Mala!\" \/>\n<meta property=\"og:url\" content=\"https:\/\/folliamala.ch\/fr\/product\/skorpion-mala\/\" \/>\n<meta property=\"og:site_name\" content=\"Folliamala\" \/>\n<meta property=\"article:publisher\" content=\"https:\/\/www.facebook.com\/folliamala\/\" \/>\n<meta property=\"article:modified_time\" content=\"2025-08-23T15:50:40+00:00\" \/>\n<meta property=\"og:image\" content=\"https:\/\/folliamala.ch\/wp-content\/uploads\/2022\/09\/Skorpion_o.jpg\" \/>\n\t<meta property=\"og:image:width\" content=\"1000\" \/>\n\t<meta property=\"og:image:height\" content=\"1000\" \/>\n\t<meta property=\"og:image:type\" content=\"image\/jpeg\" \/>\n<meta name=\"twitter:card\" content=\"summary_large_image\" \/>\n<meta name=\"twitter:label1\" content=\"Dur\u00e9e de lecture estim\u00e9e\" \/>\n\t<meta name=\"twitter:data1\" content=\"1 minute\" \/>\n<script type=\"application\/ld+json\" class=\"yoast-schema-graph\">{\"@context\":\"https:\\\/\\\/schema.org\",\"@graph\":[{\"@type\":\"WebPage\",\"@id\":\"https:\\\/\\\/folliamala.ch\\\/product\\\/skorpion-mala\\\/\",\"url\":\"https:\\\/\\\/folliamala.ch\\\/product\\\/skorpion-mala\\\/\",\"name\":\"Skorpion-Mala &#8211; Folliamala\",\"isPartOf\":{\"@id\":\"https:\\\/\\\/folliamala.ch\\\/#website\"},\"primaryImageOfPage\":{\"@id\":\"https:\\\/\\\/folliamala.ch\\\/product\\\/skorpion-mala\\\/#primaryimage\"},\"image\":{\"@id\":\"https:\\\/\\\/folliamala.ch\\\/product\\\/skorpion-mala\\\/#primaryimage\"},\"thumbnailUrl\":\"https:\\\/\\\/folliamala.ch\\\/wp-content\\\/uploads\\\/2022\\\/09\\\/Skorpion_o.jpg\",\"datePublished\":\"2022-09-03T21:10:59+00:00\",\"dateModified\":\"2025-08-23T15:50:40+00:00\",\"description\":\"Skorpion-Mala, Sternzeichen Skorpion. Bist du zwischen dem 22. Oktober und dem 22. November geboren oder bist Skorpion im Aszendent? Das ist deine Mala!\",\"breadcrumb\":{\"@id\":\"https:\\\/\\\/folliamala.ch\\\/product\\\/skorpion-mala\\\/#breadcrumb\"},\"inLanguage\":\"fr-FR\",\"potentialAction\":[{\"@type\":\"ReadAction\",\"target\":[\"https:\\\/\\\/folliamala.ch\\\/product\\\/skorpion-mala\\\/\"]}]},{\"@type\":\"ImageObject\",\"inLanguage\":\"fr-FR\",\"@id\":\"https:\\\/\\\/folliamala.ch\\\/product\\\/skorpion-mala\\\/#primaryimage\",\"url\":\"https:\\\/\\\/folliamala.ch\\\/wp-content\\\/uploads\\\/2022\\\/09\\\/Skorpion_o.jpg\",\"contentUrl\":\"https:\\\/\\\/folliamala.ch\\\/wp-content\\\/uploads\\\/2022\\\/09\\\/Skorpion_o.jpg\",\"width\":1000,\"height\":1000,\"caption\":\"Sternzeichen-Mala Kette Skorpion\"},{\"@type\":\"BreadcrumbList\",\"@id\":\"https:\\\/\\\/folliamala.ch\\\/product\\\/skorpion-mala\\\/#breadcrumb\",\"itemListElement\":[{\"@type\":\"ListItem\",\"position\":1,\"name\":\"Startseite\",\"item\":\"https:\\\/\\\/folliamala.ch\\\/\"},{\"@type\":\"ListItem\",\"position\":2,\"name\":\"Shop\",\"item\":\"https:\\\/\\\/folliamala.ch\\\/store\\\/\"},{\"@type\":\"ListItem\",\"position\":3,\"name\":\"Skorpion-Mala\"}]},{\"@type\":\"WebSite\",\"@id\":\"https:\\\/\\\/folliamala.ch\\\/#website\",\"url\":\"https:\\\/\\\/folliamala.ch\\\/\",\"name\":\"Folliamala\",\"description\":\"Mala Ketten &amp; Armb\u00e4nder\",\"publisher\":{\"@id\":\"https:\\\/\\\/folliamala.ch\\\/#organization\"},\"potentialAction\":[{\"@type\":\"SearchAction\",\"target\":{\"@type\":\"EntryPoint\",\"urlTemplate\":\"https:\\\/\\\/folliamala.ch\\\/?s={search_term_string}\"},\"query-input\":{\"@type\":\"PropertyValueSpecification\",\"valueRequired\":true,\"valueName\":\"search_term_string\"}}],\"inLanguage\":\"fr-FR\"},{\"@type\":\"Organization\",\"@id\":\"https:\\\/\\\/folliamala.ch\\\/#organization\",\"name\":\"Folliamala\",\"url\":\"https:\\\/\\\/folliamala.ch\\\/\",\"logo\":{\"@type\":\"ImageObject\",\"inLanguage\":\"fr-FR\",\"@id\":\"https:\\\/\\\/folliamala.ch\\\/#\\\/schema\\\/logo\\\/image\\\/\",\"url\":\"https:\\\/\\\/folliamala.ch\\\/wp-content\\\/uploads\\\/2021\\\/08\\\/folliamala_logo.png\",\"contentUrl\":\"https:\\\/\\\/folliamala.ch\\\/wp-content\\\/uploads\\\/2021\\\/08\\\/folliamala_logo.png\",\"width\":529,\"height\":109,\"caption\":\"Folliamala\"},\"image\":{\"@id\":\"https:\\\/\\\/folliamala.ch\\\/#\\\/schema\\\/logo\\\/image\\\/\"},\"sameAs\":[\"https:\\\/\\\/www.facebook.com\\\/folliamala\\\/\",\"https:\\\/\\\/www.instagram.com\\\/folliamala\\\/\",\"https:\\\/\\\/www.pinterest.de\\\/folliamala\\\/\"]}]}<\/script>\n<!-- \/ Yoast SEO plugin. -->","yoast_head_json":{"title":"Mala du scorpion - Folliamala","description":"Scorpion-Mala, signe astrologique du Scorpion. Tu es n\u00e9(e) entre le 22 octobre et le 22 novembre ou tu es Scorpion \u00e0 l'ascendant ? C'est ton mala !","robots":{"index":"index","follow":"follow","max-snippet":"max-snippet:-1","max-image-preview":"max-image-preview:large","max-video-preview":"max-video-preview:-1"},"canonical":"https:\/\/folliamala.ch\/fr\/product\/skorpion-mala\/","og_locale":"fr_FR","og_type":"article","og_title":"Skorpion-Mala &#8211; Folliamala","og_description":"Skorpion-Mala, Sternzeichen Skorpion. Bist du zwischen dem 22. Oktober und dem 22. November geboren oder bist Skorpion im Aszendent? Das ist deine Mala!","og_url":"https:\/\/folliamala.ch\/fr\/product\/skorpion-mala\/","og_site_name":"Folliamala","article_publisher":"https:\/\/www.facebook.com\/folliamala\/","article_modified_time":"2025-08-23T15:50:40+00:00","og_image":[{"width":1000,"height":1000,"url":"https:\/\/folliamala.ch\/wp-content\/uploads\/2022\/09\/Skorpion_o.jpg","type":"image\/jpeg"}],"twitter_card":"summary_large_image","twitter_misc":{"Dur\u00e9e de lecture estim\u00e9e":"1 minute"},"schema":{"@context":"https:\/\/schema.org","@graph":[{"@type":"WebPage","@id":"https:\/\/folliamala.ch\/product\/skorpion-mala\/","url":"https:\/\/folliamala.ch\/product\/skorpion-mala\/","name":"Mala du scorpion - Folliamala","isPartOf":{"@id":"https:\/\/folliamala.ch\/#website"},"primaryImageOfPage":{"@id":"https:\/\/folliamala.ch\/product\/skorpion-mala\/#primaryimage"},"image":{"@id":"https:\/\/folliamala.ch\/product\/skorpion-mala\/#primaryimage"},"thumbnailUrl":"https:\/\/folliamala.ch\/wp-content\/uploads\/2022\/09\/Skorpion_o.jpg","datePublished":"2022-09-03T21:10:59+00:00","dateModified":"2025-08-23T15:50:40+00:00","description":"Scorpion-Mala, signe astrologique du Scorpion. Tu es n\u00e9(e) entre le 22 octobre et le 22 novembre ou tu es Scorpion \u00e0 l'ascendant ? C'est ton mala !","breadcrumb":{"@id":"https:\/\/folliamala.ch\/product\/skorpion-mala\/#breadcrumb"},"inLanguage":"fr-FR","potentialAction":[{"@type":"ReadAction","target":["https:\/\/folliamala.ch\/product\/skorpion-mala\/"]}]},{"@type":"ImageObject","inLanguage":"fr-FR","@id":"https:\/\/folliamala.ch\/product\/skorpion-mala\/#primaryimage","url":"https:\/\/folliamala.ch\/wp-content\/uploads\/2022\/09\/Skorpion_o.jpg","contentUrl":"https:\/\/folliamala.ch\/wp-content\/uploads\/2022\/09\/Skorpion_o.jpg","width":1000,"height":1000,"caption":"Sternzeichen-Mala Kette Skorpion"},{"@type":"BreadcrumbList","@id":"https:\/\/folliamala.ch\/product\/skorpion-mala\/#breadcrumb","itemListElement":[{"@type":"ListItem","position":1,"name":"Startseite","item":"https:\/\/folliamala.ch\/"},{"@type":"ListItem","position":2,"name":"Shop","item":"https:\/\/folliamala.ch\/store\/"},{"@type":"ListItem","position":3,"name":"Skorpion-Mala"}]},{"@type":"WebSite","@id":"https:\/\/folliamala.ch\/#website","url":"https:\/\/folliamala.ch\/","name":"Folliamala","description":"Malas et bracelets","publisher":{"@id":"https:\/\/folliamala.ch\/#organization"},"potentialAction":[{"@type":"SearchAction","target":{"@type":"EntryPoint","urlTemplate":"https:\/\/folliamala.ch\/?s={search_term_string}"},"query-input":{"@type":"PropertyValueSpecification","valueRequired":true,"valueName":"search_term_string"}}],"inLanguage":"fr-FR"},{"@type":"Organization","@id":"https:\/\/folliamala.ch\/#organization","name":"Folliamala","url":"https:\/\/folliamala.ch\/","logo":{"@type":"ImageObject","inLanguage":"fr-FR","@id":"https:\/\/folliamala.ch\/#\/schema\/logo\/image\/","url":"https:\/\/folliamala.ch\/wp-content\/uploads\/2021\/08\/folliamala_logo.png","contentUrl":"https:\/\/folliamala.ch\/wp-content\/uploads\/2021\/08\/folliamala_logo.png","width":529,"height":109,"caption":"Folliamala"},"image":{"@id":"https:\/\/folliamala.ch\/#\/schema\/logo\/image\/"},"sameAs":["https:\/\/www.facebook.com\/folliamala\/","https:\/\/www.instagram.com\/folliamala\/","https:\/\/www.pinterest.de\/folliamala\/"]}]}},"_links":{"self":[{"href":"https:\/\/folliamala.ch\/fr\/wp-json\/wp\/v2\/product\/6794","targetHints":{"allow":["GET"]}}],"collection":[{"href":"https:\/\/folliamala.ch\/fr\/wp-json\/wp\/v2\/product"}],"about":[{"href":"https:\/\/folliamala.ch\/fr\/wp-json\/wp\/v2\/types\/product"}],"version-history":[{"count":9,"href":"https:\/\/folliamala.ch\/fr\/wp-json\/wp\/v2\/product\/6794\/revisions"}],"predecessor-version":[{"id":9216,"href":"https:\/\/folliamala.ch\/fr\/wp-json\/wp\/v2\/product\/6794\/revisions\/9216"}],"wp:featuredmedia":[{"embeddable":true,"href":"https:\/\/folliamala.ch\/fr\/wp-json\/wp\/v2\/media\/6759"}],"wp:attachment":[{"href":"https:\/\/folliamala.ch\/fr\/wp-json\/wp\/v2\/media?parent=6794"}],"wp:term":[{"taxonomy":"product_brand","embeddable":true,"href":"https:\/\/folliamala.ch\/fr\/wp-json\/wp\/v2\/product_brand?post=6794"},{"taxonomy":"product_cat","embeddable":true,"href":"https:\/\/folliamala.ch\/fr\/wp-json\/wp\/v2\/product_cat?post=6794"},{"taxonomy":"product_tag","embeddable":true,"href":"https:\/\/folliamala.ch\/fr\/wp-json\/wp\/v2\/product_tag?post=6794"}],"curies":[{"name":"wp","href":"https:\/\/api.w.org\/{rel}","templated":true}]}}