{"id":6798,"date":"2022-09-03T23:00:54","date_gmt":"2022-09-03T21:00:54","guid":{"rendered":"https:\/\/folliamala.ch\/?post_type=product&#038;p=6798"},"modified":"2025-08-23T17:50:40","modified_gmt":"2025-08-23T15:50:40","slug":"steinbock-mala","status":"publish","type":"product","link":"https:\/\/folliamala.ch\/fr\/product\/steinbock-mala\/","title":{"rendered":"Mala du Capricorne"},"content":{"rendered":"<p><strong><b>Mala li\u00e9 au signe astrologique du <\/b>Capricorne<\/strong><\/p>\n<p><span style=\"font-weight: 400;\">Tu es n\u00e9-e entre le 22 d\u00e9cembre et le 20 janvier ou tu es ascendant Capricorne? Ce mala du Capricorne est fait pour toi.\u00a0<\/span><\/p>\n<p><span style=\"font-weight: 400;\">Le Capricorne est pragmatique et conservateur. Il excelle dans la planification et l\u2019organisation. Le Capricorne construit sa vie lentement et il peut mettre du temps \u00e0 manifester son impulsion et sa d\u00e9termination. Il n\u2019est pas impulsif. Il r\u00e9fl\u00e9chit et planifie avant d'agir. Il aborde chaque t\u00e2che et chaque d\u00e9cision en faisant preuve d\u2019organisation. <\/span><span style=\"font-weight: 400;\">Signe de terre, le Sagittaire incarne aussi d\u2019autres qualit\u00e9s, comme la fiabilit\u00e9 et la prudence. De nombreux Capricornes font l\u2019exp\u00e9rience du \u00abkarma instantan\u00e9\u00bb : l\u00e0 o\u00f9 d'autres semblent s\u2019en tirer \u00e0 bon compte sans jamais en subir les cons\u00e9quences, il en ressent parfois les effets en quelques secondes ou minutes. C'est Saturne, sa plan\u00e8te dominante, qui lui fait garder les pieds sur terre.<\/span><\/p>\n<h6><b>Caract\u00e9ristiques du Capricorne<\/b><\/h6>\n<p><span style=\"font-weight: 400;\">Travailleur, \u00e9conome, esprit pratique, fiable, r\u00e9aliste, pr\u00e9occup\u00e9, r\u00e9serv\u00e9, patient, pessimiste, conservateur<\/span><\/p>\n<h6><b>Pierres pr\u00e9cieuses du Capricorne<\/b><\/h6>\n<p class=\"translation-block\"><span style=\"font-weight: 400\">L\u2019<strong>onyx<\/strong> renforce la personnalit\u00e9.\u00a0<\/span><span style=\"font-weight: 400\">Il aide \u00e0 \u00eatre plus ferme et plus convaincant, ce qui permet de s\u2019imposer dans les situations de conflit.\u00a0<\/span><\/p>\n<p class=\"translation-block\"><span style=\"font-weight: 400\">L\u2019<strong>am\u00e9thyste<\/strong> favorise les pens\u00e9es sobres et la concentration. Elle aide ainsi \u00e0 assimiler mentalement les exp\u00e9riences et les perceptions. En m\u00eame temps, elle stimule l\u2019imagination et permet d\u2019entrevoir de nouvelles possibilit\u00e9s. En outre, l'am\u00e9thyste renforce l\u2019harmonie int\u00e9rieure.<\/span><\/p>\n<h6><b>Tu n\u2019es pas Capricorne?<\/b><\/h6>\n<p class=\"translation-block\"><span style=\"font-weight: 400\">L\u2019<strong>onyx<\/strong> est une pierre particuli\u00e8rement forte qui augmente la confiance en soi et la r\u00e9sistance. Elle donne \u00e0 celui ou celle qui la porte davantage de joie de vivre et lui procure stabilit\u00e9. Une confiance en soi renforc\u00e9e conduit toujours \u00e0 une plus grande harmonie int\u00e9rieure. L\u2019onyx augmente \u00e9galement le sens des responsabilit\u00e9s et la capacit\u00e9 de r\u00e9flexion.<\/span><\/p>\n<p class=\"translation-block\"><span style=\"font-weight: 400\">L\u2019<strong>am\u00e9thyste<\/strong> purifie le corps et l\u2019esprit. Elle procure paix int\u00e9rieure. Elle att\u00e9nue les troubles du sommeil et aide les personnes qui ont la bougeotte, car elle transforme l\u2019hyperactivit\u00e9 en efficacit\u00e9 et en cr\u00e9ativit\u00e9. Sa couleur violette stimule l\u2019imagination et lib\u00e8re les blocages et les inhibitions, ce qui favorise, en particulier pendant le sommeil, le traitement des conflits par les r\u00eaves.<\/span><\/p>\n<h6><b>D\u00e9tails du mala<\/b><\/h6>\n<ul>\n<li style=\"font-weight: 400;\" aria-level=\"1\"><span style=\"font-weight: 400;\">108 perles: 24 onyx, 12 am\u00e9thystes, 72 perles en bois de rose<\/span><\/li>\n<li style=\"font-weight: 400;\" aria-level=\"1\"><span style=\"font-weight: 400;\">Taille des perles: 8 mm<\/span><\/li>\n<li style=\"font-weight: 400;\" aria-level=\"1\"><span style=\"font-weight: 400;\">Perle de gourou: cristal de roche \u2013 de toutes les pierres, c\u2019est celle qui renforce le plus les \u00e9nergies.\u00a0<\/span><\/li>\n<li style=\"font-weight: 400;\" aria-level=\"1\"><span style=\"font-weight: 400;\">Nou\u00e9 avec du fil de soie pour garantir la solidit\u00e9 et la long\u00e9vit\u00e9 du collier<\/span><\/li>\n<li style=\"font-weight: 400;\" aria-level=\"1\"><span style=\"font-weight: 400;\">Taille: 105 cm de circonf\u00e9rence\u00a0<\/span><\/li>\n<li>Pendentif: pompon (sur demande, possibilit\u00e9 d'un pendentif argent\u00e9 ou dor\u00e9 en forme de fleur de vie)<\/li>\n<\/ul>","protected":false},"excerpt":{"rendered":"<p><span style=\"font-weight: 400;\">Onyx et am\u00e9thyste<\/span><\/p>","protected":false},"featured_media":6761,"template":"","meta":{"site-sidebar-layout":"default","site-content-layout":"default","ast-site-content-layout":"default","site-content-style":"default","site-sidebar-style":"default","ast-global-header-display":"","ast-banner-title-visibility":"","ast-main-header-display":"","ast-hfb-above-header-display":"","ast-hfb-below-header-display":"","ast-hfb-mobile-header-display":"","site-post-title":"","ast-breadcrumbs-content":"","ast-featured-img":"","footer-sml-layout":"","ast-disable-related-posts":"","theme-transparent-header-meta":"default","adv-header-id-meta":"","stick-header-meta":"","header-above-stick-meta":"","header-main-stick-meta":"","header-below-stick-meta":"","astra-migrate-meta-layouts":"default","ast-page-background-enabled":"default","ast-page-background-meta":{"desktop":{"background-color":"","background-image":"","background-repeat":"repeat","background-position":"center center","background-size":"auto","background-attachment":"scroll","background-type":"","background-media":"","overlay-type":"","overlay-color":"","overlay-opacity":"","overlay-gradient":""},"tablet":{"background-color":"","background-image":"","background-repeat":"repeat","background-position":"center center","background-size":"auto","background-attachment":"scroll","background-type":"","background-media":"","overlay-type":"","overlay-color":"","overlay-opacity":"","overlay-gradient":""},"mobile":{"background-color":"","background-image":"","background-repeat":"repeat","background-position":"center center","background-size":"auto","background-attachment":"scroll","background-type":"","background-media":"","overlay-type":"","overlay-color":"","overlay-opacity":"","overlay-gradient":""}},"ast-content-background-meta":{"desktop":{"background-color":"var(--ast-global-color-5)","background-image":"","background-repeat":"repeat","background-position":"center center","background-size":"auto","background-attachment":"scroll","background-type":"","background-media":"","overlay-type":"","overlay-color":"","overlay-opacity":"","overlay-gradient":""},"tablet":{"background-color":"var(--ast-global-color-5)","background-image":"","background-repeat":"repeat","background-position":"center center","background-size":"auto","background-attachment":"scroll","background-type":"","background-media":"","overlay-type":"","overlay-color":"","overlay-opacity":"","overlay-gradient":""},"mobile":{"background-color":"var(--ast-global-color-5)","background-image":"","background-repeat":"repeat","background-position":"center center","background-size":"auto","background-attachment":"scroll","background-type":"","background-media":"","overlay-type":"","overlay-color":"","overlay-opacity":"","overlay-gradient":""}},"_glsr_average":0,"_glsr_ranking":0,"_glsr_reviews":0},"product_brand":[224],"product_cat":[172,27],"product_tag":[123,184,94],"class_list":{"0":"post-6798","1":"product","2":"type-product","3":"status-publish","4":"has-post-thumbnail","6":"product_brand-folliamala","7":"product_cat-zodiaco","8":"product_cat-traditionelle-malaketten","9":"product_tag-amethyst","10":"product_tag-holz","11":"product_tag-onyx","12":"desktop-align-center","13":"tablet-align-left","14":"mobile-align-left","16":"first","17":"instock","18":"sold-individually","19":"shipping-taxable","20":"purchasable","21":"product-type-simple","22":"wpzoom-wc-spi-has-enabled"},"yoast_head":"<!-- This site is optimized with the Yoast SEO plugin v27.4 - https:\/\/yoast.com\/product\/yoast-seo-wordpress\/ -->\n<title>Steinbock-Mala &#8211; Folliamala<\/title>\n<meta name=\"description\" content=\"Steinbock-Mala, Sternzeichen Steinbock. Bist du zwischen dem 21. Dezember und dem 20. Januar geboren? Dann ist das ist deine Mala Kette!\" \/>\n<meta name=\"robots\" content=\"index, follow, max-snippet:-1, max-image-preview:large, max-video-preview:-1\" \/>\n<link rel=\"canonical\" href=\"https:\/\/folliamala.ch\/fr\/product\/steinbock-mala\/\" \/>\n<meta property=\"og:locale\" content=\"fr_FR\" \/>\n<meta property=\"og:type\" content=\"article\" \/>\n<meta property=\"og:title\" content=\"Steinbock-Mala &#8211; Folliamala\" \/>\n<meta property=\"og:description\" content=\"Steinbock-Mala, Sternzeichen Steinbock. Bist du zwischen dem 21. Dezember und dem 20. Januar geboren? Dann ist das ist deine Mala Kette!\" \/>\n<meta property=\"og:url\" content=\"https:\/\/folliamala.ch\/fr\/product\/steinbock-mala\/\" \/>\n<meta property=\"og:site_name\" content=\"Folliamala\" \/>\n<meta property=\"article:publisher\" content=\"https:\/\/www.facebook.com\/folliamala\/\" \/>\n<meta property=\"article:modified_time\" content=\"2025-08-23T15:50:40+00:00\" \/>\n<meta property=\"og:image\" content=\"https:\/\/folliamala.ch\/wp-content\/uploads\/2022\/09\/Steinbock_o.jpg\" \/>\n\t<meta property=\"og:image:width\" content=\"1000\" \/>\n\t<meta property=\"og:image:height\" content=\"1000\" \/>\n\t<meta property=\"og:image:type\" content=\"image\/jpeg\" \/>\n<meta name=\"twitter:card\" content=\"summary_large_image\" \/>\n<meta name=\"twitter:label1\" content=\"Dur\u00e9e de lecture estim\u00e9e\" \/>\n\t<meta name=\"twitter:data1\" content=\"1 minute\" \/>\n<script type=\"application\/ld+json\" class=\"yoast-schema-graph\">{\"@context\":\"https:\\\/\\\/schema.org\",\"@graph\":[{\"@type\":\"WebPage\",\"@id\":\"https:\\\/\\\/folliamala.ch\\\/product\\\/steinbock-mala\\\/\",\"url\":\"https:\\\/\\\/folliamala.ch\\\/product\\\/steinbock-mala\\\/\",\"name\":\"Steinbock-Mala &#8211; Folliamala\",\"isPartOf\":{\"@id\":\"https:\\\/\\\/folliamala.ch\\\/#website\"},\"primaryImageOfPage\":{\"@id\":\"https:\\\/\\\/folliamala.ch\\\/product\\\/steinbock-mala\\\/#primaryimage\"},\"image\":{\"@id\":\"https:\\\/\\\/folliamala.ch\\\/product\\\/steinbock-mala\\\/#primaryimage\"},\"thumbnailUrl\":\"https:\\\/\\\/folliamala.ch\\\/wp-content\\\/uploads\\\/2022\\\/09\\\/Steinbock_o.jpg\",\"datePublished\":\"2022-09-03T21:00:54+00:00\",\"dateModified\":\"2025-08-23T15:50:40+00:00\",\"description\":\"Steinbock-Mala, Sternzeichen Steinbock. Bist du zwischen dem 21. Dezember und dem 20. Januar geboren? Dann ist das ist deine Mala Kette!\",\"breadcrumb\":{\"@id\":\"https:\\\/\\\/folliamala.ch\\\/product\\\/steinbock-mala\\\/#breadcrumb\"},\"inLanguage\":\"fr-FR\",\"potentialAction\":[{\"@type\":\"ReadAction\",\"target\":[\"https:\\\/\\\/folliamala.ch\\\/product\\\/steinbock-mala\\\/\"]}]},{\"@type\":\"ImageObject\",\"inLanguage\":\"fr-FR\",\"@id\":\"https:\\\/\\\/folliamala.ch\\\/product\\\/steinbock-mala\\\/#primaryimage\",\"url\":\"https:\\\/\\\/folliamala.ch\\\/wp-content\\\/uploads\\\/2022\\\/09\\\/Steinbock_o.jpg\",\"contentUrl\":\"https:\\\/\\\/folliamala.ch\\\/wp-content\\\/uploads\\\/2022\\\/09\\\/Steinbock_o.jpg\",\"width\":1000,\"height\":1000,\"caption\":\"Sternzeichen-Mala Kette Steinbock\"},{\"@type\":\"BreadcrumbList\",\"@id\":\"https:\\\/\\\/folliamala.ch\\\/product\\\/steinbock-mala\\\/#breadcrumb\",\"itemListElement\":[{\"@type\":\"ListItem\",\"position\":1,\"name\":\"Startseite\",\"item\":\"https:\\\/\\\/folliamala.ch\\\/\"},{\"@type\":\"ListItem\",\"position\":2,\"name\":\"Shop\",\"item\":\"https:\\\/\\\/folliamala.ch\\\/store\\\/\"},{\"@type\":\"ListItem\",\"position\":3,\"name\":\"Steinbock-Mala\"}]},{\"@type\":\"WebSite\",\"@id\":\"https:\\\/\\\/folliamala.ch\\\/#website\",\"url\":\"https:\\\/\\\/folliamala.ch\\\/\",\"name\":\"Folliamala\",\"description\":\"Mala Ketten &amp; Armb\u00e4nder\",\"publisher\":{\"@id\":\"https:\\\/\\\/folliamala.ch\\\/#organization\"},\"potentialAction\":[{\"@type\":\"SearchAction\",\"target\":{\"@type\":\"EntryPoint\",\"urlTemplate\":\"https:\\\/\\\/folliamala.ch\\\/?s={search_term_string}\"},\"query-input\":{\"@type\":\"PropertyValueSpecification\",\"valueRequired\":true,\"valueName\":\"search_term_string\"}}],\"inLanguage\":\"fr-FR\"},{\"@type\":\"Organization\",\"@id\":\"https:\\\/\\\/folliamala.ch\\\/#organization\",\"name\":\"Folliamala\",\"url\":\"https:\\\/\\\/folliamala.ch\\\/\",\"logo\":{\"@type\":\"ImageObject\",\"inLanguage\":\"fr-FR\",\"@id\":\"https:\\\/\\\/folliamala.ch\\\/#\\\/schema\\\/logo\\\/image\\\/\",\"url\":\"https:\\\/\\\/folliamala.ch\\\/wp-content\\\/uploads\\\/2021\\\/08\\\/folliamala_logo.png\",\"contentUrl\":\"https:\\\/\\\/folliamala.ch\\\/wp-content\\\/uploads\\\/2021\\\/08\\\/folliamala_logo.png\",\"width\":529,\"height\":109,\"caption\":\"Folliamala\"},\"image\":{\"@id\":\"https:\\\/\\\/folliamala.ch\\\/#\\\/schema\\\/logo\\\/image\\\/\"},\"sameAs\":[\"https:\\\/\\\/www.facebook.com\\\/folliamala\\\/\",\"https:\\\/\\\/www.instagram.com\\\/folliamala\\\/\",\"https:\\\/\\\/www.pinterest.de\\\/folliamala\\\/\"]}]}<\/script>\n<!-- \/ Yoast SEO plugin. -->","yoast_head_json":{"title":"Mala du Capricorne - Folliamala","description":"Mala du Capricorne, signe astrologique du Capricorne. Tu es n\u00e9(e) entre le 21 d\u00e9cembre et le 20 janvier ? Alors c'est ton collier mala !","robots":{"index":"index","follow":"follow","max-snippet":"max-snippet:-1","max-image-preview":"max-image-preview:large","max-video-preview":"max-video-preview:-1"},"canonical":"https:\/\/folliamala.ch\/fr\/product\/steinbock-mala\/","og_locale":"fr_FR","og_type":"article","og_title":"Steinbock-Mala &#8211; Folliamala","og_description":"Steinbock-Mala, Sternzeichen Steinbock. Bist du zwischen dem 21. Dezember und dem 20. Januar geboren? Dann ist das ist deine Mala Kette!","og_url":"https:\/\/folliamala.ch\/fr\/product\/steinbock-mala\/","og_site_name":"Folliamala","article_publisher":"https:\/\/www.facebook.com\/folliamala\/","article_modified_time":"2025-08-23T15:50:40+00:00","og_image":[{"width":1000,"height":1000,"url":"https:\/\/folliamala.ch\/wp-content\/uploads\/2022\/09\/Steinbock_o.jpg","type":"image\/jpeg"}],"twitter_card":"summary_large_image","twitter_misc":{"Dur\u00e9e de lecture estim\u00e9e":"1 minute"},"schema":{"@context":"https:\/\/schema.org","@graph":[{"@type":"WebPage","@id":"https:\/\/folliamala.ch\/product\/steinbock-mala\/","url":"https:\/\/folliamala.ch\/product\/steinbock-mala\/","name":"Mala du Capricorne - Folliamala","isPartOf":{"@id":"https:\/\/folliamala.ch\/#website"},"primaryImageOfPage":{"@id":"https:\/\/folliamala.ch\/product\/steinbock-mala\/#primaryimage"},"image":{"@id":"https:\/\/folliamala.ch\/product\/steinbock-mala\/#primaryimage"},"thumbnailUrl":"https:\/\/folliamala.ch\/wp-content\/uploads\/2022\/09\/Steinbock_o.jpg","datePublished":"2022-09-03T21:00:54+00:00","dateModified":"2025-08-23T15:50:40+00:00","description":"Mala du Capricorne, signe astrologique du Capricorne. Tu es n\u00e9(e) entre le 21 d\u00e9cembre et le 20 janvier ? Alors c'est ton collier mala !","breadcrumb":{"@id":"https:\/\/folliamala.ch\/product\/steinbock-mala\/#breadcrumb"},"inLanguage":"fr-FR","potentialAction":[{"@type":"ReadAction","target":["https:\/\/folliamala.ch\/product\/steinbock-mala\/"]}]},{"@type":"ImageObject","inLanguage":"fr-FR","@id":"https:\/\/folliamala.ch\/product\/steinbock-mala\/#primaryimage","url":"https:\/\/folliamala.ch\/wp-content\/uploads\/2022\/09\/Steinbock_o.jpg","contentUrl":"https:\/\/folliamala.ch\/wp-content\/uploads\/2022\/09\/Steinbock_o.jpg","width":1000,"height":1000,"caption":"Sternzeichen-Mala Kette Steinbock"},{"@type":"BreadcrumbList","@id":"https:\/\/folliamala.ch\/product\/steinbock-mala\/#breadcrumb","itemListElement":[{"@type":"ListItem","position":1,"name":"Startseite","item":"https:\/\/folliamala.ch\/"},{"@type":"ListItem","position":2,"name":"Shop","item":"https:\/\/folliamala.ch\/store\/"},{"@type":"ListItem","position":3,"name":"Steinbock-Mala"}]},{"@type":"WebSite","@id":"https:\/\/folliamala.ch\/#website","url":"https:\/\/folliamala.ch\/","name":"Folliamala","description":"Malas et bracelets","publisher":{"@id":"https:\/\/folliamala.ch\/#organization"},"potentialAction":[{"@type":"SearchAction","target":{"@type":"EntryPoint","urlTemplate":"https:\/\/folliamala.ch\/?s={search_term_string}"},"query-input":{"@type":"PropertyValueSpecification","valueRequired":true,"valueName":"search_term_string"}}],"inLanguage":"fr-FR"},{"@type":"Organization","@id":"https:\/\/folliamala.ch\/#organization","name":"Folliamala","url":"https:\/\/folliamala.ch\/","logo":{"@type":"ImageObject","inLanguage":"fr-FR","@id":"https:\/\/folliamala.ch\/#\/schema\/logo\/image\/","url":"https:\/\/folliamala.ch\/wp-content\/uploads\/2021\/08\/folliamala_logo.png","contentUrl":"https:\/\/folliamala.ch\/wp-content\/uploads\/2021\/08\/folliamala_logo.png","width":529,"height":109,"caption":"Folliamala"},"image":{"@id":"https:\/\/folliamala.ch\/#\/schema\/logo\/image\/"},"sameAs":["https:\/\/www.facebook.com\/folliamala\/","https:\/\/www.instagram.com\/folliamala\/","https:\/\/www.pinterest.de\/folliamala\/"]}]}},"_links":{"self":[{"href":"https:\/\/folliamala.ch\/fr\/wp-json\/wp\/v2\/product\/6798","targetHints":{"allow":["GET"]}}],"collection":[{"href":"https:\/\/folliamala.ch\/fr\/wp-json\/wp\/v2\/product"}],"about":[{"href":"https:\/\/folliamala.ch\/fr\/wp-json\/wp\/v2\/types\/product"}],"version-history":[{"count":10,"href":"https:\/\/folliamala.ch\/fr\/wp-json\/wp\/v2\/product\/6798\/revisions"}],"predecessor-version":[{"id":9218,"href":"https:\/\/folliamala.ch\/fr\/wp-json\/wp\/v2\/product\/6798\/revisions\/9218"}],"wp:featuredmedia":[{"embeddable":true,"href":"https:\/\/folliamala.ch\/fr\/wp-json\/wp\/v2\/media\/6761"}],"wp:attachment":[{"href":"https:\/\/folliamala.ch\/fr\/wp-json\/wp\/v2\/media?parent=6798"}],"wp:term":[{"taxonomy":"product_brand","embeddable":true,"href":"https:\/\/folliamala.ch\/fr\/wp-json\/wp\/v2\/product_brand?post=6798"},{"taxonomy":"product_cat","embeddable":true,"href":"https:\/\/folliamala.ch\/fr\/wp-json\/wp\/v2\/product_cat?post=6798"},{"taxonomy":"product_tag","embeddable":true,"href":"https:\/\/folliamala.ch\/fr\/wp-json\/wp\/v2\/product_tag?post=6798"}],"curies":[{"name":"wp","href":"https:\/\/api.w.org\/{rel}","templated":true}]}}