{"id":6800,"date":"2022-09-03T22:55:02","date_gmt":"2022-09-03T20:55:02","guid":{"rendered":"https:\/\/folliamala.ch\/?post_type=product&#038;p=6800"},"modified":"2025-08-23T17:50:39","modified_gmt":"2025-08-23T15:50:39","slug":"wassermann-mala","status":"publish","type":"product","link":"https:\/\/folliamala.ch\/fr\/product\/wassermann-mala\/","title":{"rendered":"Mala du Verseau"},"content":{"rendered":"<p><strong><b>Mala li\u00e9 au signe astrologique du <\/b>Verseau<\/strong><\/p>\n<p><span style=\"font-weight: 400;\">Tu es n\u00e9-e entre le 21 janvier et le 19 f\u00e9vrier ou tu as le Verseau en ascendant? Ce mala du Verseau est fait pour toi.\u00a0<\/span><\/p>\n<p><span style=\"font-weight: 400;\">Le Verseau est \u00e0 la fois conservateur et progressiste, rebelle et conventionnel, amical et distant. Il est inventif et voit dans les obstacles autant de d\u00e9fis que d\u2019opportunit\u00e9s. Cette personnalit\u00e9 \u00e9clectique est aussi fascinante qu\u2019attirante.\u00a0<\/span><span style=\"font-weight: 400;\">Cette \u00e2me ind\u00e9pendante, qui appr\u00e9cie l\u2019intimit\u00e9 et la libert\u00e9, accueille n\u00e9anmoins de nombreuses personnes dans sa vie. Les amis sont indispensables pour le Verseau. C\u2019est le signe universel de l'amiti\u00e9, car il aime s\u2019engager dans des associations, des organisations et des groupes. Le Verseau est un signe d'air, tr\u00e8s communicatif. Il accueille \u00e0 bras ouverts id\u00e9es, concepts, personnes et informations diverses.<\/span><\/p>\n<h6><b>Caract\u00e9ristiques du Verseau<\/b><\/h6>\n<p><span style=\"font-weight: 400;\">Loyal, humaniste, individualiste, sociable, amical, original, inventif, intellectuel, ind\u00e9pendant, d\u00e9termin\u00e9\u00a0<\/span><\/p>\n<h6><b>Pierres pr\u00e9cieuses du Verseau<\/b><\/h6>\n<p class=\"translation-block\"><span style=\"font-weight: 400\">La pierre principale du Verseau est l\u2019<strong>aigue-marine<\/strong>. Elle soutient ce signe dans ses visions en lui procurant clairvoyance et pr\u00e9voyance, pour qu\u2019il puisse mener \u00e0 bien ses projets et r\u00e9aliser ses objectifs. Elle favorise \u00e9galement l\u2019endurance et la pers\u00e9v\u00e9rance.<\/span><\/p>\n<p class=\"translation-block\"><span style=\"font-weight: 400\">Le <strong>jade vert<\/strong> est une pierre secondaire importante pour ce signe. Elle a un effet apaisant et sert d\u2019ancrage \u00e0 la terre.<\/span><\/p>\n<h6><b>Tu n\u2019es pas Verseau?<\/b><\/h6>\n<p class=\"translation-block\"><span style=\"font-weight: 400\">L\u2019<strong>aigue-marine<\/strong> symbolise la paix, procure une croissance spirituelle et aide \u00e0 lutter contre la d\u00e9pression. Elle renforce la confiance en soi, favorise la clairvoyance, l\u2019endurance et la pers\u00e9v\u00e9rance. Dans les relations de couple, l'aigue-marine renforce l\u2019amour et la fid\u00e9lit\u00e9.<\/span><\/p>\n<p class=\"translation-block\"><span style=\"font-weight: 400\">Le <strong>jade vert<\/strong> favorise la mobilit\u00e9 mentale, renforce le courage et la personnalit\u00e9. C\u2019est une pierre qui, d\u2019un c\u00f4t\u00e9, ouvre l\u2019esprit de celui ou celle qui la porte. D\u2019un autre c\u00f4t\u00e9, elle lui permet de se d\u00e9connecter, d\u2019\u00eatre plus calme et de faire une pause. Le jade a un effet \u00e9quilibrant. On dit de cette pierre qu\u2019elle transforme l\u2019amiti\u00e9 en amour.<\/span><\/p>\n<h6><b>D\u00e9tails du mala<\/b><\/h6>\n<ul>\n<li style=\"font-weight: 400;\" aria-level=\"1\"><span style=\"font-weight: 400;\">108 perles: 24 aigues-marines, 12 jades verts, 72 perles en bois de rose<\/span><\/li>\n<li style=\"font-weight: 400;\" aria-level=\"1\"><span style=\"font-weight: 400;\">Taille des perles: 8 mm<\/span><\/li>\n<li style=\"font-weight: 400;\" aria-level=\"1\"><span style=\"font-weight: 400;\">Perle de gourou: cristal de roche \u2013 de toutes les pierres, c\u2019est celle qui renforce le plus les \u00e9nergies.\u00a0<\/span><\/li>\n<li style=\"font-weight: 400;\" aria-level=\"1\"><span style=\"font-weight: 400;\">Nou\u00e9 avec du fil de soie pour garantir la solidit\u00e9 et la long\u00e9vit\u00e9 du collier<\/span><\/li>\n<li style=\"font-weight: 400;\" aria-level=\"1\"><span style=\"font-weight: 400;\">Taille: 108 cm de circonf\u00e9rence\u00a0<\/span><\/li>\n<li>Pendentif: pompon (sur demande, possibilit\u00e9 d'un pendentif argent\u00e9 ou dor\u00e9 en forme de fleur de vie)<\/li>\n<\/ul>","protected":false},"excerpt":{"rendered":"<p><span style=\"font-weight: 400;\">Aigue-marine et jade vert<\/span><\/p>","protected":false},"featured_media":6767,"template":"","meta":{"site-sidebar-layout":"default","site-content-layout":"default","ast-site-content-layout":"default","site-content-style":"default","site-sidebar-style":"default","ast-global-header-display":"","ast-banner-title-visibility":"","ast-main-header-display":"","ast-hfb-above-header-display":"","ast-hfb-below-header-display":"","ast-hfb-mobile-header-display":"","site-post-title":"","ast-breadcrumbs-content":"","ast-featured-img":"","footer-sml-layout":"","ast-disable-related-posts":"","theme-transparent-header-meta":"default","adv-header-id-meta":"","stick-header-meta":"","header-above-stick-meta":"","header-main-stick-meta":"","header-below-stick-meta":"","astra-migrate-meta-layouts":"default","ast-page-background-enabled":"default","ast-page-background-meta":{"desktop":{"background-color":"","background-image":"","background-repeat":"repeat","background-position":"center center","background-size":"auto","background-attachment":"scroll","background-type":"","background-media":"","overlay-type":"","overlay-color":"","overlay-opacity":"","overlay-gradient":""},"tablet":{"background-color":"","background-image":"","background-repeat":"repeat","background-position":"center center","background-size":"auto","background-attachment":"scroll","background-type":"","background-media":"","overlay-type":"","overlay-color":"","overlay-opacity":"","overlay-gradient":""},"mobile":{"background-color":"","background-image":"","background-repeat":"repeat","background-position":"center center","background-size":"auto","background-attachment":"scroll","background-type":"","background-media":"","overlay-type":"","overlay-color":"","overlay-opacity":"","overlay-gradient":""}},"ast-content-background-meta":{"desktop":{"background-color":"var(--ast-global-color-5)","background-image":"","background-repeat":"repeat","background-position":"center center","background-size":"auto","background-attachment":"scroll","background-type":"","background-media":"","overlay-type":"","overlay-color":"","overlay-opacity":"","overlay-gradient":""},"tablet":{"background-color":"var(--ast-global-color-5)","background-image":"","background-repeat":"repeat","background-position":"center center","background-size":"auto","background-attachment":"scroll","background-type":"","background-media":"","overlay-type":"","overlay-color":"","overlay-opacity":"","overlay-gradient":""},"mobile":{"background-color":"var(--ast-global-color-5)","background-image":"","background-repeat":"repeat","background-position":"center center","background-size":"auto","background-attachment":"scroll","background-type":"","background-media":"","overlay-type":"","overlay-color":"","overlay-opacity":"","overlay-gradient":""}},"_glsr_average":0,"_glsr_ranking":0,"_glsr_reviews":0},"product_brand":[224],"product_cat":[172,27],"product_tag":[74,184,102],"class_list":{"0":"post-6800","1":"product","2":"type-product","3":"status-publish","4":"has-post-thumbnail","6":"product_brand-folliamala","7":"product_cat-zodiaco","8":"product_cat-traditionelle-malaketten","9":"product_tag-aquamarin","10":"product_tag-holz","11":"product_tag-jade","12":"desktop-align-center","13":"tablet-align-left","14":"mobile-align-left","16":"first","17":"instock","18":"featured","19":"sold-individually","20":"shipping-taxable","21":"purchasable","22":"product-type-simple","23":"wpzoom-wc-spi-has-enabled"},"yoast_head":"<!-- This site is optimized with the Yoast SEO plugin v27.4 - https:\/\/yoast.com\/product\/yoast-seo-wordpress\/ -->\n<title>Wassermann-Mala &#8211; Folliamala<\/title>\n<meta name=\"description\" content=\"Wassermann-Mala, Sternzeichen Wassermann. Bist du zwischen dem 20. Januar und dem 19. Februar geboren? Dann ist das ist deine Mala Kette!\" \/>\n<meta name=\"robots\" content=\"index, follow, max-snippet:-1, max-image-preview:large, max-video-preview:-1\" \/>\n<link rel=\"canonical\" href=\"https:\/\/folliamala.ch\/fr\/product\/wassermann-mala\/\" \/>\n<meta property=\"og:locale\" content=\"fr_FR\" \/>\n<meta property=\"og:type\" content=\"article\" \/>\n<meta property=\"og:title\" content=\"Wassermann-Mala &#8211; Folliamala\" \/>\n<meta property=\"og:description\" content=\"Wassermann-Mala, Sternzeichen Wassermann. Bist du zwischen dem 20. Januar und dem 19. Februar geboren? Dann ist das ist deine Mala Kette!\" \/>\n<meta property=\"og:url\" content=\"https:\/\/folliamala.ch\/fr\/product\/wassermann-mala\/\" \/>\n<meta property=\"og:site_name\" content=\"Folliamala\" \/>\n<meta property=\"article:publisher\" content=\"https:\/\/www.facebook.com\/folliamala\/\" \/>\n<meta property=\"article:modified_time\" content=\"2025-08-23T15:50:39+00:00\" \/>\n<meta property=\"og:image\" content=\"https:\/\/folliamala.ch\/wp-content\/uploads\/2022\/09\/Wassermann_o.jpg\" \/>\n\t<meta property=\"og:image:width\" content=\"1000\" \/>\n\t<meta property=\"og:image:height\" content=\"1000\" \/>\n\t<meta property=\"og:image:type\" content=\"image\/jpeg\" \/>\n<meta name=\"twitter:card\" content=\"summary_large_image\" \/>\n<meta name=\"twitter:label1\" content=\"Dur\u00e9e de lecture estim\u00e9e\" \/>\n\t<meta name=\"twitter:data1\" content=\"1 minute\" \/>\n<script type=\"application\/ld+json\" class=\"yoast-schema-graph\">{\"@context\":\"https:\\\/\\\/schema.org\",\"@graph\":[{\"@type\":\"WebPage\",\"@id\":\"https:\\\/\\\/folliamala.ch\\\/product\\\/wassermann-mala\\\/\",\"url\":\"https:\\\/\\\/folliamala.ch\\\/product\\\/wassermann-mala\\\/\",\"name\":\"Wassermann-Mala &#8211; Folliamala\",\"isPartOf\":{\"@id\":\"https:\\\/\\\/folliamala.ch\\\/#website\"},\"primaryImageOfPage\":{\"@id\":\"https:\\\/\\\/folliamala.ch\\\/product\\\/wassermann-mala\\\/#primaryimage\"},\"image\":{\"@id\":\"https:\\\/\\\/folliamala.ch\\\/product\\\/wassermann-mala\\\/#primaryimage\"},\"thumbnailUrl\":\"https:\\\/\\\/folliamala.ch\\\/wp-content\\\/uploads\\\/2022\\\/09\\\/Wassermann_o.jpg\",\"datePublished\":\"2022-09-03T20:55:02+00:00\",\"dateModified\":\"2025-08-23T15:50:39+00:00\",\"description\":\"Wassermann-Mala, Sternzeichen Wassermann. Bist du zwischen dem 20. Januar und dem 19. Februar geboren? Dann ist das ist deine Mala Kette!\",\"breadcrumb\":{\"@id\":\"https:\\\/\\\/folliamala.ch\\\/product\\\/wassermann-mala\\\/#breadcrumb\"},\"inLanguage\":\"fr-FR\",\"potentialAction\":[{\"@type\":\"ReadAction\",\"target\":[\"https:\\\/\\\/folliamala.ch\\\/product\\\/wassermann-mala\\\/\"]}]},{\"@type\":\"ImageObject\",\"inLanguage\":\"fr-FR\",\"@id\":\"https:\\\/\\\/folliamala.ch\\\/product\\\/wassermann-mala\\\/#primaryimage\",\"url\":\"https:\\\/\\\/folliamala.ch\\\/wp-content\\\/uploads\\\/2022\\\/09\\\/Wassermann_o.jpg\",\"contentUrl\":\"https:\\\/\\\/folliamala.ch\\\/wp-content\\\/uploads\\\/2022\\\/09\\\/Wassermann_o.jpg\",\"width\":1000,\"height\":1000,\"caption\":\"Sternzeichen-Mala Kette Wassermann\"},{\"@type\":\"BreadcrumbList\",\"@id\":\"https:\\\/\\\/folliamala.ch\\\/product\\\/wassermann-mala\\\/#breadcrumb\",\"itemListElement\":[{\"@type\":\"ListItem\",\"position\":1,\"name\":\"Startseite\",\"item\":\"https:\\\/\\\/folliamala.ch\\\/\"},{\"@type\":\"ListItem\",\"position\":2,\"name\":\"Shop\",\"item\":\"https:\\\/\\\/folliamala.ch\\\/store\\\/\"},{\"@type\":\"ListItem\",\"position\":3,\"name\":\"Wassermann-Mala\"}]},{\"@type\":\"WebSite\",\"@id\":\"https:\\\/\\\/folliamala.ch\\\/#website\",\"url\":\"https:\\\/\\\/folliamala.ch\\\/\",\"name\":\"Folliamala\",\"description\":\"Mala Ketten &amp; Armb\u00e4nder\",\"publisher\":{\"@id\":\"https:\\\/\\\/folliamala.ch\\\/#organization\"},\"potentialAction\":[{\"@type\":\"SearchAction\",\"target\":{\"@type\":\"EntryPoint\",\"urlTemplate\":\"https:\\\/\\\/folliamala.ch\\\/?s={search_term_string}\"},\"query-input\":{\"@type\":\"PropertyValueSpecification\",\"valueRequired\":true,\"valueName\":\"search_term_string\"}}],\"inLanguage\":\"fr-FR\"},{\"@type\":\"Organization\",\"@id\":\"https:\\\/\\\/folliamala.ch\\\/#organization\",\"name\":\"Folliamala\",\"url\":\"https:\\\/\\\/folliamala.ch\\\/\",\"logo\":{\"@type\":\"ImageObject\",\"inLanguage\":\"fr-FR\",\"@id\":\"https:\\\/\\\/folliamala.ch\\\/#\\\/schema\\\/logo\\\/image\\\/\",\"url\":\"https:\\\/\\\/folliamala.ch\\\/wp-content\\\/uploads\\\/2021\\\/08\\\/folliamala_logo.png\",\"contentUrl\":\"https:\\\/\\\/folliamala.ch\\\/wp-content\\\/uploads\\\/2021\\\/08\\\/folliamala_logo.png\",\"width\":529,\"height\":109,\"caption\":\"Folliamala\"},\"image\":{\"@id\":\"https:\\\/\\\/folliamala.ch\\\/#\\\/schema\\\/logo\\\/image\\\/\"},\"sameAs\":[\"https:\\\/\\\/www.facebook.com\\\/folliamala\\\/\",\"https:\\\/\\\/www.instagram.com\\\/folliamala\\\/\",\"https:\\\/\\\/www.pinterest.de\\\/folliamala\\\/\"]}]}<\/script>\n<!-- \/ Yoast SEO plugin. -->","yoast_head_json":{"title":"Mala du Verseau - Folliamala","description":"Mala du Verseau, signe astrologique du Verseau. Tu es n\u00e9(e) entre le 20 janvier et le 19 f\u00e9vrier ? Alors c'est ton collier mala !","robots":{"index":"index","follow":"follow","max-snippet":"max-snippet:-1","max-image-preview":"max-image-preview:large","max-video-preview":"max-video-preview:-1"},"canonical":"https:\/\/folliamala.ch\/fr\/product\/wassermann-mala\/","og_locale":"fr_FR","og_type":"article","og_title":"Wassermann-Mala &#8211; Folliamala","og_description":"Wassermann-Mala, Sternzeichen Wassermann. Bist du zwischen dem 20. Januar und dem 19. Februar geboren? Dann ist das ist deine Mala Kette!","og_url":"https:\/\/folliamala.ch\/fr\/product\/wassermann-mala\/","og_site_name":"Folliamala","article_publisher":"https:\/\/www.facebook.com\/folliamala\/","article_modified_time":"2025-08-23T15:50:39+00:00","og_image":[{"width":1000,"height":1000,"url":"https:\/\/folliamala.ch\/wp-content\/uploads\/2022\/09\/Wassermann_o.jpg","type":"image\/jpeg"}],"twitter_card":"summary_large_image","twitter_misc":{"Dur\u00e9e de lecture estim\u00e9e":"1 minute"},"schema":{"@context":"https:\/\/schema.org","@graph":[{"@type":"WebPage","@id":"https:\/\/folliamala.ch\/product\/wassermann-mala\/","url":"https:\/\/folliamala.ch\/product\/wassermann-mala\/","name":"Mala du Verseau - Folliamala","isPartOf":{"@id":"https:\/\/folliamala.ch\/#website"},"primaryImageOfPage":{"@id":"https:\/\/folliamala.ch\/product\/wassermann-mala\/#primaryimage"},"image":{"@id":"https:\/\/folliamala.ch\/product\/wassermann-mala\/#primaryimage"},"thumbnailUrl":"https:\/\/folliamala.ch\/wp-content\/uploads\/2022\/09\/Wassermann_o.jpg","datePublished":"2022-09-03T20:55:02+00:00","dateModified":"2025-08-23T15:50:39+00:00","description":"Mala du Verseau, signe astrologique du Verseau. Tu es n\u00e9(e) entre le 20 janvier et le 19 f\u00e9vrier ? Alors c'est ton collier mala !","breadcrumb":{"@id":"https:\/\/folliamala.ch\/product\/wassermann-mala\/#breadcrumb"},"inLanguage":"fr-FR","potentialAction":[{"@type":"ReadAction","target":["https:\/\/folliamala.ch\/product\/wassermann-mala\/"]}]},{"@type":"ImageObject","inLanguage":"fr-FR","@id":"https:\/\/folliamala.ch\/product\/wassermann-mala\/#primaryimage","url":"https:\/\/folliamala.ch\/wp-content\/uploads\/2022\/09\/Wassermann_o.jpg","contentUrl":"https:\/\/folliamala.ch\/wp-content\/uploads\/2022\/09\/Wassermann_o.jpg","width":1000,"height":1000,"caption":"Sternzeichen-Mala Kette Wassermann"},{"@type":"BreadcrumbList","@id":"https:\/\/folliamala.ch\/product\/wassermann-mala\/#breadcrumb","itemListElement":[{"@type":"ListItem","position":1,"name":"Startseite","item":"https:\/\/folliamala.ch\/"},{"@type":"ListItem","position":2,"name":"Shop","item":"https:\/\/folliamala.ch\/store\/"},{"@type":"ListItem","position":3,"name":"Wassermann-Mala"}]},{"@type":"WebSite","@id":"https:\/\/folliamala.ch\/#website","url":"https:\/\/folliamala.ch\/","name":"Folliamala","description":"Malas et bracelets","publisher":{"@id":"https:\/\/folliamala.ch\/#organization"},"potentialAction":[{"@type":"SearchAction","target":{"@type":"EntryPoint","urlTemplate":"https:\/\/folliamala.ch\/?s={search_term_string}"},"query-input":{"@type":"PropertyValueSpecification","valueRequired":true,"valueName":"search_term_string"}}],"inLanguage":"fr-FR"},{"@type":"Organization","@id":"https:\/\/folliamala.ch\/#organization","name":"Folliamala","url":"https:\/\/folliamala.ch\/","logo":{"@type":"ImageObject","inLanguage":"fr-FR","@id":"https:\/\/folliamala.ch\/#\/schema\/logo\/image\/","url":"https:\/\/folliamala.ch\/wp-content\/uploads\/2021\/08\/folliamala_logo.png","contentUrl":"https:\/\/folliamala.ch\/wp-content\/uploads\/2021\/08\/folliamala_logo.png","width":529,"height":109,"caption":"Folliamala"},"image":{"@id":"https:\/\/folliamala.ch\/#\/schema\/logo\/image\/"},"sameAs":["https:\/\/www.facebook.com\/folliamala\/","https:\/\/www.instagram.com\/folliamala\/","https:\/\/www.pinterest.de\/folliamala\/"]}]}},"_links":{"self":[{"href":"https:\/\/folliamala.ch\/fr\/wp-json\/wp\/v2\/product\/6800","targetHints":{"allow":["GET"]}}],"collection":[{"href":"https:\/\/folliamala.ch\/fr\/wp-json\/wp\/v2\/product"}],"about":[{"href":"https:\/\/folliamala.ch\/fr\/wp-json\/wp\/v2\/types\/product"}],"version-history":[{"count":12,"href":"https:\/\/folliamala.ch\/fr\/wp-json\/wp\/v2\/product\/6800\/revisions"}],"predecessor-version":[{"id":9219,"href":"https:\/\/folliamala.ch\/fr\/wp-json\/wp\/v2\/product\/6800\/revisions\/9219"}],"wp:featuredmedia":[{"embeddable":true,"href":"https:\/\/folliamala.ch\/fr\/wp-json\/wp\/v2\/media\/6767"}],"wp:attachment":[{"href":"https:\/\/folliamala.ch\/fr\/wp-json\/wp\/v2\/media?parent=6800"}],"wp:term":[{"taxonomy":"product_brand","embeddable":true,"href":"https:\/\/folliamala.ch\/fr\/wp-json\/wp\/v2\/product_brand?post=6800"},{"taxonomy":"product_cat","embeddable":true,"href":"https:\/\/folliamala.ch\/fr\/wp-json\/wp\/v2\/product_cat?post=6800"},{"taxonomy":"product_tag","embeddable":true,"href":"https:\/\/folliamala.ch\/fr\/wp-json\/wp\/v2\/product_tag?post=6800"}],"curies":[{"name":"wp","href":"https:\/\/api.w.org\/{rel}","templated":true}]}}