{"id":6807,"date":"2022-09-03T22:50:39","date_gmt":"2022-09-03T20:50:39","guid":{"rendered":"https:\/\/folliamala.ch\/?post_type=product&#038;p=6807"},"modified":"2025-08-23T17:50:39","modified_gmt":"2025-08-23T15:50:39","slug":"fische-mala","status":"publish","type":"product","link":"https:\/\/folliamala.ch\/fr\/product\/fische-mala\/","title":{"rendered":"Mala des Poissons"},"content":{"rendered":"<p class=\"translation-block\"><strong><b>Mala li\u00e9 au signe astrologique des <\/b>Poissons<\/strong><\/p>\n<p><span style=\"font-weight: 400;\">Tu es n\u00e9-e entre le 20 f\u00e9vrier et le 20 mars ou tu es ascendant Poissons? Ce mala est fait pour toi.\u00a0<\/span><\/p>\n<p><span style=\"font-weight: 400;\">On dit des Poissons qu\u2019ils incarnent \u00e0 eux seuls les douze signes du zodiaque. C\u2019est un signe tr\u00e8s spirituel et en contact avec l\u2019univers. Extr\u00eamement compatissant, il accorde une grande importance \u00e0 faire ce qui est juste.\u00a0<\/span><span style=\"font-weight: 400;\">Les Poissons sont cr\u00e9atifs, g\u00e9n\u00e9ralement plus par le biais d\u2019un support visuel que par des mots, bien que leur forte intuition leur procure un avantage. Ce signe d\u2019eau est tr\u00e8s influen\u00e7able et r\u00e9ceptif. Il absorbe l\u2019\u00e9nergie de son environnement, les vibrations des personnes, des lieux et des choses. Il sait facilement s\u2019adapter aux nouvelles situations.<\/span><\/p>\n<h6><b>Caract\u00e9ristiques des Poissons<\/b><\/h6>\n<p><span style=\"font-weight: 400;\">Sensibles, influen\u00e7ables, extralucides, visionnaires, r\u00eaveurs, cr\u00e9atifs, imaginatifs, aimables, changeants, amicaux, charitables<\/span><\/p>\n<h6><b>Pierres pr\u00e9cieuses des Poissons<\/b><\/h6>\n<p class=\"translation-block\"><span style=\"font-weight: 400\">La <strong>fluorite<\/strong> \u00e9largit le champ de compr\u00e9hension et aide \u00e0 appr\u00e9hender des v\u00e9rit\u00e9s complexes. Si la personne qui la porte se  trouve dans une impasse, la fluorite peut r\u00e9tablir le sens des proportions et lui donner une vue d'ensemble de la situation.\u00a0<\/span><\/p>\n<p class=\"translation-block\"><span style=\"font-weight: 400\">Le <strong>quartz rose<\/strong> renforce sur le plan \u00e9motionnel. Il favorise la sensibilit\u00e9 et l\u2019empathie. Il veille \u00e0 ce que la personne qui le porte ne se perde pas dans des \u00e9motions fortes, en renfor\u00e7ant son envie et sa volont\u00e9 d\u2019atteindre les objectifs fix\u00e9s. Le quartz rose permet \u00e9galement de rester ouvert et r\u00e9ceptif \u00e0 d\u2019autres choses dans la vie. En outre, il aide \u00e0 rester en harmonie avec ses sentiments et \u00e0 surmonter les blessures.<\/span><\/p>\n<h6><b>Tu n\u2019es pas Poissons?<\/b><\/h6>\n<p class=\"translation-block\"><span style=\"font-weight: 400\">La <strong>fluorite<\/strong> est connue pour r\u00e9veiller les sentiments refoul\u00e9s et combattre l\u2019\u00e9troitesse d\u2019esprit. Elle augmente la r\u00e9ceptivit\u00e9 et la cr\u00e9ativit\u00e9, assure la clart\u00e9 et la compr\u00e9hension, aiguise le sens de l\u2019ordre. La fluorite verte favorise l\u2019intuition, sensibilise \u00e0 l\u2019amour et \u00e0 l\u2019amiti\u00e9.<\/span><\/p>\n<p class=\"translation-block\"><span style=\"font-weight: 400\">Le <strong>quartz rose<\/strong> est une pierre particuli\u00e8rement importante pour le c\u0153ur \u2013 elle apporte sensibilit\u00e9 et romantisme. C\u2019est la pierre des amoureux. Le c\u0153ur s\u2019ouvre. Mais cette pierre pr\u00e9cieuse procure \u00e9galement un sentiment d\u2019attachement spirituel et s\u2019utilise donc aussi dans les relations de longue dur\u00e9e. Gr\u00e2ce \u00e0 elle, une relation peut atteindre une nouvelle harmonie. En cas de chagrin d\u2019amour, le quartz rose emp\u00eache le c\u0153ur de se fermer et aide \u00e0 l\u00e2cher prise. L\u2019effet doux du quartz rose donne \u00e0 la personne qui le porte la confiance n\u00e9cessaire pour oser prendre un nouveau d\u00e9part.\u00a0<\/span><\/p>\n<h6><b>D\u00e9tails du mala<\/b><\/h6>\n<ul>\n<li style=\"font-weight: 400;\" aria-level=\"1\"><span style=\"font-weight: 400;\">108 perles: 24 quartz rose, 12 fluorites, 72 perles en \u00e9b\u00e8ne<\/span><\/li>\n<li style=\"font-weight: 400;\" aria-level=\"1\"><span style=\"font-weight: 400;\">Taille des perles: 8 mm<\/span><\/li>\n<li style=\"font-weight: 400;\" aria-level=\"1\"><span style=\"font-weight: 400;\">Perle de gourou: cristal de roche \u2013 de toutes les pierres, c\u2019est celle qui renforce le plus les \u00e9nergies.\u00a0<\/span><\/li>\n<li style=\"font-weight: 400;\" aria-level=\"1\"><span style=\"font-weight: 400;\">Nou\u00e9 avec du fil de soie pour garantir la solidit\u00e9 et la long\u00e9vit\u00e9 du collier<\/span><\/li>\n<li style=\"font-weight: 400;\" aria-level=\"1\"><span style=\"font-weight: 400;\">Taille: 105 cm de circonf\u00e9rence\u00a0<\/span><\/li>\n<li>Pendentif: pompon (sur demande, possibilit\u00e9 d'un pendentif argent\u00e9 ou dor\u00e9 en forme de fleur de vie)<\/li>\n<\/ul>","protected":false},"excerpt":{"rendered":"<p><span style=\"font-weight: 400;\">Quartz rose et fluorite<\/span><\/p>","protected":false},"featured_media":6749,"template":"","meta":{"site-sidebar-layout":"default","site-content-layout":"default","ast-site-content-layout":"default","site-content-style":"default","site-sidebar-style":"default","ast-global-header-display":"","ast-banner-title-visibility":"","ast-main-header-display":"","ast-hfb-above-header-display":"","ast-hfb-below-header-display":"","ast-hfb-mobile-header-display":"","site-post-title":"","ast-breadcrumbs-content":"","ast-featured-img":"","footer-sml-layout":"","ast-disable-related-posts":"","theme-transparent-header-meta":"default","adv-header-id-meta":"","stick-header-meta":"","header-above-stick-meta":"","header-main-stick-meta":"","header-below-stick-meta":"","astra-migrate-meta-layouts":"default","ast-page-background-enabled":"default","ast-page-background-meta":{"desktop":{"background-color":"","background-image":"","background-repeat":"repeat","background-position":"center center","background-size":"auto","background-attachment":"scroll","background-type":"","background-media":"","overlay-type":"","overlay-color":"","overlay-opacity":"","overlay-gradient":""},"tablet":{"background-color":"","background-image":"","background-repeat":"repeat","background-position":"center center","background-size":"auto","background-attachment":"scroll","background-type":"","background-media":"","overlay-type":"","overlay-color":"","overlay-opacity":"","overlay-gradient":""},"mobile":{"background-color":"","background-image":"","background-repeat":"repeat","background-position":"center center","background-size":"auto","background-attachment":"scroll","background-type":"","background-media":"","overlay-type":"","overlay-color":"","overlay-opacity":"","overlay-gradient":""}},"ast-content-background-meta":{"desktop":{"background-color":"var(--ast-global-color-5)","background-image":"","background-repeat":"repeat","background-position":"center center","background-size":"auto","background-attachment":"scroll","background-type":"","background-media":"","overlay-type":"","overlay-color":"","overlay-opacity":"","overlay-gradient":""},"tablet":{"background-color":"var(--ast-global-color-5)","background-image":"","background-repeat":"repeat","background-position":"center center","background-size":"auto","background-attachment":"scroll","background-type":"","background-media":"","overlay-type":"","overlay-color":"","overlay-opacity":"","overlay-gradient":""},"mobile":{"background-color":"var(--ast-global-color-5)","background-image":"","background-repeat":"repeat","background-position":"center center","background-size":"auto","background-attachment":"scroll","background-type":"","background-media":"","overlay-type":"","overlay-color":"","overlay-opacity":"","overlay-gradient":""}},"_glsr_average":0,"_glsr_ranking":0,"_glsr_reviews":0},"product_brand":[224],"product_cat":[172,27],"product_tag":[122,184,186],"class_list":{"0":"post-6807","1":"product","2":"type-product","3":"status-publish","4":"has-post-thumbnail","6":"product_brand-folliamala","7":"product_cat-zodiaco","8":"product_cat-traditionelle-malaketten","9":"product_tag-fluorit","10":"product_tag-holz","11":"product_tag-rosenquarz","12":"desktop-align-center","13":"tablet-align-left","14":"mobile-align-left","16":"first","17":"instock","18":"sold-individually","19":"shipping-taxable","20":"purchasable","21":"product-type-simple","22":"wpzoom-wc-spi-has-enabled"},"yoast_head":"<!-- This site is optimized with the Yoast SEO plugin v27.4 - https:\/\/yoast.com\/product\/yoast-seo-wordpress\/ -->\n<title>Fische-Mala &#8211; Folliamala Fische-Mala<\/title>\n<meta name=\"description\" content=\"Fische-Mala, Sternzeichen Fische. Bist du zwischen dem 20. Februar und dem 20. M\u00e4rz geboren oder hast Fische im Aszendent? Dann ist das ist deine Mala!\" \/>\n<meta name=\"robots\" content=\"index, follow, max-snippet:-1, max-image-preview:large, max-video-preview:-1\" \/>\n<link rel=\"canonical\" href=\"https:\/\/folliamala.ch\/fr\/product\/fische-mala\/\" \/>\n<meta property=\"og:locale\" content=\"fr_FR\" \/>\n<meta property=\"og:type\" content=\"article\" \/>\n<meta property=\"og:title\" content=\"Fische-Mala &#8211; Folliamala Fische-Mala\" \/>\n<meta property=\"og:description\" content=\"Fische-Mala, Sternzeichen Fische. Bist du zwischen dem 20. Februar und dem 20. M\u00e4rz geboren oder hast Fische im Aszendent? Dann ist das ist deine Mala!\" \/>\n<meta property=\"og:url\" content=\"https:\/\/folliamala.ch\/fr\/product\/fische-mala\/\" \/>\n<meta property=\"og:site_name\" content=\"Folliamala\" \/>\n<meta property=\"article:publisher\" content=\"https:\/\/www.facebook.com\/folliamala\/\" \/>\n<meta property=\"article:modified_time\" content=\"2025-08-23T15:50:39+00:00\" \/>\n<meta property=\"og:image\" content=\"https:\/\/folliamala.ch\/wp-content\/uploads\/2022\/09\/Fische_o.jpg\" \/>\n\t<meta property=\"og:image:width\" content=\"1000\" \/>\n\t<meta property=\"og:image:height\" content=\"1000\" \/>\n\t<meta property=\"og:image:type\" content=\"image\/jpeg\" \/>\n<meta name=\"twitter:card\" content=\"summary_large_image\" \/>\n<meta name=\"twitter:label1\" content=\"Dur\u00e9e de lecture estim\u00e9e\" \/>\n\t<meta name=\"twitter:data1\" content=\"1 minute\" \/>\n<script type=\"application\/ld+json\" class=\"yoast-schema-graph\">{\"@context\":\"https:\\\/\\\/schema.org\",\"@graph\":[{\"@type\":\"WebPage\",\"@id\":\"https:\\\/\\\/folliamala.ch\\\/product\\\/fische-mala\\\/\",\"url\":\"https:\\\/\\\/folliamala.ch\\\/product\\\/fische-mala\\\/\",\"name\":\"Fische-Mala &#8211; Folliamala Fische-Mala\",\"isPartOf\":{\"@id\":\"https:\\\/\\\/folliamala.ch\\\/#website\"},\"primaryImageOfPage\":{\"@id\":\"https:\\\/\\\/folliamala.ch\\\/product\\\/fische-mala\\\/#primaryimage\"},\"image\":{\"@id\":\"https:\\\/\\\/folliamala.ch\\\/product\\\/fische-mala\\\/#primaryimage\"},\"thumbnailUrl\":\"https:\\\/\\\/folliamala.ch\\\/wp-content\\\/uploads\\\/2022\\\/09\\\/Fische_o.jpg\",\"datePublished\":\"2022-09-03T20:50:39+00:00\",\"dateModified\":\"2025-08-23T15:50:39+00:00\",\"description\":\"Fische-Mala, Sternzeichen Fische. Bist du zwischen dem 20. Februar und dem 20. M\u00e4rz geboren oder hast Fische im Aszendent? Dann ist das ist deine Mala!\",\"breadcrumb\":{\"@id\":\"https:\\\/\\\/folliamala.ch\\\/product\\\/fische-mala\\\/#breadcrumb\"},\"inLanguage\":\"fr-FR\",\"potentialAction\":[{\"@type\":\"ReadAction\",\"target\":[\"https:\\\/\\\/folliamala.ch\\\/product\\\/fische-mala\\\/\"]}]},{\"@type\":\"ImageObject\",\"inLanguage\":\"fr-FR\",\"@id\":\"https:\\\/\\\/folliamala.ch\\\/product\\\/fische-mala\\\/#primaryimage\",\"url\":\"https:\\\/\\\/folliamala.ch\\\/wp-content\\\/uploads\\\/2022\\\/09\\\/Fische_o.jpg\",\"contentUrl\":\"https:\\\/\\\/folliamala.ch\\\/wp-content\\\/uploads\\\/2022\\\/09\\\/Fische_o.jpg\",\"width\":1000,\"height\":1000,\"caption\":\"Sternzeichen-Mala Kette Fische\"},{\"@type\":\"BreadcrumbList\",\"@id\":\"https:\\\/\\\/folliamala.ch\\\/product\\\/fische-mala\\\/#breadcrumb\",\"itemListElement\":[{\"@type\":\"ListItem\",\"position\":1,\"name\":\"Startseite\",\"item\":\"https:\\\/\\\/folliamala.ch\\\/\"},{\"@type\":\"ListItem\",\"position\":2,\"name\":\"Shop\",\"item\":\"https:\\\/\\\/folliamala.ch\\\/store\\\/\"},{\"@type\":\"ListItem\",\"position\":3,\"name\":\"Fische-Mala\"}]},{\"@type\":\"WebSite\",\"@id\":\"https:\\\/\\\/folliamala.ch\\\/#website\",\"url\":\"https:\\\/\\\/folliamala.ch\\\/\",\"name\":\"Folliamala\",\"description\":\"Mala Ketten &amp; Armb\u00e4nder\",\"publisher\":{\"@id\":\"https:\\\/\\\/folliamala.ch\\\/#organization\"},\"potentialAction\":[{\"@type\":\"SearchAction\",\"target\":{\"@type\":\"EntryPoint\",\"urlTemplate\":\"https:\\\/\\\/folliamala.ch\\\/?s={search_term_string}\"},\"query-input\":{\"@type\":\"PropertyValueSpecification\",\"valueRequired\":true,\"valueName\":\"search_term_string\"}}],\"inLanguage\":\"fr-FR\"},{\"@type\":\"Organization\",\"@id\":\"https:\\\/\\\/folliamala.ch\\\/#organization\",\"name\":\"Folliamala\",\"url\":\"https:\\\/\\\/folliamala.ch\\\/\",\"logo\":{\"@type\":\"ImageObject\",\"inLanguage\":\"fr-FR\",\"@id\":\"https:\\\/\\\/folliamala.ch\\\/#\\\/schema\\\/logo\\\/image\\\/\",\"url\":\"https:\\\/\\\/folliamala.ch\\\/wp-content\\\/uploads\\\/2021\\\/08\\\/folliamala_logo.png\",\"contentUrl\":\"https:\\\/\\\/folliamala.ch\\\/wp-content\\\/uploads\\\/2021\\\/08\\\/folliamala_logo.png\",\"width\":529,\"height\":109,\"caption\":\"Folliamala\"},\"image\":{\"@id\":\"https:\\\/\\\/folliamala.ch\\\/#\\\/schema\\\/logo\\\/image\\\/\"},\"sameAs\":[\"https:\\\/\\\/www.facebook.com\\\/folliamala\\\/\",\"https:\\\/\\\/www.instagram.com\\\/folliamala\\\/\",\"https:\\\/\\\/www.pinterest.de\\\/folliamala\\\/\"]}]}<\/script>\n<!-- \/ Yoast SEO plugin. -->","yoast_head_json":{"title":"Poissons-Mala - Folliamala Poissons-Mala","description":"Mala des Poissons, signe astrologique des Poissons. Tu es n\u00e9 entre le 20 f\u00e9vrier et le 20 mars ou tu as les Poissons \u00e0 l'ascendant ? Alors c'est ton mala !","robots":{"index":"index","follow":"follow","max-snippet":"max-snippet:-1","max-image-preview":"max-image-preview:large","max-video-preview":"max-video-preview:-1"},"canonical":"https:\/\/folliamala.ch\/fr\/product\/fische-mala\/","og_locale":"fr_FR","og_type":"article","og_title":"Fische-Mala &#8211; Folliamala Fische-Mala","og_description":"Fische-Mala, Sternzeichen Fische. Bist du zwischen dem 20. Februar und dem 20. M\u00e4rz geboren oder hast Fische im Aszendent? Dann ist das ist deine Mala!","og_url":"https:\/\/folliamala.ch\/fr\/product\/fische-mala\/","og_site_name":"Folliamala","article_publisher":"https:\/\/www.facebook.com\/folliamala\/","article_modified_time":"2025-08-23T15:50:39+00:00","og_image":[{"width":1000,"height":1000,"url":"https:\/\/folliamala.ch\/wp-content\/uploads\/2022\/09\/Fische_o.jpg","type":"image\/jpeg"}],"twitter_card":"summary_large_image","twitter_misc":{"Dur\u00e9e de lecture estim\u00e9e":"1 minute"},"schema":{"@context":"https:\/\/schema.org","@graph":[{"@type":"WebPage","@id":"https:\/\/folliamala.ch\/product\/fische-mala\/","url":"https:\/\/folliamala.ch\/product\/fische-mala\/","name":"Poissons-Mala - Folliamala Poissons-Mala","isPartOf":{"@id":"https:\/\/folliamala.ch\/#website"},"primaryImageOfPage":{"@id":"https:\/\/folliamala.ch\/product\/fische-mala\/#primaryimage"},"image":{"@id":"https:\/\/folliamala.ch\/product\/fische-mala\/#primaryimage"},"thumbnailUrl":"https:\/\/folliamala.ch\/wp-content\/uploads\/2022\/09\/Fische_o.jpg","datePublished":"2022-09-03T20:50:39+00:00","dateModified":"2025-08-23T15:50:39+00:00","description":"Mala des Poissons, signe astrologique des Poissons. Tu es n\u00e9 entre le 20 f\u00e9vrier et le 20 mars ou tu as les Poissons \u00e0 l'ascendant ? Alors c'est ton mala !","breadcrumb":{"@id":"https:\/\/folliamala.ch\/product\/fische-mala\/#breadcrumb"},"inLanguage":"fr-FR","potentialAction":[{"@type":"ReadAction","target":["https:\/\/folliamala.ch\/product\/fische-mala\/"]}]},{"@type":"ImageObject","inLanguage":"fr-FR","@id":"https:\/\/folliamala.ch\/product\/fische-mala\/#primaryimage","url":"https:\/\/folliamala.ch\/wp-content\/uploads\/2022\/09\/Fische_o.jpg","contentUrl":"https:\/\/folliamala.ch\/wp-content\/uploads\/2022\/09\/Fische_o.jpg","width":1000,"height":1000,"caption":"Sternzeichen-Mala Kette Fische"},{"@type":"BreadcrumbList","@id":"https:\/\/folliamala.ch\/product\/fische-mala\/#breadcrumb","itemListElement":[{"@type":"ListItem","position":1,"name":"Startseite","item":"https:\/\/folliamala.ch\/"},{"@type":"ListItem","position":2,"name":"Shop","item":"https:\/\/folliamala.ch\/store\/"},{"@type":"ListItem","position":3,"name":"Fische-Mala"}]},{"@type":"WebSite","@id":"https:\/\/folliamala.ch\/#website","url":"https:\/\/folliamala.ch\/","name":"Folliamala","description":"Malas et bracelets","publisher":{"@id":"https:\/\/folliamala.ch\/#organization"},"potentialAction":[{"@type":"SearchAction","target":{"@type":"EntryPoint","urlTemplate":"https:\/\/folliamala.ch\/?s={search_term_string}"},"query-input":{"@type":"PropertyValueSpecification","valueRequired":true,"valueName":"search_term_string"}}],"inLanguage":"fr-FR"},{"@type":"Organization","@id":"https:\/\/folliamala.ch\/#organization","name":"Folliamala","url":"https:\/\/folliamala.ch\/","logo":{"@type":"ImageObject","inLanguage":"fr-FR","@id":"https:\/\/folliamala.ch\/#\/schema\/logo\/image\/","url":"https:\/\/folliamala.ch\/wp-content\/uploads\/2021\/08\/folliamala_logo.png","contentUrl":"https:\/\/folliamala.ch\/wp-content\/uploads\/2021\/08\/folliamala_logo.png","width":529,"height":109,"caption":"Folliamala"},"image":{"@id":"https:\/\/folliamala.ch\/#\/schema\/logo\/image\/"},"sameAs":["https:\/\/www.facebook.com\/folliamala\/","https:\/\/www.instagram.com\/folliamala\/","https:\/\/www.pinterest.de\/folliamala\/"]}]}},"_links":{"self":[{"href":"https:\/\/folliamala.ch\/fr\/wp-json\/wp\/v2\/product\/6807","targetHints":{"allow":["GET"]}}],"collection":[{"href":"https:\/\/folliamala.ch\/fr\/wp-json\/wp\/v2\/product"}],"about":[{"href":"https:\/\/folliamala.ch\/fr\/wp-json\/wp\/v2\/types\/product"}],"version-history":[{"count":10,"href":"https:\/\/folliamala.ch\/fr\/wp-json\/wp\/v2\/product\/6807\/revisions"}],"predecessor-version":[{"id":9220,"href":"https:\/\/folliamala.ch\/fr\/wp-json\/wp\/v2\/product\/6807\/revisions\/9220"}],"wp:featuredmedia":[{"embeddable":true,"href":"https:\/\/folliamala.ch\/fr\/wp-json\/wp\/v2\/media\/6749"}],"wp:attachment":[{"href":"https:\/\/folliamala.ch\/fr\/wp-json\/wp\/v2\/media?parent=6807"}],"wp:term":[{"taxonomy":"product_brand","embeddable":true,"href":"https:\/\/folliamala.ch\/fr\/wp-json\/wp\/v2\/product_brand?post=6807"},{"taxonomy":"product_cat","embeddable":true,"href":"https:\/\/folliamala.ch\/fr\/wp-json\/wp\/v2\/product_cat?post=6807"},{"taxonomy":"product_tag","embeddable":true,"href":"https:\/\/folliamala.ch\/fr\/wp-json\/wp\/v2\/product_tag?post=6807"}],"curies":[{"name":"wp","href":"https:\/\/api.w.org\/{rel}","templated":true}]}}