{"id":8350,"date":"2022-09-03T23:44:47","date_gmt":"2022-09-03T21:44:47","guid":{"rendered":"https:\/\/folliamala.ch\/?post_type=product&#038;p=8350"},"modified":"2025-12-22T13:55:17","modified_gmt":"2025-12-22T11:55:17","slug":"widder-armband","status":"publish","type":"product","link":"https:\/\/folliamala.ch\/fr\/product\/widder-armband\/","title":{"rendered":"Bracelet du B\u00e9lier"},"content":{"rendered":"<p><b>Bracelet li\u00e9 au signe astrologique du B\u00e9lier\u00a0<\/b><\/p>\n<p><span style=\"font-weight: 400;\">Tu es n\u00e9(e) entre le 21 mars et le 20 avril ou tu as le B\u00e9lier \u00e0 l'ascendant ? Ce bracelet B\u00e9lier est fait pour toi. <\/span><\/p>\n<p><span style=\"font-weight: 400;\">Le B\u00e9lier est un leader. Il est \u00e9nergique, actif et motiv\u00e9. Il veut \u00eatre le premier et le meilleur, et y parvient souvent. Son point fort? La concentration, aussi bien dans sa vie priv\u00e9e que dans sa vie professionnelle. <\/span><span style=\"font-weight: 400;\">Qu\u2019il ait 20, 50 ou 90 ans, il est plein d'\u00e9lan et capable de commencer une toute nouvelle vie \u00e0 chaque instant. Son grand enthousiasme lui permet d\u2019atteindre ses objectifs et de mobiliser des ressources in\u00e9puisables pour y parvenir. Loyal et chaleureux, le B\u00e9lier a \u00e9galement le sens de la famille et de l\u2019amiti\u00e9.<\/span><\/p>\n<h6><b>Caract\u00e9ristiques du B\u00e9lier<\/b><\/h6>\n<p><span style=\"font-weight: 400;\">Capable de s\u2019affirmer, agressif, leader, dynamique, pionnier, s\u00fbr de lui, impatient, \u00e9nergique, aventurier.<\/span><\/p>\n<h6><b>Pierres pr\u00e9cieuses du B\u00e9lier<\/b><\/h6>\n<p class=\"translation-block\">Le <b>grenat<\/b><span style=\"font-weight: 400\"> est une pierre importante pour ce signe. Elle favorise l\u2019\u00e9nergie et le dynamisme, sans rendre ce signe exub\u00e9rant. Elle lui procure endurance et r\u00e9sistance et l\u2019aide \u00e0 adopter d\u2019autres perspectives.\u00a0<\/span><\/p>\n<h6><b>D\u00e9tails du bracelet<\/b><\/h6>\n<ul>\n<li style=\"font-weight: 400;\" aria-level=\"1\"><span style=\"font-weight: 400;\">Taille des perles : 6 mm<\/span><\/li>\n<li aria-level=\"1\">Avec petit pendentif signe astrologique du b\u00e9lier<\/li>\n<li style=\"font-weight: 400;\" aria-level=\"1\">Mont\u00e9 sur une bande extensible durable pour un confort optimal<\/li>\n<li style=\"font-weight: 400;\" aria-level=\"1\">\u00a0Convient en standard \u00e0 une circonf\u00e9rence de poignet de 16-17cm<\/li>\n<\/ul>","protected":false},"excerpt":{"rendered":"<p><span style=\"font-weight: 400;\">Grenat rouge<\/span><\/p>","protected":false},"featured_media":14092,"template":"","meta":{"site-sidebar-layout":"default","site-content-layout":"default","ast-site-content-layout":"default","site-content-style":"default","site-sidebar-style":"default","ast-global-header-display":"","ast-banner-title-visibility":"","ast-main-header-display":"","ast-hfb-above-header-display":"","ast-hfb-below-header-display":"","ast-hfb-mobile-header-display":"","site-post-title":"","ast-breadcrumbs-content":"","ast-featured-img":"","footer-sml-layout":"","ast-disable-related-posts":"","theme-transparent-header-meta":"default","adv-header-id-meta":"","stick-header-meta":"","header-above-stick-meta":"","header-main-stick-meta":"","header-below-stick-meta":"","astra-migrate-meta-layouts":"set","ast-page-background-enabled":"default","ast-page-background-meta":{"desktop":{"background-color":"","background-image":"","background-repeat":"repeat","background-position":"center center","background-size":"auto","background-attachment":"scroll","background-type":"","background-media":"","overlay-type":"","overlay-color":"","overlay-opacity":"","overlay-gradient":""},"tablet":{"background-color":"","background-image":"","background-repeat":"repeat","background-position":"center center","background-size":"auto","background-attachment":"scroll","background-type":"","background-media":"","overlay-type":"","overlay-color":"","overlay-opacity":"","overlay-gradient":""},"mobile":{"background-color":"","background-image":"","background-repeat":"repeat","background-position":"center center","background-size":"auto","background-attachment":"scroll","background-type":"","background-media":"","overlay-type":"","overlay-color":"","overlay-opacity":"","overlay-gradient":""}},"ast-content-background-meta":{"desktop":{"background-color":"var(--ast-global-color-5)","background-image":"","background-repeat":"repeat","background-position":"center center","background-size":"auto","background-attachment":"scroll","background-type":"","background-media":"","overlay-type":"","overlay-color":"","overlay-opacity":"","overlay-gradient":""},"tablet":{"background-color":"var(--ast-global-color-5)","background-image":"","background-repeat":"repeat","background-position":"center center","background-size":"auto","background-attachment":"scroll","background-type":"","background-media":"","overlay-type":"","overlay-color":"","overlay-opacity":"","overlay-gradient":""},"mobile":{"background-color":"var(--ast-global-color-5)","background-image":"","background-repeat":"repeat","background-position":"center center","background-size":"auto","background-attachment":"scroll","background-type":"","background-media":"","overlay-type":"","overlay-color":"","overlay-opacity":"","overlay-gradient":""}},"_glsr_average":0,"_glsr_ranking":0,"_glsr_reviews":0},"product_brand":[224],"product_cat":[127,172],"product_tag":[173],"class_list":{"0":"post-8350","1":"product","2":"type-product","3":"status-publish","4":"has-post-thumbnail","6":"product_brand-folliamala","7":"product_cat-armband","8":"product_cat-zodiaco","9":"product_tag-granat","10":"desktop-align-center","11":"tablet-align-left","12":"mobile-align-left","14":"first","15":"instock","16":"shipping-taxable","17":"purchasable","18":"product-type-simple","19":"wpzoom-wc-spi-has-enabled"},"yoast_head":"<!-- This site is optimized with the Yoast SEO plugin v27.4 - https:\/\/yoast.com\/product\/yoast-seo-wordpress\/ -->\n<title>Widder-Armband &#8211; Folliamala<\/title>\n<meta name=\"description\" content=\"Widder-Armband f\u00fcr das Sternzeichen Widder.\u00a0Bist du zwischen dem 20. M\u00e4rz und den 19. April geboren oder hast du den Widder im Aszendent?\" \/>\n<meta name=\"robots\" content=\"index, follow, max-snippet:-1, max-image-preview:large, max-video-preview:-1\" \/>\n<link rel=\"canonical\" href=\"https:\/\/folliamala.ch\/fr\/product\/widder-armband\/\" \/>\n<meta property=\"og:locale\" content=\"fr_FR\" \/>\n<meta property=\"og:type\" content=\"article\" \/>\n<meta property=\"og:title\" content=\"Widder-Armband &#8211; Folliamala\" \/>\n<meta property=\"og:description\" content=\"Widder-Armband f\u00fcr das Sternzeichen Widder.\u00a0Bist du zwischen dem 20. M\u00e4rz und den 19. April geboren oder hast du den Widder im Aszendent?\" \/>\n<meta property=\"og:url\" content=\"https:\/\/folliamala.ch\/fr\/product\/widder-armband\/\" \/>\n<meta property=\"og:site_name\" content=\"Folliamala\" \/>\n<meta property=\"article:publisher\" content=\"https:\/\/www.facebook.com\/folliamala\/\" \/>\n<meta property=\"article:modified_time\" content=\"2025-12-22T11:55:17+00:00\" \/>\n<meta property=\"og:image\" content=\"https:\/\/folliamala.ch\/wp-content\/uploads\/2022\/09\/Widder_Armband_v.webp\" \/>\n\t<meta property=\"og:image:width\" content=\"1000\" \/>\n\t<meta property=\"og:image:height\" content=\"1000\" \/>\n\t<meta property=\"og:image:type\" content=\"image\/webp\" \/>\n<meta name=\"twitter:card\" content=\"summary_large_image\" \/>\n<meta name=\"twitter:label1\" content=\"Dur\u00e9e de lecture estim\u00e9e\" \/>\n\t<meta name=\"twitter:data1\" content=\"1 minute\" \/>\n<script type=\"application\/ld+json\" class=\"yoast-schema-graph\">{\"@context\":\"https:\\\/\\\/schema.org\",\"@graph\":[{\"@type\":\"WebPage\",\"@id\":\"https:\\\/\\\/folliamala.ch\\\/product\\\/widder-armband\\\/\",\"url\":\"https:\\\/\\\/folliamala.ch\\\/product\\\/widder-armband\\\/\",\"name\":\"Widder-Armband &#8211; Folliamala\",\"isPartOf\":{\"@id\":\"https:\\\/\\\/folliamala.ch\\\/#website\"},\"primaryImageOfPage\":{\"@id\":\"https:\\\/\\\/folliamala.ch\\\/product\\\/widder-armband\\\/#primaryimage\"},\"image\":{\"@id\":\"https:\\\/\\\/folliamala.ch\\\/product\\\/widder-armband\\\/#primaryimage\"},\"thumbnailUrl\":\"https:\\\/\\\/folliamala.ch\\\/wp-content\\\/uploads\\\/2022\\\/09\\\/Widder_Armband_v.webp\",\"datePublished\":\"2022-09-03T21:44:47+00:00\",\"dateModified\":\"2025-12-22T11:55:17+00:00\",\"description\":\"Widder-Armband f\u00fcr das Sternzeichen Widder.\u00a0Bist du zwischen dem 20. M\u00e4rz und den 19. April geboren oder hast du den Widder im Aszendent?\",\"breadcrumb\":{\"@id\":\"https:\\\/\\\/folliamala.ch\\\/product\\\/widder-armband\\\/#breadcrumb\"},\"inLanguage\":\"fr-FR\",\"potentialAction\":[{\"@type\":\"ReadAction\",\"target\":[\"https:\\\/\\\/folliamala.ch\\\/product\\\/widder-armband\\\/\"]}]},{\"@type\":\"ImageObject\",\"inLanguage\":\"fr-FR\",\"@id\":\"https:\\\/\\\/folliamala.ch\\\/product\\\/widder-armband\\\/#primaryimage\",\"url\":\"https:\\\/\\\/folliamala.ch\\\/wp-content\\\/uploads\\\/2022\\\/09\\\/Widder_Armband_v.webp\",\"contentUrl\":\"https:\\\/\\\/folliamala.ch\\\/wp-content\\\/uploads\\\/2022\\\/09\\\/Widder_Armband_v.webp\",\"width\":1000,\"height\":1000,\"caption\":\"Sternzeichen-Armband Widder\"},{\"@type\":\"BreadcrumbList\",\"@id\":\"https:\\\/\\\/folliamala.ch\\\/product\\\/widder-armband\\\/#breadcrumb\",\"itemListElement\":[{\"@type\":\"ListItem\",\"position\":1,\"name\":\"Startseite\",\"item\":\"https:\\\/\\\/folliamala.ch\\\/\"},{\"@type\":\"ListItem\",\"position\":2,\"name\":\"Shop\",\"item\":\"https:\\\/\\\/folliamala.ch\\\/store\\\/\"},{\"@type\":\"ListItem\",\"position\":3,\"name\":\"Widder-Armband\"}]},{\"@type\":\"WebSite\",\"@id\":\"https:\\\/\\\/folliamala.ch\\\/#website\",\"url\":\"https:\\\/\\\/folliamala.ch\\\/\",\"name\":\"Folliamala\",\"description\":\"Mala Ketten &amp; Armb\u00e4nder\",\"publisher\":{\"@id\":\"https:\\\/\\\/folliamala.ch\\\/#organization\"},\"potentialAction\":[{\"@type\":\"SearchAction\",\"target\":{\"@type\":\"EntryPoint\",\"urlTemplate\":\"https:\\\/\\\/folliamala.ch\\\/?s={search_term_string}\"},\"query-input\":{\"@type\":\"PropertyValueSpecification\",\"valueRequired\":true,\"valueName\":\"search_term_string\"}}],\"inLanguage\":\"fr-FR\"},{\"@type\":\"Organization\",\"@id\":\"https:\\\/\\\/folliamala.ch\\\/#organization\",\"name\":\"Folliamala\",\"url\":\"https:\\\/\\\/folliamala.ch\\\/\",\"logo\":{\"@type\":\"ImageObject\",\"inLanguage\":\"fr-FR\",\"@id\":\"https:\\\/\\\/folliamala.ch\\\/#\\\/schema\\\/logo\\\/image\\\/\",\"url\":\"https:\\\/\\\/folliamala.ch\\\/wp-content\\\/uploads\\\/2021\\\/08\\\/folliamala_logo.png\",\"contentUrl\":\"https:\\\/\\\/folliamala.ch\\\/wp-content\\\/uploads\\\/2021\\\/08\\\/folliamala_logo.png\",\"width\":529,\"height\":109,\"caption\":\"Folliamala\"},\"image\":{\"@id\":\"https:\\\/\\\/folliamala.ch\\\/#\\\/schema\\\/logo\\\/image\\\/\"},\"sameAs\":[\"https:\\\/\\\/www.facebook.com\\\/folliamala\\\/\",\"https:\\\/\\\/www.instagram.com\\\/folliamala\\\/\",\"https:\\\/\\\/www.pinterest.de\\\/folliamala\\\/\"]}]}<\/script>\n<!-- \/ Yoast SEO plugin. -->","yoast_head_json":{"title":"Bracelet b\u00e9lier - Folliamala","description":"Bracelet B\u00e9lier pour le signe astrologique du B\u00e9lier. Tu es n\u00e9(e) entre le 20 mars et le 19 avril ou tu as le B\u00e9lier \u00e0 l'ascendant ?","robots":{"index":"index","follow":"follow","max-snippet":"max-snippet:-1","max-image-preview":"max-image-preview:large","max-video-preview":"max-video-preview:-1"},"canonical":"https:\/\/folliamala.ch\/fr\/product\/widder-armband\/","og_locale":"fr_FR","og_type":"article","og_title":"Widder-Armband &#8211; Folliamala","og_description":"Widder-Armband f\u00fcr das Sternzeichen Widder.\u00a0Bist du zwischen dem 20. M\u00e4rz und den 19. April geboren oder hast du den Widder im Aszendent?","og_url":"https:\/\/folliamala.ch\/fr\/product\/widder-armband\/","og_site_name":"Folliamala","article_publisher":"https:\/\/www.facebook.com\/folliamala\/","article_modified_time":"2025-12-22T11:55:17+00:00","og_image":[{"width":1000,"height":1000,"url":"https:\/\/folliamala.ch\/wp-content\/uploads\/2022\/09\/Widder_Armband_v.webp","type":"image\/webp"}],"twitter_card":"summary_large_image","twitter_misc":{"Dur\u00e9e de lecture estim\u00e9e":"1 minute"},"schema":{"@context":"https:\/\/schema.org","@graph":[{"@type":"WebPage","@id":"https:\/\/folliamala.ch\/product\/widder-armband\/","url":"https:\/\/folliamala.ch\/product\/widder-armband\/","name":"Bracelet b\u00e9lier - Folliamala","isPartOf":{"@id":"https:\/\/folliamala.ch\/#website"},"primaryImageOfPage":{"@id":"https:\/\/folliamala.ch\/product\/widder-armband\/#primaryimage"},"image":{"@id":"https:\/\/folliamala.ch\/product\/widder-armband\/#primaryimage"},"thumbnailUrl":"https:\/\/folliamala.ch\/wp-content\/uploads\/2022\/09\/Widder_Armband_v.webp","datePublished":"2022-09-03T21:44:47+00:00","dateModified":"2025-12-22T11:55:17+00:00","description":"Bracelet B\u00e9lier pour le signe astrologique du B\u00e9lier. Tu es n\u00e9(e) entre le 20 mars et le 19 avril ou tu as le B\u00e9lier \u00e0 l'ascendant ?","breadcrumb":{"@id":"https:\/\/folliamala.ch\/product\/widder-armband\/#breadcrumb"},"inLanguage":"fr-FR","potentialAction":[{"@type":"ReadAction","target":["https:\/\/folliamala.ch\/product\/widder-armband\/"]}]},{"@type":"ImageObject","inLanguage":"fr-FR","@id":"https:\/\/folliamala.ch\/product\/widder-armband\/#primaryimage","url":"https:\/\/folliamala.ch\/wp-content\/uploads\/2022\/09\/Widder_Armband_v.webp","contentUrl":"https:\/\/folliamala.ch\/wp-content\/uploads\/2022\/09\/Widder_Armband_v.webp","width":1000,"height":1000,"caption":"Sternzeichen-Armband Widder"},{"@type":"BreadcrumbList","@id":"https:\/\/folliamala.ch\/product\/widder-armband\/#breadcrumb","itemListElement":[{"@type":"ListItem","position":1,"name":"Startseite","item":"https:\/\/folliamala.ch\/"},{"@type":"ListItem","position":2,"name":"Shop","item":"https:\/\/folliamala.ch\/store\/"},{"@type":"ListItem","position":3,"name":"Widder-Armband"}]},{"@type":"WebSite","@id":"https:\/\/folliamala.ch\/#website","url":"https:\/\/folliamala.ch\/","name":"Folliamala","description":"Malas et bracelets","publisher":{"@id":"https:\/\/folliamala.ch\/#organization"},"potentialAction":[{"@type":"SearchAction","target":{"@type":"EntryPoint","urlTemplate":"https:\/\/folliamala.ch\/?s={search_term_string}"},"query-input":{"@type":"PropertyValueSpecification","valueRequired":true,"valueName":"search_term_string"}}],"inLanguage":"fr-FR"},{"@type":"Organization","@id":"https:\/\/folliamala.ch\/#organization","name":"Folliamala","url":"https:\/\/folliamala.ch\/","logo":{"@type":"ImageObject","inLanguage":"fr-FR","@id":"https:\/\/folliamala.ch\/#\/schema\/logo\/image\/","url":"https:\/\/folliamala.ch\/wp-content\/uploads\/2021\/08\/folliamala_logo.png","contentUrl":"https:\/\/folliamala.ch\/wp-content\/uploads\/2021\/08\/folliamala_logo.png","width":529,"height":109,"caption":"Folliamala"},"image":{"@id":"https:\/\/folliamala.ch\/#\/schema\/logo\/image\/"},"sameAs":["https:\/\/www.facebook.com\/folliamala\/","https:\/\/www.instagram.com\/folliamala\/","https:\/\/www.pinterest.de\/folliamala\/"]}]}},"_links":{"self":[{"href":"https:\/\/folliamala.ch\/fr\/wp-json\/wp\/v2\/product\/8350","targetHints":{"allow":["GET"]}}],"collection":[{"href":"https:\/\/folliamala.ch\/fr\/wp-json\/wp\/v2\/product"}],"about":[{"href":"https:\/\/folliamala.ch\/fr\/wp-json\/wp\/v2\/types\/product"}],"version-history":[{"count":6,"href":"https:\/\/folliamala.ch\/fr\/wp-json\/wp\/v2\/product\/8350\/revisions"}],"predecessor-version":[{"id":14096,"href":"https:\/\/folliamala.ch\/fr\/wp-json\/wp\/v2\/product\/8350\/revisions\/14096"}],"wp:featuredmedia":[{"embeddable":true,"href":"https:\/\/folliamala.ch\/fr\/wp-json\/wp\/v2\/media\/14092"}],"wp:attachment":[{"href":"https:\/\/folliamala.ch\/fr\/wp-json\/wp\/v2\/media?parent=8350"}],"wp:term":[{"taxonomy":"product_brand","embeddable":true,"href":"https:\/\/folliamala.ch\/fr\/wp-json\/wp\/v2\/product_brand?post=8350"},{"taxonomy":"product_cat","embeddable":true,"href":"https:\/\/folliamala.ch\/fr\/wp-json\/wp\/v2\/product_cat?post=8350"},{"taxonomy":"product_tag","embeddable":true,"href":"https:\/\/folliamala.ch\/fr\/wp-json\/wp\/v2\/product_tag?post=8350"}],"curies":[{"name":"wp","href":"https:\/\/api.w.org\/{rel}","templated":true}]}}