{"id":8356,"date":"2022-09-03T23:29:54","date_gmt":"2022-09-03T21:29:54","guid":{"rendered":"https:\/\/folliamala.ch\/?post_type=product&#038;p=8356"},"modified":"2026-02-28T12:47:49","modified_gmt":"2026-02-28T10:47:49","slug":"krebs-armband","status":"publish","type":"product","link":"https:\/\/folliamala.ch\/fr\/product\/krebs-armband\/","title":{"rendered":"Bracelet du Cancer"},"content":{"rendered":"<p class=\"translation-block\"><strong><b>Bracelet li\u00e9 au signe astrologique du <\/b>Cancer<\/strong><\/p>\n<p><span style=\"font-weight: 400;\">Tu es n\u00e9(e) entre le 22 juin et le 22 juillet ou tu as le Cancer \u00e0 l'ascendant ? Ce bracelet Cancer est fait pour toi.\u00a0<\/span><\/p>\n<p><span style=\"font-weight: 400;\">Le signe du Cancer aime le foyer et la famille, et fait preuve d\u2019une grande empathie. Il aime les c\u00e2lins et sentir que quelqu\u2019un se soucie de lui.\u00a0<\/span><span style=\"font-weight: 400;\">Ses \u00e9motions fluctuent en fonction des exp\u00e9riences quotidiennes, des \u00e9v\u00e9nements, des situations et des personnes qu\u2019il rencontre. Il est connu pour \u00eatre un signe capricieux, mais aussi intuitif et r\u00e9ceptif, car il est capable de capter facilement les ondes. Un Cancer se d\u00e9place en crabe pour \u00e9viter les difficult\u00e9s \u00e9ventuelles. S\u2019il se sent menac\u00e9, il se retire dans sa coquille  protectrice. En raison de sa nature r\u00e9ceptive, il capte facilement les vibrations des autres et de leur environnement imm\u00e9diat. Cr\u00e9atif dans tous les domaines de la vie, le Cancer aime particuli\u00e8rement utiliser ses talents pour cr\u00e9er un foyer chaleureux et accueillant.<\/span><\/p>\n<h6><b>Caract\u00e9ristiques du Cancer<\/b><\/h6>\n<p><span style=\"font-weight: 400;\">Protecteur, attentionn\u00e9, orient\u00e9 vers la famille, lunatique, ultrasensible, compatissant, tenace, affectueux, timide, attentionn\u00e9, empathique.<\/span><\/p>\n<h6><b>Pierres pr\u00e9cieuses du Cancer<\/b><\/h6>\n<p><span style=\"font-weight: 400;\">La <strong>Amazonite<\/strong> est une pierre pr\u00e9cieuse qui r\u00e9ussit \u00e0 transformer un int\u00e9rieur agit\u00e9 en calme. Pour toi, elle est donc id\u00e9ale pour \u00e9quilibrer ton caract\u00e8re capricieux et souvent hypersensible. L'amazonite pr\u00e9serve ton c\u00f4t\u00e9 doux et veille \u00e0 ce qu'il connaisse ta force, ce qui lui permet de r\u00e9agir plus calmement aux conflits, de se d\u00e9fendre et d'oser le combat ouvert.<\/span><\/p>\n<h6><b>D\u00e9tails du bracelet<\/b><\/h6>\n<ul>\n<li style=\"font-weight: 400;\" aria-level=\"1\"><span style=\"font-weight: 400;\">Taille des perles : 6 mm<\/span><\/li>\n<li aria-level=\"1\">Avec petit pendentif signe du cancer<\/li>\n<li style=\"font-weight: 400;\" aria-level=\"1\">Mont\u00e9 sur une bande extensible durable pour un confort optimal<\/li>\n<li style=\"font-weight: 400;\" aria-level=\"1\">\u00a0Convient en standard \u00e0 une circonf\u00e9rence de poignet de 16-17cm<\/li>\n<\/ul>","protected":false},"excerpt":{"rendered":"<p><span style=\"font-weight: 400;\">Amazonite bleue<\/span><\/p>","protected":false},"featured_media":14407,"template":"","meta":{"site-sidebar-layout":"default","site-content-layout":"default","ast-site-content-layout":"default","site-content-style":"default","site-sidebar-style":"default","ast-global-header-display":"","ast-banner-title-visibility":"","ast-main-header-display":"","ast-hfb-above-header-display":"","ast-hfb-below-header-display":"","ast-hfb-mobile-header-display":"","site-post-title":"","ast-breadcrumbs-content":"","ast-featured-img":"","footer-sml-layout":"","ast-disable-related-posts":"","theme-transparent-header-meta":"default","adv-header-id-meta":"","stick-header-meta":"","header-above-stick-meta":"","header-main-stick-meta":"","header-below-stick-meta":"","astra-migrate-meta-layouts":"set","ast-page-background-enabled":"default","ast-page-background-meta":{"desktop":{"background-color":"","background-image":"","background-repeat":"repeat","background-position":"center center","background-size":"auto","background-attachment":"scroll","background-type":"","background-media":"","overlay-type":"","overlay-color":"","overlay-opacity":"","overlay-gradient":""},"tablet":{"background-color":"","background-image":"","background-repeat":"repeat","background-position":"center center","background-size":"auto","background-attachment":"scroll","background-type":"","background-media":"","overlay-type":"","overlay-color":"","overlay-opacity":"","overlay-gradient":""},"mobile":{"background-color":"","background-image":"","background-repeat":"repeat","background-position":"center center","background-size":"auto","background-attachment":"scroll","background-type":"","background-media":"","overlay-type":"","overlay-color":"","overlay-opacity":"","overlay-gradient":""}},"ast-content-background-meta":{"desktop":{"background-color":"var(--ast-global-color-5)","background-image":"","background-repeat":"repeat","background-position":"center center","background-size":"auto","background-attachment":"scroll","background-type":"","background-media":"","overlay-type":"","overlay-color":"","overlay-opacity":"","overlay-gradient":""},"tablet":{"background-color":"var(--ast-global-color-5)","background-image":"","background-repeat":"repeat","background-position":"center center","background-size":"auto","background-attachment":"scroll","background-type":"","background-media":"","overlay-type":"","overlay-color":"","overlay-opacity":"","overlay-gradient":""},"mobile":{"background-color":"var(--ast-global-color-5)","background-image":"","background-repeat":"repeat","background-position":"center center","background-size":"auto","background-attachment":"scroll","background-type":"","background-media":"","overlay-type":"","overlay-color":"","overlay-opacity":"","overlay-gradient":""}},"_glsr_average":0,"_glsr_ranking":0,"_glsr_reviews":0},"product_brand":[224],"product_cat":[127,172],"product_tag":[163],"class_list":{"0":"post-8356","1":"product","2":"type-product","3":"status-publish","4":"has-post-thumbnail","6":"product_brand-folliamala","7":"product_cat-armband","8":"product_cat-zodiaco","9":"product_tag-amazonit","10":"desktop-align-center","11":"tablet-align-left","12":"mobile-align-left","14":"first","15":"outofstock","16":"sold-individually","17":"shipping-taxable","18":"purchasable","19":"product-type-simple","20":"wpzoom-wc-spi-has-enabled"},"yoast_head":"<!-- This site is optimized with the Yoast SEO plugin v27.4 - https:\/\/yoast.com\/product\/yoast-seo-wordpress\/ -->\n<title>Krebs-Armband &#8211; Folliamala<\/title>\n<meta name=\"description\" content=\"Krebs-Armband, Sternzeichen Krebs. Bist du zwischen dem 21. Juni und dem 22. Juli geboren oder hast den Krebs im Aszendent? Dieses Armband ist f\u00fcr dich.\u00a0\" \/>\n<meta name=\"robots\" content=\"index, follow, max-snippet:-1, max-image-preview:large, max-video-preview:-1\" \/>\n<link rel=\"canonical\" href=\"https:\/\/folliamala.ch\/fr\/product\/krebs-armband\/\" \/>\n<meta property=\"og:locale\" content=\"fr_FR\" \/>\n<meta property=\"og:type\" content=\"article\" \/>\n<meta property=\"og:title\" content=\"Krebs-Armband &#8211; Folliamala\" \/>\n<meta property=\"og:description\" content=\"Krebs-Armband, Sternzeichen Krebs. Bist du zwischen dem 21. Juni und dem 22. Juli geboren oder hast den Krebs im Aszendent? Dieses Armband ist f\u00fcr dich.\u00a0\" \/>\n<meta property=\"og:url\" content=\"https:\/\/folliamala.ch\/fr\/product\/krebs-armband\/\" \/>\n<meta property=\"og:site_name\" content=\"Folliamala\" \/>\n<meta property=\"article:publisher\" content=\"https:\/\/www.facebook.com\/folliamala\/\" \/>\n<meta property=\"article:modified_time\" content=\"2026-02-28T10:47:49+00:00\" \/>\n<meta property=\"og:image\" content=\"https:\/\/folliamala.ch\/wp-content\/uploads\/2026\/01\/Krebs_Armband_vv.webp\" \/>\n\t<meta property=\"og:image:width\" content=\"1000\" \/>\n\t<meta property=\"og:image:height\" content=\"1000\" \/>\n\t<meta property=\"og:image:type\" content=\"image\/webp\" \/>\n<meta name=\"twitter:card\" content=\"summary_large_image\" \/>\n<meta name=\"twitter:label1\" content=\"Dur\u00e9e de lecture estim\u00e9e\" \/>\n\t<meta name=\"twitter:data1\" content=\"1 minute\" \/>\n<script type=\"application\/ld+json\" class=\"yoast-schema-graph\">{\"@context\":\"https:\\\/\\\/schema.org\",\"@graph\":[{\"@type\":\"WebPage\",\"@id\":\"https:\\\/\\\/folliamala.ch\\\/product\\\/krebs-armband\\\/\",\"url\":\"https:\\\/\\\/folliamala.ch\\\/product\\\/krebs-armband\\\/\",\"name\":\"Krebs-Armband &#8211; Folliamala\",\"isPartOf\":{\"@id\":\"https:\\\/\\\/folliamala.ch\\\/#website\"},\"primaryImageOfPage\":{\"@id\":\"https:\\\/\\\/folliamala.ch\\\/product\\\/krebs-armband\\\/#primaryimage\"},\"image\":{\"@id\":\"https:\\\/\\\/folliamala.ch\\\/product\\\/krebs-armband\\\/#primaryimage\"},\"thumbnailUrl\":\"https:\\\/\\\/folliamala.ch\\\/wp-content\\\/uploads\\\/2026\\\/01\\\/Krebs_Armband_vv.webp\",\"datePublished\":\"2022-09-03T21:29:54+00:00\",\"dateModified\":\"2026-02-28T10:47:49+00:00\",\"description\":\"Krebs-Armband, Sternzeichen Krebs. Bist du zwischen dem 21. Juni und dem 22. Juli geboren oder hast den Krebs im Aszendent? Dieses Armband ist f\u00fcr dich.\u00a0\",\"breadcrumb\":{\"@id\":\"https:\\\/\\\/folliamala.ch\\\/product\\\/krebs-armband\\\/#breadcrumb\"},\"inLanguage\":\"fr-FR\",\"potentialAction\":[{\"@type\":\"ReadAction\",\"target\":[\"https:\\\/\\\/folliamala.ch\\\/product\\\/krebs-armband\\\/\"]}]},{\"@type\":\"ImageObject\",\"inLanguage\":\"fr-FR\",\"@id\":\"https:\\\/\\\/folliamala.ch\\\/product\\\/krebs-armband\\\/#primaryimage\",\"url\":\"https:\\\/\\\/folliamala.ch\\\/wp-content\\\/uploads\\\/2026\\\/01\\\/Krebs_Armband_vv.webp\",\"contentUrl\":\"https:\\\/\\\/folliamala.ch\\\/wp-content\\\/uploads\\\/2026\\\/01\\\/Krebs_Armband_vv.webp\",\"width\":1000,\"height\":1000,\"caption\":\"Sternzeichen-Armband Krebs\"},{\"@type\":\"BreadcrumbList\",\"@id\":\"https:\\\/\\\/folliamala.ch\\\/product\\\/krebs-armband\\\/#breadcrumb\",\"itemListElement\":[{\"@type\":\"ListItem\",\"position\":1,\"name\":\"Startseite\",\"item\":\"https:\\\/\\\/folliamala.ch\\\/\"},{\"@type\":\"ListItem\",\"position\":2,\"name\":\"Shop\",\"item\":\"https:\\\/\\\/folliamala.ch\\\/store\\\/\"},{\"@type\":\"ListItem\",\"position\":3,\"name\":\"Krebs-Armband\"}]},{\"@type\":\"WebSite\",\"@id\":\"https:\\\/\\\/folliamala.ch\\\/#website\",\"url\":\"https:\\\/\\\/folliamala.ch\\\/\",\"name\":\"Folliamala\",\"description\":\"Mala Ketten &amp; Armb\u00e4nder\",\"publisher\":{\"@id\":\"https:\\\/\\\/folliamala.ch\\\/#organization\"},\"potentialAction\":[{\"@type\":\"SearchAction\",\"target\":{\"@type\":\"EntryPoint\",\"urlTemplate\":\"https:\\\/\\\/folliamala.ch\\\/?s={search_term_string}\"},\"query-input\":{\"@type\":\"PropertyValueSpecification\",\"valueRequired\":true,\"valueName\":\"search_term_string\"}}],\"inLanguage\":\"fr-FR\"},{\"@type\":\"Organization\",\"@id\":\"https:\\\/\\\/folliamala.ch\\\/#organization\",\"name\":\"Folliamala\",\"url\":\"https:\\\/\\\/folliamala.ch\\\/\",\"logo\":{\"@type\":\"ImageObject\",\"inLanguage\":\"fr-FR\",\"@id\":\"https:\\\/\\\/folliamala.ch\\\/#\\\/schema\\\/logo\\\/image\\\/\",\"url\":\"https:\\\/\\\/folliamala.ch\\\/wp-content\\\/uploads\\\/2021\\\/08\\\/folliamala_logo.png\",\"contentUrl\":\"https:\\\/\\\/folliamala.ch\\\/wp-content\\\/uploads\\\/2021\\\/08\\\/folliamala_logo.png\",\"width\":529,\"height\":109,\"caption\":\"Folliamala\"},\"image\":{\"@id\":\"https:\\\/\\\/folliamala.ch\\\/#\\\/schema\\\/logo\\\/image\\\/\"},\"sameAs\":[\"https:\\\/\\\/www.facebook.com\\\/folliamala\\\/\",\"https:\\\/\\\/www.instagram.com\\\/folliamala\\\/\",\"https:\\\/\\\/www.pinterest.de\\\/folliamala\\\/\"]}]}<\/script>\n<!-- \/ Yoast SEO plugin. -->","yoast_head_json":{"title":"Bracelet cancer - Folliamala","description":"Bracelet Cancer, signe astrologique du Cancer. Tu es n\u00e9(e) entre le 21 juin et le 22 juillet ou tu as le Cancer \u00e0 l'ascendant ? Ce bracelet est fait pour toi.\u00a0","robots":{"index":"index","follow":"follow","max-snippet":"max-snippet:-1","max-image-preview":"max-image-preview:large","max-video-preview":"max-video-preview:-1"},"canonical":"https:\/\/folliamala.ch\/fr\/product\/krebs-armband\/","og_locale":"fr_FR","og_type":"article","og_title":"Krebs-Armband &#8211; Folliamala","og_description":"Krebs-Armband, Sternzeichen Krebs. Bist du zwischen dem 21. Juni und dem 22. Juli geboren oder hast den Krebs im Aszendent? Dieses Armband ist f\u00fcr dich.\u00a0","og_url":"https:\/\/folliamala.ch\/fr\/product\/krebs-armband\/","og_site_name":"Folliamala","article_publisher":"https:\/\/www.facebook.com\/folliamala\/","article_modified_time":"2026-02-28T10:47:49+00:00","og_image":[{"width":1000,"height":1000,"url":"https:\/\/folliamala.ch\/wp-content\/uploads\/2026\/01\/Krebs_Armband_vv.webp","type":"image\/webp"}],"twitter_card":"summary_large_image","twitter_misc":{"Dur\u00e9e de lecture estim\u00e9e":"1 minute"},"schema":{"@context":"https:\/\/schema.org","@graph":[{"@type":"WebPage","@id":"https:\/\/folliamala.ch\/product\/krebs-armband\/","url":"https:\/\/folliamala.ch\/product\/krebs-armband\/","name":"Bracelet cancer - Folliamala","isPartOf":{"@id":"https:\/\/folliamala.ch\/#website"},"primaryImageOfPage":{"@id":"https:\/\/folliamala.ch\/product\/krebs-armband\/#primaryimage"},"image":{"@id":"https:\/\/folliamala.ch\/product\/krebs-armband\/#primaryimage"},"thumbnailUrl":"https:\/\/folliamala.ch\/wp-content\/uploads\/2026\/01\/Krebs_Armband_vv.webp","datePublished":"2022-09-03T21:29:54+00:00","dateModified":"2026-02-28T10:47:49+00:00","description":"Bracelet Cancer, signe astrologique du Cancer. Tu es n\u00e9(e) entre le 21 juin et le 22 juillet ou tu as le Cancer \u00e0 l'ascendant ? Ce bracelet est fait pour toi.\u00a0","breadcrumb":{"@id":"https:\/\/folliamala.ch\/product\/krebs-armband\/#breadcrumb"},"inLanguage":"fr-FR","potentialAction":[{"@type":"ReadAction","target":["https:\/\/folliamala.ch\/product\/krebs-armband\/"]}]},{"@type":"ImageObject","inLanguage":"fr-FR","@id":"https:\/\/folliamala.ch\/product\/krebs-armband\/#primaryimage","url":"https:\/\/folliamala.ch\/wp-content\/uploads\/2026\/01\/Krebs_Armband_vv.webp","contentUrl":"https:\/\/folliamala.ch\/wp-content\/uploads\/2026\/01\/Krebs_Armband_vv.webp","width":1000,"height":1000,"caption":"Sternzeichen-Armband Krebs"},{"@type":"BreadcrumbList","@id":"https:\/\/folliamala.ch\/product\/krebs-armband\/#breadcrumb","itemListElement":[{"@type":"ListItem","position":1,"name":"Startseite","item":"https:\/\/folliamala.ch\/"},{"@type":"ListItem","position":2,"name":"Shop","item":"https:\/\/folliamala.ch\/store\/"},{"@type":"ListItem","position":3,"name":"Krebs-Armband"}]},{"@type":"WebSite","@id":"https:\/\/folliamala.ch\/#website","url":"https:\/\/folliamala.ch\/","name":"Folliamala","description":"Malas et bracelets","publisher":{"@id":"https:\/\/folliamala.ch\/#organization"},"potentialAction":[{"@type":"SearchAction","target":{"@type":"EntryPoint","urlTemplate":"https:\/\/folliamala.ch\/?s={search_term_string}"},"query-input":{"@type":"PropertyValueSpecification","valueRequired":true,"valueName":"search_term_string"}}],"inLanguage":"fr-FR"},{"@type":"Organization","@id":"https:\/\/folliamala.ch\/#organization","name":"Folliamala","url":"https:\/\/folliamala.ch\/","logo":{"@type":"ImageObject","inLanguage":"fr-FR","@id":"https:\/\/folliamala.ch\/#\/schema\/logo\/image\/","url":"https:\/\/folliamala.ch\/wp-content\/uploads\/2021\/08\/folliamala_logo.png","contentUrl":"https:\/\/folliamala.ch\/wp-content\/uploads\/2021\/08\/folliamala_logo.png","width":529,"height":109,"caption":"Folliamala"},"image":{"@id":"https:\/\/folliamala.ch\/#\/schema\/logo\/image\/"},"sameAs":["https:\/\/www.facebook.com\/folliamala\/","https:\/\/www.instagram.com\/folliamala\/","https:\/\/www.pinterest.de\/folliamala\/"]}]}},"_links":{"self":[{"href":"https:\/\/folliamala.ch\/fr\/wp-json\/wp\/v2\/product\/8356","targetHints":{"allow":["GET"]}}],"collection":[{"href":"https:\/\/folliamala.ch\/fr\/wp-json\/wp\/v2\/product"}],"about":[{"href":"https:\/\/folliamala.ch\/fr\/wp-json\/wp\/v2\/types\/product"}],"version-history":[{"count":7,"href":"https:\/\/folliamala.ch\/fr\/wp-json\/wp\/v2\/product\/8356\/revisions"}],"predecessor-version":[{"id":14101,"href":"https:\/\/folliamala.ch\/fr\/wp-json\/wp\/v2\/product\/8356\/revisions\/14101"}],"wp:featuredmedia":[{"embeddable":true,"href":"https:\/\/folliamala.ch\/fr\/wp-json\/wp\/v2\/media\/14407"}],"wp:attachment":[{"href":"https:\/\/folliamala.ch\/fr\/wp-json\/wp\/v2\/media?parent=8356"}],"wp:term":[{"taxonomy":"product_brand","embeddable":true,"href":"https:\/\/folliamala.ch\/fr\/wp-json\/wp\/v2\/product_brand?post=8356"},{"taxonomy":"product_cat","embeddable":true,"href":"https:\/\/folliamala.ch\/fr\/wp-json\/wp\/v2\/product_cat?post=8356"},{"taxonomy":"product_tag","embeddable":true,"href":"https:\/\/folliamala.ch\/fr\/wp-json\/wp\/v2\/product_tag?post=8356"}],"curies":[{"name":"wp","href":"https:\/\/api.w.org\/{rel}","templated":true}]}}