{"id":8362,"date":"2022-09-03T22:59:11","date_gmt":"2022-09-03T20:59:11","guid":{"rendered":"https:\/\/folliamala.ch\/?post_type=product&#038;p=8362"},"modified":"2026-01-24T20:21:43","modified_gmt":"2026-01-24T18:21:43","slug":"steinbock-armband","status":"publish","type":"product","link":"https:\/\/folliamala.ch\/fr\/product\/steinbock-armband\/","title":{"rendered":"Bracelet du Capricorne"},"content":{"rendered":"<p class=\"translation-block\"><strong><b>Bracelet li\u00e9 au signe astrologique du <\/b>Capricorne<\/strong><\/p>\n<p><span style=\"font-weight: 400;\">Tu es n\u00e9(e) entre le 22 d\u00e9cembre et le 20 janvier ou tu as le Capricorne \u00e0 l'ascendant ? Ce bracelet Capricorne est fait pour toi.\u00a0<\/span><\/p>\n<p><span style=\"font-weight: 400;\">Le Capricorne est pragmatique et conservateur. Il excelle dans la planification et l\u2019organisation. Le Capricorne construit sa vie lentement et il peut mettre du temps \u00e0 manifester son impulsion et sa d\u00e9termination. Il n\u2019est pas impulsif. Il r\u00e9fl\u00e9chit et planifie avant d'agir. Il aborde chaque t\u00e2che et chaque d\u00e9cision en faisant preuve d\u2019organisation. <\/span><span style=\"font-weight: 400;\">Signe de terre, le Sagittaire incarne aussi d\u2019autres qualit\u00e9s, comme la fiabilit\u00e9 et la prudence. De nombreux Capricornes font l\u2019exp\u00e9rience du \u00abkarma instantan\u00e9\u00bb : l\u00e0 o\u00f9 d'autres semblent s\u2019en tirer \u00e0 bon compte sans jamais en subir les cons\u00e9quences, il en ressent parfois les effets en quelques secondes ou minutes. C'est Saturne, sa plan\u00e8te dominante, qui lui fait garder les pieds sur terre.<\/span><\/p>\n<h6><b>Caract\u00e9ristiques du Capricorne<\/b><\/h6>\n<p><span style=\"font-weight: 400;\">Travailleur, \u00e9conome, esprit pratique, fiable, r\u00e9aliste, pr\u00e9occup\u00e9, r\u00e9serv\u00e9, patient, pessimiste, conservateur<\/span><\/p>\n<h6><b>Pierres pr\u00e9cieuses du Capricorne<\/b><\/h6>\n<p class=\"translation-block\"><span style=\"font-weight: 400\">L\u2019<strong>am\u00e9thyste<\/strong> favorise les pens\u00e9es sobres et la concentration. Elle aide ainsi \u00e0 assimiler mentalement les exp\u00e9riences et les perceptions. En m\u00eame temps, elle stimule l\u2019imagination et permet d\u2019entrevoir de nouvelles possibilit\u00e9s. En outre, l'am\u00e9thyste renforce l\u2019harmonie int\u00e9rieure.<\/span><\/p>\n<h6><b>D\u00e9tails du bracelet<\/b><\/h6>\n<ul>\n<li style=\"font-weight: 400;\" aria-level=\"1\"><span style=\"font-weight: 400;\">Taille des perles : 6 mm<\/span><\/li>\n<li aria-level=\"1\">Mit kleinem Steinbock-Sternzeichen-Anh\u00e4nger<\/li>\n<li style=\"font-weight: 400;\" aria-level=\"1\">Mont\u00e9 sur une bande extensible durable pour un confort optimal<\/li>\n<li style=\"font-weight: 400;\" aria-level=\"1\">Convient en standard \u00e0 une circonf\u00e9rence de poignet de 16-17cm<\/li>\n<\/ul>","protected":false},"excerpt":{"rendered":"<p><span style=\"font-weight: 400;\">Am\u00e9thyste<\/span><\/p>","protected":false},"featured_media":14402,"template":"","meta":{"site-sidebar-layout":"default","site-content-layout":"default","ast-site-content-layout":"default","site-content-style":"default","site-sidebar-style":"default","ast-global-header-display":"","ast-banner-title-visibility":"","ast-main-header-display":"","ast-hfb-above-header-display":"","ast-hfb-below-header-display":"","ast-hfb-mobile-header-display":"","site-post-title":"","ast-breadcrumbs-content":"","ast-featured-img":"","footer-sml-layout":"","ast-disable-related-posts":"","theme-transparent-header-meta":"default","adv-header-id-meta":"","stick-header-meta":"","header-above-stick-meta":"","header-main-stick-meta":"","header-below-stick-meta":"","astra-migrate-meta-layouts":"set","ast-page-background-enabled":"default","ast-page-background-meta":{"desktop":{"background-color":"","background-image":"","background-repeat":"repeat","background-position":"center center","background-size":"auto","background-attachment":"scroll","background-type":"","background-media":"","overlay-type":"","overlay-color":"","overlay-opacity":"","overlay-gradient":""},"tablet":{"background-color":"","background-image":"","background-repeat":"repeat","background-position":"center center","background-size":"auto","background-attachment":"scroll","background-type":"","background-media":"","overlay-type":"","overlay-color":"","overlay-opacity":"","overlay-gradient":""},"mobile":{"background-color":"","background-image":"","background-repeat":"repeat","background-position":"center center","background-size":"auto","background-attachment":"scroll","background-type":"","background-media":"","overlay-type":"","overlay-color":"","overlay-opacity":"","overlay-gradient":""}},"ast-content-background-meta":{"desktop":{"background-color":"var(--ast-global-color-5)","background-image":"","background-repeat":"repeat","background-position":"center center","background-size":"auto","background-attachment":"scroll","background-type":"","background-media":"","overlay-type":"","overlay-color":"","overlay-opacity":"","overlay-gradient":""},"tablet":{"background-color":"var(--ast-global-color-5)","background-image":"","background-repeat":"repeat","background-position":"center center","background-size":"auto","background-attachment":"scroll","background-type":"","background-media":"","overlay-type":"","overlay-color":"","overlay-opacity":"","overlay-gradient":""},"mobile":{"background-color":"var(--ast-global-color-5)","background-image":"","background-repeat":"repeat","background-position":"center center","background-size":"auto","background-attachment":"scroll","background-type":"","background-media":"","overlay-type":"","overlay-color":"","overlay-opacity":"","overlay-gradient":""}},"_glsr_average":0,"_glsr_ranking":0,"_glsr_reviews":0},"product_brand":[224],"product_cat":[127,172],"product_tag":[123],"class_list":{"0":"post-8362","1":"product","2":"type-product","3":"status-publish","4":"has-post-thumbnail","6":"product_brand-folliamala","7":"product_cat-armband","8":"product_cat-zodiaco","9":"product_tag-amethyst","10":"desktop-align-center","11":"tablet-align-left","12":"mobile-align-left","14":"first","15":"instock","16":"sold-individually","17":"shipping-taxable","18":"purchasable","19":"product-type-simple","20":"wpzoom-wc-spi-has-enabled"},"yoast_head":"<!-- This site is optimized with the Yoast SEO plugin v27.4 - https:\/\/yoast.com\/product\/yoast-seo-wordpress\/ -->\n<title>Steinbock-Armband &#8211; Folliamala<\/title>\n<meta name=\"description\" content=\"Steinbock-Armband, Sternzeichen Steinbock. Bist du zwischen dem 21. Dezember und dem 20. Januar geboren? Dann ist das ist dein Armband!\" \/>\n<meta name=\"robots\" content=\"index, follow, max-snippet:-1, max-image-preview:large, max-video-preview:-1\" \/>\n<link rel=\"canonical\" href=\"https:\/\/folliamala.ch\/fr\/product\/steinbock-armband\/\" \/>\n<meta property=\"og:locale\" content=\"fr_FR\" \/>\n<meta property=\"og:type\" content=\"article\" \/>\n<meta property=\"og:title\" content=\"Steinbock-Armband &#8211; Folliamala\" \/>\n<meta property=\"og:description\" content=\"Steinbock-Armband, Sternzeichen Steinbock. Bist du zwischen dem 21. Dezember und dem 20. Januar geboren? Dann ist das ist dein Armband!\" \/>\n<meta property=\"og:url\" content=\"https:\/\/folliamala.ch\/fr\/product\/steinbock-armband\/\" \/>\n<meta property=\"og:site_name\" content=\"Folliamala\" \/>\n<meta property=\"article:publisher\" content=\"https:\/\/www.facebook.com\/folliamala\/\" \/>\n<meta property=\"article:modified_time\" content=\"2026-01-24T18:21:43+00:00\" \/>\n<meta property=\"og:image\" content=\"https:\/\/folliamala.ch\/wp-content\/uploads\/2026\/01\/Steinbock_Armband_vv.webp\" \/>\n\t<meta property=\"og:image:width\" content=\"1000\" \/>\n\t<meta property=\"og:image:height\" content=\"1000\" \/>\n\t<meta property=\"og:image:type\" content=\"image\/webp\" \/>\n<meta name=\"twitter:card\" content=\"summary_large_image\" \/>\n<meta name=\"twitter:label1\" content=\"Dur\u00e9e de lecture estim\u00e9e\" \/>\n\t<meta name=\"twitter:data1\" content=\"1 minute\" \/>\n<script type=\"application\/ld+json\" class=\"yoast-schema-graph\">{\"@context\":\"https:\\\/\\\/schema.org\",\"@graph\":[{\"@type\":\"WebPage\",\"@id\":\"https:\\\/\\\/folliamala.ch\\\/product\\\/steinbock-armband\\\/\",\"url\":\"https:\\\/\\\/folliamala.ch\\\/product\\\/steinbock-armband\\\/\",\"name\":\"Steinbock-Armband &#8211; Folliamala\",\"isPartOf\":{\"@id\":\"https:\\\/\\\/folliamala.ch\\\/#website\"},\"primaryImageOfPage\":{\"@id\":\"https:\\\/\\\/folliamala.ch\\\/product\\\/steinbock-armband\\\/#primaryimage\"},\"image\":{\"@id\":\"https:\\\/\\\/folliamala.ch\\\/product\\\/steinbock-armband\\\/#primaryimage\"},\"thumbnailUrl\":\"https:\\\/\\\/folliamala.ch\\\/wp-content\\\/uploads\\\/2026\\\/01\\\/Steinbock_Armband_vv.webp\",\"datePublished\":\"2022-09-03T20:59:11+00:00\",\"dateModified\":\"2026-01-24T18:21:43+00:00\",\"description\":\"Steinbock-Armband, Sternzeichen Steinbock. Bist du zwischen dem 21. Dezember und dem 20. Januar geboren? Dann ist das ist dein Armband!\",\"breadcrumb\":{\"@id\":\"https:\\\/\\\/folliamala.ch\\\/product\\\/steinbock-armband\\\/#breadcrumb\"},\"inLanguage\":\"fr-FR\",\"potentialAction\":[{\"@type\":\"ReadAction\",\"target\":[\"https:\\\/\\\/folliamala.ch\\\/product\\\/steinbock-armband\\\/\"]}]},{\"@type\":\"ImageObject\",\"inLanguage\":\"fr-FR\",\"@id\":\"https:\\\/\\\/folliamala.ch\\\/product\\\/steinbock-armband\\\/#primaryimage\",\"url\":\"https:\\\/\\\/folliamala.ch\\\/wp-content\\\/uploads\\\/2026\\\/01\\\/Steinbock_Armband_vv.webp\",\"contentUrl\":\"https:\\\/\\\/folliamala.ch\\\/wp-content\\\/uploads\\\/2026\\\/01\\\/Steinbock_Armband_vv.webp\",\"width\":1000,\"height\":1000,\"caption\":\"Sternzeichen-Armband Steinbock\"},{\"@type\":\"BreadcrumbList\",\"@id\":\"https:\\\/\\\/folliamala.ch\\\/product\\\/steinbock-armband\\\/#breadcrumb\",\"itemListElement\":[{\"@type\":\"ListItem\",\"position\":1,\"name\":\"Startseite\",\"item\":\"https:\\\/\\\/folliamala.ch\\\/\"},{\"@type\":\"ListItem\",\"position\":2,\"name\":\"Shop\",\"item\":\"https:\\\/\\\/folliamala.ch\\\/store\\\/\"},{\"@type\":\"ListItem\",\"position\":3,\"name\":\"Steinbock-Armband\"}]},{\"@type\":\"WebSite\",\"@id\":\"https:\\\/\\\/folliamala.ch\\\/#website\",\"url\":\"https:\\\/\\\/folliamala.ch\\\/\",\"name\":\"Folliamala\",\"description\":\"Mala Ketten &amp; Armb\u00e4nder\",\"publisher\":{\"@id\":\"https:\\\/\\\/folliamala.ch\\\/#organization\"},\"potentialAction\":[{\"@type\":\"SearchAction\",\"target\":{\"@type\":\"EntryPoint\",\"urlTemplate\":\"https:\\\/\\\/folliamala.ch\\\/?s={search_term_string}\"},\"query-input\":{\"@type\":\"PropertyValueSpecification\",\"valueRequired\":true,\"valueName\":\"search_term_string\"}}],\"inLanguage\":\"fr-FR\"},{\"@type\":\"Organization\",\"@id\":\"https:\\\/\\\/folliamala.ch\\\/#organization\",\"name\":\"Folliamala\",\"url\":\"https:\\\/\\\/folliamala.ch\\\/\",\"logo\":{\"@type\":\"ImageObject\",\"inLanguage\":\"fr-FR\",\"@id\":\"https:\\\/\\\/folliamala.ch\\\/#\\\/schema\\\/logo\\\/image\\\/\",\"url\":\"https:\\\/\\\/folliamala.ch\\\/wp-content\\\/uploads\\\/2021\\\/08\\\/folliamala_logo.png\",\"contentUrl\":\"https:\\\/\\\/folliamala.ch\\\/wp-content\\\/uploads\\\/2021\\\/08\\\/folliamala_logo.png\",\"width\":529,\"height\":109,\"caption\":\"Folliamala\"},\"image\":{\"@id\":\"https:\\\/\\\/folliamala.ch\\\/#\\\/schema\\\/logo\\\/image\\\/\"},\"sameAs\":[\"https:\\\/\\\/www.facebook.com\\\/folliamala\\\/\",\"https:\\\/\\\/www.instagram.com\\\/folliamala\\\/\",\"https:\\\/\\\/www.pinterest.de\\\/folliamala\\\/\"]}]}<\/script>\n<!-- \/ Yoast SEO plugin. -->","yoast_head_json":{"title":"Bracelet Capricorne - Folliamala","description":"Bracelet Capricorne, signe astrologique Capricorne. Tu es n\u00e9(e) entre le 21 d\u00e9cembre et le 20 janvier ? Alors c'est ton bracelet !","robots":{"index":"index","follow":"follow","max-snippet":"max-snippet:-1","max-image-preview":"max-image-preview:large","max-video-preview":"max-video-preview:-1"},"canonical":"https:\/\/folliamala.ch\/fr\/product\/steinbock-armband\/","og_locale":"fr_FR","og_type":"article","og_title":"Steinbock-Armband &#8211; Folliamala","og_description":"Steinbock-Armband, Sternzeichen Steinbock. Bist du zwischen dem 21. Dezember und dem 20. Januar geboren? Dann ist das ist dein Armband!","og_url":"https:\/\/folliamala.ch\/fr\/product\/steinbock-armband\/","og_site_name":"Folliamala","article_publisher":"https:\/\/www.facebook.com\/folliamala\/","article_modified_time":"2026-01-24T18:21:43+00:00","og_image":[{"width":1000,"height":1000,"url":"https:\/\/folliamala.ch\/wp-content\/uploads\/2026\/01\/Steinbock_Armband_vv.webp","type":"image\/webp"}],"twitter_card":"summary_large_image","twitter_misc":{"Dur\u00e9e de lecture estim\u00e9e":"1 minute"},"schema":{"@context":"https:\/\/schema.org","@graph":[{"@type":"WebPage","@id":"https:\/\/folliamala.ch\/product\/steinbock-armband\/","url":"https:\/\/folliamala.ch\/product\/steinbock-armband\/","name":"Bracelet Capricorne - Folliamala","isPartOf":{"@id":"https:\/\/folliamala.ch\/#website"},"primaryImageOfPage":{"@id":"https:\/\/folliamala.ch\/product\/steinbock-armband\/#primaryimage"},"image":{"@id":"https:\/\/folliamala.ch\/product\/steinbock-armband\/#primaryimage"},"thumbnailUrl":"https:\/\/folliamala.ch\/wp-content\/uploads\/2026\/01\/Steinbock_Armband_vv.webp","datePublished":"2022-09-03T20:59:11+00:00","dateModified":"2026-01-24T18:21:43+00:00","description":"Bracelet Capricorne, signe astrologique Capricorne. Tu es n\u00e9(e) entre le 21 d\u00e9cembre et le 20 janvier ? Alors c'est ton bracelet !","breadcrumb":{"@id":"https:\/\/folliamala.ch\/product\/steinbock-armband\/#breadcrumb"},"inLanguage":"fr-FR","potentialAction":[{"@type":"ReadAction","target":["https:\/\/folliamala.ch\/product\/steinbock-armband\/"]}]},{"@type":"ImageObject","inLanguage":"fr-FR","@id":"https:\/\/folliamala.ch\/product\/steinbock-armband\/#primaryimage","url":"https:\/\/folliamala.ch\/wp-content\/uploads\/2026\/01\/Steinbock_Armband_vv.webp","contentUrl":"https:\/\/folliamala.ch\/wp-content\/uploads\/2026\/01\/Steinbock_Armband_vv.webp","width":1000,"height":1000,"caption":"Sternzeichen-Armband Steinbock"},{"@type":"BreadcrumbList","@id":"https:\/\/folliamala.ch\/product\/steinbock-armband\/#breadcrumb","itemListElement":[{"@type":"ListItem","position":1,"name":"Startseite","item":"https:\/\/folliamala.ch\/"},{"@type":"ListItem","position":2,"name":"Shop","item":"https:\/\/folliamala.ch\/store\/"},{"@type":"ListItem","position":3,"name":"Steinbock-Armband"}]},{"@type":"WebSite","@id":"https:\/\/folliamala.ch\/#website","url":"https:\/\/folliamala.ch\/","name":"Folliamala","description":"Malas et bracelets","publisher":{"@id":"https:\/\/folliamala.ch\/#organization"},"potentialAction":[{"@type":"SearchAction","target":{"@type":"EntryPoint","urlTemplate":"https:\/\/folliamala.ch\/?s={search_term_string}"},"query-input":{"@type":"PropertyValueSpecification","valueRequired":true,"valueName":"search_term_string"}}],"inLanguage":"fr-FR"},{"@type":"Organization","@id":"https:\/\/folliamala.ch\/#organization","name":"Folliamala","url":"https:\/\/folliamala.ch\/","logo":{"@type":"ImageObject","inLanguage":"fr-FR","@id":"https:\/\/folliamala.ch\/#\/schema\/logo\/image\/","url":"https:\/\/folliamala.ch\/wp-content\/uploads\/2021\/08\/folliamala_logo.png","contentUrl":"https:\/\/folliamala.ch\/wp-content\/uploads\/2021\/08\/folliamala_logo.png","width":529,"height":109,"caption":"Folliamala"},"image":{"@id":"https:\/\/folliamala.ch\/#\/schema\/logo\/image\/"},"sameAs":["https:\/\/www.facebook.com\/folliamala\/","https:\/\/www.instagram.com\/folliamala\/","https:\/\/www.pinterest.de\/folliamala\/"]}]}},"_links":{"self":[{"href":"https:\/\/folliamala.ch\/fr\/wp-json\/wp\/v2\/product\/8362","targetHints":{"allow":["GET"]}}],"collection":[{"href":"https:\/\/folliamala.ch\/fr\/wp-json\/wp\/v2\/product"}],"about":[{"href":"https:\/\/folliamala.ch\/fr\/wp-json\/wp\/v2\/types\/product"}],"version-history":[{"count":7,"href":"https:\/\/folliamala.ch\/fr\/wp-json\/wp\/v2\/product\/8362\/revisions"}],"predecessor-version":[{"id":14112,"href":"https:\/\/folliamala.ch\/fr\/wp-json\/wp\/v2\/product\/8362\/revisions\/14112"}],"wp:featuredmedia":[{"embeddable":true,"href":"https:\/\/folliamala.ch\/fr\/wp-json\/wp\/v2\/media\/14402"}],"wp:attachment":[{"href":"https:\/\/folliamala.ch\/fr\/wp-json\/wp\/v2\/media?parent=8362"}],"wp:term":[{"taxonomy":"product_brand","embeddable":true,"href":"https:\/\/folliamala.ch\/fr\/wp-json\/wp\/v2\/product_brand?post=8362"},{"taxonomy":"product_cat","embeddable":true,"href":"https:\/\/folliamala.ch\/fr\/wp-json\/wp\/v2\/product_cat?post=8362"},{"taxonomy":"product_tag","embeddable":true,"href":"https:\/\/folliamala.ch\/fr\/wp-json\/wp\/v2\/product_tag?post=8362"}],"curies":[{"name":"wp","href":"https:\/\/api.w.org\/{rel}","templated":true}]}}