{"id":8366,"date":"2022-09-03T23:34:10","date_gmt":"2022-09-03T21:34:10","guid":{"rendered":"https:\/\/folliamala.ch\/?post_type=product&#038;p=8366"},"modified":"2025-12-22T13:55:38","modified_gmt":"2025-12-22T11:55:38","slug":"zwillinge-armband","status":"publish","type":"product","link":"https:\/\/folliamala.ch\/fr\/product\/zwillinge-armband\/","title":{"rendered":"Bracelet des G\u00e9meaux"},"content":{"rendered":"<p class=\"translation-block\"><strong><b>Bracelet li\u00e9 au signe astrologique des <\/b>G\u00e9meaux<\/strong><\/p>\n<p><span style=\"font-weight: 400;\">Tu es n\u00e9(e) entre le 21 mai et le 21 juin ou tu as les G\u00e9meaux \u00e0 l'ascendant ? Ce bracelet G\u00e9meaux est fait pour toi.<\/span><\/p>\n<p><span style=\"font-weight: 400;\">Les G\u00e9meaux aiment la nouveaut\u00e9, sont curieux et \u00e0 l\u2019\u00e9coute. Ils ont soif d\u2019apprendre et d\u2019exp\u00e9rimenter tout ce que le monde a \u00e0 offrir. Ils s\u2019'int\u00e9ressent \u00e0 tout, sont dr\u00f4les et coquets, insouciants, populaires et intelligents. La communication est l'essence m\u00eame de ce signe d\u2019air.\u00a0<\/span><span style=\"font-weight: 400;\">Les G\u00e9meaux sont des personnes de r\u00e9flexion. Leur cerveau est tr\u00e8s actif et traite une quantit\u00e9 surprenante d\u2019informations. Ils sont multit\u00e2ches et entreprennent bien souvent plusieurs projets \u00e0 la fois. Ils n\u2019aiment pas prendre la vie trop au s\u00e9rieux et pr\u00e9f\u00e8rent le c\u00f4t\u00e9 plus l\u00e9ger qu\u2019elle offre, comme la convivialit\u00e9, o\u00f9 leur esprit, leur charme et leurs comp\u00e9tences sociales sont mis en valeur.<\/span><\/p>\n<h6><b>Caract\u00e9ristiques des G\u00e9meaux<\/b><\/h6>\n<p><span style=\"font-weight: 400;\">Dr\u00f4les, vifs, curieux, agit\u00e9s, intelligents, multit\u00e2ches, communicatifs, enjou\u00e9s, inconstants, nerveux<\/span><\/p>\n<h6><b>Pierres pr\u00e9cieuses des G\u00e9meaux<\/b><\/h6>\n<p class=\"translation-block\"><span style=\"font-weight: 400\">La <strong>citrine<\/strong> aide \u00e0 faire le point sur les probl\u00e8mes \u00e9motionnels.<\/span><\/p>\n<h6><b>D\u00e9tails du bracelet<\/b><\/h6>\n<ul>\n<li style=\"font-weight: 400;\" aria-level=\"1\"><span style=\"font-weight: 400;\">Taille des perles : 6 mm<\/span><\/li>\n<li aria-level=\"1\">Mit kleinem Zwilling-Sternzeichen-Anh\u00e4nger<\/li>\n<li style=\"font-weight: 400;\" aria-level=\"1\">Mont\u00e9 sur une bande extensible durable pour un confort optimal<\/li>\n<li style=\"font-weight: 400;\" aria-level=\"1\">\u00a0Convient en standard \u00e0 une circonf\u00e9rence de poignet de 16-17cm<\/li>\n<\/ul>","protected":false},"excerpt":{"rendered":"<p><span style=\"font-weight: 400;\">citrine<\/span><\/p>","protected":false},"featured_media":14095,"template":"","meta":{"site-sidebar-layout":"default","site-content-layout":"default","ast-site-content-layout":"default","site-content-style":"default","site-sidebar-style":"default","ast-global-header-display":"","ast-banner-title-visibility":"","ast-main-header-display":"","ast-hfb-above-header-display":"","ast-hfb-below-header-display":"","ast-hfb-mobile-header-display":"","site-post-title":"","ast-breadcrumbs-content":"","ast-featured-img":"","footer-sml-layout":"","ast-disable-related-posts":"","theme-transparent-header-meta":"default","adv-header-id-meta":"","stick-header-meta":"","header-above-stick-meta":"","header-main-stick-meta":"","header-below-stick-meta":"","astra-migrate-meta-layouts":"set","ast-page-background-enabled":"default","ast-page-background-meta":{"desktop":{"background-color":"","background-image":"","background-repeat":"repeat","background-position":"center center","background-size":"auto","background-attachment":"scroll","background-type":"","background-media":"","overlay-type":"","overlay-color":"","overlay-opacity":"","overlay-gradient":""},"tablet":{"background-color":"","background-image":"","background-repeat":"repeat","background-position":"center center","background-size":"auto","background-attachment":"scroll","background-type":"","background-media":"","overlay-type":"","overlay-color":"","overlay-opacity":"","overlay-gradient":""},"mobile":{"background-color":"","background-image":"","background-repeat":"repeat","background-position":"center center","background-size":"auto","background-attachment":"scroll","background-type":"","background-media":"","overlay-type":"","overlay-color":"","overlay-opacity":"","overlay-gradient":""}},"ast-content-background-meta":{"desktop":{"background-color":"var(--ast-global-color-5)","background-image":"","background-repeat":"repeat","background-position":"center center","background-size":"auto","background-attachment":"scroll","background-type":"","background-media":"","overlay-type":"","overlay-color":"","overlay-opacity":"","overlay-gradient":""},"tablet":{"background-color":"var(--ast-global-color-5)","background-image":"","background-repeat":"repeat","background-position":"center center","background-size":"auto","background-attachment":"scroll","background-type":"","background-media":"","overlay-type":"","overlay-color":"","overlay-opacity":"","overlay-gradient":""},"mobile":{"background-color":"var(--ast-global-color-5)","background-image":"","background-repeat":"repeat","background-position":"center center","background-size":"auto","background-attachment":"scroll","background-type":"","background-media":"","overlay-type":"","overlay-color":"","overlay-opacity":"","overlay-gradient":""}},"_glsr_average":0,"_glsr_ranking":0,"_glsr_reviews":0},"product_brand":[224],"product_cat":[127,172],"product_tag":[175],"class_list":{"0":"post-8366","1":"product","2":"type-product","3":"status-publish","4":"has-post-thumbnail","6":"product_brand-folliamala","7":"product_cat-armband","8":"product_cat-zodiaco","9":"product_tag-citrin","10":"desktop-align-center","11":"tablet-align-left","12":"mobile-align-left","14":"first","15":"instock","16":"sold-individually","17":"shipping-taxable","18":"purchasable","19":"product-type-simple","20":"wpzoom-wc-spi-has-enabled"},"yoast_head":"<!-- This site is optimized with the Yoast SEO plugin v27.4 - https:\/\/yoast.com\/product\/yoast-seo-wordpress\/ -->\n<title>Zwillinge-Armband &#8211; Folliamala<\/title>\n<meta name=\"description\" content=\"Zwilling-Armband, Sternzeichen Zwillinge. Bist du zwischen dem 20. Mai und dem 21. Juni geboren oder hast die Zwillinge im Aszendent?\" \/>\n<meta name=\"robots\" content=\"index, follow, max-snippet:-1, max-image-preview:large, max-video-preview:-1\" \/>\n<link rel=\"canonical\" href=\"https:\/\/folliamala.ch\/fr\/product\/zwillinge-armband\/\" \/>\n<meta property=\"og:locale\" content=\"fr_FR\" \/>\n<meta property=\"og:type\" content=\"article\" \/>\n<meta property=\"og:title\" content=\"Zwillinge-Armband &#8211; Folliamala\" \/>\n<meta property=\"og:description\" content=\"Zwilling-Armband, Sternzeichen Zwillinge. Bist du zwischen dem 20. Mai und dem 21. Juni geboren oder hast die Zwillinge im Aszendent?\" \/>\n<meta property=\"og:url\" content=\"https:\/\/folliamala.ch\/fr\/product\/zwillinge-armband\/\" \/>\n<meta property=\"og:site_name\" content=\"Folliamala\" \/>\n<meta property=\"article:publisher\" content=\"https:\/\/www.facebook.com\/folliamala\/\" \/>\n<meta property=\"article:modified_time\" content=\"2025-12-22T11:55:38+00:00\" \/>\n<meta property=\"og:image\" content=\"https:\/\/folliamala.ch\/wp-content\/uploads\/2022\/09\/Zwilling_Armband_v.webp\" \/>\n\t<meta property=\"og:image:width\" content=\"1000\" \/>\n\t<meta property=\"og:image:height\" content=\"1000\" \/>\n\t<meta property=\"og:image:type\" content=\"image\/webp\" \/>\n<meta name=\"twitter:card\" content=\"summary_large_image\" \/>\n<meta name=\"twitter:label1\" content=\"Dur\u00e9e de lecture estim\u00e9e\" \/>\n\t<meta name=\"twitter:data1\" content=\"1 minute\" \/>\n<script type=\"application\/ld+json\" class=\"yoast-schema-graph\">{\"@context\":\"https:\\\/\\\/schema.org\",\"@graph\":[{\"@type\":\"WebPage\",\"@id\":\"https:\\\/\\\/folliamala.ch\\\/product\\\/zwillinge-armband\\\/\",\"url\":\"https:\\\/\\\/folliamala.ch\\\/product\\\/zwillinge-armband\\\/\",\"name\":\"Zwillinge-Armband &#8211; Folliamala\",\"isPartOf\":{\"@id\":\"https:\\\/\\\/folliamala.ch\\\/#website\"},\"primaryImageOfPage\":{\"@id\":\"https:\\\/\\\/folliamala.ch\\\/product\\\/zwillinge-armband\\\/#primaryimage\"},\"image\":{\"@id\":\"https:\\\/\\\/folliamala.ch\\\/product\\\/zwillinge-armband\\\/#primaryimage\"},\"thumbnailUrl\":\"https:\\\/\\\/folliamala.ch\\\/wp-content\\\/uploads\\\/2022\\\/09\\\/Zwilling_Armband_v.webp\",\"datePublished\":\"2022-09-03T21:34:10+00:00\",\"dateModified\":\"2025-12-22T11:55:38+00:00\",\"description\":\"Zwilling-Armband, Sternzeichen Zwillinge. Bist du zwischen dem 20. Mai und dem 21. Juni geboren oder hast die Zwillinge im Aszendent?\",\"breadcrumb\":{\"@id\":\"https:\\\/\\\/folliamala.ch\\\/product\\\/zwillinge-armband\\\/#breadcrumb\"},\"inLanguage\":\"fr-FR\",\"potentialAction\":[{\"@type\":\"ReadAction\",\"target\":[\"https:\\\/\\\/folliamala.ch\\\/product\\\/zwillinge-armband\\\/\"]}]},{\"@type\":\"ImageObject\",\"inLanguage\":\"fr-FR\",\"@id\":\"https:\\\/\\\/folliamala.ch\\\/product\\\/zwillinge-armband\\\/#primaryimage\",\"url\":\"https:\\\/\\\/folliamala.ch\\\/wp-content\\\/uploads\\\/2022\\\/09\\\/Zwilling_Armband_v.webp\",\"contentUrl\":\"https:\\\/\\\/folliamala.ch\\\/wp-content\\\/uploads\\\/2022\\\/09\\\/Zwilling_Armband_v.webp\",\"width\":1000,\"height\":1000,\"caption\":\"Sternzeichen-Armband Zwilling\"},{\"@type\":\"BreadcrumbList\",\"@id\":\"https:\\\/\\\/folliamala.ch\\\/product\\\/zwillinge-armband\\\/#breadcrumb\",\"itemListElement\":[{\"@type\":\"ListItem\",\"position\":1,\"name\":\"Startseite\",\"item\":\"https:\\\/\\\/folliamala.ch\\\/\"},{\"@type\":\"ListItem\",\"position\":2,\"name\":\"Shop\",\"item\":\"https:\\\/\\\/folliamala.ch\\\/store\\\/\"},{\"@type\":\"ListItem\",\"position\":3,\"name\":\"Zwillinge-Armband\"}]},{\"@type\":\"WebSite\",\"@id\":\"https:\\\/\\\/folliamala.ch\\\/#website\",\"url\":\"https:\\\/\\\/folliamala.ch\\\/\",\"name\":\"Folliamala\",\"description\":\"Mala Ketten &amp; Armb\u00e4nder\",\"publisher\":{\"@id\":\"https:\\\/\\\/folliamala.ch\\\/#organization\"},\"potentialAction\":[{\"@type\":\"SearchAction\",\"target\":{\"@type\":\"EntryPoint\",\"urlTemplate\":\"https:\\\/\\\/folliamala.ch\\\/?s={search_term_string}\"},\"query-input\":{\"@type\":\"PropertyValueSpecification\",\"valueRequired\":true,\"valueName\":\"search_term_string\"}}],\"inLanguage\":\"fr-FR\"},{\"@type\":\"Organization\",\"@id\":\"https:\\\/\\\/folliamala.ch\\\/#organization\",\"name\":\"Folliamala\",\"url\":\"https:\\\/\\\/folliamala.ch\\\/\",\"logo\":{\"@type\":\"ImageObject\",\"inLanguage\":\"fr-FR\",\"@id\":\"https:\\\/\\\/folliamala.ch\\\/#\\\/schema\\\/logo\\\/image\\\/\",\"url\":\"https:\\\/\\\/folliamala.ch\\\/wp-content\\\/uploads\\\/2021\\\/08\\\/folliamala_logo.png\",\"contentUrl\":\"https:\\\/\\\/folliamala.ch\\\/wp-content\\\/uploads\\\/2021\\\/08\\\/folliamala_logo.png\",\"width\":529,\"height\":109,\"caption\":\"Folliamala\"},\"image\":{\"@id\":\"https:\\\/\\\/folliamala.ch\\\/#\\\/schema\\\/logo\\\/image\\\/\"},\"sameAs\":[\"https:\\\/\\\/www.facebook.com\\\/folliamala\\\/\",\"https:\\\/\\\/www.instagram.com\\\/folliamala\\\/\",\"https:\\\/\\\/www.pinterest.de\\\/folliamala\\\/\"]}]}<\/script>\n<!-- \/ Yoast SEO plugin. -->","yoast_head_json":{"title":"Bracelet jumeaux - Folliamala","description":"Bracelet G\u00e9meaux, signe astrologique des G\u00e9meaux. Tu es n\u00e9(e) entre le 20 mai et le 21 juin ou tu as les G\u00e9meaux \u00e0 l'ascendant ?","robots":{"index":"index","follow":"follow","max-snippet":"max-snippet:-1","max-image-preview":"max-image-preview:large","max-video-preview":"max-video-preview:-1"},"canonical":"https:\/\/folliamala.ch\/fr\/product\/zwillinge-armband\/","og_locale":"fr_FR","og_type":"article","og_title":"Zwillinge-Armband &#8211; Folliamala","og_description":"Zwilling-Armband, Sternzeichen Zwillinge. Bist du zwischen dem 20. Mai und dem 21. Juni geboren oder hast die Zwillinge im Aszendent?","og_url":"https:\/\/folliamala.ch\/fr\/product\/zwillinge-armband\/","og_site_name":"Folliamala","article_publisher":"https:\/\/www.facebook.com\/folliamala\/","article_modified_time":"2025-12-22T11:55:38+00:00","og_image":[{"width":1000,"height":1000,"url":"https:\/\/folliamala.ch\/wp-content\/uploads\/2022\/09\/Zwilling_Armband_v.webp","type":"image\/webp"}],"twitter_card":"summary_large_image","twitter_misc":{"Dur\u00e9e de lecture estim\u00e9e":"1 minute"},"schema":{"@context":"https:\/\/schema.org","@graph":[{"@type":"WebPage","@id":"https:\/\/folliamala.ch\/product\/zwillinge-armband\/","url":"https:\/\/folliamala.ch\/product\/zwillinge-armband\/","name":"Bracelet jumeaux - Folliamala","isPartOf":{"@id":"https:\/\/folliamala.ch\/#website"},"primaryImageOfPage":{"@id":"https:\/\/folliamala.ch\/product\/zwillinge-armband\/#primaryimage"},"image":{"@id":"https:\/\/folliamala.ch\/product\/zwillinge-armband\/#primaryimage"},"thumbnailUrl":"https:\/\/folliamala.ch\/wp-content\/uploads\/2022\/09\/Zwilling_Armband_v.webp","datePublished":"2022-09-03T21:34:10+00:00","dateModified":"2025-12-22T11:55:38+00:00","description":"Bracelet G\u00e9meaux, signe astrologique des G\u00e9meaux. Tu es n\u00e9(e) entre le 20 mai et le 21 juin ou tu as les G\u00e9meaux \u00e0 l'ascendant ?","breadcrumb":{"@id":"https:\/\/folliamala.ch\/product\/zwillinge-armband\/#breadcrumb"},"inLanguage":"fr-FR","potentialAction":[{"@type":"ReadAction","target":["https:\/\/folliamala.ch\/product\/zwillinge-armband\/"]}]},{"@type":"ImageObject","inLanguage":"fr-FR","@id":"https:\/\/folliamala.ch\/product\/zwillinge-armband\/#primaryimage","url":"https:\/\/folliamala.ch\/wp-content\/uploads\/2022\/09\/Zwilling_Armband_v.webp","contentUrl":"https:\/\/folliamala.ch\/wp-content\/uploads\/2022\/09\/Zwilling_Armband_v.webp","width":1000,"height":1000,"caption":"Sternzeichen-Armband Zwilling"},{"@type":"BreadcrumbList","@id":"https:\/\/folliamala.ch\/product\/zwillinge-armband\/#breadcrumb","itemListElement":[{"@type":"ListItem","position":1,"name":"Startseite","item":"https:\/\/folliamala.ch\/"},{"@type":"ListItem","position":2,"name":"Shop","item":"https:\/\/folliamala.ch\/store\/"},{"@type":"ListItem","position":3,"name":"Zwillinge-Armband"}]},{"@type":"WebSite","@id":"https:\/\/folliamala.ch\/#website","url":"https:\/\/folliamala.ch\/","name":"Folliamala","description":"Malas et bracelets","publisher":{"@id":"https:\/\/folliamala.ch\/#organization"},"potentialAction":[{"@type":"SearchAction","target":{"@type":"EntryPoint","urlTemplate":"https:\/\/folliamala.ch\/?s={search_term_string}"},"query-input":{"@type":"PropertyValueSpecification","valueRequired":true,"valueName":"search_term_string"}}],"inLanguage":"fr-FR"},{"@type":"Organization","@id":"https:\/\/folliamala.ch\/#organization","name":"Folliamala","url":"https:\/\/folliamala.ch\/","logo":{"@type":"ImageObject","inLanguage":"fr-FR","@id":"https:\/\/folliamala.ch\/#\/schema\/logo\/image\/","url":"https:\/\/folliamala.ch\/wp-content\/uploads\/2021\/08\/folliamala_logo.png","contentUrl":"https:\/\/folliamala.ch\/wp-content\/uploads\/2021\/08\/folliamala_logo.png","width":529,"height":109,"caption":"Folliamala"},"image":{"@id":"https:\/\/folliamala.ch\/#\/schema\/logo\/image\/"},"sameAs":["https:\/\/www.facebook.com\/folliamala\/","https:\/\/www.instagram.com\/folliamala\/","https:\/\/www.pinterest.de\/folliamala\/"]}]}},"_links":{"self":[{"href":"https:\/\/folliamala.ch\/fr\/wp-json\/wp\/v2\/product\/8366","targetHints":{"allow":["GET"]}}],"collection":[{"href":"https:\/\/folliamala.ch\/fr\/wp-json\/wp\/v2\/product"}],"about":[{"href":"https:\/\/folliamala.ch\/fr\/wp-json\/wp\/v2\/types\/product"}],"version-history":[{"count":7,"href":"https:\/\/folliamala.ch\/fr\/wp-json\/wp\/v2\/product\/8366\/revisions"}],"predecessor-version":[{"id":14099,"href":"https:\/\/folliamala.ch\/fr\/wp-json\/wp\/v2\/product\/8366\/revisions\/14099"}],"wp:featuredmedia":[{"embeddable":true,"href":"https:\/\/folliamala.ch\/fr\/wp-json\/wp\/v2\/media\/14095"}],"wp:attachment":[{"href":"https:\/\/folliamala.ch\/fr\/wp-json\/wp\/v2\/media?parent=8366"}],"wp:term":[{"taxonomy":"product_brand","embeddable":true,"href":"https:\/\/folliamala.ch\/fr\/wp-json\/wp\/v2\/product_brand?post=8366"},{"taxonomy":"product_cat","embeddable":true,"href":"https:\/\/folliamala.ch\/fr\/wp-json\/wp\/v2\/product_cat?post=8366"},{"taxonomy":"product_tag","embeddable":true,"href":"https:\/\/folliamala.ch\/fr\/wp-json\/wp\/v2\/product_tag?post=8366"}],"curies":[{"name":"wp","href":"https:\/\/api.w.org\/{rel}","templated":true}]}}