{"id":8422,"date":"2022-09-03T23:14:38","date_gmt":"2022-09-03T21:14:38","guid":{"rendered":"https:\/\/folliamala.ch\/?post_type=product&#038;p=8422"},"modified":"2025-12-22T13:56:16","modified_gmt":"2025-12-22T11:56:16","slug":"waage-armband","status":"publish","type":"product","link":"https:\/\/folliamala.ch\/fr\/product\/waage-armband\/","title":{"rendered":"Bracelet de la Balance"},"content":{"rendered":"<p class=\"translation-block\"><strong><b>Bracelet li\u00e9 au signe astrologique de la <\/b>Balance<\/strong><\/p>\n<p>Tu es n\u00e9(e) entre le 24 septembre et le 23 octobre ou tu as la Balance \u00e0 l'ascendant ? Ce bracelet de la Balance est fait pour toi.<\/p>\n<p>La Balance est un signe d\u2019\u00e9quilibre, de justice ou d\u2019\u00e9quit\u00e9. Elle s\u2019efforce de cr\u00e9er un monde \u00e9quilibr\u00e9. La Vierge recherche la paix et l\u2019harmonie. Son optimisme est \u00e0 toute \u00e9preuve, m\u00eame dans les moments les plus difficiles. Sa vie est li\u00e9e aux autres, \u00e0 ses amis, \u00e0 sa famille, \u00e0 ses coll\u00e8gues et, surtout, \u00e0 son amoureux-se. Sa recherche d\u2019\u00e9quilibre implique compromis, m\u00e9ditation, \u00e9galit\u00e9, diplomatie et n\u00e9gociation. Dans ses relations avec autrui, la Balance aime donner et recevoir. Ses comp\u00e9tences sociales sont excellentes. Aimable et d\u2019une nature distingu\u00e9e, la Balance parle et agit avec gr\u00e2ce et \u00e9l\u00e9gance.<\/p>\n<h6><b>Caract\u00e9ristiques de la Balance<\/b><\/h6>\n<p>D\u00e9licate, coop\u00e9rative, romantique, aimable, sympathique, id\u00e9aliste, loyale, ind\u00e9cise, charmante, sociable<\/p>\n<h6><b>Pierres pr\u00e9cieuses de la Balance<\/b><\/h6>\n<p class=\"translation-block\">Le\u00a0<strong>quartz fum\u00e9<\/strong>\u00a0est une pierre importante de ce signe, car elle est consid\u00e9r\u00e9e comme la pierre de protection par excellence. Elle accro\u00eet l\u2019ing\u00e9niosit\u00e9 et aide \u00e0 surmonter les probl\u00e8mes. Elle peut donner naissance \u00e0 de nouvelles id\u00e9es qui contribuent \u00e0 l\u2019\u00e9quilibre et \u00e0 une image positive de soi.<\/p>\n<h6><b>D\u00e9tails du bracelet<\/b><\/h6>\n<ul>\n<li style=\"font-weight: 400;\" aria-level=\"1\"><span style=\"font-weight: 400;\">Taille des perles : 6 mm<\/span><\/li>\n<li aria-level=\"1\">Avec petit pendentif signe astrologique de la Balance<\/li>\n<li style=\"font-weight: 400;\" aria-level=\"1\">Mont\u00e9 sur une bande extensible durable pour un confort optimal<\/li>\n<li style=\"font-weight: 400;\" aria-level=\"1\">\u00a0Convient en standard \u00e0 une circonf\u00e9rence de poignet de 16-17cm<\/li>\n<\/ul>","protected":false},"excerpt":{"rendered":"<p>Quartz fum\u00e9<\/p>","protected":false},"featured_media":14089,"template":"","meta":{"site-sidebar-layout":"default","site-content-layout":"default","ast-site-content-layout":"default","site-content-style":"default","site-sidebar-style":"default","ast-global-header-display":"","ast-banner-title-visibility":"","ast-main-header-display":"","ast-hfb-above-header-display":"","ast-hfb-below-header-display":"","ast-hfb-mobile-header-display":"","site-post-title":"","ast-breadcrumbs-content":"","ast-featured-img":"","footer-sml-layout":"","ast-disable-related-posts":"","theme-transparent-header-meta":"default","adv-header-id-meta":"","stick-header-meta":"","header-above-stick-meta":"","header-main-stick-meta":"","header-below-stick-meta":"","astra-migrate-meta-layouts":"set","ast-page-background-enabled":"default","ast-page-background-meta":{"desktop":{"background-color":"","background-image":"","background-repeat":"repeat","background-position":"center center","background-size":"auto","background-attachment":"scroll","background-type":"","background-media":"","overlay-type":"","overlay-color":"","overlay-opacity":"","overlay-gradient":""},"tablet":{"background-color":"","background-image":"","background-repeat":"repeat","background-position":"center center","background-size":"auto","background-attachment":"scroll","background-type":"","background-media":"","overlay-type":"","overlay-color":"","overlay-opacity":"","overlay-gradient":""},"mobile":{"background-color":"","background-image":"","background-repeat":"repeat","background-position":"center center","background-size":"auto","background-attachment":"scroll","background-type":"","background-media":"","overlay-type":"","overlay-color":"","overlay-opacity":"","overlay-gradient":""}},"ast-content-background-meta":{"desktop":{"background-color":"var(--ast-global-color-5)","background-image":"","background-repeat":"repeat","background-position":"center center","background-size":"auto","background-attachment":"scroll","background-type":"","background-media":"","overlay-type":"","overlay-color":"","overlay-opacity":"","overlay-gradient":""},"tablet":{"background-color":"var(--ast-global-color-5)","background-image":"","background-repeat":"repeat","background-position":"center center","background-size":"auto","background-attachment":"scroll","background-type":"","background-media":"","overlay-type":"","overlay-color":"","overlay-opacity":"","overlay-gradient":""},"mobile":{"background-color":"var(--ast-global-color-5)","background-image":"","background-repeat":"repeat","background-position":"center center","background-size":"auto","background-attachment":"scroll","background-type":"","background-media":"","overlay-type":"","overlay-color":"","overlay-opacity":"","overlay-gradient":""}},"_glsr_average":0,"_glsr_ranking":0,"_glsr_reviews":0},"product_brand":[224],"product_cat":[127,172],"product_tag":[185],"class_list":{"0":"post-8422","1":"product","2":"type-product","3":"status-publish","4":"has-post-thumbnail","6":"product_brand-folliamala","7":"product_cat-armband","8":"product_cat-zodiaco","9":"product_tag-rauchquarz","10":"desktop-align-center","11":"tablet-align-left","12":"mobile-align-left","14":"first","15":"instock","16":"sold-individually","17":"shipping-taxable","18":"purchasable","19":"product-type-simple","20":"wpzoom-wc-spi-has-enabled"},"yoast_head":"<!-- This site is optimized with the Yoast SEO plugin v27.4 - https:\/\/yoast.com\/product\/yoast-seo-wordpress\/ -->\n<title>Waage-Armband &#8211; Folliamala<\/title>\n<meta name=\"description\" content=\"Waage-Armband, Sternzeichen Waage. Bist du zwischen dem 22. September und dem 22. Oktober geboren oder hast du die Waage im Aszendent?\" \/>\n<meta name=\"robots\" content=\"index, follow, max-snippet:-1, max-image-preview:large, max-video-preview:-1\" \/>\n<link rel=\"canonical\" href=\"https:\/\/folliamala.ch\/fr\/product\/waage-armband\/\" \/>\n<meta property=\"og:locale\" content=\"fr_FR\" \/>\n<meta property=\"og:type\" content=\"article\" \/>\n<meta property=\"og:title\" content=\"Waage-Armband &#8211; Folliamala\" \/>\n<meta property=\"og:description\" content=\"Waage-Armband, Sternzeichen Waage. Bist du zwischen dem 22. September und dem 22. Oktober geboren oder hast du die Waage im Aszendent?\" \/>\n<meta property=\"og:url\" content=\"https:\/\/folliamala.ch\/fr\/product\/waage-armband\/\" \/>\n<meta property=\"og:site_name\" content=\"Folliamala\" \/>\n<meta property=\"article:publisher\" content=\"https:\/\/www.facebook.com\/folliamala\/\" \/>\n<meta property=\"article:modified_time\" content=\"2025-12-22T11:56:16+00:00\" \/>\n<meta property=\"og:image\" content=\"https:\/\/folliamala.ch\/wp-content\/uploads\/2022\/09\/Waage_Armband_v.webp\" \/>\n\t<meta property=\"og:image:width\" content=\"1000\" \/>\n\t<meta property=\"og:image:height\" content=\"1000\" \/>\n\t<meta property=\"og:image:type\" content=\"image\/webp\" \/>\n<meta name=\"twitter:card\" content=\"summary_large_image\" \/>\n<meta name=\"twitter:label1\" content=\"Dur\u00e9e de lecture estim\u00e9e\" \/>\n\t<meta name=\"twitter:data1\" content=\"1 minute\" \/>\n<script type=\"application\/ld+json\" class=\"yoast-schema-graph\">{\"@context\":\"https:\\\/\\\/schema.org\",\"@graph\":[{\"@type\":\"WebPage\",\"@id\":\"https:\\\/\\\/folliamala.ch\\\/product\\\/waage-armband\\\/\",\"url\":\"https:\\\/\\\/folliamala.ch\\\/product\\\/waage-armband\\\/\",\"name\":\"Waage-Armband &#8211; Folliamala\",\"isPartOf\":{\"@id\":\"https:\\\/\\\/folliamala.ch\\\/#website\"},\"primaryImageOfPage\":{\"@id\":\"https:\\\/\\\/folliamala.ch\\\/product\\\/waage-armband\\\/#primaryimage\"},\"image\":{\"@id\":\"https:\\\/\\\/folliamala.ch\\\/product\\\/waage-armband\\\/#primaryimage\"},\"thumbnailUrl\":\"https:\\\/\\\/folliamala.ch\\\/wp-content\\\/uploads\\\/2022\\\/09\\\/Waage_Armband_v.webp\",\"datePublished\":\"2022-09-03T21:14:38+00:00\",\"dateModified\":\"2025-12-22T11:56:16+00:00\",\"description\":\"Waage-Armband, Sternzeichen Waage. Bist du zwischen dem 22. September und dem 22. Oktober geboren oder hast du die Waage im Aszendent?\",\"breadcrumb\":{\"@id\":\"https:\\\/\\\/folliamala.ch\\\/product\\\/waage-armband\\\/#breadcrumb\"},\"inLanguage\":\"fr-FR\",\"potentialAction\":[{\"@type\":\"ReadAction\",\"target\":[\"https:\\\/\\\/folliamala.ch\\\/product\\\/waage-armband\\\/\"]}]},{\"@type\":\"ImageObject\",\"inLanguage\":\"fr-FR\",\"@id\":\"https:\\\/\\\/folliamala.ch\\\/product\\\/waage-armband\\\/#primaryimage\",\"url\":\"https:\\\/\\\/folliamala.ch\\\/wp-content\\\/uploads\\\/2022\\\/09\\\/Waage_Armband_v.webp\",\"contentUrl\":\"https:\\\/\\\/folliamala.ch\\\/wp-content\\\/uploads\\\/2022\\\/09\\\/Waage_Armband_v.webp\",\"width\":1000,\"height\":1000,\"caption\":\"Sternzeichen-Armband Waage\"},{\"@type\":\"BreadcrumbList\",\"@id\":\"https:\\\/\\\/folliamala.ch\\\/product\\\/waage-armband\\\/#breadcrumb\",\"itemListElement\":[{\"@type\":\"ListItem\",\"position\":1,\"name\":\"Startseite\",\"item\":\"https:\\\/\\\/folliamala.ch\\\/\"},{\"@type\":\"ListItem\",\"position\":2,\"name\":\"Shop\",\"item\":\"https:\\\/\\\/folliamala.ch\\\/store\\\/\"},{\"@type\":\"ListItem\",\"position\":3,\"name\":\"Waage-Armband\"}]},{\"@type\":\"WebSite\",\"@id\":\"https:\\\/\\\/folliamala.ch\\\/#website\",\"url\":\"https:\\\/\\\/folliamala.ch\\\/\",\"name\":\"Folliamala\",\"description\":\"Mala Ketten &amp; Armb\u00e4nder\",\"publisher\":{\"@id\":\"https:\\\/\\\/folliamala.ch\\\/#organization\"},\"potentialAction\":[{\"@type\":\"SearchAction\",\"target\":{\"@type\":\"EntryPoint\",\"urlTemplate\":\"https:\\\/\\\/folliamala.ch\\\/?s={search_term_string}\"},\"query-input\":{\"@type\":\"PropertyValueSpecification\",\"valueRequired\":true,\"valueName\":\"search_term_string\"}}],\"inLanguage\":\"fr-FR\"},{\"@type\":\"Organization\",\"@id\":\"https:\\\/\\\/folliamala.ch\\\/#organization\",\"name\":\"Folliamala\",\"url\":\"https:\\\/\\\/folliamala.ch\\\/\",\"logo\":{\"@type\":\"ImageObject\",\"inLanguage\":\"fr-FR\",\"@id\":\"https:\\\/\\\/folliamala.ch\\\/#\\\/schema\\\/logo\\\/image\\\/\",\"url\":\"https:\\\/\\\/folliamala.ch\\\/wp-content\\\/uploads\\\/2021\\\/08\\\/folliamala_logo.png\",\"contentUrl\":\"https:\\\/\\\/folliamala.ch\\\/wp-content\\\/uploads\\\/2021\\\/08\\\/folliamala_logo.png\",\"width\":529,\"height\":109,\"caption\":\"Folliamala\"},\"image\":{\"@id\":\"https:\\\/\\\/folliamala.ch\\\/#\\\/schema\\\/logo\\\/image\\\/\"},\"sameAs\":[\"https:\\\/\\\/www.facebook.com\\\/folliamala\\\/\",\"https:\\\/\\\/www.instagram.com\\\/folliamala\\\/\",\"https:\\\/\\\/www.pinterest.de\\\/folliamala\\\/\"]}]}<\/script>\n<!-- \/ Yoast SEO plugin. -->","yoast_head_json":{"title":"Bracelet de la balance - Folliamala","description":"Bracelet de la Balance, signe astrologique de la Balance. Tu es n\u00e9(e) entre le 22 septembre et le 22 octobre ou tu as la Balance \u00e0 l'ascendant ?","robots":{"index":"index","follow":"follow","max-snippet":"max-snippet:-1","max-image-preview":"max-image-preview:large","max-video-preview":"max-video-preview:-1"},"canonical":"https:\/\/folliamala.ch\/fr\/product\/waage-armband\/","og_locale":"fr_FR","og_type":"article","og_title":"Waage-Armband &#8211; Folliamala","og_description":"Waage-Armband, Sternzeichen Waage. Bist du zwischen dem 22. September und dem 22. Oktober geboren oder hast du die Waage im Aszendent?","og_url":"https:\/\/folliamala.ch\/fr\/product\/waage-armband\/","og_site_name":"Folliamala","article_publisher":"https:\/\/www.facebook.com\/folliamala\/","article_modified_time":"2025-12-22T11:56:16+00:00","og_image":[{"width":1000,"height":1000,"url":"https:\/\/folliamala.ch\/wp-content\/uploads\/2022\/09\/Waage_Armband_v.webp","type":"image\/webp"}],"twitter_card":"summary_large_image","twitter_misc":{"Dur\u00e9e de lecture estim\u00e9e":"1 minute"},"schema":{"@context":"https:\/\/schema.org","@graph":[{"@type":"WebPage","@id":"https:\/\/folliamala.ch\/product\/waage-armband\/","url":"https:\/\/folliamala.ch\/product\/waage-armband\/","name":"Bracelet de la balance - Folliamala","isPartOf":{"@id":"https:\/\/folliamala.ch\/#website"},"primaryImageOfPage":{"@id":"https:\/\/folliamala.ch\/product\/waage-armband\/#primaryimage"},"image":{"@id":"https:\/\/folliamala.ch\/product\/waage-armband\/#primaryimage"},"thumbnailUrl":"https:\/\/folliamala.ch\/wp-content\/uploads\/2022\/09\/Waage_Armband_v.webp","datePublished":"2022-09-03T21:14:38+00:00","dateModified":"2025-12-22T11:56:16+00:00","description":"Bracelet de la Balance, signe astrologique de la Balance. Tu es n\u00e9(e) entre le 22 septembre et le 22 octobre ou tu as la Balance \u00e0 l'ascendant ?","breadcrumb":{"@id":"https:\/\/folliamala.ch\/product\/waage-armband\/#breadcrumb"},"inLanguage":"fr-FR","potentialAction":[{"@type":"ReadAction","target":["https:\/\/folliamala.ch\/product\/waage-armband\/"]}]},{"@type":"ImageObject","inLanguage":"fr-FR","@id":"https:\/\/folliamala.ch\/product\/waage-armband\/#primaryimage","url":"https:\/\/folliamala.ch\/wp-content\/uploads\/2022\/09\/Waage_Armband_v.webp","contentUrl":"https:\/\/folliamala.ch\/wp-content\/uploads\/2022\/09\/Waage_Armband_v.webp","width":1000,"height":1000,"caption":"Sternzeichen-Armband Waage"},{"@type":"BreadcrumbList","@id":"https:\/\/folliamala.ch\/product\/waage-armband\/#breadcrumb","itemListElement":[{"@type":"ListItem","position":1,"name":"Startseite","item":"https:\/\/folliamala.ch\/"},{"@type":"ListItem","position":2,"name":"Shop","item":"https:\/\/folliamala.ch\/store\/"},{"@type":"ListItem","position":3,"name":"Waage-Armband"}]},{"@type":"WebSite","@id":"https:\/\/folliamala.ch\/#website","url":"https:\/\/folliamala.ch\/","name":"Folliamala","description":"Malas et bracelets","publisher":{"@id":"https:\/\/folliamala.ch\/#organization"},"potentialAction":[{"@type":"SearchAction","target":{"@type":"EntryPoint","urlTemplate":"https:\/\/folliamala.ch\/?s={search_term_string}"},"query-input":{"@type":"PropertyValueSpecification","valueRequired":true,"valueName":"search_term_string"}}],"inLanguage":"fr-FR"},{"@type":"Organization","@id":"https:\/\/folliamala.ch\/#organization","name":"Folliamala","url":"https:\/\/folliamala.ch\/","logo":{"@type":"ImageObject","inLanguage":"fr-FR","@id":"https:\/\/folliamala.ch\/#\/schema\/logo\/image\/","url":"https:\/\/folliamala.ch\/wp-content\/uploads\/2021\/08\/folliamala_logo.png","contentUrl":"https:\/\/folliamala.ch\/wp-content\/uploads\/2021\/08\/folliamala_logo.png","width":529,"height":109,"caption":"Folliamala"},"image":{"@id":"https:\/\/folliamala.ch\/#\/schema\/logo\/image\/"},"sameAs":["https:\/\/www.facebook.com\/folliamala\/","https:\/\/www.instagram.com\/folliamala\/","https:\/\/www.pinterest.de\/folliamala\/"]}]}},"_links":{"self":[{"href":"https:\/\/folliamala.ch\/fr\/wp-json\/wp\/v2\/product\/8422","targetHints":{"allow":["GET"]}}],"collection":[{"href":"https:\/\/folliamala.ch\/fr\/wp-json\/wp\/v2\/product"}],"about":[{"href":"https:\/\/folliamala.ch\/fr\/wp-json\/wp\/v2\/types\/product"}],"version-history":[{"count":6,"href":"https:\/\/folliamala.ch\/fr\/wp-json\/wp\/v2\/product\/8422\/revisions"}],"predecessor-version":[{"id":14106,"href":"https:\/\/folliamala.ch\/fr\/wp-json\/wp\/v2\/product\/8422\/revisions\/14106"}],"wp:featuredmedia":[{"embeddable":true,"href":"https:\/\/folliamala.ch\/fr\/wp-json\/wp\/v2\/media\/14089"}],"wp:attachment":[{"href":"https:\/\/folliamala.ch\/fr\/wp-json\/wp\/v2\/media?parent=8422"}],"wp:term":[{"taxonomy":"product_brand","embeddable":true,"href":"https:\/\/folliamala.ch\/fr\/wp-json\/wp\/v2\/product_brand?post=8422"},{"taxonomy":"product_cat","embeddable":true,"href":"https:\/\/folliamala.ch\/fr\/wp-json\/wp\/v2\/product_cat?post=8422"},{"taxonomy":"product_tag","embeddable":true,"href":"https:\/\/folliamala.ch\/fr\/wp-json\/wp\/v2\/product_tag?post=8422"}],"curies":[{"name":"wp","href":"https:\/\/api.w.org\/{rel}","templated":true}]}}