{"id":9086,"date":"2023-04-16T18:08:02","date_gmt":"2023-04-16T16:08:02","guid":{"rendered":"https:\/\/folliamala.ch\/?post_type=product&#038;p=9086"},"modified":"2026-04-07T20:44:34","modified_gmt":"2026-04-07T18:44:34","slug":"chakra-armband","status":"publish","type":"product","link":"https:\/\/folliamala.ch\/fr\/product\/chakra-armband\/","title":{"rendered":"Bracelet des chakras"},"content":{"rendered":"<p><strong>Ce bracelet de chakra r\u00e9unit les 7 chakras:<\/strong><\/p>\n<ul>\n<li><span style=\"font-weight: 400;\"><span style=\"color: #227999;\">Chakra racine<\/span><br \/>\n<\/span><span style=\"font-weight: 400;\">Pierre pr\u00e9cieuse: agate rouge<br \/>\n<\/span><span style=\"font-weight: 400;\">Centre d'\u00e9nergie pour: la confiance, la survie, les racines, <\/span><span style=\"font-weight: 400;\">l\u2019existence mat\u00e9rielle<br \/>\n<\/span><span style=\"font-weight: 400;\">Affirmation: Je fais confiance \u00e0 la force de la vie<\/span><\/li>\n<li><span style=\"font-weight: 400; color: #227999;\">Chakra sacr\u00e9<\/span><br \/>\n<span style=\"font-weight: 400;\">Pierre pr\u00e9cieuse: cornaline<br \/>\n<\/span><span style=\"font-weight: 400;\">Centre d\u2019\u00e9nergie pour: les \u00e9motions, la sexualit\u00e9, la cr\u00e9ativit\u00e9, la joie de vivre<br \/>\n<\/span><span style=\"font-weight: 400;\">Affirmation: Je suis plein-e de joie et de cr\u00e9ativit\u00e9<\/span><\/li>\n<li><span style=\"font-weight: 400; color: #227999;\">Chakra du plexus solaire<\/span><br \/>\n<span style=\"font-weight: 400;\">Pierre pr\u00e9cieuse<\/span><span style=\"font-weight: 400;\">: citrine<br \/>\n<\/span><span style=\"font-weight: 400;\">Centre d'\u00e9nergie pour: la vitalit\u00e9, la conscience de soi, la volont\u00e9, <\/span><span style=\"font-weight: 400;\">la d\u00e9termination<br \/>\n<\/span><span style=\"font-weight: 400;\">Affirmation: J\u2019atteins mes objectifs avec facilit\u00e9<\/span><\/li>\n<li><span style=\"font-weight: 400; color: #227999;\">Chakra du c\u0153ur<\/span><br \/>\n<span style=\"font-weight: 400;\">Pierre pr\u00e9cieuse<\/span><span style=\"font-weight: 400;\">: aventurine<br \/>\n<\/span><span style=\"font-weight: 400;\">Centre d'\u00e9nergie pour: l\u2019amour, les relations, la compassion, l\u2019acceptation<br \/>\n<\/span><span style=\"font-weight: 400;\">Affirmation: Je suis l\u2019amour<\/span><\/li>\n<li><span style=\"font-weight: 400; color: #227999;\">Chakra de la gorge<\/span><br \/>\n<span style=\"font-weight: 400;\">Pierre pr\u00e9cieuse<\/span><span style=\"font-weight: 400;\">: sodalite<br \/>\n<\/span><span style=\"font-weight: 400;\">Centre d'\u00e9nergie pour: la communication claire, l\u2019expression de soi, <\/span><span style=\"font-weight: 400;\">v\u00e9rit\u00e9 propre<br \/>\n<\/span><span style=\"font-weight: 400;\">Affirmation: Je d\u00e9fends mon opinion<\/span><\/li>\n<li><span style=\"font-weight: 400; color: #227999;\">Chakra frontal (troisi\u00e8me \u0153il)<\/span><br \/>\n<span style=\"font-weight: 400;\">Pierre pr\u00e9cieuse<\/span><span style=\"font-weight: 400;\">: am\u00e9thyste<br \/>\n<\/span><span style=\"font-weight: 400;\">Centre d'\u00e9nergie pour: la perception, la reconnaissance, l\u2019imagination, <\/span><span style=\"font-weight: 400;\">l\u2019intuition<br \/>\n<\/span><span style=\"font-weight: 400;\">Affirmation: Je fais confiance \u00e0 mes sentiments et \u00e0 mon intuition<\/span><\/li>\n<li><span style=\"font-weight: 400; color: #227999;\">Chakra couronne<\/span><br \/>\n<span style=\"font-weight: 400;\">Pierre pr\u00e9cieuse<\/span><span style=\"font-weight: 400;\">: cristal de roche<br \/>\n<\/span><span style=\"font-weight: 400;\">Centre d'\u00e9nergie pour: la sagesse, la spiritualit\u00e9, la conscience, la connexion<br \/>\n<\/span><span style=\"font-weight: 400;\">Affirmation: Je m'ouvre \u00e0 l\u2019amour divin<\/span><\/li>\n<\/ul>\n<ul>\n<li>Base: perles en \u00e9b\u00e8ne<\/li>\n<li class=\"li1\"><span style=\"font-weight: 400;\">Taille des perles: \u00f8 6 mm<\/span><\/li>\n<li style=\"font-weight: 400;\" aria-level=\"1\"><span style=\"font-weight: 400;\">Mont\u00e9 sur \u00e9lastique<\/span><\/li>\n<li>Pour un tour de poignet de 15-17 cm<\/li>\n<\/ul>","protected":false},"excerpt":{"rendered":"<p>Bracelet des 7 chakras<\/p>","protected":false},"featured_media":9070,"template":"","meta":{"site-sidebar-layout":"default","site-content-layout":"default","ast-site-content-layout":"default","site-content-style":"default","site-sidebar-style":"default","ast-global-header-display":"","ast-banner-title-visibility":"","ast-main-header-display":"","ast-hfb-above-header-display":"","ast-hfb-below-header-display":"","ast-hfb-mobile-header-display":"","site-post-title":"","ast-breadcrumbs-content":"","ast-featured-img":"","footer-sml-layout":"","ast-disable-related-posts":"","theme-transparent-header-meta":"default","adv-header-id-meta":"","stick-header-meta":"","header-above-stick-meta":"","header-main-stick-meta":"","header-below-stick-meta":"","astra-migrate-meta-layouts":"set","ast-page-background-enabled":"default","ast-page-background-meta":{"desktop":{"background-color":"","background-image":"","background-repeat":"repeat","background-position":"center center","background-size":"auto","background-attachment":"scroll","background-type":"","background-media":"","overlay-type":"","overlay-color":"","overlay-opacity":"","overlay-gradient":""},"tablet":{"background-color":"","background-image":"","background-repeat":"repeat","background-position":"center center","background-size":"auto","background-attachment":"scroll","background-type":"","background-media":"","overlay-type":"","overlay-color":"","overlay-opacity":"","overlay-gradient":""},"mobile":{"background-color":"","background-image":"","background-repeat":"repeat","background-position":"center center","background-size":"auto","background-attachment":"scroll","background-type":"","background-media":"","overlay-type":"","overlay-color":"","overlay-opacity":"","overlay-gradient":""}},"ast-content-background-meta":{"desktop":{"background-color":"var(--ast-global-color-5)","background-image":"","background-repeat":"repeat","background-position":"center center","background-size":"auto","background-attachment":"scroll","background-type":"","background-media":"","overlay-type":"","overlay-color":"","overlay-opacity":"","overlay-gradient":""},"tablet":{"background-color":"var(--ast-global-color-5)","background-image":"","background-repeat":"repeat","background-position":"center center","background-size":"auto","background-attachment":"scroll","background-type":"","background-media":"","overlay-type":"","overlay-color":"","overlay-opacity":"","overlay-gradient":""},"mobile":{"background-color":"var(--ast-global-color-5)","background-image":"","background-repeat":"repeat","background-position":"center center","background-size":"auto","background-attachment":"scroll","background-type":"","background-media":"","overlay-type":"","overlay-color":"","overlay-opacity":"","overlay-gradient":""}},"_glsr_average":0,"_glsr_ranking":0,"_glsr_reviews":0},"product_brand":[224],"product_cat":[127,195],"product_tag":[99,123,101,107,175,184,124,114],"class_list":{"0":"post-9086","1":"product","2":"type-product","3":"status-publish","4":"has-post-thumbnail","6":"product_brand-folliamala","7":"product_cat-armband","8":"product_cat-chakra-armbaender","9":"product_tag-achat","10":"product_tag-amethyst","11":"product_tag-aventurin","12":"product_tag-bergkristall","13":"product_tag-citrin","14":"product_tag-holz","15":"product_tag-karneol","16":"product_tag-sodalith","17":"desktop-align-center","18":"tablet-align-left","19":"mobile-align-left","21":"first","22":"instock","23":"sold-individually","24":"purchasable","25":"product-type-simple","26":"wpzoom-wc-spi-has-enabled"},"yoast_head":"<!-- This site is optimized with the Yoast SEO plugin v27.4 - https:\/\/yoast.com\/product\/yoast-seo-wordpress\/ -->\n<title>Chakra-Armband &#8211; Folliamala<\/title>\n<meta name=\"description\" content=\"Chakra-Armband vereint alle 7 Chakren: Es bringt den K\u00f6rper in Harmonie mit Geist und Seele und st\u00e4rkt die eigene Pers\u00f6nlichkeit.\" \/>\n<meta name=\"robots\" content=\"index, follow, max-snippet:-1, max-image-preview:large, max-video-preview:-1\" \/>\n<link rel=\"canonical\" href=\"https:\/\/folliamala.ch\/fr\/product\/chakra-armband\/\" \/>\n<meta property=\"og:locale\" content=\"fr_FR\" \/>\n<meta property=\"og:type\" content=\"article\" \/>\n<meta property=\"og:title\" content=\"Chakra-Armband &#8211; Folliamala\" \/>\n<meta property=\"og:description\" content=\"Chakra-Armband vereint alle 7 Chakren: Es bringt den K\u00f6rper in Harmonie mit Geist und Seele und st\u00e4rkt die eigene Pers\u00f6nlichkeit.\" \/>\n<meta property=\"og:url\" content=\"https:\/\/folliamala.ch\/fr\/product\/chakra-armband\/\" \/>\n<meta property=\"og:site_name\" content=\"Folliamala\" \/>\n<meta property=\"article:publisher\" content=\"https:\/\/www.facebook.com\/folliamala\/\" \/>\n<meta property=\"article:modified_time\" content=\"2026-04-07T18:44:34+00:00\" \/>\n<meta property=\"og:image\" content=\"https:\/\/folliamala.ch\/wp-content\/uploads\/2023\/04\/Chakra_alle_o.webp\" \/>\n\t<meta property=\"og:image:width\" content=\"1000\" \/>\n\t<meta property=\"og:image:height\" content=\"1000\" \/>\n\t<meta property=\"og:image:type\" content=\"image\/webp\" \/>\n<meta name=\"twitter:card\" content=\"summary_large_image\" \/>\n<meta name=\"twitter:label1\" content=\"Dur\u00e9e de lecture estim\u00e9e\" \/>\n\t<meta name=\"twitter:data1\" content=\"1 minute\" \/>\n<script type=\"application\/ld+json\" class=\"yoast-schema-graph\">{\"@context\":\"https:\\\/\\\/schema.org\",\"@graph\":[{\"@type\":\"WebPage\",\"@id\":\"https:\\\/\\\/folliamala.ch\\\/product\\\/chakra-armband\\\/\",\"url\":\"https:\\\/\\\/folliamala.ch\\\/product\\\/chakra-armband\\\/\",\"name\":\"Chakra-Armband &#8211; Folliamala\",\"isPartOf\":{\"@id\":\"https:\\\/\\\/folliamala.ch\\\/#website\"},\"primaryImageOfPage\":{\"@id\":\"https:\\\/\\\/folliamala.ch\\\/product\\\/chakra-armband\\\/#primaryimage\"},\"image\":{\"@id\":\"https:\\\/\\\/folliamala.ch\\\/product\\\/chakra-armband\\\/#primaryimage\"},\"thumbnailUrl\":\"https:\\\/\\\/folliamala.ch\\\/wp-content\\\/uploads\\\/2023\\\/04\\\/Chakra_alle_o.webp\",\"datePublished\":\"2023-04-16T16:08:02+00:00\",\"dateModified\":\"2026-04-07T18:44:34+00:00\",\"description\":\"Chakra-Armband vereint alle 7 Chakren: Es bringt den K\u00f6rper in Harmonie mit Geist und Seele und st\u00e4rkt die eigene Pers\u00f6nlichkeit.\",\"breadcrumb\":{\"@id\":\"https:\\\/\\\/folliamala.ch\\\/product\\\/chakra-armband\\\/#breadcrumb\"},\"inLanguage\":\"fr-FR\",\"potentialAction\":[{\"@type\":\"ReadAction\",\"target\":[\"https:\\\/\\\/folliamala.ch\\\/product\\\/chakra-armband\\\/\"]}]},{\"@type\":\"ImageObject\",\"inLanguage\":\"fr-FR\",\"@id\":\"https:\\\/\\\/folliamala.ch\\\/product\\\/chakra-armband\\\/#primaryimage\",\"url\":\"https:\\\/\\\/folliamala.ch\\\/wp-content\\\/uploads\\\/2023\\\/04\\\/Chakra_alle_o.webp\",\"contentUrl\":\"https:\\\/\\\/folliamala.ch\\\/wp-content\\\/uploads\\\/2023\\\/04\\\/Chakra_alle_o.webp\",\"width\":1000,\"height\":1000,\"caption\":\"Chakra-Armband f\u00fcr alle Chakren\"},{\"@type\":\"BreadcrumbList\",\"@id\":\"https:\\\/\\\/folliamala.ch\\\/product\\\/chakra-armband\\\/#breadcrumb\",\"itemListElement\":[{\"@type\":\"ListItem\",\"position\":1,\"name\":\"Startseite\",\"item\":\"https:\\\/\\\/folliamala.ch\\\/\"},{\"@type\":\"ListItem\",\"position\":2,\"name\":\"Shop\",\"item\":\"https:\\\/\\\/folliamala.ch\\\/store\\\/\"},{\"@type\":\"ListItem\",\"position\":3,\"name\":\"Chakra-Armband\"}]},{\"@type\":\"WebSite\",\"@id\":\"https:\\\/\\\/folliamala.ch\\\/#website\",\"url\":\"https:\\\/\\\/folliamala.ch\\\/\",\"name\":\"Folliamala\",\"description\":\"Mala Ketten &amp; Armb\u00e4nder\",\"publisher\":{\"@id\":\"https:\\\/\\\/folliamala.ch\\\/#organization\"},\"potentialAction\":[{\"@type\":\"SearchAction\",\"target\":{\"@type\":\"EntryPoint\",\"urlTemplate\":\"https:\\\/\\\/folliamala.ch\\\/?s={search_term_string}\"},\"query-input\":{\"@type\":\"PropertyValueSpecification\",\"valueRequired\":true,\"valueName\":\"search_term_string\"}}],\"inLanguage\":\"fr-FR\"},{\"@type\":\"Organization\",\"@id\":\"https:\\\/\\\/folliamala.ch\\\/#organization\",\"name\":\"Folliamala\",\"url\":\"https:\\\/\\\/folliamala.ch\\\/\",\"logo\":{\"@type\":\"ImageObject\",\"inLanguage\":\"fr-FR\",\"@id\":\"https:\\\/\\\/folliamala.ch\\\/#\\\/schema\\\/logo\\\/image\\\/\",\"url\":\"https:\\\/\\\/folliamala.ch\\\/wp-content\\\/uploads\\\/2021\\\/08\\\/folliamala_logo.png\",\"contentUrl\":\"https:\\\/\\\/folliamala.ch\\\/wp-content\\\/uploads\\\/2021\\\/08\\\/folliamala_logo.png\",\"width\":529,\"height\":109,\"caption\":\"Folliamala\"},\"image\":{\"@id\":\"https:\\\/\\\/folliamala.ch\\\/#\\\/schema\\\/logo\\\/image\\\/\"},\"sameAs\":[\"https:\\\/\\\/www.facebook.com\\\/folliamala\\\/\",\"https:\\\/\\\/www.instagram.com\\\/folliamala\\\/\",\"https:\\\/\\\/www.pinterest.de\\\/folliamala\\\/\"]}]}<\/script>\n<!-- \/ Yoast SEO plugin. -->","yoast_head_json":{"title":"Bracelet de chakra - Folliamala","description":"Le bracelet chakra r\u00e9unit les 7 chakras : Il met le corps en harmonie avec l'esprit et l'\u00e2me et renforce la personnalit\u00e9 de chacun.","robots":{"index":"index","follow":"follow","max-snippet":"max-snippet:-1","max-image-preview":"max-image-preview:large","max-video-preview":"max-video-preview:-1"},"canonical":"https:\/\/folliamala.ch\/fr\/product\/chakra-armband\/","og_locale":"fr_FR","og_type":"article","og_title":"Chakra-Armband &#8211; Folliamala","og_description":"Chakra-Armband vereint alle 7 Chakren: Es bringt den K\u00f6rper in Harmonie mit Geist und Seele und st\u00e4rkt die eigene Pers\u00f6nlichkeit.","og_url":"https:\/\/folliamala.ch\/fr\/product\/chakra-armband\/","og_site_name":"Folliamala","article_publisher":"https:\/\/www.facebook.com\/folliamala\/","article_modified_time":"2026-04-07T18:44:34+00:00","og_image":[{"width":1000,"height":1000,"url":"https:\/\/folliamala.ch\/wp-content\/uploads\/2023\/04\/Chakra_alle_o.webp","type":"image\/webp"}],"twitter_card":"summary_large_image","twitter_misc":{"Dur\u00e9e de lecture estim\u00e9e":"1 minute"},"schema":{"@context":"https:\/\/schema.org","@graph":[{"@type":"WebPage","@id":"https:\/\/folliamala.ch\/product\/chakra-armband\/","url":"https:\/\/folliamala.ch\/product\/chakra-armband\/","name":"Bracelet de chakra - Folliamala","isPartOf":{"@id":"https:\/\/folliamala.ch\/#website"},"primaryImageOfPage":{"@id":"https:\/\/folliamala.ch\/product\/chakra-armband\/#primaryimage"},"image":{"@id":"https:\/\/folliamala.ch\/product\/chakra-armband\/#primaryimage"},"thumbnailUrl":"https:\/\/folliamala.ch\/wp-content\/uploads\/2023\/04\/Chakra_alle_o.webp","datePublished":"2023-04-16T16:08:02+00:00","dateModified":"2026-04-07T18:44:34+00:00","description":"Le bracelet chakra r\u00e9unit les 7 chakras : Il met le corps en harmonie avec l'esprit et l'\u00e2me et renforce la personnalit\u00e9 de chacun.","breadcrumb":{"@id":"https:\/\/folliamala.ch\/product\/chakra-armband\/#breadcrumb"},"inLanguage":"fr-FR","potentialAction":[{"@type":"ReadAction","target":["https:\/\/folliamala.ch\/product\/chakra-armband\/"]}]},{"@type":"ImageObject","inLanguage":"fr-FR","@id":"https:\/\/folliamala.ch\/product\/chakra-armband\/#primaryimage","url":"https:\/\/folliamala.ch\/wp-content\/uploads\/2023\/04\/Chakra_alle_o.webp","contentUrl":"https:\/\/folliamala.ch\/wp-content\/uploads\/2023\/04\/Chakra_alle_o.webp","width":1000,"height":1000,"caption":"Chakra-Armband f\u00fcr alle Chakren"},{"@type":"BreadcrumbList","@id":"https:\/\/folliamala.ch\/product\/chakra-armband\/#breadcrumb","itemListElement":[{"@type":"ListItem","position":1,"name":"Startseite","item":"https:\/\/folliamala.ch\/"},{"@type":"ListItem","position":2,"name":"Shop","item":"https:\/\/folliamala.ch\/store\/"},{"@type":"ListItem","position":3,"name":"Chakra-Armband"}]},{"@type":"WebSite","@id":"https:\/\/folliamala.ch\/#website","url":"https:\/\/folliamala.ch\/","name":"Folliamala","description":"Malas et bracelets","publisher":{"@id":"https:\/\/folliamala.ch\/#organization"},"potentialAction":[{"@type":"SearchAction","target":{"@type":"EntryPoint","urlTemplate":"https:\/\/folliamala.ch\/?s={search_term_string}"},"query-input":{"@type":"PropertyValueSpecification","valueRequired":true,"valueName":"search_term_string"}}],"inLanguage":"fr-FR"},{"@type":"Organization","@id":"https:\/\/folliamala.ch\/#organization","name":"Folliamala","url":"https:\/\/folliamala.ch\/","logo":{"@type":"ImageObject","inLanguage":"fr-FR","@id":"https:\/\/folliamala.ch\/#\/schema\/logo\/image\/","url":"https:\/\/folliamala.ch\/wp-content\/uploads\/2021\/08\/folliamala_logo.png","contentUrl":"https:\/\/folliamala.ch\/wp-content\/uploads\/2021\/08\/folliamala_logo.png","width":529,"height":109,"caption":"Folliamala"},"image":{"@id":"https:\/\/folliamala.ch\/#\/schema\/logo\/image\/"},"sameAs":["https:\/\/www.facebook.com\/folliamala\/","https:\/\/www.instagram.com\/folliamala\/","https:\/\/www.pinterest.de\/folliamala\/"]}]}},"_links":{"self":[{"href":"https:\/\/folliamala.ch\/fr\/wp-json\/wp\/v2\/product\/9086","targetHints":{"allow":["GET"]}}],"collection":[{"href":"https:\/\/folliamala.ch\/fr\/wp-json\/wp\/v2\/product"}],"about":[{"href":"https:\/\/folliamala.ch\/fr\/wp-json\/wp\/v2\/types\/product"}],"version-history":[{"count":5,"href":"https:\/\/folliamala.ch\/fr\/wp-json\/wp\/v2\/product\/9086\/revisions"}],"predecessor-version":[{"id":9299,"href":"https:\/\/folliamala.ch\/fr\/wp-json\/wp\/v2\/product\/9086\/revisions\/9299"}],"wp:featuredmedia":[{"embeddable":true,"href":"https:\/\/folliamala.ch\/fr\/wp-json\/wp\/v2\/media\/9070"}],"wp:attachment":[{"href":"https:\/\/folliamala.ch\/fr\/wp-json\/wp\/v2\/media?parent=9086"}],"wp:term":[{"taxonomy":"product_brand","embeddable":true,"href":"https:\/\/folliamala.ch\/fr\/wp-json\/wp\/v2\/product_brand?post=9086"},{"taxonomy":"product_cat","embeddable":true,"href":"https:\/\/folliamala.ch\/fr\/wp-json\/wp\/v2\/product_cat?post=9086"},{"taxonomy":"product_tag","embeddable":true,"href":"https:\/\/folliamala.ch\/fr\/wp-json\/wp\/v2\/product_tag?post=9086"}],"curies":[{"name":"wp","href":"https:\/\/api.w.org\/{rel}","templated":true}]}}