{"id":9095,"date":"2023-04-16T18:05:21","date_gmt":"2023-04-16T16:05:21","guid":{"rendered":"https:\/\/folliamala.ch\/?post_type=product&#038;p=9095"},"modified":"2025-08-23T17:51:29","modified_gmt":"2025-08-23T15:51:29","slug":"solarplexus-chakra-armband","status":"publish","type":"product","link":"https:\/\/folliamala.ch\/fr\/product\/solarplexus-chakra-armband\/","title":{"rendered":"Bracelet du chakra du plexus solaire"},"content":{"rendered":"<p>Le troisi\u00e8me des sept chakras est le chakra du plexus solaire. Il repr\u00e9sente le centre \u00e9nerg\u00e9tique de notre corps et se situe \u00e0 environ trois doigts au-dessus du nombril. Son \u00e9l\u00e9ment est le feu. La force vitale puis\u00e9e dans le chakra du plexus solaire aide \u00e0 r\u00e9aliser id\u00e9es et objectifs. C\u2019est pourquoi nous avons cr\u00e9\u00e9 ce bracelet avec des perles de citrine.<\/p>\n<p><span style=\"font-weight: 400;\">Centre d'\u00e9nergie pour: la vitalit\u00e9, la confiance en soi, la volont\u00e9, <\/span><span style=\"font-weight: 400;\">la d\u00e9termination<br \/>\n<\/span><span style=\"font-weight: 400;\">Affirmation: J\u2019atteins mes objectifs avec facilit\u00e9<\/span><\/p>\n<ul>\n<li>Pierre pr\u00e9cieuse: citrine<\/li>\n<li>Base: perles en \u00e9b\u00e8ne<\/li>\n<li><span style=\"font-weight: 400;\">Taille des perles: \u00f8 6 mm<\/span><\/li>\n<li style=\"font-weight: 400;\" aria-level=\"1\"><span style=\"font-weight: 400;\">Mont\u00e9 sur \u00e9lastique<\/span><\/li>\n<li>Pour un tour de poignet de 15-17 cm<\/li>\n<\/ul>","protected":false},"excerpt":{"rendered":"<p>Bracelet en citrine et \u00e9b\u00e8ne<\/p>","protected":false},"featured_media":9076,"template":"","meta":{"site-sidebar-layout":"default","site-content-layout":"default","ast-site-content-layout":"default","site-content-style":"default","site-sidebar-style":"default","ast-global-header-display":"","ast-banner-title-visibility":"","ast-main-header-display":"","ast-hfb-above-header-display":"","ast-hfb-below-header-display":"","ast-hfb-mobile-header-display":"","site-post-title":"","ast-breadcrumbs-content":"","ast-featured-img":"","footer-sml-layout":"","ast-disable-related-posts":"","theme-transparent-header-meta":"default","adv-header-id-meta":"","stick-header-meta":"","header-above-stick-meta":"","header-main-stick-meta":"","header-below-stick-meta":"","astra-migrate-meta-layouts":"default","ast-page-background-enabled":"default","ast-page-background-meta":{"desktop":{"background-color":"","background-image":"","background-repeat":"repeat","background-position":"center center","background-size":"auto","background-attachment":"scroll","background-type":"","background-media":"","overlay-type":"","overlay-color":"","overlay-opacity":"","overlay-gradient":""},"tablet":{"background-color":"","background-image":"","background-repeat":"repeat","background-position":"center center","background-size":"auto","background-attachment":"scroll","background-type":"","background-media":"","overlay-type":"","overlay-color":"","overlay-opacity":"","overlay-gradient":""},"mobile":{"background-color":"","background-image":"","background-repeat":"repeat","background-position":"center center","background-size":"auto","background-attachment":"scroll","background-type":"","background-media":"","overlay-type":"","overlay-color":"","overlay-opacity":"","overlay-gradient":""}},"ast-content-background-meta":{"desktop":{"background-color":"var(--ast-global-color-5)","background-image":"","background-repeat":"repeat","background-position":"center center","background-size":"auto","background-attachment":"scroll","background-type":"","background-media":"","overlay-type":"","overlay-color":"","overlay-opacity":"","overlay-gradient":""},"tablet":{"background-color":"var(--ast-global-color-5)","background-image":"","background-repeat":"repeat","background-position":"center center","background-size":"auto","background-attachment":"scroll","background-type":"","background-media":"","overlay-type":"","overlay-color":"","overlay-opacity":"","overlay-gradient":""},"mobile":{"background-color":"var(--ast-global-color-5)","background-image":"","background-repeat":"repeat","background-position":"center center","background-size":"auto","background-attachment":"scroll","background-type":"","background-media":"","overlay-type":"","overlay-color":"","overlay-opacity":"","overlay-gradient":""}},"_glsr_average":0,"_glsr_ranking":0,"_glsr_reviews":0},"product_brand":[224],"product_cat":[127,195],"product_tag":[175,184],"class_list":{"0":"post-9095","1":"product","2":"type-product","3":"status-publish","4":"has-post-thumbnail","6":"product_brand-folliamala","7":"product_cat-armband","8":"product_cat-chakra-armbaender","9":"product_tag-citrin","10":"product_tag-holz","11":"desktop-align-center","12":"tablet-align-left","13":"mobile-align-left","15":"first","16":"instock","17":"sold-individually","18":"purchasable","19":"product-type-simple","20":"wpzoom-wc-spi-has-enabled"},"yoast_head":"<!-- This site is optimized with the Yoast SEO plugin v27.4 - https:\/\/yoast.com\/product\/yoast-seo-wordpress\/ -->\n<title>Solarplexus-Chakra-Armband &#8211; Folliamala<\/title>\n<meta name=\"description\" content=\"Solarplexus-Chakra-Armband steht f\u00fcr das Energiezentrum in unserem K\u00f6rper und hilft dir, deine Ideen und Ziele anzugehen und umzusetzen.\" \/>\n<meta name=\"robots\" content=\"index, follow, max-snippet:-1, max-image-preview:large, max-video-preview:-1\" \/>\n<link rel=\"canonical\" href=\"https:\/\/folliamala.ch\/fr\/product\/solarplexus-chakra-armband\/\" \/>\n<meta property=\"og:locale\" content=\"fr_FR\" \/>\n<meta property=\"og:type\" content=\"article\" \/>\n<meta property=\"og:title\" content=\"Solarplexus-Chakra-Armband &#8211; Folliamala\" \/>\n<meta property=\"og:description\" content=\"Solarplexus-Chakra-Armband steht f\u00fcr das Energiezentrum in unserem K\u00f6rper und hilft dir, deine Ideen und Ziele anzugehen und umzusetzen.\" \/>\n<meta property=\"og:url\" content=\"https:\/\/folliamala.ch\/fr\/product\/solarplexus-chakra-armband\/\" \/>\n<meta property=\"og:site_name\" content=\"Folliamala\" \/>\n<meta property=\"article:publisher\" content=\"https:\/\/www.facebook.com\/folliamala\/\" \/>\n<meta property=\"article:modified_time\" content=\"2025-08-23T15:51:29+00:00\" \/>\n<meta property=\"og:image\" content=\"https:\/\/folliamala.ch\/wp-content\/uploads\/2023\/04\/Chakra_Citrin_o.webp\" \/>\n\t<meta property=\"og:image:width\" content=\"1000\" \/>\n\t<meta property=\"og:image:height\" content=\"1000\" \/>\n\t<meta property=\"og:image:type\" content=\"image\/webp\" \/>\n<meta name=\"twitter:card\" content=\"summary_large_image\" \/>\n<meta name=\"twitter:label1\" content=\"Dur\u00e9e de lecture estim\u00e9e\" \/>\n\t<meta name=\"twitter:data1\" content=\"1 minute\" \/>\n<script type=\"application\/ld+json\" class=\"yoast-schema-graph\">{\"@context\":\"https:\\\/\\\/schema.org\",\"@graph\":[{\"@type\":\"WebPage\",\"@id\":\"https:\\\/\\\/folliamala.ch\\\/product\\\/solarplexus-chakra-armband\\\/\",\"url\":\"https:\\\/\\\/folliamala.ch\\\/product\\\/solarplexus-chakra-armband\\\/\",\"name\":\"Solarplexus-Chakra-Armband &#8211; Folliamala\",\"isPartOf\":{\"@id\":\"https:\\\/\\\/folliamala.ch\\\/#website\"},\"primaryImageOfPage\":{\"@id\":\"https:\\\/\\\/folliamala.ch\\\/product\\\/solarplexus-chakra-armband\\\/#primaryimage\"},\"image\":{\"@id\":\"https:\\\/\\\/folliamala.ch\\\/product\\\/solarplexus-chakra-armband\\\/#primaryimage\"},\"thumbnailUrl\":\"https:\\\/\\\/folliamala.ch\\\/wp-content\\\/uploads\\\/2023\\\/04\\\/Chakra_Citrin_o.webp\",\"datePublished\":\"2023-04-16T16:05:21+00:00\",\"dateModified\":\"2025-08-23T15:51:29+00:00\",\"description\":\"Solarplexus-Chakra-Armband steht f\u00fcr das Energiezentrum in unserem K\u00f6rper und hilft dir, deine Ideen und Ziele anzugehen und umzusetzen.\",\"breadcrumb\":{\"@id\":\"https:\\\/\\\/folliamala.ch\\\/product\\\/solarplexus-chakra-armband\\\/#breadcrumb\"},\"inLanguage\":\"fr-FR\",\"potentialAction\":[{\"@type\":\"ReadAction\",\"target\":[\"https:\\\/\\\/folliamala.ch\\\/product\\\/solarplexus-chakra-armband\\\/\"]}]},{\"@type\":\"ImageObject\",\"inLanguage\":\"fr-FR\",\"@id\":\"https:\\\/\\\/folliamala.ch\\\/product\\\/solarplexus-chakra-armband\\\/#primaryimage\",\"url\":\"https:\\\/\\\/folliamala.ch\\\/wp-content\\\/uploads\\\/2023\\\/04\\\/Chakra_Citrin_o.webp\",\"contentUrl\":\"https:\\\/\\\/folliamala.ch\\\/wp-content\\\/uploads\\\/2023\\\/04\\\/Chakra_Citrin_o.webp\",\"width\":1000,\"height\":1000,\"caption\":\"Chakra Armband Solarplexus-Chakra\"},{\"@type\":\"BreadcrumbList\",\"@id\":\"https:\\\/\\\/folliamala.ch\\\/product\\\/solarplexus-chakra-armband\\\/#breadcrumb\",\"itemListElement\":[{\"@type\":\"ListItem\",\"position\":1,\"name\":\"Startseite\",\"item\":\"https:\\\/\\\/folliamala.ch\\\/\"},{\"@type\":\"ListItem\",\"position\":2,\"name\":\"Shop\",\"item\":\"https:\\\/\\\/folliamala.ch\\\/store\\\/\"},{\"@type\":\"ListItem\",\"position\":3,\"name\":\"Solarplexus-Chakra-Armband\"}]},{\"@type\":\"WebSite\",\"@id\":\"https:\\\/\\\/folliamala.ch\\\/#website\",\"url\":\"https:\\\/\\\/folliamala.ch\\\/\",\"name\":\"Folliamala\",\"description\":\"Mala Ketten &amp; Armb\u00e4nder\",\"publisher\":{\"@id\":\"https:\\\/\\\/folliamala.ch\\\/#organization\"},\"potentialAction\":[{\"@type\":\"SearchAction\",\"target\":{\"@type\":\"EntryPoint\",\"urlTemplate\":\"https:\\\/\\\/folliamala.ch\\\/?s={search_term_string}\"},\"query-input\":{\"@type\":\"PropertyValueSpecification\",\"valueRequired\":true,\"valueName\":\"search_term_string\"}}],\"inLanguage\":\"fr-FR\"},{\"@type\":\"Organization\",\"@id\":\"https:\\\/\\\/folliamala.ch\\\/#organization\",\"name\":\"Folliamala\",\"url\":\"https:\\\/\\\/folliamala.ch\\\/\",\"logo\":{\"@type\":\"ImageObject\",\"inLanguage\":\"fr-FR\",\"@id\":\"https:\\\/\\\/folliamala.ch\\\/#\\\/schema\\\/logo\\\/image\\\/\",\"url\":\"https:\\\/\\\/folliamala.ch\\\/wp-content\\\/uploads\\\/2021\\\/08\\\/folliamala_logo.png\",\"contentUrl\":\"https:\\\/\\\/folliamala.ch\\\/wp-content\\\/uploads\\\/2021\\\/08\\\/folliamala_logo.png\",\"width\":529,\"height\":109,\"caption\":\"Folliamala\"},\"image\":{\"@id\":\"https:\\\/\\\/folliamala.ch\\\/#\\\/schema\\\/logo\\\/image\\\/\"},\"sameAs\":[\"https:\\\/\\\/www.facebook.com\\\/folliamala\\\/\",\"https:\\\/\\\/www.instagram.com\\\/folliamala\\\/\",\"https:\\\/\\\/www.pinterest.de\\\/folliamala\\\/\"]}]}<\/script>\n<!-- \/ Yoast SEO plugin. -->","yoast_head_json":{"title":"Bracelet pour le chakra du plexus solaire - Folliamala","description":"Le bracelet du chakra du plexus solaire repr\u00e9sente le centre \u00e9nerg\u00e9tique de notre corps et t'aide \u00e0 aborder et \u00e0 r\u00e9aliser tes id\u00e9es et tes objectifs.","robots":{"index":"index","follow":"follow","max-snippet":"max-snippet:-1","max-image-preview":"max-image-preview:large","max-video-preview":"max-video-preview:-1"},"canonical":"https:\/\/folliamala.ch\/fr\/product\/solarplexus-chakra-armband\/","og_locale":"fr_FR","og_type":"article","og_title":"Solarplexus-Chakra-Armband &#8211; Folliamala","og_description":"Solarplexus-Chakra-Armband steht f\u00fcr das Energiezentrum in unserem K\u00f6rper und hilft dir, deine Ideen und Ziele anzugehen und umzusetzen.","og_url":"https:\/\/folliamala.ch\/fr\/product\/solarplexus-chakra-armband\/","og_site_name":"Folliamala","article_publisher":"https:\/\/www.facebook.com\/folliamala\/","article_modified_time":"2025-08-23T15:51:29+00:00","og_image":[{"width":1000,"height":1000,"url":"https:\/\/folliamala.ch\/wp-content\/uploads\/2023\/04\/Chakra_Citrin_o.webp","type":"image\/webp"}],"twitter_card":"summary_large_image","twitter_misc":{"Dur\u00e9e de lecture estim\u00e9e":"1 minute"},"schema":{"@context":"https:\/\/schema.org","@graph":[{"@type":"WebPage","@id":"https:\/\/folliamala.ch\/product\/solarplexus-chakra-armband\/","url":"https:\/\/folliamala.ch\/product\/solarplexus-chakra-armband\/","name":"Bracelet pour le chakra du plexus solaire - Folliamala","isPartOf":{"@id":"https:\/\/folliamala.ch\/#website"},"primaryImageOfPage":{"@id":"https:\/\/folliamala.ch\/product\/solarplexus-chakra-armband\/#primaryimage"},"image":{"@id":"https:\/\/folliamala.ch\/product\/solarplexus-chakra-armband\/#primaryimage"},"thumbnailUrl":"https:\/\/folliamala.ch\/wp-content\/uploads\/2023\/04\/Chakra_Citrin_o.webp","datePublished":"2023-04-16T16:05:21+00:00","dateModified":"2025-08-23T15:51:29+00:00","description":"Le bracelet du chakra du plexus solaire repr\u00e9sente le centre \u00e9nerg\u00e9tique de notre corps et t'aide \u00e0 aborder et \u00e0 r\u00e9aliser tes id\u00e9es et tes objectifs.","breadcrumb":{"@id":"https:\/\/folliamala.ch\/product\/solarplexus-chakra-armband\/#breadcrumb"},"inLanguage":"fr-FR","potentialAction":[{"@type":"ReadAction","target":["https:\/\/folliamala.ch\/product\/solarplexus-chakra-armband\/"]}]},{"@type":"ImageObject","inLanguage":"fr-FR","@id":"https:\/\/folliamala.ch\/product\/solarplexus-chakra-armband\/#primaryimage","url":"https:\/\/folliamala.ch\/wp-content\/uploads\/2023\/04\/Chakra_Citrin_o.webp","contentUrl":"https:\/\/folliamala.ch\/wp-content\/uploads\/2023\/04\/Chakra_Citrin_o.webp","width":1000,"height":1000,"caption":"Chakra Armband Solarplexus-Chakra"},{"@type":"BreadcrumbList","@id":"https:\/\/folliamala.ch\/product\/solarplexus-chakra-armband\/#breadcrumb","itemListElement":[{"@type":"ListItem","position":1,"name":"Startseite","item":"https:\/\/folliamala.ch\/"},{"@type":"ListItem","position":2,"name":"Shop","item":"https:\/\/folliamala.ch\/store\/"},{"@type":"ListItem","position":3,"name":"Solarplexus-Chakra-Armband"}]},{"@type":"WebSite","@id":"https:\/\/folliamala.ch\/#website","url":"https:\/\/folliamala.ch\/","name":"Folliamala","description":"Malas et bracelets","publisher":{"@id":"https:\/\/folliamala.ch\/#organization"},"potentialAction":[{"@type":"SearchAction","target":{"@type":"EntryPoint","urlTemplate":"https:\/\/folliamala.ch\/?s={search_term_string}"},"query-input":{"@type":"PropertyValueSpecification","valueRequired":true,"valueName":"search_term_string"}}],"inLanguage":"fr-FR"},{"@type":"Organization","@id":"https:\/\/folliamala.ch\/#organization","name":"Folliamala","url":"https:\/\/folliamala.ch\/","logo":{"@type":"ImageObject","inLanguage":"fr-FR","@id":"https:\/\/folliamala.ch\/#\/schema\/logo\/image\/","url":"https:\/\/folliamala.ch\/wp-content\/uploads\/2021\/08\/folliamala_logo.png","contentUrl":"https:\/\/folliamala.ch\/wp-content\/uploads\/2021\/08\/folliamala_logo.png","width":529,"height":109,"caption":"Folliamala"},"image":{"@id":"https:\/\/folliamala.ch\/#\/schema\/logo\/image\/"},"sameAs":["https:\/\/www.facebook.com\/folliamala\/","https:\/\/www.instagram.com\/folliamala\/","https:\/\/www.pinterest.de\/folliamala\/"]}]}},"_links":{"self":[{"href":"https:\/\/folliamala.ch\/fr\/wp-json\/wp\/v2\/product\/9095","targetHints":{"allow":["GET"]}}],"collection":[{"href":"https:\/\/folliamala.ch\/fr\/wp-json\/wp\/v2\/product"}],"about":[{"href":"https:\/\/folliamala.ch\/fr\/wp-json\/wp\/v2\/types\/product"}],"version-history":[{"count":2,"href":"https:\/\/folliamala.ch\/fr\/wp-json\/wp\/v2\/product\/9095\/revisions"}],"predecessor-version":[{"id":9293,"href":"https:\/\/folliamala.ch\/fr\/wp-json\/wp\/v2\/product\/9095\/revisions\/9293"}],"wp:featuredmedia":[{"embeddable":true,"href":"https:\/\/folliamala.ch\/fr\/wp-json\/wp\/v2\/media\/9076"}],"wp:attachment":[{"href":"https:\/\/folliamala.ch\/fr\/wp-json\/wp\/v2\/media?parent=9095"}],"wp:term":[{"taxonomy":"product_brand","embeddable":true,"href":"https:\/\/folliamala.ch\/fr\/wp-json\/wp\/v2\/product_brand?post=9095"},{"taxonomy":"product_cat","embeddable":true,"href":"https:\/\/folliamala.ch\/fr\/wp-json\/wp\/v2\/product_cat?post=9095"},{"taxonomy":"product_tag","embeddable":true,"href":"https:\/\/folliamala.ch\/fr\/wp-json\/wp\/v2\/product_tag?post=9095"}],"curies":[{"name":"wp","href":"https:\/\/api.w.org\/{rel}","templated":true}]}}