{"id":9103,"date":"2023-04-16T18:01:17","date_gmt":"2023-04-16T16:01:17","guid":{"rendered":"https:\/\/folliamala.ch\/?post_type=product&#038;p=9103"},"modified":"2025-08-23T17:51:29","modified_gmt":"2025-08-23T15:51:29","slug":"kronen-chakra-armband","status":"publish","type":"product","link":"https:\/\/folliamala.ch\/fr\/product\/kronen-chakra-armband\/","title":{"rendered":"Bracelet du chakra couronne"},"content":{"rendered":"<p>Le septi\u00e8me et dernier des sept chakras est le chakra couronne. Il repr\u00e9sente la connexion au moi profond et \u00e0 la spiritualit\u00e9. Lorsqu\u2019il est d\u00e9s\u00e9quilibr\u00e9, cela se traduit par des blocages \u00e9nerg\u00e9tiques. Les signes en sont une fatigue chronique, des maux de t\u00eate, des cauchemars, mais aussi un manque d\u2019empathie et des d\u00e9pressions. La m\u00e9ditation et la pratique de la pleine conscience aident \u00e0 \u00e9quilibrer le chakra couronne. Nous avons cr\u00e9\u00e9 ce bracelet avec du cristal de roche, qui conf\u00e8re empathie et clart\u00e9.<\/p>\n<p><span style=\"font-weight: 400;\">Centre d'\u00e9nergie pour: la sagesse, la spiritualit\u00e9, la conscience, la connexion<br \/>\n<\/span><span style=\"font-weight: 400;\">Affirmation: Je m'ouvre \u00e0 l\u2019amour divin<\/span><\/p>\n<ul>\n<li>Pierre pr\u00e9cieuse: cristal de roche<\/li>\n<li>Base: perles en \u00e9b\u00e8ne<\/li>\n<li><span style=\"font-weight: 400;\">Taille des perles: \u00f8 6 mm<\/span><\/li>\n<li style=\"font-weight: 400;\" aria-level=\"1\"><span style=\"font-weight: 400;\">Mont\u00e9 sur \u00e9lastique<\/span><\/li>\n<li>Pour un tour de poignet de 15-17 cm<\/li>\n<\/ul>","protected":false},"excerpt":{"rendered":"<p>Bracelet en cristal de roche et \u00e9b\u00e8ne<\/p>","protected":false},"featured_media":9074,"template":"","meta":{"site-sidebar-layout":"default","site-content-layout":"default","ast-site-content-layout":"default","site-content-style":"default","site-sidebar-style":"default","ast-global-header-display":"","ast-banner-title-visibility":"","ast-main-header-display":"","ast-hfb-above-header-display":"","ast-hfb-below-header-display":"","ast-hfb-mobile-header-display":"","site-post-title":"","ast-breadcrumbs-content":"","ast-featured-img":"","footer-sml-layout":"","ast-disable-related-posts":"","theme-transparent-header-meta":"default","adv-header-id-meta":"","stick-header-meta":"","header-above-stick-meta":"","header-main-stick-meta":"","header-below-stick-meta":"","astra-migrate-meta-layouts":"default","ast-page-background-enabled":"default","ast-page-background-meta":{"desktop":{"background-color":"","background-image":"","background-repeat":"repeat","background-position":"center center","background-size":"auto","background-attachment":"scroll","background-type":"","background-media":"","overlay-type":"","overlay-color":"","overlay-opacity":"","overlay-gradient":""},"tablet":{"background-color":"","background-image":"","background-repeat":"repeat","background-position":"center center","background-size":"auto","background-attachment":"scroll","background-type":"","background-media":"","overlay-type":"","overlay-color":"","overlay-opacity":"","overlay-gradient":""},"mobile":{"background-color":"","background-image":"","background-repeat":"repeat","background-position":"center center","background-size":"auto","background-attachment":"scroll","background-type":"","background-media":"","overlay-type":"","overlay-color":"","overlay-opacity":"","overlay-gradient":""}},"ast-content-background-meta":{"desktop":{"background-color":"var(--ast-global-color-5)","background-image":"","background-repeat":"repeat","background-position":"center center","background-size":"auto","background-attachment":"scroll","background-type":"","background-media":"","overlay-type":"","overlay-color":"","overlay-opacity":"","overlay-gradient":""},"tablet":{"background-color":"var(--ast-global-color-5)","background-image":"","background-repeat":"repeat","background-position":"center center","background-size":"auto","background-attachment":"scroll","background-type":"","background-media":"","overlay-type":"","overlay-color":"","overlay-opacity":"","overlay-gradient":""},"mobile":{"background-color":"var(--ast-global-color-5)","background-image":"","background-repeat":"repeat","background-position":"center center","background-size":"auto","background-attachment":"scroll","background-type":"","background-media":"","overlay-type":"","overlay-color":"","overlay-opacity":"","overlay-gradient":""}},"_glsr_average":0,"_glsr_ranking":0,"_glsr_reviews":0},"product_brand":[224],"product_cat":[127,195],"product_tag":[107,184],"class_list":{"0":"post-9103","1":"product","2":"type-product","3":"status-publish","4":"has-post-thumbnail","6":"product_brand-folliamala","7":"product_cat-armband","8":"product_cat-chakra-armbaender","9":"product_tag-bergkristall","10":"product_tag-holz","11":"desktop-align-center","12":"tablet-align-left","13":"mobile-align-left","15":"first","16":"instock","17":"sold-individually","18":"purchasable","19":"product-type-simple","20":"wpzoom-wc-spi-has-enabled"},"yoast_head":"<!-- This site is optimized with the Yoast SEO plugin v27.4 - https:\/\/yoast.com\/product\/yoast-seo-wordpress\/ -->\n<title>Kronen-Chakra-Armband &#8211; Folliamala<\/title>\n<meta name=\"description\" content=\"Kronen-Chakra-Armband mit Bergkristall ist dein idealer Begleiter f\u00fcr mehr Empathie und Klarheit. Steht f\u00fcr Weisheit, Spiritualit\u00e4t, Bewusstsein, Anbindung\" \/>\n<meta name=\"robots\" content=\"index, follow, max-snippet:-1, max-image-preview:large, max-video-preview:-1\" \/>\n<link rel=\"canonical\" href=\"https:\/\/folliamala.ch\/fr\/product\/kronen-chakra-armband\/\" \/>\n<meta property=\"og:locale\" content=\"fr_FR\" \/>\n<meta property=\"og:type\" content=\"article\" \/>\n<meta property=\"og:title\" content=\"Kronen-Chakra-Armband &#8211; Folliamala\" \/>\n<meta property=\"og:description\" content=\"Kronen-Chakra-Armband mit Bergkristall ist dein idealer Begleiter f\u00fcr mehr Empathie und Klarheit. Steht f\u00fcr Weisheit, Spiritualit\u00e4t, Bewusstsein, Anbindung\" \/>\n<meta property=\"og:url\" content=\"https:\/\/folliamala.ch\/fr\/product\/kronen-chakra-armband\/\" \/>\n<meta property=\"og:site_name\" content=\"Folliamala\" \/>\n<meta property=\"article:publisher\" content=\"https:\/\/www.facebook.com\/folliamala\/\" \/>\n<meta property=\"article:modified_time\" content=\"2025-08-23T15:51:29+00:00\" \/>\n<meta property=\"og:image\" content=\"https:\/\/folliamala.ch\/wp-content\/uploads\/2023\/04\/Chakra_Bergkristall_o-e1681661669204.webp\" \/>\n\t<meta property=\"og:image:width\" content=\"925\" \/>\n\t<meta property=\"og:image:height\" content=\"925\" \/>\n\t<meta property=\"og:image:type\" content=\"image\/webp\" \/>\n<meta name=\"twitter:card\" content=\"summary_large_image\" \/>\n<meta name=\"twitter:label1\" content=\"Dur\u00e9e de lecture estim\u00e9e\" \/>\n\t<meta name=\"twitter:data1\" content=\"1 minute\" \/>\n<script type=\"application\/ld+json\" class=\"yoast-schema-graph\">{\"@context\":\"https:\\\/\\\/schema.org\",\"@graph\":[{\"@type\":\"WebPage\",\"@id\":\"https:\\\/\\\/folliamala.ch\\\/product\\\/kronen-chakra-armband\\\/\",\"url\":\"https:\\\/\\\/folliamala.ch\\\/product\\\/kronen-chakra-armband\\\/\",\"name\":\"Kronen-Chakra-Armband &#8211; Folliamala\",\"isPartOf\":{\"@id\":\"https:\\\/\\\/folliamala.ch\\\/#website\"},\"primaryImageOfPage\":{\"@id\":\"https:\\\/\\\/folliamala.ch\\\/product\\\/kronen-chakra-armband\\\/#primaryimage\"},\"image\":{\"@id\":\"https:\\\/\\\/folliamala.ch\\\/product\\\/kronen-chakra-armband\\\/#primaryimage\"},\"thumbnailUrl\":\"https:\\\/\\\/folliamala.ch\\\/wp-content\\\/uploads\\\/2023\\\/04\\\/Chakra_Bergkristall_o-e1681661669204.webp\",\"datePublished\":\"2023-04-16T16:01:17+00:00\",\"dateModified\":\"2025-08-23T15:51:29+00:00\",\"description\":\"Kronen-Chakra-Armband mit Bergkristall ist dein idealer Begleiter f\u00fcr mehr Empathie und Klarheit. Steht f\u00fcr Weisheit, Spiritualit\u00e4t, Bewusstsein, Anbindung\",\"breadcrumb\":{\"@id\":\"https:\\\/\\\/folliamala.ch\\\/product\\\/kronen-chakra-armband\\\/#breadcrumb\"},\"inLanguage\":\"fr-FR\",\"potentialAction\":[{\"@type\":\"ReadAction\",\"target\":[\"https:\\\/\\\/folliamala.ch\\\/product\\\/kronen-chakra-armband\\\/\"]}]},{\"@type\":\"ImageObject\",\"inLanguage\":\"fr-FR\",\"@id\":\"https:\\\/\\\/folliamala.ch\\\/product\\\/kronen-chakra-armband\\\/#primaryimage\",\"url\":\"https:\\\/\\\/folliamala.ch\\\/wp-content\\\/uploads\\\/2023\\\/04\\\/Chakra_Bergkristall_o-e1681661669204.webp\",\"contentUrl\":\"https:\\\/\\\/folliamala.ch\\\/wp-content\\\/uploads\\\/2023\\\/04\\\/Chakra_Bergkristall_o-e1681661669204.webp\",\"width\":925,\"height\":925,\"caption\":\"Chakra Armband Kronen-Chakra\"},{\"@type\":\"BreadcrumbList\",\"@id\":\"https:\\\/\\\/folliamala.ch\\\/product\\\/kronen-chakra-armband\\\/#breadcrumb\",\"itemListElement\":[{\"@type\":\"ListItem\",\"position\":1,\"name\":\"Startseite\",\"item\":\"https:\\\/\\\/folliamala.ch\\\/\"},{\"@type\":\"ListItem\",\"position\":2,\"name\":\"Shop\",\"item\":\"https:\\\/\\\/folliamala.ch\\\/store\\\/\"},{\"@type\":\"ListItem\",\"position\":3,\"name\":\"Kronen-Chakra-Armband\"}]},{\"@type\":\"WebSite\",\"@id\":\"https:\\\/\\\/folliamala.ch\\\/#website\",\"url\":\"https:\\\/\\\/folliamala.ch\\\/\",\"name\":\"Folliamala\",\"description\":\"Mala Ketten &amp; Armb\u00e4nder\",\"publisher\":{\"@id\":\"https:\\\/\\\/folliamala.ch\\\/#organization\"},\"potentialAction\":[{\"@type\":\"SearchAction\",\"target\":{\"@type\":\"EntryPoint\",\"urlTemplate\":\"https:\\\/\\\/folliamala.ch\\\/?s={search_term_string}\"},\"query-input\":{\"@type\":\"PropertyValueSpecification\",\"valueRequired\":true,\"valueName\":\"search_term_string\"}}],\"inLanguage\":\"fr-FR\"},{\"@type\":\"Organization\",\"@id\":\"https:\\\/\\\/folliamala.ch\\\/#organization\",\"name\":\"Folliamala\",\"url\":\"https:\\\/\\\/folliamala.ch\\\/\",\"logo\":{\"@type\":\"ImageObject\",\"inLanguage\":\"fr-FR\",\"@id\":\"https:\\\/\\\/folliamala.ch\\\/#\\\/schema\\\/logo\\\/image\\\/\",\"url\":\"https:\\\/\\\/folliamala.ch\\\/wp-content\\\/uploads\\\/2021\\\/08\\\/folliamala_logo.png\",\"contentUrl\":\"https:\\\/\\\/folliamala.ch\\\/wp-content\\\/uploads\\\/2021\\\/08\\\/folliamala_logo.png\",\"width\":529,\"height\":109,\"caption\":\"Folliamala\"},\"image\":{\"@id\":\"https:\\\/\\\/folliamala.ch\\\/#\\\/schema\\\/logo\\\/image\\\/\"},\"sameAs\":[\"https:\\\/\\\/www.facebook.com\\\/folliamala\\\/\",\"https:\\\/\\\/www.instagram.com\\\/folliamala\\\/\",\"https:\\\/\\\/www.pinterest.de\\\/folliamala\\\/\"]}]}<\/script>\n<!-- \/ Yoast SEO plugin. -->","yoast_head_json":{"title":"Bracelet de chakra couronne - Folliamala","description":"Le bracelet de chakra couronne avec cristal de roche est ton compagnon id\u00e9al pour plus d'empathie et de clart\u00e9. Il repr\u00e9sente la sagesse, la spiritualit\u00e9, la conscience et la connexion.","robots":{"index":"index","follow":"follow","max-snippet":"max-snippet:-1","max-image-preview":"max-image-preview:large","max-video-preview":"max-video-preview:-1"},"canonical":"https:\/\/folliamala.ch\/fr\/product\/kronen-chakra-armband\/","og_locale":"fr_FR","og_type":"article","og_title":"Kronen-Chakra-Armband &#8211; Folliamala","og_description":"Kronen-Chakra-Armband mit Bergkristall ist dein idealer Begleiter f\u00fcr mehr Empathie und Klarheit. Steht f\u00fcr Weisheit, Spiritualit\u00e4t, Bewusstsein, Anbindung","og_url":"https:\/\/folliamala.ch\/fr\/product\/kronen-chakra-armband\/","og_site_name":"Folliamala","article_publisher":"https:\/\/www.facebook.com\/folliamala\/","article_modified_time":"2025-08-23T15:51:29+00:00","og_image":[{"width":925,"height":925,"url":"https:\/\/folliamala.ch\/wp-content\/uploads\/2023\/04\/Chakra_Bergkristall_o-e1681661669204.webp","type":"image\/webp"}],"twitter_card":"summary_large_image","twitter_misc":{"Dur\u00e9e de lecture estim\u00e9e":"1 minute"},"schema":{"@context":"https:\/\/schema.org","@graph":[{"@type":"WebPage","@id":"https:\/\/folliamala.ch\/product\/kronen-chakra-armband\/","url":"https:\/\/folliamala.ch\/product\/kronen-chakra-armband\/","name":"Bracelet de chakra couronne - Folliamala","isPartOf":{"@id":"https:\/\/folliamala.ch\/#website"},"primaryImageOfPage":{"@id":"https:\/\/folliamala.ch\/product\/kronen-chakra-armband\/#primaryimage"},"image":{"@id":"https:\/\/folliamala.ch\/product\/kronen-chakra-armband\/#primaryimage"},"thumbnailUrl":"https:\/\/folliamala.ch\/wp-content\/uploads\/2023\/04\/Chakra_Bergkristall_o-e1681661669204.webp","datePublished":"2023-04-16T16:01:17+00:00","dateModified":"2025-08-23T15:51:29+00:00","description":"Le bracelet de chakra couronne avec cristal de roche est ton compagnon id\u00e9al pour plus d'empathie et de clart\u00e9. Il repr\u00e9sente la sagesse, la spiritualit\u00e9, la conscience et la connexion.","breadcrumb":{"@id":"https:\/\/folliamala.ch\/product\/kronen-chakra-armband\/#breadcrumb"},"inLanguage":"fr-FR","potentialAction":[{"@type":"ReadAction","target":["https:\/\/folliamala.ch\/product\/kronen-chakra-armband\/"]}]},{"@type":"ImageObject","inLanguage":"fr-FR","@id":"https:\/\/folliamala.ch\/product\/kronen-chakra-armband\/#primaryimage","url":"https:\/\/folliamala.ch\/wp-content\/uploads\/2023\/04\/Chakra_Bergkristall_o-e1681661669204.webp","contentUrl":"https:\/\/folliamala.ch\/wp-content\/uploads\/2023\/04\/Chakra_Bergkristall_o-e1681661669204.webp","width":925,"height":925,"caption":"Chakra Armband Kronen-Chakra"},{"@type":"BreadcrumbList","@id":"https:\/\/folliamala.ch\/product\/kronen-chakra-armband\/#breadcrumb","itemListElement":[{"@type":"ListItem","position":1,"name":"Startseite","item":"https:\/\/folliamala.ch\/"},{"@type":"ListItem","position":2,"name":"Shop","item":"https:\/\/folliamala.ch\/store\/"},{"@type":"ListItem","position":3,"name":"Kronen-Chakra-Armband"}]},{"@type":"WebSite","@id":"https:\/\/folliamala.ch\/#website","url":"https:\/\/folliamala.ch\/","name":"Folliamala","description":"Malas et bracelets","publisher":{"@id":"https:\/\/folliamala.ch\/#organization"},"potentialAction":[{"@type":"SearchAction","target":{"@type":"EntryPoint","urlTemplate":"https:\/\/folliamala.ch\/?s={search_term_string}"},"query-input":{"@type":"PropertyValueSpecification","valueRequired":true,"valueName":"search_term_string"}}],"inLanguage":"fr-FR"},{"@type":"Organization","@id":"https:\/\/folliamala.ch\/#organization","name":"Folliamala","url":"https:\/\/folliamala.ch\/","logo":{"@type":"ImageObject","inLanguage":"fr-FR","@id":"https:\/\/folliamala.ch\/#\/schema\/logo\/image\/","url":"https:\/\/folliamala.ch\/wp-content\/uploads\/2021\/08\/folliamala_logo.png","contentUrl":"https:\/\/folliamala.ch\/wp-content\/uploads\/2021\/08\/folliamala_logo.png","width":529,"height":109,"caption":"Folliamala"},"image":{"@id":"https:\/\/folliamala.ch\/#\/schema\/logo\/image\/"},"sameAs":["https:\/\/www.facebook.com\/folliamala\/","https:\/\/www.instagram.com\/folliamala\/","https:\/\/www.pinterest.de\/folliamala\/"]}]}},"_links":{"self":[{"href":"https:\/\/folliamala.ch\/fr\/wp-json\/wp\/v2\/product\/9103","targetHints":{"allow":["GET"]}}],"collection":[{"href":"https:\/\/folliamala.ch\/fr\/wp-json\/wp\/v2\/product"}],"about":[{"href":"https:\/\/folliamala.ch\/fr\/wp-json\/wp\/v2\/types\/product"}],"version-history":[{"count":2,"href":"https:\/\/folliamala.ch\/fr\/wp-json\/wp\/v2\/product\/9103\/revisions"}],"predecessor-version":[{"id":9297,"href":"https:\/\/folliamala.ch\/fr\/wp-json\/wp\/v2\/product\/9103\/revisions\/9297"}],"wp:featuredmedia":[{"embeddable":true,"href":"https:\/\/folliamala.ch\/fr\/wp-json\/wp\/v2\/media\/9074"}],"wp:attachment":[{"href":"https:\/\/folliamala.ch\/fr\/wp-json\/wp\/v2\/media?parent=9103"}],"wp:term":[{"taxonomy":"product_brand","embeddable":true,"href":"https:\/\/folliamala.ch\/fr\/wp-json\/wp\/v2\/product_brand?post=9103"},{"taxonomy":"product_cat","embeddable":true,"href":"https:\/\/folliamala.ch\/fr\/wp-json\/wp\/v2\/product_cat?post=9103"},{"taxonomy":"product_tag","embeddable":true,"href":"https:\/\/folliamala.ch\/fr\/wp-json\/wp\/v2\/product_tag?post=9103"}],"curies":[{"name":"wp","href":"https:\/\/api.w.org\/{rel}","templated":true}]}}