{"id":9351,"date":"2023-05-09T21:23:18","date_gmt":"2023-05-09T19:23:18","guid":{"rendered":"https:\/\/folliamala.ch\/?post_type=product&#038;p=9351"},"modified":"2026-04-07T20:40:15","modified_gmt":"2026-04-07T18:40:15","slug":"die-ausgeglichene","status":"publish","type":"product","link":"https:\/\/folliamala.ch\/fr\/product\/die-ausgeglichene\/","title":{"rendered":"L\u2019\u00e9quilibre"},"content":{"rendered":"<p>Cha\u00eene amazonite mate<\/p>\n<p>L'amazonite apporte joie de vivre, patience et tol\u00e9rance. Elle a un effet \u00e9quilibrant et apaise les sautes d'humeur, aide en cas de difficult\u00e9s d'apprentissage et en cas de chagrin ou de deuil. L'amazonite contribue \u00e0 un sommeil bienfaisant et \u00e9loigne les cauchemars.<\/p>\n<ul>\n<li>Pi\u00e8ce unique<\/li>\n<li>Peut \u00e9galement \u00eatre utilis\u00e9 comme un sac \u00e0 dos gr\u00e2ce au petit mousqueton. <strong>Bracelet enveloppant, collier ou cha\u00eene de lunettes<\/strong> \u00eatre port\u00e9<\/li>\n<li aria-level=\"1\">Fil de soie de haute qualit\u00e9 pour garantir la stabilit\u00e9 et la durabilit\u00e9<\/li>\n<li>Taille des pierres: \u00f8 4 mm, pour qu'elle soit agr\u00e9able \u00e0 porter autour du cou et ne soit pas trop lourde<\/li>\n<li>Attaches en caoutchouc pour lunettes incluses<\/li>\n<li>Longueur: 80 cm<\/li>\n<\/ul>","protected":false},"excerpt":{"rendered":"<p>Cha\u00eene amazonite mate<\/p>","protected":false},"featured_media":12427,"template":"","meta":{"site-sidebar-layout":"default","site-content-layout":"default","ast-site-content-layout":"default","site-content-style":"default","site-sidebar-style":"default","ast-global-header-display":"","ast-banner-title-visibility":"","ast-main-header-display":"","ast-hfb-above-header-display":"","ast-hfb-below-header-display":"","ast-hfb-mobile-header-display":"","site-post-title":"","ast-breadcrumbs-content":"","ast-featured-img":"","footer-sml-layout":"","ast-disable-related-posts":"","theme-transparent-header-meta":"default","adv-header-id-meta":"","stick-header-meta":"","header-above-stick-meta":"","header-main-stick-meta":"","header-below-stick-meta":"","astra-migrate-meta-layouts":"set","ast-page-background-enabled":"default","ast-page-background-meta":{"desktop":{"background-color":"","background-image":"","background-repeat":"repeat","background-position":"center center","background-size":"auto","background-attachment":"scroll","background-type":"","background-media":"","overlay-type":"","overlay-color":"","overlay-opacity":"","overlay-gradient":""},"tablet":{"background-color":"","background-image":"","background-repeat":"repeat","background-position":"center center","background-size":"auto","background-attachment":"scroll","background-type":"","background-media":"","overlay-type":"","overlay-color":"","overlay-opacity":"","overlay-gradient":""},"mobile":{"background-color":"","background-image":"","background-repeat":"repeat","background-position":"center center","background-size":"auto","background-attachment":"scroll","background-type":"","background-media":"","overlay-type":"","overlay-color":"","overlay-opacity":"","overlay-gradient":""}},"ast-content-background-meta":{"desktop":{"background-color":"var(--ast-global-color-5)","background-image":"","background-repeat":"repeat","background-position":"center center","background-size":"auto","background-attachment":"scroll","background-type":"","background-media":"","overlay-type":"","overlay-color":"","overlay-opacity":"","overlay-gradient":""},"tablet":{"background-color":"var(--ast-global-color-5)","background-image":"","background-repeat":"repeat","background-position":"center center","background-size":"auto","background-attachment":"scroll","background-type":"","background-media":"","overlay-type":"","overlay-color":"","overlay-opacity":"","overlay-gradient":""},"mobile":{"background-color":"var(--ast-global-color-5)","background-image":"","background-repeat":"repeat","background-position":"center center","background-size":"auto","background-attachment":"scroll","background-type":"","background-media":"","overlay-type":"","overlay-color":"","overlay-opacity":"","overlay-gradient":""}},"_glsr_average":0,"_glsr_ranking":0,"_glsr_reviews":0},"product_brand":[224],"product_cat":[197,205],"product_tag":[163],"class_list":{"0":"post-9351","1":"product","2":"type-product","3":"status-publish","4":"has-post-thumbnail","6":"product_brand-folliamala","7":"product_cat-brillenketten","8":"product_cat-halsketten","9":"product_tag-amazonit","10":"desktop-align-center","11":"tablet-align-left","12":"mobile-align-left","14":"first","15":"instock","16":"featured","17":"shipping-taxable","18":"purchasable","19":"product-type-simple","20":"wpzoom-wc-spi-has-enabled"},"yoast_head":"<!-- This site is optimized with the Yoast SEO plugin v27.4 - https:\/\/yoast.com\/product\/yoast-seo-wordpress\/ -->\n<title>Kette Amazonit matt &#8211; Folliamala<\/title>\n<meta name=\"description\" content=\"Kette Amazonit matt, handgekn\u00fcpft mit hochwertigen Edelsteinen. Ein Trend-Accessoire f\u00fcr jeden Stil. Weitere Ketten in unserem Shop.\" \/>\n<meta name=\"robots\" content=\"index, follow, max-snippet:-1, max-image-preview:large, max-video-preview:-1\" \/>\n<link rel=\"canonical\" href=\"https:\/\/folliamala.ch\/fr\/product\/die-ausgeglichene\/\" \/>\n<meta property=\"og:locale\" content=\"fr_FR\" \/>\n<meta property=\"og:type\" content=\"article\" \/>\n<meta property=\"og:title\" content=\"Kette Amazonit matt &#8211; Folliamala\" \/>\n<meta property=\"og:description\" content=\"Kette Amazonit matt, handgekn\u00fcpft mit hochwertigen Edelsteinen. Ein Trend-Accessoire f\u00fcr jeden Stil. Weitere Ketten in unserem Shop.\" \/>\n<meta property=\"og:url\" content=\"https:\/\/folliamala.ch\/fr\/product\/die-ausgeglichene\/\" \/>\n<meta property=\"og:site_name\" content=\"Folliamala\" \/>\n<meta property=\"article:publisher\" content=\"https:\/\/www.facebook.com\/folliamala\/\" \/>\n<meta property=\"article:modified_time\" content=\"2026-04-07T18:40:15+00:00\" \/>\n<meta property=\"og:image\" content=\"https:\/\/folliamala.ch\/wp-content\/uploads\/2025\/05\/Kette_Amazonit_v.webp\" \/>\n\t<meta property=\"og:image:width\" content=\"1000\" \/>\n\t<meta property=\"og:image:height\" content=\"1000\" \/>\n\t<meta property=\"og:image:type\" content=\"image\/webp\" \/>\n<meta name=\"twitter:card\" content=\"summary_large_image\" \/>\n<script type=\"application\/ld+json\" class=\"yoast-schema-graph\">{\"@context\":\"https:\\\/\\\/schema.org\",\"@graph\":[{\"@type\":\"WebPage\",\"@id\":\"https:\\\/\\\/folliamala.ch\\\/product\\\/die-ausgeglichene\\\/\",\"url\":\"https:\\\/\\\/folliamala.ch\\\/product\\\/die-ausgeglichene\\\/\",\"name\":\"Kette Amazonit matt &#8211; Folliamala\",\"isPartOf\":{\"@id\":\"https:\\\/\\\/folliamala.ch\\\/#website\"},\"primaryImageOfPage\":{\"@id\":\"https:\\\/\\\/folliamala.ch\\\/product\\\/die-ausgeglichene\\\/#primaryimage\"},\"image\":{\"@id\":\"https:\\\/\\\/folliamala.ch\\\/product\\\/die-ausgeglichene\\\/#primaryimage\"},\"thumbnailUrl\":\"https:\\\/\\\/folliamala.ch\\\/wp-content\\\/uploads\\\/2025\\\/05\\\/Kette_Amazonit_v.webp\",\"datePublished\":\"2023-05-09T19:23:18+00:00\",\"dateModified\":\"2026-04-07T18:40:15+00:00\",\"description\":\"Kette Amazonit matt, handgekn\u00fcpft mit hochwertigen Edelsteinen. Ein Trend-Accessoire f\u00fcr jeden Stil. Weitere Ketten in unserem Shop.\",\"breadcrumb\":{\"@id\":\"https:\\\/\\\/folliamala.ch\\\/product\\\/die-ausgeglichene\\\/#breadcrumb\"},\"inLanguage\":\"fr-FR\",\"potentialAction\":[{\"@type\":\"ReadAction\",\"target\":[\"https:\\\/\\\/folliamala.ch\\\/product\\\/die-ausgeglichene\\\/\"]}]},{\"@type\":\"ImageObject\",\"inLanguage\":\"fr-FR\",\"@id\":\"https:\\\/\\\/folliamala.ch\\\/product\\\/die-ausgeglichene\\\/#primaryimage\",\"url\":\"https:\\\/\\\/folliamala.ch\\\/wp-content\\\/uploads\\\/2025\\\/05\\\/Kette_Amazonit_v.webp\",\"contentUrl\":\"https:\\\/\\\/folliamala.ch\\\/wp-content\\\/uploads\\\/2025\\\/05\\\/Kette_Amazonit_v.webp\",\"width\":1000,\"height\":1000,\"caption\":\"Brillenkette, Halskette, Armband, Brillenkette Amazonit\"},{\"@type\":\"BreadcrumbList\",\"@id\":\"https:\\\/\\\/folliamala.ch\\\/product\\\/die-ausgeglichene\\\/#breadcrumb\",\"itemListElement\":[{\"@type\":\"ListItem\",\"position\":1,\"name\":\"Startseite\",\"item\":\"https:\\\/\\\/folliamala.ch\\\/\"},{\"@type\":\"ListItem\",\"position\":2,\"name\":\"Shop\",\"item\":\"https:\\\/\\\/folliamala.ch\\\/store\\\/\"},{\"@type\":\"ListItem\",\"position\":3,\"name\":\"die Ausgeglichene\"}]},{\"@type\":\"WebSite\",\"@id\":\"https:\\\/\\\/folliamala.ch\\\/#website\",\"url\":\"https:\\\/\\\/folliamala.ch\\\/\",\"name\":\"Folliamala\",\"description\":\"Mala Ketten &amp; Armb\u00e4nder\",\"publisher\":{\"@id\":\"https:\\\/\\\/folliamala.ch\\\/#organization\"},\"potentialAction\":[{\"@type\":\"SearchAction\",\"target\":{\"@type\":\"EntryPoint\",\"urlTemplate\":\"https:\\\/\\\/folliamala.ch\\\/?s={search_term_string}\"},\"query-input\":{\"@type\":\"PropertyValueSpecification\",\"valueRequired\":true,\"valueName\":\"search_term_string\"}}],\"inLanguage\":\"fr-FR\"},{\"@type\":\"Organization\",\"@id\":\"https:\\\/\\\/folliamala.ch\\\/#organization\",\"name\":\"Folliamala\",\"url\":\"https:\\\/\\\/folliamala.ch\\\/\",\"logo\":{\"@type\":\"ImageObject\",\"inLanguage\":\"fr-FR\",\"@id\":\"https:\\\/\\\/folliamala.ch\\\/#\\\/schema\\\/logo\\\/image\\\/\",\"url\":\"https:\\\/\\\/folliamala.ch\\\/wp-content\\\/uploads\\\/2021\\\/08\\\/folliamala_logo.png\",\"contentUrl\":\"https:\\\/\\\/folliamala.ch\\\/wp-content\\\/uploads\\\/2021\\\/08\\\/folliamala_logo.png\",\"width\":529,\"height\":109,\"caption\":\"Folliamala\"},\"image\":{\"@id\":\"https:\\\/\\\/folliamala.ch\\\/#\\\/schema\\\/logo\\\/image\\\/\"},\"sameAs\":[\"https:\\\/\\\/www.facebook.com\\\/folliamala\\\/\",\"https:\\\/\\\/www.instagram.com\\\/folliamala\\\/\",\"https:\\\/\\\/www.pinterest.de\\\/folliamala\\\/\"]}]}<\/script>\n<!-- \/ Yoast SEO plugin. -->","yoast_head_json":{"title":"Collier amazonite mat - Folliamala","description":"Collier amazonite mat, nou\u00e9 \u00e0 la main avec des pierres pr\u00e9cieuses de haute qualit\u00e9. Un accessoire tendance pour tous les styles. D'autres colliers dans notre boutique.","robots":{"index":"index","follow":"follow","max-snippet":"max-snippet:-1","max-image-preview":"max-image-preview:large","max-video-preview":"max-video-preview:-1"},"canonical":"https:\/\/folliamala.ch\/fr\/product\/die-ausgeglichene\/","og_locale":"fr_FR","og_type":"article","og_title":"Kette Amazonit matt &#8211; Folliamala","og_description":"Kette Amazonit matt, handgekn\u00fcpft mit hochwertigen Edelsteinen. Ein Trend-Accessoire f\u00fcr jeden Stil. Weitere Ketten in unserem Shop.","og_url":"https:\/\/folliamala.ch\/fr\/product\/die-ausgeglichene\/","og_site_name":"Folliamala","article_publisher":"https:\/\/www.facebook.com\/folliamala\/","article_modified_time":"2026-04-07T18:40:15+00:00","og_image":[{"width":1000,"height":1000,"url":"https:\/\/folliamala.ch\/wp-content\/uploads\/2025\/05\/Kette_Amazonit_v.webp","type":"image\/webp"}],"twitter_card":"summary_large_image","schema":{"@context":"https:\/\/schema.org","@graph":[{"@type":"WebPage","@id":"https:\/\/folliamala.ch\/product\/die-ausgeglichene\/","url":"https:\/\/folliamala.ch\/product\/die-ausgeglichene\/","name":"Collier amazonite mat - Folliamala","isPartOf":{"@id":"https:\/\/folliamala.ch\/#website"},"primaryImageOfPage":{"@id":"https:\/\/folliamala.ch\/product\/die-ausgeglichene\/#primaryimage"},"image":{"@id":"https:\/\/folliamala.ch\/product\/die-ausgeglichene\/#primaryimage"},"thumbnailUrl":"https:\/\/folliamala.ch\/wp-content\/uploads\/2025\/05\/Kette_Amazonit_v.webp","datePublished":"2023-05-09T19:23:18+00:00","dateModified":"2026-04-07T18:40:15+00:00","description":"Collier amazonite mat, nou\u00e9 \u00e0 la main avec des pierres pr\u00e9cieuses de haute qualit\u00e9. Un accessoire tendance pour tous les styles. D'autres colliers dans notre boutique.","breadcrumb":{"@id":"https:\/\/folliamala.ch\/product\/die-ausgeglichene\/#breadcrumb"},"inLanguage":"fr-FR","potentialAction":[{"@type":"ReadAction","target":["https:\/\/folliamala.ch\/product\/die-ausgeglichene\/"]}]},{"@type":"ImageObject","inLanguage":"fr-FR","@id":"https:\/\/folliamala.ch\/product\/die-ausgeglichene\/#primaryimage","url":"https:\/\/folliamala.ch\/wp-content\/uploads\/2025\/05\/Kette_Amazonit_v.webp","contentUrl":"https:\/\/folliamala.ch\/wp-content\/uploads\/2025\/05\/Kette_Amazonit_v.webp","width":1000,"height":1000,"caption":"Brillenkette, Halskette, Armband, Brillenkette Amazonit"},{"@type":"BreadcrumbList","@id":"https:\/\/folliamala.ch\/product\/die-ausgeglichene\/#breadcrumb","itemListElement":[{"@type":"ListItem","position":1,"name":"Startseite","item":"https:\/\/folliamala.ch\/"},{"@type":"ListItem","position":2,"name":"Shop","item":"https:\/\/folliamala.ch\/store\/"},{"@type":"ListItem","position":3,"name":"die Ausgeglichene"}]},{"@type":"WebSite","@id":"https:\/\/folliamala.ch\/#website","url":"https:\/\/folliamala.ch\/","name":"Folliamala","description":"Malas et bracelets","publisher":{"@id":"https:\/\/folliamala.ch\/#organization"},"potentialAction":[{"@type":"SearchAction","target":{"@type":"EntryPoint","urlTemplate":"https:\/\/folliamala.ch\/?s={search_term_string}"},"query-input":{"@type":"PropertyValueSpecification","valueRequired":true,"valueName":"search_term_string"}}],"inLanguage":"fr-FR"},{"@type":"Organization","@id":"https:\/\/folliamala.ch\/#organization","name":"Folliamala","url":"https:\/\/folliamala.ch\/","logo":{"@type":"ImageObject","inLanguage":"fr-FR","@id":"https:\/\/folliamala.ch\/#\/schema\/logo\/image\/","url":"https:\/\/folliamala.ch\/wp-content\/uploads\/2021\/08\/folliamala_logo.png","contentUrl":"https:\/\/folliamala.ch\/wp-content\/uploads\/2021\/08\/folliamala_logo.png","width":529,"height":109,"caption":"Folliamala"},"image":{"@id":"https:\/\/folliamala.ch\/#\/schema\/logo\/image\/"},"sameAs":["https:\/\/www.facebook.com\/folliamala\/","https:\/\/www.instagram.com\/folliamala\/","https:\/\/www.pinterest.de\/folliamala\/"]}]}},"_links":{"self":[{"href":"https:\/\/folliamala.ch\/fr\/wp-json\/wp\/v2\/product\/9351","targetHints":{"allow":["GET"]}}],"collection":[{"href":"https:\/\/folliamala.ch\/fr\/wp-json\/wp\/v2\/product"}],"about":[{"href":"https:\/\/folliamala.ch\/fr\/wp-json\/wp\/v2\/types\/product"}],"version-history":[{"count":5,"href":"https:\/\/folliamala.ch\/fr\/wp-json\/wp\/v2\/product\/9351\/revisions"}],"predecessor-version":[{"id":12438,"href":"https:\/\/folliamala.ch\/fr\/wp-json\/wp\/v2\/product\/9351\/revisions\/12438"}],"wp:featuredmedia":[{"embeddable":true,"href":"https:\/\/folliamala.ch\/fr\/wp-json\/wp\/v2\/media\/12427"}],"wp:attachment":[{"href":"https:\/\/folliamala.ch\/fr\/wp-json\/wp\/v2\/media?parent=9351"}],"wp:term":[{"taxonomy":"product_brand","embeddable":true,"href":"https:\/\/folliamala.ch\/fr\/wp-json\/wp\/v2\/product_brand?post=9351"},{"taxonomy":"product_cat","embeddable":true,"href":"https:\/\/folliamala.ch\/fr\/wp-json\/wp\/v2\/product_cat?post=9351"},{"taxonomy":"product_tag","embeddable":true,"href":"https:\/\/folliamala.ch\/fr\/wp-json\/wp\/v2\/product_tag?post=9351"}],"curies":[{"name":"wp","href":"https:\/\/api.w.org\/{rel}","templated":true}]}}