{"id":9384,"date":"2023-05-19T17:42:49","date_gmt":"2023-05-19T15:42:49","guid":{"rendered":"https:\/\/folliamala.ch\/?post_type=product&#038;p=9384"},"modified":"2025-08-23T17:51:29","modified_gmt":"2025-08-23T15:51:29","slug":"die-aussergewoehnliche","status":"publish","type":"product","link":"https:\/\/folliamala.ch\/fr\/product\/die-aussergewoehnliche\/","title":{"rendered":"L\u2019extraordinaire"},"content":{"rendered":"<p>Cha\u00eene Jaspe des for\u00eats tropicales (rhyolite)<\/p>\n<p>Le jaspe de la for\u00eat tropicale a un effet apaisant, augmente l'attention, att\u00e9nue l'autocritique et aide \u00e0 voir les choses telles qu\u2019elles sont. Il a un effet tr\u00e8s lib\u00e9rateur et aide \u00e0 identifier ses propres besoins.<\/p>\n<ul>\n<li>Pi\u00e8ce unique<\/li>\n<li>Peut \u00eatre utilis\u00e9 comme <strong>Bracelet enveloppant, collier ou cha\u00eene de lunettes<\/strong> \u00eatre port\u00e9<\/li>\n<li>Fil de soie de haute qualit\u00e9 pour garantir la stabilit\u00e9 et la durabilit\u00e9<\/li>\n<li>Taille des pierres: \u00f8 4 mm, pour qu'elle soit agr\u00e9able \u00e0 porter autour du cou et ne soit pas trop lourde<\/li>\n<li>Attaches en caoutchouc pour lunettes incluses<\/li>\n<li>Longueur: 70 cm<\/li>\n<\/ul>","protected":false},"excerpt":{"rendered":"<p>Cha\u00eene Jaspe de la for\u00eat tropicale<\/p>","protected":false},"featured_media":12428,"template":"","meta":{"site-sidebar-layout":"default","site-content-layout":"default","ast-site-content-layout":"default","site-content-style":"default","site-sidebar-style":"default","ast-global-header-display":"","ast-banner-title-visibility":"","ast-main-header-display":"","ast-hfb-above-header-display":"","ast-hfb-below-header-display":"","ast-hfb-mobile-header-display":"","site-post-title":"","ast-breadcrumbs-content":"","ast-featured-img":"","footer-sml-layout":"","ast-disable-related-posts":"","theme-transparent-header-meta":"default","adv-header-id-meta":"","stick-header-meta":"","header-above-stick-meta":"","header-main-stick-meta":"","header-below-stick-meta":"","astra-migrate-meta-layouts":"set","ast-page-background-enabled":"default","ast-page-background-meta":{"desktop":{"background-color":"","background-image":"","background-repeat":"repeat","background-position":"center center","background-size":"auto","background-attachment":"scroll","background-type":"","background-media":"","overlay-type":"","overlay-color":"","overlay-opacity":"","overlay-gradient":""},"tablet":{"background-color":"","background-image":"","background-repeat":"repeat","background-position":"center center","background-size":"auto","background-attachment":"scroll","background-type":"","background-media":"","overlay-type":"","overlay-color":"","overlay-opacity":"","overlay-gradient":""},"mobile":{"background-color":"","background-image":"","background-repeat":"repeat","background-position":"center center","background-size":"auto","background-attachment":"scroll","background-type":"","background-media":"","overlay-type":"","overlay-color":"","overlay-opacity":"","overlay-gradient":""}},"ast-content-background-meta":{"desktop":{"background-color":"var(--ast-global-color-5)","background-image":"","background-repeat":"repeat","background-position":"center center","background-size":"auto","background-attachment":"scroll","background-type":"","background-media":"","overlay-type":"","overlay-color":"","overlay-opacity":"","overlay-gradient":""},"tablet":{"background-color":"var(--ast-global-color-5)","background-image":"","background-repeat":"repeat","background-position":"center center","background-size":"auto","background-attachment":"scroll","background-type":"","background-media":"","overlay-type":"","overlay-color":"","overlay-opacity":"","overlay-gradient":""},"mobile":{"background-color":"var(--ast-global-color-5)","background-image":"","background-repeat":"repeat","background-position":"center center","background-size":"auto","background-attachment":"scroll","background-type":"","background-media":"","overlay-type":"","overlay-color":"","overlay-opacity":"","overlay-gradient":""}},"_glsr_average":0,"_glsr_ranking":0,"_glsr_reviews":0},"product_brand":[224],"product_cat":[197,205],"product_tag":[198],"class_list":{"0":"post-9384","1":"product","2":"type-product","3":"status-publish","4":"has-post-thumbnail","6":"product_brand-folliamala","7":"product_cat-brillenketten","8":"product_cat-halsketten","9":"product_tag-rhyolit","10":"desktop-align-center","11":"tablet-align-left","12":"mobile-align-left","14":"first","15":"instock","16":"shipping-taxable","17":"purchasable","18":"product-type-simple","19":"wpzoom-wc-spi-has-enabled"},"yoast_head":"<!-- This site is optimized with the Yoast SEO plugin v27.4 - https:\/\/yoast.com\/product\/yoast-seo-wordpress\/ -->\n<title>Kette Regenwaldjaspis (Rhyolith) &#8211; Folliamala<\/title>\n<meta name=\"description\" content=\"Kette Regenwaldjaspis (Rhyolith), handgekn\u00fcpft aus 100% Natursteinen. Ein Trend-Accessoire f\u00fcr jeden Stil. Weitere Ketten in unserem Shop.\" \/>\n<meta name=\"robots\" content=\"index, follow, max-snippet:-1, max-image-preview:large, max-video-preview:-1\" \/>\n<link rel=\"canonical\" href=\"https:\/\/folliamala.ch\/fr\/product\/die-aussergewoehnliche\/\" \/>\n<meta property=\"og:locale\" content=\"fr_FR\" \/>\n<meta property=\"og:type\" content=\"article\" \/>\n<meta property=\"og:title\" content=\"Kette Regenwaldjaspis (Rhyolith) &#8211; Folliamala\" \/>\n<meta property=\"og:description\" content=\"Kette Regenwaldjaspis (Rhyolith), handgekn\u00fcpft aus 100% Natursteinen. Ein Trend-Accessoire f\u00fcr jeden Stil. Weitere Ketten in unserem Shop.\" \/>\n<meta property=\"og:url\" content=\"https:\/\/folliamala.ch\/fr\/product\/die-aussergewoehnliche\/\" \/>\n<meta property=\"og:site_name\" content=\"Folliamala\" \/>\n<meta property=\"article:publisher\" content=\"https:\/\/www.facebook.com\/folliamala\/\" \/>\n<meta property=\"article:modified_time\" content=\"2025-08-23T15:51:29+00:00\" \/>\n<meta property=\"og:image\" content=\"https:\/\/folliamala.ch\/wp-content\/uploads\/2025\/05\/Kette_Rhyolit_v.webp\" \/>\n\t<meta property=\"og:image:width\" content=\"1000\" \/>\n\t<meta property=\"og:image:height\" content=\"1000\" \/>\n\t<meta property=\"og:image:type\" content=\"image\/webp\" \/>\n<meta name=\"twitter:card\" content=\"summary_large_image\" \/>\n<script type=\"application\/ld+json\" class=\"yoast-schema-graph\">{\"@context\":\"https:\\\/\\\/schema.org\",\"@graph\":[{\"@type\":\"WebPage\",\"@id\":\"https:\\\/\\\/folliamala.ch\\\/product\\\/die-aussergewoehnliche\\\/\",\"url\":\"https:\\\/\\\/folliamala.ch\\\/product\\\/die-aussergewoehnliche\\\/\",\"name\":\"Kette Regenwaldjaspis (Rhyolith) &#8211; Folliamala\",\"isPartOf\":{\"@id\":\"https:\\\/\\\/folliamala.ch\\\/#website\"},\"primaryImageOfPage\":{\"@id\":\"https:\\\/\\\/folliamala.ch\\\/product\\\/die-aussergewoehnliche\\\/#primaryimage\"},\"image\":{\"@id\":\"https:\\\/\\\/folliamala.ch\\\/product\\\/die-aussergewoehnliche\\\/#primaryimage\"},\"thumbnailUrl\":\"https:\\\/\\\/folliamala.ch\\\/wp-content\\\/uploads\\\/2025\\\/05\\\/Kette_Rhyolit_v.webp\",\"datePublished\":\"2023-05-19T15:42:49+00:00\",\"dateModified\":\"2025-08-23T15:51:29+00:00\",\"description\":\"Kette Regenwaldjaspis (Rhyolith), handgekn\u00fcpft aus 100% Natursteinen. Ein Trend-Accessoire f\u00fcr jeden Stil. Weitere Ketten in unserem Shop.\",\"breadcrumb\":{\"@id\":\"https:\\\/\\\/folliamala.ch\\\/product\\\/die-aussergewoehnliche\\\/#breadcrumb\"},\"inLanguage\":\"fr-FR\",\"potentialAction\":[{\"@type\":\"ReadAction\",\"target\":[\"https:\\\/\\\/folliamala.ch\\\/product\\\/die-aussergewoehnliche\\\/\"]}]},{\"@type\":\"ImageObject\",\"inLanguage\":\"fr-FR\",\"@id\":\"https:\\\/\\\/folliamala.ch\\\/product\\\/die-aussergewoehnliche\\\/#primaryimage\",\"url\":\"https:\\\/\\\/folliamala.ch\\\/wp-content\\\/uploads\\\/2025\\\/05\\\/Kette_Rhyolit_v.webp\",\"contentUrl\":\"https:\\\/\\\/folliamala.ch\\\/wp-content\\\/uploads\\\/2025\\\/05\\\/Kette_Rhyolit_v.webp\",\"width\":1000,\"height\":1000,\"caption\":\"Brillenkette, Halskette, Armband, Brillenkette Rhyolit\"},{\"@type\":\"BreadcrumbList\",\"@id\":\"https:\\\/\\\/folliamala.ch\\\/product\\\/die-aussergewoehnliche\\\/#breadcrumb\",\"itemListElement\":[{\"@type\":\"ListItem\",\"position\":1,\"name\":\"Startseite\",\"item\":\"https:\\\/\\\/folliamala.ch\\\/\"},{\"@type\":\"ListItem\",\"position\":2,\"name\":\"Shop\",\"item\":\"https:\\\/\\\/folliamala.ch\\\/store\\\/\"},{\"@type\":\"ListItem\",\"position\":3,\"name\":\"die Aussergew\u00f6hnliche\"}]},{\"@type\":\"WebSite\",\"@id\":\"https:\\\/\\\/folliamala.ch\\\/#website\",\"url\":\"https:\\\/\\\/folliamala.ch\\\/\",\"name\":\"Folliamala\",\"description\":\"Mala Ketten &amp; Armb\u00e4nder\",\"publisher\":{\"@id\":\"https:\\\/\\\/folliamala.ch\\\/#organization\"},\"potentialAction\":[{\"@type\":\"SearchAction\",\"target\":{\"@type\":\"EntryPoint\",\"urlTemplate\":\"https:\\\/\\\/folliamala.ch\\\/?s={search_term_string}\"},\"query-input\":{\"@type\":\"PropertyValueSpecification\",\"valueRequired\":true,\"valueName\":\"search_term_string\"}}],\"inLanguage\":\"fr-FR\"},{\"@type\":\"Organization\",\"@id\":\"https:\\\/\\\/folliamala.ch\\\/#organization\",\"name\":\"Folliamala\",\"url\":\"https:\\\/\\\/folliamala.ch\\\/\",\"logo\":{\"@type\":\"ImageObject\",\"inLanguage\":\"fr-FR\",\"@id\":\"https:\\\/\\\/folliamala.ch\\\/#\\\/schema\\\/logo\\\/image\\\/\",\"url\":\"https:\\\/\\\/folliamala.ch\\\/wp-content\\\/uploads\\\/2021\\\/08\\\/folliamala_logo.png\",\"contentUrl\":\"https:\\\/\\\/folliamala.ch\\\/wp-content\\\/uploads\\\/2021\\\/08\\\/folliamala_logo.png\",\"width\":529,\"height\":109,\"caption\":\"Folliamala\"},\"image\":{\"@id\":\"https:\\\/\\\/folliamala.ch\\\/#\\\/schema\\\/logo\\\/image\\\/\"},\"sameAs\":[\"https:\\\/\\\/www.facebook.com\\\/folliamala\\\/\",\"https:\\\/\\\/www.instagram.com\\\/folliamala\\\/\",\"https:\\\/\\\/www.pinterest.de\\\/folliamala\\\/\"]}]}<\/script>\n<!-- \/ Yoast SEO plugin. -->","yoast_head_json":{"title":"Collier Jaspe des for\u00eats tropicales (rhyolite) - Folliamala","description":"Collier en jaspe de la for\u00eat tropicale (rhyolite), nou\u00e9 \u00e0 la main \u00e0 partir de 100% pierres naturelles. Un accessoire tendance pour tous les styles. D'autres colliers dans notre boutique.","robots":{"index":"index","follow":"follow","max-snippet":"max-snippet:-1","max-image-preview":"max-image-preview:large","max-video-preview":"max-video-preview:-1"},"canonical":"https:\/\/folliamala.ch\/fr\/product\/die-aussergewoehnliche\/","og_locale":"fr_FR","og_type":"article","og_title":"Kette Regenwaldjaspis (Rhyolith) &#8211; Folliamala","og_description":"Kette Regenwaldjaspis (Rhyolith), handgekn\u00fcpft aus 100% Natursteinen. Ein Trend-Accessoire f\u00fcr jeden Stil. Weitere Ketten in unserem Shop.","og_url":"https:\/\/folliamala.ch\/fr\/product\/die-aussergewoehnliche\/","og_site_name":"Folliamala","article_publisher":"https:\/\/www.facebook.com\/folliamala\/","article_modified_time":"2025-08-23T15:51:29+00:00","og_image":[{"width":1000,"height":1000,"url":"https:\/\/folliamala.ch\/wp-content\/uploads\/2025\/05\/Kette_Rhyolit_v.webp","type":"image\/webp"}],"twitter_card":"summary_large_image","schema":{"@context":"https:\/\/schema.org","@graph":[{"@type":"WebPage","@id":"https:\/\/folliamala.ch\/product\/die-aussergewoehnliche\/","url":"https:\/\/folliamala.ch\/product\/die-aussergewoehnliche\/","name":"Collier Jaspe des for\u00eats tropicales (rhyolite) - Folliamala","isPartOf":{"@id":"https:\/\/folliamala.ch\/#website"},"primaryImageOfPage":{"@id":"https:\/\/folliamala.ch\/product\/die-aussergewoehnliche\/#primaryimage"},"image":{"@id":"https:\/\/folliamala.ch\/product\/die-aussergewoehnliche\/#primaryimage"},"thumbnailUrl":"https:\/\/folliamala.ch\/wp-content\/uploads\/2025\/05\/Kette_Rhyolit_v.webp","datePublished":"2023-05-19T15:42:49+00:00","dateModified":"2025-08-23T15:51:29+00:00","description":"Collier en jaspe de la for\u00eat tropicale (rhyolite), nou\u00e9 \u00e0 la main \u00e0 partir de 100% pierres naturelles. Un accessoire tendance pour tous les styles. D'autres colliers dans notre boutique.","breadcrumb":{"@id":"https:\/\/folliamala.ch\/product\/die-aussergewoehnliche\/#breadcrumb"},"inLanguage":"fr-FR","potentialAction":[{"@type":"ReadAction","target":["https:\/\/folliamala.ch\/product\/die-aussergewoehnliche\/"]}]},{"@type":"ImageObject","inLanguage":"fr-FR","@id":"https:\/\/folliamala.ch\/product\/die-aussergewoehnliche\/#primaryimage","url":"https:\/\/folliamala.ch\/wp-content\/uploads\/2025\/05\/Kette_Rhyolit_v.webp","contentUrl":"https:\/\/folliamala.ch\/wp-content\/uploads\/2025\/05\/Kette_Rhyolit_v.webp","width":1000,"height":1000,"caption":"Brillenkette, Halskette, Armband, Brillenkette Rhyolit"},{"@type":"BreadcrumbList","@id":"https:\/\/folliamala.ch\/product\/die-aussergewoehnliche\/#breadcrumb","itemListElement":[{"@type":"ListItem","position":1,"name":"Startseite","item":"https:\/\/folliamala.ch\/"},{"@type":"ListItem","position":2,"name":"Shop","item":"https:\/\/folliamala.ch\/store\/"},{"@type":"ListItem","position":3,"name":"die Aussergew\u00f6hnliche"}]},{"@type":"WebSite","@id":"https:\/\/folliamala.ch\/#website","url":"https:\/\/folliamala.ch\/","name":"Folliamala","description":"Malas et bracelets","publisher":{"@id":"https:\/\/folliamala.ch\/#organization"},"potentialAction":[{"@type":"SearchAction","target":{"@type":"EntryPoint","urlTemplate":"https:\/\/folliamala.ch\/?s={search_term_string}"},"query-input":{"@type":"PropertyValueSpecification","valueRequired":true,"valueName":"search_term_string"}}],"inLanguage":"fr-FR"},{"@type":"Organization","@id":"https:\/\/folliamala.ch\/#organization","name":"Folliamala","url":"https:\/\/folliamala.ch\/","logo":{"@type":"ImageObject","inLanguage":"fr-FR","@id":"https:\/\/folliamala.ch\/#\/schema\/logo\/image\/","url":"https:\/\/folliamala.ch\/wp-content\/uploads\/2021\/08\/folliamala_logo.png","contentUrl":"https:\/\/folliamala.ch\/wp-content\/uploads\/2021\/08\/folliamala_logo.png","width":529,"height":109,"caption":"Folliamala"},"image":{"@id":"https:\/\/folliamala.ch\/#\/schema\/logo\/image\/"},"sameAs":["https:\/\/www.facebook.com\/folliamala\/","https:\/\/www.instagram.com\/folliamala\/","https:\/\/www.pinterest.de\/folliamala\/"]}]}},"_links":{"self":[{"href":"https:\/\/folliamala.ch\/fr\/wp-json\/wp\/v2\/product\/9384","targetHints":{"allow":["GET"]}}],"collection":[{"href":"https:\/\/folliamala.ch\/fr\/wp-json\/wp\/v2\/product"}],"about":[{"href":"https:\/\/folliamala.ch\/fr\/wp-json\/wp\/v2\/types\/product"}],"version-history":[{"count":6,"href":"https:\/\/folliamala.ch\/fr\/wp-json\/wp\/v2\/product\/9384\/revisions"}],"predecessor-version":[{"id":12437,"href":"https:\/\/folliamala.ch\/fr\/wp-json\/wp\/v2\/product\/9384\/revisions\/12437"}],"wp:featuredmedia":[{"embeddable":true,"href":"https:\/\/folliamala.ch\/fr\/wp-json\/wp\/v2\/media\/12428"}],"wp:attachment":[{"href":"https:\/\/folliamala.ch\/fr\/wp-json\/wp\/v2\/media?parent=9384"}],"wp:term":[{"taxonomy":"product_brand","embeddable":true,"href":"https:\/\/folliamala.ch\/fr\/wp-json\/wp\/v2\/product_brand?post=9384"},{"taxonomy":"product_cat","embeddable":true,"href":"https:\/\/folliamala.ch\/fr\/wp-json\/wp\/v2\/product_cat?post=9384"},{"taxonomy":"product_tag","embeddable":true,"href":"https:\/\/folliamala.ch\/fr\/wp-json\/wp\/v2\/product_tag?post=9384"}],"curies":[{"name":"wp","href":"https:\/\/api.w.org\/{rel}","templated":true}]}}