{"id":9878,"date":"2023-08-28T21:46:57","date_gmt":"2023-08-28T19:46:57","guid":{"rendered":"https:\/\/folliamala.ch\/?post_type=product&#038;p=9878"},"modified":"2025-08-23T17:51:30","modified_gmt":"2025-08-23T15:51:30","slug":"das-glueckliche-duo","status":"publish","type":"product","link":"https:\/\/folliamala.ch\/fr\/product\/das-glueckliche-duo\/","title":{"rendered":"Le duo heureux"},"content":{"rendered":"<p><b>Bracelet double en ang\u00e9lite et cristal de roche\u00a0<\/b><\/p>\n<p class=\"p1\">La combinaison de ces deux pierres augmente ta perception de toi-m\u00eame et te donne une grande s\u00e9curit\u00e9. En m\u00eame temps, tu peux y puiser beaucoup de force.<\/p>\n<p>L\u2019ang\u00e9lite, \u00e9galement connue par beaucoup sous le nom d\u2019anhydrite, est une pierre pr\u00e9cieuse tr\u00e8s rare qui peut impressionner non seulement par sa magnifique couleur bleue, mais aussi par son effet tr\u00e8s sp\u00e9cial et tr\u00e8s puissant sur les gens. L\u2019ang\u00e9lite bleue est utilis\u00e9e en cas de stress psychique extr\u00eame. Elle a un effet apaisant, mais aussi exaltant lorsque le psychisme a atteint son point le plus bas. M\u00e9ditation: chakra du c\u0153ur.<\/p>\n<p>De toutes les pierres pr\u00e9cieuses, le cristal de roche est celle qui renforce le plus les \u00e9nergies. C\u2019est l\u2019une des pierres centrales de la lumi\u00e8re. Le cristal de roche favorise les \u00e9nergies \u00e9lev\u00e9es et lumineuses et repousse les \u00e9nergies profondes et sombres. Le cristal de roche aide \u00e0 satisfaire les besoins int\u00e9rieurs.<\/p>\n<ul>\n<li>Perles: ang\u00e9lite et cristal de roche de \u00f8 6 mm<\/li>\n<li>\u00c9l\u00e9ments interm\u00e9diaires argent\u00e9s :<\/li>\n<li>Mont\u00e9 sur \u00e9lastique<\/li>\n<li>Pour un tour de poignet jusqu'\u00e0 17 cm inclus, adaptable \u00e0 la taille souhait\u00e9e<\/li>\n<\/ul>","protected":false},"excerpt":{"rendered":"<p>Ang\u00e9lite et cristal de roche<\/p>","protected":false},"featured_media":9886,"template":"","meta":{"site-sidebar-layout":"default","site-content-layout":"","ast-site-content-layout":"default","site-content-style":"default","site-sidebar-style":"default","ast-global-header-display":"","ast-banner-title-visibility":"","ast-main-header-display":"","ast-hfb-above-header-display":"","ast-hfb-below-header-display":"","ast-hfb-mobile-header-display":"","site-post-title":"","ast-breadcrumbs-content":"","ast-featured-img":"","footer-sml-layout":"","ast-disable-related-posts":"","theme-transparent-header-meta":"default","adv-header-id-meta":"","stick-header-meta":"","header-above-stick-meta":"","header-main-stick-meta":"","header-below-stick-meta":"","astra-migrate-meta-layouts":"set","ast-page-background-enabled":"default","ast-page-background-meta":{"desktop":{"background-color":"","background-image":"","background-repeat":"repeat","background-position":"center center","background-size":"auto","background-attachment":"scroll","background-type":"","background-media":"","overlay-type":"","overlay-color":"","overlay-opacity":"","overlay-gradient":""},"tablet":{"background-color":"","background-image":"","background-repeat":"repeat","background-position":"center center","background-size":"auto","background-attachment":"scroll","background-type":"","background-media":"","overlay-type":"","overlay-color":"","overlay-opacity":"","overlay-gradient":""},"mobile":{"background-color":"","background-image":"","background-repeat":"repeat","background-position":"center center","background-size":"auto","background-attachment":"scroll","background-type":"","background-media":"","overlay-type":"","overlay-color":"","overlay-opacity":"","overlay-gradient":""}},"ast-content-background-meta":{"desktop":{"background-color":"var(--ast-global-color-5)","background-image":"","background-repeat":"repeat","background-position":"center center","background-size":"auto","background-attachment":"scroll","background-type":"","background-media":"","overlay-type":"","overlay-color":"","overlay-opacity":"","overlay-gradient":""},"tablet":{"background-color":"var(--ast-global-color-5)","background-image":"","background-repeat":"repeat","background-position":"center center","background-size":"auto","background-attachment":"scroll","background-type":"","background-media":"","overlay-type":"","overlay-color":"","overlay-opacity":"","overlay-gradient":""},"mobile":{"background-color":"var(--ast-global-color-5)","background-image":"","background-repeat":"repeat","background-position":"center center","background-size":"auto","background-attachment":"scroll","background-type":"","background-media":"","overlay-type":"","overlay-color":"","overlay-opacity":"","overlay-gradient":""}},"_glsr_average":0,"_glsr_ranking":0,"_glsr_reviews":0},"product_brand":[224],"product_cat":[127],"product_tag":[108,107],"class_list":{"0":"post-9878","1":"product","2":"type-product","3":"status-publish","4":"has-post-thumbnail","6":"product_brand-folliamala","7":"product_cat-armband","8":"product_tag-angelit","9":"product_tag-bergkristall","10":"desktop-align-center","11":"tablet-align-left","12":"mobile-align-left","14":"first","15":"instock","16":"shipping-taxable","17":"purchasable","18":"product-type-simple","19":"wpzoom-wc-spi-has-enabled"},"yoast_head":"<!-- This site is optimized with the Yoast SEO plugin v27.4 - https:\/\/yoast.com\/product\/yoast-seo-wordpress\/ -->\n<title>Armband Angelit und Bergkristall\u00a0&#8211; Folliamala<\/title>\n<meta name=\"description\" content=\"Armband Angelit und Bergkristall gibt dir Kraft und Sicherheit. Sieh dir diese und weitere Malaketten &amp; Mala-Armb\u00e4nder in unserem Onlineshop an.\" \/>\n<meta name=\"robots\" content=\"index, follow, max-snippet:-1, max-image-preview:large, max-video-preview:-1\" \/>\n<link rel=\"canonical\" href=\"https:\/\/folliamala.ch\/fr\/product\/das-glueckliche-duo\/\" \/>\n<meta property=\"og:locale\" content=\"fr_FR\" \/>\n<meta property=\"og:type\" content=\"article\" \/>\n<meta property=\"og:title\" content=\"Armband Angelit und Bergkristall\u00a0&#8211; Folliamala\" \/>\n<meta property=\"og:description\" content=\"Armband Angelit und Bergkristall gibt dir Kraft und Sicherheit. Sieh dir diese und weitere Malaketten &amp; Mala-Armb\u00e4nder in unserem Onlineshop an.\" \/>\n<meta property=\"og:url\" content=\"https:\/\/folliamala.ch\/fr\/product\/das-glueckliche-duo\/\" \/>\n<meta property=\"og:site_name\" content=\"Folliamala\" \/>\n<meta property=\"article:publisher\" content=\"https:\/\/www.facebook.com\/folliamala\/\" \/>\n<meta property=\"article:modified_time\" content=\"2025-08-23T15:51:30+00:00\" \/>\n<meta property=\"og:image\" content=\"https:\/\/folliamala.ch\/wp-content\/uploads\/2023\/08\/Armband_Angelit_Bergkristall_o.webp\" \/>\n\t<meta property=\"og:image:width\" content=\"1000\" \/>\n\t<meta property=\"og:image:height\" content=\"1000\" \/>\n\t<meta property=\"og:image:type\" content=\"image\/webp\" \/>\n<meta name=\"twitter:card\" content=\"summary_large_image\" \/>\n<meta name=\"twitter:label1\" content=\"Dur\u00e9e de lecture estim\u00e9e\" \/>\n\t<meta name=\"twitter:data1\" content=\"1 minute\" \/>\n<script type=\"application\/ld+json\" class=\"yoast-schema-graph\">{\"@context\":\"https:\\\/\\\/schema.org\",\"@graph\":[{\"@type\":\"WebPage\",\"@id\":\"https:\\\/\\\/folliamala.ch\\\/product\\\/das-glueckliche-duo\\\/\",\"url\":\"https:\\\/\\\/folliamala.ch\\\/product\\\/das-glueckliche-duo\\\/\",\"name\":\"Armband Angelit und Bergkristall\u00a0&#8211; Folliamala\",\"isPartOf\":{\"@id\":\"https:\\\/\\\/folliamala.ch\\\/#website\"},\"primaryImageOfPage\":{\"@id\":\"https:\\\/\\\/folliamala.ch\\\/product\\\/das-glueckliche-duo\\\/#primaryimage\"},\"image\":{\"@id\":\"https:\\\/\\\/folliamala.ch\\\/product\\\/das-glueckliche-duo\\\/#primaryimage\"},\"thumbnailUrl\":\"https:\\\/\\\/folliamala.ch\\\/wp-content\\\/uploads\\\/2023\\\/08\\\/Armband_Angelit_Bergkristall_o.webp\",\"datePublished\":\"2023-08-28T19:46:57+00:00\",\"dateModified\":\"2025-08-23T15:51:30+00:00\",\"description\":\"Armband Angelit und Bergkristall gibt dir Kraft und Sicherheit. Sieh dir diese und weitere Malaketten & Mala-Armb\u00e4nder in unserem Onlineshop an.\",\"breadcrumb\":{\"@id\":\"https:\\\/\\\/folliamala.ch\\\/product\\\/das-glueckliche-duo\\\/#breadcrumb\"},\"inLanguage\":\"fr-FR\",\"potentialAction\":[{\"@type\":\"ReadAction\",\"target\":[\"https:\\\/\\\/folliamala.ch\\\/product\\\/das-glueckliche-duo\\\/\"]}]},{\"@type\":\"ImageObject\",\"inLanguage\":\"fr-FR\",\"@id\":\"https:\\\/\\\/folliamala.ch\\\/product\\\/das-glueckliche-duo\\\/#primaryimage\",\"url\":\"https:\\\/\\\/folliamala.ch\\\/wp-content\\\/uploads\\\/2023\\\/08\\\/Armband_Angelit_Bergkristall_o.webp\",\"contentUrl\":\"https:\\\/\\\/folliamala.ch\\\/wp-content\\\/uploads\\\/2023\\\/08\\\/Armband_Angelit_Bergkristall_o.webp\",\"width\":1000,\"height\":1000,\"caption\":\"Armband Angelit & Bergkristall\"},{\"@type\":\"BreadcrumbList\",\"@id\":\"https:\\\/\\\/folliamala.ch\\\/product\\\/das-glueckliche-duo\\\/#breadcrumb\",\"itemListElement\":[{\"@type\":\"ListItem\",\"position\":1,\"name\":\"Startseite\",\"item\":\"https:\\\/\\\/folliamala.ch\\\/\"},{\"@type\":\"ListItem\",\"position\":2,\"name\":\"Shop\",\"item\":\"https:\\\/\\\/folliamala.ch\\\/store\\\/\"},{\"@type\":\"ListItem\",\"position\":3,\"name\":\"Das gl\u00fcckliche Duo\"}]},{\"@type\":\"WebSite\",\"@id\":\"https:\\\/\\\/folliamala.ch\\\/#website\",\"url\":\"https:\\\/\\\/folliamala.ch\\\/\",\"name\":\"Folliamala\",\"description\":\"Mala Ketten &amp; Armb\u00e4nder\",\"publisher\":{\"@id\":\"https:\\\/\\\/folliamala.ch\\\/#organization\"},\"potentialAction\":[{\"@type\":\"SearchAction\",\"target\":{\"@type\":\"EntryPoint\",\"urlTemplate\":\"https:\\\/\\\/folliamala.ch\\\/?s={search_term_string}\"},\"query-input\":{\"@type\":\"PropertyValueSpecification\",\"valueRequired\":true,\"valueName\":\"search_term_string\"}}],\"inLanguage\":\"fr-FR\"},{\"@type\":\"Organization\",\"@id\":\"https:\\\/\\\/folliamala.ch\\\/#organization\",\"name\":\"Folliamala\",\"url\":\"https:\\\/\\\/folliamala.ch\\\/\",\"logo\":{\"@type\":\"ImageObject\",\"inLanguage\":\"fr-FR\",\"@id\":\"https:\\\/\\\/folliamala.ch\\\/#\\\/schema\\\/logo\\\/image\\\/\",\"url\":\"https:\\\/\\\/folliamala.ch\\\/wp-content\\\/uploads\\\/2021\\\/08\\\/folliamala_logo.png\",\"contentUrl\":\"https:\\\/\\\/folliamala.ch\\\/wp-content\\\/uploads\\\/2021\\\/08\\\/folliamala_logo.png\",\"width\":529,\"height\":109,\"caption\":\"Folliamala\"},\"image\":{\"@id\":\"https:\\\/\\\/folliamala.ch\\\/#\\\/schema\\\/logo\\\/image\\\/\"},\"sameAs\":[\"https:\\\/\\\/www.facebook.com\\\/folliamala\\\/\",\"https:\\\/\\\/www.instagram.com\\\/folliamala\\\/\",\"https:\\\/\\\/www.pinterest.de\\\/folliamala\\\/\"]}]}<\/script>\n<!-- \/ Yoast SEO plugin. -->","yoast_head_json":{"title":"Bracelet ang\u00e9lite et cristal de roche - Folliamala","description":"Le bracelet Angelite et cristal de roche te donne force et s\u00e9curit\u00e9. D\u00e9couvre cette cha\u00eene et d'autres bracelets mala dans notre boutique en ligne.","robots":{"index":"index","follow":"follow","max-snippet":"max-snippet:-1","max-image-preview":"max-image-preview:large","max-video-preview":"max-video-preview:-1"},"canonical":"https:\/\/folliamala.ch\/fr\/product\/das-glueckliche-duo\/","og_locale":"fr_FR","og_type":"article","og_title":"Armband Angelit und Bergkristall\u00a0&#8211; Folliamala","og_description":"Armband Angelit und Bergkristall gibt dir Kraft und Sicherheit. Sieh dir diese und weitere Malaketten & Mala-Armb\u00e4nder in unserem Onlineshop an.","og_url":"https:\/\/folliamala.ch\/fr\/product\/das-glueckliche-duo\/","og_site_name":"Folliamala","article_publisher":"https:\/\/www.facebook.com\/folliamala\/","article_modified_time":"2025-08-23T15:51:30+00:00","og_image":[{"width":1000,"height":1000,"url":"https:\/\/folliamala.ch\/wp-content\/uploads\/2023\/08\/Armband_Angelit_Bergkristall_o.webp","type":"image\/webp"}],"twitter_card":"summary_large_image","twitter_misc":{"Dur\u00e9e de lecture estim\u00e9e":"1 minute"},"schema":{"@context":"https:\/\/schema.org","@graph":[{"@type":"WebPage","@id":"https:\/\/folliamala.ch\/product\/das-glueckliche-duo\/","url":"https:\/\/folliamala.ch\/product\/das-glueckliche-duo\/","name":"Bracelet ang\u00e9lite et cristal de roche - Folliamala","isPartOf":{"@id":"https:\/\/folliamala.ch\/#website"},"primaryImageOfPage":{"@id":"https:\/\/folliamala.ch\/product\/das-glueckliche-duo\/#primaryimage"},"image":{"@id":"https:\/\/folliamala.ch\/product\/das-glueckliche-duo\/#primaryimage"},"thumbnailUrl":"https:\/\/folliamala.ch\/wp-content\/uploads\/2023\/08\/Armband_Angelit_Bergkristall_o.webp","datePublished":"2023-08-28T19:46:57+00:00","dateModified":"2025-08-23T15:51:30+00:00","description":"Le bracelet Angelite et cristal de roche te donne force et s\u00e9curit\u00e9. D\u00e9couvre cette cha\u00eene et d'autres bracelets mala dans notre boutique en ligne.","breadcrumb":{"@id":"https:\/\/folliamala.ch\/product\/das-glueckliche-duo\/#breadcrumb"},"inLanguage":"fr-FR","potentialAction":[{"@type":"ReadAction","target":["https:\/\/folliamala.ch\/product\/das-glueckliche-duo\/"]}]},{"@type":"ImageObject","inLanguage":"fr-FR","@id":"https:\/\/folliamala.ch\/product\/das-glueckliche-duo\/#primaryimage","url":"https:\/\/folliamala.ch\/wp-content\/uploads\/2023\/08\/Armband_Angelit_Bergkristall_o.webp","contentUrl":"https:\/\/folliamala.ch\/wp-content\/uploads\/2023\/08\/Armband_Angelit_Bergkristall_o.webp","width":1000,"height":1000,"caption":"Armband Angelit & Bergkristall"},{"@type":"BreadcrumbList","@id":"https:\/\/folliamala.ch\/product\/das-glueckliche-duo\/#breadcrumb","itemListElement":[{"@type":"ListItem","position":1,"name":"Startseite","item":"https:\/\/folliamala.ch\/"},{"@type":"ListItem","position":2,"name":"Shop","item":"https:\/\/folliamala.ch\/store\/"},{"@type":"ListItem","position":3,"name":"Das gl\u00fcckliche Duo"}]},{"@type":"WebSite","@id":"https:\/\/folliamala.ch\/#website","url":"https:\/\/folliamala.ch\/","name":"Folliamala","description":"Malas et bracelets","publisher":{"@id":"https:\/\/folliamala.ch\/#organization"},"potentialAction":[{"@type":"SearchAction","target":{"@type":"EntryPoint","urlTemplate":"https:\/\/folliamala.ch\/?s={search_term_string}"},"query-input":{"@type":"PropertyValueSpecification","valueRequired":true,"valueName":"search_term_string"}}],"inLanguage":"fr-FR"},{"@type":"Organization","@id":"https:\/\/folliamala.ch\/#organization","name":"Folliamala","url":"https:\/\/folliamala.ch\/","logo":{"@type":"ImageObject","inLanguage":"fr-FR","@id":"https:\/\/folliamala.ch\/#\/schema\/logo\/image\/","url":"https:\/\/folliamala.ch\/wp-content\/uploads\/2021\/08\/folliamala_logo.png","contentUrl":"https:\/\/folliamala.ch\/wp-content\/uploads\/2021\/08\/folliamala_logo.png","width":529,"height":109,"caption":"Folliamala"},"image":{"@id":"https:\/\/folliamala.ch\/#\/schema\/logo\/image\/"},"sameAs":["https:\/\/www.facebook.com\/folliamala\/","https:\/\/www.instagram.com\/folliamala\/","https:\/\/www.pinterest.de\/folliamala\/"]}]}},"_links":{"self":[{"href":"https:\/\/folliamala.ch\/fr\/wp-json\/wp\/v2\/product\/9878","targetHints":{"allow":["GET"]}}],"collection":[{"href":"https:\/\/folliamala.ch\/fr\/wp-json\/wp\/v2\/product"}],"about":[{"href":"https:\/\/folliamala.ch\/fr\/wp-json\/wp\/v2\/types\/product"}],"version-history":[{"count":2,"href":"https:\/\/folliamala.ch\/fr\/wp-json\/wp\/v2\/product\/9878\/revisions"}],"predecessor-version":[{"id":9893,"href":"https:\/\/folliamala.ch\/fr\/wp-json\/wp\/v2\/product\/9878\/revisions\/9893"}],"wp:featuredmedia":[{"embeddable":true,"href":"https:\/\/folliamala.ch\/fr\/wp-json\/wp\/v2\/media\/9886"}],"wp:attachment":[{"href":"https:\/\/folliamala.ch\/fr\/wp-json\/wp\/v2\/media?parent=9878"}],"wp:term":[{"taxonomy":"product_brand","embeddable":true,"href":"https:\/\/folliamala.ch\/fr\/wp-json\/wp\/v2\/product_brand?post=9878"},{"taxonomy":"product_cat","embeddable":true,"href":"https:\/\/folliamala.ch\/fr\/wp-json\/wp\/v2\/product_cat?post=9878"},{"taxonomy":"product_tag","embeddable":true,"href":"https:\/\/folliamala.ch\/fr\/wp-json\/wp\/v2\/product_tag?post=9878"}],"curies":[{"name":"wp","href":"https:\/\/api.w.org\/{rel}","templated":true}]}}