{"id":9913,"date":"2023-08-28T22:23:39","date_gmt":"2023-08-28T20:23:39","guid":{"rendered":"https:\/\/folliamala.ch\/?post_type=product&#038;p=9913"},"modified":"2025-08-23T17:51:30","modified_gmt":"2025-08-23T15:51:30","slug":"die-fantastische","status":"publish","type":"product","link":"https:\/\/folliamala.ch\/fr\/product\/die-fantastische\/","title":{"rendered":"La fantastique"},"content":{"rendered":"<p><strong>Bracelet \u00e0 enroulement Lakeblue Cloisonn\u00e9 &amp; bois de fr\u00eane<\/strong><\/p>\n<p>Le jaspe cloisonn\u00e9 bleu marine nous apprend \u00e0 voir le monde sous un angle diff\u00e9rent, ce qui nous aide \u00e0 mieux nous comprendre et \u00e0 comprendre les autres. Il est \u00e9galement connu comme la pierre du pardon et est souvent utilis\u00e9 pour favoriser le calme et la s\u00e9r\u00e9nit\u00e9, ce qui en fait un bon choix pour la m\u00e9ditation et la r\u00e9duction du stress. Le jaspe cloisonne Lake blue est une excellente pierre pour les personnes cr\u00e9atives qui ont besoin d'inspiration, car il les aide \u00e0 visualiser plus clairement leurs visions. Elle renforce en outre l'estime de soi.<\/p>\n<ul>\n<li class=\"li1\">Taille des perles:<span style=\"font-weight: 400;\">\u00a0\u00f8 6 mm<\/span><\/li>\n<li>\u00c9l\u00e9ments interm\u00e9diaires argent\u00e9s<\/li>\n<li><span style=\"font-weight: 400;\">Mont\u00e9 sur \u00e9lastique<\/span><\/li>\n<li style=\"font-weight: 400;\" aria-level=\"1\"><span style=\"font-weight: 400;\">Pour circonf\u00e9rence de poignet jusqu'\u00e0 16 cm inclus (enroul\u00e9 3 fois), adaptable \u00e0 la taille souhait\u00e9e<\/span><\/li>\n<li aria-level=\"1\">Peut \u00e9galement \u00eatre port\u00e9 comme collier<\/li>\n<\/ul>","protected":false},"excerpt":{"rendered":"<p>Bracelet \u00e0 enroulement Lakeblue Cloisonn\u00e9<\/p>","protected":false},"featured_media":9880,"template":"","meta":{"site-sidebar-layout":"default","site-content-layout":"default","ast-site-content-layout":"default","site-content-style":"default","site-sidebar-style":"default","ast-global-header-display":"","ast-banner-title-visibility":"","ast-main-header-display":"","ast-hfb-above-header-display":"","ast-hfb-below-header-display":"","ast-hfb-mobile-header-display":"","site-post-title":"","ast-breadcrumbs-content":"","ast-featured-img":"","footer-sml-layout":"","ast-disable-related-posts":"","theme-transparent-header-meta":"default","adv-header-id-meta":"","stick-header-meta":"","header-above-stick-meta":"","header-main-stick-meta":"","header-below-stick-meta":"","astra-migrate-meta-layouts":"set","ast-page-background-enabled":"default","ast-page-background-meta":{"desktop":{"background-color":"","background-image":"","background-repeat":"repeat","background-position":"center center","background-size":"auto","background-attachment":"scroll","background-type":"","background-media":"","overlay-type":"","overlay-color":"","overlay-opacity":"","overlay-gradient":""},"tablet":{"background-color":"","background-image":"","background-repeat":"repeat","background-position":"center center","background-size":"auto","background-attachment":"scroll","background-type":"","background-media":"","overlay-type":"","overlay-color":"","overlay-opacity":"","overlay-gradient":""},"mobile":{"background-color":"","background-image":"","background-repeat":"repeat","background-position":"center center","background-size":"auto","background-attachment":"scroll","background-type":"","background-media":"","overlay-type":"","overlay-color":"","overlay-opacity":"","overlay-gradient":""}},"ast-content-background-meta":{"desktop":{"background-color":"var(--ast-global-color-5)","background-image":"","background-repeat":"repeat","background-position":"center center","background-size":"auto","background-attachment":"scroll","background-type":"","background-media":"","overlay-type":"","overlay-color":"","overlay-opacity":"","overlay-gradient":""},"tablet":{"background-color":"var(--ast-global-color-5)","background-image":"","background-repeat":"repeat","background-position":"center center","background-size":"auto","background-attachment":"scroll","background-type":"","background-media":"","overlay-type":"","overlay-color":"","overlay-opacity":"","overlay-gradient":""},"mobile":{"background-color":"var(--ast-global-color-5)","background-image":"","background-repeat":"repeat","background-position":"center center","background-size":"auto","background-attachment":"scroll","background-type":"","background-media":"","overlay-type":"","overlay-color":"","overlay-opacity":"","overlay-gradient":""}},"_glsr_average":0,"_glsr_ranking":0,"_glsr_reviews":0},"product_brand":[224],"product_cat":[127],"product_tag":[184,215],"class_list":{"0":"post-9913","1":"product","2":"type-product","3":"status-publish","4":"has-post-thumbnail","6":"product_brand-folliamala","7":"product_cat-armband","8":"product_tag-holz","9":"product_tag-lakeblue-cloisonne","10":"desktop-align-center","11":"tablet-align-left","12":"mobile-align-left","14":"first","15":"instock","16":"sold-individually","17":"purchasable","18":"product-type-simple","19":"wpzoom-wc-spi-has-enabled"},"yoast_head":"<!-- This site is optimized with the Yoast SEO plugin v27.4 - https:\/\/yoast.com\/product\/yoast-seo-wordpress\/ -->\n<title>Wickelarmband Lake blue Cloisonne &amp; Eschenholz &#8211; Folliamala<\/title>\n<meta name=\"description\" content=\"Wickelarmband Lake blue Cloisonne &amp; Eschenholz ist eine gute Wahl f\u00fcr Meditation und Stressabbau. Weitere Mala-Armb\u00e4nder in unserem Onlineshop.\" \/>\n<meta name=\"robots\" content=\"index, follow, max-snippet:-1, max-image-preview:large, max-video-preview:-1\" \/>\n<link rel=\"canonical\" href=\"https:\/\/folliamala.ch\/fr\/product\/die-fantastische\/\" \/>\n<meta property=\"og:locale\" content=\"fr_FR\" \/>\n<meta property=\"og:type\" content=\"article\" \/>\n<meta property=\"og:title\" content=\"Wickelarmband Lake blue Cloisonne &amp; Eschenholz &#8211; Folliamala\" \/>\n<meta property=\"og:description\" content=\"Wickelarmband Lake blue Cloisonne &amp; Eschenholz ist eine gute Wahl f\u00fcr Meditation und Stressabbau. Weitere Mala-Armb\u00e4nder in unserem Onlineshop.\" \/>\n<meta property=\"og:url\" content=\"https:\/\/folliamala.ch\/fr\/product\/die-fantastische\/\" \/>\n<meta property=\"og:site_name\" content=\"Folliamala\" \/>\n<meta property=\"article:publisher\" content=\"https:\/\/www.facebook.com\/folliamala\/\" \/>\n<meta property=\"article:modified_time\" content=\"2025-08-23T15:51:30+00:00\" \/>\n<meta property=\"og:image\" content=\"https:\/\/folliamala.ch\/wp-content\/uploads\/2023\/08\/Wickelarmband_Lade_Side_Stone_Eschenholz_o.webp\" \/>\n\t<meta property=\"og:image:width\" content=\"1000\" \/>\n\t<meta property=\"og:image:height\" content=\"1000\" \/>\n\t<meta property=\"og:image:type\" content=\"image\/webp\" \/>\n<meta name=\"twitter:card\" content=\"summary_large_image\" \/>\n<meta name=\"twitter:label1\" content=\"Dur\u00e9e de lecture estim\u00e9e\" \/>\n\t<meta name=\"twitter:data1\" content=\"1 minute\" \/>\n<script type=\"application\/ld+json\" class=\"yoast-schema-graph\">{\"@context\":\"https:\\\/\\\/schema.org\",\"@graph\":[{\"@type\":\"WebPage\",\"@id\":\"https:\\\/\\\/folliamala.ch\\\/product\\\/die-fantastische\\\/\",\"url\":\"https:\\\/\\\/folliamala.ch\\\/product\\\/die-fantastische\\\/\",\"name\":\"Wickelarmband Lake blue Cloisonne & Eschenholz &#8211; Folliamala\",\"isPartOf\":{\"@id\":\"https:\\\/\\\/folliamala.ch\\\/#website\"},\"primaryImageOfPage\":{\"@id\":\"https:\\\/\\\/folliamala.ch\\\/product\\\/die-fantastische\\\/#primaryimage\"},\"image\":{\"@id\":\"https:\\\/\\\/folliamala.ch\\\/product\\\/die-fantastische\\\/#primaryimage\"},\"thumbnailUrl\":\"https:\\\/\\\/folliamala.ch\\\/wp-content\\\/uploads\\\/2023\\\/08\\\/Wickelarmband_Lade_Side_Stone_Eschenholz_o.webp\",\"datePublished\":\"2023-08-28T20:23:39+00:00\",\"dateModified\":\"2025-08-23T15:51:30+00:00\",\"description\":\"Wickelarmband Lake blue Cloisonne & Eschenholz ist eine gute Wahl f\u00fcr Meditation und Stressabbau. Weitere Mala-Armb\u00e4nder in unserem Onlineshop.\",\"breadcrumb\":{\"@id\":\"https:\\\/\\\/folliamala.ch\\\/product\\\/die-fantastische\\\/#breadcrumb\"},\"inLanguage\":\"fr-FR\",\"potentialAction\":[{\"@type\":\"ReadAction\",\"target\":[\"https:\\\/\\\/folliamala.ch\\\/product\\\/die-fantastische\\\/\"]}]},{\"@type\":\"ImageObject\",\"inLanguage\":\"fr-FR\",\"@id\":\"https:\\\/\\\/folliamala.ch\\\/product\\\/die-fantastische\\\/#primaryimage\",\"url\":\"https:\\\/\\\/folliamala.ch\\\/wp-content\\\/uploads\\\/2023\\\/08\\\/Wickelarmband_Lade_Side_Stone_Eschenholz_o.webp\",\"contentUrl\":\"https:\\\/\\\/folliamala.ch\\\/wp-content\\\/uploads\\\/2023\\\/08\\\/Wickelarmband_Lade_Side_Stone_Eschenholz_o.webp\",\"width\":1000,\"height\":1000,\"caption\":\"Wickelarmband Lake blue Cloisonne & Eschenholz\"},{\"@type\":\"BreadcrumbList\",\"@id\":\"https:\\\/\\\/folliamala.ch\\\/product\\\/die-fantastische\\\/#breadcrumb\",\"itemListElement\":[{\"@type\":\"ListItem\",\"position\":1,\"name\":\"Startseite\",\"item\":\"https:\\\/\\\/folliamala.ch\\\/\"},{\"@type\":\"ListItem\",\"position\":2,\"name\":\"Shop\",\"item\":\"https:\\\/\\\/folliamala.ch\\\/store\\\/\"},{\"@type\":\"ListItem\",\"position\":3,\"name\":\"Die Fantastische\"}]},{\"@type\":\"WebSite\",\"@id\":\"https:\\\/\\\/folliamala.ch\\\/#website\",\"url\":\"https:\\\/\\\/folliamala.ch\\\/\",\"name\":\"Folliamala\",\"description\":\"Mala Ketten &amp; Armb\u00e4nder\",\"publisher\":{\"@id\":\"https:\\\/\\\/folliamala.ch\\\/#organization\"},\"potentialAction\":[{\"@type\":\"SearchAction\",\"target\":{\"@type\":\"EntryPoint\",\"urlTemplate\":\"https:\\\/\\\/folliamala.ch\\\/?s={search_term_string}\"},\"query-input\":{\"@type\":\"PropertyValueSpecification\",\"valueRequired\":true,\"valueName\":\"search_term_string\"}}],\"inLanguage\":\"fr-FR\"},{\"@type\":\"Organization\",\"@id\":\"https:\\\/\\\/folliamala.ch\\\/#organization\",\"name\":\"Folliamala\",\"url\":\"https:\\\/\\\/folliamala.ch\\\/\",\"logo\":{\"@type\":\"ImageObject\",\"inLanguage\":\"fr-FR\",\"@id\":\"https:\\\/\\\/folliamala.ch\\\/#\\\/schema\\\/logo\\\/image\\\/\",\"url\":\"https:\\\/\\\/folliamala.ch\\\/wp-content\\\/uploads\\\/2021\\\/08\\\/folliamala_logo.png\",\"contentUrl\":\"https:\\\/\\\/folliamala.ch\\\/wp-content\\\/uploads\\\/2021\\\/08\\\/folliamala_logo.png\",\"width\":529,\"height\":109,\"caption\":\"Folliamala\"},\"image\":{\"@id\":\"https:\\\/\\\/folliamala.ch\\\/#\\\/schema\\\/logo\\\/image\\\/\"},\"sameAs\":[\"https:\\\/\\\/www.facebook.com\\\/folliamala\\\/\",\"https:\\\/\\\/www.instagram.com\\\/folliamala\\\/\",\"https:\\\/\\\/www.pinterest.de\\\/folliamala\\\/\"]}]}<\/script>\n<!-- \/ Yoast SEO plugin. -->","yoast_head_json":{"title":"Bracelet \u00e0 enrouler Lake blue Cloisonne &amp; bois de fr\u00eane - Folliamala","description":"Le bracelet \u00e0 enroulement Lake blue Cloisonne &amp; bois de fr\u00eane est un bon choix pour la m\u00e9ditation et la r\u00e9duction du stress. Autres bracelets mala dans notre boutique en ligne.","robots":{"index":"index","follow":"follow","max-snippet":"max-snippet:-1","max-image-preview":"max-image-preview:large","max-video-preview":"max-video-preview:-1"},"canonical":"https:\/\/folliamala.ch\/fr\/product\/die-fantastische\/","og_locale":"fr_FR","og_type":"article","og_title":"Wickelarmband Lake blue Cloisonne & Eschenholz &#8211; Folliamala","og_description":"Wickelarmband Lake blue Cloisonne & Eschenholz ist eine gute Wahl f\u00fcr Meditation und Stressabbau. Weitere Mala-Armb\u00e4nder in unserem Onlineshop.","og_url":"https:\/\/folliamala.ch\/fr\/product\/die-fantastische\/","og_site_name":"Folliamala","article_publisher":"https:\/\/www.facebook.com\/folliamala\/","article_modified_time":"2025-08-23T15:51:30+00:00","og_image":[{"width":1000,"height":1000,"url":"https:\/\/folliamala.ch\/wp-content\/uploads\/2023\/08\/Wickelarmband_Lade_Side_Stone_Eschenholz_o.webp","type":"image\/webp"}],"twitter_card":"summary_large_image","twitter_misc":{"Dur\u00e9e de lecture estim\u00e9e":"1 minute"},"schema":{"@context":"https:\/\/schema.org","@graph":[{"@type":"WebPage","@id":"https:\/\/folliamala.ch\/product\/die-fantastische\/","url":"https:\/\/folliamala.ch\/product\/die-fantastische\/","name":"Bracelet \u00e0 enrouler Lake blue Cloisonne &amp; bois de fr\u00eane - Folliamala","isPartOf":{"@id":"https:\/\/folliamala.ch\/#website"},"primaryImageOfPage":{"@id":"https:\/\/folliamala.ch\/product\/die-fantastische\/#primaryimage"},"image":{"@id":"https:\/\/folliamala.ch\/product\/die-fantastische\/#primaryimage"},"thumbnailUrl":"https:\/\/folliamala.ch\/wp-content\/uploads\/2023\/08\/Wickelarmband_Lade_Side_Stone_Eschenholz_o.webp","datePublished":"2023-08-28T20:23:39+00:00","dateModified":"2025-08-23T15:51:30+00:00","description":"Le bracelet \u00e0 enroulement Lake blue Cloisonne &amp; bois de fr\u00eane est un bon choix pour la m\u00e9ditation et la r\u00e9duction du stress. Autres bracelets mala dans notre boutique en ligne.","breadcrumb":{"@id":"https:\/\/folliamala.ch\/product\/die-fantastische\/#breadcrumb"},"inLanguage":"fr-FR","potentialAction":[{"@type":"ReadAction","target":["https:\/\/folliamala.ch\/product\/die-fantastische\/"]}]},{"@type":"ImageObject","inLanguage":"fr-FR","@id":"https:\/\/folliamala.ch\/product\/die-fantastische\/#primaryimage","url":"https:\/\/folliamala.ch\/wp-content\/uploads\/2023\/08\/Wickelarmband_Lade_Side_Stone_Eschenholz_o.webp","contentUrl":"https:\/\/folliamala.ch\/wp-content\/uploads\/2023\/08\/Wickelarmband_Lade_Side_Stone_Eschenholz_o.webp","width":1000,"height":1000,"caption":"Wickelarmband Lake blue Cloisonne & Eschenholz"},{"@type":"BreadcrumbList","@id":"https:\/\/folliamala.ch\/product\/die-fantastische\/#breadcrumb","itemListElement":[{"@type":"ListItem","position":1,"name":"Startseite","item":"https:\/\/folliamala.ch\/"},{"@type":"ListItem","position":2,"name":"Shop","item":"https:\/\/folliamala.ch\/store\/"},{"@type":"ListItem","position":3,"name":"Die Fantastische"}]},{"@type":"WebSite","@id":"https:\/\/folliamala.ch\/#website","url":"https:\/\/folliamala.ch\/","name":"Folliamala","description":"Malas et bracelets","publisher":{"@id":"https:\/\/folliamala.ch\/#organization"},"potentialAction":[{"@type":"SearchAction","target":{"@type":"EntryPoint","urlTemplate":"https:\/\/folliamala.ch\/?s={search_term_string}"},"query-input":{"@type":"PropertyValueSpecification","valueRequired":true,"valueName":"search_term_string"}}],"inLanguage":"fr-FR"},{"@type":"Organization","@id":"https:\/\/folliamala.ch\/#organization","name":"Folliamala","url":"https:\/\/folliamala.ch\/","logo":{"@type":"ImageObject","inLanguage":"fr-FR","@id":"https:\/\/folliamala.ch\/#\/schema\/logo\/image\/","url":"https:\/\/folliamala.ch\/wp-content\/uploads\/2021\/08\/folliamala_logo.png","contentUrl":"https:\/\/folliamala.ch\/wp-content\/uploads\/2021\/08\/folliamala_logo.png","width":529,"height":109,"caption":"Folliamala"},"image":{"@id":"https:\/\/folliamala.ch\/#\/schema\/logo\/image\/"},"sameAs":["https:\/\/www.facebook.com\/folliamala\/","https:\/\/www.instagram.com\/folliamala\/","https:\/\/www.pinterest.de\/folliamala\/"]}]}},"_links":{"self":[{"href":"https:\/\/folliamala.ch\/fr\/wp-json\/wp\/v2\/product\/9913","targetHints":{"allow":["GET"]}}],"collection":[{"href":"https:\/\/folliamala.ch\/fr\/wp-json\/wp\/v2\/product"}],"about":[{"href":"https:\/\/folliamala.ch\/fr\/wp-json\/wp\/v2\/types\/product"}],"version-history":[{"count":4,"href":"https:\/\/folliamala.ch\/fr\/wp-json\/wp\/v2\/product\/9913\/revisions"}],"predecessor-version":[{"id":11153,"href":"https:\/\/folliamala.ch\/fr\/wp-json\/wp\/v2\/product\/9913\/revisions\/11153"}],"wp:featuredmedia":[{"embeddable":true,"href":"https:\/\/folliamala.ch\/fr\/wp-json\/wp\/v2\/media\/9880"}],"wp:attachment":[{"href":"https:\/\/folliamala.ch\/fr\/wp-json\/wp\/v2\/media?parent=9913"}],"wp:term":[{"taxonomy":"product_brand","embeddable":true,"href":"https:\/\/folliamala.ch\/fr\/wp-json\/wp\/v2\/product_brand?post=9913"},{"taxonomy":"product_cat","embeddable":true,"href":"https:\/\/folliamala.ch\/fr\/wp-json\/wp\/v2\/product_cat?post=9913"},{"taxonomy":"product_tag","embeddable":true,"href":"https:\/\/folliamala.ch\/fr\/wp-json\/wp\/v2\/product_tag?post=9913"}],"curies":[{"name":"wp","href":"https:\/\/api.w.org\/{rel}","templated":true}]}}