{"id":9917,"date":"2023-08-28T22:48:05","date_gmt":"2023-08-28T20:48:05","guid":{"rendered":"https:\/\/folliamala.ch\/?post_type=product&#038;p=9917"},"modified":"2025-08-23T17:51:30","modified_gmt":"2025-08-23T15:51:30","slug":"die-individuelle","status":"publish","type":"product","link":"https:\/\/folliamala.ch\/fr\/product\/die-individuelle\/","title":{"rendered":"L'individualit\u00e9"},"content":{"rendered":"<p><strong>Mala en bois de noyer avec perles interm\u00e9diaires en apatite<\/strong><\/p>\n<p>Un collier mala inhabituel en bois de noyer rouge\u00e2tre. Le bois d\u00e9ploie une \u00e9nergie particuli\u00e8re. Le bois de noyer est synonyme de polyvalence et d'individualit\u00e9. La personne qui le porte se sent unique conna\u00eet ses limites et a le droit de dire non. Le bois de noyer fait ressortir nos points forts et ce qui a de sp\u00e9cial en nous.<\/p>\n<hr \/>\n<p><strong>La particularit\u00e9 - le pendentif est interchangeable !<\/strong><\/p>\n<p>Nous avons \u00e9quip\u00e9 la cha\u00eene de mala d'un solide <strong>Anneau Jump (anneau de flexion)<\/strong> qui s'ouvre et se ferme. Tu peux ainsi fermer le mala avec ton pendentif pr\u00e9f\u00e9r\u00e9. Nous avons illustr\u00e9 ici deux possibilit\u00e9s \u00e0 titre d'exemple : Pompon et pendentif. Lors de la commande, merci de pr\u00e9ciser si tu pr\u00e9f\u00e8res le mala avec le pendentif ou avec la houppe.<\/p>\n<hr \/>\n<ul>\n<li>Pi\u00e8ce unique<\/li>\n<li>Nou\u00e9 \u00e0 la main<\/li>\n<li>Nombre de perles: 72<\/li>\n<li>Perles: noyer \u00f8 8 mm<\/li>\n<li>Petites perles d'apatite comme \u00e9l\u00e9ments interm\u00e9diaires<\/li>\n<li>Longueur (pendentif inclus): 45 cm<\/li>\n<\/ul>","protected":false},"excerpt":{"rendered":"<p>Mala en bois de noyer<\/p>","protected":false},"featured_media":11134,"template":"","meta":{"site-sidebar-layout":"default","site-content-layout":"default","ast-site-content-layout":"default","site-content-style":"default","site-sidebar-style":"default","ast-global-header-display":"","ast-banner-title-visibility":"","ast-main-header-display":"","ast-hfb-above-header-display":"","ast-hfb-below-header-display":"","ast-hfb-mobile-header-display":"","site-post-title":"","ast-breadcrumbs-content":"","ast-featured-img":"","footer-sml-layout":"","ast-disable-related-posts":"","theme-transparent-header-meta":"default","adv-header-id-meta":"","stick-header-meta":"","header-above-stick-meta":"","header-main-stick-meta":"","header-below-stick-meta":"","astra-migrate-meta-layouts":"set","ast-page-background-enabled":"default","ast-page-background-meta":{"desktop":{"background-color":"","background-image":"","background-repeat":"repeat","background-position":"center center","background-size":"auto","background-attachment":"scroll","background-type":"","background-media":"","overlay-type":"","overlay-color":"","overlay-opacity":"","overlay-gradient":""},"tablet":{"background-color":"","background-image":"","background-repeat":"repeat","background-position":"center center","background-size":"auto","background-attachment":"scroll","background-type":"","background-media":"","overlay-type":"","overlay-color":"","overlay-opacity":"","overlay-gradient":""},"mobile":{"background-color":"","background-image":"","background-repeat":"repeat","background-position":"center center","background-size":"auto","background-attachment":"scroll","background-type":"","background-media":"","overlay-type":"","overlay-color":"","overlay-opacity":"","overlay-gradient":""}},"ast-content-background-meta":{"desktop":{"background-color":"var(--ast-global-color-5)","background-image":"","background-repeat":"repeat","background-position":"center center","background-size":"auto","background-attachment":"scroll","background-type":"","background-media":"","overlay-type":"","overlay-color":"","overlay-opacity":"","overlay-gradient":""},"tablet":{"background-color":"var(--ast-global-color-5)","background-image":"","background-repeat":"repeat","background-position":"center center","background-size":"auto","background-attachment":"scroll","background-type":"","background-media":"","overlay-type":"","overlay-color":"","overlay-opacity":"","overlay-gradient":""},"mobile":{"background-color":"var(--ast-global-color-5)","background-image":"","background-repeat":"repeat","background-position":"center center","background-size":"auto","background-attachment":"scroll","background-type":"","background-media":"","overlay-type":"","overlay-color":"","overlay-opacity":"","overlay-gradient":""}},"_glsr_average":0,"_glsr_ranking":0,"_glsr_reviews":0},"product_brand":[224],"product_cat":[26],"product_tag":[73,184],"class_list":{"0":"post-9917","1":"product","2":"type-product","3":"status-publish","4":"has-post-thumbnail","6":"product_brand-folliamala","7":"product_cat-kuerzere-malaketten","8":"product_tag-apatit","9":"product_tag-holz","10":"desktop-align-center","11":"tablet-align-left","12":"mobile-align-left","14":"first","15":"instock","16":"sold-individually","17":"shipping-taxable","18":"purchasable","19":"product-type-simple","20":"wpzoom-wc-spi-has-enabled"},"yoast_head":"<!-- This site is optimized with the Yoast SEO plugin v27.4 - https:\/\/yoast.com\/product\/yoast-seo-wordpress\/ -->\n<title>Malakette Walnussholz &#8211; Folliamala<\/title>\n<meta name=\"description\" content=\"Malakette Walnussholz steht f\u00fcr Vielseitigkeit, Individualit\u00e4t und Abgrenzung. Finde weitere Malaketten in unserem Onlineshop auf folliamala.ch\" \/>\n<meta name=\"robots\" content=\"index, follow, max-snippet:-1, max-image-preview:large, max-video-preview:-1\" \/>\n<link rel=\"canonical\" href=\"https:\/\/folliamala.ch\/fr\/product\/die-individuelle\/\" \/>\n<meta property=\"og:locale\" content=\"fr_FR\" \/>\n<meta property=\"og:type\" content=\"article\" \/>\n<meta property=\"og:title\" content=\"Malakette Walnussholz &#8211; Folliamala\" \/>\n<meta property=\"og:description\" content=\"Malakette Walnussholz steht f\u00fcr Vielseitigkeit, Individualit\u00e4t und Abgrenzung. Finde weitere Malaketten in unserem Onlineshop auf folliamala.ch\" \/>\n<meta property=\"og:url\" content=\"https:\/\/folliamala.ch\/fr\/product\/die-individuelle\/\" \/>\n<meta property=\"og:site_name\" content=\"Folliamala\" \/>\n<meta property=\"article:publisher\" content=\"https:\/\/www.facebook.com\/folliamala\/\" \/>\n<meta property=\"article:modified_time\" content=\"2025-08-23T15:51:30+00:00\" \/>\n<meta property=\"og:image\" content=\"https:\/\/folliamala.ch\/wp-content\/uploads\/2023\/08\/Giorno_Apatit_Walnussholz_v.webp\" \/>\n\t<meta property=\"og:image:width\" content=\"1000\" \/>\n\t<meta property=\"og:image:height\" content=\"1000\" \/>\n\t<meta property=\"og:image:type\" content=\"image\/webp\" \/>\n<meta name=\"twitter:card\" content=\"summary_large_image\" \/>\n<meta name=\"twitter:label1\" content=\"Dur\u00e9e de lecture estim\u00e9e\" \/>\n\t<meta name=\"twitter:data1\" content=\"1 minute\" \/>\n<script type=\"application\/ld+json\" class=\"yoast-schema-graph\">{\"@context\":\"https:\\\/\\\/schema.org\",\"@graph\":[{\"@type\":\"WebPage\",\"@id\":\"https:\\\/\\\/folliamala.ch\\\/product\\\/die-individuelle\\\/\",\"url\":\"https:\\\/\\\/folliamala.ch\\\/product\\\/die-individuelle\\\/\",\"name\":\"Malakette Walnussholz &#8211; Folliamala\",\"isPartOf\":{\"@id\":\"https:\\\/\\\/folliamala.ch\\\/#website\"},\"primaryImageOfPage\":{\"@id\":\"https:\\\/\\\/folliamala.ch\\\/product\\\/die-individuelle\\\/#primaryimage\"},\"image\":{\"@id\":\"https:\\\/\\\/folliamala.ch\\\/product\\\/die-individuelle\\\/#primaryimage\"},\"thumbnailUrl\":\"https:\\\/\\\/folliamala.ch\\\/wp-content\\\/uploads\\\/2023\\\/08\\\/Giorno_Apatit_Walnussholz_v.webp\",\"datePublished\":\"2023-08-28T20:48:05+00:00\",\"dateModified\":\"2025-08-23T15:51:30+00:00\",\"description\":\"Malakette Walnussholz steht f\u00fcr Vielseitigkeit, Individualit\u00e4t und Abgrenzung. Finde weitere Malaketten in unserem Onlineshop auf folliamala.ch\",\"breadcrumb\":{\"@id\":\"https:\\\/\\\/folliamala.ch\\\/product\\\/die-individuelle\\\/#breadcrumb\"},\"inLanguage\":\"fr-FR\",\"potentialAction\":[{\"@type\":\"ReadAction\",\"target\":[\"https:\\\/\\\/folliamala.ch\\\/product\\\/die-individuelle\\\/\"]}]},{\"@type\":\"ImageObject\",\"inLanguage\":\"fr-FR\",\"@id\":\"https:\\\/\\\/folliamala.ch\\\/product\\\/die-individuelle\\\/#primaryimage\",\"url\":\"https:\\\/\\\/folliamala.ch\\\/wp-content\\\/uploads\\\/2023\\\/08\\\/Giorno_Apatit_Walnussholz_v.webp\",\"contentUrl\":\"https:\\\/\\\/folliamala.ch\\\/wp-content\\\/uploads\\\/2023\\\/08\\\/Giorno_Apatit_Walnussholz_v.webp\",\"width\":1000,\"height\":1000,\"caption\":\"Malakette Apatit & Walnussholz\"},{\"@type\":\"BreadcrumbList\",\"@id\":\"https:\\\/\\\/folliamala.ch\\\/product\\\/die-individuelle\\\/#breadcrumb\",\"itemListElement\":[{\"@type\":\"ListItem\",\"position\":1,\"name\":\"Startseite\",\"item\":\"https:\\\/\\\/folliamala.ch\\\/\"},{\"@type\":\"ListItem\",\"position\":2,\"name\":\"Shop\",\"item\":\"https:\\\/\\\/folliamala.ch\\\/store\\\/\"},{\"@type\":\"ListItem\",\"position\":3,\"name\":\"Die Individuelle\"}]},{\"@type\":\"WebSite\",\"@id\":\"https:\\\/\\\/folliamala.ch\\\/#website\",\"url\":\"https:\\\/\\\/folliamala.ch\\\/\",\"name\":\"Folliamala\",\"description\":\"Mala Ketten &amp; Armb\u00e4nder\",\"publisher\":{\"@id\":\"https:\\\/\\\/folliamala.ch\\\/#organization\"},\"potentialAction\":[{\"@type\":\"SearchAction\",\"target\":{\"@type\":\"EntryPoint\",\"urlTemplate\":\"https:\\\/\\\/folliamala.ch\\\/?s={search_term_string}\"},\"query-input\":{\"@type\":\"PropertyValueSpecification\",\"valueRequired\":true,\"valueName\":\"search_term_string\"}}],\"inLanguage\":\"fr-FR\"},{\"@type\":\"Organization\",\"@id\":\"https:\\\/\\\/folliamala.ch\\\/#organization\",\"name\":\"Folliamala\",\"url\":\"https:\\\/\\\/folliamala.ch\\\/\",\"logo\":{\"@type\":\"ImageObject\",\"inLanguage\":\"fr-FR\",\"@id\":\"https:\\\/\\\/folliamala.ch\\\/#\\\/schema\\\/logo\\\/image\\\/\",\"url\":\"https:\\\/\\\/folliamala.ch\\\/wp-content\\\/uploads\\\/2021\\\/08\\\/folliamala_logo.png\",\"contentUrl\":\"https:\\\/\\\/folliamala.ch\\\/wp-content\\\/uploads\\\/2021\\\/08\\\/folliamala_logo.png\",\"width\":529,\"height\":109,\"caption\":\"Folliamala\"},\"image\":{\"@id\":\"https:\\\/\\\/folliamala.ch\\\/#\\\/schema\\\/logo\\\/image\\\/\"},\"sameAs\":[\"https:\\\/\\\/www.facebook.com\\\/folliamala\\\/\",\"https:\\\/\\\/www.instagram.com\\\/folliamala\\\/\",\"https:\\\/\\\/www.pinterest.de\\\/folliamala\\\/\"]}]}<\/script>\n<!-- \/ Yoast SEO plugin. -->","yoast_head_json":{"title":"Collier mala en bois de noyer - Folliamala","description":"Le collier de peinture en noyer est synonyme de polyvalence, d'individualit\u00e9 et de d\u00e9limitation. Trouve d'autres colliers de peinture dans notre boutique en ligne sur folliamala.ch","robots":{"index":"index","follow":"follow","max-snippet":"max-snippet:-1","max-image-preview":"max-image-preview:large","max-video-preview":"max-video-preview:-1"},"canonical":"https:\/\/folliamala.ch\/fr\/product\/die-individuelle\/","og_locale":"fr_FR","og_type":"article","og_title":"Malakette Walnussholz &#8211; Folliamala","og_description":"Malakette Walnussholz steht f\u00fcr Vielseitigkeit, Individualit\u00e4t und Abgrenzung. Finde weitere Malaketten in unserem Onlineshop auf folliamala.ch","og_url":"https:\/\/folliamala.ch\/fr\/product\/die-individuelle\/","og_site_name":"Folliamala","article_publisher":"https:\/\/www.facebook.com\/folliamala\/","article_modified_time":"2025-08-23T15:51:30+00:00","og_image":[{"width":1000,"height":1000,"url":"https:\/\/folliamala.ch\/wp-content\/uploads\/2023\/08\/Giorno_Apatit_Walnussholz_v.webp","type":"image\/webp"}],"twitter_card":"summary_large_image","twitter_misc":{"Dur\u00e9e de lecture estim\u00e9e":"1 minute"},"schema":{"@context":"https:\/\/schema.org","@graph":[{"@type":"WebPage","@id":"https:\/\/folliamala.ch\/product\/die-individuelle\/","url":"https:\/\/folliamala.ch\/product\/die-individuelle\/","name":"Collier mala en bois de noyer - Folliamala","isPartOf":{"@id":"https:\/\/folliamala.ch\/#website"},"primaryImageOfPage":{"@id":"https:\/\/folliamala.ch\/product\/die-individuelle\/#primaryimage"},"image":{"@id":"https:\/\/folliamala.ch\/product\/die-individuelle\/#primaryimage"},"thumbnailUrl":"https:\/\/folliamala.ch\/wp-content\/uploads\/2023\/08\/Giorno_Apatit_Walnussholz_v.webp","datePublished":"2023-08-28T20:48:05+00:00","dateModified":"2025-08-23T15:51:30+00:00","description":"Le collier de peinture en noyer est synonyme de polyvalence, d'individualit\u00e9 et de d\u00e9limitation. Trouve d'autres colliers de peinture dans notre boutique en ligne sur folliamala.ch","breadcrumb":{"@id":"https:\/\/folliamala.ch\/product\/die-individuelle\/#breadcrumb"},"inLanguage":"fr-FR","potentialAction":[{"@type":"ReadAction","target":["https:\/\/folliamala.ch\/product\/die-individuelle\/"]}]},{"@type":"ImageObject","inLanguage":"fr-FR","@id":"https:\/\/folliamala.ch\/product\/die-individuelle\/#primaryimage","url":"https:\/\/folliamala.ch\/wp-content\/uploads\/2023\/08\/Giorno_Apatit_Walnussholz_v.webp","contentUrl":"https:\/\/folliamala.ch\/wp-content\/uploads\/2023\/08\/Giorno_Apatit_Walnussholz_v.webp","width":1000,"height":1000,"caption":"Malakette Apatit & Walnussholz"},{"@type":"BreadcrumbList","@id":"https:\/\/folliamala.ch\/product\/die-individuelle\/#breadcrumb","itemListElement":[{"@type":"ListItem","position":1,"name":"Startseite","item":"https:\/\/folliamala.ch\/"},{"@type":"ListItem","position":2,"name":"Shop","item":"https:\/\/folliamala.ch\/store\/"},{"@type":"ListItem","position":3,"name":"Die Individuelle"}]},{"@type":"WebSite","@id":"https:\/\/folliamala.ch\/#website","url":"https:\/\/folliamala.ch\/","name":"Folliamala","description":"Malas et bracelets","publisher":{"@id":"https:\/\/folliamala.ch\/#organization"},"potentialAction":[{"@type":"SearchAction","target":{"@type":"EntryPoint","urlTemplate":"https:\/\/folliamala.ch\/?s={search_term_string}"},"query-input":{"@type":"PropertyValueSpecification","valueRequired":true,"valueName":"search_term_string"}}],"inLanguage":"fr-FR"},{"@type":"Organization","@id":"https:\/\/folliamala.ch\/#organization","name":"Folliamala","url":"https:\/\/folliamala.ch\/","logo":{"@type":"ImageObject","inLanguage":"fr-FR","@id":"https:\/\/folliamala.ch\/#\/schema\/logo\/image\/","url":"https:\/\/folliamala.ch\/wp-content\/uploads\/2021\/08\/folliamala_logo.png","contentUrl":"https:\/\/folliamala.ch\/wp-content\/uploads\/2021\/08\/folliamala_logo.png","width":529,"height":109,"caption":"Folliamala"},"image":{"@id":"https:\/\/folliamala.ch\/#\/schema\/logo\/image\/"},"sameAs":["https:\/\/www.facebook.com\/folliamala\/","https:\/\/www.instagram.com\/folliamala\/","https:\/\/www.pinterest.de\/folliamala\/"]}]}},"_links":{"self":[{"href":"https:\/\/folliamala.ch\/fr\/wp-json\/wp\/v2\/product\/9917","targetHints":{"allow":["GET"]}}],"collection":[{"href":"https:\/\/folliamala.ch\/fr\/wp-json\/wp\/v2\/product"}],"about":[{"href":"https:\/\/folliamala.ch\/fr\/wp-json\/wp\/v2\/types\/product"}],"version-history":[{"count":3,"href":"https:\/\/folliamala.ch\/fr\/wp-json\/wp\/v2\/product\/9917\/revisions"}],"predecessor-version":[{"id":11137,"href":"https:\/\/folliamala.ch\/fr\/wp-json\/wp\/v2\/product\/9917\/revisions\/11137"}],"wp:featuredmedia":[{"embeddable":true,"href":"https:\/\/folliamala.ch\/fr\/wp-json\/wp\/v2\/media\/11134"}],"wp:attachment":[{"href":"https:\/\/folliamala.ch\/fr\/wp-json\/wp\/v2\/media?parent=9917"}],"wp:term":[{"taxonomy":"product_brand","embeddable":true,"href":"https:\/\/folliamala.ch\/fr\/wp-json\/wp\/v2\/product_brand?post=9917"},{"taxonomy":"product_cat","embeddable":true,"href":"https:\/\/folliamala.ch\/fr\/wp-json\/wp\/v2\/product_cat?post=9917"},{"taxonomy":"product_tag","embeddable":true,"href":"https:\/\/folliamala.ch\/fr\/wp-json\/wp\/v2\/product_tag?post=9917"}],"curies":[{"name":"wp","href":"https:\/\/api.w.org\/{rel}","templated":true}]}}