{"id":2903,"date":"2021-08-17T19:21:41","date_gmt":"2021-08-17T18:21:41","guid":{"rendered":"https:\/\/folliamala.ch\/?page_id=2903"},"modified":"2024-12-17T01:50:14","modified_gmt":"2024-12-16T23:50:14","slug":"datenschutz","status":"publish","type":"page","link":"https:\/\/folliamala.ch\/it\/datenschutz\/","title":{"rendered":"Protezione dei dati"},"content":{"rendered":"<div data-elementor-type=\"wp-page\" data-elementor-id=\"2903\" class=\"elementor elementor-2903\" data-elementor-post-type=\"page\">\n\t\t\t\t\t\t<section class=\"elementor-section elementor-top-section elementor-element elementor-element-e75431c elementor-section-boxed elementor-section-height-default elementor-section-height-default\" data-id=\"e75431c\" data-element_type=\"section\" data-e-type=\"section\" data-settings=\"{&quot;background_background&quot;:&quot;classic&quot;}\">\n\t\t\t\t\t\t<div class=\"elementor-container elementor-column-gap-default\">\n\t\t\t\t\t<div class=\"elementor-column elementor-col-100 elementor-top-column elementor-element elementor-element-b5e7e97\" data-id=\"b5e7e97\" data-element_type=\"column\" data-e-type=\"column\">\n\t\t\t<div class=\"elementor-widget-wrap elementor-element-populated\">\n\t\t\t\t\t\t<div class=\"elementor-element elementor-element-0fb3a0b elementor-widget elementor-widget-spacer\" data-id=\"0fb3a0b\" data-element_type=\"widget\" data-e-type=\"widget\" data-widget_type=\"spacer.default\">\n\t\t\t\t<div class=\"elementor-widget-container\">\n\t\t\t\t\t\t\t<div class=\"elementor-spacer\">\n\t\t\t<div class=\"elementor-spacer-inner\"><\/div>\n\t\t<\/div>\n\t\t\t\t\t\t<\/div>\n\t\t\t\t<\/div>\n\t\t\t\t\t<\/div>\n\t\t<\/div>\n\t\t\t\t\t<\/div>\n\t\t<\/section>\n\t\t\t\t<section class=\"elementor-section elementor-top-section elementor-element elementor-element-f55b8e5 elementor-section-boxed elementor-section-height-default elementor-section-height-default\" data-id=\"f55b8e5\" data-element_type=\"section\" data-e-type=\"section\">\n\t\t\t\t\t\t<div class=\"elementor-container elementor-column-gap-default\">\n\t\t\t\t\t<div class=\"elementor-column elementor-col-100 elementor-top-column elementor-element elementor-element-6870a18\" data-id=\"6870a18\" data-element_type=\"column\" data-e-type=\"column\">\n\t\t\t<div class=\"elementor-widget-wrap elementor-element-populated\">\n\t\t\t\t\t\t<div class=\"elementor-element elementor-element-5b9b5be elementor-widget elementor-widget-heading\" data-id=\"5b9b5be\" data-element_type=\"widget\" data-e-type=\"widget\" data-widget_type=\"heading.default\">\n\t\t\t\t<div class=\"elementor-widget-container\">\n\t\t\t\t\t<h3 class=\"elementor-heading-title elementor-size-default\">Politica sulla privacy<\/h3>\t\t\t\t<\/div>\n\t\t\t\t<\/div>\n\t\t\t\t<div class=\"elementor-element elementor-element-e8d7c8e elementor-widget elementor-widget-text-editor\" data-id=\"e8d7c8e\" data-element_type=\"widget\" data-e-type=\"widget\" data-widget_type=\"text-editor.default\">\n\t\t\t\t<div class=\"elementor-widget-container\">\n\t\t\t\t\t\t\t\t\t<p><span class=\"color13\"><strong>1. informazioni generali<\/strong><\/span><\/p>\n<p><span class=\"color13\">Folliamala rispetta la privacy degli utenti del sito web e del negozio online. La presente informativa sulla privacy costituisce la base per il trattamento dei dati personali e fornisce informazioni sul tipo di dati dell'utente raccolti da Folliamala e su come Folliamala utilizza tali dati. Folliamala rispetta le leggi vigenti in materia di protezione dei dati e tratta i dati personali esclusivamente per gli scopi per i quali i dati sono stati trasmessi.<\/span><\/p>\n<p><span class=\"color13\">Queste disposizioni sulla protezione dei dati sono adattate, completate o modificate di volta in volta. Ad ogni nuova chiamata o visita al sito web, si applica la versione corrente e recuperabile.<\/span><\/p>\n<h6>&nbsp;<\/h6>\n<p><span class=\"color13\"><strong>2. tipo di dati raccolti<\/strong><\/span><\/p>\n<p><span class=\"color13\">Quando si visita il sito web di Folliamala, vengono raccolti dati statistici sui visitatori su quali parti del sito web vengono visitate con particolare frequenza dal rispettivo utente. Ad esempio, i dati relativi al browser utilizzato dall'utente, il sistema operativo, i weblog e altri dati di connessione possono essere raccolti, indipendentemente dal fatto che la loro raccolta sia necessaria per i nostri o altri scopi. In questo contesto, \u00e8 talvolta necessario utilizzare i cosiddetti cookie. Questi dati raccolti non contengono alcun riferimento personale o sono sufficientemente anonimizzati in modo che non si possano trarre conclusioni sulla vostra persona.<\/span><\/p>\n<p><span class=\"color13\">Folliamala non raccoglie automaticamente dati personali degli utenti, quali nome, indirizzo, numero di telefono o indirizzo e-mail. Fanno eccezione le informazioni che l'utente ci fornisce volontariamente compilando i moduli del sito o contattando Folliamala tramite il sito.<\/span><\/p><p><span class=\"color13\"><br><\/span><\/p>\n<p><span class=\"color13\"><strong>3. uso dei dati<\/strong><\/span><\/p>\n<p><span class=\"color13\">I dati anonimizzati registrati tramite i cookie quando si accede al sito web di Folliamala possono essere utilizzati a fini di analisi, per ottimizzare il sito web e per misurarne le prestazioni.&nbsp;<\/span><span class=\"color13\">I dati che gli utenti trasmettono di propria iniziativa come utenti del sito web possono essere utilizzati da Folliamala allo scopo di migliorare il sito web.<\/span>&nbsp;<\/p><p><br><\/p>\n<p><span class=\"color13\"><strong>4. divulgazione dei suoi dati<\/strong><\/span><\/p>\n<p><span class=\"color13\">Folliamala pu\u00f2 utilizzare i dati personali in conformit\u00e0 con questa politica sulla privacy. Inoltre, i dati personali non saranno divulgati a terzi. <\/span><span class=\"color13\">Ci\u00f2 non si applica se l'utente ha acconsentito al trasferimento dei dati a societ\u00e0 non affiliate a Folliamala o se Folliamala \u00e8 obbligata a farlo per legge, dalle autorit\u00e0 o dai tribunali. Inoltre, quando i fornitori di servizi sono utilizzati per assistere Folliamala nel trattamento dei dati, nell'amministrazione del sito web o in qualsiasi altro modo, nonch\u00e9 nella fornitura dei prodotti e dei servizi richiesti dall'utente. Queste terze parti sono tenute a mantenere lo stesso livello di sicurezza e protezione dei dati di Folliamala.<\/span><\/p><p><span class=\"color13\"><br><\/span><\/p>\n<p><span class=\"color13\"><strong>5. sicurezza dei dati<\/strong><\/span><\/p>\n<p><span class=\"color13\">Purtroppo, la trasmissione di dati via Internet non \u00e8 assolutamente sicura. Folliamala collabora con fornitori di servizi e provider Internet che adottano adeguate misure di sicurezza tecniche e organizzative per proteggere i dati personali degli utenti. Tuttavia, Folliamala non pu\u00f2 garantire la sicurezza dei dati trasmessi dall'utente. Qualsiasi trasmissione di dati \u00e8 pertanto a rischio e pericolo dell'utente.<\/span><\/p><p><span class=\"color13\"><br><\/span><\/p>\n<p><strong>6. diritti d'autore&nbsp;<\/strong><\/p>\n<p>Il copyright e tutti gli altri diritti sui contenuti, le immagini, le foto o altri file presenti sul sito web appartengono esclusivamente all'operatore di questo sito web o ai titolari dei diritti specificamente nominati. Il consenso scritto del titolare del copyright deve essere ottenuto in anticipo per la riproduzione di tutti i file. Chiunque commetta una violazione del copyright senza il consenso del rispettivo detentore del copyright pu\u00f2 essere perseguito ed eventualmente risarcito.<\/p>\n<h6><span class=\"color13\"><strong><br><\/strong><\/span><\/h6><p><span class=\"color13\"><strong>7. disposizioni finali<\/strong><\/span><\/p>\n<p><span class=\"color13\">Se singole disposizioni o parti di queste disposizioni sulla protezione dei dati dovessero risultare nulle o inefficaci, ci\u00f2 non pregiudica la validit\u00e0 delle restanti disposizioni sulla protezione dei dati.<\/span><\/p>\t\t\t\t\t\t\t\t<\/div>\n\t\t\t\t<\/div>\n\t\t\t\t\t<\/div>\n\t\t<\/div>\n\t\t\t\t\t<\/div>\n\t\t<\/section>\n\t\t\t\t<section class=\"elementor-section elementor-top-section elementor-element elementor-element-30335c2 elementor-section-boxed elementor-section-height-default elementor-section-height-default\" data-id=\"30335c2\" data-element_type=\"section\" data-e-type=\"section\">\n\t\t\t\t\t\t<div class=\"elementor-container elementor-column-gap-default\">\n\t\t\t\t\t<div class=\"elementor-column elementor-col-100 elementor-top-column elementor-element elementor-element-6bf3732\" data-id=\"6bf3732\" data-element_type=\"column\" data-e-type=\"column\">\n\t\t\t<div class=\"elementor-widget-wrap elementor-element-populated\">\n\t\t\t\t\t\t<div class=\"elementor-element elementor-element-e8308e8 elementor-widget elementor-widget-spacer\" data-id=\"e8308e8\" data-element_type=\"widget\" data-e-type=\"widget\" data-widget_type=\"spacer.default\">\n\t\t\t\t<div class=\"elementor-widget-container\">\n\t\t\t\t\t\t\t<div class=\"elementor-spacer\">\n\t\t\t<div class=\"elementor-spacer-inner\"><\/div>\n\t\t<\/div>\n\t\t\t\t\t\t<\/div>\n\t\t\t\t<\/div>\n\t\t\t\t\t<\/div>\n\t\t<\/div>\n\t\t\t\t\t<\/div>\n\t\t<\/section>\n\t\t\t\t<\/div>","protected":false},"excerpt":{"rendered":"<p>Datenschutzerkl\u00e4rung 1. Allgemeiner Hinweis Folliamala respektiert die Privatsph\u00e4re der Nutzer der Webseite und des Online-Shops. Diese Datenschutzbestimmungen bilden die Grundlage f\u00fcr die Bearbeitung der personenbezogenen Daten und geben Aufschluss, welche Art von Nutzerdaten durch Folliamala gesammelt werden und wie Folliamala diese Daten verwendet. Folliamala h\u00e4lt die geltenden Datenschutzrechte ein und verarbeitet die Personendaten einzig zu [&hellip;]<\/p>\n","protected":false},"author":1,"featured_media":0,"parent":0,"menu_order":0,"comment_status":"closed","ping_status":"closed","template":"","meta":{"site-sidebar-layout":"no-sidebar","site-content-layout":"page-builder","ast-site-content-layout":"default","site-content-style":"default","site-sidebar-style":"default","ast-global-header-display":"","ast-banner-title-visibility":"","ast-main-header-display":"","ast-hfb-above-header-display":"","ast-hfb-below-header-display":"","ast-hfb-mobile-header-display":"","site-post-title":"disabled","ast-breadcrumbs-content":"","ast-featured-img":"disabled","footer-sml-layout":"","ast-disable-related-posts":"","theme-transparent-header-meta":"default","adv-header-id-meta":"","stick-header-meta":"","header-above-stick-meta":"","header-main-stick-meta":"","header-below-stick-meta":"","astra-migrate-meta-layouts":"default","ast-page-background-enabled":"default","ast-page-background-meta":{"desktop":{"background-color":"","background-image":"","background-repeat":"repeat","background-position":"center center","background-size":"auto","background-attachment":"scroll","background-type":"","background-media":"","overlay-type":"","overlay-color":"","overlay-opacity":"","overlay-gradient":""},"tablet":{"background-color":"","background-image":"","background-repeat":"repeat","background-position":"center center","background-size":"auto","background-attachment":"scroll","background-type":"","background-media":"","overlay-type":"","overlay-color":"","overlay-opacity":"","overlay-gradient":""},"mobile":{"background-color":"","background-image":"","background-repeat":"repeat","background-position":"center center","background-size":"auto","background-attachment":"scroll","background-type":"","background-media":"","overlay-type":"","overlay-color":"","overlay-opacity":"","overlay-gradient":""}},"ast-content-background-meta":{"desktop":{"background-color":"var(--ast-global-color-5)","background-image":"","background-repeat":"repeat","background-position":"center center","background-size":"auto","background-attachment":"scroll","background-type":"","background-media":"","overlay-type":"","overlay-color":"","overlay-opacity":"","overlay-gradient":""},"tablet":{"background-color":"var(--ast-global-color-5)","background-image":"","background-repeat":"repeat","background-position":"center center","background-size":"auto","background-attachment":"scroll","background-type":"","background-media":"","overlay-type":"","overlay-color":"","overlay-opacity":"","overlay-gradient":""},"mobile":{"background-color":"var(--ast-global-color-5)","background-image":"","background-repeat":"repeat","background-position":"center center","background-size":"auto","background-attachment":"scroll","background-type":"","background-media":"","overlay-type":"","overlay-color":"","overlay-opacity":"","overlay-gradient":""}},"_glsr_average":0,"_glsr_ranking":0,"_glsr_reviews":0,"footnotes":""},"class_list":["post-2903","page","type-page","status-publish","hentry"],"yoast_head":"<!-- This site is optimized with the Yoast SEO plugin v27.4 - https:\/\/yoast.com\/product\/yoast-seo-wordpress\/ -->\n<title>Datenschutz &#8211; Folliamala<\/title>\n<meta name=\"description\" content=\"Datenschutz: die Datenschutzerkl\u00e4rung von Folliamala.\" \/>\n<meta name=\"robots\" content=\"index, follow, max-snippet:-1, max-image-preview:large, max-video-preview:-1\" \/>\n<link rel=\"canonical\" href=\"https:\/\/folliamala.ch\/it\/datenschutz\/\" \/>\n<meta property=\"og:locale\" content=\"it_IT\" \/>\n<meta property=\"og:type\" content=\"article\" \/>\n<meta property=\"og:title\" content=\"Datenschutz &#8211; Folliamala\" \/>\n<meta property=\"og:description\" content=\"Datenschutz: die Datenschutzerkl\u00e4rung von Folliamala.\" \/>\n<meta property=\"og:url\" content=\"https:\/\/folliamala.ch\/it\/datenschutz\/\" \/>\n<meta property=\"og:site_name\" content=\"Folliamala\" \/>\n<meta property=\"article:publisher\" content=\"https:\/\/www.facebook.com\/folliamala\/\" \/>\n<meta property=\"article:modified_time\" content=\"2024-12-16T23:50:14+00:00\" \/>\n<meta property=\"og:image\" content=\"https:\/\/folliamala.ch\/wp-content\/uploads\/2022\/01\/Meditation_mit_Malakette.jpg\" \/>\n\t<meta property=\"og:image:width\" content=\"1200\" \/>\n\t<meta property=\"og:image:height\" content=\"900\" \/>\n\t<meta property=\"og:image:type\" content=\"image\/jpeg\" \/>\n<meta name=\"twitter:card\" content=\"summary_large_image\" \/>\n<meta name=\"twitter:label1\" content=\"Tempo di lettura stimato\" \/>\n\t<meta name=\"twitter:data1\" content=\"3 minuti\" \/>\n<script type=\"application\/ld+json\" class=\"yoast-schema-graph\">{\"@context\":\"https:\\\/\\\/schema.org\",\"@graph\":[{\"@type\":\"WebPage\",\"@id\":\"https:\\\/\\\/folliamala.ch\\\/datenschutz\\\/\",\"url\":\"https:\\\/\\\/folliamala.ch\\\/datenschutz\\\/\",\"name\":\"Datenschutz &#8211; Folliamala\",\"isPartOf\":{\"@id\":\"https:\\\/\\\/folliamala.ch\\\/#website\"},\"datePublished\":\"2021-08-17T18:21:41+00:00\",\"dateModified\":\"2024-12-16T23:50:14+00:00\",\"description\":\"Datenschutz: die Datenschutzerkl\u00e4rung von Folliamala.\",\"breadcrumb\":{\"@id\":\"https:\\\/\\\/folliamala.ch\\\/datenschutz\\\/#breadcrumb\"},\"inLanguage\":\"it-IT\",\"potentialAction\":[{\"@type\":\"ReadAction\",\"target\":[\"https:\\\/\\\/folliamala.ch\\\/datenschutz\\\/\"]}]},{\"@type\":\"BreadcrumbList\",\"@id\":\"https:\\\/\\\/folliamala.ch\\\/datenschutz\\\/#breadcrumb\",\"itemListElement\":[{\"@type\":\"ListItem\",\"position\":1,\"name\":\"Startseite\",\"item\":\"https:\\\/\\\/folliamala.ch\\\/\"},{\"@type\":\"ListItem\",\"position\":2,\"name\":\"Datenschutz\"}]},{\"@type\":\"WebSite\",\"@id\":\"https:\\\/\\\/folliamala.ch\\\/#website\",\"url\":\"https:\\\/\\\/folliamala.ch\\\/\",\"name\":\"Folliamala\",\"description\":\"Mala Ketten &amp; Armb\u00e4nder\",\"publisher\":{\"@id\":\"https:\\\/\\\/folliamala.ch\\\/#organization\"},\"potentialAction\":[{\"@type\":\"SearchAction\",\"target\":{\"@type\":\"EntryPoint\",\"urlTemplate\":\"https:\\\/\\\/folliamala.ch\\\/?s={search_term_string}\"},\"query-input\":{\"@type\":\"PropertyValueSpecification\",\"valueRequired\":true,\"valueName\":\"search_term_string\"}}],\"inLanguage\":\"it-IT\"},{\"@type\":\"Organization\",\"@id\":\"https:\\\/\\\/folliamala.ch\\\/#organization\",\"name\":\"Folliamala\",\"url\":\"https:\\\/\\\/folliamala.ch\\\/\",\"logo\":{\"@type\":\"ImageObject\",\"inLanguage\":\"it-IT\",\"@id\":\"https:\\\/\\\/folliamala.ch\\\/#\\\/schema\\\/logo\\\/image\\\/\",\"url\":\"https:\\\/\\\/folliamala.ch\\\/wp-content\\\/uploads\\\/2021\\\/08\\\/folliamala_logo.png\",\"contentUrl\":\"https:\\\/\\\/folliamala.ch\\\/wp-content\\\/uploads\\\/2021\\\/08\\\/folliamala_logo.png\",\"width\":529,\"height\":109,\"caption\":\"Folliamala\"},\"image\":{\"@id\":\"https:\\\/\\\/folliamala.ch\\\/#\\\/schema\\\/logo\\\/image\\\/\"},\"sameAs\":[\"https:\\\/\\\/www.facebook.com\\\/folliamala\\\/\",\"https:\\\/\\\/www.instagram.com\\\/folliamala\\\/\",\"https:\\\/\\\/www.pinterest.de\\\/folliamala\\\/\"]}]}<\/script>\n<!-- \/ Yoast SEO plugin. -->","yoast_head_json":{"title":"Privacy - Folliamala","description":"Protezione dei dati: la politica della privacy di Folliamala.","robots":{"index":"index","follow":"follow","max-snippet":"max-snippet:-1","max-image-preview":"max-image-preview:large","max-video-preview":"max-video-preview:-1"},"canonical":"https:\/\/folliamala.ch\/it\/datenschutz\/","og_locale":"it_IT","og_type":"article","og_title":"Datenschutz &#8211; Folliamala","og_description":"Datenschutz: die Datenschutzerkl\u00e4rung von Folliamala.","og_url":"https:\/\/folliamala.ch\/it\/datenschutz\/","og_site_name":"Folliamala","article_publisher":"https:\/\/www.facebook.com\/folliamala\/","article_modified_time":"2024-12-16T23:50:14+00:00","og_image":[{"width":1200,"height":900,"url":"https:\/\/folliamala.ch\/wp-content\/uploads\/2022\/01\/Meditation_mit_Malakette.jpg","type":"image\/jpeg"}],"twitter_card":"summary_large_image","twitter_misc":{"Tempo di lettura stimato":"3 minuti"},"schema":{"@context":"https:\/\/schema.org","@graph":[{"@type":"WebPage","@id":"https:\/\/folliamala.ch\/datenschutz\/","url":"https:\/\/folliamala.ch\/datenschutz\/","name":"Privacy - Folliamala","isPartOf":{"@id":"https:\/\/folliamala.ch\/#website"},"datePublished":"2021-08-17T18:21:41+00:00","dateModified":"2024-12-16T23:50:14+00:00","description":"Protezione dei dati: la politica della privacy di Folliamala.","breadcrumb":{"@id":"https:\/\/folliamala.ch\/datenschutz\/#breadcrumb"},"inLanguage":"it-IT","potentialAction":[{"@type":"ReadAction","target":["https:\/\/folliamala.ch\/datenschutz\/"]}]},{"@type":"BreadcrumbList","@id":"https:\/\/folliamala.ch\/datenschutz\/#breadcrumb","itemListElement":[{"@type":"ListItem","position":1,"name":"Startseite","item":"https:\/\/folliamala.ch\/"},{"@type":"ListItem","position":2,"name":"Datenschutz"}]},{"@type":"WebSite","@id":"https:\/\/folliamala.ch\/#website","url":"https:\/\/folliamala.ch\/","name":"Folliamala","description":"Collane e bracciali Mala","publisher":{"@id":"https:\/\/folliamala.ch\/#organization"},"potentialAction":[{"@type":"SearchAction","target":{"@type":"EntryPoint","urlTemplate":"https:\/\/folliamala.ch\/?s={search_term_string}"},"query-input":{"@type":"PropertyValueSpecification","valueRequired":true,"valueName":"search_term_string"}}],"inLanguage":"it-IT"},{"@type":"Organization","@id":"https:\/\/folliamala.ch\/#organization","name":"Folliamala","url":"https:\/\/folliamala.ch\/","logo":{"@type":"ImageObject","inLanguage":"it-IT","@id":"https:\/\/folliamala.ch\/#\/schema\/logo\/image\/","url":"https:\/\/folliamala.ch\/wp-content\/uploads\/2021\/08\/folliamala_logo.png","contentUrl":"https:\/\/folliamala.ch\/wp-content\/uploads\/2021\/08\/folliamala_logo.png","width":529,"height":109,"caption":"Folliamala"},"image":{"@id":"https:\/\/folliamala.ch\/#\/schema\/logo\/image\/"},"sameAs":["https:\/\/www.facebook.com\/folliamala\/","https:\/\/www.instagram.com\/folliamala\/","https:\/\/www.pinterest.de\/folliamala\/"]}]}},"_links":{"self":[{"href":"https:\/\/folliamala.ch\/it\/wp-json\/wp\/v2\/pages\/2903","targetHints":{"allow":["GET"]}}],"collection":[{"href":"https:\/\/folliamala.ch\/it\/wp-json\/wp\/v2\/pages"}],"about":[{"href":"https:\/\/folliamala.ch\/it\/wp-json\/wp\/v2\/types\/page"}],"author":[{"embeddable":true,"href":"https:\/\/folliamala.ch\/it\/wp-json\/wp\/v2\/users\/1"}],"replies":[{"embeddable":true,"href":"https:\/\/folliamala.ch\/it\/wp-json\/wp\/v2\/comments?post=2903"}],"version-history":[{"count":17,"href":"https:\/\/folliamala.ch\/it\/wp-json\/wp\/v2\/pages\/2903\/revisions"}],"predecessor-version":[{"id":11652,"href":"https:\/\/folliamala.ch\/it\/wp-json\/wp\/v2\/pages\/2903\/revisions\/11652"}],"wp:attachment":[{"href":"https:\/\/folliamala.ch\/it\/wp-json\/wp\/v2\/media?parent=2903"}],"curies":[{"name":"wp","href":"https:\/\/api.w.org\/{rel}","templated":true}]}}