{"id":11009,"date":"2024-07-13T19:14:55","date_gmt":"2024-07-13T17:14:55","guid":{"rendered":"https:\/\/folliamala.ch\/?post_type=product&#038;p=11009"},"modified":"2026-01-31T15:49:24","modified_gmt":"2026-01-31T13:49:24","slug":"the-sky","status":"publish","type":"product","link":"https:\/\/folliamala.ch\/it\/product\/the-sky\/","title":{"rendered":"Il cielo"},"content":{"rendered":"<p class=\"p1\"><b>Collana mala in amazzonite surfer<\/b><\/p>\n<p>Leggera come il cielo: questa collana mala con amazzonite \u00e8 ideale per i surfisti che vogliono sentirsi liberi mentre conquistano le onde.  \ud83c\udf0a\ud83c\udfc4\u200d\u2642\ufe0f\u2728<\/p>\n<ul class=\"ul1\">\n<li class=\"li1\">Pezzo unico<\/li>\n<li class=\"li1\">Infilata a mano<\/li>\n<li class=\"li1\">Numero di perline: 72<\/li>\n<li>Perline: pietra lavica e amazzonite<\/li>\n<li class=\"li1\">Dimensione della perlina: \u00f8 8 mm<\/li>\n<li class=\"li1\">Lunghezza: 36 cm<\/li>\n<\/ul>","protected":false},"excerpt":{"rendered":"<p>Lava e amazzonite<\/p>","protected":false},"featured_media":10987,"template":"","meta":{"site-sidebar-layout":"default","site-content-layout":"default","ast-site-content-layout":"default","site-content-style":"default","site-sidebar-style":"default","ast-global-header-display":"","ast-banner-title-visibility":"","ast-main-header-display":"","ast-hfb-above-header-display":"","ast-hfb-below-header-display":"","ast-hfb-mobile-header-display":"","site-post-title":"","ast-breadcrumbs-content":"","ast-featured-img":"","footer-sml-layout":"","ast-disable-related-posts":"","theme-transparent-header-meta":"default","adv-header-id-meta":"","stick-header-meta":"","header-above-stick-meta":"","header-main-stick-meta":"","header-below-stick-meta":"","astra-migrate-meta-layouts":"set","ast-page-background-enabled":"default","ast-page-background-meta":{"desktop":{"background-color":"","background-image":"","background-repeat":"repeat","background-position":"center center","background-size":"auto","background-attachment":"scroll","background-type":"","background-media":"","overlay-type":"","overlay-color":"","overlay-opacity":"","overlay-gradient":""},"tablet":{"background-color":"","background-image":"","background-repeat":"repeat","background-position":"center center","background-size":"auto","background-attachment":"scroll","background-type":"","background-media":"","overlay-type":"","overlay-color":"","overlay-opacity":"","overlay-gradient":""},"mobile":{"background-color":"","background-image":"","background-repeat":"repeat","background-position":"center center","background-size":"auto","background-attachment":"scroll","background-type":"","background-media":"","overlay-type":"","overlay-color":"","overlay-opacity":"","overlay-gradient":""}},"ast-content-background-meta":{"desktop":{"background-color":"var(--ast-global-color-5)","background-image":"","background-repeat":"repeat","background-position":"center center","background-size":"auto","background-attachment":"scroll","background-type":"","background-media":"","overlay-type":"","overlay-color":"","overlay-opacity":"","overlay-gradient":""},"tablet":{"background-color":"var(--ast-global-color-5)","background-image":"","background-repeat":"repeat","background-position":"center center","background-size":"auto","background-attachment":"scroll","background-type":"","background-media":"","overlay-type":"","overlay-color":"","overlay-opacity":"","overlay-gradient":""},"mobile":{"background-color":"var(--ast-global-color-5)","background-image":"","background-repeat":"repeat","background-position":"center center","background-size":"auto","background-attachment":"scroll","background-type":"","background-media":"","overlay-type":"","overlay-color":"","overlay-opacity":"","overlay-gradient":""}},"_glsr_average":0,"_glsr_ranking":0,"_glsr_reviews":0},"product_brand":[224],"product_cat":[26,213],"product_tag":[163,118],"class_list":{"0":"post-11009","1":"product","2":"type-product","3":"status-publish","4":"has-post-thumbnail","6":"product_brand-folliamala","7":"product_cat-kuerzere-malaketten","8":"product_cat-surfer","9":"product_tag-amazonit","10":"product_tag-lava","11":"desktop-align-center","12":"tablet-align-left","13":"mobile-align-left","15":"first","16":"outofstock","17":"sold-individually","18":"shipping-taxable","19":"purchasable","20":"product-type-simple","21":"wpzoom-wc-spi-has-enabled"},"yoast_head":"<!-- This site is optimized with the Yoast SEO plugin v27.4 - https:\/\/yoast.com\/product\/yoast-seo-wordpress\/ -->\n<title>Surfer-Malakette &quot;The Sky&quot; &#8211; Folliamala<\/title>\n<meta name=\"description\" content=\"Surfer-Malakette &quot;The Sky&quot; \u2013 Leicht wie der Himmel \u2013 sie ist ideal f\u00fcr Surfer, die sich frei f\u00fchlen m\u00f6chten, w\u00e4hrend sie die Wellen erobern. \u00a0\ud83c\udf0a\ud83c\udfc4\u200d\u2642\ufe0f\u2728\" \/>\n<meta name=\"robots\" content=\"index, follow, max-snippet:-1, max-image-preview:large, max-video-preview:-1\" \/>\n<link rel=\"canonical\" href=\"https:\/\/folliamala.ch\/it\/product\/the-sky\/\" \/>\n<meta property=\"og:locale\" content=\"it_IT\" \/>\n<meta property=\"og:type\" content=\"article\" \/>\n<meta property=\"og:title\" content=\"Surfer-Malakette &quot;The Sky&quot; &#8211; Folliamala\" \/>\n<meta property=\"og:description\" content=\"Surfer-Malakette &quot;The Sky&quot; \u2013 Leicht wie der Himmel \u2013 sie ist ideal f\u00fcr Surfer, die sich frei f\u00fchlen m\u00f6chten, w\u00e4hrend sie die Wellen erobern. \u00a0\ud83c\udf0a\ud83c\udfc4\u200d\u2642\ufe0f\u2728\" \/>\n<meta property=\"og:url\" content=\"https:\/\/folliamala.ch\/it\/product\/the-sky\/\" \/>\n<meta property=\"og:site_name\" content=\"Folliamala\" \/>\n<meta property=\"article:publisher\" content=\"https:\/\/www.facebook.com\/folliamala\/\" \/>\n<meta property=\"article:modified_time\" content=\"2026-01-31T13:49:24+00:00\" \/>\n<meta property=\"og:image\" content=\"https:\/\/folliamala.ch\/wp-content\/uploads\/2024\/07\/Sufer_Malakette_Sky_o.webp\" \/>\n\t<meta property=\"og:image:width\" content=\"1000\" \/>\n\t<meta property=\"og:image:height\" content=\"1000\" \/>\n\t<meta property=\"og:image:type\" content=\"image\/webp\" \/>\n<meta name=\"twitter:card\" content=\"summary_large_image\" \/>\n<meta name=\"twitter:label1\" content=\"Tempo di lettura stimato\" \/>\n\t<meta name=\"twitter:data1\" content=\"1 minuto\" \/>\n<script type=\"application\/ld+json\" class=\"yoast-schema-graph\">{\"@context\":\"https:\\\/\\\/schema.org\",\"@graph\":[{\"@type\":\"WebPage\",\"@id\":\"https:\\\/\\\/folliamala.ch\\\/product\\\/the-sky\\\/\",\"url\":\"https:\\\/\\\/folliamala.ch\\\/product\\\/the-sky\\\/\",\"name\":\"Surfer-Malakette \\\"The Sky\\\" &#8211; Folliamala\",\"isPartOf\":{\"@id\":\"https:\\\/\\\/folliamala.ch\\\/#website\"},\"primaryImageOfPage\":{\"@id\":\"https:\\\/\\\/folliamala.ch\\\/product\\\/the-sky\\\/#primaryimage\"},\"image\":{\"@id\":\"https:\\\/\\\/folliamala.ch\\\/product\\\/the-sky\\\/#primaryimage\"},\"thumbnailUrl\":\"https:\\\/\\\/folliamala.ch\\\/wp-content\\\/uploads\\\/2024\\\/07\\\/Sufer_Malakette_Sky_o.webp\",\"datePublished\":\"2024-07-13T17:14:55+00:00\",\"dateModified\":\"2026-01-31T13:49:24+00:00\",\"description\":\"Surfer-Malakette \\\"The Sky\\\" \u2013 Leicht wie der Himmel \u2013 sie ist ideal f\u00fcr Surfer, die sich frei f\u00fchlen m\u00f6chten, w\u00e4hrend sie die Wellen erobern. \u00a0\ud83c\udf0a\ud83c\udfc4\u200d\u2642\ufe0f\u2728\",\"breadcrumb\":{\"@id\":\"https:\\\/\\\/folliamala.ch\\\/product\\\/the-sky\\\/#breadcrumb\"},\"inLanguage\":\"it-IT\",\"potentialAction\":[{\"@type\":\"ReadAction\",\"target\":[\"https:\\\/\\\/folliamala.ch\\\/product\\\/the-sky\\\/\"]}]},{\"@type\":\"ImageObject\",\"inLanguage\":\"it-IT\",\"@id\":\"https:\\\/\\\/folliamala.ch\\\/product\\\/the-sky\\\/#primaryimage\",\"url\":\"https:\\\/\\\/folliamala.ch\\\/wp-content\\\/uploads\\\/2024\\\/07\\\/Sufer_Malakette_Sky_o.webp\",\"contentUrl\":\"https:\\\/\\\/folliamala.ch\\\/wp-content\\\/uploads\\\/2024\\\/07\\\/Sufer_Malakette_Sky_o.webp\",\"width\":1000,\"height\":1000,\"caption\":\"Surfer-Malakette, Amazonit & Lavastein, The Sky\"},{\"@type\":\"BreadcrumbList\",\"@id\":\"https:\\\/\\\/folliamala.ch\\\/product\\\/the-sky\\\/#breadcrumb\",\"itemListElement\":[{\"@type\":\"ListItem\",\"position\":1,\"name\":\"Startseite\",\"item\":\"https:\\\/\\\/folliamala.ch\\\/\"},{\"@type\":\"ListItem\",\"position\":2,\"name\":\"Shop\",\"item\":\"https:\\\/\\\/folliamala.ch\\\/store\\\/\"},{\"@type\":\"ListItem\",\"position\":3,\"name\":\"The Sky\"}]},{\"@type\":\"WebSite\",\"@id\":\"https:\\\/\\\/folliamala.ch\\\/#website\",\"url\":\"https:\\\/\\\/folliamala.ch\\\/\",\"name\":\"Folliamala\",\"description\":\"Mala Ketten &amp; Armb\u00e4nder\",\"publisher\":{\"@id\":\"https:\\\/\\\/folliamala.ch\\\/#organization\"},\"potentialAction\":[{\"@type\":\"SearchAction\",\"target\":{\"@type\":\"EntryPoint\",\"urlTemplate\":\"https:\\\/\\\/folliamala.ch\\\/?s={search_term_string}\"},\"query-input\":{\"@type\":\"PropertyValueSpecification\",\"valueRequired\":true,\"valueName\":\"search_term_string\"}}],\"inLanguage\":\"it-IT\"},{\"@type\":\"Organization\",\"@id\":\"https:\\\/\\\/folliamala.ch\\\/#organization\",\"name\":\"Folliamala\",\"url\":\"https:\\\/\\\/folliamala.ch\\\/\",\"logo\":{\"@type\":\"ImageObject\",\"inLanguage\":\"it-IT\",\"@id\":\"https:\\\/\\\/folliamala.ch\\\/#\\\/schema\\\/logo\\\/image\\\/\",\"url\":\"https:\\\/\\\/folliamala.ch\\\/wp-content\\\/uploads\\\/2021\\\/08\\\/folliamala_logo.png\",\"contentUrl\":\"https:\\\/\\\/folliamala.ch\\\/wp-content\\\/uploads\\\/2021\\\/08\\\/folliamala_logo.png\",\"width\":529,\"height\":109,\"caption\":\"Folliamala\"},\"image\":{\"@id\":\"https:\\\/\\\/folliamala.ch\\\/#\\\/schema\\\/logo\\\/image\\\/\"},\"sameAs\":[\"https:\\\/\\\/www.facebook.com\\\/folliamala\\\/\",\"https:\\\/\\\/www.instagram.com\\\/folliamala\\\/\",\"https:\\\/\\\/www.pinterest.de\\\/folliamala\\\/\"]}]}<\/script>\n<!-- \/ Yoast SEO plugin. -->","yoast_head_json":{"title":"Catena di dipinti di surfisti \"Il cielo\" - Folliamala","description":"Collana mala da surfista \"The Sky\" - Leggera come il cielo, \u00e8 ideale per i surfisti che vogliono sentirsi liberi mentre conquistano le onde.  \ud83c\udf0a\ud83c\udfc4\u200d\u2642\ufe0f\u2728","robots":{"index":"index","follow":"follow","max-snippet":"max-snippet:-1","max-image-preview":"max-image-preview:large","max-video-preview":"max-video-preview:-1"},"canonical":"https:\/\/folliamala.ch\/it\/product\/the-sky\/","og_locale":"it_IT","og_type":"article","og_title":"Surfer-Malakette \"The Sky\" &#8211; Folliamala","og_description":"Surfer-Malakette \"The Sky\" \u2013 Leicht wie der Himmel \u2013 sie ist ideal f\u00fcr Surfer, die sich frei f\u00fchlen m\u00f6chten, w\u00e4hrend sie die Wellen erobern. \u00a0\ud83c\udf0a\ud83c\udfc4\u200d\u2642\ufe0f\u2728","og_url":"https:\/\/folliamala.ch\/it\/product\/the-sky\/","og_site_name":"Folliamala","article_publisher":"https:\/\/www.facebook.com\/folliamala\/","article_modified_time":"2026-01-31T13:49:24+00:00","og_image":[{"width":1000,"height":1000,"url":"https:\/\/folliamala.ch\/wp-content\/uploads\/2024\/07\/Sufer_Malakette_Sky_o.webp","type":"image\/webp"}],"twitter_card":"summary_large_image","twitter_misc":{"Tempo di lettura stimato":"1 minuto"},"schema":{"@context":"https:\/\/schema.org","@graph":[{"@type":"WebPage","@id":"https:\/\/folliamala.ch\/product\/the-sky\/","url":"https:\/\/folliamala.ch\/product\/the-sky\/","name":"Catena di dipinti di surfisti \"Il cielo\" - Folliamala","isPartOf":{"@id":"https:\/\/folliamala.ch\/#website"},"primaryImageOfPage":{"@id":"https:\/\/folliamala.ch\/product\/the-sky\/#primaryimage"},"image":{"@id":"https:\/\/folliamala.ch\/product\/the-sky\/#primaryimage"},"thumbnailUrl":"https:\/\/folliamala.ch\/wp-content\/uploads\/2024\/07\/Sufer_Malakette_Sky_o.webp","datePublished":"2024-07-13T17:14:55+00:00","dateModified":"2026-01-31T13:49:24+00:00","description":"Collana mala da surfista \"The Sky\" - Leggera come il cielo, \u00e8 ideale per i surfisti che vogliono sentirsi liberi mentre conquistano le onde.  \ud83c\udf0a\ud83c\udfc4\u200d\u2642\ufe0f\u2728","breadcrumb":{"@id":"https:\/\/folliamala.ch\/product\/the-sky\/#breadcrumb"},"inLanguage":"it-IT","potentialAction":[{"@type":"ReadAction","target":["https:\/\/folliamala.ch\/product\/the-sky\/"]}]},{"@type":"ImageObject","inLanguage":"it-IT","@id":"https:\/\/folliamala.ch\/product\/the-sky\/#primaryimage","url":"https:\/\/folliamala.ch\/wp-content\/uploads\/2024\/07\/Sufer_Malakette_Sky_o.webp","contentUrl":"https:\/\/folliamala.ch\/wp-content\/uploads\/2024\/07\/Sufer_Malakette_Sky_o.webp","width":1000,"height":1000,"caption":"Surfer-Malakette, Amazonit & Lavastein, The Sky"},{"@type":"BreadcrumbList","@id":"https:\/\/folliamala.ch\/product\/the-sky\/#breadcrumb","itemListElement":[{"@type":"ListItem","position":1,"name":"Startseite","item":"https:\/\/folliamala.ch\/"},{"@type":"ListItem","position":2,"name":"Shop","item":"https:\/\/folliamala.ch\/store\/"},{"@type":"ListItem","position":3,"name":"The Sky"}]},{"@type":"WebSite","@id":"https:\/\/folliamala.ch\/#website","url":"https:\/\/folliamala.ch\/","name":"Folliamala","description":"Collane e bracciali Mala","publisher":{"@id":"https:\/\/folliamala.ch\/#organization"},"potentialAction":[{"@type":"SearchAction","target":{"@type":"EntryPoint","urlTemplate":"https:\/\/folliamala.ch\/?s={search_term_string}"},"query-input":{"@type":"PropertyValueSpecification","valueRequired":true,"valueName":"search_term_string"}}],"inLanguage":"it-IT"},{"@type":"Organization","@id":"https:\/\/folliamala.ch\/#organization","name":"Folliamala","url":"https:\/\/folliamala.ch\/","logo":{"@type":"ImageObject","inLanguage":"it-IT","@id":"https:\/\/folliamala.ch\/#\/schema\/logo\/image\/","url":"https:\/\/folliamala.ch\/wp-content\/uploads\/2021\/08\/folliamala_logo.png","contentUrl":"https:\/\/folliamala.ch\/wp-content\/uploads\/2021\/08\/folliamala_logo.png","width":529,"height":109,"caption":"Folliamala"},"image":{"@id":"https:\/\/folliamala.ch\/#\/schema\/logo\/image\/"},"sameAs":["https:\/\/www.facebook.com\/folliamala\/","https:\/\/www.instagram.com\/folliamala\/","https:\/\/www.pinterest.de\/folliamala\/"]}]}},"_links":{"self":[{"href":"https:\/\/folliamala.ch\/it\/wp-json\/wp\/v2\/product\/11009","targetHints":{"allow":["GET"]}}],"collection":[{"href":"https:\/\/folliamala.ch\/it\/wp-json\/wp\/v2\/product"}],"about":[{"href":"https:\/\/folliamala.ch\/it\/wp-json\/wp\/v2\/types\/product"}],"version-history":[{"count":1,"href":"https:\/\/folliamala.ch\/it\/wp-json\/wp\/v2\/product\/11009\/revisions"}],"predecessor-version":[{"id":11010,"href":"https:\/\/folliamala.ch\/it\/wp-json\/wp\/v2\/product\/11009\/revisions\/11010"}],"wp:featuredmedia":[{"embeddable":true,"href":"https:\/\/folliamala.ch\/it\/wp-json\/wp\/v2\/media\/10987"}],"wp:attachment":[{"href":"https:\/\/folliamala.ch\/it\/wp-json\/wp\/v2\/media?parent=11009"}],"wp:term":[{"taxonomy":"product_brand","embeddable":true,"href":"https:\/\/folliamala.ch\/it\/wp-json\/wp\/v2\/product_brand?post=11009"},{"taxonomy":"product_cat","embeddable":true,"href":"https:\/\/folliamala.ch\/it\/wp-json\/wp\/v2\/product_cat?post=11009"},{"taxonomy":"product_tag","embeddable":true,"href":"https:\/\/folliamala.ch\/it\/wp-json\/wp\/v2\/product_tag?post=11009"}],"curies":[{"name":"wp","href":"https:\/\/api.w.org\/{rel}","templated":true}]}}