{"id":11860,"date":"2024-12-22T17:48:41","date_gmt":"2024-12-22T15:48:41","guid":{"rendered":"https:\/\/folliamala.ch\/product\/gutscheinkarte\/"},"modified":"2025-08-23T17:52:12","modified_gmt":"2025-08-23T15:52:12","slug":"gutscheinkarte","status":"publish","type":"product","link":"https:\/\/folliamala.ch\/it\/product\/gutscheinkarte\/","title":{"rendered":"Carta regalo"},"content":{"rendered":"<p>Rendete felice qualcuno e regalategli un buono per tutti i prodotti del nostro negozio.<\/p>\n<p>Non appena avremo ricevuto l'importo, la persona che ricever\u00e0 il regalo ricever\u00e0 l'e-mail che avete preparato e potr\u00e0 riscattare immediatamente il buono.<\/p>\n<p>&nbsp;<\/p>\n<hr \/>\n<h5>Come acquistare un voucher:<\/h5>\n<p data-start=\"125\" data-end=\"193\"><strong data-start=\"125\" data-end=\"145\">1. selezionare l'importo<\/strong><br \/>\nSelezionare il valore del buono desiderato.<br \/>\n<strong>2. inserire i dati del destinatario<\/strong><br \/>\nInserite l'indirizzo e-mail del destinatario (o il vostro se volete usarlo voi stessi o stampare il buono e confezionarlo bene). <span style=\"font-size: 16px;\">\u00c8 possibile aggiungere un messaggio personale al destinatario per personalizzare il buono regalo.<br \/>\n<\/span><strong>3. pagamento:<\/strong><br \/>\nInserite il buono nel carrello, andate alla cassa e completate il pagamento.<br \/>\n<strong>4\u00b0 buono ricevuto<\/strong><br data-start=\"568\" data-end=\"571\" \/>Dopo il pagamento, il buono verr\u00e0 inviato direttamente al destinatario via e-mail (o a voi se inserite il vostro indirizzo alla voce \"A\").<\/p>\n<p data-start=\"635\" data-end=\"669\">Divertitevi a fare il regalo! \ud83c\udf81<\/p>\n<p data-start=\"635\" data-end=\"669\">\n<hr \/>\n<p>&nbsp;<\/p>","protected":false},"excerpt":{"rendered":"<p>Mach jemandem eine Freude und verschenke einen Geschenkgutschein f\u00fcr alle Produkte in unserem Shop. Sobald der Betrag bei uns eingegangen ist, bekommt die beschenkte Person die von dir vorbereitete E-Mail zugeschickt und kann den Gutschein sofort einl\u00f6sen. &nbsp; So kaufst du einen Gutschein: 1. Betrag ausw\u00e4hlen W\u00e4hle den gew\u00fcnschten Gutscheinwert aus. 2. Empf\u00e4nger-Daten eingeben Trage [&hellip;]<\/p>\n","protected":false},"featured_media":11870,"template":"","meta":{"site-sidebar-layout":"default","site-content-layout":"","ast-site-content-layout":"default","site-content-style":"default","site-sidebar-style":"default","ast-global-header-display":"","ast-banner-title-visibility":"","ast-main-header-display":"","ast-hfb-above-header-display":"","ast-hfb-below-header-display":"","ast-hfb-mobile-header-display":"","site-post-title":"","ast-breadcrumbs-content":"","ast-featured-img":"","footer-sml-layout":"","ast-disable-related-posts":"","theme-transparent-header-meta":"default","adv-header-id-meta":"","stick-header-meta":"","header-above-stick-meta":"","header-main-stick-meta":"","header-below-stick-meta":"","astra-migrate-meta-layouts":"set","ast-page-background-enabled":"default","ast-page-background-meta":{"desktop":{"background-color":"","background-image":"","background-repeat":"repeat","background-position":"center center","background-size":"auto","background-attachment":"scroll","background-type":"","background-media":"","overlay-type":"","overlay-color":"","overlay-opacity":"","overlay-gradient":""},"tablet":{"background-color":"","background-image":"","background-repeat":"repeat","background-position":"center center","background-size":"auto","background-attachment":"scroll","background-type":"","background-media":"","overlay-type":"","overlay-color":"","overlay-opacity":"","overlay-gradient":""},"mobile":{"background-color":"","background-image":"","background-repeat":"repeat","background-position":"center center","background-size":"auto","background-attachment":"scroll","background-type":"","background-media":"","overlay-type":"","overlay-color":"","overlay-opacity":"","overlay-gradient":""}},"ast-content-background-meta":{"desktop":{"background-color":"var(--ast-global-color-5)","background-image":"","background-repeat":"repeat","background-position":"center center","background-size":"auto","background-attachment":"scroll","background-type":"","background-media":"","overlay-type":"","overlay-color":"","overlay-opacity":"","overlay-gradient":""},"tablet":{"background-color":"var(--ast-global-color-5)","background-image":"","background-repeat":"repeat","background-position":"center center","background-size":"auto","background-attachment":"scroll","background-type":"","background-media":"","overlay-type":"","overlay-color":"","overlay-opacity":"","overlay-gradient":""},"mobile":{"background-color":"var(--ast-global-color-5)","background-image":"","background-repeat":"repeat","background-position":"center center","background-size":"auto","background-attachment":"scroll","background-type":"","background-media":"","overlay-type":"","overlay-color":"","overlay-opacity":"","overlay-gradient":""}},"_glsr_average":0,"_glsr_ranking":0,"_glsr_reviews":0},"product_brand":[224],"product_cat":[166],"product_tag":[],"class_list":{"0":"post-11860","1":"product","2":"type-product","3":"status-publish","4":"has-post-thumbnail","6":"product_brand-folliamala","7":"product_cat-gutscheinkarte","8":"desktop-align-center","9":"tablet-align-left","10":"mobile-align-left","12":"first","13":"instock","14":"purchasable","15":"product-type-pw-gift-card"},"yoast_head":"<!-- This site is optimized with the Yoast SEO plugin v27.4 - https:\/\/yoast.com\/product\/yoast-seo-wordpress\/ -->\n<title>Gutscheinkarte &#8211; Folliamala<\/title>\n<meta name=\"description\" content=\"Gutscheinkarte von Folliamala: Mache jemandem eine Freude und verschenke einen Gutschein f\u00fcr unseren Shop. G\u00fcltige f\u00fcr alle Malaketten, Arm\u00e4nder &amp; mehr!\" \/>\n<meta name=\"robots\" content=\"index, follow, max-snippet:-1, max-image-preview:large, max-video-preview:-1\" \/>\n<link rel=\"canonical\" href=\"https:\/\/folliamala.ch\/it\/product\/gutscheinkarte\/\" \/>\n<meta property=\"og:locale\" content=\"it_IT\" \/>\n<meta property=\"og:type\" content=\"article\" \/>\n<meta property=\"og:title\" content=\"Gutscheinkarte &#8211; Folliamala\" \/>\n<meta property=\"og:description\" content=\"Gutscheinkarte von Folliamala: Mache jemandem eine Freude und verschenke einen Gutschein f\u00fcr unseren Shop. G\u00fcltige f\u00fcr alle Malaketten, Arm\u00e4nder &amp; mehr!\" \/>\n<meta property=\"og:url\" content=\"https:\/\/folliamala.ch\/it\/product\/gutscheinkarte\/\" \/>\n<meta property=\"og:site_name\" content=\"Folliamala\" \/>\n<meta property=\"article:publisher\" content=\"https:\/\/www.facebook.com\/folliamala\/\" \/>\n<meta property=\"article:modified_time\" content=\"2025-08-23T15:52:12+00:00\" \/>\n<meta property=\"og:image\" content=\"https:\/\/folliamala.ch\/wp-content\/uploads\/2024\/12\/Gift_Card_neu.png\" \/>\n\t<meta property=\"og:image:width\" content=\"1000\" \/>\n\t<meta property=\"og:image:height\" content=\"1000\" \/>\n\t<meta property=\"og:image:type\" content=\"image\/png\" \/>\n<meta name=\"twitter:card\" content=\"summary_large_image\" \/>\n<meta name=\"twitter:label1\" content=\"Tempo di lettura stimato\" \/>\n\t<meta name=\"twitter:data1\" content=\"1 minuto\" \/>\n<script type=\"application\/ld+json\" class=\"yoast-schema-graph\">{\"@context\":\"https:\\\/\\\/schema.org\",\"@graph\":[{\"@type\":\"WebPage\",\"@id\":\"https:\\\/\\\/folliamala.ch\\\/product\\\/gutscheinkarte\\\/\",\"url\":\"https:\\\/\\\/folliamala.ch\\\/product\\\/gutscheinkarte\\\/\",\"name\":\"Gutscheinkarte &#8211; Folliamala\",\"isPartOf\":{\"@id\":\"https:\\\/\\\/folliamala.ch\\\/#website\"},\"primaryImageOfPage\":{\"@id\":\"https:\\\/\\\/folliamala.ch\\\/product\\\/gutscheinkarte\\\/#primaryimage\"},\"image\":{\"@id\":\"https:\\\/\\\/folliamala.ch\\\/product\\\/gutscheinkarte\\\/#primaryimage\"},\"thumbnailUrl\":\"https:\\\/\\\/folliamala.ch\\\/wp-content\\\/uploads\\\/2024\\\/12\\\/Gift_Card_neu.png\",\"datePublished\":\"2024-12-22T15:48:41+00:00\",\"dateModified\":\"2025-08-23T15:52:12+00:00\",\"description\":\"Gutscheinkarte von Folliamala: Mache jemandem eine Freude und verschenke einen Gutschein f\u00fcr unseren Shop. G\u00fcltige f\u00fcr alle Malaketten, Arm\u00e4nder & mehr!\",\"breadcrumb\":{\"@id\":\"https:\\\/\\\/folliamala.ch\\\/product\\\/gutscheinkarte\\\/#breadcrumb\"},\"inLanguage\":\"it-IT\",\"potentialAction\":[{\"@type\":\"ReadAction\",\"target\":[\"https:\\\/\\\/folliamala.ch\\\/product\\\/gutscheinkarte\\\/\"]}]},{\"@type\":\"ImageObject\",\"inLanguage\":\"it-IT\",\"@id\":\"https:\\\/\\\/folliamala.ch\\\/product\\\/gutscheinkarte\\\/#primaryimage\",\"url\":\"https:\\\/\\\/folliamala.ch\\\/wp-content\\\/uploads\\\/2024\\\/12\\\/Gift_Card_neu.png\",\"contentUrl\":\"https:\\\/\\\/folliamala.ch\\\/wp-content\\\/uploads\\\/2024\\\/12\\\/Gift_Card_neu.png\",\"width\":1000,\"height\":1000,\"caption\":\"Geschenkgutscheinkarte\"},{\"@type\":\"BreadcrumbList\",\"@id\":\"https:\\\/\\\/folliamala.ch\\\/product\\\/gutscheinkarte\\\/#breadcrumb\",\"itemListElement\":[{\"@type\":\"ListItem\",\"position\":1,\"name\":\"Startseite\",\"item\":\"https:\\\/\\\/folliamala.ch\\\/\"},{\"@type\":\"ListItem\",\"position\":2,\"name\":\"Shop\",\"item\":\"https:\\\/\\\/folliamala.ch\\\/store\\\/\"},{\"@type\":\"ListItem\",\"position\":3,\"name\":\"Gutscheinkarte\"}]},{\"@type\":\"WebSite\",\"@id\":\"https:\\\/\\\/folliamala.ch\\\/#website\",\"url\":\"https:\\\/\\\/folliamala.ch\\\/\",\"name\":\"Folliamala\",\"description\":\"Mala Ketten &amp; Armb\u00e4nder\",\"publisher\":{\"@id\":\"https:\\\/\\\/folliamala.ch\\\/#organization\"},\"potentialAction\":[{\"@type\":\"SearchAction\",\"target\":{\"@type\":\"EntryPoint\",\"urlTemplate\":\"https:\\\/\\\/folliamala.ch\\\/?s={search_term_string}\"},\"query-input\":{\"@type\":\"PropertyValueSpecification\",\"valueRequired\":true,\"valueName\":\"search_term_string\"}}],\"inLanguage\":\"it-IT\"},{\"@type\":\"Organization\",\"@id\":\"https:\\\/\\\/folliamala.ch\\\/#organization\",\"name\":\"Folliamala\",\"url\":\"https:\\\/\\\/folliamala.ch\\\/\",\"logo\":{\"@type\":\"ImageObject\",\"inLanguage\":\"it-IT\",\"@id\":\"https:\\\/\\\/folliamala.ch\\\/#\\\/schema\\\/logo\\\/image\\\/\",\"url\":\"https:\\\/\\\/folliamala.ch\\\/wp-content\\\/uploads\\\/2021\\\/08\\\/folliamala_logo.png\",\"contentUrl\":\"https:\\\/\\\/folliamala.ch\\\/wp-content\\\/uploads\\\/2021\\\/08\\\/folliamala_logo.png\",\"width\":529,\"height\":109,\"caption\":\"Folliamala\"},\"image\":{\"@id\":\"https:\\\/\\\/folliamala.ch\\\/#\\\/schema\\\/logo\\\/image\\\/\"},\"sameAs\":[\"https:\\\/\\\/www.facebook.com\\\/folliamala\\\/\",\"https:\\\/\\\/www.instagram.com\\\/folliamala\\\/\",\"https:\\\/\\\/www.pinterest.de\\\/folliamala\\\/\"]}]}<\/script>\n<!-- \/ Yoast SEO plugin. -->","yoast_head_json":{"title":"Carta regalo - Folliamala","description":"Buono regalo da Folliamala: fai felice qualcuno e regalagli un buono per il nostro negozio. Valido per tutte le collane di pittura, i braccialetti e molto altro!","robots":{"index":"index","follow":"follow","max-snippet":"max-snippet:-1","max-image-preview":"max-image-preview:large","max-video-preview":"max-video-preview:-1"},"canonical":"https:\/\/folliamala.ch\/it\/product\/gutscheinkarte\/","og_locale":"it_IT","og_type":"article","og_title":"Gutscheinkarte &#8211; Folliamala","og_description":"Gutscheinkarte von Folliamala: Mache jemandem eine Freude und verschenke einen Gutschein f\u00fcr unseren Shop. G\u00fcltige f\u00fcr alle Malaketten, Arm\u00e4nder & mehr!","og_url":"https:\/\/folliamala.ch\/it\/product\/gutscheinkarte\/","og_site_name":"Folliamala","article_publisher":"https:\/\/www.facebook.com\/folliamala\/","article_modified_time":"2025-08-23T15:52:12+00:00","og_image":[{"width":1000,"height":1000,"url":"https:\/\/folliamala.ch\/wp-content\/uploads\/2024\/12\/Gift_Card_neu.png","type":"image\/png"}],"twitter_card":"summary_large_image","twitter_misc":{"Tempo di lettura stimato":"1 minuto"},"schema":{"@context":"https:\/\/schema.org","@graph":[{"@type":"WebPage","@id":"https:\/\/folliamala.ch\/product\/gutscheinkarte\/","url":"https:\/\/folliamala.ch\/product\/gutscheinkarte\/","name":"Carta regalo - Folliamala","isPartOf":{"@id":"https:\/\/folliamala.ch\/#website"},"primaryImageOfPage":{"@id":"https:\/\/folliamala.ch\/product\/gutscheinkarte\/#primaryimage"},"image":{"@id":"https:\/\/folliamala.ch\/product\/gutscheinkarte\/#primaryimage"},"thumbnailUrl":"https:\/\/folliamala.ch\/wp-content\/uploads\/2024\/12\/Gift_Card_neu.png","datePublished":"2024-12-22T15:48:41+00:00","dateModified":"2025-08-23T15:52:12+00:00","description":"Buono regalo da Folliamala: fai felice qualcuno e regalagli un buono per il nostro negozio. Valido per tutte le collane di pittura, i braccialetti e molto altro!","breadcrumb":{"@id":"https:\/\/folliamala.ch\/product\/gutscheinkarte\/#breadcrumb"},"inLanguage":"it-IT","potentialAction":[{"@type":"ReadAction","target":["https:\/\/folliamala.ch\/product\/gutscheinkarte\/"]}]},{"@type":"ImageObject","inLanguage":"it-IT","@id":"https:\/\/folliamala.ch\/product\/gutscheinkarte\/#primaryimage","url":"https:\/\/folliamala.ch\/wp-content\/uploads\/2024\/12\/Gift_Card_neu.png","contentUrl":"https:\/\/folliamala.ch\/wp-content\/uploads\/2024\/12\/Gift_Card_neu.png","width":1000,"height":1000,"caption":"Geschenkgutscheinkarte"},{"@type":"BreadcrumbList","@id":"https:\/\/folliamala.ch\/product\/gutscheinkarte\/#breadcrumb","itemListElement":[{"@type":"ListItem","position":1,"name":"Startseite","item":"https:\/\/folliamala.ch\/"},{"@type":"ListItem","position":2,"name":"Shop","item":"https:\/\/folliamala.ch\/store\/"},{"@type":"ListItem","position":3,"name":"Gutscheinkarte"}]},{"@type":"WebSite","@id":"https:\/\/folliamala.ch\/#website","url":"https:\/\/folliamala.ch\/","name":"Folliamala","description":"Collane e bracciali Mala","publisher":{"@id":"https:\/\/folliamala.ch\/#organization"},"potentialAction":[{"@type":"SearchAction","target":{"@type":"EntryPoint","urlTemplate":"https:\/\/folliamala.ch\/?s={search_term_string}"},"query-input":{"@type":"PropertyValueSpecification","valueRequired":true,"valueName":"search_term_string"}}],"inLanguage":"it-IT"},{"@type":"Organization","@id":"https:\/\/folliamala.ch\/#organization","name":"Folliamala","url":"https:\/\/folliamala.ch\/","logo":{"@type":"ImageObject","inLanguage":"it-IT","@id":"https:\/\/folliamala.ch\/#\/schema\/logo\/image\/","url":"https:\/\/folliamala.ch\/wp-content\/uploads\/2021\/08\/folliamala_logo.png","contentUrl":"https:\/\/folliamala.ch\/wp-content\/uploads\/2021\/08\/folliamala_logo.png","width":529,"height":109,"caption":"Folliamala"},"image":{"@id":"https:\/\/folliamala.ch\/#\/schema\/logo\/image\/"},"sameAs":["https:\/\/www.facebook.com\/folliamala\/","https:\/\/www.instagram.com\/folliamala\/","https:\/\/www.pinterest.de\/folliamala\/"]}]}},"_links":{"self":[{"href":"https:\/\/folliamala.ch\/it\/wp-json\/wp\/v2\/product\/11860","targetHints":{"allow":["GET"]}}],"collection":[{"href":"https:\/\/folliamala.ch\/it\/wp-json\/wp\/v2\/product"}],"about":[{"href":"https:\/\/folliamala.ch\/it\/wp-json\/wp\/v2\/types\/product"}],"version-history":[{"count":17,"href":"https:\/\/folliamala.ch\/it\/wp-json\/wp\/v2\/product\/11860\/revisions"}],"predecessor-version":[{"id":12202,"href":"https:\/\/folliamala.ch\/it\/wp-json\/wp\/v2\/product\/11860\/revisions\/12202"}],"wp:featuredmedia":[{"embeddable":true,"href":"https:\/\/folliamala.ch\/it\/wp-json\/wp\/v2\/media\/11870"}],"wp:attachment":[{"href":"https:\/\/folliamala.ch\/it\/wp-json\/wp\/v2\/media?parent=11860"}],"wp:term":[{"taxonomy":"product_brand","embeddable":true,"href":"https:\/\/folliamala.ch\/it\/wp-json\/wp\/v2\/product_brand?post=11860"},{"taxonomy":"product_cat","embeddable":true,"href":"https:\/\/folliamala.ch\/it\/wp-json\/wp\/v2\/product_cat?post=11860"},{"taxonomy":"product_tag","embeddable":true,"href":"https:\/\/folliamala.ch\/it\/wp-json\/wp\/v2\/product_tag?post=11860"}],"curies":[{"name":"wp","href":"https:\/\/api.w.org\/{rel}","templated":true}]}}