{"id":5198,"date":"2023-02-09T15:26:46","date_gmt":"2023-02-09T13:26:46","guid":{"rendered":"https:\/\/folliamala.ch\/?post_type=product&#038;p=5198"},"modified":"2025-08-23T17:51:07","modified_gmt":"2025-08-23T15:51:07","slug":"die-umarmende","status":"publish","type":"product","link":"https:\/\/folliamala.ch\/it\/product\/die-umarmende\/","title":{"rendered":"L'abbraccio"},"content":{"rendered":"<p><b>Collana Mala di ametista e agata nera<\/b><\/p>\n<p>L'ametista purifica il corpo e l'anima e dona pace interiore. Allevia i disturbi del sonno e aiuta gli agitati perch\u00e9 trasforma l'iperattivit\u00e0 in efficacia e creativit\u00e0. Il colore viola dell'ametista ispira l'immaginazione e scioglie blocchi e inibizioni, favorendo l'elaborazione dei conflitti attraverso i sogni, soprattutto durante il sonno.<\/p>\n<ul>\n<li style=\"font-weight: 400;\" aria-level=\"1\"><span style=\"font-weight: 400;\">Pezzo unico<\/span><\/li>\n<li style=\"font-weight: 400;\" aria-level=\"1\"><span style=\"font-weight: 400;\">Infilata a mano<\/span><\/li>\n<li style=\"font-weight: 400;\" aria-level=\"1\"><span style=\"font-weight: 400;\">Numero di perline: 72<\/span><\/li>\n<li aria-level=\"1\">Perline: agata nera e ametista<\/li>\n<li style=\"font-weight: 400;\" aria-level=\"1\"><span style=\"font-weight: 400;\">Dimensione della perlina: \u00f8 8 mm<\/span><\/li>\n<li style=\"font-weight: 400;\" aria-level=\"1\"><span style=\"font-weight: 400;\">Ciondolo di ametista<\/span><\/li>\n<li style=\"font-weight: 400;\" aria-level=\"1\"><span style=\"font-weight: 400;\">Filo di seta viola<\/span><\/li>\n<li style=\"font-weight: 400;\" aria-level=\"1\"><span style=\"font-weight: 400;\">Circonferenza: 71 cm<\/span><\/li>\n<\/ul>","protected":false},"excerpt":{"rendered":"<p>Mala in ametista e agata<\/p>","protected":false},"featured_media":5199,"template":"","meta":{"site-sidebar-layout":"default","site-content-layout":"default","ast-site-content-layout":"default","site-content-style":"default","site-sidebar-style":"default","ast-global-header-display":"","ast-banner-title-visibility":"","ast-main-header-display":"","ast-hfb-above-header-display":"","ast-hfb-below-header-display":"","ast-hfb-mobile-header-display":"","site-post-title":"","ast-breadcrumbs-content":"","ast-featured-img":"","footer-sml-layout":"","ast-disable-related-posts":"","theme-transparent-header-meta":"default","adv-header-id-meta":"","stick-header-meta":"","header-above-stick-meta":"","header-main-stick-meta":"","header-below-stick-meta":"","astra-migrate-meta-layouts":"default","ast-page-background-enabled":"default","ast-page-background-meta":{"desktop":{"background-color":"","background-image":"","background-repeat":"repeat","background-position":"center center","background-size":"auto","background-attachment":"scroll","background-type":"","background-media":"","overlay-type":"","overlay-color":"","overlay-opacity":"","overlay-gradient":""},"tablet":{"background-color":"","background-image":"","background-repeat":"repeat","background-position":"center center","background-size":"auto","background-attachment":"scroll","background-type":"","background-media":"","overlay-type":"","overlay-color":"","overlay-opacity":"","overlay-gradient":""},"mobile":{"background-color":"","background-image":"","background-repeat":"repeat","background-position":"center center","background-size":"auto","background-attachment":"scroll","background-type":"","background-media":"","overlay-type":"","overlay-color":"","overlay-opacity":"","overlay-gradient":""}},"ast-content-background-meta":{"desktop":{"background-color":"var(--ast-global-color-5)","background-image":"","background-repeat":"repeat","background-position":"center center","background-size":"auto","background-attachment":"scroll","background-type":"","background-media":"","overlay-type":"","overlay-color":"","overlay-opacity":"","overlay-gradient":""},"tablet":{"background-color":"var(--ast-global-color-5)","background-image":"","background-repeat":"repeat","background-position":"center center","background-size":"auto","background-attachment":"scroll","background-type":"","background-media":"","overlay-type":"","overlay-color":"","overlay-opacity":"","overlay-gradient":""},"mobile":{"background-color":"var(--ast-global-color-5)","background-image":"","background-repeat":"repeat","background-position":"center center","background-size":"auto","background-attachment":"scroll","background-type":"","background-media":"","overlay-type":"","overlay-color":"","overlay-opacity":"","overlay-gradient":""}},"_glsr_average":0,"_glsr_ranking":0,"_glsr_reviews":0},"product_brand":[224],"product_cat":[26],"product_tag":[99,123],"class_list":{"0":"post-5198","1":"product","2":"type-product","3":"status-publish","4":"has-post-thumbnail","6":"product_brand-folliamala","7":"product_cat-kuerzere-malaketten","8":"product_tag-achat","9":"product_tag-amethyst","10":"desktop-align-center","11":"tablet-align-left","12":"mobile-align-left","14":"first","15":"instock","16":"sold-individually","17":"shipping-taxable","18":"purchasable","19":"product-type-simple","20":"wpzoom-wc-spi-has-enabled"},"yoast_head":"<!-- This site is optimized with the Yoast SEO plugin v27.4 - https:\/\/yoast.com\/product\/yoast-seo-wordpress\/ -->\n<title>Malakette Achat &amp; Amethyst &#8211; Folliamala<\/title>\n<meta name=\"description\" content=\"Schau dir diese sch\u00f6ne Malakette aus Achat- und Amethyst-Edelsteinen an. Finde diese und weitere Malaketten &amp; Armb\u00e4nder in unserem Shop.\" \/>\n<meta name=\"robots\" content=\"index, follow, max-snippet:-1, max-image-preview:large, max-video-preview:-1\" \/>\n<link rel=\"canonical\" href=\"https:\/\/folliamala.ch\/it\/product\/die-umarmende\/\" \/>\n<meta property=\"og:locale\" content=\"it_IT\" \/>\n<meta property=\"og:type\" content=\"article\" \/>\n<meta property=\"og:title\" content=\"Malakette Achat &amp; Amethyst &#8211; Folliamala\" \/>\n<meta property=\"og:description\" content=\"Schau dir diese sch\u00f6ne Malakette aus Achat- und Amethyst-Edelsteinen an. Finde diese und weitere Malaketten &amp; Armb\u00e4nder in unserem Shop.\" \/>\n<meta property=\"og:url\" content=\"https:\/\/folliamala.ch\/it\/product\/die-umarmende\/\" \/>\n<meta property=\"og:site_name\" content=\"Folliamala\" \/>\n<meta property=\"article:publisher\" content=\"https:\/\/www.facebook.com\/folliamala\/\" \/>\n<meta property=\"article:modified_time\" content=\"2025-08-23T15:51:07+00:00\" \/>\n<meta property=\"og:image\" content=\"https:\/\/folliamala.ch\/wp-content\/uploads\/2022\/01\/Giorno_schwarzer_Achat_Amethist_1.png\" \/>\n\t<meta property=\"og:image:width\" content=\"1000\" \/>\n\t<meta property=\"og:image:height\" content=\"1000\" \/>\n\t<meta property=\"og:image:type\" content=\"image\/png\" \/>\n<meta name=\"twitter:card\" content=\"summary_large_image\" \/>\n<meta name=\"twitter:label1\" content=\"Tempo di lettura stimato\" \/>\n\t<meta name=\"twitter:data1\" content=\"1 minuto\" \/>\n<script type=\"application\/ld+json\" class=\"yoast-schema-graph\">{\"@context\":\"https:\\\/\\\/schema.org\",\"@graph\":[{\"@type\":\"WebPage\",\"@id\":\"https:\\\/\\\/folliamala.ch\\\/product\\\/die-umarmende\\\/\",\"url\":\"https:\\\/\\\/folliamala.ch\\\/product\\\/die-umarmende\\\/\",\"name\":\"Malakette Achat & Amethyst &#8211; Folliamala\",\"isPartOf\":{\"@id\":\"https:\\\/\\\/folliamala.ch\\\/#website\"},\"primaryImageOfPage\":{\"@id\":\"https:\\\/\\\/folliamala.ch\\\/product\\\/die-umarmende\\\/#primaryimage\"},\"image\":{\"@id\":\"https:\\\/\\\/folliamala.ch\\\/product\\\/die-umarmende\\\/#primaryimage\"},\"thumbnailUrl\":\"https:\\\/\\\/folliamala.ch\\\/wp-content\\\/uploads\\\/2022\\\/01\\\/Giorno_schwarzer_Achat_Amethist_1.png\",\"datePublished\":\"2023-02-09T13:26:46+00:00\",\"dateModified\":\"2025-08-23T15:51:07+00:00\",\"description\":\"Schau dir diese sch\u00f6ne Malakette aus Achat- und Amethyst-Edelsteinen an. Finde diese und weitere Malaketten & Armb\u00e4nder in unserem Shop.\",\"breadcrumb\":{\"@id\":\"https:\\\/\\\/folliamala.ch\\\/product\\\/die-umarmende\\\/#breadcrumb\"},\"inLanguage\":\"it-IT\",\"potentialAction\":[{\"@type\":\"ReadAction\",\"target\":[\"https:\\\/\\\/folliamala.ch\\\/product\\\/die-umarmende\\\/\"]}]},{\"@type\":\"ImageObject\",\"inLanguage\":\"it-IT\",\"@id\":\"https:\\\/\\\/folliamala.ch\\\/product\\\/die-umarmende\\\/#primaryimage\",\"url\":\"https:\\\/\\\/folliamala.ch\\\/wp-content\\\/uploads\\\/2022\\\/01\\\/Giorno_schwarzer_Achat_Amethist_1.png\",\"contentUrl\":\"https:\\\/\\\/folliamala.ch\\\/wp-content\\\/uploads\\\/2022\\\/01\\\/Giorno_schwarzer_Achat_Amethist_1.png\",\"width\":1000,\"height\":1000,\"caption\":\"Malakette Achat und Amethyst\"},{\"@type\":\"BreadcrumbList\",\"@id\":\"https:\\\/\\\/folliamala.ch\\\/product\\\/die-umarmende\\\/#breadcrumb\",\"itemListElement\":[{\"@type\":\"ListItem\",\"position\":1,\"name\":\"Startseite\",\"item\":\"https:\\\/\\\/folliamala.ch\\\/\"},{\"@type\":\"ListItem\",\"position\":2,\"name\":\"Shop\",\"item\":\"https:\\\/\\\/folliamala.ch\\\/store\\\/\"},{\"@type\":\"ListItem\",\"position\":3,\"name\":\"Die Umarmende\"}]},{\"@type\":\"WebSite\",\"@id\":\"https:\\\/\\\/folliamala.ch\\\/#website\",\"url\":\"https:\\\/\\\/folliamala.ch\\\/\",\"name\":\"Folliamala\",\"description\":\"Mala Ketten &amp; Armb\u00e4nder\",\"publisher\":{\"@id\":\"https:\\\/\\\/folliamala.ch\\\/#organization\"},\"potentialAction\":[{\"@type\":\"SearchAction\",\"target\":{\"@type\":\"EntryPoint\",\"urlTemplate\":\"https:\\\/\\\/folliamala.ch\\\/?s={search_term_string}\"},\"query-input\":{\"@type\":\"PropertyValueSpecification\",\"valueRequired\":true,\"valueName\":\"search_term_string\"}}],\"inLanguage\":\"it-IT\"},{\"@type\":\"Organization\",\"@id\":\"https:\\\/\\\/folliamala.ch\\\/#organization\",\"name\":\"Folliamala\",\"url\":\"https:\\\/\\\/folliamala.ch\\\/\",\"logo\":{\"@type\":\"ImageObject\",\"inLanguage\":\"it-IT\",\"@id\":\"https:\\\/\\\/folliamala.ch\\\/#\\\/schema\\\/logo\\\/image\\\/\",\"url\":\"https:\\\/\\\/folliamala.ch\\\/wp-content\\\/uploads\\\/2021\\\/08\\\/folliamala_logo.png\",\"contentUrl\":\"https:\\\/\\\/folliamala.ch\\\/wp-content\\\/uploads\\\/2021\\\/08\\\/folliamala_logo.png\",\"width\":529,\"height\":109,\"caption\":\"Folliamala\"},\"image\":{\"@id\":\"https:\\\/\\\/folliamala.ch\\\/#\\\/schema\\\/logo\\\/image\\\/\"},\"sameAs\":[\"https:\\\/\\\/www.facebook.com\\\/folliamala\\\/\",\"https:\\\/\\\/www.instagram.com\\\/folliamala\\\/\",\"https:\\\/\\\/www.pinterest.de\\\/folliamala\\\/\"]}]}<\/script>\n<!-- \/ Yoast SEO plugin. -->","yoast_head_json":{"title":"Collana Mala di agata e ametista - Folliamala","description":"Scoprite questa bellissima collana di agata e ametista dipinta con pietre preziose. Trovate questa e altre collane e bracciali di pittura nel nostro negozio.","robots":{"index":"index","follow":"follow","max-snippet":"max-snippet:-1","max-image-preview":"max-image-preview:large","max-video-preview":"max-video-preview:-1"},"canonical":"https:\/\/folliamala.ch\/it\/product\/die-umarmende\/","og_locale":"it_IT","og_type":"article","og_title":"Malakette Achat & Amethyst &#8211; Folliamala","og_description":"Schau dir diese sch\u00f6ne Malakette aus Achat- und Amethyst-Edelsteinen an. Finde diese und weitere Malaketten & Armb\u00e4nder in unserem Shop.","og_url":"https:\/\/folliamala.ch\/it\/product\/die-umarmende\/","og_site_name":"Folliamala","article_publisher":"https:\/\/www.facebook.com\/folliamala\/","article_modified_time":"2025-08-23T15:51:07+00:00","og_image":[{"width":1000,"height":1000,"url":"https:\/\/folliamala.ch\/wp-content\/uploads\/2022\/01\/Giorno_schwarzer_Achat_Amethist_1.png","type":"image\/png"}],"twitter_card":"summary_large_image","twitter_misc":{"Tempo di lettura stimato":"1 minuto"},"schema":{"@context":"https:\/\/schema.org","@graph":[{"@type":"WebPage","@id":"https:\/\/folliamala.ch\/product\/die-umarmende\/","url":"https:\/\/folliamala.ch\/product\/die-umarmende\/","name":"Collana Mala di agata e ametista - Folliamala","isPartOf":{"@id":"https:\/\/folliamala.ch\/#website"},"primaryImageOfPage":{"@id":"https:\/\/folliamala.ch\/product\/die-umarmende\/#primaryimage"},"image":{"@id":"https:\/\/folliamala.ch\/product\/die-umarmende\/#primaryimage"},"thumbnailUrl":"https:\/\/folliamala.ch\/wp-content\/uploads\/2022\/01\/Giorno_schwarzer_Achat_Amethist_1.png","datePublished":"2023-02-09T13:26:46+00:00","dateModified":"2025-08-23T15:51:07+00:00","description":"Scoprite questa bellissima collana di agata e ametista dipinta con pietre preziose. Trovate questa e altre collane e bracciali di pittura nel nostro negozio.","breadcrumb":{"@id":"https:\/\/folliamala.ch\/product\/die-umarmende\/#breadcrumb"},"inLanguage":"it-IT","potentialAction":[{"@type":"ReadAction","target":["https:\/\/folliamala.ch\/product\/die-umarmende\/"]}]},{"@type":"ImageObject","inLanguage":"it-IT","@id":"https:\/\/folliamala.ch\/product\/die-umarmende\/#primaryimage","url":"https:\/\/folliamala.ch\/wp-content\/uploads\/2022\/01\/Giorno_schwarzer_Achat_Amethist_1.png","contentUrl":"https:\/\/folliamala.ch\/wp-content\/uploads\/2022\/01\/Giorno_schwarzer_Achat_Amethist_1.png","width":1000,"height":1000,"caption":"Malakette Achat und Amethyst"},{"@type":"BreadcrumbList","@id":"https:\/\/folliamala.ch\/product\/die-umarmende\/#breadcrumb","itemListElement":[{"@type":"ListItem","position":1,"name":"Startseite","item":"https:\/\/folliamala.ch\/"},{"@type":"ListItem","position":2,"name":"Shop","item":"https:\/\/folliamala.ch\/store\/"},{"@type":"ListItem","position":3,"name":"Die Umarmende"}]},{"@type":"WebSite","@id":"https:\/\/folliamala.ch\/#website","url":"https:\/\/folliamala.ch\/","name":"Folliamala","description":"Collane e bracciali Mala","publisher":{"@id":"https:\/\/folliamala.ch\/#organization"},"potentialAction":[{"@type":"SearchAction","target":{"@type":"EntryPoint","urlTemplate":"https:\/\/folliamala.ch\/?s={search_term_string}"},"query-input":{"@type":"PropertyValueSpecification","valueRequired":true,"valueName":"search_term_string"}}],"inLanguage":"it-IT"},{"@type":"Organization","@id":"https:\/\/folliamala.ch\/#organization","name":"Folliamala","url":"https:\/\/folliamala.ch\/","logo":{"@type":"ImageObject","inLanguage":"it-IT","@id":"https:\/\/folliamala.ch\/#\/schema\/logo\/image\/","url":"https:\/\/folliamala.ch\/wp-content\/uploads\/2021\/08\/folliamala_logo.png","contentUrl":"https:\/\/folliamala.ch\/wp-content\/uploads\/2021\/08\/folliamala_logo.png","width":529,"height":109,"caption":"Folliamala"},"image":{"@id":"https:\/\/folliamala.ch\/#\/schema\/logo\/image\/"},"sameAs":["https:\/\/www.facebook.com\/folliamala\/","https:\/\/www.instagram.com\/folliamala\/","https:\/\/www.pinterest.de\/folliamala\/"]}]}},"_links":{"self":[{"href":"https:\/\/folliamala.ch\/it\/wp-json\/wp\/v2\/product\/5198","targetHints":{"allow":["GET"]}}],"collection":[{"href":"https:\/\/folliamala.ch\/it\/wp-json\/wp\/v2\/product"}],"about":[{"href":"https:\/\/folliamala.ch\/it\/wp-json\/wp\/v2\/types\/product"}],"version-history":[{"count":7,"href":"https:\/\/folliamala.ch\/it\/wp-json\/wp\/v2\/product\/5198\/revisions"}],"predecessor-version":[{"id":9206,"href":"https:\/\/folliamala.ch\/it\/wp-json\/wp\/v2\/product\/5198\/revisions\/9206"}],"wp:featuredmedia":[{"embeddable":true,"href":"https:\/\/folliamala.ch\/it\/wp-json\/wp\/v2\/media\/5199"}],"wp:attachment":[{"href":"https:\/\/folliamala.ch\/it\/wp-json\/wp\/v2\/media?parent=5198"}],"wp:term":[{"taxonomy":"product_brand","embeddable":true,"href":"https:\/\/folliamala.ch\/it\/wp-json\/wp\/v2\/product_brand?post=5198"},{"taxonomy":"product_cat","embeddable":true,"href":"https:\/\/folliamala.ch\/it\/wp-json\/wp\/v2\/product_cat?post=5198"},{"taxonomy":"product_tag","embeddable":true,"href":"https:\/\/folliamala.ch\/it\/wp-json\/wp\/v2\/product_tag?post=5198"}],"curies":[{"name":"wp","href":"https:\/\/api.w.org\/{rel}","templated":true}]}}