{"id":5552,"date":"2023-02-09T22:48:50","date_gmt":"2023-02-09T20:48:50","guid":{"rendered":"https:\/\/folliamala.ch\/?post_type=product&#038;p=5552"},"modified":"2025-08-23T17:51:07","modified_gmt":"2025-08-23T15:51:07","slug":"die-wuerdevolle","status":"publish","type":"product","link":"https:\/\/folliamala.ch\/it\/product\/die-wuerdevolle\/","title":{"rendered":"Il Dignitoso"},"content":{"rendered":"<p><strong>Collana Mala in labradorite e turchese giallo<\/strong><\/p>\n<p>La labradorite ispira l'immaginazione e aumenta la creativit\u00e0. Migliora la memoria e rafforza l'intuizione. Inoltre, la labradorite aiuta a intensificare i sentimenti e favorisce la visione dei propri obiettivi e delle proprie intenzioni. Grazie al suo effetto calmante e riequilibrante, la labradorite \u00e8 utile in caso di temperamento irascibile.<\/p>\n<p>La collana \u00e8 stata completata con otto pietre di turchese giallo. Il turchese aiuta a raggiungere un maggiore successo perch\u00e9 rafforza la fiducia in se stessi, migliora le capacit\u00e0 di comunicazione e promuove energia e assertivit\u00e0.<\/p>\n<ul>\n<li>Pezzo unico<\/li>\n<li>Infilata a mano<\/li>\n<li>Numero di pietre: 108<\/li>\n<li>Labradorite nera \u00f8 8 mm<\/li>\n<li>Pietre di turchese \u00f8 8 mm<\/li>\n<li>Spaziatori argentati<\/li>\n<li>Circonferenza: 100 cm<\/li>\n<\/ul>","protected":false},"excerpt":{"rendered":"<p>Mala collana labradorite<\/p>","protected":false},"featured_media":9428,"template":"","meta":{"site-sidebar-layout":"default","site-content-layout":"default","ast-site-content-layout":"default","site-content-style":"default","site-sidebar-style":"default","ast-global-header-display":"","ast-banner-title-visibility":"","ast-main-header-display":"","ast-hfb-above-header-display":"","ast-hfb-below-header-display":"","ast-hfb-mobile-header-display":"","site-post-title":"","ast-breadcrumbs-content":"","ast-featured-img":"","footer-sml-layout":"","ast-disable-related-posts":"","theme-transparent-header-meta":"default","adv-header-id-meta":"","stick-header-meta":"","header-above-stick-meta":"","header-main-stick-meta":"","header-below-stick-meta":"","astra-migrate-meta-layouts":"default","ast-page-background-enabled":"default","ast-page-background-meta":{"desktop":{"background-color":"","background-image":"","background-repeat":"repeat","background-position":"center center","background-size":"auto","background-attachment":"scroll","background-type":"","background-media":"","overlay-type":"","overlay-color":"","overlay-opacity":"","overlay-gradient":""},"tablet":{"background-color":"","background-image":"","background-repeat":"repeat","background-position":"center center","background-size":"auto","background-attachment":"scroll","background-type":"","background-media":"","overlay-type":"","overlay-color":"","overlay-opacity":"","overlay-gradient":""},"mobile":{"background-color":"","background-image":"","background-repeat":"repeat","background-position":"center center","background-size":"auto","background-attachment":"scroll","background-type":"","background-media":"","overlay-type":"","overlay-color":"","overlay-opacity":"","overlay-gradient":""}},"ast-content-background-meta":{"desktop":{"background-color":"var(--ast-global-color-5)","background-image":"","background-repeat":"repeat","background-position":"center center","background-size":"auto","background-attachment":"scroll","background-type":"","background-media":"","overlay-type":"","overlay-color":"","overlay-opacity":"","overlay-gradient":""},"tablet":{"background-color":"var(--ast-global-color-5)","background-image":"","background-repeat":"repeat","background-position":"center center","background-size":"auto","background-attachment":"scroll","background-type":"","background-media":"","overlay-type":"","overlay-color":"","overlay-opacity":"","overlay-gradient":""},"mobile":{"background-color":"var(--ast-global-color-5)","background-image":"","background-repeat":"repeat","background-position":"center center","background-size":"auto","background-attachment":"scroll","background-type":"","background-media":"","overlay-type":"","overlay-color":"","overlay-opacity":"","overlay-gradient":""}},"_glsr_average":0,"_glsr_ranking":0,"_glsr_reviews":0},"product_brand":[224],"product_cat":[27],"product_tag":[104,90],"class_list":{"0":"post-5552","1":"product","2":"type-product","3":"status-publish","4":"has-post-thumbnail","6":"product_brand-folliamala","7":"product_cat-traditionelle-malaketten","8":"product_tag-labradorit","9":"product_tag-tuerkis","10":"desktop-align-center","11":"tablet-align-left","12":"mobile-align-left","14":"first","15":"instock","16":"sold-individually","17":"shipping-taxable","18":"purchasable","19":"product-type-simple","20":"wpzoom-wc-spi-has-enabled"},"yoast_head":"<!-- This site is optimized with the Yoast SEO plugin v27.4 - https:\/\/yoast.com\/product\/yoast-seo-wordpress\/ -->\n<title>Malakette Labradorit &#8211; Folliamala<\/title>\n<meta name=\"description\" content=\"Malakette schwarzer Labradorit, erg\u00e4nzt mit acht T\u00fcrkissteinen. Finde weitere Malaketten &amp; Armb\u00e4nder in unserem Online-Shop.\" \/>\n<meta name=\"robots\" content=\"index, follow, max-snippet:-1, max-image-preview:large, max-video-preview:-1\" \/>\n<link rel=\"canonical\" href=\"https:\/\/folliamala.ch\/it\/product\/die-wuerdevolle\/\" \/>\n<meta property=\"og:locale\" content=\"it_IT\" \/>\n<meta property=\"og:type\" content=\"article\" \/>\n<meta property=\"og:title\" content=\"Malakette Labradorit &#8211; Folliamala\" \/>\n<meta property=\"og:description\" content=\"Malakette schwarzer Labradorit, erg\u00e4nzt mit acht T\u00fcrkissteinen. Finde weitere Malaketten &amp; Armb\u00e4nder in unserem Online-Shop.\" \/>\n<meta property=\"og:url\" content=\"https:\/\/folliamala.ch\/it\/product\/die-wuerdevolle\/\" \/>\n<meta property=\"og:site_name\" content=\"Folliamala\" \/>\n<meta property=\"article:publisher\" content=\"https:\/\/www.facebook.com\/folliamala\/\" \/>\n<meta property=\"article:modified_time\" content=\"2025-08-23T15:51:07+00:00\" \/>\n<meta property=\"og:image\" content=\"https:\/\/folliamala.ch\/wp-content\/uploads\/2023\/05\/Vita_Schwarzer_Labradorit_o.webp\" \/>\n\t<meta property=\"og:image:width\" content=\"1000\" \/>\n\t<meta property=\"og:image:height\" content=\"1000\" \/>\n\t<meta property=\"og:image:type\" content=\"image\/webp\" \/>\n<meta name=\"twitter:card\" content=\"summary_large_image\" \/>\n<meta name=\"twitter:label1\" content=\"Tempo di lettura stimato\" \/>\n\t<meta name=\"twitter:data1\" content=\"1 minuto\" \/>\n<script type=\"application\/ld+json\" class=\"yoast-schema-graph\">{\"@context\":\"https:\\\/\\\/schema.org\",\"@graph\":[{\"@type\":\"WebPage\",\"@id\":\"https:\\\/\\\/folliamala.ch\\\/product\\\/die-wuerdevolle\\\/\",\"url\":\"https:\\\/\\\/folliamala.ch\\\/product\\\/die-wuerdevolle\\\/\",\"name\":\"Malakette Labradorit &#8211; Folliamala\",\"isPartOf\":{\"@id\":\"https:\\\/\\\/folliamala.ch\\\/#website\"},\"primaryImageOfPage\":{\"@id\":\"https:\\\/\\\/folliamala.ch\\\/product\\\/die-wuerdevolle\\\/#primaryimage\"},\"image\":{\"@id\":\"https:\\\/\\\/folliamala.ch\\\/product\\\/die-wuerdevolle\\\/#primaryimage\"},\"thumbnailUrl\":\"https:\\\/\\\/folliamala.ch\\\/wp-content\\\/uploads\\\/2023\\\/05\\\/Vita_Schwarzer_Labradorit_o.webp\",\"datePublished\":\"2023-02-09T20:48:50+00:00\",\"dateModified\":\"2025-08-23T15:51:07+00:00\",\"description\":\"Malakette schwarzer Labradorit, erg\u00e4nzt mit acht T\u00fcrkissteinen. Finde weitere Malaketten & Armb\u00e4nder in unserem Online-Shop.\",\"breadcrumb\":{\"@id\":\"https:\\\/\\\/folliamala.ch\\\/product\\\/die-wuerdevolle\\\/#breadcrumb\"},\"inLanguage\":\"it-IT\",\"potentialAction\":[{\"@type\":\"ReadAction\",\"target\":[\"https:\\\/\\\/folliamala.ch\\\/product\\\/die-wuerdevolle\\\/\"]}]},{\"@type\":\"ImageObject\",\"inLanguage\":\"it-IT\",\"@id\":\"https:\\\/\\\/folliamala.ch\\\/product\\\/die-wuerdevolle\\\/#primaryimage\",\"url\":\"https:\\\/\\\/folliamala.ch\\\/wp-content\\\/uploads\\\/2023\\\/05\\\/Vita_Schwarzer_Labradorit_o.webp\",\"contentUrl\":\"https:\\\/\\\/folliamala.ch\\\/wp-content\\\/uploads\\\/2023\\\/05\\\/Vita_Schwarzer_Labradorit_o.webp\",\"width\":1000,\"height\":1000,\"caption\":\"Malakette Labradorit\"},{\"@type\":\"BreadcrumbList\",\"@id\":\"https:\\\/\\\/folliamala.ch\\\/product\\\/die-wuerdevolle\\\/#breadcrumb\",\"itemListElement\":[{\"@type\":\"ListItem\",\"position\":1,\"name\":\"Startseite\",\"item\":\"https:\\\/\\\/folliamala.ch\\\/\"},{\"@type\":\"ListItem\",\"position\":2,\"name\":\"Shop\",\"item\":\"https:\\\/\\\/folliamala.ch\\\/store\\\/\"},{\"@type\":\"ListItem\",\"position\":3,\"name\":\"Die W\u00fcrdevolle\"}]},{\"@type\":\"WebSite\",\"@id\":\"https:\\\/\\\/folliamala.ch\\\/#website\",\"url\":\"https:\\\/\\\/folliamala.ch\\\/\",\"name\":\"Folliamala\",\"description\":\"Mala Ketten &amp; Armb\u00e4nder\",\"publisher\":{\"@id\":\"https:\\\/\\\/folliamala.ch\\\/#organization\"},\"potentialAction\":[{\"@type\":\"SearchAction\",\"target\":{\"@type\":\"EntryPoint\",\"urlTemplate\":\"https:\\\/\\\/folliamala.ch\\\/?s={search_term_string}\"},\"query-input\":{\"@type\":\"PropertyValueSpecification\",\"valueRequired\":true,\"valueName\":\"search_term_string\"}}],\"inLanguage\":\"it-IT\"},{\"@type\":\"Organization\",\"@id\":\"https:\\\/\\\/folliamala.ch\\\/#organization\",\"name\":\"Folliamala\",\"url\":\"https:\\\/\\\/folliamala.ch\\\/\",\"logo\":{\"@type\":\"ImageObject\",\"inLanguage\":\"it-IT\",\"@id\":\"https:\\\/\\\/folliamala.ch\\\/#\\\/schema\\\/logo\\\/image\\\/\",\"url\":\"https:\\\/\\\/folliamala.ch\\\/wp-content\\\/uploads\\\/2021\\\/08\\\/folliamala_logo.png\",\"contentUrl\":\"https:\\\/\\\/folliamala.ch\\\/wp-content\\\/uploads\\\/2021\\\/08\\\/folliamala_logo.png\",\"width\":529,\"height\":109,\"caption\":\"Folliamala\"},\"image\":{\"@id\":\"https:\\\/\\\/folliamala.ch\\\/#\\\/schema\\\/logo\\\/image\\\/\"},\"sameAs\":[\"https:\\\/\\\/www.facebook.com\\\/folliamala\\\/\",\"https:\\\/\\\/www.instagram.com\\\/folliamala\\\/\",\"https:\\\/\\\/www.pinterest.de\\\/folliamala\\\/\"]}]}<\/script>\n<!-- \/ Yoast SEO plugin. -->","yoast_head_json":{"title":"Collana Mala di labradorite - Folliamala","description":"Collana mala di labradorite nera, completata da otto pietre di turchese. Trova altre collane e bracciali mala nel nostro negozio online.","robots":{"index":"index","follow":"follow","max-snippet":"max-snippet:-1","max-image-preview":"max-image-preview:large","max-video-preview":"max-video-preview:-1"},"canonical":"https:\/\/folliamala.ch\/it\/product\/die-wuerdevolle\/","og_locale":"it_IT","og_type":"article","og_title":"Malakette Labradorit &#8211; Folliamala","og_description":"Malakette schwarzer Labradorit, erg\u00e4nzt mit acht T\u00fcrkissteinen. Finde weitere Malaketten & Armb\u00e4nder in unserem Online-Shop.","og_url":"https:\/\/folliamala.ch\/it\/product\/die-wuerdevolle\/","og_site_name":"Folliamala","article_publisher":"https:\/\/www.facebook.com\/folliamala\/","article_modified_time":"2025-08-23T15:51:07+00:00","og_image":[{"width":1000,"height":1000,"url":"https:\/\/folliamala.ch\/wp-content\/uploads\/2023\/05\/Vita_Schwarzer_Labradorit_o.webp","type":"image\/webp"}],"twitter_card":"summary_large_image","twitter_misc":{"Tempo di lettura stimato":"1 minuto"},"schema":{"@context":"https:\/\/schema.org","@graph":[{"@type":"WebPage","@id":"https:\/\/folliamala.ch\/product\/die-wuerdevolle\/","url":"https:\/\/folliamala.ch\/product\/die-wuerdevolle\/","name":"Collana Mala di labradorite - Folliamala","isPartOf":{"@id":"https:\/\/folliamala.ch\/#website"},"primaryImageOfPage":{"@id":"https:\/\/folliamala.ch\/product\/die-wuerdevolle\/#primaryimage"},"image":{"@id":"https:\/\/folliamala.ch\/product\/die-wuerdevolle\/#primaryimage"},"thumbnailUrl":"https:\/\/folliamala.ch\/wp-content\/uploads\/2023\/05\/Vita_Schwarzer_Labradorit_o.webp","datePublished":"2023-02-09T20:48:50+00:00","dateModified":"2025-08-23T15:51:07+00:00","description":"Collana mala di labradorite nera, completata da otto pietre di turchese. Trova altre collane e bracciali mala nel nostro negozio online.","breadcrumb":{"@id":"https:\/\/folliamala.ch\/product\/die-wuerdevolle\/#breadcrumb"},"inLanguage":"it-IT","potentialAction":[{"@type":"ReadAction","target":["https:\/\/folliamala.ch\/product\/die-wuerdevolle\/"]}]},{"@type":"ImageObject","inLanguage":"it-IT","@id":"https:\/\/folliamala.ch\/product\/die-wuerdevolle\/#primaryimage","url":"https:\/\/folliamala.ch\/wp-content\/uploads\/2023\/05\/Vita_Schwarzer_Labradorit_o.webp","contentUrl":"https:\/\/folliamala.ch\/wp-content\/uploads\/2023\/05\/Vita_Schwarzer_Labradorit_o.webp","width":1000,"height":1000,"caption":"Malakette Labradorit"},{"@type":"BreadcrumbList","@id":"https:\/\/folliamala.ch\/product\/die-wuerdevolle\/#breadcrumb","itemListElement":[{"@type":"ListItem","position":1,"name":"Startseite","item":"https:\/\/folliamala.ch\/"},{"@type":"ListItem","position":2,"name":"Shop","item":"https:\/\/folliamala.ch\/store\/"},{"@type":"ListItem","position":3,"name":"Die W\u00fcrdevolle"}]},{"@type":"WebSite","@id":"https:\/\/folliamala.ch\/#website","url":"https:\/\/folliamala.ch\/","name":"Folliamala","description":"Collane e bracciali Mala","publisher":{"@id":"https:\/\/folliamala.ch\/#organization"},"potentialAction":[{"@type":"SearchAction","target":{"@type":"EntryPoint","urlTemplate":"https:\/\/folliamala.ch\/?s={search_term_string}"},"query-input":{"@type":"PropertyValueSpecification","valueRequired":true,"valueName":"search_term_string"}}],"inLanguage":"it-IT"},{"@type":"Organization","@id":"https:\/\/folliamala.ch\/#organization","name":"Folliamala","url":"https:\/\/folliamala.ch\/","logo":{"@type":"ImageObject","inLanguage":"it-IT","@id":"https:\/\/folliamala.ch\/#\/schema\/logo\/image\/","url":"https:\/\/folliamala.ch\/wp-content\/uploads\/2021\/08\/folliamala_logo.png","contentUrl":"https:\/\/folliamala.ch\/wp-content\/uploads\/2021\/08\/folliamala_logo.png","width":529,"height":109,"caption":"Folliamala"},"image":{"@id":"https:\/\/folliamala.ch\/#\/schema\/logo\/image\/"},"sameAs":["https:\/\/www.facebook.com\/folliamala\/","https:\/\/www.instagram.com\/folliamala\/","https:\/\/www.pinterest.de\/folliamala\/"]}]}},"_links":{"self":[{"href":"https:\/\/folliamala.ch\/it\/wp-json\/wp\/v2\/product\/5552","targetHints":{"allow":["GET"]}}],"collection":[{"href":"https:\/\/folliamala.ch\/it\/wp-json\/wp\/v2\/product"}],"about":[{"href":"https:\/\/folliamala.ch\/it\/wp-json\/wp\/v2\/types\/product"}],"version-history":[{"count":11,"href":"https:\/\/folliamala.ch\/it\/wp-json\/wp\/v2\/product\/5552\/revisions"}],"predecessor-version":[{"id":9434,"href":"https:\/\/folliamala.ch\/it\/wp-json\/wp\/v2\/product\/5552\/revisions\/9434"}],"wp:featuredmedia":[{"embeddable":true,"href":"https:\/\/folliamala.ch\/it\/wp-json\/wp\/v2\/media\/9428"}],"wp:attachment":[{"href":"https:\/\/folliamala.ch\/it\/wp-json\/wp\/v2\/media?parent=5552"}],"wp:term":[{"taxonomy":"product_brand","embeddable":true,"href":"https:\/\/folliamala.ch\/it\/wp-json\/wp\/v2\/product_brand?post=5552"},{"taxonomy":"product_cat","embeddable":true,"href":"https:\/\/folliamala.ch\/it\/wp-json\/wp\/v2\/product_cat?post=5552"},{"taxonomy":"product_tag","embeddable":true,"href":"https:\/\/folliamala.ch\/it\/wp-json\/wp\/v2\/product_tag?post=5552"}],"curies":[{"name":"wp","href":"https:\/\/api.w.org\/{rel}","templated":true}]}}