{"id":6777,"date":"2022-09-03T23:40:26","date_gmt":"2022-09-03T21:40:26","guid":{"rendered":"https:\/\/folliamala.ch\/?post_type=product&#038;p=6777"},"modified":"2025-08-23T17:51:06","modified_gmt":"2025-08-23T15:51:06","slug":"stier-mala","status":"publish","type":"product","link":"https:\/\/folliamala.ch\/it\/product\/stier-mala\/","title":{"rendered":"Toro-Mala"},"content":{"rendered":"<p><strong><b>Collana mala per il segno zodiacale <\/b>Toro<\/strong><\/p>\n<p><span style=\"font-weight: 400;\">Siete nati tra il 21 aprile e il 20 maggio o avete il Toro all'ascendente? <\/span><span style=\"font-weight: 400;\">Questo Mala del Toro \u00e8 per voi.\u00a0<\/span><\/p>\n<p><span style=\"font-weight: 400;\">La vostra grande virt\u00f9 \u00e8 la pazienza, siete costanti e affidabili. Una famiglia felice, un ambiente sereno, sono cose molto importanti per voi. Prima di agire, riflettete attentamente. Perch\u00e9 non siete interessati a prendere decisioni rapide o impulsive. Avanzate a ritmo costante e raggiungete sempre il vostro obiettivo. <\/span><span style=\"font-weight: 400;\">L'energia del Toro ha qualcosa di molto rilassante. Riesce a rilassare anche le persone pi\u00f9 nervose semplicemente stando nella stessa stanza. Il vostro \u00e8 un segno di terra pratico. Conoscete la parsimonia, ma l'influenza di questo segno va ben oltre il denaro.\u00a0<\/span><\/p>\n<h6><b>Tratti del Toro<\/b><\/h6>\n<p><span style=\"font-weight: 400;\">Paziente, geloso, comodo, desideroso di piacere, stabile, affidabile, pratico, lavoratore, materialista, determinato.<\/span><\/p>\n<h6><b>Pietre preziose per il segno zodiacale Toro<\/b><\/h6>\n<p class=\"translation-block\"><span style=\"font-weight: 400\">Il rosso <strong>carneliano<\/strong> vi dona la spontaneit\u00e0 necessaria per poter vivere meglio il vostro lato sensuale e vi aiuta a fare il collegamento tra il mondo dei sentimenti e quello del pensiero.<\/span><\/p>\n<p class=\"translation-block\"><span style=\"font-weight: 400\"><strong>L'avventurina<\/strong> porta pazienza e serenit\u00e0. Incoraggia a sognare. Pu\u00f2 essere estremamente utile se avete la sensazione di essere bloccati nel mondo delle cose materiali.<\/p>\n<h6><b>Non sei un toro?<\/b><\/h6>\n<p class=\"translation-block\"><span style=\"font-weight: 400\"><strong>L'avventurina<\/strong> \u00e8 un consolatore e guaritore del cuore e ha un effetto armonizzante generale, protegge il cuore, porta benessere e calma le emozioni. <\/span>.<\/p>\n<p class=\"translation-block\"><strong>La corniola <\/strong>dona forza, coraggio ed energia. Non solo solleva l'umore, ma aiuta anche a far fronte alle richieste o a superare i problemi. Inoltre, la corniola promuove la disponibilit\u00e0 e il senso di comunit\u00e0. La corniola dona gioia di vivere e vitalit\u00e0.<\/p>\n<h6><b>Dettagli Mala<\/b><\/h6>\n<ul>\n<li style=\"font-weight: 400;\" aria-level=\"1\"><span style=\"font-weight: 400;\">108 perline: 12 avventurina, 24 corniola, 72 perline di ebano<\/span><\/li>\n<li style=\"font-weight: 400;\" aria-level=\"1\"><span style=\"font-weight: 400;\">Dimensione della perla: 8 mm<\/span><\/li>\n<li style=\"font-weight: 400;\" aria-level=\"1\"><span style=\"font-weight: 400;\">Guru bead: cristallo di rocca - tra tutte le pietre \u00e8 quella che amplifica le energie in modo pi\u00f9 potente.\u00a0<\/span><\/li>\n<li style=\"font-weight: 400;\" aria-level=\"1\"><span style=\"font-weight: 400;\">Annodato con filo di seta professionale per garantire resistenza e longevit\u00e0<\/span><\/li>\n<li style=\"font-weight: 400;\" aria-level=\"1\"><span style=\"font-weight: 400;\">Dimensioni: 105 cm di circonferenza<\/span><\/li>\n<li>Ciondolo: nappina (ciondolo a forma di fiore della vita in argento o oro disponibile su richiesta)<\/li>\n<\/ul>","protected":false},"excerpt":{"rendered":"<p>Corniola e avventurina<\/p>","protected":false},"featured_media":6763,"template":"","meta":{"site-sidebar-layout":"default","site-content-layout":"default","ast-site-content-layout":"default","site-content-style":"default","site-sidebar-style":"default","ast-global-header-display":"","ast-banner-title-visibility":"","ast-main-header-display":"","ast-hfb-above-header-display":"","ast-hfb-below-header-display":"","ast-hfb-mobile-header-display":"","site-post-title":"","ast-breadcrumbs-content":"","ast-featured-img":"","footer-sml-layout":"","ast-disable-related-posts":"","theme-transparent-header-meta":"default","adv-header-id-meta":"","stick-header-meta":"","header-above-stick-meta":"","header-main-stick-meta":"","header-below-stick-meta":"","astra-migrate-meta-layouts":"default","ast-page-background-enabled":"default","ast-page-background-meta":{"desktop":{"background-color":"","background-image":"","background-repeat":"repeat","background-position":"center center","background-size":"auto","background-attachment":"scroll","background-type":"","background-media":"","overlay-type":"","overlay-color":"","overlay-opacity":"","overlay-gradient":""},"tablet":{"background-color":"","background-image":"","background-repeat":"repeat","background-position":"center center","background-size":"auto","background-attachment":"scroll","background-type":"","background-media":"","overlay-type":"","overlay-color":"","overlay-opacity":"","overlay-gradient":""},"mobile":{"background-color":"","background-image":"","background-repeat":"repeat","background-position":"center center","background-size":"auto","background-attachment":"scroll","background-type":"","background-media":"","overlay-type":"","overlay-color":"","overlay-opacity":"","overlay-gradient":""}},"ast-content-background-meta":{"desktop":{"background-color":"var(--ast-global-color-5)","background-image":"","background-repeat":"repeat","background-position":"center center","background-size":"auto","background-attachment":"scroll","background-type":"","background-media":"","overlay-type":"","overlay-color":"","overlay-opacity":"","overlay-gradient":""},"tablet":{"background-color":"var(--ast-global-color-5)","background-image":"","background-repeat":"repeat","background-position":"center center","background-size":"auto","background-attachment":"scroll","background-type":"","background-media":"","overlay-type":"","overlay-color":"","overlay-opacity":"","overlay-gradient":""},"mobile":{"background-color":"var(--ast-global-color-5)","background-image":"","background-repeat":"repeat","background-position":"center center","background-size":"auto","background-attachment":"scroll","background-type":"","background-media":"","overlay-type":"","overlay-color":"","overlay-opacity":"","overlay-gradient":""}},"_glsr_average":0,"_glsr_ranking":0,"_glsr_reviews":0},"product_brand":[224],"product_cat":[126,172,27],"product_tag":[101,184,124],"class_list":{"0":"post-6777","1":"product","2":"type-product","3":"status-publish","4":"has-post-thumbnail","6":"product_brand-folliamala","7":"product_cat-malaketten","8":"product_cat-zodiaco","9":"product_cat-traditionelle-malaketten","10":"product_tag-aventurin","11":"product_tag-holz","12":"product_tag-karneol","13":"desktop-align-center","14":"tablet-align-left","15":"mobile-align-left","17":"first","18":"instock","19":"sold-individually","20":"shipping-taxable","21":"purchasable","22":"product-type-simple","23":"wpzoom-wc-spi-has-enabled"},"yoast_head":"<!-- This site is optimized with the Yoast SEO plugin v27.4 - https:\/\/yoast.com\/product\/yoast-seo-wordpress\/ -->\n<title>Stier-Mala &#8211; Folliamala<\/title>\n<meta name=\"description\" content=\"Stier-Mala f\u00fcr das Sternzeichen Stier. Bist du zwischen dem 19. April und dem 20. Mai geboren oder hast den Stier im Aszendent? Diese Mala ist f\u00fcr dich.\u00a0\" \/>\n<meta name=\"robots\" content=\"index, follow, max-snippet:-1, max-image-preview:large, max-video-preview:-1\" \/>\n<link rel=\"canonical\" href=\"https:\/\/folliamala.ch\/it\/product\/stier-mala\/\" \/>\n<meta property=\"og:locale\" content=\"it_IT\" \/>\n<meta property=\"og:type\" content=\"article\" \/>\n<meta property=\"og:title\" content=\"Stier-Mala &#8211; Folliamala\" \/>\n<meta property=\"og:description\" content=\"Stier-Mala f\u00fcr das Sternzeichen Stier. Bist du zwischen dem 19. April und dem 20. Mai geboren oder hast den Stier im Aszendent? Diese Mala ist f\u00fcr dich.\u00a0\" \/>\n<meta property=\"og:url\" content=\"https:\/\/folliamala.ch\/it\/product\/stier-mala\/\" \/>\n<meta property=\"og:site_name\" content=\"Folliamala\" \/>\n<meta property=\"article:publisher\" content=\"https:\/\/www.facebook.com\/folliamala\/\" \/>\n<meta property=\"article:modified_time\" content=\"2025-08-23T15:51:06+00:00\" \/>\n<meta property=\"og:image\" content=\"https:\/\/folliamala.ch\/wp-content\/uploads\/2022\/09\/Stier_o.jpg\" \/>\n\t<meta property=\"og:image:width\" content=\"1000\" \/>\n\t<meta property=\"og:image:height\" content=\"1000\" \/>\n\t<meta property=\"og:image:type\" content=\"image\/jpeg\" \/>\n<meta name=\"twitter:card\" content=\"summary_large_image\" \/>\n<meta name=\"twitter:label1\" content=\"Tempo di lettura stimato\" \/>\n\t<meta name=\"twitter:data1\" content=\"1 minuto\" \/>\n<script type=\"application\/ld+json\" class=\"yoast-schema-graph\">{\"@context\":\"https:\\\/\\\/schema.org\",\"@graph\":[{\"@type\":\"WebPage\",\"@id\":\"https:\\\/\\\/folliamala.ch\\\/product\\\/stier-mala\\\/\",\"url\":\"https:\\\/\\\/folliamala.ch\\\/product\\\/stier-mala\\\/\",\"name\":\"Stier-Mala &#8211; Folliamala\",\"isPartOf\":{\"@id\":\"https:\\\/\\\/folliamala.ch\\\/#website\"},\"primaryImageOfPage\":{\"@id\":\"https:\\\/\\\/folliamala.ch\\\/product\\\/stier-mala\\\/#primaryimage\"},\"image\":{\"@id\":\"https:\\\/\\\/folliamala.ch\\\/product\\\/stier-mala\\\/#primaryimage\"},\"thumbnailUrl\":\"https:\\\/\\\/folliamala.ch\\\/wp-content\\\/uploads\\\/2022\\\/09\\\/Stier_o.jpg\",\"datePublished\":\"2022-09-03T21:40:26+00:00\",\"dateModified\":\"2025-08-23T15:51:06+00:00\",\"description\":\"Stier-Mala f\u00fcr das Sternzeichen Stier. Bist du zwischen dem 19. April und dem 20. Mai geboren oder hast den Stier im Aszendent? Diese Mala ist f\u00fcr dich.\u00a0\",\"breadcrumb\":{\"@id\":\"https:\\\/\\\/folliamala.ch\\\/product\\\/stier-mala\\\/#breadcrumb\"},\"inLanguage\":\"it-IT\",\"potentialAction\":[{\"@type\":\"ReadAction\",\"target\":[\"https:\\\/\\\/folliamala.ch\\\/product\\\/stier-mala\\\/\"]}]},{\"@type\":\"ImageObject\",\"inLanguage\":\"it-IT\",\"@id\":\"https:\\\/\\\/folliamala.ch\\\/product\\\/stier-mala\\\/#primaryimage\",\"url\":\"https:\\\/\\\/folliamala.ch\\\/wp-content\\\/uploads\\\/2022\\\/09\\\/Stier_o.jpg\",\"contentUrl\":\"https:\\\/\\\/folliamala.ch\\\/wp-content\\\/uploads\\\/2022\\\/09\\\/Stier_o.jpg\",\"width\":1000,\"height\":1000,\"caption\":\"Sternzeichen-Mala Kette Stier\"},{\"@type\":\"BreadcrumbList\",\"@id\":\"https:\\\/\\\/folliamala.ch\\\/product\\\/stier-mala\\\/#breadcrumb\",\"itemListElement\":[{\"@type\":\"ListItem\",\"position\":1,\"name\":\"Startseite\",\"item\":\"https:\\\/\\\/folliamala.ch\\\/\"},{\"@type\":\"ListItem\",\"position\":2,\"name\":\"Shop\",\"item\":\"https:\\\/\\\/folliamala.ch\\\/store\\\/\"},{\"@type\":\"ListItem\",\"position\":3,\"name\":\"Stier-Mala\"}]},{\"@type\":\"WebSite\",\"@id\":\"https:\\\/\\\/folliamala.ch\\\/#website\",\"url\":\"https:\\\/\\\/folliamala.ch\\\/\",\"name\":\"Folliamala\",\"description\":\"Mala Ketten &amp; Armb\u00e4nder\",\"publisher\":{\"@id\":\"https:\\\/\\\/folliamala.ch\\\/#organization\"},\"potentialAction\":[{\"@type\":\"SearchAction\",\"target\":{\"@type\":\"EntryPoint\",\"urlTemplate\":\"https:\\\/\\\/folliamala.ch\\\/?s={search_term_string}\"},\"query-input\":{\"@type\":\"PropertyValueSpecification\",\"valueRequired\":true,\"valueName\":\"search_term_string\"}}],\"inLanguage\":\"it-IT\"},{\"@type\":\"Organization\",\"@id\":\"https:\\\/\\\/folliamala.ch\\\/#organization\",\"name\":\"Folliamala\",\"url\":\"https:\\\/\\\/folliamala.ch\\\/\",\"logo\":{\"@type\":\"ImageObject\",\"inLanguage\":\"it-IT\",\"@id\":\"https:\\\/\\\/folliamala.ch\\\/#\\\/schema\\\/logo\\\/image\\\/\",\"url\":\"https:\\\/\\\/folliamala.ch\\\/wp-content\\\/uploads\\\/2021\\\/08\\\/folliamala_logo.png\",\"contentUrl\":\"https:\\\/\\\/folliamala.ch\\\/wp-content\\\/uploads\\\/2021\\\/08\\\/folliamala_logo.png\",\"width\":529,\"height\":109,\"caption\":\"Folliamala\"},\"image\":{\"@id\":\"https:\\\/\\\/folliamala.ch\\\/#\\\/schema\\\/logo\\\/image\\\/\"},\"sameAs\":[\"https:\\\/\\\/www.facebook.com\\\/folliamala\\\/\",\"https:\\\/\\\/www.instagram.com\\\/folliamala\\\/\",\"https:\\\/\\\/www.pinterest.de\\\/folliamala\\\/\"]}]}<\/script>\n<!-- \/ Yoast SEO plugin. -->","yoast_head_json":{"title":"Taurus Mala - Folliamala","description":"Taurus Mala per il segno zodiacale Toro. Siete nati tra il 19 aprile e il 20 maggio o avete il Toro all'ascendente? Questo mala \u00e8 per voi.\u00a0","robots":{"index":"index","follow":"follow","max-snippet":"max-snippet:-1","max-image-preview":"max-image-preview:large","max-video-preview":"max-video-preview:-1"},"canonical":"https:\/\/folliamala.ch\/it\/product\/stier-mala\/","og_locale":"it_IT","og_type":"article","og_title":"Stier-Mala &#8211; Folliamala","og_description":"Stier-Mala f\u00fcr das Sternzeichen Stier. Bist du zwischen dem 19. April und dem 20. Mai geboren oder hast den Stier im Aszendent? Diese Mala ist f\u00fcr dich.\u00a0","og_url":"https:\/\/folliamala.ch\/it\/product\/stier-mala\/","og_site_name":"Folliamala","article_publisher":"https:\/\/www.facebook.com\/folliamala\/","article_modified_time":"2025-08-23T15:51:06+00:00","og_image":[{"width":1000,"height":1000,"url":"https:\/\/folliamala.ch\/wp-content\/uploads\/2022\/09\/Stier_o.jpg","type":"image\/jpeg"}],"twitter_card":"summary_large_image","twitter_misc":{"Tempo di lettura stimato":"1 minuto"},"schema":{"@context":"https:\/\/schema.org","@graph":[{"@type":"WebPage","@id":"https:\/\/folliamala.ch\/product\/stier-mala\/","url":"https:\/\/folliamala.ch\/product\/stier-mala\/","name":"Taurus Mala - Folliamala","isPartOf":{"@id":"https:\/\/folliamala.ch\/#website"},"primaryImageOfPage":{"@id":"https:\/\/folliamala.ch\/product\/stier-mala\/#primaryimage"},"image":{"@id":"https:\/\/folliamala.ch\/product\/stier-mala\/#primaryimage"},"thumbnailUrl":"https:\/\/folliamala.ch\/wp-content\/uploads\/2022\/09\/Stier_o.jpg","datePublished":"2022-09-03T21:40:26+00:00","dateModified":"2025-08-23T15:51:06+00:00","description":"Taurus Mala per il segno zodiacale Toro. Siete nati tra il 19 aprile e il 20 maggio o avete il Toro all'ascendente? Questo mala \u00e8 per voi.\u00a0","breadcrumb":{"@id":"https:\/\/folliamala.ch\/product\/stier-mala\/#breadcrumb"},"inLanguage":"it-IT","potentialAction":[{"@type":"ReadAction","target":["https:\/\/folliamala.ch\/product\/stier-mala\/"]}]},{"@type":"ImageObject","inLanguage":"it-IT","@id":"https:\/\/folliamala.ch\/product\/stier-mala\/#primaryimage","url":"https:\/\/folliamala.ch\/wp-content\/uploads\/2022\/09\/Stier_o.jpg","contentUrl":"https:\/\/folliamala.ch\/wp-content\/uploads\/2022\/09\/Stier_o.jpg","width":1000,"height":1000,"caption":"Sternzeichen-Mala Kette Stier"},{"@type":"BreadcrumbList","@id":"https:\/\/folliamala.ch\/product\/stier-mala\/#breadcrumb","itemListElement":[{"@type":"ListItem","position":1,"name":"Startseite","item":"https:\/\/folliamala.ch\/"},{"@type":"ListItem","position":2,"name":"Shop","item":"https:\/\/folliamala.ch\/store\/"},{"@type":"ListItem","position":3,"name":"Stier-Mala"}]},{"@type":"WebSite","@id":"https:\/\/folliamala.ch\/#website","url":"https:\/\/folliamala.ch\/","name":"Folliamala","description":"Collane e bracciali Mala","publisher":{"@id":"https:\/\/folliamala.ch\/#organization"},"potentialAction":[{"@type":"SearchAction","target":{"@type":"EntryPoint","urlTemplate":"https:\/\/folliamala.ch\/?s={search_term_string}"},"query-input":{"@type":"PropertyValueSpecification","valueRequired":true,"valueName":"search_term_string"}}],"inLanguage":"it-IT"},{"@type":"Organization","@id":"https:\/\/folliamala.ch\/#organization","name":"Folliamala","url":"https:\/\/folliamala.ch\/","logo":{"@type":"ImageObject","inLanguage":"it-IT","@id":"https:\/\/folliamala.ch\/#\/schema\/logo\/image\/","url":"https:\/\/folliamala.ch\/wp-content\/uploads\/2021\/08\/folliamala_logo.png","contentUrl":"https:\/\/folliamala.ch\/wp-content\/uploads\/2021\/08\/folliamala_logo.png","width":529,"height":109,"caption":"Folliamala"},"image":{"@id":"https:\/\/folliamala.ch\/#\/schema\/logo\/image\/"},"sameAs":["https:\/\/www.facebook.com\/folliamala\/","https:\/\/www.instagram.com\/folliamala\/","https:\/\/www.pinterest.de\/folliamala\/"]}]}},"_links":{"self":[{"href":"https:\/\/folliamala.ch\/it\/wp-json\/wp\/v2\/product\/6777","targetHints":{"allow":["GET"]}}],"collection":[{"href":"https:\/\/folliamala.ch\/it\/wp-json\/wp\/v2\/product"}],"about":[{"href":"https:\/\/folliamala.ch\/it\/wp-json\/wp\/v2\/types\/product"}],"version-history":[{"count":9,"href":"https:\/\/folliamala.ch\/it\/wp-json\/wp\/v2\/product\/6777\/revisions"}],"predecessor-version":[{"id":9210,"href":"https:\/\/folliamala.ch\/it\/wp-json\/wp\/v2\/product\/6777\/revisions\/9210"}],"wp:featuredmedia":[{"embeddable":true,"href":"https:\/\/folliamala.ch\/it\/wp-json\/wp\/v2\/media\/6763"}],"wp:attachment":[{"href":"https:\/\/folliamala.ch\/it\/wp-json\/wp\/v2\/media?parent=6777"}],"wp:term":[{"taxonomy":"product_brand","embeddable":true,"href":"https:\/\/folliamala.ch\/it\/wp-json\/wp\/v2\/product_brand?post=6777"},{"taxonomy":"product_cat","embeddable":true,"href":"https:\/\/folliamala.ch\/it\/wp-json\/wp\/v2\/product_cat?post=6777"},{"taxonomy":"product_tag","embeddable":true,"href":"https:\/\/folliamala.ch\/it\/wp-json\/wp\/v2\/product_tag?post=6777"}],"curies":[{"name":"wp","href":"https:\/\/api.w.org\/{rel}","templated":true}]}}