{"id":6785,"date":"2022-09-03T23:25:50","date_gmt":"2022-09-03T21:25:50","guid":{"rendered":"https:\/\/folliamala.ch\/?post_type=product&#038;p=6785"},"modified":"2025-08-23T17:51:06","modified_gmt":"2025-08-23T15:51:06","slug":"loewe-mala","status":"publish","type":"product","link":"https:\/\/folliamala.ch\/it\/product\/loewe-mala\/","title":{"rendered":"Leo-Mala"},"content":{"rendered":"<h6><strong>Malakette f\u00fcr das Sternzeichen L\u00f6we<\/strong><\/h6>\n<p>Bist du zwischen dem 23. Juli und dem 23. August geboren \u2013 oder hast du den L\u00f6wen im Aszendent? Dann ist diese L\u00f6we-Mala wie f\u00fcr dich gemacht.<\/p>\n<p>Il segno zodiacale del Leone \u00e8 sinonimo di forza, ego e forte identit\u00e0. Vi piace agire su larga scala e mostrare una genuina generosit\u00e0. Che si tratti di tempo, talenti o risorse, li condividete con i vostri cari. Come Leone, siete una persona calorosa, creativa e affettuosa. Il vostro elemento \u00e8 il fuoco: avete qualit\u00e0 naturali di leader. Le persone apprezzano la vostra apertura mentale e cercano i vostri consigli. L'etica e l'onest\u00e0 sono importanti per voi. Colpisci per la tua lealt\u00e0, affidabilit\u00e0 e integrit\u00e0. Allo stesso tempo, siete creativi e pieni di gioia di vivere. Ovunque vi troviate, c'\u00e8 un palcoscenico: attirate magicamente l'attenzione. Con il Sole come pianeta dominante, irradiate fiducia in voi stessi e vitalit\u00e0. Siete la stella dello zodiaco!<\/p>\n<div><\/div>\n<h6><strong>Caratteristiche del leone<\/strong><\/h6>\n<ul>\n<li>Con amore<\/li>\n<li>Entusiasta<\/li>\n<li>Guida<\/li>\n<li>Romantico<\/li>\n<li>Drammatico<\/li>\n<li>Cuore caldo<\/li>\n<li>Creativo<\/li>\n<li>Fedele<\/li>\n<li>Testardo<\/li>\n<li>Generoso<\/li>\n<li>Apertura mentale<\/li>\n<\/ul>\n<div><\/div>\n<h6><strong>Pietre preziose per il segno zodiacale Leone<\/strong><\/h6>\n<p><strong>Tigerauge:<\/strong> Dieser Stein st\u00e4rkt deine geistige Kraft und f\u00f6rdert deine innere Ausrichtung. Er zeigt dir, dass wahres Wohlbefinden aus pers\u00f6nlicher Entwicklung entsteht \u2013 nicht aus \u00e4usseren Erfolgen. Zudem schenkt er dir geistige Flexibilit\u00e4t.<\/p>\n<p><strong>Cristallo di rocca:<\/strong> Il cristallo di rocca aiuta a superare i limiti autoimposti. Porta chiarezza e sostiene l'equilibrio energetico.<\/p>\n<div><\/div>\n<h6><strong>Non sei un leone?<\/strong><\/h6>\n<p>Kein Problem \u2013 diese Steine haben auch f\u00fcr dich Kraft:<\/p>\n<p><strong>Occhio di tigre<\/strong> Der Tigerauge verleiht Mut, Sicherheit und Schutz. Er sch\u00e4rft deine Sinne, steigert die Konzentration und hilft bei wichtigen Entscheidungen. Bei Stress und innerer Unruhe wirkt er ausgleichend.<\/p>\n<p><strong>Cristallo di rocca<\/strong> Der Bergkristall verst\u00e4rkt Energien wie kein anderer Edelstein. Als Stein des Lichts sch\u00fctzt er vor negativen Einfl\u00fcssen und f\u00f6rdert dein inneres Leuchten. Mit seiner Hilfe kannst du deine wahren Bed\u00fcrfnisse besser leben.<\/p>\n<p>&nbsp;<\/p>\n<h6><strong>Dettagli Mala<\/strong><\/h6>\n<ul>\n<li style=\"font-weight: 400;\" aria-level=\"1\"><span style=\"font-weight: 400;\">108 perline: 12 occhio di tigre, 24 cristallo di rocca, 72 perline di ebano<\/span><\/li>\n<li style=\"font-weight: 400;\" aria-level=\"1\"><span style=\"font-weight: 400;\">Dimensione della perla: 8 mm<\/span><\/li>\n<li style=\"font-weight: 400;\" aria-level=\"1\"><span style=\"font-weight: 400;\">Guru bead: cristallo di rocca - tra tutte le pietre \u00e8 quella che amplifica le energie in modo pi\u00f9 potente.\u00a0<\/span><\/li>\n<li style=\"font-weight: 400;\" aria-level=\"1\"><span style=\"font-weight: 400;\">Annodato con filo di seta professionale per garantire resistenza e longevit\u00e0<\/span><\/li>\n<li style=\"font-weight: 400;\" aria-level=\"1\"><span style=\"font-weight: 400;\">Dimensioni: 106 cm di circonferenza<\/span><\/li>\n<li>Ciondolo: nappina (ciondolo a forma di fiore della vita in argento o oro disponibile su richiesta)<\/li>\n<\/ul>","protected":false},"excerpt":{"rendered":"<p>Cristallo di rocca e occhio di tigre<\/p>","protected":false},"featured_media":6755,"template":"","meta":{"site-sidebar-layout":"default","site-content-layout":"default","ast-site-content-layout":"default","site-content-style":"default","site-sidebar-style":"default","ast-global-header-display":"","ast-banner-title-visibility":"","ast-main-header-display":"","ast-hfb-above-header-display":"","ast-hfb-below-header-display":"","ast-hfb-mobile-header-display":"","site-post-title":"","ast-breadcrumbs-content":"","ast-featured-img":"","footer-sml-layout":"","ast-disable-related-posts":"","theme-transparent-header-meta":"default","adv-header-id-meta":"","stick-header-meta":"","header-above-stick-meta":"","header-main-stick-meta":"","header-below-stick-meta":"","astra-migrate-meta-layouts":"set","ast-page-background-enabled":"default","ast-page-background-meta":{"desktop":{"background-color":"","background-image":"","background-repeat":"repeat","background-position":"center center","background-size":"auto","background-attachment":"scroll","background-type":"","background-media":"","overlay-type":"","overlay-color":"","overlay-opacity":"","overlay-gradient":""},"tablet":{"background-color":"","background-image":"","background-repeat":"repeat","background-position":"center center","background-size":"auto","background-attachment":"scroll","background-type":"","background-media":"","overlay-type":"","overlay-color":"","overlay-opacity":"","overlay-gradient":""},"mobile":{"background-color":"","background-image":"","background-repeat":"repeat","background-position":"center center","background-size":"auto","background-attachment":"scroll","background-type":"","background-media":"","overlay-type":"","overlay-color":"","overlay-opacity":"","overlay-gradient":""}},"ast-content-background-meta":{"desktop":{"background-color":"var(--ast-global-color-5)","background-image":"","background-repeat":"repeat","background-position":"center center","background-size":"auto","background-attachment":"scroll","background-type":"","background-media":"","overlay-type":"","overlay-color":"","overlay-opacity":"","overlay-gradient":""},"tablet":{"background-color":"var(--ast-global-color-5)","background-image":"","background-repeat":"repeat","background-position":"center center","background-size":"auto","background-attachment":"scroll","background-type":"","background-media":"","overlay-type":"","overlay-color":"","overlay-opacity":"","overlay-gradient":""},"mobile":{"background-color":"var(--ast-global-color-5)","background-image":"","background-repeat":"repeat","background-position":"center center","background-size":"auto","background-attachment":"scroll","background-type":"","background-media":"","overlay-type":"","overlay-color":"","overlay-opacity":"","overlay-gradient":""}},"_glsr_average":0,"_glsr_ranking":0,"_glsr_reviews":0},"product_brand":[224],"product_cat":[172,27],"product_tag":[107,184,177],"class_list":{"0":"post-6785","1":"product","2":"type-product","3":"status-publish","4":"has-post-thumbnail","6":"product_brand-folliamala","7":"product_cat-zodiaco","8":"product_cat-traditionelle-malaketten","9":"product_tag-bergkristall","10":"product_tag-holz","11":"product_tag-tigerauge","12":"desktop-align-center","13":"tablet-align-left","14":"mobile-align-left","16":"first","17":"instock","18":"sold-individually","19":"shipping-taxable","20":"purchasable","21":"product-type-simple","22":"wpzoom-wc-spi-has-enabled"},"yoast_head":"<!-- This site is optimized with the Yoast SEO plugin v27.4 - https:\/\/yoast.com\/product\/yoast-seo-wordpress\/ -->\n<title>L\u00f6we-Mala &#8211; Folliamala<\/title>\n<meta name=\"description\" content=\"L\u00f6we-Mala, Sternzeichen L\u00f6we. Bist du zwischen dem 21. Juli und dem 22. August geboren oder hast den L\u00f6wen im Aszendent? Diese Mala ist f\u00fcr dich.\u00a0\" \/>\n<meta name=\"robots\" content=\"index, follow, max-snippet:-1, max-image-preview:large, max-video-preview:-1\" \/>\n<link rel=\"canonical\" href=\"https:\/\/folliamala.ch\/it\/product\/loewe-mala\/\" \/>\n<meta property=\"og:locale\" content=\"it_IT\" \/>\n<meta property=\"og:type\" content=\"article\" \/>\n<meta property=\"og:title\" content=\"L\u00f6we-Mala &#8211; Folliamala\" \/>\n<meta property=\"og:description\" content=\"L\u00f6we-Mala, Sternzeichen L\u00f6we. Bist du zwischen dem 21. Juli und dem 22. August geboren oder hast den L\u00f6wen im Aszendent? Diese Mala ist f\u00fcr dich.\u00a0\" \/>\n<meta property=\"og:url\" content=\"https:\/\/folliamala.ch\/it\/product\/loewe-mala\/\" \/>\n<meta property=\"og:site_name\" content=\"Folliamala\" \/>\n<meta property=\"article:publisher\" content=\"https:\/\/www.facebook.com\/folliamala\/\" \/>\n<meta property=\"article:modified_time\" content=\"2025-08-23T15:51:06+00:00\" \/>\n<meta property=\"og:image\" content=\"https:\/\/folliamala.ch\/wp-content\/uploads\/2022\/09\/Loewe_o.jpg\" \/>\n\t<meta property=\"og:image:width\" content=\"1000\" \/>\n\t<meta property=\"og:image:height\" content=\"1000\" \/>\n\t<meta property=\"og:image:type\" content=\"image\/jpeg\" \/>\n<meta name=\"twitter:card\" content=\"summary_large_image\" \/>\n<meta name=\"twitter:label1\" content=\"Tempo di lettura stimato\" \/>\n\t<meta name=\"twitter:data1\" content=\"1 minuto\" \/>\n<script type=\"application\/ld+json\" class=\"yoast-schema-graph\">{\"@context\":\"https:\\\/\\\/schema.org\",\"@graph\":[{\"@type\":\"WebPage\",\"@id\":\"https:\\\/\\\/folliamala.ch\\\/product\\\/loewe-mala\\\/\",\"url\":\"https:\\\/\\\/folliamala.ch\\\/product\\\/loewe-mala\\\/\",\"name\":\"L\u00f6we-Mala &#8211; Folliamala\",\"isPartOf\":{\"@id\":\"https:\\\/\\\/folliamala.ch\\\/#website\"},\"primaryImageOfPage\":{\"@id\":\"https:\\\/\\\/folliamala.ch\\\/product\\\/loewe-mala\\\/#primaryimage\"},\"image\":{\"@id\":\"https:\\\/\\\/folliamala.ch\\\/product\\\/loewe-mala\\\/#primaryimage\"},\"thumbnailUrl\":\"https:\\\/\\\/folliamala.ch\\\/wp-content\\\/uploads\\\/2022\\\/09\\\/Loewe_o.jpg\",\"datePublished\":\"2022-09-03T21:25:50+00:00\",\"dateModified\":\"2025-08-23T15:51:06+00:00\",\"description\":\"L\u00f6we-Mala, Sternzeichen L\u00f6we. Bist du zwischen dem 21. Juli und dem 22. August geboren oder hast den L\u00f6wen im Aszendent? Diese Mala ist f\u00fcr dich.\u00a0\",\"breadcrumb\":{\"@id\":\"https:\\\/\\\/folliamala.ch\\\/product\\\/loewe-mala\\\/#breadcrumb\"},\"inLanguage\":\"it-IT\",\"potentialAction\":[{\"@type\":\"ReadAction\",\"target\":[\"https:\\\/\\\/folliamala.ch\\\/product\\\/loewe-mala\\\/\"]}]},{\"@type\":\"ImageObject\",\"inLanguage\":\"it-IT\",\"@id\":\"https:\\\/\\\/folliamala.ch\\\/product\\\/loewe-mala\\\/#primaryimage\",\"url\":\"https:\\\/\\\/folliamala.ch\\\/wp-content\\\/uploads\\\/2022\\\/09\\\/Loewe_o.jpg\",\"contentUrl\":\"https:\\\/\\\/folliamala.ch\\\/wp-content\\\/uploads\\\/2022\\\/09\\\/Loewe_o.jpg\",\"width\":1000,\"height\":1000,\"caption\":\"Sternzeichen-Mala Kette L\u00f6we\"},{\"@type\":\"BreadcrumbList\",\"@id\":\"https:\\\/\\\/folliamala.ch\\\/product\\\/loewe-mala\\\/#breadcrumb\",\"itemListElement\":[{\"@type\":\"ListItem\",\"position\":1,\"name\":\"Startseite\",\"item\":\"https:\\\/\\\/folliamala.ch\\\/\"},{\"@type\":\"ListItem\",\"position\":2,\"name\":\"Shop\",\"item\":\"https:\\\/\\\/folliamala.ch\\\/store\\\/\"},{\"@type\":\"ListItem\",\"position\":3,\"name\":\"L\u00f6we-Mala\"}]},{\"@type\":\"WebSite\",\"@id\":\"https:\\\/\\\/folliamala.ch\\\/#website\",\"url\":\"https:\\\/\\\/folliamala.ch\\\/\",\"name\":\"Folliamala\",\"description\":\"Mala Ketten &amp; Armb\u00e4nder\",\"publisher\":{\"@id\":\"https:\\\/\\\/folliamala.ch\\\/#organization\"},\"potentialAction\":[{\"@type\":\"SearchAction\",\"target\":{\"@type\":\"EntryPoint\",\"urlTemplate\":\"https:\\\/\\\/folliamala.ch\\\/?s={search_term_string}\"},\"query-input\":{\"@type\":\"PropertyValueSpecification\",\"valueRequired\":true,\"valueName\":\"search_term_string\"}}],\"inLanguage\":\"it-IT\"},{\"@type\":\"Organization\",\"@id\":\"https:\\\/\\\/folliamala.ch\\\/#organization\",\"name\":\"Folliamala\",\"url\":\"https:\\\/\\\/folliamala.ch\\\/\",\"logo\":{\"@type\":\"ImageObject\",\"inLanguage\":\"it-IT\",\"@id\":\"https:\\\/\\\/folliamala.ch\\\/#\\\/schema\\\/logo\\\/image\\\/\",\"url\":\"https:\\\/\\\/folliamala.ch\\\/wp-content\\\/uploads\\\/2021\\\/08\\\/folliamala_logo.png\",\"contentUrl\":\"https:\\\/\\\/folliamala.ch\\\/wp-content\\\/uploads\\\/2021\\\/08\\\/folliamala_logo.png\",\"width\":529,\"height\":109,\"caption\":\"Folliamala\"},\"image\":{\"@id\":\"https:\\\/\\\/folliamala.ch\\\/#\\\/schema\\\/logo\\\/image\\\/\"},\"sameAs\":[\"https:\\\/\\\/www.facebook.com\\\/folliamala\\\/\",\"https:\\\/\\\/www.instagram.com\\\/folliamala\\\/\",\"https:\\\/\\\/www.pinterest.de\\\/folliamala\\\/\"]}]}<\/script>\n<!-- \/ Yoast SEO plugin. -->","yoast_head_json":{"title":"Leo Mala - Folliamala","description":"Leo-Mala, segno zodiacale Leone. Siete nati tra il 21 luglio e il 22 agosto o avete il Leone all'ascendente? Questo mala \u00e8 per voi.\u00a0","robots":{"index":"index","follow":"follow","max-snippet":"max-snippet:-1","max-image-preview":"max-image-preview:large","max-video-preview":"max-video-preview:-1"},"canonical":"https:\/\/folliamala.ch\/it\/product\/loewe-mala\/","og_locale":"it_IT","og_type":"article","og_title":"L\u00f6we-Mala &#8211; Folliamala","og_description":"L\u00f6we-Mala, Sternzeichen L\u00f6we. Bist du zwischen dem 21. Juli und dem 22. August geboren oder hast den L\u00f6wen im Aszendent? Diese Mala ist f\u00fcr dich.\u00a0","og_url":"https:\/\/folliamala.ch\/it\/product\/loewe-mala\/","og_site_name":"Folliamala","article_publisher":"https:\/\/www.facebook.com\/folliamala\/","article_modified_time":"2025-08-23T15:51:06+00:00","og_image":[{"width":1000,"height":1000,"url":"https:\/\/folliamala.ch\/wp-content\/uploads\/2022\/09\/Loewe_o.jpg","type":"image\/jpeg"}],"twitter_card":"summary_large_image","twitter_misc":{"Tempo di lettura stimato":"1 minuto"},"schema":{"@context":"https:\/\/schema.org","@graph":[{"@type":"WebPage","@id":"https:\/\/folliamala.ch\/product\/loewe-mala\/","url":"https:\/\/folliamala.ch\/product\/loewe-mala\/","name":"Leo Mala - Folliamala","isPartOf":{"@id":"https:\/\/folliamala.ch\/#website"},"primaryImageOfPage":{"@id":"https:\/\/folliamala.ch\/product\/loewe-mala\/#primaryimage"},"image":{"@id":"https:\/\/folliamala.ch\/product\/loewe-mala\/#primaryimage"},"thumbnailUrl":"https:\/\/folliamala.ch\/wp-content\/uploads\/2022\/09\/Loewe_o.jpg","datePublished":"2022-09-03T21:25:50+00:00","dateModified":"2025-08-23T15:51:06+00:00","description":"Leo-Mala, segno zodiacale Leone. Siete nati tra il 21 luglio e il 22 agosto o avete il Leone all'ascendente? Questo mala \u00e8 per voi.\u00a0","breadcrumb":{"@id":"https:\/\/folliamala.ch\/product\/loewe-mala\/#breadcrumb"},"inLanguage":"it-IT","potentialAction":[{"@type":"ReadAction","target":["https:\/\/folliamala.ch\/product\/loewe-mala\/"]}]},{"@type":"ImageObject","inLanguage":"it-IT","@id":"https:\/\/folliamala.ch\/product\/loewe-mala\/#primaryimage","url":"https:\/\/folliamala.ch\/wp-content\/uploads\/2022\/09\/Loewe_o.jpg","contentUrl":"https:\/\/folliamala.ch\/wp-content\/uploads\/2022\/09\/Loewe_o.jpg","width":1000,"height":1000,"caption":"Sternzeichen-Mala Kette L\u00f6we"},{"@type":"BreadcrumbList","@id":"https:\/\/folliamala.ch\/product\/loewe-mala\/#breadcrumb","itemListElement":[{"@type":"ListItem","position":1,"name":"Startseite","item":"https:\/\/folliamala.ch\/"},{"@type":"ListItem","position":2,"name":"Shop","item":"https:\/\/folliamala.ch\/store\/"},{"@type":"ListItem","position":3,"name":"L\u00f6we-Mala"}]},{"@type":"WebSite","@id":"https:\/\/folliamala.ch\/#website","url":"https:\/\/folliamala.ch\/","name":"Folliamala","description":"Collane e bracciali Mala","publisher":{"@id":"https:\/\/folliamala.ch\/#organization"},"potentialAction":[{"@type":"SearchAction","target":{"@type":"EntryPoint","urlTemplate":"https:\/\/folliamala.ch\/?s={search_term_string}"},"query-input":{"@type":"PropertyValueSpecification","valueRequired":true,"valueName":"search_term_string"}}],"inLanguage":"it-IT"},{"@type":"Organization","@id":"https:\/\/folliamala.ch\/#organization","name":"Folliamala","url":"https:\/\/folliamala.ch\/","logo":{"@type":"ImageObject","inLanguage":"it-IT","@id":"https:\/\/folliamala.ch\/#\/schema\/logo\/image\/","url":"https:\/\/folliamala.ch\/wp-content\/uploads\/2021\/08\/folliamala_logo.png","contentUrl":"https:\/\/folliamala.ch\/wp-content\/uploads\/2021\/08\/folliamala_logo.png","width":529,"height":109,"caption":"Folliamala"},"image":{"@id":"https:\/\/folliamala.ch\/#\/schema\/logo\/image\/"},"sameAs":["https:\/\/www.facebook.com\/folliamala\/","https:\/\/www.instagram.com\/folliamala\/","https:\/\/www.pinterest.de\/folliamala\/"]}]}},"_links":{"self":[{"href":"https:\/\/folliamala.ch\/it\/wp-json\/wp\/v2\/product\/6785","targetHints":{"allow":["GET"]}}],"collection":[{"href":"https:\/\/folliamala.ch\/it\/wp-json\/wp\/v2\/product"}],"about":[{"href":"https:\/\/folliamala.ch\/it\/wp-json\/wp\/v2\/types\/product"}],"version-history":[{"count":13,"href":"https:\/\/folliamala.ch\/it\/wp-json\/wp\/v2\/product\/6785\/revisions"}],"predecessor-version":[{"id":12577,"href":"https:\/\/folliamala.ch\/it\/wp-json\/wp\/v2\/product\/6785\/revisions\/12577"}],"wp:featuredmedia":[{"embeddable":true,"href":"https:\/\/folliamala.ch\/it\/wp-json\/wp\/v2\/media\/6755"}],"wp:attachment":[{"href":"https:\/\/folliamala.ch\/it\/wp-json\/wp\/v2\/media?parent=6785"}],"wp:term":[{"taxonomy":"product_brand","embeddable":true,"href":"https:\/\/folliamala.ch\/it\/wp-json\/wp\/v2\/product_brand?post=6785"},{"taxonomy":"product_cat","embeddable":true,"href":"https:\/\/folliamala.ch\/it\/wp-json\/wp\/v2\/product_cat?post=6785"},{"taxonomy":"product_tag","embeddable":true,"href":"https:\/\/folliamala.ch\/it\/wp-json\/wp\/v2\/product_tag?post=6785"}],"curies":[{"name":"wp","href":"https:\/\/api.w.org\/{rel}","templated":true}]}}