{"id":6790,"date":"2022-09-03T23:20:36","date_gmt":"2022-09-03T21:20:36","guid":{"rendered":"https:\/\/folliamala.ch\/?post_type=product&#038;p=6790"},"modified":"2025-08-23T17:50:40","modified_gmt":"2025-08-23T15:50:40","slug":"jungfrau-mala","status":"publish","type":"product","link":"https:\/\/folliamala.ch\/it\/product\/jungfrau-mala\/","title":{"rendered":"Vergine-Mala"},"content":{"rendered":"<p class=\"translation-block\"><strong><b>Collana da dipingere per il segno zodiacale <\/b>Virgo<\/strong>.<\/p>\n<p><span style=\"font-weight: 400;\">Siete nati tra il 24 agosto e il 23 settembre o avete l'ascendente Vergine? Questo mala della Vergine \u00e8 fatto per voi.<\/span><\/p>\n<p><span style=\"font-weight: 400;\">Siete pratici, organizzati ed efficienti. Eccellete nell'attenzione ai dettagli, il che \u00e8 un grande vantaggio per tutto ci\u00f2 che deve essere pianificato ed eseguito con precisione. D'altra parte, siete anche pignoli e esigenti, il che vi d\u00e0 la reputazione di essere meticolosi e critici, talvolta chiamati \"perfezionisti\". \u00c8 semplicemente che tra tutti i segni avete gli standard pi\u00f9 elevati e non vedete il motivo di fare qualcosa a met\u00e0. <\/span><span style=\"font-weight: 400;\">Il vostro elemento \u00e8 la terra, che \u00e8 pratica, concreta, sensibile e affidabile. Tendete anche a essere riservati e modesti.\u00a0<\/span><\/p>\n<h6><b>Propriet\u00e0 della Vergine<\/b><\/h6>\n<p><span style=\"font-weight: 400;\">Meticoloso, modesto, laborioso, affidabile, pratico, sensibile, timido, analitico, efficiente.<\/span><\/p>\n<h6><b>Pietre preziose per il segno zodiacale Vergine<\/b><\/h6>\n<p class=\"translation-block\"><span style=\"font-weight: 400\">La <strong>serpentina<\/strong> \u00e8 una pietra che aiuta a migliorare l'intuizione. Se volete mettere in atto azioni ben ponderate, il serpentino vi incoraggia a farlo promuovendo i processi di lasciar andare e ricominciare. Stimola in voi il necessario ottimismo. Inoltre, rafforza il vostro equilibrio e vi permette di vedere e migliorare i vostri errori. Il serpentino rafforza la vostra indipendenza, in modo che non siate guidati troppo da influenze esterne. \u00c8 una pietra fortemente protettiva che stimola la pace interiore e mostra come armonizzare i propri obiettivi con le proprie possibilit\u00e0.<\/p>\n<p><span style=\"font-weight: 400;\">Il <strong>giada gialla<\/strong> vi supporta nel fare progetti in modo da poterli mettere in pratica e, se necessario, vi fa uscire dalla passivit\u00e0. Allo stesso tempo, la giada gialla ha un effetto equilibrante su di voi, non permettendovi di ruminare eccessivamente. Rafforza l'agilit\u00e0 mentale e libera dalla paura e dall'ansia.<\/span><\/p>\n<h6><b>Non sei vergine?<\/b><\/h6>\n<p class=\"translation-block\"><span style=\"font-weight: 400\"><strong>La serpentina<\/strong> dona una profonda pace interiore, poich\u00e9 allontana le influenze esterne e offre protezione. In questo modo, pu\u00f2 aiutare a gestire gli sbalzi d'umore, a bilanciare lo stress e la tensione e a ridurre l'aggressivit\u00e0. Il Serpentino aiuta a raggiungere gli obiettivi e ad armonizzare i propri desideri con le possibilit\u00e0 fisiche.<\/p>\n<p class=\"translation-block\"><span style=\"font-weight: 400\"><strong>La giada gialla<\/strong> \u00e8 efficace contro i disturbi del sonno ed \u00e8 calmante. Allevia l'ansia e d\u00e0 stabilit\u00e0 e coraggio. Questa pietra ha un effetto molto calmante e trasmette pace interiore e felicit\u00e0. <\/span>.<\/p>\n<h6><b>Dettagli Mala<\/b><\/h6>\n<ul>\n<li><span style=\"font-weight: 400;\">108 perline: 12 di serpentino, 24 di giada gialla, 72 di ebano<\/span><\/li>\n<li><span style=\"font-weight: 400;\">Dimensione della perla: 8 mm<\/span><\/li>\n<li><span style=\"font-weight: 400;\">Guru bead: Cristallo di rocca - tra tutte le gemme \u00e8 quella che amplifica le energie in modo pi\u00f9 potente.\u00a0<\/span><\/li>\n<li><span style=\"font-weight: 400;\">Annodato con filo di seta professionale per garantire resistenza e longevit\u00e0<\/span><\/li>\n<li><span style=\"font-size: 16px; font-weight: 400; font-family: -apple-system, BlinkMacSystemFont, 'Segoe UI', Roboto, Oxygen-Sans, Ubuntu, Cantarell, 'Helvetica Neue', sans-serif;\">Dimensioni: 106 cm di circonferenza<\/span><\/li>\n<li>Ciondolo: nappina (ciondolo a forma di fiore della vita in argento o oro disponibile su richiesta)<\/li>\n<\/ul>","protected":false},"excerpt":{"rendered":"<p>Giada gialla e serpentino<\/p>","protected":false},"featured_media":6751,"template":"","meta":{"site-sidebar-layout":"default","site-content-layout":"default","ast-site-content-layout":"default","site-content-style":"default","site-sidebar-style":"default","ast-global-header-display":"","ast-banner-title-visibility":"","ast-main-header-display":"","ast-hfb-above-header-display":"","ast-hfb-below-header-display":"","ast-hfb-mobile-header-display":"","site-post-title":"","ast-breadcrumbs-content":"","ast-featured-img":"","footer-sml-layout":"","ast-disable-related-posts":"","theme-transparent-header-meta":"default","adv-header-id-meta":"","stick-header-meta":"","header-above-stick-meta":"","header-main-stick-meta":"","header-below-stick-meta":"","astra-migrate-meta-layouts":"default","ast-page-background-enabled":"default","ast-page-background-meta":{"desktop":{"background-color":"","background-image":"","background-repeat":"repeat","background-position":"center center","background-size":"auto","background-attachment":"scroll","background-type":"","background-media":"","overlay-type":"","overlay-color":"","overlay-opacity":"","overlay-gradient":""},"tablet":{"background-color":"","background-image":"","background-repeat":"repeat","background-position":"center center","background-size":"auto","background-attachment":"scroll","background-type":"","background-media":"","overlay-type":"","overlay-color":"","overlay-opacity":"","overlay-gradient":""},"mobile":{"background-color":"","background-image":"","background-repeat":"repeat","background-position":"center center","background-size":"auto","background-attachment":"scroll","background-type":"","background-media":"","overlay-type":"","overlay-color":"","overlay-opacity":"","overlay-gradient":""}},"ast-content-background-meta":{"desktop":{"background-color":"var(--ast-global-color-5)","background-image":"","background-repeat":"repeat","background-position":"center center","background-size":"auto","background-attachment":"scroll","background-type":"","background-media":"","overlay-type":"","overlay-color":"","overlay-opacity":"","overlay-gradient":""},"tablet":{"background-color":"var(--ast-global-color-5)","background-image":"","background-repeat":"repeat","background-position":"center center","background-size":"auto","background-attachment":"scroll","background-type":"","background-media":"","overlay-type":"","overlay-color":"","overlay-opacity":"","overlay-gradient":""},"mobile":{"background-color":"var(--ast-global-color-5)","background-image":"","background-repeat":"repeat","background-position":"center center","background-size":"auto","background-attachment":"scroll","background-type":"","background-media":"","overlay-type":"","overlay-color":"","overlay-opacity":"","overlay-gradient":""}},"_glsr_average":0,"_glsr_ranking":0,"_glsr_reviews":0},"product_brand":[224],"product_cat":[172,27],"product_tag":[184,102,168],"class_list":{"0":"post-6790","1":"product","2":"type-product","3":"status-publish","4":"has-post-thumbnail","6":"product_brand-folliamala","7":"product_cat-zodiaco","8":"product_cat-traditionelle-malaketten","9":"product_tag-holz","10":"product_tag-jade","11":"product_tag-serpentin","12":"desktop-align-center","13":"tablet-align-left","14":"mobile-align-left","16":"first","17":"instock","18":"sold-individually","19":"shipping-taxable","20":"purchasable","21":"product-type-simple","22":"wpzoom-wc-spi-has-enabled"},"yoast_head":"<!-- This site is optimized with the Yoast SEO plugin v27.4 - https:\/\/yoast.com\/product\/yoast-seo-wordpress\/ -->\n<title>Jungfrau-Mala &#8211; Folliamala<\/title>\n<meta name=\"description\" content=\"Jungfrau-Mala, Sternzeichen Jungfrau. Bist du zwischen dem 22. August und dem 22. September geboren? Diese Mala ist f\u00fcr dich.\u00a0\" \/>\n<meta name=\"robots\" content=\"index, follow, max-snippet:-1, max-image-preview:large, max-video-preview:-1\" \/>\n<link rel=\"canonical\" href=\"https:\/\/folliamala.ch\/it\/product\/jungfrau-mala\/\" \/>\n<meta property=\"og:locale\" content=\"it_IT\" \/>\n<meta property=\"og:type\" content=\"article\" \/>\n<meta property=\"og:title\" content=\"Jungfrau-Mala &#8211; Folliamala\" \/>\n<meta property=\"og:description\" content=\"Jungfrau-Mala, Sternzeichen Jungfrau. Bist du zwischen dem 22. August und dem 22. September geboren? Diese Mala ist f\u00fcr dich.\u00a0\" \/>\n<meta property=\"og:url\" content=\"https:\/\/folliamala.ch\/it\/product\/jungfrau-mala\/\" \/>\n<meta property=\"og:site_name\" content=\"Folliamala\" \/>\n<meta property=\"article:publisher\" content=\"https:\/\/www.facebook.com\/folliamala\/\" \/>\n<meta property=\"article:modified_time\" content=\"2025-08-23T15:50:40+00:00\" \/>\n<meta property=\"og:image\" content=\"https:\/\/folliamala.ch\/wp-content\/uploads\/2022\/09\/Jungfrau_o.jpg\" \/>\n\t<meta property=\"og:image:width\" content=\"1000\" \/>\n\t<meta property=\"og:image:height\" content=\"1000\" \/>\n\t<meta property=\"og:image:type\" content=\"image\/jpeg\" \/>\n<meta name=\"twitter:card\" content=\"summary_large_image\" \/>\n<meta name=\"twitter:label1\" content=\"Tempo di lettura stimato\" \/>\n\t<meta name=\"twitter:data1\" content=\"1 minuto\" \/>\n<script type=\"application\/ld+json\" class=\"yoast-schema-graph\">{\"@context\":\"https:\\\/\\\/schema.org\",\"@graph\":[{\"@type\":\"WebPage\",\"@id\":\"https:\\\/\\\/folliamala.ch\\\/product\\\/jungfrau-mala\\\/\",\"url\":\"https:\\\/\\\/folliamala.ch\\\/product\\\/jungfrau-mala\\\/\",\"name\":\"Jungfrau-Mala &#8211; Folliamala\",\"isPartOf\":{\"@id\":\"https:\\\/\\\/folliamala.ch\\\/#website\"},\"primaryImageOfPage\":{\"@id\":\"https:\\\/\\\/folliamala.ch\\\/product\\\/jungfrau-mala\\\/#primaryimage\"},\"image\":{\"@id\":\"https:\\\/\\\/folliamala.ch\\\/product\\\/jungfrau-mala\\\/#primaryimage\"},\"thumbnailUrl\":\"https:\\\/\\\/folliamala.ch\\\/wp-content\\\/uploads\\\/2022\\\/09\\\/Jungfrau_o.jpg\",\"datePublished\":\"2022-09-03T21:20:36+00:00\",\"dateModified\":\"2025-08-23T15:50:40+00:00\",\"description\":\"Jungfrau-Mala, Sternzeichen Jungfrau. Bist du zwischen dem 22. August und dem 22. September geboren? Diese Mala ist f\u00fcr dich.\u00a0\",\"breadcrumb\":{\"@id\":\"https:\\\/\\\/folliamala.ch\\\/product\\\/jungfrau-mala\\\/#breadcrumb\"},\"inLanguage\":\"it-IT\",\"potentialAction\":[{\"@type\":\"ReadAction\",\"target\":[\"https:\\\/\\\/folliamala.ch\\\/product\\\/jungfrau-mala\\\/\"]}]},{\"@type\":\"ImageObject\",\"inLanguage\":\"it-IT\",\"@id\":\"https:\\\/\\\/folliamala.ch\\\/product\\\/jungfrau-mala\\\/#primaryimage\",\"url\":\"https:\\\/\\\/folliamala.ch\\\/wp-content\\\/uploads\\\/2022\\\/09\\\/Jungfrau_o.jpg\",\"contentUrl\":\"https:\\\/\\\/folliamala.ch\\\/wp-content\\\/uploads\\\/2022\\\/09\\\/Jungfrau_o.jpg\",\"width\":1000,\"height\":1000,\"caption\":\"Sternzeichen-Mala Kette Jungfrau\"},{\"@type\":\"BreadcrumbList\",\"@id\":\"https:\\\/\\\/folliamala.ch\\\/product\\\/jungfrau-mala\\\/#breadcrumb\",\"itemListElement\":[{\"@type\":\"ListItem\",\"position\":1,\"name\":\"Startseite\",\"item\":\"https:\\\/\\\/folliamala.ch\\\/\"},{\"@type\":\"ListItem\",\"position\":2,\"name\":\"Shop\",\"item\":\"https:\\\/\\\/folliamala.ch\\\/store\\\/\"},{\"@type\":\"ListItem\",\"position\":3,\"name\":\"Jungfrau-Mala\"}]},{\"@type\":\"WebSite\",\"@id\":\"https:\\\/\\\/folliamala.ch\\\/#website\",\"url\":\"https:\\\/\\\/folliamala.ch\\\/\",\"name\":\"Folliamala\",\"description\":\"Mala Ketten &amp; Armb\u00e4nder\",\"publisher\":{\"@id\":\"https:\\\/\\\/folliamala.ch\\\/#organization\"},\"potentialAction\":[{\"@type\":\"SearchAction\",\"target\":{\"@type\":\"EntryPoint\",\"urlTemplate\":\"https:\\\/\\\/folliamala.ch\\\/?s={search_term_string}\"},\"query-input\":{\"@type\":\"PropertyValueSpecification\",\"valueRequired\":true,\"valueName\":\"search_term_string\"}}],\"inLanguage\":\"it-IT\"},{\"@type\":\"Organization\",\"@id\":\"https:\\\/\\\/folliamala.ch\\\/#organization\",\"name\":\"Folliamala\",\"url\":\"https:\\\/\\\/folliamala.ch\\\/\",\"logo\":{\"@type\":\"ImageObject\",\"inLanguage\":\"it-IT\",\"@id\":\"https:\\\/\\\/folliamala.ch\\\/#\\\/schema\\\/logo\\\/image\\\/\",\"url\":\"https:\\\/\\\/folliamala.ch\\\/wp-content\\\/uploads\\\/2021\\\/08\\\/folliamala_logo.png\",\"contentUrl\":\"https:\\\/\\\/folliamala.ch\\\/wp-content\\\/uploads\\\/2021\\\/08\\\/folliamala_logo.png\",\"width\":529,\"height\":109,\"caption\":\"Folliamala\"},\"image\":{\"@id\":\"https:\\\/\\\/folliamala.ch\\\/#\\\/schema\\\/logo\\\/image\\\/\"},\"sameAs\":[\"https:\\\/\\\/www.facebook.com\\\/folliamala\\\/\",\"https:\\\/\\\/www.instagram.com\\\/folliamala\\\/\",\"https:\\\/\\\/www.pinterest.de\\\/folliamala\\\/\"]}]}<\/script>\n<!-- \/ Yoast SEO plugin. -->","yoast_head_json":{"title":"Virgo Mala - Folliamala","description":"Virgo Mala, segno zodiacale Vergine. Siete nati tra il 22 agosto e il 22 settembre? Questo mala \u00e8 per voi.\u00a0","robots":{"index":"index","follow":"follow","max-snippet":"max-snippet:-1","max-image-preview":"max-image-preview:large","max-video-preview":"max-video-preview:-1"},"canonical":"https:\/\/folliamala.ch\/it\/product\/jungfrau-mala\/","og_locale":"it_IT","og_type":"article","og_title":"Jungfrau-Mala &#8211; Folliamala","og_description":"Jungfrau-Mala, Sternzeichen Jungfrau. Bist du zwischen dem 22. August und dem 22. September geboren? Diese Mala ist f\u00fcr dich.\u00a0","og_url":"https:\/\/folliamala.ch\/it\/product\/jungfrau-mala\/","og_site_name":"Folliamala","article_publisher":"https:\/\/www.facebook.com\/folliamala\/","article_modified_time":"2025-08-23T15:50:40+00:00","og_image":[{"width":1000,"height":1000,"url":"https:\/\/folliamala.ch\/wp-content\/uploads\/2022\/09\/Jungfrau_o.jpg","type":"image\/jpeg"}],"twitter_card":"summary_large_image","twitter_misc":{"Tempo di lettura stimato":"1 minuto"},"schema":{"@context":"https:\/\/schema.org","@graph":[{"@type":"WebPage","@id":"https:\/\/folliamala.ch\/product\/jungfrau-mala\/","url":"https:\/\/folliamala.ch\/product\/jungfrau-mala\/","name":"Virgo Mala - Folliamala","isPartOf":{"@id":"https:\/\/folliamala.ch\/#website"},"primaryImageOfPage":{"@id":"https:\/\/folliamala.ch\/product\/jungfrau-mala\/#primaryimage"},"image":{"@id":"https:\/\/folliamala.ch\/product\/jungfrau-mala\/#primaryimage"},"thumbnailUrl":"https:\/\/folliamala.ch\/wp-content\/uploads\/2022\/09\/Jungfrau_o.jpg","datePublished":"2022-09-03T21:20:36+00:00","dateModified":"2025-08-23T15:50:40+00:00","description":"Virgo Mala, segno zodiacale Vergine. Siete nati tra il 22 agosto e il 22 settembre? Questo mala \u00e8 per voi.\u00a0","breadcrumb":{"@id":"https:\/\/folliamala.ch\/product\/jungfrau-mala\/#breadcrumb"},"inLanguage":"it-IT","potentialAction":[{"@type":"ReadAction","target":["https:\/\/folliamala.ch\/product\/jungfrau-mala\/"]}]},{"@type":"ImageObject","inLanguage":"it-IT","@id":"https:\/\/folliamala.ch\/product\/jungfrau-mala\/#primaryimage","url":"https:\/\/folliamala.ch\/wp-content\/uploads\/2022\/09\/Jungfrau_o.jpg","contentUrl":"https:\/\/folliamala.ch\/wp-content\/uploads\/2022\/09\/Jungfrau_o.jpg","width":1000,"height":1000,"caption":"Sternzeichen-Mala Kette Jungfrau"},{"@type":"BreadcrumbList","@id":"https:\/\/folliamala.ch\/product\/jungfrau-mala\/#breadcrumb","itemListElement":[{"@type":"ListItem","position":1,"name":"Startseite","item":"https:\/\/folliamala.ch\/"},{"@type":"ListItem","position":2,"name":"Shop","item":"https:\/\/folliamala.ch\/store\/"},{"@type":"ListItem","position":3,"name":"Jungfrau-Mala"}]},{"@type":"WebSite","@id":"https:\/\/folliamala.ch\/#website","url":"https:\/\/folliamala.ch\/","name":"Folliamala","description":"Collane e bracciali Mala","publisher":{"@id":"https:\/\/folliamala.ch\/#organization"},"potentialAction":[{"@type":"SearchAction","target":{"@type":"EntryPoint","urlTemplate":"https:\/\/folliamala.ch\/?s={search_term_string}"},"query-input":{"@type":"PropertyValueSpecification","valueRequired":true,"valueName":"search_term_string"}}],"inLanguage":"it-IT"},{"@type":"Organization","@id":"https:\/\/folliamala.ch\/#organization","name":"Folliamala","url":"https:\/\/folliamala.ch\/","logo":{"@type":"ImageObject","inLanguage":"it-IT","@id":"https:\/\/folliamala.ch\/#\/schema\/logo\/image\/","url":"https:\/\/folliamala.ch\/wp-content\/uploads\/2021\/08\/folliamala_logo.png","contentUrl":"https:\/\/folliamala.ch\/wp-content\/uploads\/2021\/08\/folliamala_logo.png","width":529,"height":109,"caption":"Folliamala"},"image":{"@id":"https:\/\/folliamala.ch\/#\/schema\/logo\/image\/"},"sameAs":["https:\/\/www.facebook.com\/folliamala\/","https:\/\/www.instagram.com\/folliamala\/","https:\/\/www.pinterest.de\/folliamala\/"]}]}},"_links":{"self":[{"href":"https:\/\/folliamala.ch\/it\/wp-json\/wp\/v2\/product\/6790","targetHints":{"allow":["GET"]}}],"collection":[{"href":"https:\/\/folliamala.ch\/it\/wp-json\/wp\/v2\/product"}],"about":[{"href":"https:\/\/folliamala.ch\/it\/wp-json\/wp\/v2\/types\/product"}],"version-history":[{"count":8,"href":"https:\/\/folliamala.ch\/it\/wp-json\/wp\/v2\/product\/6790\/revisions"}],"predecessor-version":[{"id":9214,"href":"https:\/\/folliamala.ch\/it\/wp-json\/wp\/v2\/product\/6790\/revisions\/9214"}],"wp:featuredmedia":[{"embeddable":true,"href":"https:\/\/folliamala.ch\/it\/wp-json\/wp\/v2\/media\/6751"}],"wp:attachment":[{"href":"https:\/\/folliamala.ch\/it\/wp-json\/wp\/v2\/media?parent=6790"}],"wp:term":[{"taxonomy":"product_brand","embeddable":true,"href":"https:\/\/folliamala.ch\/it\/wp-json\/wp\/v2\/product_brand?post=6790"},{"taxonomy":"product_cat","embeddable":true,"href":"https:\/\/folliamala.ch\/it\/wp-json\/wp\/v2\/product_cat?post=6790"},{"taxonomy":"product_tag","embeddable":true,"href":"https:\/\/folliamala.ch\/it\/wp-json\/wp\/v2\/product_tag?post=6790"}],"curies":[{"name":"wp","href":"https:\/\/api.w.org\/{rel}","templated":true}]}}