{"id":6792,"date":"2022-09-03T23:15:46","date_gmt":"2022-09-03T21:15:46","guid":{"rendered":"https:\/\/folliamala.ch\/?post_type=product&#038;p=6792"},"modified":"2025-08-23T17:50:40","modified_gmt":"2025-08-23T15:50:40","slug":"waage-mala","status":"publish","type":"product","link":"https:\/\/folliamala.ch\/it\/product\/waage-mala\/","title":{"rendered":"Bilancia-Mala"},"content":{"rendered":"<p class=\"translation-block\"><strong><b>Catena di pittura per il segno zodiacale <\/b>Libra<\/strong>.<\/p>\n<p><span style=\"font-weight: 400;\">Siete nati tra il 24 settembre e il 23 ottobre o avete l'ascendente Bilancia? Questo Bilancia-Mala \u00e8 fatto per voi.<\/span><\/p>\n<p><span style=\"font-weight: 400;\">Il vostro \u00e8 il segno dell'equilibrio e della giustizia o dell'equit\u00e0. Vi sforzate di creare un mondo equilibrato. Le persone che condividono il vostro segno sono promotrici di pace e armonia. Avete l'invidiabile qualit\u00e0 di mantenere l'ottimismo anche nei momenti pi\u00f9 difficili. <\/span><span style=\"font-weight: 400;\">La vostra vita \u00e8 intrecciata con altre persone, con amici, familiari, colleghi e soprattutto con il vostro partner amoroso. Il compito della vostra vita \u00e8 duplice: equilibrio e relazioni. Equilibrio significa compromesso, meditazione, uguaglianza, diplomazia e negoziazione. Le relazioni comprendono le stesse qualit\u00e0, perch\u00e9 ogni interazione tra due persone richiede un dare e un avere, e voi eccellete in entrambe le cose. Le sue capacit\u00e0 relazionali sono tra le migliori. Siete estroversi, gentili e avete un carattere signorile. Tutto ci\u00f2 che dite e fate ha un'aria di grazia ed eleganza.<\/span><\/p>\n<h6><b>Propriet\u00e0 della scala<\/b><\/h6>\n<p><span style=\"font-weight: 400;\">Tattile, cooperativo, romantico, gentile, simpatico, idealista, corretto, indeciso, affascinante, sociale.<\/span><\/p>\n<h6><b>Pietre preziose per il segno zodiacale della Bilancia<\/b><\/h6>\n<p><span style=\"font-weight: 400;\">Il <strong>Quarzo fum\u00e9<\/strong> \u00e8 una pietra principale importante per il vostro segno zodiacale, perch\u00e9 \u00e8 considerata la vostra pietra protettiva. Migliora l'intraprendenza e aiuta a superare i problemi. Pu\u00f2 irradiare nuove idee che sostengono l'equilibrio e un'immagine positiva di s\u00e9.\u00a0<\/span><\/p>\n<p class=\"translation-block\"><span style=\"font-weight: 400\"><strong>L'agata indiana<\/strong> aumenta la concentrazione e aiuta a focalizzare l'attenzione sulle cose importanti. <\/span>.<\/p>\n<h6><b>Non sei una Bilancia?<\/b><\/h6>\n<p class=\"translation-block\"><span style=\"font-weight: 400\"><strong>Il quarzo fum\u00e9<\/strong> \u00e8 sinonimo di affrontare la vita e d\u00e0 forza e motivazione per affrontare nuove sfide. <\/span><span style=\"font-weight: 400\">Aumenta la propria resilienza e aiuta a superare gli ostacoli interiori<\/span>.<\/p>\n<p class=\"translation-block\"><span style=\"font-weight: 400\"><strong>L'agata indiana<\/strong> \u00e8 considerata una pietra per persone vicine alla natura. Si dice che aiuti a sciogliere le dipendenze mentali, a ordinare i processi di pensiero e a stabilire le priorit\u00e0. Inoltre, dovrebbe aiutare a rimanere ricettivi nei confronti delle novit\u00e0.<\/span><\/p>\n<h6><b>Dettagli Mala<\/b><\/h6>\n<ul>\n<li style=\"font-weight: 400;\" aria-level=\"1\"><span style=\"font-weight: 400;\">108 perline: 24 quarzo fum\u00e9, 12 agata dell'India, 72 perline di legno badam<\/span><\/li>\n<li style=\"font-weight: 400;\" aria-level=\"1\"><span style=\"font-weight: 400;\">Dimensione della perla: 8 mm<\/span><\/li>\n<li style=\"font-weight: 400;\" aria-level=\"1\"><span style=\"font-weight: 400;\">Guru bead: cristallo di rocca - tra tutte le pietre \u00e8 quella che amplifica le energie in modo pi\u00f9 potente.\u00a0<\/span><\/li>\n<li style=\"font-weight: 400;\" aria-level=\"1\"><span style=\"font-weight: 400;\">Annodato con filo di seta professionale per garantire resistenza e longevit\u00e0<\/span><\/li>\n<li style=\"font-weight: 400;\" aria-level=\"1\"><span style=\"font-weight: 400;\">Dimensioni: 100 cm di circonferenza\u00a0<\/span><\/li>\n<li>Ciondolo: nappina (ciondolo a forma di fiore della vita in argento o oro disponibile su richiesta)<\/li>\n<\/ul>","protected":false},"excerpt":{"rendered":"<p>Agata dell'India e quarzo fum\u00e9<\/p>","protected":false},"featured_media":6765,"template":"","meta":{"site-sidebar-layout":"default","site-content-layout":"default","ast-site-content-layout":"default","site-content-style":"default","site-sidebar-style":"default","ast-global-header-display":"","ast-banner-title-visibility":"","ast-main-header-display":"","ast-hfb-above-header-display":"","ast-hfb-below-header-display":"","ast-hfb-mobile-header-display":"","site-post-title":"","ast-breadcrumbs-content":"","ast-featured-img":"","footer-sml-layout":"","ast-disable-related-posts":"","theme-transparent-header-meta":"default","adv-header-id-meta":"","stick-header-meta":"","header-above-stick-meta":"","header-main-stick-meta":"","header-below-stick-meta":"","astra-migrate-meta-layouts":"default","ast-page-background-enabled":"default","ast-page-background-meta":{"desktop":{"background-color":"","background-image":"","background-repeat":"repeat","background-position":"center center","background-size":"auto","background-attachment":"scroll","background-type":"","background-media":"","overlay-type":"","overlay-color":"","overlay-opacity":"","overlay-gradient":""},"tablet":{"background-color":"","background-image":"","background-repeat":"repeat","background-position":"center center","background-size":"auto","background-attachment":"scroll","background-type":"","background-media":"","overlay-type":"","overlay-color":"","overlay-opacity":"","overlay-gradient":""},"mobile":{"background-color":"","background-image":"","background-repeat":"repeat","background-position":"center center","background-size":"auto","background-attachment":"scroll","background-type":"","background-media":"","overlay-type":"","overlay-color":"","overlay-opacity":"","overlay-gradient":""}},"ast-content-background-meta":{"desktop":{"background-color":"var(--ast-global-color-5)","background-image":"","background-repeat":"repeat","background-position":"center center","background-size":"auto","background-attachment":"scroll","background-type":"","background-media":"","overlay-type":"","overlay-color":"","overlay-opacity":"","overlay-gradient":""},"tablet":{"background-color":"var(--ast-global-color-5)","background-image":"","background-repeat":"repeat","background-position":"center center","background-size":"auto","background-attachment":"scroll","background-type":"","background-media":"","overlay-type":"","overlay-color":"","overlay-opacity":"","overlay-gradient":""},"mobile":{"background-color":"var(--ast-global-color-5)","background-image":"","background-repeat":"repeat","background-position":"center center","background-size":"auto","background-attachment":"scroll","background-type":"","background-media":"","overlay-type":"","overlay-color":"","overlay-opacity":"","overlay-gradient":""}},"_glsr_average":0,"_glsr_ranking":0,"_glsr_reviews":0},"product_brand":[224],"product_cat":[172,27],"product_tag":[99,184,185],"class_list":{"0":"post-6792","1":"product","2":"type-product","3":"status-publish","4":"has-post-thumbnail","6":"product_brand-folliamala","7":"product_cat-zodiaco","8":"product_cat-traditionelle-malaketten","9":"product_tag-achat","10":"product_tag-holz","11":"product_tag-rauchquarz","12":"desktop-align-center","13":"tablet-align-left","14":"mobile-align-left","16":"first","17":"instock","18":"sold-individually","19":"shipping-taxable","20":"purchasable","21":"product-type-simple","22":"wpzoom-wc-spi-has-enabled"},"yoast_head":"<!-- This site is optimized with the Yoast SEO plugin v27.4 - https:\/\/yoast.com\/product\/yoast-seo-wordpress\/ -->\n<title>Waage-Mala &#8211; Folliamala<\/title>\n<meta name=\"description\" content=\"Waage-Mala, Sternzeichen Waage. Bist du zwischen dem 22. September und dem 22. Oktober geboren oder hast du die Waage im Aszendent? Diese Mala ist f\u00fcr dich.\u00a0\" \/>\n<meta name=\"robots\" content=\"index, follow, max-snippet:-1, max-image-preview:large, max-video-preview:-1\" \/>\n<link rel=\"canonical\" href=\"https:\/\/folliamala.ch\/it\/product\/waage-mala\/\" \/>\n<meta property=\"og:locale\" content=\"it_IT\" \/>\n<meta property=\"og:type\" content=\"article\" \/>\n<meta property=\"og:title\" content=\"Waage-Mala &#8211; Folliamala\" \/>\n<meta property=\"og:description\" content=\"Waage-Mala, Sternzeichen Waage. Bist du zwischen dem 22. September und dem 22. Oktober geboren oder hast du die Waage im Aszendent? Diese Mala ist f\u00fcr dich.\u00a0\" \/>\n<meta property=\"og:url\" content=\"https:\/\/folliamala.ch\/it\/product\/waage-mala\/\" \/>\n<meta property=\"og:site_name\" content=\"Folliamala\" \/>\n<meta property=\"article:publisher\" content=\"https:\/\/www.facebook.com\/folliamala\/\" \/>\n<meta property=\"article:modified_time\" content=\"2025-08-23T15:50:40+00:00\" \/>\n<meta property=\"og:image\" content=\"https:\/\/folliamala.ch\/wp-content\/uploads\/2022\/09\/Waage_o.jpg\" \/>\n\t<meta property=\"og:image:width\" content=\"1000\" \/>\n\t<meta property=\"og:image:height\" content=\"1000\" \/>\n\t<meta property=\"og:image:type\" content=\"image\/jpeg\" \/>\n<meta name=\"twitter:card\" content=\"summary_large_image\" \/>\n<meta name=\"twitter:label1\" content=\"Tempo di lettura stimato\" \/>\n\t<meta name=\"twitter:data1\" content=\"1 minuto\" \/>\n<script type=\"application\/ld+json\" class=\"yoast-schema-graph\">{\"@context\":\"https:\\\/\\\/schema.org\",\"@graph\":[{\"@type\":\"WebPage\",\"@id\":\"https:\\\/\\\/folliamala.ch\\\/product\\\/waage-mala\\\/\",\"url\":\"https:\\\/\\\/folliamala.ch\\\/product\\\/waage-mala\\\/\",\"name\":\"Waage-Mala &#8211; Folliamala\",\"isPartOf\":{\"@id\":\"https:\\\/\\\/folliamala.ch\\\/#website\"},\"primaryImageOfPage\":{\"@id\":\"https:\\\/\\\/folliamala.ch\\\/product\\\/waage-mala\\\/#primaryimage\"},\"image\":{\"@id\":\"https:\\\/\\\/folliamala.ch\\\/product\\\/waage-mala\\\/#primaryimage\"},\"thumbnailUrl\":\"https:\\\/\\\/folliamala.ch\\\/wp-content\\\/uploads\\\/2022\\\/09\\\/Waage_o.jpg\",\"datePublished\":\"2022-09-03T21:15:46+00:00\",\"dateModified\":\"2025-08-23T15:50:40+00:00\",\"description\":\"Waage-Mala, Sternzeichen Waage. Bist du zwischen dem 22. September und dem 22. Oktober geboren oder hast du die Waage im Aszendent? Diese Mala ist f\u00fcr dich.\u00a0\",\"breadcrumb\":{\"@id\":\"https:\\\/\\\/folliamala.ch\\\/product\\\/waage-mala\\\/#breadcrumb\"},\"inLanguage\":\"it-IT\",\"potentialAction\":[{\"@type\":\"ReadAction\",\"target\":[\"https:\\\/\\\/folliamala.ch\\\/product\\\/waage-mala\\\/\"]}]},{\"@type\":\"ImageObject\",\"inLanguage\":\"it-IT\",\"@id\":\"https:\\\/\\\/folliamala.ch\\\/product\\\/waage-mala\\\/#primaryimage\",\"url\":\"https:\\\/\\\/folliamala.ch\\\/wp-content\\\/uploads\\\/2022\\\/09\\\/Waage_o.jpg\",\"contentUrl\":\"https:\\\/\\\/folliamala.ch\\\/wp-content\\\/uploads\\\/2022\\\/09\\\/Waage_o.jpg\",\"width\":1000,\"height\":1000,\"caption\":\"Sternzeichen-Mala Kette Waage\"},{\"@type\":\"BreadcrumbList\",\"@id\":\"https:\\\/\\\/folliamala.ch\\\/product\\\/waage-mala\\\/#breadcrumb\",\"itemListElement\":[{\"@type\":\"ListItem\",\"position\":1,\"name\":\"Startseite\",\"item\":\"https:\\\/\\\/folliamala.ch\\\/\"},{\"@type\":\"ListItem\",\"position\":2,\"name\":\"Shop\",\"item\":\"https:\\\/\\\/folliamala.ch\\\/store\\\/\"},{\"@type\":\"ListItem\",\"position\":3,\"name\":\"Waage-Mala\"}]},{\"@type\":\"WebSite\",\"@id\":\"https:\\\/\\\/folliamala.ch\\\/#website\",\"url\":\"https:\\\/\\\/folliamala.ch\\\/\",\"name\":\"Folliamala\",\"description\":\"Mala Ketten &amp; Armb\u00e4nder\",\"publisher\":{\"@id\":\"https:\\\/\\\/folliamala.ch\\\/#organization\"},\"potentialAction\":[{\"@type\":\"SearchAction\",\"target\":{\"@type\":\"EntryPoint\",\"urlTemplate\":\"https:\\\/\\\/folliamala.ch\\\/?s={search_term_string}\"},\"query-input\":{\"@type\":\"PropertyValueSpecification\",\"valueRequired\":true,\"valueName\":\"search_term_string\"}}],\"inLanguage\":\"it-IT\"},{\"@type\":\"Organization\",\"@id\":\"https:\\\/\\\/folliamala.ch\\\/#organization\",\"name\":\"Folliamala\",\"url\":\"https:\\\/\\\/folliamala.ch\\\/\",\"logo\":{\"@type\":\"ImageObject\",\"inLanguage\":\"it-IT\",\"@id\":\"https:\\\/\\\/folliamala.ch\\\/#\\\/schema\\\/logo\\\/image\\\/\",\"url\":\"https:\\\/\\\/folliamala.ch\\\/wp-content\\\/uploads\\\/2021\\\/08\\\/folliamala_logo.png\",\"contentUrl\":\"https:\\\/\\\/folliamala.ch\\\/wp-content\\\/uploads\\\/2021\\\/08\\\/folliamala_logo.png\",\"width\":529,\"height\":109,\"caption\":\"Folliamala\"},\"image\":{\"@id\":\"https:\\\/\\\/folliamala.ch\\\/#\\\/schema\\\/logo\\\/image\\\/\"},\"sameAs\":[\"https:\\\/\\\/www.facebook.com\\\/folliamala\\\/\",\"https:\\\/\\\/www.instagram.com\\\/folliamala\\\/\",\"https:\\\/\\\/www.pinterest.de\\\/folliamala\\\/\"]}]}<\/script>\n<!-- \/ Yoast SEO plugin. -->","yoast_head_json":{"title":"Libra Mala - Folliamala","description":"Bilancia-Mala, segno zodiacale Bilancia. Siete nati tra il 22 settembre e il 22 ottobre o avete l'ascendente Bilancia? Questo mala \u00e8 per voi.\u00a0","robots":{"index":"index","follow":"follow","max-snippet":"max-snippet:-1","max-image-preview":"max-image-preview:large","max-video-preview":"max-video-preview:-1"},"canonical":"https:\/\/folliamala.ch\/it\/product\/waage-mala\/","og_locale":"it_IT","og_type":"article","og_title":"Waage-Mala &#8211; Folliamala","og_description":"Waage-Mala, Sternzeichen Waage. Bist du zwischen dem 22. September und dem 22. Oktober geboren oder hast du die Waage im Aszendent? Diese Mala ist f\u00fcr dich.\u00a0","og_url":"https:\/\/folliamala.ch\/it\/product\/waage-mala\/","og_site_name":"Folliamala","article_publisher":"https:\/\/www.facebook.com\/folliamala\/","article_modified_time":"2025-08-23T15:50:40+00:00","og_image":[{"width":1000,"height":1000,"url":"https:\/\/folliamala.ch\/wp-content\/uploads\/2022\/09\/Waage_o.jpg","type":"image\/jpeg"}],"twitter_card":"summary_large_image","twitter_misc":{"Tempo di lettura stimato":"1 minuto"},"schema":{"@context":"https:\/\/schema.org","@graph":[{"@type":"WebPage","@id":"https:\/\/folliamala.ch\/product\/waage-mala\/","url":"https:\/\/folliamala.ch\/product\/waage-mala\/","name":"Libra Mala - Folliamala","isPartOf":{"@id":"https:\/\/folliamala.ch\/#website"},"primaryImageOfPage":{"@id":"https:\/\/folliamala.ch\/product\/waage-mala\/#primaryimage"},"image":{"@id":"https:\/\/folliamala.ch\/product\/waage-mala\/#primaryimage"},"thumbnailUrl":"https:\/\/folliamala.ch\/wp-content\/uploads\/2022\/09\/Waage_o.jpg","datePublished":"2022-09-03T21:15:46+00:00","dateModified":"2025-08-23T15:50:40+00:00","description":"Bilancia-Mala, segno zodiacale Bilancia. Siete nati tra il 22 settembre e il 22 ottobre o avete l'ascendente Bilancia? Questo mala \u00e8 per voi.\u00a0","breadcrumb":{"@id":"https:\/\/folliamala.ch\/product\/waage-mala\/#breadcrumb"},"inLanguage":"it-IT","potentialAction":[{"@type":"ReadAction","target":["https:\/\/folliamala.ch\/product\/waage-mala\/"]}]},{"@type":"ImageObject","inLanguage":"it-IT","@id":"https:\/\/folliamala.ch\/product\/waage-mala\/#primaryimage","url":"https:\/\/folliamala.ch\/wp-content\/uploads\/2022\/09\/Waage_o.jpg","contentUrl":"https:\/\/folliamala.ch\/wp-content\/uploads\/2022\/09\/Waage_o.jpg","width":1000,"height":1000,"caption":"Sternzeichen-Mala Kette Waage"},{"@type":"BreadcrumbList","@id":"https:\/\/folliamala.ch\/product\/waage-mala\/#breadcrumb","itemListElement":[{"@type":"ListItem","position":1,"name":"Startseite","item":"https:\/\/folliamala.ch\/"},{"@type":"ListItem","position":2,"name":"Shop","item":"https:\/\/folliamala.ch\/store\/"},{"@type":"ListItem","position":3,"name":"Waage-Mala"}]},{"@type":"WebSite","@id":"https:\/\/folliamala.ch\/#website","url":"https:\/\/folliamala.ch\/","name":"Folliamala","description":"Collane e bracciali Mala","publisher":{"@id":"https:\/\/folliamala.ch\/#organization"},"potentialAction":[{"@type":"SearchAction","target":{"@type":"EntryPoint","urlTemplate":"https:\/\/folliamala.ch\/?s={search_term_string}"},"query-input":{"@type":"PropertyValueSpecification","valueRequired":true,"valueName":"search_term_string"}}],"inLanguage":"it-IT"},{"@type":"Organization","@id":"https:\/\/folliamala.ch\/#organization","name":"Folliamala","url":"https:\/\/folliamala.ch\/","logo":{"@type":"ImageObject","inLanguage":"it-IT","@id":"https:\/\/folliamala.ch\/#\/schema\/logo\/image\/","url":"https:\/\/folliamala.ch\/wp-content\/uploads\/2021\/08\/folliamala_logo.png","contentUrl":"https:\/\/folliamala.ch\/wp-content\/uploads\/2021\/08\/folliamala_logo.png","width":529,"height":109,"caption":"Folliamala"},"image":{"@id":"https:\/\/folliamala.ch\/#\/schema\/logo\/image\/"},"sameAs":["https:\/\/www.facebook.com\/folliamala\/","https:\/\/www.instagram.com\/folliamala\/","https:\/\/www.pinterest.de\/folliamala\/"]}]}},"_links":{"self":[{"href":"https:\/\/folliamala.ch\/it\/wp-json\/wp\/v2\/product\/6792","targetHints":{"allow":["GET"]}}],"collection":[{"href":"https:\/\/folliamala.ch\/it\/wp-json\/wp\/v2\/product"}],"about":[{"href":"https:\/\/folliamala.ch\/it\/wp-json\/wp\/v2\/types\/product"}],"version-history":[{"count":9,"href":"https:\/\/folliamala.ch\/it\/wp-json\/wp\/v2\/product\/6792\/revisions"}],"predecessor-version":[{"id":9215,"href":"https:\/\/folliamala.ch\/it\/wp-json\/wp\/v2\/product\/6792\/revisions\/9215"}],"wp:featuredmedia":[{"embeddable":true,"href":"https:\/\/folliamala.ch\/it\/wp-json\/wp\/v2\/media\/6765"}],"wp:attachment":[{"href":"https:\/\/folliamala.ch\/it\/wp-json\/wp\/v2\/media?parent=6792"}],"wp:term":[{"taxonomy":"product_brand","embeddable":true,"href":"https:\/\/folliamala.ch\/it\/wp-json\/wp\/v2\/product_brand?post=6792"},{"taxonomy":"product_cat","embeddable":true,"href":"https:\/\/folliamala.ch\/it\/wp-json\/wp\/v2\/product_cat?post=6792"},{"taxonomy":"product_tag","embeddable":true,"href":"https:\/\/folliamala.ch\/it\/wp-json\/wp\/v2\/product_tag?post=6792"}],"curies":[{"name":"wp","href":"https:\/\/api.w.org\/{rel}","templated":true}]}}