{"id":6794,"date":"2022-09-03T23:10:59","date_gmt":"2022-09-03T21:10:59","guid":{"rendered":"https:\/\/folliamala.ch\/?post_type=product&#038;p=6794"},"modified":"2025-08-23T17:50:40","modified_gmt":"2025-08-23T15:50:40","slug":"skorpion-mala","status":"publish","type":"product","link":"https:\/\/folliamala.ch\/it\/product\/skorpion-mala\/","title":{"rendered":"Scorpione-Mala"},"content":{"rendered":"<p><strong><b>Collana mala per il segno zodiacale <\/b>Scorpione<\/strong><\/p>\n<p><span style=\"font-weight: 400;\">Siete nati tra il 24 ottobre e il 22 novembre o avete l'ascendente Scorpione? Questa scala dello Scorpione \u00e8 fatta per voi.\u00a0<\/span><\/p>\n<p><span style=\"font-weight: 400;\">Lo Scorpione \u00e8 il segno del detective, del ricercatore, dell'investigatore. Questo \u00e8 il motivo per cui non siete facilmente e raramente sconfitti nella vostra ricerca.  La determinazione \u00e8 uno dei vostri maggiori punti di forza. Eccellete nell'assertivit\u00e0 e nella realizzazione. Siete anche noti per essere misteriosi e intensi.\u00a0<\/span><span style=\"font-weight: 400;\">La vostra spinta ansiosa \u00e8 accompagnata dalla determinazione a raggiungere gli obiettivi, sia personali che professionali. La parola fallimento non fa parte del vostro vocabolario. Siete noti per avere un'alta opinione di voi stessi, quindi la vostra fiducia in voi stessi non viene scossa facilmente. Come gli altri segni d'acqua, il vostro segno ha un forte sesto senso e spesso siete non solo intuitivi ma anche sensitivi.<\/span><\/p>\n<h6><b>Tratti dello Scorpione<\/b><\/h6>\n<p><span style=\"font-weight: 400;\">Misterioso, sarcastico, leale, sospettoso, emotivo, sensitivo, investigativo, determinato.<\/span><\/p>\n<h6><b>Pietre preziose per il segno zodiacale Scorpione<\/b><\/h6>\n<p class=\"translation-block\"><strong>L'ossidiana <\/strong>scioglie le incrostazioni. L'ossidiana \u00e8 nota per alleviare le tensioni, spesso angoscianti, della zona delle spalle e del collo. Questo \u00e8 dovuto alla vostra volont\u00e0 ferrea, che non vi permette di lasciarvi andare e di far correre i vostri pensieri.\u00a0<\/p>\n<p class=\"translation-block\">Una buona pietra per te \u00e8 il <strong>rubino-zoisite<\/strong>. \u00c8 una pietra che ha un effetto estremamente equilibrante su chi la indossa. Soprattutto la parte di zoisite della pietra ti aiuta grazie alla sua speciale energia. Grazie alla zoisite, non ti perderai cos\u00ec facilmente. Ti rende pi\u00f9 facile accettare le tue debolezze e promuove la rigenerazione fisica e mentale.<\/p>\n<h6><b>Non sei uno Scorpione?<\/b><\/h6>\n<p class=\"translation-block\"><strong>L'ossidiana<\/strong> \u00e8 una pietra protettiva che allontana la negativit\u00e0 e dissipa i pensieri non amorevoli. Porta chiarezza alla mente ed elimina la confusione e le convinzioni ristrette. \u00c8 una pietra fortemente protettiva che forma uno scudo contro la negativit\u00e0, che mette a terra e assorbe le energie negative dall'ambiente. L'ossidiana \u00e8 una lava fusa che si \u00e8 raffreddata cos\u00ec rapidamente da non avere il tempo di cristallizzarsi.<\/p>\n<p class=\"translation-block\"><strong>Il rubino-zoisite<\/strong> aiuta in caso di tensione mentale, sconforto e aggressivit\u00e0. Questa pietra curativa accresce il senso di realt\u00e0 e previene le azioni sconsiderate o sconsiderate. La rubino-zoisite dona creativit\u00e0, permette a chi la indossa di cercare nuove esigenze o idee e di riprendere in mano la propria vita. Questa pietra favorisce anche la sessualit\u00e0.<\/p>\n<h6><b>Dettagli Mala<\/b><\/h6>\n<ul>\n<li style=\"font-weight: 400;\" aria-level=\"1\"><span style=\"font-weight: 400;\">108 perline: 24 di ossidiana, 12 di zoisite rubino, 72 di legno badam<\/span><\/li>\n<li style=\"font-weight: 400;\" aria-level=\"1\"><span style=\"font-weight: 400;\">Dimensione della perla: 8 mm<\/span><\/li>\n<li style=\"font-weight: 400;\" aria-level=\"1\"><span style=\"font-weight: 400;\">Guru bead: cristallo di rocca - tra tutte le pietre \u00e8 quella che amplifica le energie in modo pi\u00f9 potente.\u00a0<\/span><\/li>\n<li style=\"font-weight: 400;\" aria-level=\"1\"><span style=\"font-weight: 400;\">Annodato con filo di seta professionale per garantire resistenza e longevit\u00e0<\/span><\/li>\n<li style=\"font-weight: 400;\" aria-level=\"1\"><span style=\"font-weight: 400;\">Dimensioni: 99 cm di circonferenza\u00a0<\/span><\/li>\n<li>Ciondolo: nappina (ciondolo a forma di fiore della vita in argento o oro disponibile su richiesta)<\/li>\n<\/ul>","protected":false},"excerpt":{"rendered":"<p><span style=\"font-weight: 400;\">Rubino Zoisite e ossidiana<\/span><\/p>","protected":false},"featured_media":6759,"template":"","meta":{"site-sidebar-layout":"default","site-content-layout":"default","ast-site-content-layout":"default","site-content-style":"default","site-sidebar-style":"default","ast-global-header-display":"","ast-banner-title-visibility":"","ast-main-header-display":"","ast-hfb-above-header-display":"","ast-hfb-below-header-display":"","ast-hfb-mobile-header-display":"","site-post-title":"","ast-breadcrumbs-content":"","ast-featured-img":"","footer-sml-layout":"","ast-disable-related-posts":"","theme-transparent-header-meta":"default","adv-header-id-meta":"","stick-header-meta":"","header-above-stick-meta":"","header-main-stick-meta":"","header-below-stick-meta":"","astra-migrate-meta-layouts":"default","ast-page-background-enabled":"default","ast-page-background-meta":{"desktop":{"background-color":"","background-image":"","background-repeat":"repeat","background-position":"center center","background-size":"auto","background-attachment":"scroll","background-type":"","background-media":"","overlay-type":"","overlay-color":"","overlay-opacity":"","overlay-gradient":""},"tablet":{"background-color":"","background-image":"","background-repeat":"repeat","background-position":"center center","background-size":"auto","background-attachment":"scroll","background-type":"","background-media":"","overlay-type":"","overlay-color":"","overlay-opacity":"","overlay-gradient":""},"mobile":{"background-color":"","background-image":"","background-repeat":"repeat","background-position":"center center","background-size":"auto","background-attachment":"scroll","background-type":"","background-media":"","overlay-type":"","overlay-color":"","overlay-opacity":"","overlay-gradient":""}},"ast-content-background-meta":{"desktop":{"background-color":"var(--ast-global-color-5)","background-image":"","background-repeat":"repeat","background-position":"center center","background-size":"auto","background-attachment":"scroll","background-type":"","background-media":"","overlay-type":"","overlay-color":"","overlay-opacity":"","overlay-gradient":""},"tablet":{"background-color":"var(--ast-global-color-5)","background-image":"","background-repeat":"repeat","background-position":"center center","background-size":"auto","background-attachment":"scroll","background-type":"","background-media":"","overlay-type":"","overlay-color":"","overlay-opacity":"","overlay-gradient":""},"mobile":{"background-color":"var(--ast-global-color-5)","background-image":"","background-repeat":"repeat","background-position":"center center","background-size":"auto","background-attachment":"scroll","background-type":"","background-media":"","overlay-type":"","overlay-color":"","overlay-opacity":"","overlay-gradient":""}},"_glsr_average":0,"_glsr_ranking":0,"_glsr_reviews":0},"product_brand":[224],"product_cat":[172,27],"product_tag":[184,179,180],"class_list":{"0":"post-6794","1":"product","2":"type-product","3":"status-publish","4":"has-post-thumbnail","6":"product_brand-folliamala","7":"product_cat-zodiaco","8":"product_cat-traditionelle-malaketten","9":"product_tag-holz","10":"product_tag-obsidian","11":"product_tag-rubin-zoisit","12":"desktop-align-center","13":"tablet-align-left","14":"mobile-align-left","16":"first","17":"instock","18":"sold-individually","19":"shipping-taxable","20":"purchasable","21":"product-type-simple","22":"wpzoom-wc-spi-has-enabled"},"yoast_head":"<!-- This site is optimized with the Yoast SEO plugin v27.4 - https:\/\/yoast.com\/product\/yoast-seo-wordpress\/ -->\n<title>Skorpion-Mala &#8211; Folliamala<\/title>\n<meta name=\"description\" content=\"Skorpion-Mala, Sternzeichen Skorpion. Bist du zwischen dem 22. Oktober und dem 22. November geboren oder bist Skorpion im Aszendent? Das ist deine Mala!\" \/>\n<meta name=\"robots\" content=\"index, follow, max-snippet:-1, max-image-preview:large, max-video-preview:-1\" \/>\n<link rel=\"canonical\" href=\"https:\/\/folliamala.ch\/it\/product\/skorpion-mala\/\" \/>\n<meta property=\"og:locale\" content=\"it_IT\" \/>\n<meta property=\"og:type\" content=\"article\" \/>\n<meta property=\"og:title\" content=\"Skorpion-Mala &#8211; Folliamala\" \/>\n<meta property=\"og:description\" content=\"Skorpion-Mala, Sternzeichen Skorpion. Bist du zwischen dem 22. Oktober und dem 22. November geboren oder bist Skorpion im Aszendent? Das ist deine Mala!\" \/>\n<meta property=\"og:url\" content=\"https:\/\/folliamala.ch\/it\/product\/skorpion-mala\/\" \/>\n<meta property=\"og:site_name\" content=\"Folliamala\" \/>\n<meta property=\"article:publisher\" content=\"https:\/\/www.facebook.com\/folliamala\/\" \/>\n<meta property=\"article:modified_time\" content=\"2025-08-23T15:50:40+00:00\" \/>\n<meta property=\"og:image\" content=\"https:\/\/folliamala.ch\/wp-content\/uploads\/2022\/09\/Skorpion_o.jpg\" \/>\n\t<meta property=\"og:image:width\" content=\"1000\" \/>\n\t<meta property=\"og:image:height\" content=\"1000\" \/>\n\t<meta property=\"og:image:type\" content=\"image\/jpeg\" \/>\n<meta name=\"twitter:card\" content=\"summary_large_image\" \/>\n<meta name=\"twitter:label1\" content=\"Tempo di lettura stimato\" \/>\n\t<meta name=\"twitter:data1\" content=\"1 minuto\" \/>\n<script type=\"application\/ld+json\" class=\"yoast-schema-graph\">{\"@context\":\"https:\\\/\\\/schema.org\",\"@graph\":[{\"@type\":\"WebPage\",\"@id\":\"https:\\\/\\\/folliamala.ch\\\/product\\\/skorpion-mala\\\/\",\"url\":\"https:\\\/\\\/folliamala.ch\\\/product\\\/skorpion-mala\\\/\",\"name\":\"Skorpion-Mala &#8211; Folliamala\",\"isPartOf\":{\"@id\":\"https:\\\/\\\/folliamala.ch\\\/#website\"},\"primaryImageOfPage\":{\"@id\":\"https:\\\/\\\/folliamala.ch\\\/product\\\/skorpion-mala\\\/#primaryimage\"},\"image\":{\"@id\":\"https:\\\/\\\/folliamala.ch\\\/product\\\/skorpion-mala\\\/#primaryimage\"},\"thumbnailUrl\":\"https:\\\/\\\/folliamala.ch\\\/wp-content\\\/uploads\\\/2022\\\/09\\\/Skorpion_o.jpg\",\"datePublished\":\"2022-09-03T21:10:59+00:00\",\"dateModified\":\"2025-08-23T15:50:40+00:00\",\"description\":\"Skorpion-Mala, Sternzeichen Skorpion. Bist du zwischen dem 22. Oktober und dem 22. November geboren oder bist Skorpion im Aszendent? Das ist deine Mala!\",\"breadcrumb\":{\"@id\":\"https:\\\/\\\/folliamala.ch\\\/product\\\/skorpion-mala\\\/#breadcrumb\"},\"inLanguage\":\"it-IT\",\"potentialAction\":[{\"@type\":\"ReadAction\",\"target\":[\"https:\\\/\\\/folliamala.ch\\\/product\\\/skorpion-mala\\\/\"]}]},{\"@type\":\"ImageObject\",\"inLanguage\":\"it-IT\",\"@id\":\"https:\\\/\\\/folliamala.ch\\\/product\\\/skorpion-mala\\\/#primaryimage\",\"url\":\"https:\\\/\\\/folliamala.ch\\\/wp-content\\\/uploads\\\/2022\\\/09\\\/Skorpion_o.jpg\",\"contentUrl\":\"https:\\\/\\\/folliamala.ch\\\/wp-content\\\/uploads\\\/2022\\\/09\\\/Skorpion_o.jpg\",\"width\":1000,\"height\":1000,\"caption\":\"Sternzeichen-Mala Kette Skorpion\"},{\"@type\":\"BreadcrumbList\",\"@id\":\"https:\\\/\\\/folliamala.ch\\\/product\\\/skorpion-mala\\\/#breadcrumb\",\"itemListElement\":[{\"@type\":\"ListItem\",\"position\":1,\"name\":\"Startseite\",\"item\":\"https:\\\/\\\/folliamala.ch\\\/\"},{\"@type\":\"ListItem\",\"position\":2,\"name\":\"Shop\",\"item\":\"https:\\\/\\\/folliamala.ch\\\/store\\\/\"},{\"@type\":\"ListItem\",\"position\":3,\"name\":\"Skorpion-Mala\"}]},{\"@type\":\"WebSite\",\"@id\":\"https:\\\/\\\/folliamala.ch\\\/#website\",\"url\":\"https:\\\/\\\/folliamala.ch\\\/\",\"name\":\"Folliamala\",\"description\":\"Mala Ketten &amp; Armb\u00e4nder\",\"publisher\":{\"@id\":\"https:\\\/\\\/folliamala.ch\\\/#organization\"},\"potentialAction\":[{\"@type\":\"SearchAction\",\"target\":{\"@type\":\"EntryPoint\",\"urlTemplate\":\"https:\\\/\\\/folliamala.ch\\\/?s={search_term_string}\"},\"query-input\":{\"@type\":\"PropertyValueSpecification\",\"valueRequired\":true,\"valueName\":\"search_term_string\"}}],\"inLanguage\":\"it-IT\"},{\"@type\":\"Organization\",\"@id\":\"https:\\\/\\\/folliamala.ch\\\/#organization\",\"name\":\"Folliamala\",\"url\":\"https:\\\/\\\/folliamala.ch\\\/\",\"logo\":{\"@type\":\"ImageObject\",\"inLanguage\":\"it-IT\",\"@id\":\"https:\\\/\\\/folliamala.ch\\\/#\\\/schema\\\/logo\\\/image\\\/\",\"url\":\"https:\\\/\\\/folliamala.ch\\\/wp-content\\\/uploads\\\/2021\\\/08\\\/folliamala_logo.png\",\"contentUrl\":\"https:\\\/\\\/folliamala.ch\\\/wp-content\\\/uploads\\\/2021\\\/08\\\/folliamala_logo.png\",\"width\":529,\"height\":109,\"caption\":\"Folliamala\"},\"image\":{\"@id\":\"https:\\\/\\\/folliamala.ch\\\/#\\\/schema\\\/logo\\\/image\\\/\"},\"sameAs\":[\"https:\\\/\\\/www.facebook.com\\\/folliamala\\\/\",\"https:\\\/\\\/www.instagram.com\\\/folliamala\\\/\",\"https:\\\/\\\/www.pinterest.de\\\/folliamala\\\/\"]}]}<\/script>\n<!-- \/ Yoast SEO plugin. -->","yoast_head_json":{"title":"Mala dello Scorpione - Folliamala","description":"Scorpione-Mala, segno zodiacale Scorpione. Siete nati tra il 22 ottobre e il 22 novembre o siete Scorpione all'Ascendente? Questo \u00e8 il vostro mala!","robots":{"index":"index","follow":"follow","max-snippet":"max-snippet:-1","max-image-preview":"max-image-preview:large","max-video-preview":"max-video-preview:-1"},"canonical":"https:\/\/folliamala.ch\/it\/product\/skorpion-mala\/","og_locale":"it_IT","og_type":"article","og_title":"Skorpion-Mala &#8211; Folliamala","og_description":"Skorpion-Mala, Sternzeichen Skorpion. Bist du zwischen dem 22. Oktober und dem 22. November geboren oder bist Skorpion im Aszendent? Das ist deine Mala!","og_url":"https:\/\/folliamala.ch\/it\/product\/skorpion-mala\/","og_site_name":"Folliamala","article_publisher":"https:\/\/www.facebook.com\/folliamala\/","article_modified_time":"2025-08-23T15:50:40+00:00","og_image":[{"width":1000,"height":1000,"url":"https:\/\/folliamala.ch\/wp-content\/uploads\/2022\/09\/Skorpion_o.jpg","type":"image\/jpeg"}],"twitter_card":"summary_large_image","twitter_misc":{"Tempo di lettura stimato":"1 minuto"},"schema":{"@context":"https:\/\/schema.org","@graph":[{"@type":"WebPage","@id":"https:\/\/folliamala.ch\/product\/skorpion-mala\/","url":"https:\/\/folliamala.ch\/product\/skorpion-mala\/","name":"Mala dello Scorpione - Folliamala","isPartOf":{"@id":"https:\/\/folliamala.ch\/#website"},"primaryImageOfPage":{"@id":"https:\/\/folliamala.ch\/product\/skorpion-mala\/#primaryimage"},"image":{"@id":"https:\/\/folliamala.ch\/product\/skorpion-mala\/#primaryimage"},"thumbnailUrl":"https:\/\/folliamala.ch\/wp-content\/uploads\/2022\/09\/Skorpion_o.jpg","datePublished":"2022-09-03T21:10:59+00:00","dateModified":"2025-08-23T15:50:40+00:00","description":"Scorpione-Mala, segno zodiacale Scorpione. Siete nati tra il 22 ottobre e il 22 novembre o siete Scorpione all'Ascendente? Questo \u00e8 il vostro mala!","breadcrumb":{"@id":"https:\/\/folliamala.ch\/product\/skorpion-mala\/#breadcrumb"},"inLanguage":"it-IT","potentialAction":[{"@type":"ReadAction","target":["https:\/\/folliamala.ch\/product\/skorpion-mala\/"]}]},{"@type":"ImageObject","inLanguage":"it-IT","@id":"https:\/\/folliamala.ch\/product\/skorpion-mala\/#primaryimage","url":"https:\/\/folliamala.ch\/wp-content\/uploads\/2022\/09\/Skorpion_o.jpg","contentUrl":"https:\/\/folliamala.ch\/wp-content\/uploads\/2022\/09\/Skorpion_o.jpg","width":1000,"height":1000,"caption":"Sternzeichen-Mala Kette Skorpion"},{"@type":"BreadcrumbList","@id":"https:\/\/folliamala.ch\/product\/skorpion-mala\/#breadcrumb","itemListElement":[{"@type":"ListItem","position":1,"name":"Startseite","item":"https:\/\/folliamala.ch\/"},{"@type":"ListItem","position":2,"name":"Shop","item":"https:\/\/folliamala.ch\/store\/"},{"@type":"ListItem","position":3,"name":"Skorpion-Mala"}]},{"@type":"WebSite","@id":"https:\/\/folliamala.ch\/#website","url":"https:\/\/folliamala.ch\/","name":"Folliamala","description":"Collane e bracciali Mala","publisher":{"@id":"https:\/\/folliamala.ch\/#organization"},"potentialAction":[{"@type":"SearchAction","target":{"@type":"EntryPoint","urlTemplate":"https:\/\/folliamala.ch\/?s={search_term_string}"},"query-input":{"@type":"PropertyValueSpecification","valueRequired":true,"valueName":"search_term_string"}}],"inLanguage":"it-IT"},{"@type":"Organization","@id":"https:\/\/folliamala.ch\/#organization","name":"Folliamala","url":"https:\/\/folliamala.ch\/","logo":{"@type":"ImageObject","inLanguage":"it-IT","@id":"https:\/\/folliamala.ch\/#\/schema\/logo\/image\/","url":"https:\/\/folliamala.ch\/wp-content\/uploads\/2021\/08\/folliamala_logo.png","contentUrl":"https:\/\/folliamala.ch\/wp-content\/uploads\/2021\/08\/folliamala_logo.png","width":529,"height":109,"caption":"Folliamala"},"image":{"@id":"https:\/\/folliamala.ch\/#\/schema\/logo\/image\/"},"sameAs":["https:\/\/www.facebook.com\/folliamala\/","https:\/\/www.instagram.com\/folliamala\/","https:\/\/www.pinterest.de\/folliamala\/"]}]}},"_links":{"self":[{"href":"https:\/\/folliamala.ch\/it\/wp-json\/wp\/v2\/product\/6794","targetHints":{"allow":["GET"]}}],"collection":[{"href":"https:\/\/folliamala.ch\/it\/wp-json\/wp\/v2\/product"}],"about":[{"href":"https:\/\/folliamala.ch\/it\/wp-json\/wp\/v2\/types\/product"}],"version-history":[{"count":9,"href":"https:\/\/folliamala.ch\/it\/wp-json\/wp\/v2\/product\/6794\/revisions"}],"predecessor-version":[{"id":9216,"href":"https:\/\/folliamala.ch\/it\/wp-json\/wp\/v2\/product\/6794\/revisions\/9216"}],"wp:featuredmedia":[{"embeddable":true,"href":"https:\/\/folliamala.ch\/it\/wp-json\/wp\/v2\/media\/6759"}],"wp:attachment":[{"href":"https:\/\/folliamala.ch\/it\/wp-json\/wp\/v2\/media?parent=6794"}],"wp:term":[{"taxonomy":"product_brand","embeddable":true,"href":"https:\/\/folliamala.ch\/it\/wp-json\/wp\/v2\/product_brand?post=6794"},{"taxonomy":"product_cat","embeddable":true,"href":"https:\/\/folliamala.ch\/it\/wp-json\/wp\/v2\/product_cat?post=6794"},{"taxonomy":"product_tag","embeddable":true,"href":"https:\/\/folliamala.ch\/it\/wp-json\/wp\/v2\/product_tag?post=6794"}],"curies":[{"name":"wp","href":"https:\/\/api.w.org\/{rel}","templated":true}]}}