{"id":6800,"date":"2022-09-03T22:55:02","date_gmt":"2022-09-03T20:55:02","guid":{"rendered":"https:\/\/folliamala.ch\/?post_type=product&#038;p=6800"},"modified":"2025-08-23T17:50:39","modified_gmt":"2025-08-23T15:50:39","slug":"wassermann-mala","status":"publish","type":"product","link":"https:\/\/folliamala.ch\/it\/product\/wassermann-mala\/","title":{"rendered":"Mala dell'Acquario"},"content":{"rendered":"<p><strong><b>Collana mala per il segno zodiacale <\/b>Acquario<\/strong><\/p>\n<p><span style=\"font-weight: 400;\">Siete nati tra il 21 gennaio e il 19 febbraio o avete l'ascendente Acquario? Questo mala dell'Acquario \u00e8 fatto per voi.\u00a0<\/span><\/p>\n<p><span style=\"font-weight: 400;\">Siete un'eccitante miscela di vecchio stile e progresso, ribelle e convenzionale, amichevole e distaccata. Il vostro \u00e8 il segno dell'inventiva, che vede gli ostacoli come sfide e opportunit\u00e0. Lei ha un fascino eclettico che molti trovano affascinante.\u00a0<\/span><span style=\"font-weight: 400;\">Avete uno spirito indipendente che apprezza la privacy e la libert\u00e0, pur accogliendo molte persone nella vostra vita. Gli amici sono necessari per il vostro benessere. Non a caso il vostro \u00e8 il segno universale dell'amicizia, perch\u00e9 vi piace essere coinvolti in club, organizzazioni e iniziative di gruppo. L'Acquario \u00e8 un segno d'aria che sostiene le vostre capacit\u00e0 di comunicazione. E di solito siete interessati a idee, concetti, persone e a un'ampia variet\u00e0 di informazioni.<\/span><\/p>\n<h6><b>Tratti dell'Acquario<\/b><\/h6>\n<p><span style=\"font-weight: 400;\">Leale, umanitario, individualista, orientato al gruppo, amichevole, originale, inventivo, intellettuale, indipendente, determinato.\u00a0<\/span><\/p>\n<h6><b>Pietre preziose per il segno zodiacale dell'Acquario<\/b><\/h6>\n<p class=\"translation-block\"><span style=\"font-weight: 400\">La pietra che meglio pu\u00f2 accompagnarvi e sostenervi e che \u00e8 anche la pietra principale (pietra natale) dell'intero segno zodiacale Acquario \u00e8 l'<strong>Aquamarina<\/strong>. L'Acquamarina vi sostiene nelle vostre visioni donandovi lungimiranza e preveggenza, favorendo cos\u00ec la capacit\u00e0 di riconoscere nuovi percorsi e di includere possibilit\u00e0 sconsiderate nella realizzazione di piani e obiettivi. Inoltre, l'acquamarina favorisce la resistenza e la forza d'animo, in modo che possiate portare a termine meglio i progetti che avete iniziato.<\/span><\/p>\n<p class=\"translation-block\"><span style=\"font-weight: 400\"><strong>La giada verde<\/strong> \u00e8 una pietra secondaria importante per il vostro segno zodiacale. Vi tranquillizza e vi d\u00e0 stabilit\u00e0.<\/p>\n<h6><b>Non sei un Acquario?<\/b><\/h6>\n<p class=\"translation-block\"><span style=\"font-weight: 400\">L'<strong>acquamarina<\/strong> simboleggia la pace, favorisce la crescita spirituale e aiuta a combattere la depressione. Rafforza la fiducia in se stessi, dona lungimiranza e prudenza, oltre a resistenza e forza d'animo. Nelle relazioni di coppia, l'acquamarina pu\u00f2 rafforzare l'amore e la fedelt\u00e0.<\/p>\n<p class=\"translation-block\"><span style=\"font-weight: 400\"><strong>La giada verde<\/strong> favorisce l'agilit\u00e0 mentale, rafforza il coraggio e la personalit\u00e0. Da un lato, \u00e8 una pietra che dona a chi la indossa voglia di vivere, gioia e apertura mentale. D'altra parte, la giada verde lo fa anche spegnere, diventare pi\u00f9 calmo e fare una pausa. La giada ha un effetto equilibrante su tutti i sensi. Si dice che trasformi l'amicizia in amore.<\/p>\n<h6><b>Dettagli Mala<\/b><\/h6>\n<ul>\n<li style=\"font-weight: 400;\" aria-level=\"1\"><span style=\"font-weight: 400;\">108 perline: 24 acquamarina, 12 giada verde, 72 palissandro<\/span><\/li>\n<li style=\"font-weight: 400;\" aria-level=\"1\"><span style=\"font-weight: 400;\">Dimensione della perla: 8 mm<\/span><\/li>\n<li style=\"font-weight: 400;\" aria-level=\"1\"><span style=\"font-weight: 400;\">Guru bead: cristallo di rocca - tra tutte le pietre \u00e8 quella che amplifica le energie in modo pi\u00f9 potente.\u00a0<\/span><\/li>\n<li style=\"font-weight: 400;\" aria-level=\"1\"><span style=\"font-weight: 400;\">Annodato con filo di seta professionale per garantire resistenza e longevit\u00e0<\/span><\/li>\n<li style=\"font-weight: 400;\" aria-level=\"1\"><span style=\"font-weight: 400;\">Dimensioni: 108 cm di circonferenza\u00a0<\/span><\/li>\n<li>Ciondolo: nappina (ciondolo a forma di fiore della vita in argento o oro disponibile su richiesta)<\/li>\n<\/ul>","protected":false},"excerpt":{"rendered":"<p><span style=\"font-weight: 400;\">Acquamarina e giada verde<\/span><\/p>","protected":false},"featured_media":6767,"template":"","meta":{"site-sidebar-layout":"default","site-content-layout":"default","ast-site-content-layout":"default","site-content-style":"default","site-sidebar-style":"default","ast-global-header-display":"","ast-banner-title-visibility":"","ast-main-header-display":"","ast-hfb-above-header-display":"","ast-hfb-below-header-display":"","ast-hfb-mobile-header-display":"","site-post-title":"","ast-breadcrumbs-content":"","ast-featured-img":"","footer-sml-layout":"","ast-disable-related-posts":"","theme-transparent-header-meta":"default","adv-header-id-meta":"","stick-header-meta":"","header-above-stick-meta":"","header-main-stick-meta":"","header-below-stick-meta":"","astra-migrate-meta-layouts":"default","ast-page-background-enabled":"default","ast-page-background-meta":{"desktop":{"background-color":"","background-image":"","background-repeat":"repeat","background-position":"center center","background-size":"auto","background-attachment":"scroll","background-type":"","background-media":"","overlay-type":"","overlay-color":"","overlay-opacity":"","overlay-gradient":""},"tablet":{"background-color":"","background-image":"","background-repeat":"repeat","background-position":"center center","background-size":"auto","background-attachment":"scroll","background-type":"","background-media":"","overlay-type":"","overlay-color":"","overlay-opacity":"","overlay-gradient":""},"mobile":{"background-color":"","background-image":"","background-repeat":"repeat","background-position":"center center","background-size":"auto","background-attachment":"scroll","background-type":"","background-media":"","overlay-type":"","overlay-color":"","overlay-opacity":"","overlay-gradient":""}},"ast-content-background-meta":{"desktop":{"background-color":"var(--ast-global-color-5)","background-image":"","background-repeat":"repeat","background-position":"center center","background-size":"auto","background-attachment":"scroll","background-type":"","background-media":"","overlay-type":"","overlay-color":"","overlay-opacity":"","overlay-gradient":""},"tablet":{"background-color":"var(--ast-global-color-5)","background-image":"","background-repeat":"repeat","background-position":"center center","background-size":"auto","background-attachment":"scroll","background-type":"","background-media":"","overlay-type":"","overlay-color":"","overlay-opacity":"","overlay-gradient":""},"mobile":{"background-color":"var(--ast-global-color-5)","background-image":"","background-repeat":"repeat","background-position":"center center","background-size":"auto","background-attachment":"scroll","background-type":"","background-media":"","overlay-type":"","overlay-color":"","overlay-opacity":"","overlay-gradient":""}},"_glsr_average":0,"_glsr_ranking":0,"_glsr_reviews":0},"product_brand":[224],"product_cat":[172,27],"product_tag":[74,184,102],"class_list":{"0":"post-6800","1":"product","2":"type-product","3":"status-publish","4":"has-post-thumbnail","6":"product_brand-folliamala","7":"product_cat-zodiaco","8":"product_cat-traditionelle-malaketten","9":"product_tag-aquamarin","10":"product_tag-holz","11":"product_tag-jade","12":"desktop-align-center","13":"tablet-align-left","14":"mobile-align-left","16":"first","17":"instock","18":"featured","19":"sold-individually","20":"shipping-taxable","21":"purchasable","22":"product-type-simple","23":"wpzoom-wc-spi-has-enabled"},"yoast_head":"<!-- This site is optimized with the Yoast SEO plugin v27.4 - https:\/\/yoast.com\/product\/yoast-seo-wordpress\/ -->\n<title>Wassermann-Mala &#8211; Folliamala<\/title>\n<meta name=\"description\" content=\"Wassermann-Mala, Sternzeichen Wassermann. Bist du zwischen dem 20. Januar und dem 19. Februar geboren? Dann ist das ist deine Mala Kette!\" \/>\n<meta name=\"robots\" content=\"index, follow, max-snippet:-1, max-image-preview:large, max-video-preview:-1\" \/>\n<link rel=\"canonical\" href=\"https:\/\/folliamala.ch\/it\/product\/wassermann-mala\/\" \/>\n<meta property=\"og:locale\" content=\"it_IT\" \/>\n<meta property=\"og:type\" content=\"article\" \/>\n<meta property=\"og:title\" content=\"Wassermann-Mala &#8211; Folliamala\" \/>\n<meta property=\"og:description\" content=\"Wassermann-Mala, Sternzeichen Wassermann. Bist du zwischen dem 20. Januar und dem 19. Februar geboren? Dann ist das ist deine Mala Kette!\" \/>\n<meta property=\"og:url\" content=\"https:\/\/folliamala.ch\/it\/product\/wassermann-mala\/\" \/>\n<meta property=\"og:site_name\" content=\"Folliamala\" \/>\n<meta property=\"article:publisher\" content=\"https:\/\/www.facebook.com\/folliamala\/\" \/>\n<meta property=\"article:modified_time\" content=\"2025-08-23T15:50:39+00:00\" \/>\n<meta property=\"og:image\" content=\"https:\/\/folliamala.ch\/wp-content\/uploads\/2022\/09\/Wassermann_o.jpg\" \/>\n\t<meta property=\"og:image:width\" content=\"1000\" \/>\n\t<meta property=\"og:image:height\" content=\"1000\" \/>\n\t<meta property=\"og:image:type\" content=\"image\/jpeg\" \/>\n<meta name=\"twitter:card\" content=\"summary_large_image\" \/>\n<meta name=\"twitter:label1\" content=\"Tempo di lettura stimato\" \/>\n\t<meta name=\"twitter:data1\" content=\"1 minuto\" \/>\n<script type=\"application\/ld+json\" class=\"yoast-schema-graph\">{\"@context\":\"https:\\\/\\\/schema.org\",\"@graph\":[{\"@type\":\"WebPage\",\"@id\":\"https:\\\/\\\/folliamala.ch\\\/product\\\/wassermann-mala\\\/\",\"url\":\"https:\\\/\\\/folliamala.ch\\\/product\\\/wassermann-mala\\\/\",\"name\":\"Wassermann-Mala &#8211; Folliamala\",\"isPartOf\":{\"@id\":\"https:\\\/\\\/folliamala.ch\\\/#website\"},\"primaryImageOfPage\":{\"@id\":\"https:\\\/\\\/folliamala.ch\\\/product\\\/wassermann-mala\\\/#primaryimage\"},\"image\":{\"@id\":\"https:\\\/\\\/folliamala.ch\\\/product\\\/wassermann-mala\\\/#primaryimage\"},\"thumbnailUrl\":\"https:\\\/\\\/folliamala.ch\\\/wp-content\\\/uploads\\\/2022\\\/09\\\/Wassermann_o.jpg\",\"datePublished\":\"2022-09-03T20:55:02+00:00\",\"dateModified\":\"2025-08-23T15:50:39+00:00\",\"description\":\"Wassermann-Mala, Sternzeichen Wassermann. Bist du zwischen dem 20. Januar und dem 19. Februar geboren? Dann ist das ist deine Mala Kette!\",\"breadcrumb\":{\"@id\":\"https:\\\/\\\/folliamala.ch\\\/product\\\/wassermann-mala\\\/#breadcrumb\"},\"inLanguage\":\"it-IT\",\"potentialAction\":[{\"@type\":\"ReadAction\",\"target\":[\"https:\\\/\\\/folliamala.ch\\\/product\\\/wassermann-mala\\\/\"]}]},{\"@type\":\"ImageObject\",\"inLanguage\":\"it-IT\",\"@id\":\"https:\\\/\\\/folliamala.ch\\\/product\\\/wassermann-mala\\\/#primaryimage\",\"url\":\"https:\\\/\\\/folliamala.ch\\\/wp-content\\\/uploads\\\/2022\\\/09\\\/Wassermann_o.jpg\",\"contentUrl\":\"https:\\\/\\\/folliamala.ch\\\/wp-content\\\/uploads\\\/2022\\\/09\\\/Wassermann_o.jpg\",\"width\":1000,\"height\":1000,\"caption\":\"Sternzeichen-Mala Kette Wassermann\"},{\"@type\":\"BreadcrumbList\",\"@id\":\"https:\\\/\\\/folliamala.ch\\\/product\\\/wassermann-mala\\\/#breadcrumb\",\"itemListElement\":[{\"@type\":\"ListItem\",\"position\":1,\"name\":\"Startseite\",\"item\":\"https:\\\/\\\/folliamala.ch\\\/\"},{\"@type\":\"ListItem\",\"position\":2,\"name\":\"Shop\",\"item\":\"https:\\\/\\\/folliamala.ch\\\/store\\\/\"},{\"@type\":\"ListItem\",\"position\":3,\"name\":\"Wassermann-Mala\"}]},{\"@type\":\"WebSite\",\"@id\":\"https:\\\/\\\/folliamala.ch\\\/#website\",\"url\":\"https:\\\/\\\/folliamala.ch\\\/\",\"name\":\"Folliamala\",\"description\":\"Mala Ketten &amp; Armb\u00e4nder\",\"publisher\":{\"@id\":\"https:\\\/\\\/folliamala.ch\\\/#organization\"},\"potentialAction\":[{\"@type\":\"SearchAction\",\"target\":{\"@type\":\"EntryPoint\",\"urlTemplate\":\"https:\\\/\\\/folliamala.ch\\\/?s={search_term_string}\"},\"query-input\":{\"@type\":\"PropertyValueSpecification\",\"valueRequired\":true,\"valueName\":\"search_term_string\"}}],\"inLanguage\":\"it-IT\"},{\"@type\":\"Organization\",\"@id\":\"https:\\\/\\\/folliamala.ch\\\/#organization\",\"name\":\"Folliamala\",\"url\":\"https:\\\/\\\/folliamala.ch\\\/\",\"logo\":{\"@type\":\"ImageObject\",\"inLanguage\":\"it-IT\",\"@id\":\"https:\\\/\\\/folliamala.ch\\\/#\\\/schema\\\/logo\\\/image\\\/\",\"url\":\"https:\\\/\\\/folliamala.ch\\\/wp-content\\\/uploads\\\/2021\\\/08\\\/folliamala_logo.png\",\"contentUrl\":\"https:\\\/\\\/folliamala.ch\\\/wp-content\\\/uploads\\\/2021\\\/08\\\/folliamala_logo.png\",\"width\":529,\"height\":109,\"caption\":\"Folliamala\"},\"image\":{\"@id\":\"https:\\\/\\\/folliamala.ch\\\/#\\\/schema\\\/logo\\\/image\\\/\"},\"sameAs\":[\"https:\\\/\\\/www.facebook.com\\\/folliamala\\\/\",\"https:\\\/\\\/www.instagram.com\\\/folliamala\\\/\",\"https:\\\/\\\/www.pinterest.de\\\/folliamala\\\/\"]}]}<\/script>\n<!-- \/ Yoast SEO plugin. -->","yoast_head_json":{"title":"Mala dell'Acquario - Folliamala","description":"Aquarius Mala, segno zodiacale Acquario. Siete nati tra il 20 gennaio e il 19 febbraio? Allora questa \u00e8 la vostra collana mala!","robots":{"index":"index","follow":"follow","max-snippet":"max-snippet:-1","max-image-preview":"max-image-preview:large","max-video-preview":"max-video-preview:-1"},"canonical":"https:\/\/folliamala.ch\/it\/product\/wassermann-mala\/","og_locale":"it_IT","og_type":"article","og_title":"Wassermann-Mala &#8211; Folliamala","og_description":"Wassermann-Mala, Sternzeichen Wassermann. Bist du zwischen dem 20. Januar und dem 19. Februar geboren? Dann ist das ist deine Mala Kette!","og_url":"https:\/\/folliamala.ch\/it\/product\/wassermann-mala\/","og_site_name":"Folliamala","article_publisher":"https:\/\/www.facebook.com\/folliamala\/","article_modified_time":"2025-08-23T15:50:39+00:00","og_image":[{"width":1000,"height":1000,"url":"https:\/\/folliamala.ch\/wp-content\/uploads\/2022\/09\/Wassermann_o.jpg","type":"image\/jpeg"}],"twitter_card":"summary_large_image","twitter_misc":{"Tempo di lettura stimato":"1 minuto"},"schema":{"@context":"https:\/\/schema.org","@graph":[{"@type":"WebPage","@id":"https:\/\/folliamala.ch\/product\/wassermann-mala\/","url":"https:\/\/folliamala.ch\/product\/wassermann-mala\/","name":"Mala dell'Acquario - Folliamala","isPartOf":{"@id":"https:\/\/folliamala.ch\/#website"},"primaryImageOfPage":{"@id":"https:\/\/folliamala.ch\/product\/wassermann-mala\/#primaryimage"},"image":{"@id":"https:\/\/folliamala.ch\/product\/wassermann-mala\/#primaryimage"},"thumbnailUrl":"https:\/\/folliamala.ch\/wp-content\/uploads\/2022\/09\/Wassermann_o.jpg","datePublished":"2022-09-03T20:55:02+00:00","dateModified":"2025-08-23T15:50:39+00:00","description":"Aquarius Mala, segno zodiacale Acquario. Siete nati tra il 20 gennaio e il 19 febbraio? Allora questa \u00e8 la vostra collana mala!","breadcrumb":{"@id":"https:\/\/folliamala.ch\/product\/wassermann-mala\/#breadcrumb"},"inLanguage":"it-IT","potentialAction":[{"@type":"ReadAction","target":["https:\/\/folliamala.ch\/product\/wassermann-mala\/"]}]},{"@type":"ImageObject","inLanguage":"it-IT","@id":"https:\/\/folliamala.ch\/product\/wassermann-mala\/#primaryimage","url":"https:\/\/folliamala.ch\/wp-content\/uploads\/2022\/09\/Wassermann_o.jpg","contentUrl":"https:\/\/folliamala.ch\/wp-content\/uploads\/2022\/09\/Wassermann_o.jpg","width":1000,"height":1000,"caption":"Sternzeichen-Mala Kette Wassermann"},{"@type":"BreadcrumbList","@id":"https:\/\/folliamala.ch\/product\/wassermann-mala\/#breadcrumb","itemListElement":[{"@type":"ListItem","position":1,"name":"Startseite","item":"https:\/\/folliamala.ch\/"},{"@type":"ListItem","position":2,"name":"Shop","item":"https:\/\/folliamala.ch\/store\/"},{"@type":"ListItem","position":3,"name":"Wassermann-Mala"}]},{"@type":"WebSite","@id":"https:\/\/folliamala.ch\/#website","url":"https:\/\/folliamala.ch\/","name":"Folliamala","description":"Collane e bracciali Mala","publisher":{"@id":"https:\/\/folliamala.ch\/#organization"},"potentialAction":[{"@type":"SearchAction","target":{"@type":"EntryPoint","urlTemplate":"https:\/\/folliamala.ch\/?s={search_term_string}"},"query-input":{"@type":"PropertyValueSpecification","valueRequired":true,"valueName":"search_term_string"}}],"inLanguage":"it-IT"},{"@type":"Organization","@id":"https:\/\/folliamala.ch\/#organization","name":"Folliamala","url":"https:\/\/folliamala.ch\/","logo":{"@type":"ImageObject","inLanguage":"it-IT","@id":"https:\/\/folliamala.ch\/#\/schema\/logo\/image\/","url":"https:\/\/folliamala.ch\/wp-content\/uploads\/2021\/08\/folliamala_logo.png","contentUrl":"https:\/\/folliamala.ch\/wp-content\/uploads\/2021\/08\/folliamala_logo.png","width":529,"height":109,"caption":"Folliamala"},"image":{"@id":"https:\/\/folliamala.ch\/#\/schema\/logo\/image\/"},"sameAs":["https:\/\/www.facebook.com\/folliamala\/","https:\/\/www.instagram.com\/folliamala\/","https:\/\/www.pinterest.de\/folliamala\/"]}]}},"_links":{"self":[{"href":"https:\/\/folliamala.ch\/it\/wp-json\/wp\/v2\/product\/6800","targetHints":{"allow":["GET"]}}],"collection":[{"href":"https:\/\/folliamala.ch\/it\/wp-json\/wp\/v2\/product"}],"about":[{"href":"https:\/\/folliamala.ch\/it\/wp-json\/wp\/v2\/types\/product"}],"version-history":[{"count":12,"href":"https:\/\/folliamala.ch\/it\/wp-json\/wp\/v2\/product\/6800\/revisions"}],"predecessor-version":[{"id":9219,"href":"https:\/\/folliamala.ch\/it\/wp-json\/wp\/v2\/product\/6800\/revisions\/9219"}],"wp:featuredmedia":[{"embeddable":true,"href":"https:\/\/folliamala.ch\/it\/wp-json\/wp\/v2\/media\/6767"}],"wp:attachment":[{"href":"https:\/\/folliamala.ch\/it\/wp-json\/wp\/v2\/media?parent=6800"}],"wp:term":[{"taxonomy":"product_brand","embeddable":true,"href":"https:\/\/folliamala.ch\/it\/wp-json\/wp\/v2\/product_brand?post=6800"},{"taxonomy":"product_cat","embeddable":true,"href":"https:\/\/folliamala.ch\/it\/wp-json\/wp\/v2\/product_cat?post=6800"},{"taxonomy":"product_tag","embeddable":true,"href":"https:\/\/folliamala.ch\/it\/wp-json\/wp\/v2\/product_tag?post=6800"}],"curies":[{"name":"wp","href":"https:\/\/api.w.org\/{rel}","templated":true}]}}