{"id":8350,"date":"2022-09-03T23:44:47","date_gmt":"2022-09-03T21:44:47","guid":{"rendered":"https:\/\/folliamala.ch\/?post_type=product&#038;p=8350"},"modified":"2025-12-22T13:55:17","modified_gmt":"2025-12-22T11:55:17","slug":"widder-armband","status":"publish","type":"product","link":"https:\/\/folliamala.ch\/it\/product\/widder-armband\/","title":{"rendered":"Bracciale Ariete"},"content":{"rendered":"<p><b>Bracciale per il segno zodiacale Ariete\u00a0<\/b><\/p>\n<p><span style=\"font-weight: 400;\">Siete nati tra il 21 marzo e il 20 aprile o avete l'ascendente Ariete? Questo bracciale Ariete \u00e8 fatto per voi. <\/span><\/p>\n<p><span style=\"font-weight: 400;\">L'Ariete \u00e8 un leader dotato di grande energia, slancio e motivazione. Volete essere i primi e i migliori, e spesso ci riuscite. La vostra concentrazione \u00e8 la vostra forza, sia in privato che sul lavoro. <\/span><span style=\"font-weight: 400;\">Che abbiate 20, 50 o 90 anni, siete pieni di vitalit\u00e0 e capaci di iniziare una vita completamente nuova in qualsiasi momento. Con il vostro grande entusiasmo raggiungete i vostri obiettivi e potete raccogliere risorse inesauribili per farlo. Ma siete anche leali e calorosi e amate la vostra famiglia e i vostri amici.<\/span><\/p>\n<h6><b>Tratti dell'Ariete<\/b><\/h6>\n<p><span style=\"font-weight: 400;\">Assertivo, aggressivo, leader, dinamico, pioniere, sicuro di s\u00e9, impaziente, energico, avventuroso.<\/span><\/p>\n<h6><b>Pietre preziose per l\u2019Ariete<\/b><\/h6>\n<p class=\"translation-block\"><strong>Il granato <\/strong>\u00e8 una pietra importante per voi. Promuove l'energia e il dinamismo del vostro segno senza rendervi esuberanti. Vi d\u00e0 resistenza e capacit\u00e0 di recupero e vi aiuta ad assumere altri punti di vista.\u00a0<\/p>\n<h6><b>Dettagli del braccialetto<\/b><\/h6>\n<ul>\n<li style=\"font-weight: 400;\" aria-level=\"1\"><span style=\"font-weight: 400;\">Dimensione della perla: 6 mm<\/span><\/li>\n<li aria-level=\"1\">Con piccolo ciondolo del segno zodiacale dell'Ariete<\/li>\n<li style=\"font-weight: 400;\" aria-level=\"1\">Montato su una fascia elastica e resistente, per un comfort ottimale.<\/li>\n<li style=\"font-weight: 400;\" aria-level=\"1\">\u00a0Vestibilit\u00e0 standard per una circonferenza del polso di 16-17 cm<\/li>\n<\/ul>","protected":false},"excerpt":{"rendered":"<p><span style=\"font-weight: 400;\">Granato rosso<\/span><\/p>","protected":false},"featured_media":14092,"template":"","meta":{"site-sidebar-layout":"default","site-content-layout":"default","ast-site-content-layout":"default","site-content-style":"default","site-sidebar-style":"default","ast-global-header-display":"","ast-banner-title-visibility":"","ast-main-header-display":"","ast-hfb-above-header-display":"","ast-hfb-below-header-display":"","ast-hfb-mobile-header-display":"","site-post-title":"","ast-breadcrumbs-content":"","ast-featured-img":"","footer-sml-layout":"","ast-disable-related-posts":"","theme-transparent-header-meta":"default","adv-header-id-meta":"","stick-header-meta":"","header-above-stick-meta":"","header-main-stick-meta":"","header-below-stick-meta":"","astra-migrate-meta-layouts":"set","ast-page-background-enabled":"default","ast-page-background-meta":{"desktop":{"background-color":"","background-image":"","background-repeat":"repeat","background-position":"center center","background-size":"auto","background-attachment":"scroll","background-type":"","background-media":"","overlay-type":"","overlay-color":"","overlay-opacity":"","overlay-gradient":""},"tablet":{"background-color":"","background-image":"","background-repeat":"repeat","background-position":"center center","background-size":"auto","background-attachment":"scroll","background-type":"","background-media":"","overlay-type":"","overlay-color":"","overlay-opacity":"","overlay-gradient":""},"mobile":{"background-color":"","background-image":"","background-repeat":"repeat","background-position":"center center","background-size":"auto","background-attachment":"scroll","background-type":"","background-media":"","overlay-type":"","overlay-color":"","overlay-opacity":"","overlay-gradient":""}},"ast-content-background-meta":{"desktop":{"background-color":"var(--ast-global-color-5)","background-image":"","background-repeat":"repeat","background-position":"center center","background-size":"auto","background-attachment":"scroll","background-type":"","background-media":"","overlay-type":"","overlay-color":"","overlay-opacity":"","overlay-gradient":""},"tablet":{"background-color":"var(--ast-global-color-5)","background-image":"","background-repeat":"repeat","background-position":"center center","background-size":"auto","background-attachment":"scroll","background-type":"","background-media":"","overlay-type":"","overlay-color":"","overlay-opacity":"","overlay-gradient":""},"mobile":{"background-color":"var(--ast-global-color-5)","background-image":"","background-repeat":"repeat","background-position":"center center","background-size":"auto","background-attachment":"scroll","background-type":"","background-media":"","overlay-type":"","overlay-color":"","overlay-opacity":"","overlay-gradient":""}},"_glsr_average":0,"_glsr_ranking":0,"_glsr_reviews":0},"product_brand":[224],"product_cat":[127,172],"product_tag":[173],"class_list":{"0":"post-8350","1":"product","2":"type-product","3":"status-publish","4":"has-post-thumbnail","6":"product_brand-folliamala","7":"product_cat-armband","8":"product_cat-zodiaco","9":"product_tag-granat","10":"desktop-align-center","11":"tablet-align-left","12":"mobile-align-left","14":"first","15":"instock","16":"shipping-taxable","17":"purchasable","18":"product-type-simple","19":"wpzoom-wc-spi-has-enabled"},"yoast_head":"<!-- This site is optimized with the Yoast SEO plugin v27.4 - https:\/\/yoast.com\/product\/yoast-seo-wordpress\/ -->\n<title>Widder-Armband &#8211; Folliamala<\/title>\n<meta name=\"description\" content=\"Widder-Armband f\u00fcr das Sternzeichen Widder.\u00a0Bist du zwischen dem 20. M\u00e4rz und den 19. April geboren oder hast du den Widder im Aszendent?\" \/>\n<meta name=\"robots\" content=\"index, follow, max-snippet:-1, max-image-preview:large, max-video-preview:-1\" \/>\n<link rel=\"canonical\" href=\"https:\/\/folliamala.ch\/it\/product\/widder-armband\/\" \/>\n<meta property=\"og:locale\" content=\"it_IT\" \/>\n<meta property=\"og:type\" content=\"article\" \/>\n<meta property=\"og:title\" content=\"Widder-Armband &#8211; Folliamala\" \/>\n<meta property=\"og:description\" content=\"Widder-Armband f\u00fcr das Sternzeichen Widder.\u00a0Bist du zwischen dem 20. M\u00e4rz und den 19. April geboren oder hast du den Widder im Aszendent?\" \/>\n<meta property=\"og:url\" content=\"https:\/\/folliamala.ch\/it\/product\/widder-armband\/\" \/>\n<meta property=\"og:site_name\" content=\"Folliamala\" \/>\n<meta property=\"article:publisher\" content=\"https:\/\/www.facebook.com\/folliamala\/\" \/>\n<meta property=\"article:modified_time\" content=\"2025-12-22T11:55:17+00:00\" \/>\n<meta property=\"og:image\" content=\"https:\/\/folliamala.ch\/wp-content\/uploads\/2022\/09\/Widder_Armband_v.webp\" \/>\n\t<meta property=\"og:image:width\" content=\"1000\" \/>\n\t<meta property=\"og:image:height\" content=\"1000\" \/>\n\t<meta property=\"og:image:type\" content=\"image\/webp\" \/>\n<meta name=\"twitter:card\" content=\"summary_large_image\" \/>\n<meta name=\"twitter:label1\" content=\"Tempo di lettura stimato\" \/>\n\t<meta name=\"twitter:data1\" content=\"1 minuto\" \/>\n<script type=\"application\/ld+json\" class=\"yoast-schema-graph\">{\"@context\":\"https:\\\/\\\/schema.org\",\"@graph\":[{\"@type\":\"WebPage\",\"@id\":\"https:\\\/\\\/folliamala.ch\\\/product\\\/widder-armband\\\/\",\"url\":\"https:\\\/\\\/folliamala.ch\\\/product\\\/widder-armband\\\/\",\"name\":\"Widder-Armband &#8211; Folliamala\",\"isPartOf\":{\"@id\":\"https:\\\/\\\/folliamala.ch\\\/#website\"},\"primaryImageOfPage\":{\"@id\":\"https:\\\/\\\/folliamala.ch\\\/product\\\/widder-armband\\\/#primaryimage\"},\"image\":{\"@id\":\"https:\\\/\\\/folliamala.ch\\\/product\\\/widder-armband\\\/#primaryimage\"},\"thumbnailUrl\":\"https:\\\/\\\/folliamala.ch\\\/wp-content\\\/uploads\\\/2022\\\/09\\\/Widder_Armband_v.webp\",\"datePublished\":\"2022-09-03T21:44:47+00:00\",\"dateModified\":\"2025-12-22T11:55:17+00:00\",\"description\":\"Widder-Armband f\u00fcr das Sternzeichen Widder.\u00a0Bist du zwischen dem 20. M\u00e4rz und den 19. April geboren oder hast du den Widder im Aszendent?\",\"breadcrumb\":{\"@id\":\"https:\\\/\\\/folliamala.ch\\\/product\\\/widder-armband\\\/#breadcrumb\"},\"inLanguage\":\"it-IT\",\"potentialAction\":[{\"@type\":\"ReadAction\",\"target\":[\"https:\\\/\\\/folliamala.ch\\\/product\\\/widder-armband\\\/\"]}]},{\"@type\":\"ImageObject\",\"inLanguage\":\"it-IT\",\"@id\":\"https:\\\/\\\/folliamala.ch\\\/product\\\/widder-armband\\\/#primaryimage\",\"url\":\"https:\\\/\\\/folliamala.ch\\\/wp-content\\\/uploads\\\/2022\\\/09\\\/Widder_Armband_v.webp\",\"contentUrl\":\"https:\\\/\\\/folliamala.ch\\\/wp-content\\\/uploads\\\/2022\\\/09\\\/Widder_Armband_v.webp\",\"width\":1000,\"height\":1000,\"caption\":\"Sternzeichen-Armband Widder\"},{\"@type\":\"BreadcrumbList\",\"@id\":\"https:\\\/\\\/folliamala.ch\\\/product\\\/widder-armband\\\/#breadcrumb\",\"itemListElement\":[{\"@type\":\"ListItem\",\"position\":1,\"name\":\"Startseite\",\"item\":\"https:\\\/\\\/folliamala.ch\\\/\"},{\"@type\":\"ListItem\",\"position\":2,\"name\":\"Shop\",\"item\":\"https:\\\/\\\/folliamala.ch\\\/store\\\/\"},{\"@type\":\"ListItem\",\"position\":3,\"name\":\"Widder-Armband\"}]},{\"@type\":\"WebSite\",\"@id\":\"https:\\\/\\\/folliamala.ch\\\/#website\",\"url\":\"https:\\\/\\\/folliamala.ch\\\/\",\"name\":\"Folliamala\",\"description\":\"Mala Ketten &amp; Armb\u00e4nder\",\"publisher\":{\"@id\":\"https:\\\/\\\/folliamala.ch\\\/#organization\"},\"potentialAction\":[{\"@type\":\"SearchAction\",\"target\":{\"@type\":\"EntryPoint\",\"urlTemplate\":\"https:\\\/\\\/folliamala.ch\\\/?s={search_term_string}\"},\"query-input\":{\"@type\":\"PropertyValueSpecification\",\"valueRequired\":true,\"valueName\":\"search_term_string\"}}],\"inLanguage\":\"it-IT\"},{\"@type\":\"Organization\",\"@id\":\"https:\\\/\\\/folliamala.ch\\\/#organization\",\"name\":\"Folliamala\",\"url\":\"https:\\\/\\\/folliamala.ch\\\/\",\"logo\":{\"@type\":\"ImageObject\",\"inLanguage\":\"it-IT\",\"@id\":\"https:\\\/\\\/folliamala.ch\\\/#\\\/schema\\\/logo\\\/image\\\/\",\"url\":\"https:\\\/\\\/folliamala.ch\\\/wp-content\\\/uploads\\\/2021\\\/08\\\/folliamala_logo.png\",\"contentUrl\":\"https:\\\/\\\/folliamala.ch\\\/wp-content\\\/uploads\\\/2021\\\/08\\\/folliamala_logo.png\",\"width\":529,\"height\":109,\"caption\":\"Folliamala\"},\"image\":{\"@id\":\"https:\\\/\\\/folliamala.ch\\\/#\\\/schema\\\/logo\\\/image\\\/\"},\"sameAs\":[\"https:\\\/\\\/www.facebook.com\\\/folliamala\\\/\",\"https:\\\/\\\/www.instagram.com\\\/folliamala\\\/\",\"https:\\\/\\\/www.pinterest.de\\\/folliamala\\\/\"]}]}<\/script>\n<!-- \/ Yoast SEO plugin. -->","yoast_head_json":{"title":"Bracciale Ariete - Folliamala","description":"Bracciale Ariete per il segno zodiacale Ariete. Siete nati tra il 20 marzo e il 19 aprile o avete l'Ariete all'ascendente?","robots":{"index":"index","follow":"follow","max-snippet":"max-snippet:-1","max-image-preview":"max-image-preview:large","max-video-preview":"max-video-preview:-1"},"canonical":"https:\/\/folliamala.ch\/it\/product\/widder-armband\/","og_locale":"it_IT","og_type":"article","og_title":"Widder-Armband &#8211; Folliamala","og_description":"Widder-Armband f\u00fcr das Sternzeichen Widder.\u00a0Bist du zwischen dem 20. M\u00e4rz und den 19. April geboren oder hast du den Widder im Aszendent?","og_url":"https:\/\/folliamala.ch\/it\/product\/widder-armband\/","og_site_name":"Folliamala","article_publisher":"https:\/\/www.facebook.com\/folliamala\/","article_modified_time":"2025-12-22T11:55:17+00:00","og_image":[{"width":1000,"height":1000,"url":"https:\/\/folliamala.ch\/wp-content\/uploads\/2022\/09\/Widder_Armband_v.webp","type":"image\/webp"}],"twitter_card":"summary_large_image","twitter_misc":{"Tempo di lettura stimato":"1 minuto"},"schema":{"@context":"https:\/\/schema.org","@graph":[{"@type":"WebPage","@id":"https:\/\/folliamala.ch\/product\/widder-armband\/","url":"https:\/\/folliamala.ch\/product\/widder-armband\/","name":"Bracciale Ariete - Folliamala","isPartOf":{"@id":"https:\/\/folliamala.ch\/#website"},"primaryImageOfPage":{"@id":"https:\/\/folliamala.ch\/product\/widder-armband\/#primaryimage"},"image":{"@id":"https:\/\/folliamala.ch\/product\/widder-armband\/#primaryimage"},"thumbnailUrl":"https:\/\/folliamala.ch\/wp-content\/uploads\/2022\/09\/Widder_Armband_v.webp","datePublished":"2022-09-03T21:44:47+00:00","dateModified":"2025-12-22T11:55:17+00:00","description":"Bracciale Ariete per il segno zodiacale Ariete. Siete nati tra il 20 marzo e il 19 aprile o avete l'Ariete all'ascendente?","breadcrumb":{"@id":"https:\/\/folliamala.ch\/product\/widder-armband\/#breadcrumb"},"inLanguage":"it-IT","potentialAction":[{"@type":"ReadAction","target":["https:\/\/folliamala.ch\/product\/widder-armband\/"]}]},{"@type":"ImageObject","inLanguage":"it-IT","@id":"https:\/\/folliamala.ch\/product\/widder-armband\/#primaryimage","url":"https:\/\/folliamala.ch\/wp-content\/uploads\/2022\/09\/Widder_Armband_v.webp","contentUrl":"https:\/\/folliamala.ch\/wp-content\/uploads\/2022\/09\/Widder_Armband_v.webp","width":1000,"height":1000,"caption":"Sternzeichen-Armband Widder"},{"@type":"BreadcrumbList","@id":"https:\/\/folliamala.ch\/product\/widder-armband\/#breadcrumb","itemListElement":[{"@type":"ListItem","position":1,"name":"Startseite","item":"https:\/\/folliamala.ch\/"},{"@type":"ListItem","position":2,"name":"Shop","item":"https:\/\/folliamala.ch\/store\/"},{"@type":"ListItem","position":3,"name":"Widder-Armband"}]},{"@type":"WebSite","@id":"https:\/\/folliamala.ch\/#website","url":"https:\/\/folliamala.ch\/","name":"Folliamala","description":"Collane e bracciali Mala","publisher":{"@id":"https:\/\/folliamala.ch\/#organization"},"potentialAction":[{"@type":"SearchAction","target":{"@type":"EntryPoint","urlTemplate":"https:\/\/folliamala.ch\/?s={search_term_string}"},"query-input":{"@type":"PropertyValueSpecification","valueRequired":true,"valueName":"search_term_string"}}],"inLanguage":"it-IT"},{"@type":"Organization","@id":"https:\/\/folliamala.ch\/#organization","name":"Folliamala","url":"https:\/\/folliamala.ch\/","logo":{"@type":"ImageObject","inLanguage":"it-IT","@id":"https:\/\/folliamala.ch\/#\/schema\/logo\/image\/","url":"https:\/\/folliamala.ch\/wp-content\/uploads\/2021\/08\/folliamala_logo.png","contentUrl":"https:\/\/folliamala.ch\/wp-content\/uploads\/2021\/08\/folliamala_logo.png","width":529,"height":109,"caption":"Folliamala"},"image":{"@id":"https:\/\/folliamala.ch\/#\/schema\/logo\/image\/"},"sameAs":["https:\/\/www.facebook.com\/folliamala\/","https:\/\/www.instagram.com\/folliamala\/","https:\/\/www.pinterest.de\/folliamala\/"]}]}},"_links":{"self":[{"href":"https:\/\/folliamala.ch\/it\/wp-json\/wp\/v2\/product\/8350","targetHints":{"allow":["GET"]}}],"collection":[{"href":"https:\/\/folliamala.ch\/it\/wp-json\/wp\/v2\/product"}],"about":[{"href":"https:\/\/folliamala.ch\/it\/wp-json\/wp\/v2\/types\/product"}],"version-history":[{"count":6,"href":"https:\/\/folliamala.ch\/it\/wp-json\/wp\/v2\/product\/8350\/revisions"}],"predecessor-version":[{"id":14096,"href":"https:\/\/folliamala.ch\/it\/wp-json\/wp\/v2\/product\/8350\/revisions\/14096"}],"wp:featuredmedia":[{"embeddable":true,"href":"https:\/\/folliamala.ch\/it\/wp-json\/wp\/v2\/media\/14092"}],"wp:attachment":[{"href":"https:\/\/folliamala.ch\/it\/wp-json\/wp\/v2\/media?parent=8350"}],"wp:term":[{"taxonomy":"product_brand","embeddable":true,"href":"https:\/\/folliamala.ch\/it\/wp-json\/wp\/v2\/product_brand?post=8350"},{"taxonomy":"product_cat","embeddable":true,"href":"https:\/\/folliamala.ch\/it\/wp-json\/wp\/v2\/product_cat?post=8350"},{"taxonomy":"product_tag","embeddable":true,"href":"https:\/\/folliamala.ch\/it\/wp-json\/wp\/v2\/product_tag?post=8350"}],"curies":[{"name":"wp","href":"https:\/\/api.w.org\/{rel}","templated":true}]}}