{"id":8360,"date":"2022-09-03T23:04:58","date_gmt":"2022-09-03T21:04:58","guid":{"rendered":"https:\/\/folliamala.ch\/?post_type=product&#038;p=8360"},"modified":"2025-12-22T13:56:41","modified_gmt":"2025-12-22T11:56:41","slug":"schuetze-armband","status":"publish","type":"product","link":"https:\/\/folliamala.ch\/it\/product\/schuetze-armband\/","title":{"rendered":"Bracciale Sagittario"},"content":{"rendered":"<p class=\"translation-block\"><strong><b>Bracciale per il segno zodiacale <\/b>Scorer<\/strong>.<\/p>\n<p><span style=\"font-weight: 400;\">Siete nati tra il 23 novembre e il 21 dicembre o avete il Sagittario all'ascendente? Questo bracciale del Sagittario \u00e8 fatto per voi.\u00a0<\/span><\/p>\n<p><span style=\"font-weight: 400;\">Il tuo pi\u00f9 grande desiderio \u00e8 la libert\u00e0: vuoi volare libero e in alto, senza limiti, destinazione sconosciuta. Come segno dello scopritore e ricercatore della verit\u00e0, attribuisci grande valore alla conoscenza e alla verit\u00e0.\u00a0<\/span><span style=\"font-weight: 400;\">Poich\u00e9 il tuo \u00e8 un segno di fuoco, sei pieno di entusiasmo, ottimismo e alta energia. Sei noto per essere ottimista, diffondere buon umore e ispirare gli altri ovunque vadano. Vedi il lato positivo delle cose. Sapendo che la vita offre infinite belle prospettive, vuoi visitare paesi stranieri e intraprendere le grandi avventure della vita.<\/span><\/p>\n<h6><b>Propriet\u00e0 del Sagittario<\/b><\/h6>\n<p><span style=\"font-weight: 400;\">Avventuroso, forte leader, spirituale, leggero, spiritoso, amante della libert\u00e0, onesto, ottimista, entusiasta.<\/span><\/p>\n<h6><b>Pietre preziose per il segno zodiacale del Sagittario<\/b><\/h6>\n<p><span style=\"font-weight: 400;\">La pietra principale (pietra natale) di tutti i nati del Sagittario \u00e8 il <strong>calcedonio.<\/strong> Il calcedonio supporta la conoscenza di s\u00e9 e ti aiuta a fidarti del tuo istinto e quindi a percorrere la strada giusta e vera. Anche i vincoli interiori vengono rilasciati dal calcedonio, il che significa che perdi la dipendenza dagli ideali che ti sei prefissato e prendi la vita con calma ma fermamente come viene. Il calcedonio rafforza le capacit\u00e0 di comunicazione e l'espressione di s\u00e9. Come persona fluente, sarai supportato nel portare le tue conoscenze intuitive nel mondo esterno.<\/span><\/p>\n<h6><b>Dettagli del braccialetto<\/b><\/h6>\n<ul>\n<li style=\"font-weight: 400;\" aria-level=\"1\"><span style=\"font-weight: 400;\">Dimensione della perla: 6 mm<\/span><\/li>\n<li aria-level=\"1\">Mit kleinem Sch\u00fctze-Sternzeichen-Anh\u00e4nger<\/li>\n<li style=\"font-weight: 400;\" aria-level=\"1\">Montato su una fascia elastica e resistente, per un comfort ottimale.<\/li>\n<li style=\"font-weight: 400;\" aria-level=\"1\">\u00a0Vestibilit\u00e0 standard per una circonferenza del polso di 16-17 cm<\/li>\n<\/ul>","protected":false},"excerpt":{"rendered":"<p><span style=\"font-weight: 400;\">Calcedonio<\/span><\/p>","protected":false},"featured_media":14077,"template":"","meta":{"site-sidebar-layout":"default","site-content-layout":"default","ast-site-content-layout":"default","site-content-style":"default","site-sidebar-style":"default","ast-global-header-display":"","ast-banner-title-visibility":"","ast-main-header-display":"","ast-hfb-above-header-display":"","ast-hfb-below-header-display":"","ast-hfb-mobile-header-display":"","site-post-title":"","ast-breadcrumbs-content":"","ast-featured-img":"","footer-sml-layout":"","ast-disable-related-posts":"","theme-transparent-header-meta":"default","adv-header-id-meta":"","stick-header-meta":"","header-above-stick-meta":"","header-main-stick-meta":"","header-below-stick-meta":"","astra-migrate-meta-layouts":"set","ast-page-background-enabled":"default","ast-page-background-meta":{"desktop":{"background-color":"","background-image":"","background-repeat":"repeat","background-position":"center center","background-size":"auto","background-attachment":"scroll","background-type":"","background-media":"","overlay-type":"","overlay-color":"","overlay-opacity":"","overlay-gradient":""},"tablet":{"background-color":"","background-image":"","background-repeat":"repeat","background-position":"center center","background-size":"auto","background-attachment":"scroll","background-type":"","background-media":"","overlay-type":"","overlay-color":"","overlay-opacity":"","overlay-gradient":""},"mobile":{"background-color":"","background-image":"","background-repeat":"repeat","background-position":"center center","background-size":"auto","background-attachment":"scroll","background-type":"","background-media":"","overlay-type":"","overlay-color":"","overlay-opacity":"","overlay-gradient":""}},"ast-content-background-meta":{"desktop":{"background-color":"var(--ast-global-color-5)","background-image":"","background-repeat":"repeat","background-position":"center center","background-size":"auto","background-attachment":"scroll","background-type":"","background-media":"","overlay-type":"","overlay-color":"","overlay-opacity":"","overlay-gradient":""},"tablet":{"background-color":"var(--ast-global-color-5)","background-image":"","background-repeat":"repeat","background-position":"center center","background-size":"auto","background-attachment":"scroll","background-type":"","background-media":"","overlay-type":"","overlay-color":"","overlay-opacity":"","overlay-gradient":""},"mobile":{"background-color":"var(--ast-global-color-5)","background-image":"","background-repeat":"repeat","background-position":"center center","background-size":"auto","background-attachment":"scroll","background-type":"","background-media":"","overlay-type":"","overlay-color":"","overlay-opacity":"","overlay-gradient":""}},"_glsr_average":0,"_glsr_ranking":0,"_glsr_reviews":0},"product_brand":[224],"product_cat":[127,172],"product_tag":[181],"class_list":{"0":"post-8360","1":"product","2":"type-product","3":"status-publish","4":"has-post-thumbnail","6":"product_brand-folliamala","7":"product_cat-armband","8":"product_cat-zodiaco","9":"product_tag-chalcedon","10":"desktop-align-center","11":"tablet-align-left","12":"mobile-align-left","14":"first","15":"instock","16":"sold-individually","17":"shipping-taxable","18":"purchasable","19":"product-type-simple","20":"wpzoom-wc-spi-has-enabled"},"yoast_head":"<!-- This site is optimized with the Yoast SEO plugin v27.4 - https:\/\/yoast.com\/product\/yoast-seo-wordpress\/ -->\n<title>Sch\u00fctze-Armband &#8211; Folliamala<\/title>\n<meta name=\"description\" content=\"Sch\u00fctze-Armband, Sternzeichen Sch\u00fctze. Bist du zwischen dem 23. November und dem 21. Dezember geboren? Dann ist das ist dein Armband!\" \/>\n<meta name=\"robots\" content=\"index, follow, max-snippet:-1, max-image-preview:large, max-video-preview:-1\" \/>\n<link rel=\"canonical\" href=\"https:\/\/folliamala.ch\/it\/product\/schuetze-armband\/\" \/>\n<meta property=\"og:locale\" content=\"it_IT\" \/>\n<meta property=\"og:type\" content=\"article\" \/>\n<meta property=\"og:title\" content=\"Sch\u00fctze-Armband &#8211; Folliamala\" \/>\n<meta property=\"og:description\" content=\"Sch\u00fctze-Armband, Sternzeichen Sch\u00fctze. Bist du zwischen dem 23. November und dem 21. Dezember geboren? Dann ist das ist dein Armband!\" \/>\n<meta property=\"og:url\" content=\"https:\/\/folliamala.ch\/it\/product\/schuetze-armband\/\" \/>\n<meta property=\"og:site_name\" content=\"Folliamala\" \/>\n<meta property=\"article:publisher\" content=\"https:\/\/www.facebook.com\/folliamala\/\" \/>\n<meta property=\"article:modified_time\" content=\"2025-12-22T11:56:41+00:00\" \/>\n<meta property=\"og:image\" content=\"https:\/\/folliamala.ch\/wp-content\/uploads\/2022\/09\/Schuetze_Armband_v.webp\" \/>\n\t<meta property=\"og:image:width\" content=\"1000\" \/>\n\t<meta property=\"og:image:height\" content=\"1000\" \/>\n\t<meta property=\"og:image:type\" content=\"image\/webp\" \/>\n<meta name=\"twitter:card\" content=\"summary_large_image\" \/>\n<meta name=\"twitter:label1\" content=\"Tempo di lettura stimato\" \/>\n\t<meta name=\"twitter:data1\" content=\"1 minuto\" \/>\n<script type=\"application\/ld+json\" class=\"yoast-schema-graph\">{\"@context\":\"https:\\\/\\\/schema.org\",\"@graph\":[{\"@type\":\"WebPage\",\"@id\":\"https:\\\/\\\/folliamala.ch\\\/product\\\/schuetze-armband\\\/\",\"url\":\"https:\\\/\\\/folliamala.ch\\\/product\\\/schuetze-armband\\\/\",\"name\":\"Sch\u00fctze-Armband &#8211; Folliamala\",\"isPartOf\":{\"@id\":\"https:\\\/\\\/folliamala.ch\\\/#website\"},\"primaryImageOfPage\":{\"@id\":\"https:\\\/\\\/folliamala.ch\\\/product\\\/schuetze-armband\\\/#primaryimage\"},\"image\":{\"@id\":\"https:\\\/\\\/folliamala.ch\\\/product\\\/schuetze-armband\\\/#primaryimage\"},\"thumbnailUrl\":\"https:\\\/\\\/folliamala.ch\\\/wp-content\\\/uploads\\\/2022\\\/09\\\/Schuetze_Armband_v.webp\",\"datePublished\":\"2022-09-03T21:04:58+00:00\",\"dateModified\":\"2025-12-22T11:56:41+00:00\",\"description\":\"Sch\u00fctze-Armband, Sternzeichen Sch\u00fctze. Bist du zwischen dem 23. November und dem 21. Dezember geboren? Dann ist das ist dein Armband!\",\"breadcrumb\":{\"@id\":\"https:\\\/\\\/folliamala.ch\\\/product\\\/schuetze-armband\\\/#breadcrumb\"},\"inLanguage\":\"it-IT\",\"potentialAction\":[{\"@type\":\"ReadAction\",\"target\":[\"https:\\\/\\\/folliamala.ch\\\/product\\\/schuetze-armband\\\/\"]}]},{\"@type\":\"ImageObject\",\"inLanguage\":\"it-IT\",\"@id\":\"https:\\\/\\\/folliamala.ch\\\/product\\\/schuetze-armband\\\/#primaryimage\",\"url\":\"https:\\\/\\\/folliamala.ch\\\/wp-content\\\/uploads\\\/2022\\\/09\\\/Schuetze_Armband_v.webp\",\"contentUrl\":\"https:\\\/\\\/folliamala.ch\\\/wp-content\\\/uploads\\\/2022\\\/09\\\/Schuetze_Armband_v.webp\",\"width\":1000,\"height\":1000,\"caption\":\"Sternzeichen-Armband Sch\u00fctze\"},{\"@type\":\"BreadcrumbList\",\"@id\":\"https:\\\/\\\/folliamala.ch\\\/product\\\/schuetze-armband\\\/#breadcrumb\",\"itemListElement\":[{\"@type\":\"ListItem\",\"position\":1,\"name\":\"Startseite\",\"item\":\"https:\\\/\\\/folliamala.ch\\\/\"},{\"@type\":\"ListItem\",\"position\":2,\"name\":\"Shop\",\"item\":\"https:\\\/\\\/folliamala.ch\\\/store\\\/\"},{\"@type\":\"ListItem\",\"position\":3,\"name\":\"Sch\u00fctze-Armband\"}]},{\"@type\":\"WebSite\",\"@id\":\"https:\\\/\\\/folliamala.ch\\\/#website\",\"url\":\"https:\\\/\\\/folliamala.ch\\\/\",\"name\":\"Folliamala\",\"description\":\"Mala Ketten &amp; Armb\u00e4nder\",\"publisher\":{\"@id\":\"https:\\\/\\\/folliamala.ch\\\/#organization\"},\"potentialAction\":[{\"@type\":\"SearchAction\",\"target\":{\"@type\":\"EntryPoint\",\"urlTemplate\":\"https:\\\/\\\/folliamala.ch\\\/?s={search_term_string}\"},\"query-input\":{\"@type\":\"PropertyValueSpecification\",\"valueRequired\":true,\"valueName\":\"search_term_string\"}}],\"inLanguage\":\"it-IT\"},{\"@type\":\"Organization\",\"@id\":\"https:\\\/\\\/folliamala.ch\\\/#organization\",\"name\":\"Folliamala\",\"url\":\"https:\\\/\\\/folliamala.ch\\\/\",\"logo\":{\"@type\":\"ImageObject\",\"inLanguage\":\"it-IT\",\"@id\":\"https:\\\/\\\/folliamala.ch\\\/#\\\/schema\\\/logo\\\/image\\\/\",\"url\":\"https:\\\/\\\/folliamala.ch\\\/wp-content\\\/uploads\\\/2021\\\/08\\\/folliamala_logo.png\",\"contentUrl\":\"https:\\\/\\\/folliamala.ch\\\/wp-content\\\/uploads\\\/2021\\\/08\\\/folliamala_logo.png\",\"width\":529,\"height\":109,\"caption\":\"Folliamala\"},\"image\":{\"@id\":\"https:\\\/\\\/folliamala.ch\\\/#\\\/schema\\\/logo\\\/image\\\/\"},\"sameAs\":[\"https:\\\/\\\/www.facebook.com\\\/folliamala\\\/\",\"https:\\\/\\\/www.instagram.com\\\/folliamala\\\/\",\"https:\\\/\\\/www.pinterest.de\\\/folliamala\\\/\"]}]}<\/script>\n<!-- \/ Yoast SEO plugin. -->","yoast_head_json":{"title":"Bracciale Sagittario - Folliamala","description":"Bracciale Sagittario, segno zodiacale Sagittario. Siete nati tra il 23 novembre e il 21 dicembre? Allora questo \u00e8 il vostro bracciale!","robots":{"index":"index","follow":"follow","max-snippet":"max-snippet:-1","max-image-preview":"max-image-preview:large","max-video-preview":"max-video-preview:-1"},"canonical":"https:\/\/folliamala.ch\/it\/product\/schuetze-armband\/","og_locale":"it_IT","og_type":"article","og_title":"Sch\u00fctze-Armband &#8211; Folliamala","og_description":"Sch\u00fctze-Armband, Sternzeichen Sch\u00fctze. Bist du zwischen dem 23. November und dem 21. Dezember geboren? Dann ist das ist dein Armband!","og_url":"https:\/\/folliamala.ch\/it\/product\/schuetze-armband\/","og_site_name":"Folliamala","article_publisher":"https:\/\/www.facebook.com\/folliamala\/","article_modified_time":"2025-12-22T11:56:41+00:00","og_image":[{"width":1000,"height":1000,"url":"https:\/\/folliamala.ch\/wp-content\/uploads\/2022\/09\/Schuetze_Armband_v.webp","type":"image\/webp"}],"twitter_card":"summary_large_image","twitter_misc":{"Tempo di lettura stimato":"1 minuto"},"schema":{"@context":"https:\/\/schema.org","@graph":[{"@type":"WebPage","@id":"https:\/\/folliamala.ch\/product\/schuetze-armband\/","url":"https:\/\/folliamala.ch\/product\/schuetze-armband\/","name":"Bracciale Sagittario - Folliamala","isPartOf":{"@id":"https:\/\/folliamala.ch\/#website"},"primaryImageOfPage":{"@id":"https:\/\/folliamala.ch\/product\/schuetze-armband\/#primaryimage"},"image":{"@id":"https:\/\/folliamala.ch\/product\/schuetze-armband\/#primaryimage"},"thumbnailUrl":"https:\/\/folliamala.ch\/wp-content\/uploads\/2022\/09\/Schuetze_Armband_v.webp","datePublished":"2022-09-03T21:04:58+00:00","dateModified":"2025-12-22T11:56:41+00:00","description":"Bracciale Sagittario, segno zodiacale Sagittario. Siete nati tra il 23 novembre e il 21 dicembre? Allora questo \u00e8 il vostro bracciale!","breadcrumb":{"@id":"https:\/\/folliamala.ch\/product\/schuetze-armband\/#breadcrumb"},"inLanguage":"it-IT","potentialAction":[{"@type":"ReadAction","target":["https:\/\/folliamala.ch\/product\/schuetze-armband\/"]}]},{"@type":"ImageObject","inLanguage":"it-IT","@id":"https:\/\/folliamala.ch\/product\/schuetze-armband\/#primaryimage","url":"https:\/\/folliamala.ch\/wp-content\/uploads\/2022\/09\/Schuetze_Armband_v.webp","contentUrl":"https:\/\/folliamala.ch\/wp-content\/uploads\/2022\/09\/Schuetze_Armband_v.webp","width":1000,"height":1000,"caption":"Sternzeichen-Armband Sch\u00fctze"},{"@type":"BreadcrumbList","@id":"https:\/\/folliamala.ch\/product\/schuetze-armband\/#breadcrumb","itemListElement":[{"@type":"ListItem","position":1,"name":"Startseite","item":"https:\/\/folliamala.ch\/"},{"@type":"ListItem","position":2,"name":"Shop","item":"https:\/\/folliamala.ch\/store\/"},{"@type":"ListItem","position":3,"name":"Sch\u00fctze-Armband"}]},{"@type":"WebSite","@id":"https:\/\/folliamala.ch\/#website","url":"https:\/\/folliamala.ch\/","name":"Folliamala","description":"Collane e bracciali Mala","publisher":{"@id":"https:\/\/folliamala.ch\/#organization"},"potentialAction":[{"@type":"SearchAction","target":{"@type":"EntryPoint","urlTemplate":"https:\/\/folliamala.ch\/?s={search_term_string}"},"query-input":{"@type":"PropertyValueSpecification","valueRequired":true,"valueName":"search_term_string"}}],"inLanguage":"it-IT"},{"@type":"Organization","@id":"https:\/\/folliamala.ch\/#organization","name":"Folliamala","url":"https:\/\/folliamala.ch\/","logo":{"@type":"ImageObject","inLanguage":"it-IT","@id":"https:\/\/folliamala.ch\/#\/schema\/logo\/image\/","url":"https:\/\/folliamala.ch\/wp-content\/uploads\/2021\/08\/folliamala_logo.png","contentUrl":"https:\/\/folliamala.ch\/wp-content\/uploads\/2021\/08\/folliamala_logo.png","width":529,"height":109,"caption":"Folliamala"},"image":{"@id":"https:\/\/folliamala.ch\/#\/schema\/logo\/image\/"},"sameAs":["https:\/\/www.facebook.com\/folliamala\/","https:\/\/www.instagram.com\/folliamala\/","https:\/\/www.pinterest.de\/folliamala\/"]}]}},"_links":{"self":[{"href":"https:\/\/folliamala.ch\/it\/wp-json\/wp\/v2\/product\/8360","targetHints":{"allow":["GET"]}}],"collection":[{"href":"https:\/\/folliamala.ch\/it\/wp-json\/wp\/v2\/product"}],"about":[{"href":"https:\/\/folliamala.ch\/it\/wp-json\/wp\/v2\/types\/product"}],"version-history":[{"count":6,"href":"https:\/\/folliamala.ch\/it\/wp-json\/wp\/v2\/product\/8360\/revisions"}],"predecessor-version":[{"id":14110,"href":"https:\/\/folliamala.ch\/it\/wp-json\/wp\/v2\/product\/8360\/revisions\/14110"}],"wp:featuredmedia":[{"embeddable":true,"href":"https:\/\/folliamala.ch\/it\/wp-json\/wp\/v2\/media\/14077"}],"wp:attachment":[{"href":"https:\/\/folliamala.ch\/it\/wp-json\/wp\/v2\/media?parent=8360"}],"wp:term":[{"taxonomy":"product_brand","embeddable":true,"href":"https:\/\/folliamala.ch\/it\/wp-json\/wp\/v2\/product_brand?post=8360"},{"taxonomy":"product_cat","embeddable":true,"href":"https:\/\/folliamala.ch\/it\/wp-json\/wp\/v2\/product_cat?post=8360"},{"taxonomy":"product_tag","embeddable":true,"href":"https:\/\/folliamala.ch\/it\/wp-json\/wp\/v2\/product_tag?post=8360"}],"curies":[{"name":"wp","href":"https:\/\/api.w.org\/{rel}","templated":true}]}}