{"id":8507,"date":"2022-09-03T23:37:35","date_gmt":"2022-09-03T21:37:35","guid":{"rendered":"https:\/\/folliamala.ch\/?post_type=product&#038;p=8507"},"modified":"2025-12-22T13:55:25","modified_gmt":"2025-12-22T11:55:25","slug":"stier-armband","status":"publish","type":"product","link":"https:\/\/folliamala.ch\/it\/product\/stier-armband\/","title":{"rendered":"Bracciale Toro"},"content":{"rendered":"<p><b>Bracciale per il segno zodiacale Toro\u00a0<\/b><\/p>\n<p>Siete tra i <span style=\"font-weight: 400;\">21 aprile<\/span> e 20 maggio o avete il Toro all'ascendente? Questo braccialetto Toro \u00e8 per voi.<\/p>\n<p>La vostra grande virt\u00f9 \u00e8 la pazienza, siete costanti e affidabili. Una famiglia felice, un ambiente sereno, sono cose molto importanti per voi. Prima di agire, riflettete attentamente. Perch\u00e9 non vi interessa prendere decisioni rapide o impulsive. Andate avanti con un ritmo costante e raggiungete sempre il vostro obiettivo. L'energia del Toro ha qualcosa di molto rilassante. Riesce a rilassare anche le persone pi\u00f9 nervose, semplicemente stando nella stessa stanza. Il vostro \u00e8 un segno di terra pratico. Conoscete la parsimonia, ma l'influenza di questo segno va ben oltre il denaro.<\/p>\n<h6><b>Tratti del Toro<\/b><\/h6>\n<p>Paziente, geloso, comodo, desideroso di piacere, stabile, affidabile, pratico, lavoratore, materialista, determinato.<\/p>\n<h6><b>Pietre preziose per il segno zodiacale Toro<\/b><\/h6>\n<p>Il <strong>Agata muschiata<\/strong> ist der ideale Begleiter f\u00fcr den Stier. Als Stein der Natur schenkt er Erdung, st\u00e4rkt die Ausdauer und hilft dabei, die eigenen Tr\u00e4ume mit Geduld und Zuversicht wachsen zu lassen. Er verbindet die Best\u00e4ndigkeit des Stiers mit der lebendigen Kraft der Erde. Stiere k\u00f6nnen manchmal dazu neigen, an Altem festzuhalten (Eigensinnigkeit). Der <strong>Agata muschiata<\/strong> wirkt hier sanft korrigierend: Er gilt als Stein der Befreiung, der hilft, geistige Blockaden zu l\u00f6sen und den Blick f\u00fcr neue Wege zu \u00f6ffnen, ohne die Sicherheit aufzugeben.<\/p>\n<h6><b>Dettagli del braccialetto<\/b><\/h6>\n<ul>\n<li style=\"font-weight: 400;\" aria-level=\"1\"><span style=\"font-weight: 400;\">Dimensione della perla: 6 mm<\/span><\/li>\n<li aria-level=\"1\">Mit kleinem Stier-Sternzeichen-Anh\u00e4nger<\/li>\n<li style=\"font-weight: 400;\" aria-level=\"1\">Montato su una fascia elastica e resistente, per un comfort ottimale.<\/li>\n<li style=\"font-weight: 400;\" aria-level=\"1\">\u00a0Vestibilit\u00e0 standard per una circonferenza del polso di 16-17 cm<\/li>\n<\/ul>","protected":false},"excerpt":{"rendered":"<p>Agata muschiata<\/p>","protected":false},"featured_media":14084,"template":"","meta":{"site-sidebar-layout":"default","site-content-layout":"default","ast-site-content-layout":"default","site-content-style":"default","site-sidebar-style":"default","ast-global-header-display":"","ast-banner-title-visibility":"","ast-main-header-display":"","ast-hfb-above-header-display":"","ast-hfb-below-header-display":"","ast-hfb-mobile-header-display":"","site-post-title":"","ast-breadcrumbs-content":"","ast-featured-img":"","footer-sml-layout":"","ast-disable-related-posts":"","theme-transparent-header-meta":"default","adv-header-id-meta":"","stick-header-meta":"","header-above-stick-meta":"","header-main-stick-meta":"","header-below-stick-meta":"","astra-migrate-meta-layouts":"set","ast-page-background-enabled":"default","ast-page-background-meta":{"desktop":{"background-color":"","background-image":"","background-repeat":"repeat","background-position":"center center","background-size":"auto","background-attachment":"scroll","background-type":"","background-media":"","overlay-type":"","overlay-color":"","overlay-opacity":"","overlay-gradient":""},"tablet":{"background-color":"","background-image":"","background-repeat":"repeat","background-position":"center center","background-size":"auto","background-attachment":"scroll","background-type":"","background-media":"","overlay-type":"","overlay-color":"","overlay-opacity":"","overlay-gradient":""},"mobile":{"background-color":"","background-image":"","background-repeat":"repeat","background-position":"center center","background-size":"auto","background-attachment":"scroll","background-type":"","background-media":"","overlay-type":"","overlay-color":"","overlay-opacity":"","overlay-gradient":""}},"ast-content-background-meta":{"desktop":{"background-color":"var(--ast-global-color-5)","background-image":"","background-repeat":"repeat","background-position":"center center","background-size":"auto","background-attachment":"scroll","background-type":"","background-media":"","overlay-type":"","overlay-color":"","overlay-opacity":"","overlay-gradient":""},"tablet":{"background-color":"var(--ast-global-color-5)","background-image":"","background-repeat":"repeat","background-position":"center center","background-size":"auto","background-attachment":"scroll","background-type":"","background-media":"","overlay-type":"","overlay-color":"","overlay-opacity":"","overlay-gradient":""},"mobile":{"background-color":"var(--ast-global-color-5)","background-image":"","background-repeat":"repeat","background-position":"center center","background-size":"auto","background-attachment":"scroll","background-type":"","background-media":"","overlay-type":"","overlay-color":"","overlay-opacity":"","overlay-gradient":""}},"_glsr_average":0,"_glsr_ranking":0,"_glsr_reviews":0},"product_brand":[224],"product_cat":[127,172],"product_tag":[176],"class_list":{"0":"post-8507","1":"product","2":"type-product","3":"status-publish","4":"has-post-thumbnail","6":"product_brand-folliamala","7":"product_cat-armband","8":"product_cat-zodiaco","9":"product_tag-moosachat","10":"desktop-align-center","11":"tablet-align-left","12":"mobile-align-left","14":"first","15":"instock","16":"shipping-taxable","17":"purchasable","18":"product-type-simple","19":"wpzoom-wc-spi-has-enabled"},"yoast_head":"<!-- This site is optimized with the Yoast SEO plugin v27.4 - https:\/\/yoast.com\/product\/yoast-seo-wordpress\/ -->\n<title>Stier-Armband &#8211; Folliamala<\/title>\n<meta name=\"description\" content=\"Stier-Armband f\u00fcr das Sternzeichen Stier.\u00a0Bist du zwischen dem 19. April und dem 20. Mai geboren oder hast den Stier im Aszendent? Das ist dein Armband.\" \/>\n<meta name=\"robots\" content=\"index, follow, max-snippet:-1, max-image-preview:large, max-video-preview:-1\" \/>\n<link rel=\"canonical\" href=\"https:\/\/folliamala.ch\/it\/product\/stier-armband\/\" \/>\n<meta property=\"og:locale\" content=\"it_IT\" \/>\n<meta property=\"og:type\" content=\"article\" \/>\n<meta property=\"og:title\" content=\"Stier-Armband &#8211; Folliamala\" \/>\n<meta property=\"og:description\" content=\"Stier-Armband f\u00fcr das Sternzeichen Stier.\u00a0Bist du zwischen dem 19. April und dem 20. Mai geboren oder hast den Stier im Aszendent? Das ist dein Armband.\" \/>\n<meta property=\"og:url\" content=\"https:\/\/folliamala.ch\/it\/product\/stier-armband\/\" \/>\n<meta property=\"og:site_name\" content=\"Folliamala\" \/>\n<meta property=\"article:publisher\" content=\"https:\/\/www.facebook.com\/folliamala\/\" \/>\n<meta property=\"article:modified_time\" content=\"2025-12-22T11:55:25+00:00\" \/>\n<meta property=\"og:image\" content=\"https:\/\/folliamala.ch\/wp-content\/uploads\/2022\/09\/Stier_Armband_o1.webp\" \/>\n\t<meta property=\"og:image:width\" content=\"1000\" \/>\n\t<meta property=\"og:image:height\" content=\"1000\" \/>\n\t<meta property=\"og:image:type\" content=\"image\/webp\" \/>\n<meta name=\"twitter:card\" content=\"summary_large_image\" \/>\n<meta name=\"twitter:label1\" content=\"Tempo di lettura stimato\" \/>\n\t<meta name=\"twitter:data1\" content=\"1 minuto\" \/>\n<script type=\"application\/ld+json\" class=\"yoast-schema-graph\">{\"@context\":\"https:\\\/\\\/schema.org\",\"@graph\":[{\"@type\":\"WebPage\",\"@id\":\"https:\\\/\\\/folliamala.ch\\\/product\\\/stier-armband\\\/\",\"url\":\"https:\\\/\\\/folliamala.ch\\\/product\\\/stier-armband\\\/\",\"name\":\"Stier-Armband &#8211; Folliamala\",\"isPartOf\":{\"@id\":\"https:\\\/\\\/folliamala.ch\\\/#website\"},\"primaryImageOfPage\":{\"@id\":\"https:\\\/\\\/folliamala.ch\\\/product\\\/stier-armband\\\/#primaryimage\"},\"image\":{\"@id\":\"https:\\\/\\\/folliamala.ch\\\/product\\\/stier-armband\\\/#primaryimage\"},\"thumbnailUrl\":\"https:\\\/\\\/folliamala.ch\\\/wp-content\\\/uploads\\\/2022\\\/09\\\/Stier_Armband_o1.webp\",\"datePublished\":\"2022-09-03T21:37:35+00:00\",\"dateModified\":\"2025-12-22T11:55:25+00:00\",\"description\":\"Stier-Armband f\u00fcr das Sternzeichen Stier.\u00a0Bist du zwischen dem 19. April und dem 20. Mai geboren oder hast den Stier im Aszendent? Das ist dein Armband.\",\"breadcrumb\":{\"@id\":\"https:\\\/\\\/folliamala.ch\\\/product\\\/stier-armband\\\/#breadcrumb\"},\"inLanguage\":\"it-IT\",\"potentialAction\":[{\"@type\":\"ReadAction\",\"target\":[\"https:\\\/\\\/folliamala.ch\\\/product\\\/stier-armband\\\/\"]}]},{\"@type\":\"ImageObject\",\"inLanguage\":\"it-IT\",\"@id\":\"https:\\\/\\\/folliamala.ch\\\/product\\\/stier-armband\\\/#primaryimage\",\"url\":\"https:\\\/\\\/folliamala.ch\\\/wp-content\\\/uploads\\\/2022\\\/09\\\/Stier_Armband_o1.webp\",\"contentUrl\":\"https:\\\/\\\/folliamala.ch\\\/wp-content\\\/uploads\\\/2022\\\/09\\\/Stier_Armband_o1.webp\",\"width\":1000,\"height\":1000,\"caption\":\"Sternzeichen-Armband Stier\"},{\"@type\":\"BreadcrumbList\",\"@id\":\"https:\\\/\\\/folliamala.ch\\\/product\\\/stier-armband\\\/#breadcrumb\",\"itemListElement\":[{\"@type\":\"ListItem\",\"position\":1,\"name\":\"Startseite\",\"item\":\"https:\\\/\\\/folliamala.ch\\\/\"},{\"@type\":\"ListItem\",\"position\":2,\"name\":\"Shop\",\"item\":\"https:\\\/\\\/folliamala.ch\\\/store\\\/\"},{\"@type\":\"ListItem\",\"position\":3,\"name\":\"Stier-Armband\"}]},{\"@type\":\"WebSite\",\"@id\":\"https:\\\/\\\/folliamala.ch\\\/#website\",\"url\":\"https:\\\/\\\/folliamala.ch\\\/\",\"name\":\"Folliamala\",\"description\":\"Mala Ketten &amp; Armb\u00e4nder\",\"publisher\":{\"@id\":\"https:\\\/\\\/folliamala.ch\\\/#organization\"},\"potentialAction\":[{\"@type\":\"SearchAction\",\"target\":{\"@type\":\"EntryPoint\",\"urlTemplate\":\"https:\\\/\\\/folliamala.ch\\\/?s={search_term_string}\"},\"query-input\":{\"@type\":\"PropertyValueSpecification\",\"valueRequired\":true,\"valueName\":\"search_term_string\"}}],\"inLanguage\":\"it-IT\"},{\"@type\":\"Organization\",\"@id\":\"https:\\\/\\\/folliamala.ch\\\/#organization\",\"name\":\"Folliamala\",\"url\":\"https:\\\/\\\/folliamala.ch\\\/\",\"logo\":{\"@type\":\"ImageObject\",\"inLanguage\":\"it-IT\",\"@id\":\"https:\\\/\\\/folliamala.ch\\\/#\\\/schema\\\/logo\\\/image\\\/\",\"url\":\"https:\\\/\\\/folliamala.ch\\\/wp-content\\\/uploads\\\/2021\\\/08\\\/folliamala_logo.png\",\"contentUrl\":\"https:\\\/\\\/folliamala.ch\\\/wp-content\\\/uploads\\\/2021\\\/08\\\/folliamala_logo.png\",\"width\":529,\"height\":109,\"caption\":\"Folliamala\"},\"image\":{\"@id\":\"https:\\\/\\\/folliamala.ch\\\/#\\\/schema\\\/logo\\\/image\\\/\"},\"sameAs\":[\"https:\\\/\\\/www.facebook.com\\\/folliamala\\\/\",\"https:\\\/\\\/www.instagram.com\\\/folliamala\\\/\",\"https:\\\/\\\/www.pinterest.de\\\/folliamala\\\/\"]}]}<\/script>\n<!-- \/ Yoast SEO plugin. -->","yoast_head_json":{"title":"Bracciale Toro - Folliamala","description":"Bracciale Toro per il segno zodiacale Toro. Siete nati tra il 19 aprile e il 20 maggio o avete l'ascendente Toro? Questo \u00e8 il vostro braccialetto.","robots":{"index":"index","follow":"follow","max-snippet":"max-snippet:-1","max-image-preview":"max-image-preview:large","max-video-preview":"max-video-preview:-1"},"canonical":"https:\/\/folliamala.ch\/it\/product\/stier-armband\/","og_locale":"it_IT","og_type":"article","og_title":"Stier-Armband &#8211; Folliamala","og_description":"Stier-Armband f\u00fcr das Sternzeichen Stier.\u00a0Bist du zwischen dem 19. April und dem 20. Mai geboren oder hast den Stier im Aszendent? Das ist dein Armband.","og_url":"https:\/\/folliamala.ch\/it\/product\/stier-armband\/","og_site_name":"Folliamala","article_publisher":"https:\/\/www.facebook.com\/folliamala\/","article_modified_time":"2025-12-22T11:55:25+00:00","og_image":[{"width":1000,"height":1000,"url":"https:\/\/folliamala.ch\/wp-content\/uploads\/2022\/09\/Stier_Armband_o1.webp","type":"image\/webp"}],"twitter_card":"summary_large_image","twitter_misc":{"Tempo di lettura stimato":"1 minuto"},"schema":{"@context":"https:\/\/schema.org","@graph":[{"@type":"WebPage","@id":"https:\/\/folliamala.ch\/product\/stier-armband\/","url":"https:\/\/folliamala.ch\/product\/stier-armband\/","name":"Bracciale Toro - Folliamala","isPartOf":{"@id":"https:\/\/folliamala.ch\/#website"},"primaryImageOfPage":{"@id":"https:\/\/folliamala.ch\/product\/stier-armband\/#primaryimage"},"image":{"@id":"https:\/\/folliamala.ch\/product\/stier-armband\/#primaryimage"},"thumbnailUrl":"https:\/\/folliamala.ch\/wp-content\/uploads\/2022\/09\/Stier_Armband_o1.webp","datePublished":"2022-09-03T21:37:35+00:00","dateModified":"2025-12-22T11:55:25+00:00","description":"Bracciale Toro per il segno zodiacale Toro. Siete nati tra il 19 aprile e il 20 maggio o avete l'ascendente Toro? Questo \u00e8 il vostro braccialetto.","breadcrumb":{"@id":"https:\/\/folliamala.ch\/product\/stier-armband\/#breadcrumb"},"inLanguage":"it-IT","potentialAction":[{"@type":"ReadAction","target":["https:\/\/folliamala.ch\/product\/stier-armband\/"]}]},{"@type":"ImageObject","inLanguage":"it-IT","@id":"https:\/\/folliamala.ch\/product\/stier-armband\/#primaryimage","url":"https:\/\/folliamala.ch\/wp-content\/uploads\/2022\/09\/Stier_Armband_o1.webp","contentUrl":"https:\/\/folliamala.ch\/wp-content\/uploads\/2022\/09\/Stier_Armband_o1.webp","width":1000,"height":1000,"caption":"Sternzeichen-Armband Stier"},{"@type":"BreadcrumbList","@id":"https:\/\/folliamala.ch\/product\/stier-armband\/#breadcrumb","itemListElement":[{"@type":"ListItem","position":1,"name":"Startseite","item":"https:\/\/folliamala.ch\/"},{"@type":"ListItem","position":2,"name":"Shop","item":"https:\/\/folliamala.ch\/store\/"},{"@type":"ListItem","position":3,"name":"Stier-Armband"}]},{"@type":"WebSite","@id":"https:\/\/folliamala.ch\/#website","url":"https:\/\/folliamala.ch\/","name":"Folliamala","description":"Collane e bracciali Mala","publisher":{"@id":"https:\/\/folliamala.ch\/#organization"},"potentialAction":[{"@type":"SearchAction","target":{"@type":"EntryPoint","urlTemplate":"https:\/\/folliamala.ch\/?s={search_term_string}"},"query-input":{"@type":"PropertyValueSpecification","valueRequired":true,"valueName":"search_term_string"}}],"inLanguage":"it-IT"},{"@type":"Organization","@id":"https:\/\/folliamala.ch\/#organization","name":"Folliamala","url":"https:\/\/folliamala.ch\/","logo":{"@type":"ImageObject","inLanguage":"it-IT","@id":"https:\/\/folliamala.ch\/#\/schema\/logo\/image\/","url":"https:\/\/folliamala.ch\/wp-content\/uploads\/2021\/08\/folliamala_logo.png","contentUrl":"https:\/\/folliamala.ch\/wp-content\/uploads\/2021\/08\/folliamala_logo.png","width":529,"height":109,"caption":"Folliamala"},"image":{"@id":"https:\/\/folliamala.ch\/#\/schema\/logo\/image\/"},"sameAs":["https:\/\/www.facebook.com\/folliamala\/","https:\/\/www.instagram.com\/folliamala\/","https:\/\/www.pinterest.de\/folliamala\/"]}]}},"_links":{"self":[{"href":"https:\/\/folliamala.ch\/it\/wp-json\/wp\/v2\/product\/8507","targetHints":{"allow":["GET"]}}],"collection":[{"href":"https:\/\/folliamala.ch\/it\/wp-json\/wp\/v2\/product"}],"about":[{"href":"https:\/\/folliamala.ch\/it\/wp-json\/wp\/v2\/types\/product"}],"version-history":[{"count":6,"href":"https:\/\/folliamala.ch\/it\/wp-json\/wp\/v2\/product\/8507\/revisions"}],"predecessor-version":[{"id":14098,"href":"https:\/\/folliamala.ch\/it\/wp-json\/wp\/v2\/product\/8507\/revisions\/14098"}],"wp:featuredmedia":[{"embeddable":true,"href":"https:\/\/folliamala.ch\/it\/wp-json\/wp\/v2\/media\/14084"}],"wp:attachment":[{"href":"https:\/\/folliamala.ch\/it\/wp-json\/wp\/v2\/media?parent=8507"}],"wp:term":[{"taxonomy":"product_brand","embeddable":true,"href":"https:\/\/folliamala.ch\/it\/wp-json\/wp\/v2\/product_brand?post=8507"},{"taxonomy":"product_cat","embeddable":true,"href":"https:\/\/folliamala.ch\/it\/wp-json\/wp\/v2\/product_cat?post=8507"},{"taxonomy":"product_tag","embeddable":true,"href":"https:\/\/folliamala.ch\/it\/wp-json\/wp\/v2\/product_tag?post=8507"}],"curies":[{"name":"wp","href":"https:\/\/api.w.org\/{rel}","templated":true}]}}